{"id":154335,"date":"2024-12-09T22:45:13","date_gmt":"2024-12-09T21:45:13","guid":{"rendered":"https:\/\/revolutionpadelstore.com\/adidas-adidas-drive-grey-3-4-2025\/"},"modified":"2026-04-08T09:29:12","modified_gmt":"2026-04-08T07:29:12","slug":"adidas-adidas-drive-grey-3-4-2025-3","status":"publish","type":"product","link":"https:\/\/revolutionpadelstore.com\/fr\/produit\/adidas-adidas-drive-grey-3-4-2025-3\/","title":{"rendered":"ADIDAS ADIDAS DRIVE GREY 3.4 2025"},"content":{"rendered":"<h2> <strong> adidas Drive Gray 3.4 2025: La pelle id\u00e9ale pour les d\u00e9butants <\/strong> <\/h2>\n<p>Le <strong> adidas Drive Gray 3.4 2025 <\/strong> est la pelle parfaite pour les joueurs qui commencent dans le monde de la pagaie et recherchent la qualit\u00e9, le contr\u00f4le et le confort. Con\u00e7u pour la collection 2025 et une partie de la prestigieuse gamme Discovery, cette lame combine le design moderne avec des technologies innovantes, offrant une exp\u00e9rience de jeu unique \u00e0 ceux qui souhaitent am\u00e9liorer leur technique \u00e0 partir du premier jour.<\/p>\n<h2> <strong> Caract\u00e9ristiques importantes: <\/strong> <\/h2>\n<p> <strong>-Format et bas \u00e9quilibre: <\/strong> id\u00e9al pour un jeu de contr\u00f4le, avec une excellente gestion.<br \/>\n<P> <strong> -ligereza et confort: <\/strong> avec un poids de 360-375 grammes, il est facile \u00e0 manipuler et parfait pour des s\u00e9ances prolong\u00e9es.<\/p>\n<p> <strong> -fiberge plans: <\/strong> offrent une flexibilit\u00e9 pour des coups plus doux et plus dynamiques.<br \/>\n<P style=\"padding-left: 40px\"> <strong> -eva soft performance caoutch<\/p>\n<p> <strong> -Refactural REFACT REFFAIR: <\/strong> augmente la puissance et la r\u00e9sistance de la pelle, r\u00e9duisant les torsions pendant le jeu.<br \/>\n<P> <strong> -technology trous intelligents lin\u00e9aire: <\/strong> am\u00e9liore la durabilit\u00e9 avec une distribution \u00e9quidistante des trous.<\/p>\n<h2> <strong> conception \u00e9l\u00e9gante et fonctionnelle <\/strong> <\/h2>\n<p>La combinaison de gris avec des d\u00e9tails rouge donne \u00e0 Adidas Drive Gray 3.4 2025 un style professionnel et sophistiqu\u00e9. Sa conception minimaliste met en \u00e9vidence le logo adidas dans les bandes rouges verticales, ce qui fait que cette pelle se d\u00e9marque sur la piste pour son attrait visuel.<\/p>\n<h2> <strong> Avantages pour le joueur: <\/strong> <\/h2>\n<p><P> <strong> -perfect pour les d\u00e9butants: <\/strong> aide \u00e0 acqu\u00e9rir la confiance dans chaque coup gr\u00e2ce \u00e0 son \u00e9quilibre et \u00e0 son contr\u00f4le exceptionnels.<br \/>\n<P> <strong> -Durabilit\u00e9 et r\u00e9sistance: <\/strong> Mat\u00e9riaux de haute qualit\u00e9 qui garantissent des performances constantes pour une p\u00e9riode plus longue.<br \/>\n<P> <strong> -COMSTABLE ET CONTR\u00d4LEUX JEU: <\/strong> con\u00e7u pour minimiser les vibrations et faciliter les techniques cl\u00e9s d&#8217;apprentissage telles que le plateau et le globe.<br \/>\nFaites votre initiation dans la pagaie pour une exp\u00e9rience imbattable avec les <strong> adidas Drive Gray 3.4 2025 <\/strong>, une pelle qui combine le style, la fonctionnalit\u00e9 et la technologie avanc\u00e9e pour mettre en \u00e9vidence de votre premier jeu.<\/p>\n<p>Disponible maintenant dans notre boutique en ligne <a href=\"https:\/\/www.revolutionpadelstore.com\/\"> <strong> Revolution Padel Store <\/strong> <\/a>, probablement au meilleur prix du march\u00e9.<\/p>\n<h2><strong>Adidas Drive Grey 3.4 2025: La pala ideal para principiantes<\/strong><\/p>\n","protected":false},"excerpt":{"rendered":"<p>Adidas Drive Gray 3.4 2025 est parfait pour les joueurs d\u00e9butants \u00e0 la recherche d&#8217;un contr\u00f4le exceptionnel. Son design r\u00e9sistant et durable int\u00e8gre des technologies qui garantissent un jeu d&#8217;initiation de haute qualit\u00e9.<\/p>\n","protected":false},"featured_media":154294,"comment_status":"open","ping_status":"closed","template":"","meta":{"_acf_changed":false,"_joinchat":[]},"acabado":[1087],"balance":[1147],"dureza":[1152],"forma":[1182],"jugador":[1192,1202],"marca":[1232],"nivel-de-juego":[1352],"superficie":[1357],"tipo-de-juego":[1372],"product_brand":[],"product_cat":[302],"product_tag":[],"class_list":{"0":"post-154335","1":"product","2":"type-product","3":"status-publish","4":"has-post-thumbnail","6":"acabado-mon-pote","7":"balance-faible","8":"dureza-blanda-fr","9":"forma-rond","10":"jugador-homme","11":"jugador-polivalente-fr","12":"marca-adidas-fr","13":"superficie-lise","14":"tipo-de-juego-control-fr","15":"product_cat-palas-de-padel-fr","17":"first","18":"instock","19":"sale","20":"taxable","21":"shipping-taxable","22":"purchasable","23":"product-type-simple"},"acf":[],"yoast_head":"<!-- This site is optimized with the Yoast SEO plugin v27.4 - https:\/\/yoast.com\/product\/yoast-seo-wordpress\/ -->\n<title>ADIDAS ADIDAS DRIVE GREY 3.4 2025 - Revolution Padel Store<\/title>\n<meta name=\"description\" content=\"Descubre la Adidas Drive Grey 3.4 2025, la pala de p\u00e1del ideal para principiantes. Ligera, c\u00f3moda y con tecnolog\u00edas avanzadas para un juego de control. \u00a1Compra ahora al mejor precio en Revolution Padel Store!\" \/>\n<meta name=\"robots\" content=\"index, follow, max-snippet:-1, max-image-preview:large, max-video-preview:-1\" \/>\n<link rel=\"canonical\" href=\"https:\/\/revolutionpadelstore.com\/fr\/produit\/adidas-adidas-drive-grey-3-4-2025-3\/\" \/>\n<meta property=\"og:locale\" content=\"fr_FR\" \/>\n<meta property=\"og:type\" content=\"article\" \/>\n<meta property=\"og:title\" content=\"ADIDAS ADIDAS DRIVE GREY 3.4 2025 - Revolution Padel Store\" \/>\n<meta property=\"og:description\" content=\"Descubre la Adidas Drive Grey 3.4 2025, la pala de p\u00e1del ideal para principiantes. Ligera, c\u00f3moda y con tecnolog\u00edas avanzadas para un juego de control. \u00a1Compra ahora al mejor precio en Revolution Padel Store!\" \/>\n<meta property=\"og:url\" content=\"https:\/\/revolutionpadelstore.com\/fr\/produit\/adidas-adidas-drive-grey-3-4-2025-3\/\" \/>\n<meta property=\"og:site_name\" content=\"Revolution Padel Store\" \/>\n<meta property=\"article:modified_time\" content=\"2026-04-08T07:29:12+00:00\" \/>\n<meta property=\"og:image\" content=\"https:\/\/revolutionpadelstore.com\/wp-content\/uploads\/2024\/12\/113668-pala-adidas-adidas-drive-grey-3-4-ar5ca1u181500x1500-1.webp\" \/>\n\t<meta property=\"og:image:width\" content=\"1500\" \/>\n\t<meta property=\"og:image:height\" content=\"1500\" \/>\n\t<meta property=\"og:image:type\" content=\"image\/webp\" \/>\n<meta name=\"twitter:card\" content=\"summary_large_image\" \/>\n<meta name=\"twitter:label1\" content=\"Dur\u00e9e de lecture estim\u00e9e\" \/>\n\t<meta name=\"twitter:data1\" content=\"2 minutes\" \/>\n<script type=\"application\/ld+json\" class=\"yoast-schema-graph\">{\"@context\":\"https:\\\/\\\/schema.org\",\"@graph\":[{\"@type\":\"WebPage\",\"@id\":\"https:\\\/\\\/revolutionpadelstore.com\\\/fr\\\/produit\\\/adidas-adidas-drive-grey-3-4-2025-3\\\/\",\"url\":\"https:\\\/\\\/revolutionpadelstore.com\\\/fr\\\/produit\\\/adidas-adidas-drive-grey-3-4-2025-3\\\/\",\"name\":\"ADIDAS ADIDAS DRIVE GREY 3.4 2025 - Revolution Padel Store\",\"isPartOf\":{\"@id\":\"https:\\\/\\\/revolutionpadelstore.com\\\/fr\\\/#website\"},\"primaryImageOfPage\":{\"@id\":\"https:\\\/\\\/revolutionpadelstore.com\\\/fr\\\/produit\\\/adidas-adidas-drive-grey-3-4-2025-3\\\/#primaryimage\"},\"image\":{\"@id\":\"https:\\\/\\\/revolutionpadelstore.com\\\/fr\\\/produit\\\/adidas-adidas-drive-grey-3-4-2025-3\\\/#primaryimage\"},\"thumbnailUrl\":\"https:\\\/\\\/revolutionpadelstore.com\\\/wp-content\\\/uploads\\\/2024\\\/12\\\/113668-pala-adidas-adidas-drive-grey-3-4-ar5ca1u181500x1500-1.webp\",\"datePublished\":\"2024-12-09T21:45:13+00:00\",\"dateModified\":\"2026-04-08T07:29:12+00:00\",\"description\":\"Descubre la Adidas Drive Grey 3.4 2025, la pala de p\u00e1del ideal para principiantes. Ligera, c\u00f3moda y con tecnolog\u00edas avanzadas para un juego de control. \u00a1Compra ahora al mejor precio en Revolution Padel Store!\",\"breadcrumb\":{\"@id\":\"https:\\\/\\\/revolutionpadelstore.com\\\/fr\\\/produit\\\/adidas-adidas-drive-grey-3-4-2025-3\\\/#breadcrumb\"},\"inLanguage\":\"fr-FR\",\"potentialAction\":[{\"@type\":\"ReadAction\",\"target\":[\"https:\\\/\\\/revolutionpadelstore.com\\\/fr\\\/produit\\\/adidas-adidas-drive-grey-3-4-2025-3\\\/\"]}]},{\"@type\":\"ImageObject\",\"inLanguage\":\"fr-FR\",\"@id\":\"https:\\\/\\\/revolutionpadelstore.com\\\/fr\\\/produit\\\/adidas-adidas-drive-grey-3-4-2025-3\\\/#primaryimage\",\"url\":\"https:\\\/\\\/revolutionpadelstore.com\\\/wp-content\\\/uploads\\\/2024\\\/12\\\/113668-pala-adidas-adidas-drive-grey-3-4-ar5ca1u181500x1500-1.webp\",\"contentUrl\":\"https:\\\/\\\/revolutionpadelstore.com\\\/wp-content\\\/uploads\\\/2024\\\/12\\\/113668-pala-adidas-adidas-drive-grey-3-4-ar5ca1u181500x1500-1.webp\",\"width\":1500,\"height\":1500},{\"@type\":\"BreadcrumbList\",\"@id\":\"https:\\\/\\\/revolutionpadelstore.com\\\/fr\\\/produit\\\/adidas-adidas-drive-grey-3-4-2025-3\\\/#breadcrumb\",\"itemListElement\":[{\"@type\":\"ListItem\",\"position\":1,\"name\":\"Portada\",\"item\":\"https:\\\/\\\/revolutionpadelstore.com\\\/fr\\\/\"},{\"@type\":\"ListItem\",\"position\":2,\"name\":\"Boutique\",\"item\":\"https:\\\/\\\/revolutionpadelstore.com\\\/fr\\\/tienda\\\/\"},{\"@type\":\"ListItem\",\"position\":3,\"name\":\"ADIDAS ADIDAS DRIVE GREY 3.4 2025\"}]},{\"@type\":\"WebSite\",\"@id\":\"https:\\\/\\\/revolutionpadelstore.com\\\/fr\\\/#website\",\"url\":\"https:\\\/\\\/revolutionpadelstore.com\\\/fr\\\/\",\"name\":\"Revolution Padel Store\",\"description\":\"\",\"publisher\":{\"@id\":\"https:\\\/\\\/revolutionpadelstore.com\\\/fr\\\/#organization\"},\"potentialAction\":[{\"@type\":\"SearchAction\",\"target\":{\"@type\":\"EntryPoint\",\"urlTemplate\":\"https:\\\/\\\/revolutionpadelstore.com\\\/fr\\\/?s={search_term_string}\"},\"query-input\":{\"@type\":\"PropertyValueSpecification\",\"valueRequired\":true,\"valueName\":\"search_term_string\"}}],\"inLanguage\":\"fr-FR\"},{\"@type\":\"Organization\",\"@id\":\"https:\\\/\\\/revolutionpadelstore.com\\\/fr\\\/#organization\",\"name\":\"Revolution Padel Store\",\"url\":\"https:\\\/\\\/revolutionpadelstore.com\\\/fr\\\/\",\"logo\":{\"@type\":\"ImageObject\",\"inLanguage\":\"fr-FR\",\"@id\":\"https:\\\/\\\/revolutionpadelstore.com\\\/fr\\\/#\\\/schema\\\/logo\\\/image\\\/\",\"url\":\"https:\\\/\\\/revolutionpadelstore.com\\\/wp-content\\\/uploads\\\/2026\\\/02\\\/revolution-padel-store.jpg\",\"contentUrl\":\"https:\\\/\\\/revolutionpadelstore.com\\\/wp-content\\\/uploads\\\/2026\\\/02\\\/revolution-padel-store.jpg\",\"width\":2000,\"height\":2000,\"caption\":\"Revolution Padel Store\"},\"image\":{\"@id\":\"https:\\\/\\\/revolutionpadelstore.com\\\/fr\\\/#\\\/schema\\\/logo\\\/image\\\/\"},\"sameAs\":[\"https:\\\/\\\/www.instagram.com\\\/revolutionpadelstore\\\/\"]}]}<\/script>\n<!-- \/ Yoast SEO plugin. -->","yoast_head_json":{"title":"ADIDAS ADIDAS DRIVE GREY 3.4 2025 - Revolution Padel Store","description":"Descubre la Adidas Drive Grey 3.4 2025, la pala de p\u00e1del ideal para principiantes. Ligera, c\u00f3moda y con tecnolog\u00edas avanzadas para un juego de control. \u00a1Compra ahora al mejor precio en Revolution Padel Store!","robots":{"index":"index","follow":"follow","max-snippet":"max-snippet:-1","max-image-preview":"max-image-preview:large","max-video-preview":"max-video-preview:-1"},"canonical":"https:\/\/revolutionpadelstore.com\/fr\/produit\/adidas-adidas-drive-grey-3-4-2025-3\/","og_locale":"fr_FR","og_type":"article","og_title":"ADIDAS ADIDAS DRIVE GREY 3.4 2025 - Revolution Padel Store","og_description":"Descubre la Adidas Drive Grey 3.4 2025, la pala de p\u00e1del ideal para principiantes. Ligera, c\u00f3moda y con tecnolog\u00edas avanzadas para un juego de control. \u00a1Compra ahora al mejor precio en Revolution Padel Store!","og_url":"https:\/\/revolutionpadelstore.com\/fr\/produit\/adidas-adidas-drive-grey-3-4-2025-3\/","og_site_name":"Revolution Padel Store","article_modified_time":"2026-04-08T07:29:12+00:00","og_image":[{"width":1500,"height":1500,"url":"https:\/\/revolutionpadelstore.com\/wp-content\/uploads\/2024\/12\/113668-pala-adidas-adidas-drive-grey-3-4-ar5ca1u181500x1500-1.webp","type":"image\/webp"}],"twitter_card":"summary_large_image","twitter_misc":{"Dur\u00e9e de lecture estim\u00e9e":"2 minutes"},"schema":{"@context":"https:\/\/schema.org","@graph":[{"@type":"WebPage","@id":"https:\/\/revolutionpadelstore.com\/fr\/produit\/adidas-adidas-drive-grey-3-4-2025-3\/","url":"https:\/\/revolutionpadelstore.com\/fr\/produit\/adidas-adidas-drive-grey-3-4-2025-3\/","name":"ADIDAS ADIDAS DRIVE GREY 3.4 2025 - Revolution Padel Store","isPartOf":{"@id":"https:\/\/revolutionpadelstore.com\/fr\/#website"},"primaryImageOfPage":{"@id":"https:\/\/revolutionpadelstore.com\/fr\/produit\/adidas-adidas-drive-grey-3-4-2025-3\/#primaryimage"},"image":{"@id":"https:\/\/revolutionpadelstore.com\/fr\/produit\/adidas-adidas-drive-grey-3-4-2025-3\/#primaryimage"},"thumbnailUrl":"https:\/\/revolutionpadelstore.com\/wp-content\/uploads\/2024\/12\/113668-pala-adidas-adidas-drive-grey-3-4-ar5ca1u181500x1500-1.webp","datePublished":"2024-12-09T21:45:13+00:00","dateModified":"2026-04-08T07:29:12+00:00","description":"Descubre la Adidas Drive Grey 3.4 2025, la pala de p\u00e1del ideal para principiantes. Ligera, c\u00f3moda y con tecnolog\u00edas avanzadas para un juego de control. \u00a1Compra ahora al mejor precio en Revolution Padel Store!","breadcrumb":{"@id":"https:\/\/revolutionpadelstore.com\/fr\/produit\/adidas-adidas-drive-grey-3-4-2025-3\/#breadcrumb"},"inLanguage":"fr-FR","potentialAction":[{"@type":"ReadAction","target":["https:\/\/revolutionpadelstore.com\/fr\/produit\/adidas-adidas-drive-grey-3-4-2025-3\/"]}]},{"@type":"ImageObject","inLanguage":"fr-FR","@id":"https:\/\/revolutionpadelstore.com\/fr\/produit\/adidas-adidas-drive-grey-3-4-2025-3\/#primaryimage","url":"https:\/\/revolutionpadelstore.com\/wp-content\/uploads\/2024\/12\/113668-pala-adidas-adidas-drive-grey-3-4-ar5ca1u181500x1500-1.webp","contentUrl":"https:\/\/revolutionpadelstore.com\/wp-content\/uploads\/2024\/12\/113668-pala-adidas-adidas-drive-grey-3-4-ar5ca1u181500x1500-1.webp","width":1500,"height":1500},{"@type":"BreadcrumbList","@id":"https:\/\/revolutionpadelstore.com\/fr\/produit\/adidas-adidas-drive-grey-3-4-2025-3\/#breadcrumb","itemListElement":[{"@type":"ListItem","position":1,"name":"Portada","item":"https:\/\/revolutionpadelstore.com\/fr\/"},{"@type":"ListItem","position":2,"name":"Boutique","item":"https:\/\/revolutionpadelstore.com\/fr\/tienda\/"},{"@type":"ListItem","position":3,"name":"ADIDAS ADIDAS DRIVE GREY 3.4 2025"}]},{"@type":"WebSite","@id":"https:\/\/revolutionpadelstore.com\/fr\/#website","url":"https:\/\/revolutionpadelstore.com\/fr\/","name":"Revolution Padel Store","description":"","publisher":{"@id":"https:\/\/revolutionpadelstore.com\/fr\/#organization"},"potentialAction":[{"@type":"SearchAction","target":{"@type":"EntryPoint","urlTemplate":"https:\/\/revolutionpadelstore.com\/fr\/?s={search_term_string}"},"query-input":{"@type":"PropertyValueSpecification","valueRequired":true,"valueName":"search_term_string"}}],"inLanguage":"fr-FR"},{"@type":"Organization","@id":"https:\/\/revolutionpadelstore.com\/fr\/#organization","name":"Revolution Padel Store","url":"https:\/\/revolutionpadelstore.com\/fr\/","logo":{"@type":"ImageObject","inLanguage":"fr-FR","@id":"https:\/\/revolutionpadelstore.com\/fr\/#\/schema\/logo\/image\/","url":"https:\/\/revolutionpadelstore.com\/wp-content\/uploads\/2026\/02\/revolution-padel-store.jpg","contentUrl":"https:\/\/revolutionpadelstore.com\/wp-content\/uploads\/2026\/02\/revolution-padel-store.jpg","width":2000,"height":2000,"caption":"Revolution Padel Store"},"image":{"@id":"https:\/\/revolutionpadelstore.com\/fr\/#\/schema\/logo\/image\/"},"sameAs":["https:\/\/www.instagram.com\/revolutionpadelstore\/"]}]}},"_links":{"self":[{"href":"https:\/\/revolutionpadelstore.com\/fr\/wp-json\/wp\/v2\/product\/154335","targetHints":{"allow":["GET"]}}],"collection":[{"href":"https:\/\/revolutionpadelstore.com\/fr\/wp-json\/wp\/v2\/product"}],"about":[{"href":"https:\/\/revolutionpadelstore.com\/fr\/wp-json\/wp\/v2\/types\/product"}],"replies":[{"embeddable":true,"href":"https:\/\/revolutionpadelstore.com\/fr\/wp-json\/wp\/v2\/comments?post=154335"}],"wp:featuredmedia":[{"embeddable":true,"href":"https:\/\/revolutionpadelstore.com\/fr\/wp-json\/wp\/v2\/media\/154294"}],"wp:attachment":[{"href":"https:\/\/revolutionpadelstore.com\/fr\/wp-json\/wp\/v2\/media?parent=154335"}],"wp:term":[{"taxonomy":"acabado","embeddable":true,"href":"https:\/\/revolutionpadelstore.com\/fr\/wp-json\/wp\/v2\/acabado?post=154335"},{"taxonomy":"balance","embeddable":true,"href":"https:\/\/revolutionpadelstore.com\/fr\/wp-json\/wp\/v2\/balance?post=154335"},{"taxonomy":"dureza","embeddable":true,"href":"https:\/\/revolutionpadelstore.com\/fr\/wp-json\/wp\/v2\/dureza?post=154335"},{"taxonomy":"forma","embeddable":true,"href":"https:\/\/revolutionpadelstore.com\/fr\/wp-json\/wp\/v2\/forma?post=154335"},{"taxonomy":"jugador","embeddable":true,"href":"https:\/\/revolutionpadelstore.com\/fr\/wp-json\/wp\/v2\/jugador?post=154335"},{"taxonomy":"marca","embeddable":true,"href":"https:\/\/revolutionpadelstore.com\/fr\/wp-json\/wp\/v2\/marca?post=154335"},{"taxonomy":"nivel-de-juego","embeddable":true,"href":"https:\/\/revolutionpadelstore.com\/fr\/wp-json\/wp\/v2\/nivel-de-juego?post=154335"},{"taxonomy":"superficie","embeddable":true,"href":"https:\/\/revolutionpadelstore.com\/fr\/wp-json\/wp\/v2\/superficie?post=154335"},{"taxonomy":"tipo-de-juego","embeddable":true,"href":"https:\/\/revolutionpadelstore.com\/fr\/wp-json\/wp\/v2\/tipo-de-juego?post=154335"},{"taxonomy":"product_brand","embeddable":true,"href":"https:\/\/revolutionpadelstore.com\/fr\/wp-json\/wp\/v2\/product_brand?post=154335"},{"taxonomy":"product_cat","embeddable":true,"href":"https:\/\/revolutionpadelstore.com\/fr\/wp-json\/wp\/v2\/product_cat?post=154335"},{"taxonomy":"product_tag","embeddable":true,"href":"https:\/\/revolutionpadelstore.com\/fr\/wp-json\/wp\/v2\/product_tag?post=154335"}],"curies":[{"name":"wp","href":"https:\/\/api.w.org\/{rel}","templated":true}]}}