{"id":154103,"date":"2024-12-08T18:39:45","date_gmt":"2024-12-08T17:39:45","guid":{"rendered":"https:\/\/revolutionpadelstore.com\/adidas-rx-series-lime-3-4-2025\/"},"modified":"2026-04-08T09:31:10","modified_gmt":"2026-04-08T07:31:10","slug":"adidas-rx-series-lime-3-4-2025-3","status":"publish","type":"product","link":"https:\/\/revolutionpadelstore.com\/fr\/produit\/adidas-rx-series-lime-3-4-2025-3\/","title":{"rendered":"ADIDAS RX SERIES LIME 3.4 2025"},"content":{"rendered":"<h2> S\u00e9rie adidas RX Lime 3.4: Contr\u00f4le et pr\u00e9cision dans le PDEL <\/H2><br \/>\nLa s\u00e9rie <strong> adidas RX Series Lime 3.4 <\/strong> de la collection 2025 est la pelle id\u00e9ale pour ceux qui cherchent \u00e0 combiner le contr\u00f4le et le confort dans leurs jeux. Avec sa conception de forme ronde, de basse \u00e9quilibre et de point sucr\u00e9 central, cette pelle garantit la stabilit\u00e9 et la fermet\u00e9, caract\u00e9ristiques cl\u00e9s pour dominer la ligne de fond avec pr\u00e9cision. De plus, sa structure avanc\u00e9e offre un \u00e9quilibre parfait entre pr\u00e9cision, confort et puissance, ce qui en fait un choix exceptionnel pour les joueurs interm\u00e9diaires qui souhaitent am\u00e9liorer leurs performances.<\/p>\n<h2> Caract\u00e9ristiques exceptionnelles <\/h2>\n<p><P> <strong> -nuco eva Performance soft <\/strong>: fournit une touche douce, une excellente sortie de balle et un confort maximal.<br \/>\n<P style=\"padding-left: 40px\"> <strong> -material de qualit\u00e9 sup\u00e9rieure <\/strong>: faces et cadre fabriqu\u00e9s en fibre de verre, qui assure une sensation douce et un coup plus contr\u00f4l\u00e9.<br \/>\n<P> <strong> -smart trous lin\u00e9aire <\/strong>: optimisation dans la distribution des trous pour am\u00e9liorer la surface d&#8217;impact et am\u00e9liorer vos coups.<br \/>\n<P style=\"padding-left: 40px\"> <strong> -inde<\/p>\n<p> <strong>-Power structural <\/strong>: renforts de carbone dans le c\u0153ur qui am\u00e9liorent la rigidit\u00e9 structurelle et ajoutent de la puissance suppl\u00e9mentaire \u00e0 vos ench\u00e8res.<\/p>\n<p> <strong>-Renforcement structurel <\/strong>: renforts du p\u00e9rim\u00e8tre qui augmentent la r\u00e9sistance contre l&#8217;usure et la torsion, prolongeant la dur\u00e9e de vie utile de la pelle.<\/p>\n<h2> Avantages de la s\u00e9rie RX Lime 3.4 <\/h2>\n<p style=\"padding-left: 40px\"> &#8211; con\u00e7u sp\u00e9cifiquement pour les joueurs interm\u00e9diaires qui cherchent \u00e0 am\u00e9liorer leur technique sans sacrifier le confort ou le contr\u00f4le.<br \/>\n<P style=\"padding-left: 40px\"> &#8211; id\u00e9al pour les styles de jeu ax\u00e9s sur le contr\u00f4le, avec des mouvements de d\u00e9fenses agiles et pr\u00e9cises.<\/p>\n<p> &#8211; Mat\u00e9riaux et technologies avanc\u00e9es qui garantissent des performances de haut niveau dans toute situation de jeu.<\/p>\n<h2> Pourquoi choisir la s\u00e9rie RX LIMW 3.4?<br \/>\nLa s\u00e9rie <strong> adidas RX Series Lime 3.4 <\/strong> deviendra votre meilleur alli\u00e9 pour ma\u00eetriser la piste gr\u00e2ce \u00e0 sa conception innovante et \u00e0 ses technologies d&#8217;avant-garde. Parfait pour les joueurs de niveau interm\u00e9diaire qui cherchent \u00e0 d\u00e9passer leurs limites, cette pelle combine la manipulation, la durabilit\u00e9 et la pr\u00e9cision dans un seul produit. Ne manquez pas l&#8217;occasion de d\u00e9couvrir tout votre potentiel dans la pagaie avec cette pelle exclusive.<\/p>\n<p><strong> maintenant disponible dans notre boutique en ligne <a href=\"http:\/\/www.revolutionpadelstore.com\" rel=\"noopener\"> www.revolutionpadelstore.com <\/a>, probablement au meilleur prix du march\u00e9.<\/p>\n<h3> <\/h3>\n<h2>Adidas RX Series Lime 3.4: Control y Precisi\u00f3n en el P\u00e1del<\/h2>\n","protected":false},"excerpt":{"rendered":"<p>Adidas RX Series Lime 3.4 2025, con\u00e7ue pour un contr\u00f4le optimal. Il a une forme ronde et un faible \u00e9quilibre, ce qui le rend id\u00e9al pour les joueurs qui priorisent la pr\u00e9cision. Son noyau EVA Soft Performance et les avions en fibre de verre garantissent une manipulation confortable et une excellente r\u00e9ponse dans le jeu.<\/p>\n","protected":false},"featured_media":154062,"comment_status":"open","ping_status":"closed","template":"","meta":{"_acf_changed":false,"_joinchat":[]},"acabado":[1087],"balance":[1147],"dureza":[1152],"forma":[1182],"jugador":[1192,1202],"marca":[1232],"nivel-de-juego":[1352],"superficie":[1357],"tipo-de-juego":[1372],"product_brand":[],"product_cat":[302],"product_tag":[],"class_list":{"0":"post-154103","1":"product","2":"type-product","3":"status-publish","4":"has-post-thumbnail","6":"acabado-mon-pote","7":"balance-faible","8":"dureza-blanda-fr","9":"forma-rond","10":"jugador-homme","11":"jugador-polivalente-fr","12":"marca-adidas-fr","13":"superficie-lise","14":"tipo-de-juego-control-fr","15":"product_cat-palas-de-padel-fr","17":"first","18":"instock","19":"sale","20":"taxable","21":"shipping-taxable","22":"purchasable","23":"product-type-simple"},"acf":[],"yoast_head":"<!-- This site is optimized with the Yoast SEO plugin v27.4 - https:\/\/yoast.com\/product\/yoast-seo-wordpress\/ -->\n<title>ADIDAS RX SERIES LIME 3.4 2025 - Revolution Padel Store<\/title>\n<meta name=\"description\" content=\"Descubre la Adidas RX Series Lime 3.4, una pala de p\u00e1del de alto rendimiento para jugadores intermedios. Control, precisi\u00f3n y comodidad con tecnolog\u00edas avanzadas. \u00a1C\u00f3mprala en Revolution Padel Store al mejor precio!\" \/>\n<meta name=\"robots\" content=\"index, follow, max-snippet:-1, max-image-preview:large, max-video-preview:-1\" \/>\n<link rel=\"canonical\" href=\"https:\/\/revolutionpadelstore.com\/fr\/produit\/adidas-rx-series-lime-3-4-2025-3\/\" \/>\n<meta property=\"og:locale\" content=\"fr_FR\" \/>\n<meta property=\"og:type\" content=\"article\" \/>\n<meta property=\"og:title\" content=\"ADIDAS RX SERIES LIME 3.4 2025 - Revolution Padel Store\" \/>\n<meta property=\"og:description\" content=\"Descubre la Adidas RX Series Lime 3.4, una pala de p\u00e1del de alto rendimiento para jugadores intermedios. Control, precisi\u00f3n y comodidad con tecnolog\u00edas avanzadas. \u00a1C\u00f3mprala en Revolution Padel Store al mejor precio!\" \/>\n<meta property=\"og:url\" content=\"https:\/\/revolutionpadelstore.com\/fr\/produit\/adidas-rx-series-lime-3-4-2025-3\/\" \/>\n<meta property=\"og:site_name\" content=\"Revolution Padel Store\" \/>\n<meta property=\"article:modified_time\" content=\"2026-04-08T07:31:10+00:00\" \/>\n<meta property=\"og:image\" content=\"https:\/\/revolutionpadelstore.com\/wp-content\/uploads\/2024\/12\/113692-pala-adidas-rx-series-lime-3-4-ar3ca0u291500x1500-1.webp\" \/>\n\t<meta property=\"og:image:width\" content=\"1500\" \/>\n\t<meta property=\"og:image:height\" content=\"1500\" \/>\n\t<meta property=\"og:image:type\" content=\"image\/webp\" \/>\n<meta name=\"twitter:card\" content=\"summary_large_image\" \/>\n<meta name=\"twitter:label1\" content=\"Dur\u00e9e de lecture estim\u00e9e\" \/>\n\t<meta name=\"twitter:data1\" content=\"2 minutes\" \/>\n<script type=\"application\/ld+json\" class=\"yoast-schema-graph\">{\"@context\":\"https:\\\/\\\/schema.org\",\"@graph\":[{\"@type\":\"WebPage\",\"@id\":\"https:\\\/\\\/revolutionpadelstore.com\\\/fr\\\/produit\\\/adidas-rx-series-lime-3-4-2025-3\\\/\",\"url\":\"https:\\\/\\\/revolutionpadelstore.com\\\/fr\\\/produit\\\/adidas-rx-series-lime-3-4-2025-3\\\/\",\"name\":\"ADIDAS RX SERIES LIME 3.4 2025 - Revolution Padel Store\",\"isPartOf\":{\"@id\":\"https:\\\/\\\/revolutionpadelstore.com\\\/fr\\\/#website\"},\"primaryImageOfPage\":{\"@id\":\"https:\\\/\\\/revolutionpadelstore.com\\\/fr\\\/produit\\\/adidas-rx-series-lime-3-4-2025-3\\\/#primaryimage\"},\"image\":{\"@id\":\"https:\\\/\\\/revolutionpadelstore.com\\\/fr\\\/produit\\\/adidas-rx-series-lime-3-4-2025-3\\\/#primaryimage\"},\"thumbnailUrl\":\"https:\\\/\\\/revolutionpadelstore.com\\\/wp-content\\\/uploads\\\/2024\\\/12\\\/113692-pala-adidas-rx-series-lime-3-4-ar3ca0u291500x1500-1.webp\",\"datePublished\":\"2024-12-08T17:39:45+00:00\",\"dateModified\":\"2026-04-08T07:31:10+00:00\",\"description\":\"Descubre la Adidas RX Series Lime 3.4, una pala de p\u00e1del de alto rendimiento para jugadores intermedios. Control, precisi\u00f3n y comodidad con tecnolog\u00edas avanzadas. \u00a1C\u00f3mprala en Revolution Padel Store al mejor precio!\",\"breadcrumb\":{\"@id\":\"https:\\\/\\\/revolutionpadelstore.com\\\/fr\\\/produit\\\/adidas-rx-series-lime-3-4-2025-3\\\/#breadcrumb\"},\"inLanguage\":\"fr-FR\",\"potentialAction\":[{\"@type\":\"ReadAction\",\"target\":[\"https:\\\/\\\/revolutionpadelstore.com\\\/fr\\\/produit\\\/adidas-rx-series-lime-3-4-2025-3\\\/\"]}]},{\"@type\":\"ImageObject\",\"inLanguage\":\"fr-FR\",\"@id\":\"https:\\\/\\\/revolutionpadelstore.com\\\/fr\\\/produit\\\/adidas-rx-series-lime-3-4-2025-3\\\/#primaryimage\",\"url\":\"https:\\\/\\\/revolutionpadelstore.com\\\/wp-content\\\/uploads\\\/2024\\\/12\\\/113692-pala-adidas-rx-series-lime-3-4-ar3ca0u291500x1500-1.webp\",\"contentUrl\":\"https:\\\/\\\/revolutionpadelstore.com\\\/wp-content\\\/uploads\\\/2024\\\/12\\\/113692-pala-adidas-rx-series-lime-3-4-ar3ca0u291500x1500-1.webp\",\"width\":1500,\"height\":1500},{\"@type\":\"BreadcrumbList\",\"@id\":\"https:\\\/\\\/revolutionpadelstore.com\\\/fr\\\/produit\\\/adidas-rx-series-lime-3-4-2025-3\\\/#breadcrumb\",\"itemListElement\":[{\"@type\":\"ListItem\",\"position\":1,\"name\":\"Portada\",\"item\":\"https:\\\/\\\/revolutionpadelstore.com\\\/fr\\\/\"},{\"@type\":\"ListItem\",\"position\":2,\"name\":\"Boutique\",\"item\":\"https:\\\/\\\/revolutionpadelstore.com\\\/fr\\\/tienda\\\/\"},{\"@type\":\"ListItem\",\"position\":3,\"name\":\"ADIDAS RX SERIES LIME 3.4 2025\"}]},{\"@type\":\"WebSite\",\"@id\":\"https:\\\/\\\/revolutionpadelstore.com\\\/fr\\\/#website\",\"url\":\"https:\\\/\\\/revolutionpadelstore.com\\\/fr\\\/\",\"name\":\"Revolution Padel Store\",\"description\":\"\",\"publisher\":{\"@id\":\"https:\\\/\\\/revolutionpadelstore.com\\\/fr\\\/#organization\"},\"potentialAction\":[{\"@type\":\"SearchAction\",\"target\":{\"@type\":\"EntryPoint\",\"urlTemplate\":\"https:\\\/\\\/revolutionpadelstore.com\\\/fr\\\/?s={search_term_string}\"},\"query-input\":{\"@type\":\"PropertyValueSpecification\",\"valueRequired\":true,\"valueName\":\"search_term_string\"}}],\"inLanguage\":\"fr-FR\"},{\"@type\":\"Organization\",\"@id\":\"https:\\\/\\\/revolutionpadelstore.com\\\/fr\\\/#organization\",\"name\":\"Revolution Padel Store\",\"url\":\"https:\\\/\\\/revolutionpadelstore.com\\\/fr\\\/\",\"logo\":{\"@type\":\"ImageObject\",\"inLanguage\":\"fr-FR\",\"@id\":\"https:\\\/\\\/revolutionpadelstore.com\\\/fr\\\/#\\\/schema\\\/logo\\\/image\\\/\",\"url\":\"https:\\\/\\\/revolutionpadelstore.com\\\/wp-content\\\/uploads\\\/2026\\\/02\\\/revolution-padel-store.jpg\",\"contentUrl\":\"https:\\\/\\\/revolutionpadelstore.com\\\/wp-content\\\/uploads\\\/2026\\\/02\\\/revolution-padel-store.jpg\",\"width\":2000,\"height\":2000,\"caption\":\"Revolution Padel Store\"},\"image\":{\"@id\":\"https:\\\/\\\/revolutionpadelstore.com\\\/fr\\\/#\\\/schema\\\/logo\\\/image\\\/\"},\"sameAs\":[\"https:\\\/\\\/www.instagram.com\\\/revolutionpadelstore\\\/\"]}]}<\/script>\n<!-- \/ Yoast SEO plugin. -->","yoast_head_json":{"title":"ADIDAS RX SERIES LIME 3.4 2025 - Revolution Padel Store","description":"Descubre la Adidas RX Series Lime 3.4, una pala de p\u00e1del de alto rendimiento para jugadores intermedios. Control, precisi\u00f3n y comodidad con tecnolog\u00edas avanzadas. \u00a1C\u00f3mprala en Revolution Padel Store al mejor precio!","robots":{"index":"index","follow":"follow","max-snippet":"max-snippet:-1","max-image-preview":"max-image-preview:large","max-video-preview":"max-video-preview:-1"},"canonical":"https:\/\/revolutionpadelstore.com\/fr\/produit\/adidas-rx-series-lime-3-4-2025-3\/","og_locale":"fr_FR","og_type":"article","og_title":"ADIDAS RX SERIES LIME 3.4 2025 - Revolution Padel Store","og_description":"Descubre la Adidas RX Series Lime 3.4, una pala de p\u00e1del de alto rendimiento para jugadores intermedios. Control, precisi\u00f3n y comodidad con tecnolog\u00edas avanzadas. \u00a1C\u00f3mprala en Revolution Padel Store al mejor precio!","og_url":"https:\/\/revolutionpadelstore.com\/fr\/produit\/adidas-rx-series-lime-3-4-2025-3\/","og_site_name":"Revolution Padel Store","article_modified_time":"2026-04-08T07:31:10+00:00","og_image":[{"width":1500,"height":1500,"url":"https:\/\/revolutionpadelstore.com\/wp-content\/uploads\/2024\/12\/113692-pala-adidas-rx-series-lime-3-4-ar3ca0u291500x1500-1.webp","type":"image\/webp"}],"twitter_card":"summary_large_image","twitter_misc":{"Dur\u00e9e de lecture estim\u00e9e":"2 minutes"},"schema":{"@context":"https:\/\/schema.org","@graph":[{"@type":"WebPage","@id":"https:\/\/revolutionpadelstore.com\/fr\/produit\/adidas-rx-series-lime-3-4-2025-3\/","url":"https:\/\/revolutionpadelstore.com\/fr\/produit\/adidas-rx-series-lime-3-4-2025-3\/","name":"ADIDAS RX SERIES LIME 3.4 2025 - Revolution Padel Store","isPartOf":{"@id":"https:\/\/revolutionpadelstore.com\/fr\/#website"},"primaryImageOfPage":{"@id":"https:\/\/revolutionpadelstore.com\/fr\/produit\/adidas-rx-series-lime-3-4-2025-3\/#primaryimage"},"image":{"@id":"https:\/\/revolutionpadelstore.com\/fr\/produit\/adidas-rx-series-lime-3-4-2025-3\/#primaryimage"},"thumbnailUrl":"https:\/\/revolutionpadelstore.com\/wp-content\/uploads\/2024\/12\/113692-pala-adidas-rx-series-lime-3-4-ar3ca0u291500x1500-1.webp","datePublished":"2024-12-08T17:39:45+00:00","dateModified":"2026-04-08T07:31:10+00:00","description":"Descubre la Adidas RX Series Lime 3.4, una pala de p\u00e1del de alto rendimiento para jugadores intermedios. Control, precisi\u00f3n y comodidad con tecnolog\u00edas avanzadas. \u00a1C\u00f3mprala en Revolution Padel Store al mejor precio!","breadcrumb":{"@id":"https:\/\/revolutionpadelstore.com\/fr\/produit\/adidas-rx-series-lime-3-4-2025-3\/#breadcrumb"},"inLanguage":"fr-FR","potentialAction":[{"@type":"ReadAction","target":["https:\/\/revolutionpadelstore.com\/fr\/produit\/adidas-rx-series-lime-3-4-2025-3\/"]}]},{"@type":"ImageObject","inLanguage":"fr-FR","@id":"https:\/\/revolutionpadelstore.com\/fr\/produit\/adidas-rx-series-lime-3-4-2025-3\/#primaryimage","url":"https:\/\/revolutionpadelstore.com\/wp-content\/uploads\/2024\/12\/113692-pala-adidas-rx-series-lime-3-4-ar3ca0u291500x1500-1.webp","contentUrl":"https:\/\/revolutionpadelstore.com\/wp-content\/uploads\/2024\/12\/113692-pala-adidas-rx-series-lime-3-4-ar3ca0u291500x1500-1.webp","width":1500,"height":1500},{"@type":"BreadcrumbList","@id":"https:\/\/revolutionpadelstore.com\/fr\/produit\/adidas-rx-series-lime-3-4-2025-3\/#breadcrumb","itemListElement":[{"@type":"ListItem","position":1,"name":"Portada","item":"https:\/\/revolutionpadelstore.com\/fr\/"},{"@type":"ListItem","position":2,"name":"Boutique","item":"https:\/\/revolutionpadelstore.com\/fr\/tienda\/"},{"@type":"ListItem","position":3,"name":"ADIDAS RX SERIES LIME 3.4 2025"}]},{"@type":"WebSite","@id":"https:\/\/revolutionpadelstore.com\/fr\/#website","url":"https:\/\/revolutionpadelstore.com\/fr\/","name":"Revolution Padel Store","description":"","publisher":{"@id":"https:\/\/revolutionpadelstore.com\/fr\/#organization"},"potentialAction":[{"@type":"SearchAction","target":{"@type":"EntryPoint","urlTemplate":"https:\/\/revolutionpadelstore.com\/fr\/?s={search_term_string}"},"query-input":{"@type":"PropertyValueSpecification","valueRequired":true,"valueName":"search_term_string"}}],"inLanguage":"fr-FR"},{"@type":"Organization","@id":"https:\/\/revolutionpadelstore.com\/fr\/#organization","name":"Revolution Padel Store","url":"https:\/\/revolutionpadelstore.com\/fr\/","logo":{"@type":"ImageObject","inLanguage":"fr-FR","@id":"https:\/\/revolutionpadelstore.com\/fr\/#\/schema\/logo\/image\/","url":"https:\/\/revolutionpadelstore.com\/wp-content\/uploads\/2026\/02\/revolution-padel-store.jpg","contentUrl":"https:\/\/revolutionpadelstore.com\/wp-content\/uploads\/2026\/02\/revolution-padel-store.jpg","width":2000,"height":2000,"caption":"Revolution Padel Store"},"image":{"@id":"https:\/\/revolutionpadelstore.com\/fr\/#\/schema\/logo\/image\/"},"sameAs":["https:\/\/www.instagram.com\/revolutionpadelstore\/"]}]}},"_links":{"self":[{"href":"https:\/\/revolutionpadelstore.com\/fr\/wp-json\/wp\/v2\/product\/154103","targetHints":{"allow":["GET"]}}],"collection":[{"href":"https:\/\/revolutionpadelstore.com\/fr\/wp-json\/wp\/v2\/product"}],"about":[{"href":"https:\/\/revolutionpadelstore.com\/fr\/wp-json\/wp\/v2\/types\/product"}],"replies":[{"embeddable":true,"href":"https:\/\/revolutionpadelstore.com\/fr\/wp-json\/wp\/v2\/comments?post=154103"}],"wp:featuredmedia":[{"embeddable":true,"href":"https:\/\/revolutionpadelstore.com\/fr\/wp-json\/wp\/v2\/media\/154062"}],"wp:attachment":[{"href":"https:\/\/revolutionpadelstore.com\/fr\/wp-json\/wp\/v2\/media?parent=154103"}],"wp:term":[{"taxonomy":"acabado","embeddable":true,"href":"https:\/\/revolutionpadelstore.com\/fr\/wp-json\/wp\/v2\/acabado?post=154103"},{"taxonomy":"balance","embeddable":true,"href":"https:\/\/revolutionpadelstore.com\/fr\/wp-json\/wp\/v2\/balance?post=154103"},{"taxonomy":"dureza","embeddable":true,"href":"https:\/\/revolutionpadelstore.com\/fr\/wp-json\/wp\/v2\/dureza?post=154103"},{"taxonomy":"forma","embeddable":true,"href":"https:\/\/revolutionpadelstore.com\/fr\/wp-json\/wp\/v2\/forma?post=154103"},{"taxonomy":"jugador","embeddable":true,"href":"https:\/\/revolutionpadelstore.com\/fr\/wp-json\/wp\/v2\/jugador?post=154103"},{"taxonomy":"marca","embeddable":true,"href":"https:\/\/revolutionpadelstore.com\/fr\/wp-json\/wp\/v2\/marca?post=154103"},{"taxonomy":"nivel-de-juego","embeddable":true,"href":"https:\/\/revolutionpadelstore.com\/fr\/wp-json\/wp\/v2\/nivel-de-juego?post=154103"},{"taxonomy":"superficie","embeddable":true,"href":"https:\/\/revolutionpadelstore.com\/fr\/wp-json\/wp\/v2\/superficie?post=154103"},{"taxonomy":"tipo-de-juego","embeddable":true,"href":"https:\/\/revolutionpadelstore.com\/fr\/wp-json\/wp\/v2\/tipo-de-juego?post=154103"},{"taxonomy":"product_brand","embeddable":true,"href":"https:\/\/revolutionpadelstore.com\/fr\/wp-json\/wp\/v2\/product_brand?post=154103"},{"taxonomy":"product_cat","embeddable":true,"href":"https:\/\/revolutionpadelstore.com\/fr\/wp-json\/wp\/v2\/product_cat?post=154103"},{"taxonomy":"product_tag","embeddable":true,"href":"https:\/\/revolutionpadelstore.com\/fr\/wp-json\/wp\/v2\/product_tag?post=154103"}],"curies":[{"name":"wp","href":"https:\/\/api.w.org\/{rel}","templated":true}]}}