{"id":153964,"date":"2024-12-08T16:59:52","date_gmt":"2024-12-08T15:59:52","guid":{"rendered":"https:\/\/revolutionpadelstore.com\/?post_type=product&#038;p=153964"},"modified":"2026-04-20T02:00:41","modified_gmt":"2026-04-20T00:00:41","slug":"adidas-adipower-junior-3-4-2025-2","status":"publish","type":"product","link":"https:\/\/revolutionpadelstore.com\/fr\/produit\/adidas-adipower-junior-3-4-2025-2\/","title":{"rendered":"ADIDAS ADIPOWER JUNIOR 3.4 2025"},"content":{"rendered":"<h2> <strong> adidas adipower junior 3.4 2024 &#8211; La pelle ronde id\u00e9ale pour les jeunes talents <\/strong> <\/h2>\n<p>D\u00e9couvrez le <strong> adidas Adipower Junior 3.4 2024 <\/strong>, en particulier con\u00e7u pour les enfants et les adolescents qui commencent dans le monde de la pagaie. Avec un format l\u00e9ger et rond, cette pelle offre un contr\u00f4le et un confort exceptionnels pour les futurs champions. Con\u00e7u pour accompagner votre croissance, c&#8217;est l&#8217;option parfaite pour am\u00e9liorer la technique et la confiance dans chaque coup.<\/p>\n<h2> <strong> Caract\u00e9ristiques principales: <\/strong> <\/h2>\n<p> <strong> -Formate: <\/strong> Round, parfait pour maximiser le contr\u00f4le et faciliter les coups d\u00e9fensifs.<\/p>\n<p style=\"padding-left: 40px\"> <strong> -peso: <\/strong> entre 310-330 grammes, id\u00e9al pour man\u0153uvrer avec l&#8217;agilit\u00e9.<\/p>\n<p> <strong>-Faces de mat\u00e9riaux: <\/strong> fibre de verre, offrant une touche douce et une excellente prise de balle.<\/p>\n<p> <strong> -nucocole: <\/strong> Eva Soft Performance, offrant une touche confortable et optimale dans chaque coup.<\/p>\n<p> <strong> -Advanced Technologies: <\/strong> <\/p>\n<p> <strong> -Dual Exosquelette: <\/strong> renforce le cadre et le noyau pour une plus grande stabilit\u00e9 dans le jeu.<\/p>\n<p> <strong>-Renforcement structurel: <\/strong> augmente la r\u00e9sistance contre les torsions.<br \/>\n<P> <strong> -Smart Holes Courbe: <\/strong> Sainte Disposition con\u00e7ue pour am\u00e9liorer les effets sur les coups.<\/p>\n<h2> <strong> Avantages pour les jeunes joueurs: <\/strong> <\/h2>\n<p> <strong> -ligereza et contr\u00f4le: <\/strong> parfait pour apprendre les coups offensifs et d\u00e9fensifs sans effort.<\/p>\n<p> <strong> -Avaluation parfaite: <\/strong> Balance faible qui facilite la gestion et r\u00e9duit la fatigue pendant le jeu.<\/p>\n<p> <strong> -Durabilit\u00e9 et confort: <\/strong> Mat\u00e9riaux de haute qualit\u00e9 qui garantissent des performances prolong\u00e9es et une touche confortable.<\/p>\n<h2> <strong> Pourquoi choisir l&#8217;adidas Adipower Junior 3.4 2024? <\/strong> <\/h2>\n<p>Cette pelle est sp\u00e9cialement con\u00e7ue pour s&#8217;adapter aux besoins physiques et techniques des joueurs plus jeunes. Sa conception fonctionnelle et son \u00e9tat des technologies -art assurent l&#8217;apprentissage des fluides, permettant \u00e0 chaque partie d&#8217;\u00eatre une exp\u00e9rience de motivation. Id\u00e9al pour les futurs talents de pagaie!<\/p>\n<p>Faciliter le d\u00e9veloppement des comp\u00e9tences dans les petits avec cet outil l\u00e9ger, r\u00e9sistant et fiable. C&#8217;est la premi\u00e8re \u00e9tape vers un jeu plus comp\u00e9titif et s\u00fbr.<\/p>\n<p><strong> maintenant disponible dans notre boutique en ligne <a href=\"https:\/\/www.revolutionpadelstore.com\/\" Target=\"_ new\" rel=\"noantener\"> Revolution Padel Store <\/a>! Probablement au meilleur prix du march\u00e9.<\/p>\n<h2><strong>Adidas Adipower Junior 3.4 2024 &#8211; La pala redonda ideal para j\u00f3venes talentos<\/strong><\/p>\n","protected":false},"excerpt":{"rendered":"<p>Adidas Adipower Junior 3.4 2024 combine la technologie, le contr\u00f4le et la technologie d&#8217;avant-garde pour soutenir les jeunes joueurs dans leur d\u00e9veloppement, les aidant \u00e0 perfectionner leur technique de pagaie.<\/p>\n","protected":false},"featured_media":153970,"comment_status":"open","ping_status":"closed","template":"","meta":{"_acf_changed":false,"_joinchat":[]},"acabado":[1087],"balance":[1147],"dureza":[1152],"forma":[1182],"jugador":[1207],"marca":[1232],"nivel-de-juego":[1352],"superficie":[1357],"tipo-de-juego":[1372],"product_brand":[],"product_cat":[302],"product_tag":[],"class_list":{"0":"post-153964","1":"product","2":"type-product","3":"status-publish","4":"has-post-thumbnail","6":"acabado-mon-pote","7":"balance-faible","8":"dureza-blanda-fr","9":"forma-rond","10":"jugador-jeunes","11":"marca-adidas-fr","12":"superficie-lise","13":"tipo-de-juego-control-fr","14":"product_cat-palas-de-padel-fr","16":"first","17":"instock","18":"sale","19":"taxable","20":"shipping-taxable","21":"purchasable","22":"product-type-simple"},"acf":[],"yoast_head":"<!-- This site is optimized with the Yoast SEO plugin v27.4 - https:\/\/yoast.com\/product\/yoast-seo-wordpress\/ -->\n<title>ADIDAS ADIPOWER JUNIOR 3.4 2025 - Revolution Padel Store<\/title>\n<meta name=\"description\" content=\"Descubre la Adidas Adipower Junior 3.4 2024, una pala redonda ultraligera para ni\u00f1os, dise\u00f1ada con tecnolog\u00edas avanzadas para ofrecer control, comodidad y durabilidad. Perfecta para j\u00f3venes talentos del p\u00e1del. \u00a1C\u00f3mprala en Revolution Padel Store!\" \/>\n<meta name=\"robots\" content=\"index, follow, max-snippet:-1, max-image-preview:large, max-video-preview:-1\" \/>\n<link rel=\"canonical\" href=\"https:\/\/revolutionpadelstore.com\/fr\/produit\/adidas-adipower-junior-3-4-2025-2\/\" \/>\n<meta property=\"og:locale\" content=\"fr_FR\" \/>\n<meta property=\"og:type\" content=\"article\" \/>\n<meta property=\"og:title\" content=\"ADIDAS ADIPOWER JUNIOR 3.4 2025 - Revolution Padel Store\" \/>\n<meta property=\"og:description\" content=\"Descubre la Adidas Adipower Junior 3.4 2024, una pala redonda ultraligera para ni\u00f1os, dise\u00f1ada con tecnolog\u00edas avanzadas para ofrecer control, comodidad y durabilidad. Perfecta para j\u00f3venes talentos del p\u00e1del. \u00a1C\u00f3mprala en Revolution Padel Store!\" \/>\n<meta property=\"og:url\" content=\"https:\/\/revolutionpadelstore.com\/fr\/produit\/adidas-adipower-junior-3-4-2025-2\/\" \/>\n<meta property=\"og:site_name\" content=\"Revolution Padel Store\" \/>\n<meta property=\"article:modified_time\" content=\"2026-04-20T00:00:41+00:00\" \/>\n<meta property=\"og:image\" content=\"https:\/\/revolutionpadelstore.com\/wp-content\/uploads\/2024\/12\/113675-pala-adidas-adipower-junior-3-4-ar4ca0u311500x1500-1.webp\" \/>\n\t<meta property=\"og:image:width\" content=\"1500\" \/>\n\t<meta property=\"og:image:height\" content=\"1500\" \/>\n\t<meta property=\"og:image:type\" content=\"image\/webp\" \/>\n<meta name=\"twitter:card\" content=\"summary_large_image\" \/>\n<meta name=\"twitter:label1\" content=\"Dur\u00e9e de lecture estim\u00e9e\" \/>\n\t<meta name=\"twitter:data1\" content=\"2 minutes\" \/>\n<script type=\"application\/ld+json\" class=\"yoast-schema-graph\">{\"@context\":\"https:\\\/\\\/schema.org\",\"@graph\":[{\"@type\":\"WebPage\",\"@id\":\"https:\\\/\\\/revolutionpadelstore.com\\\/fr\\\/produit\\\/adidas-adipower-junior-3-4-2025-2\\\/\",\"url\":\"https:\\\/\\\/revolutionpadelstore.com\\\/fr\\\/produit\\\/adidas-adipower-junior-3-4-2025-2\\\/\",\"name\":\"ADIDAS ADIPOWER JUNIOR 3.4 2025 - Revolution Padel Store\",\"isPartOf\":{\"@id\":\"https:\\\/\\\/revolutionpadelstore.com\\\/fr\\\/#website\"},\"primaryImageOfPage\":{\"@id\":\"https:\\\/\\\/revolutionpadelstore.com\\\/fr\\\/produit\\\/adidas-adipower-junior-3-4-2025-2\\\/#primaryimage\"},\"image\":{\"@id\":\"https:\\\/\\\/revolutionpadelstore.com\\\/fr\\\/produit\\\/adidas-adipower-junior-3-4-2025-2\\\/#primaryimage\"},\"thumbnailUrl\":\"https:\\\/\\\/revolutionpadelstore.com\\\/wp-content\\\/uploads\\\/2024\\\/12\\\/113675-pala-adidas-adipower-junior-3-4-ar4ca0u311500x1500-1.webp\",\"datePublished\":\"2024-12-08T15:59:52+00:00\",\"dateModified\":\"2026-04-20T00:00:41+00:00\",\"description\":\"Descubre la Adidas Adipower Junior 3.4 2024, una pala redonda ultraligera para ni\u00f1os, dise\u00f1ada con tecnolog\u00edas avanzadas para ofrecer control, comodidad y durabilidad. Perfecta para j\u00f3venes talentos del p\u00e1del. \u00a1C\u00f3mprala en Revolution Padel Store!\",\"breadcrumb\":{\"@id\":\"https:\\\/\\\/revolutionpadelstore.com\\\/fr\\\/produit\\\/adidas-adipower-junior-3-4-2025-2\\\/#breadcrumb\"},\"inLanguage\":\"fr-FR\",\"potentialAction\":[{\"@type\":\"ReadAction\",\"target\":[\"https:\\\/\\\/revolutionpadelstore.com\\\/fr\\\/produit\\\/adidas-adipower-junior-3-4-2025-2\\\/\"]}]},{\"@type\":\"ImageObject\",\"inLanguage\":\"fr-FR\",\"@id\":\"https:\\\/\\\/revolutionpadelstore.com\\\/fr\\\/produit\\\/adidas-adipower-junior-3-4-2025-2\\\/#primaryimage\",\"url\":\"https:\\\/\\\/revolutionpadelstore.com\\\/wp-content\\\/uploads\\\/2024\\\/12\\\/113675-pala-adidas-adipower-junior-3-4-ar4ca0u311500x1500-1.webp\",\"contentUrl\":\"https:\\\/\\\/revolutionpadelstore.com\\\/wp-content\\\/uploads\\\/2024\\\/12\\\/113675-pala-adidas-adipower-junior-3-4-ar4ca0u311500x1500-1.webp\",\"width\":1500,\"height\":1500},{\"@type\":\"BreadcrumbList\",\"@id\":\"https:\\\/\\\/revolutionpadelstore.com\\\/fr\\\/produit\\\/adidas-adipower-junior-3-4-2025-2\\\/#breadcrumb\",\"itemListElement\":[{\"@type\":\"ListItem\",\"position\":1,\"name\":\"Portada\",\"item\":\"https:\\\/\\\/revolutionpadelstore.com\\\/fr\\\/\"},{\"@type\":\"ListItem\",\"position\":2,\"name\":\"Boutique\",\"item\":\"https:\\\/\\\/revolutionpadelstore.com\\\/fr\\\/tienda\\\/\"},{\"@type\":\"ListItem\",\"position\":3,\"name\":\"ADIDAS ADIPOWER JUNIOR 3.4 2025\"}]},{\"@type\":\"WebSite\",\"@id\":\"https:\\\/\\\/revolutionpadelstore.com\\\/fr\\\/#website\",\"url\":\"https:\\\/\\\/revolutionpadelstore.com\\\/fr\\\/\",\"name\":\"Revolution Padel Store\",\"description\":\"\",\"publisher\":{\"@id\":\"https:\\\/\\\/revolutionpadelstore.com\\\/fr\\\/#organization\"},\"potentialAction\":[{\"@type\":\"SearchAction\",\"target\":{\"@type\":\"EntryPoint\",\"urlTemplate\":\"https:\\\/\\\/revolutionpadelstore.com\\\/fr\\\/?s={search_term_string}\"},\"query-input\":{\"@type\":\"PropertyValueSpecification\",\"valueRequired\":true,\"valueName\":\"search_term_string\"}}],\"inLanguage\":\"fr-FR\"},{\"@type\":\"Organization\",\"@id\":\"https:\\\/\\\/revolutionpadelstore.com\\\/fr\\\/#organization\",\"name\":\"Revolution Padel Store\",\"url\":\"https:\\\/\\\/revolutionpadelstore.com\\\/fr\\\/\",\"logo\":{\"@type\":\"ImageObject\",\"inLanguage\":\"fr-FR\",\"@id\":\"https:\\\/\\\/revolutionpadelstore.com\\\/fr\\\/#\\\/schema\\\/logo\\\/image\\\/\",\"url\":\"https:\\\/\\\/revolutionpadelstore.com\\\/wp-content\\\/uploads\\\/2026\\\/02\\\/revolution-padel-store.jpg\",\"contentUrl\":\"https:\\\/\\\/revolutionpadelstore.com\\\/wp-content\\\/uploads\\\/2026\\\/02\\\/revolution-padel-store.jpg\",\"width\":2000,\"height\":2000,\"caption\":\"Revolution Padel Store\"},\"image\":{\"@id\":\"https:\\\/\\\/revolutionpadelstore.com\\\/fr\\\/#\\\/schema\\\/logo\\\/image\\\/\"},\"sameAs\":[\"https:\\\/\\\/www.instagram.com\\\/revolutionpadelstore\\\/\"]}]}<\/script>\n<!-- \/ Yoast SEO plugin. -->","yoast_head_json":{"title":"ADIDAS ADIPOWER JUNIOR 3.4 2025 - Revolution Padel Store","description":"Descubre la Adidas Adipower Junior 3.4 2024, una pala redonda ultraligera para ni\u00f1os, dise\u00f1ada con tecnolog\u00edas avanzadas para ofrecer control, comodidad y durabilidad. Perfecta para j\u00f3venes talentos del p\u00e1del. \u00a1C\u00f3mprala en Revolution Padel Store!","robots":{"index":"index","follow":"follow","max-snippet":"max-snippet:-1","max-image-preview":"max-image-preview:large","max-video-preview":"max-video-preview:-1"},"canonical":"https:\/\/revolutionpadelstore.com\/fr\/produit\/adidas-adipower-junior-3-4-2025-2\/","og_locale":"fr_FR","og_type":"article","og_title":"ADIDAS ADIPOWER JUNIOR 3.4 2025 - Revolution Padel Store","og_description":"Descubre la Adidas Adipower Junior 3.4 2024, una pala redonda ultraligera para ni\u00f1os, dise\u00f1ada con tecnolog\u00edas avanzadas para ofrecer control, comodidad y durabilidad. Perfecta para j\u00f3venes talentos del p\u00e1del. \u00a1C\u00f3mprala en Revolution Padel Store!","og_url":"https:\/\/revolutionpadelstore.com\/fr\/produit\/adidas-adipower-junior-3-4-2025-2\/","og_site_name":"Revolution Padel Store","article_modified_time":"2026-04-20T00:00:41+00:00","og_image":[{"width":1500,"height":1500,"url":"https:\/\/revolutionpadelstore.com\/wp-content\/uploads\/2024\/12\/113675-pala-adidas-adipower-junior-3-4-ar4ca0u311500x1500-1.webp","type":"image\/webp"}],"twitter_card":"summary_large_image","twitter_misc":{"Dur\u00e9e de lecture estim\u00e9e":"2 minutes"},"schema":{"@context":"https:\/\/schema.org","@graph":[{"@type":"WebPage","@id":"https:\/\/revolutionpadelstore.com\/fr\/produit\/adidas-adipower-junior-3-4-2025-2\/","url":"https:\/\/revolutionpadelstore.com\/fr\/produit\/adidas-adipower-junior-3-4-2025-2\/","name":"ADIDAS ADIPOWER JUNIOR 3.4 2025 - Revolution Padel Store","isPartOf":{"@id":"https:\/\/revolutionpadelstore.com\/fr\/#website"},"primaryImageOfPage":{"@id":"https:\/\/revolutionpadelstore.com\/fr\/produit\/adidas-adipower-junior-3-4-2025-2\/#primaryimage"},"image":{"@id":"https:\/\/revolutionpadelstore.com\/fr\/produit\/adidas-adipower-junior-3-4-2025-2\/#primaryimage"},"thumbnailUrl":"https:\/\/revolutionpadelstore.com\/wp-content\/uploads\/2024\/12\/113675-pala-adidas-adipower-junior-3-4-ar4ca0u311500x1500-1.webp","datePublished":"2024-12-08T15:59:52+00:00","dateModified":"2026-04-20T00:00:41+00:00","description":"Descubre la Adidas Adipower Junior 3.4 2024, una pala redonda ultraligera para ni\u00f1os, dise\u00f1ada con tecnolog\u00edas avanzadas para ofrecer control, comodidad y durabilidad. Perfecta para j\u00f3venes talentos del p\u00e1del. \u00a1C\u00f3mprala en Revolution Padel Store!","breadcrumb":{"@id":"https:\/\/revolutionpadelstore.com\/fr\/produit\/adidas-adipower-junior-3-4-2025-2\/#breadcrumb"},"inLanguage":"fr-FR","potentialAction":[{"@type":"ReadAction","target":["https:\/\/revolutionpadelstore.com\/fr\/produit\/adidas-adipower-junior-3-4-2025-2\/"]}]},{"@type":"ImageObject","inLanguage":"fr-FR","@id":"https:\/\/revolutionpadelstore.com\/fr\/produit\/adidas-adipower-junior-3-4-2025-2\/#primaryimage","url":"https:\/\/revolutionpadelstore.com\/wp-content\/uploads\/2024\/12\/113675-pala-adidas-adipower-junior-3-4-ar4ca0u311500x1500-1.webp","contentUrl":"https:\/\/revolutionpadelstore.com\/wp-content\/uploads\/2024\/12\/113675-pala-adidas-adipower-junior-3-4-ar4ca0u311500x1500-1.webp","width":1500,"height":1500},{"@type":"BreadcrumbList","@id":"https:\/\/revolutionpadelstore.com\/fr\/produit\/adidas-adipower-junior-3-4-2025-2\/#breadcrumb","itemListElement":[{"@type":"ListItem","position":1,"name":"Portada","item":"https:\/\/revolutionpadelstore.com\/fr\/"},{"@type":"ListItem","position":2,"name":"Boutique","item":"https:\/\/revolutionpadelstore.com\/fr\/tienda\/"},{"@type":"ListItem","position":3,"name":"ADIDAS ADIPOWER JUNIOR 3.4 2025"}]},{"@type":"WebSite","@id":"https:\/\/revolutionpadelstore.com\/fr\/#website","url":"https:\/\/revolutionpadelstore.com\/fr\/","name":"Revolution Padel Store","description":"","publisher":{"@id":"https:\/\/revolutionpadelstore.com\/fr\/#organization"},"potentialAction":[{"@type":"SearchAction","target":{"@type":"EntryPoint","urlTemplate":"https:\/\/revolutionpadelstore.com\/fr\/?s={search_term_string}"},"query-input":{"@type":"PropertyValueSpecification","valueRequired":true,"valueName":"search_term_string"}}],"inLanguage":"fr-FR"},{"@type":"Organization","@id":"https:\/\/revolutionpadelstore.com\/fr\/#organization","name":"Revolution Padel Store","url":"https:\/\/revolutionpadelstore.com\/fr\/","logo":{"@type":"ImageObject","inLanguage":"fr-FR","@id":"https:\/\/revolutionpadelstore.com\/fr\/#\/schema\/logo\/image\/","url":"https:\/\/revolutionpadelstore.com\/wp-content\/uploads\/2026\/02\/revolution-padel-store.jpg","contentUrl":"https:\/\/revolutionpadelstore.com\/wp-content\/uploads\/2026\/02\/revolution-padel-store.jpg","width":2000,"height":2000,"caption":"Revolution Padel Store"},"image":{"@id":"https:\/\/revolutionpadelstore.com\/fr\/#\/schema\/logo\/image\/"},"sameAs":["https:\/\/www.instagram.com\/revolutionpadelstore\/"]}]}},"_links":{"self":[{"href":"https:\/\/revolutionpadelstore.com\/fr\/wp-json\/wp\/v2\/product\/153964","targetHints":{"allow":["GET"]}}],"collection":[{"href":"https:\/\/revolutionpadelstore.com\/fr\/wp-json\/wp\/v2\/product"}],"about":[{"href":"https:\/\/revolutionpadelstore.com\/fr\/wp-json\/wp\/v2\/types\/product"}],"replies":[{"embeddable":true,"href":"https:\/\/revolutionpadelstore.com\/fr\/wp-json\/wp\/v2\/comments?post=153964"}],"wp:featuredmedia":[{"embeddable":true,"href":"https:\/\/revolutionpadelstore.com\/fr\/wp-json\/wp\/v2\/media\/153970"}],"wp:attachment":[{"href":"https:\/\/revolutionpadelstore.com\/fr\/wp-json\/wp\/v2\/media?parent=153964"}],"wp:term":[{"taxonomy":"acabado","embeddable":true,"href":"https:\/\/revolutionpadelstore.com\/fr\/wp-json\/wp\/v2\/acabado?post=153964"},{"taxonomy":"balance","embeddable":true,"href":"https:\/\/revolutionpadelstore.com\/fr\/wp-json\/wp\/v2\/balance?post=153964"},{"taxonomy":"dureza","embeddable":true,"href":"https:\/\/revolutionpadelstore.com\/fr\/wp-json\/wp\/v2\/dureza?post=153964"},{"taxonomy":"forma","embeddable":true,"href":"https:\/\/revolutionpadelstore.com\/fr\/wp-json\/wp\/v2\/forma?post=153964"},{"taxonomy":"jugador","embeddable":true,"href":"https:\/\/revolutionpadelstore.com\/fr\/wp-json\/wp\/v2\/jugador?post=153964"},{"taxonomy":"marca","embeddable":true,"href":"https:\/\/revolutionpadelstore.com\/fr\/wp-json\/wp\/v2\/marca?post=153964"},{"taxonomy":"nivel-de-juego","embeddable":true,"href":"https:\/\/revolutionpadelstore.com\/fr\/wp-json\/wp\/v2\/nivel-de-juego?post=153964"},{"taxonomy":"superficie","embeddable":true,"href":"https:\/\/revolutionpadelstore.com\/fr\/wp-json\/wp\/v2\/superficie?post=153964"},{"taxonomy":"tipo-de-juego","embeddable":true,"href":"https:\/\/revolutionpadelstore.com\/fr\/wp-json\/wp\/v2\/tipo-de-juego?post=153964"},{"taxonomy":"product_brand","embeddable":true,"href":"https:\/\/revolutionpadelstore.com\/fr\/wp-json\/wp\/v2\/product_brand?post=153964"},{"taxonomy":"product_cat","embeddable":true,"href":"https:\/\/revolutionpadelstore.com\/fr\/wp-json\/wp\/v2\/product_cat?post=153964"},{"taxonomy":"product_tag","embeddable":true,"href":"https:\/\/revolutionpadelstore.com\/fr\/wp-json\/wp\/v2\/product_tag?post=153964"}],"curies":[{"name":"wp","href":"https:\/\/api.w.org\/{rel}","templated":true}]}}