{"id":153754,"date":"2024-12-08T16:00:48","date_gmt":"2024-12-08T15:00:48","guid":{"rendered":"https:\/\/revolutionpadelstore.com\/paletero-babolat-rh-pro-padel-juan-lebron-2025\/"},"modified":"2026-04-08T09:37:25","modified_gmt":"2026-04-08T07:37:25","slug":"paletero-babolat-rh-pro-padel-juan-lebron-2025-3","status":"publish","type":"product","link":"https:\/\/revolutionpadelstore.com\/fr\/produit\/paletero-babolat-rh-pro-padel-juan-lebron-2025-3\/","title":{"rendered":"PALETERO BABOLAT RH PRO PADEL JUAN LEBR\u00d3N 2025"},"content":{"rendered":"<h2>Sac de raquette de padel Babolat RH Pro Padel Juan Lebron 2025 : Organisation et style pour le joueur exigeant<\/h2>\n<p>Le <strong>sac de padel Babolat RH Pro Padel Juan Lebron 2025<\/strong> est le compagnon id\u00e9al pour les joueurs les plus exigeants qui privil\u00e9gient la fonctionnalit\u00e9, le style et la durabilit\u00e9. Con\u00e7u en collaboration avec le l\u00e9gendaire joueur <strong>Juan Lebron<\/strong>, cet accessoire allie innovation et durabilit\u00e9 pour r\u00e9pondre aux besoins des sportifs de haut niveau.<\/p>\n<p>D&#8217;une capacit\u00e9 de <strong>62 litres<\/strong> et de dimensions de <strong>30x37x63 cm<\/strong>, ce sac \u00e0 raquettes vous permet d&#8217;organiser tout votre \u00e9quipement de padel, dont jusqu&#8217;\u00e0 <strong>4 raquettes<\/strong> dans son compartiment sp\u00e9cifique, en les gardant en s\u00e9curit\u00e9 et prot\u00e9g\u00e9s.<\/p>\n<h2>Principaux avantages<\/h2>\n<p style=\"padding-left: 40px\"><strong>-Grande capacit\u00e9 et organisation :<\/strong> Espace optimis\u00e9 pour transporter tout ce dont vous avez besoin avec un maximum de confort.<\/p>\n<p style=\"padding-left: 40px\"><strong>-Conception durable :<\/strong> Fabriqu\u00e9 avec des mat\u00e9riaux 100 % recycl\u00e9s, r\u00e9affirmant l&#8217;engagement de Babolat envers l&#8217;environnement.<\/p>\n<p style=\"padding-left: 40px\"><strong>-Collaboration avec Juan Lebron :<\/strong> Un design qui refl\u00e8te la passion et l&#8217;excellence du joueur professionnel connu sous le nom de &#8220;El Lobo&#8221;.<\/p>\n<p style=\"padding-left: 40px\"><strong>-Style sophistiqu\u00e9 :<\/strong> Parfait pour se d\u00e9marquer sur et en dehors du terrain.<\/p>\n<h2>Fonctionnalit\u00e9s principales<\/h2>\n<p style=\"padding-left: 40px\"><strong>-Capacit\u00e9 totale de 62 litres :<\/strong> Id\u00e9al pour les longues journ\u00e9es d&#8217;entra\u00eenement ou de comp\u00e9titions.<\/p>\n<p style=\"padding-left: 40px\"><strong>-Compartiment pour raquettes :<\/strong> Espace sp\u00e9cifique qui assure une protection jusqu&#8217;\u00e0 4 raquettes.<\/p>\n<p style=\"padding-left: 40px\"><strong>-Mat\u00e9riaux recycl\u00e9s :<\/strong> Ext\u00e9rieur et doublure fabriqu\u00e9s avec des mat\u00e9riaux durables, y compris la &#8220;doublure sans couleur&#8221; exclusive.<\/p>\n<p style=\"padding-left: 40px\"><strong>-Durabilit\u00e9 sup\u00e9rieure :<\/strong> R\u00e9sistant \u00e0 un usage intensif gr\u00e2ce \u00e0 la qualit\u00e9 premium de ses mat\u00e9riaux.<\/p>\n<p style=\"padding-left: 40px\"><strong>-Conception fonctionnelle :<\/strong> Poches suppl\u00e9mentaires et compartiments bien r\u00e9partis pour une organisation efficace.<\/p>\n<h2>A qui est destin\u00e9e cette raquette de padel ?<\/h2>\n<p>Le <strong>RH Pro Padel Juan Lebron 2025<\/strong> est con\u00e7u pour les <strong>joueurs de niveau avanc\u00e9 ou professionnel<\/strong> qui recherchent un sac performant, avec une capacit\u00e9 et des solutions pratiques qui garantissent confort et style, en plus de s&#8217;aligner sur les valeurs de durabilit\u00e9.<\/p>\n<h2>Achetez maintenant dans Revolution Padel Store<\/h2>\n<p>Transportez votre \u00e9quipement avec un maximum de style et d&#8217;organisation gr\u00e2ce au <strong>sac de raquette Babolat RH Pro Padel Juan Lebron 2025<\/strong>. Une combinaison parfaite de fonctionnalit\u00e9, de design et de durabilit\u00e9. <strong>Disponible dans notre boutique en ligne<\/strong> <a href=\"http:\/\/www.revolutionpadelstore.com\/\">www.revolutionpadelstore.com<\/a>, probablement au meilleur prix du march\u00e9. Passez votre commande aujourd&#8217;hui !<\/p>\n<h2>Paletero Babolat RH Pro Padel Juan Lebr\u00f3n 2025: Organizaci\u00f3n y Estilo para el Jugador Exigente<\/h2>\n","protected":false},"excerpt":{"rendered":"<p>Le sac de padel Babolat RH Pro Padel Juan Lebron 2025 est con\u00e7u pour transporter et organiser efficacement votre \u00e9quipement sportif. Il offre une grande capacit\u00e9 et est fabriqu\u00e9 avec des mat\u00e9riaux r\u00e9sistants et recycl\u00e9s, garantissant durabilit\u00e9 et durabilit\u00e9.<\/p>\n","protected":false},"featured_media":153731,"comment_status":"open","ping_status":"closed","template":"","meta":{"_acf_changed":false,"_joinchat":[]},"acabado":[],"balance":[],"dureza":[],"forma":[],"jugador":[],"marca":[1217],"nivel-de-juego":[],"superficie":[],"tipo-de-juego":[],"product_brand":[],"product_cat":[320],"product_tag":[],"class_list":{"0":"post-153754","1":"product","2":"type-product","3":"status-publish","4":"has-post-thumbnail","6":"marca-babolat-fr","7":"product_cat-sacs","9":"first","10":"outofstock","11":"sale","12":"taxable","13":"shipping-taxable","14":"purchasable","15":"product-type-simple"},"acf":[],"yoast_head":"<!-- This site is optimized with the Yoast SEO plugin v27.4 - https:\/\/yoast.com\/product\/yoast-seo-wordpress\/ -->\n<title>PALETERO BABOLAT RH PRO PADEL JUAN LEBR\u00d3N 2025 - Revolution Padel Store<\/title>\n<meta name=\"description\" content=\"Descubre el Paletero Babolat RH Pro Padel Juan Lebr\u00f3n 2025 en Revolution Padel Store. Gran capacidad, dise\u00f1o sostenible y estilo inigualable. \u00a1Compra online al mejor precio!\" \/>\n<meta name=\"robots\" content=\"index, follow, max-snippet:-1, max-image-preview:large, max-video-preview:-1\" \/>\n<link rel=\"canonical\" href=\"https:\/\/revolutionpadelstore.com\/fr\/produit\/paletero-babolat-rh-pro-padel-juan-lebron-2025-3\/\" \/>\n<meta property=\"og:locale\" content=\"fr_FR\" \/>\n<meta property=\"og:type\" content=\"article\" \/>\n<meta property=\"og:title\" content=\"PALETERO BABOLAT RH PRO PADEL JUAN LEBR\u00d3N 2025 - Revolution Padel Store\" \/>\n<meta property=\"og:description\" content=\"Descubre el Paletero Babolat RH Pro Padel Juan Lebr\u00f3n 2025 en Revolution Padel Store. Gran capacidad, dise\u00f1o sostenible y estilo inigualable. \u00a1Compra online al mejor precio!\" \/>\n<meta property=\"og:url\" content=\"https:\/\/revolutionpadelstore.com\/fr\/produit\/paletero-babolat-rh-pro-padel-juan-lebron-2025-3\/\" \/>\n<meta property=\"og:site_name\" content=\"Revolution Padel Store\" \/>\n<meta property=\"article:modified_time\" content=\"2026-04-08T07:37:25+00:00\" \/>\n<meta property=\"og:image\" content=\"https:\/\/revolutionpadelstore.com\/wp-content\/uploads\/2024\/12\/115769-paletero-babolat-rh-pro-padel-juan-lebron-759019-100-20251500x1500-1.webp\" \/>\n\t<meta property=\"og:image:width\" content=\"1500\" \/>\n\t<meta property=\"og:image:height\" content=\"1500\" \/>\n\t<meta property=\"og:image:type\" content=\"image\/webp\" \/>\n<meta name=\"twitter:card\" content=\"summary_large_image\" \/>\n<meta name=\"twitter:label1\" content=\"Dur\u00e9e de lecture estim\u00e9e\" \/>\n\t<meta name=\"twitter:data1\" content=\"2 minutes\" \/>\n<script type=\"application\/ld+json\" class=\"yoast-schema-graph\">{\"@context\":\"https:\\\/\\\/schema.org\",\"@graph\":[{\"@type\":\"WebPage\",\"@id\":\"https:\\\/\\\/revolutionpadelstore.com\\\/fr\\\/produit\\\/paletero-babolat-rh-pro-padel-juan-lebron-2025-3\\\/\",\"url\":\"https:\\\/\\\/revolutionpadelstore.com\\\/fr\\\/produit\\\/paletero-babolat-rh-pro-padel-juan-lebron-2025-3\\\/\",\"name\":\"PALETERO BABOLAT RH PRO PADEL JUAN LEBR\u00d3N 2025 - Revolution Padel Store\",\"isPartOf\":{\"@id\":\"https:\\\/\\\/revolutionpadelstore.com\\\/fr\\\/#website\"},\"primaryImageOfPage\":{\"@id\":\"https:\\\/\\\/revolutionpadelstore.com\\\/fr\\\/produit\\\/paletero-babolat-rh-pro-padel-juan-lebron-2025-3\\\/#primaryimage\"},\"image\":{\"@id\":\"https:\\\/\\\/revolutionpadelstore.com\\\/fr\\\/produit\\\/paletero-babolat-rh-pro-padel-juan-lebron-2025-3\\\/#primaryimage\"},\"thumbnailUrl\":\"https:\\\/\\\/revolutionpadelstore.com\\\/wp-content\\\/uploads\\\/2024\\\/12\\\/115769-paletero-babolat-rh-pro-padel-juan-lebron-759019-100-20251500x1500-1.webp\",\"datePublished\":\"2024-12-08T15:00:48+00:00\",\"dateModified\":\"2026-04-08T07:37:25+00:00\",\"description\":\"Descubre el Paletero Babolat RH Pro Padel Juan Lebr\u00f3n 2025 en Revolution Padel Store. Gran capacidad, dise\u00f1o sostenible y estilo inigualable. \u00a1Compra online al mejor precio!\",\"breadcrumb\":{\"@id\":\"https:\\\/\\\/revolutionpadelstore.com\\\/fr\\\/produit\\\/paletero-babolat-rh-pro-padel-juan-lebron-2025-3\\\/#breadcrumb\"},\"inLanguage\":\"fr-FR\",\"potentialAction\":[{\"@type\":\"ReadAction\",\"target\":[\"https:\\\/\\\/revolutionpadelstore.com\\\/fr\\\/produit\\\/paletero-babolat-rh-pro-padel-juan-lebron-2025-3\\\/\"]}]},{\"@type\":\"ImageObject\",\"inLanguage\":\"fr-FR\",\"@id\":\"https:\\\/\\\/revolutionpadelstore.com\\\/fr\\\/produit\\\/paletero-babolat-rh-pro-padel-juan-lebron-2025-3\\\/#primaryimage\",\"url\":\"https:\\\/\\\/revolutionpadelstore.com\\\/wp-content\\\/uploads\\\/2024\\\/12\\\/115769-paletero-babolat-rh-pro-padel-juan-lebron-759019-100-20251500x1500-1.webp\",\"contentUrl\":\"https:\\\/\\\/revolutionpadelstore.com\\\/wp-content\\\/uploads\\\/2024\\\/12\\\/115769-paletero-babolat-rh-pro-padel-juan-lebron-759019-100-20251500x1500-1.webp\",\"width\":1500,\"height\":1500},{\"@type\":\"BreadcrumbList\",\"@id\":\"https:\\\/\\\/revolutionpadelstore.com\\\/fr\\\/produit\\\/paletero-babolat-rh-pro-padel-juan-lebron-2025-3\\\/#breadcrumb\",\"itemListElement\":[{\"@type\":\"ListItem\",\"position\":1,\"name\":\"Portada\",\"item\":\"https:\\\/\\\/revolutionpadelstore.com\\\/fr\\\/\"},{\"@type\":\"ListItem\",\"position\":2,\"name\":\"Boutique\",\"item\":\"https:\\\/\\\/revolutionpadelstore.com\\\/fr\\\/tienda\\\/\"},{\"@type\":\"ListItem\",\"position\":3,\"name\":\"PALETERO BABOLAT RH PRO PADEL JUAN LEBR\u00d3N 2025\"}]},{\"@type\":\"WebSite\",\"@id\":\"https:\\\/\\\/revolutionpadelstore.com\\\/fr\\\/#website\",\"url\":\"https:\\\/\\\/revolutionpadelstore.com\\\/fr\\\/\",\"name\":\"Revolution Padel Store\",\"description\":\"\",\"publisher\":{\"@id\":\"https:\\\/\\\/revolutionpadelstore.com\\\/fr\\\/#organization\"},\"potentialAction\":[{\"@type\":\"SearchAction\",\"target\":{\"@type\":\"EntryPoint\",\"urlTemplate\":\"https:\\\/\\\/revolutionpadelstore.com\\\/fr\\\/?s={search_term_string}\"},\"query-input\":{\"@type\":\"PropertyValueSpecification\",\"valueRequired\":true,\"valueName\":\"search_term_string\"}}],\"inLanguage\":\"fr-FR\"},{\"@type\":\"Organization\",\"@id\":\"https:\\\/\\\/revolutionpadelstore.com\\\/fr\\\/#organization\",\"name\":\"Revolution Padel Store\",\"url\":\"https:\\\/\\\/revolutionpadelstore.com\\\/fr\\\/\",\"logo\":{\"@type\":\"ImageObject\",\"inLanguage\":\"fr-FR\",\"@id\":\"https:\\\/\\\/revolutionpadelstore.com\\\/fr\\\/#\\\/schema\\\/logo\\\/image\\\/\",\"url\":\"https:\\\/\\\/revolutionpadelstore.com\\\/wp-content\\\/uploads\\\/2026\\\/02\\\/revolution-padel-store.jpg\",\"contentUrl\":\"https:\\\/\\\/revolutionpadelstore.com\\\/wp-content\\\/uploads\\\/2026\\\/02\\\/revolution-padel-store.jpg\",\"width\":2000,\"height\":2000,\"caption\":\"Revolution Padel Store\"},\"image\":{\"@id\":\"https:\\\/\\\/revolutionpadelstore.com\\\/fr\\\/#\\\/schema\\\/logo\\\/image\\\/\"},\"sameAs\":[\"https:\\\/\\\/www.instagram.com\\\/revolutionpadelstore\\\/\"]}]}<\/script>\n<!-- \/ Yoast SEO plugin. -->","yoast_head_json":{"title":"PALETERO BABOLAT RH PRO PADEL JUAN LEBR\u00d3N 2025 - Revolution Padel Store","description":"Descubre el Paletero Babolat RH Pro Padel Juan Lebr\u00f3n 2025 en Revolution Padel Store. Gran capacidad, dise\u00f1o sostenible y estilo inigualable. \u00a1Compra online al mejor precio!","robots":{"index":"index","follow":"follow","max-snippet":"max-snippet:-1","max-image-preview":"max-image-preview:large","max-video-preview":"max-video-preview:-1"},"canonical":"https:\/\/revolutionpadelstore.com\/fr\/produit\/paletero-babolat-rh-pro-padel-juan-lebron-2025-3\/","og_locale":"fr_FR","og_type":"article","og_title":"PALETERO BABOLAT RH PRO PADEL JUAN LEBR\u00d3N 2025 - Revolution Padel Store","og_description":"Descubre el Paletero Babolat RH Pro Padel Juan Lebr\u00f3n 2025 en Revolution Padel Store. Gran capacidad, dise\u00f1o sostenible y estilo inigualable. \u00a1Compra online al mejor precio!","og_url":"https:\/\/revolutionpadelstore.com\/fr\/produit\/paletero-babolat-rh-pro-padel-juan-lebron-2025-3\/","og_site_name":"Revolution Padel Store","article_modified_time":"2026-04-08T07:37:25+00:00","og_image":[{"width":1500,"height":1500,"url":"https:\/\/revolutionpadelstore.com\/wp-content\/uploads\/2024\/12\/115769-paletero-babolat-rh-pro-padel-juan-lebron-759019-100-20251500x1500-1.webp","type":"image\/webp"}],"twitter_card":"summary_large_image","twitter_misc":{"Dur\u00e9e de lecture estim\u00e9e":"2 minutes"},"schema":{"@context":"https:\/\/schema.org","@graph":[{"@type":"WebPage","@id":"https:\/\/revolutionpadelstore.com\/fr\/produit\/paletero-babolat-rh-pro-padel-juan-lebron-2025-3\/","url":"https:\/\/revolutionpadelstore.com\/fr\/produit\/paletero-babolat-rh-pro-padel-juan-lebron-2025-3\/","name":"PALETERO BABOLAT RH PRO PADEL JUAN LEBR\u00d3N 2025 - Revolution Padel Store","isPartOf":{"@id":"https:\/\/revolutionpadelstore.com\/fr\/#website"},"primaryImageOfPage":{"@id":"https:\/\/revolutionpadelstore.com\/fr\/produit\/paletero-babolat-rh-pro-padel-juan-lebron-2025-3\/#primaryimage"},"image":{"@id":"https:\/\/revolutionpadelstore.com\/fr\/produit\/paletero-babolat-rh-pro-padel-juan-lebron-2025-3\/#primaryimage"},"thumbnailUrl":"https:\/\/revolutionpadelstore.com\/wp-content\/uploads\/2024\/12\/115769-paletero-babolat-rh-pro-padel-juan-lebron-759019-100-20251500x1500-1.webp","datePublished":"2024-12-08T15:00:48+00:00","dateModified":"2026-04-08T07:37:25+00:00","description":"Descubre el Paletero Babolat RH Pro Padel Juan Lebr\u00f3n 2025 en Revolution Padel Store. Gran capacidad, dise\u00f1o sostenible y estilo inigualable. \u00a1Compra online al mejor precio!","breadcrumb":{"@id":"https:\/\/revolutionpadelstore.com\/fr\/produit\/paletero-babolat-rh-pro-padel-juan-lebron-2025-3\/#breadcrumb"},"inLanguage":"fr-FR","potentialAction":[{"@type":"ReadAction","target":["https:\/\/revolutionpadelstore.com\/fr\/produit\/paletero-babolat-rh-pro-padel-juan-lebron-2025-3\/"]}]},{"@type":"ImageObject","inLanguage":"fr-FR","@id":"https:\/\/revolutionpadelstore.com\/fr\/produit\/paletero-babolat-rh-pro-padel-juan-lebron-2025-3\/#primaryimage","url":"https:\/\/revolutionpadelstore.com\/wp-content\/uploads\/2024\/12\/115769-paletero-babolat-rh-pro-padel-juan-lebron-759019-100-20251500x1500-1.webp","contentUrl":"https:\/\/revolutionpadelstore.com\/wp-content\/uploads\/2024\/12\/115769-paletero-babolat-rh-pro-padel-juan-lebron-759019-100-20251500x1500-1.webp","width":1500,"height":1500},{"@type":"BreadcrumbList","@id":"https:\/\/revolutionpadelstore.com\/fr\/produit\/paletero-babolat-rh-pro-padel-juan-lebron-2025-3\/#breadcrumb","itemListElement":[{"@type":"ListItem","position":1,"name":"Portada","item":"https:\/\/revolutionpadelstore.com\/fr\/"},{"@type":"ListItem","position":2,"name":"Boutique","item":"https:\/\/revolutionpadelstore.com\/fr\/tienda\/"},{"@type":"ListItem","position":3,"name":"PALETERO BABOLAT RH PRO PADEL JUAN LEBR\u00d3N 2025"}]},{"@type":"WebSite","@id":"https:\/\/revolutionpadelstore.com\/fr\/#website","url":"https:\/\/revolutionpadelstore.com\/fr\/","name":"Revolution Padel Store","description":"","publisher":{"@id":"https:\/\/revolutionpadelstore.com\/fr\/#organization"},"potentialAction":[{"@type":"SearchAction","target":{"@type":"EntryPoint","urlTemplate":"https:\/\/revolutionpadelstore.com\/fr\/?s={search_term_string}"},"query-input":{"@type":"PropertyValueSpecification","valueRequired":true,"valueName":"search_term_string"}}],"inLanguage":"fr-FR"},{"@type":"Organization","@id":"https:\/\/revolutionpadelstore.com\/fr\/#organization","name":"Revolution Padel Store","url":"https:\/\/revolutionpadelstore.com\/fr\/","logo":{"@type":"ImageObject","inLanguage":"fr-FR","@id":"https:\/\/revolutionpadelstore.com\/fr\/#\/schema\/logo\/image\/","url":"https:\/\/revolutionpadelstore.com\/wp-content\/uploads\/2026\/02\/revolution-padel-store.jpg","contentUrl":"https:\/\/revolutionpadelstore.com\/wp-content\/uploads\/2026\/02\/revolution-padel-store.jpg","width":2000,"height":2000,"caption":"Revolution Padel Store"},"image":{"@id":"https:\/\/revolutionpadelstore.com\/fr\/#\/schema\/logo\/image\/"},"sameAs":["https:\/\/www.instagram.com\/revolutionpadelstore\/"]}]}},"_links":{"self":[{"href":"https:\/\/revolutionpadelstore.com\/fr\/wp-json\/wp\/v2\/product\/153754","targetHints":{"allow":["GET"]}}],"collection":[{"href":"https:\/\/revolutionpadelstore.com\/fr\/wp-json\/wp\/v2\/product"}],"about":[{"href":"https:\/\/revolutionpadelstore.com\/fr\/wp-json\/wp\/v2\/types\/product"}],"replies":[{"embeddable":true,"href":"https:\/\/revolutionpadelstore.com\/fr\/wp-json\/wp\/v2\/comments?post=153754"}],"wp:featuredmedia":[{"embeddable":true,"href":"https:\/\/revolutionpadelstore.com\/fr\/wp-json\/wp\/v2\/media\/153731"}],"wp:attachment":[{"href":"https:\/\/revolutionpadelstore.com\/fr\/wp-json\/wp\/v2\/media?parent=153754"}],"wp:term":[{"taxonomy":"acabado","embeddable":true,"href":"https:\/\/revolutionpadelstore.com\/fr\/wp-json\/wp\/v2\/acabado?post=153754"},{"taxonomy":"balance","embeddable":true,"href":"https:\/\/revolutionpadelstore.com\/fr\/wp-json\/wp\/v2\/balance?post=153754"},{"taxonomy":"dureza","embeddable":true,"href":"https:\/\/revolutionpadelstore.com\/fr\/wp-json\/wp\/v2\/dureza?post=153754"},{"taxonomy":"forma","embeddable":true,"href":"https:\/\/revolutionpadelstore.com\/fr\/wp-json\/wp\/v2\/forma?post=153754"},{"taxonomy":"jugador","embeddable":true,"href":"https:\/\/revolutionpadelstore.com\/fr\/wp-json\/wp\/v2\/jugador?post=153754"},{"taxonomy":"marca","embeddable":true,"href":"https:\/\/revolutionpadelstore.com\/fr\/wp-json\/wp\/v2\/marca?post=153754"},{"taxonomy":"nivel-de-juego","embeddable":true,"href":"https:\/\/revolutionpadelstore.com\/fr\/wp-json\/wp\/v2\/nivel-de-juego?post=153754"},{"taxonomy":"superficie","embeddable":true,"href":"https:\/\/revolutionpadelstore.com\/fr\/wp-json\/wp\/v2\/superficie?post=153754"},{"taxonomy":"tipo-de-juego","embeddable":true,"href":"https:\/\/revolutionpadelstore.com\/fr\/wp-json\/wp\/v2\/tipo-de-juego?post=153754"},{"taxonomy":"product_brand","embeddable":true,"href":"https:\/\/revolutionpadelstore.com\/fr\/wp-json\/wp\/v2\/product_brand?post=153754"},{"taxonomy":"product_cat","embeddable":true,"href":"https:\/\/revolutionpadelstore.com\/fr\/wp-json\/wp\/v2\/product_cat?post=153754"},{"taxonomy":"product_tag","embeddable":true,"href":"https:\/\/revolutionpadelstore.com\/fr\/wp-json\/wp\/v2\/product_tag?post=153754"}],"curies":[{"name":"wp","href":"https:\/\/api.w.org\/{rel}","templated":true}]}}