{"id":153629,"date":"2024-12-08T11:11:00","date_gmt":"2024-12-08T10:11:00","guid":{"rendered":"https:\/\/revolutionpadelstore.com\/adidas-rx-series-light-3-4-2025\/"},"modified":"2026-04-08T09:39:16","modified_gmt":"2026-04-08T07:39:16","slug":"adidas-rx-series-light-3-4-2025-3","status":"publish","type":"product","link":"https:\/\/revolutionpadelstore.com\/fr\/produit\/adidas-rx-series-light-3-4-2025-3\/","title":{"rendered":"ADIDAS RX SERIES LIGHT 3.4 2025"},"content":{"rendered":"<h2> <strong> Adidas Rx Series Light 3.4: l\u00e9g\u00e8ret\u00e9 et contr\u00f4le optimal <\/strong> <\/h2>\n<p>Le <strong> RX Series Light 3.4 d&#8217;Adidas <\/strong> est une pelle \u00e0 palette con\u00e7ue avec une forme ronde <strong> <\/strong>, <strong> \u00e9quilibre bas <\/strong> et un point sucr\u00e9 centr\u00e9 <strong> <\/strong>, id\u00e9al pour un jeu d\u00e9fensif pr\u00e9cis et contr\u00f4l\u00e9. Avec un poids l\u00e9ger de <strong> 345-360 grammes <\/strong>, il se d\u00e9marque de son excellente management, permettant des mouvements agiles et un contr\u00f4le sup\u00e9rieur dans les coups de la ligne de fond. Ce mod\u00e8le combine la l\u00e9g\u00e8ret\u00e9, le contr\u00f4le et la puissance, offrant des performances exceptionnelles sur la piste.<\/p>\n<h2> <strong> lame pour les joueurs interm\u00e9diaires <\/strong> <\/h2>\n<p>Con\u00e7u pour les joueurs de niveau interm\u00e9diaire, la <strong> RX Series Light 3.4 <\/strong> est parfaite pour ceux qui cherchent \u00e0 am\u00e9liorer leur technique sans compromettre le confort. Son approche consiste \u00e0 assurer la stabilit\u00e9 et la pr\u00e9cision des coups d\u00e9fensifs, \u00e9tant une option exceptionnelle pour un jeu qui privil\u00e9gie le contr\u00f4le. Id\u00e9al pour faire progresser les comp\u00e9tences et rivaliser avec la confiance.<\/p>\n<h2> <strong> fonctionnalit\u00e9s et technologies pro\u00e9minentes <\/strong> <\/h2>\n<p> <strong> -nuco eva Performance douce: <\/strong> caoutchouc \u00e0 faible densit\u00e9 qui offre un confort et une excellente sortie de balle, une puissance d&#8217;\u00e9quilibrage et un contr\u00f4le.<br \/>\n<P> <strong> -Liberge Plans: <\/strong> garantir une touche douce et une grande capacit\u00e9 de r\u00e9ponse dans chaque coup.<br \/>\n<P style=\"padding-left: 40px\"> <strong> -Syst\u00e8me trous intelligents lin\u00e9aire: <\/strong> disposition optimis\u00e9e des trous qui renforce la surface d&#8217;impact, am\u00e9liorant les performances et la durabilit\u00e9.<br \/>\n<P> <strong>-Renforcement structurel: <\/strong> renforts du p\u00e9rim\u00e8tre qui fournissent une fermet\u00e9 et une r\u00e9sistance aux torsions, une durabilit\u00e9 croissante.<\/p>\n<p> <strong>-Power Structural: <\/strong> Insertion de fibre de carbone dans le c\u0153ur de la pelle, augmentant la rigidit\u00e9 structurelle et g\u00e9n\u00e9rant une plus grande puissance dans les impacts.<\/p>\n<h2> <strong> Disponible au Revolution Padel Store <\/strong> <\/h2>\n<p>Le <strong> Adidas RX Series Light 3.4 <\/strong> est le choix parfait pour les joueurs interm\u00e9diaires \u00e0 la recherche de l\u00e9g\u00e8ret\u00e9, de contr\u00f4le et de confort pour obtenir des performances maximales dans chaque jeu. Am\u00e9liorez votre pr\u00e9cision et votre stabilit\u00e9 sur la piste avec cette pelle \u00e9quilibr\u00e9e et technologique. Obtenez-le et augmentez votre jeu au niveau sup\u00e9rieur!<\/p>\n<h2><strong>Adidas RX Series Light 3.4: ligereza y control \u00f3ptimo<\/strong><\/p>\n","protected":false},"excerpt":{"rendered":"<p>La s\u00e9rie <strong> adidas RX Series Light 3.4 <\/strong> est une pelle de forme ronde <strong> et de faible \u00e9quilibre <\/strong>, con\u00e7ue pour les joueurs interm\u00e9diaires \u00e0 la recherche de <strong> contr\u00f4le, l\u00e9g\u00e8ret\u00e9 et confort <\/strong>. Avec <strong> plans en fibre de verre <\/strong> et un <strong> eVA Soft Performance Nucleus <\/strong>, offre une touche douce, une excellente prise de balle et une grande gestion sur la piste, id\u00e9ale pour un jeu pr\u00e9cis et d\u00e9fensif Agile.<strong>Adidas RX Series Light 3.4<\/strong><\/p>\n","protected":false},"featured_media":153540,"comment_status":"open","ping_status":"closed","template":"","meta":{"_acf_changed":false,"_joinchat":[]},"acabado":[1087],"balance":[1147],"dureza":[1152],"forma":[1182],"jugador":[1192,1202],"marca":[1232],"nivel-de-juego":[1352],"superficie":[1357],"tipo-de-juego":[1372],"product_brand":[],"product_cat":[302],"product_tag":[],"class_list":{"0":"post-153629","1":"product","2":"type-product","3":"status-publish","4":"has-post-thumbnail","6":"acabado-mon-pote","7":"balance-faible","8":"dureza-blanda-fr","9":"forma-rond","10":"jugador-homme","11":"jugador-polivalente-fr","12":"marca-adidas-fr","13":"superficie-lise","14":"tipo-de-juego-control-fr","15":"product_cat-palas-de-padel-fr","17":"first","18":"instock","19":"sale","20":"taxable","21":"shipping-taxable","22":"purchasable","23":"product-type-simple"},"acf":[],"yoast_head":"<!-- This site is optimized with the Yoast SEO plugin v27.4 - https:\/\/yoast.com\/product\/yoast-seo-wordpress\/ -->\n<title>ADIDAS RX SERIES LIGHT 3.4 2025 - Revolution Padel Store<\/title>\n<meta name=\"description\" content=\"La RX Series Light 3.4 de Adidas es una pala de p\u00e1del dise\u00f1ada con forma redonda, balance bajo y un punto dulce centrado, ideal para un juego defensivo preciso y controlado. Con un peso ligero de 345-360 gramos, destaca por su excelente manejabilidad, permitiendo movimientos \u00e1giles y un control superior en golpes desde la l\u00ednea de fondo. Este modelo combina ligereza, control y potencia, ofreciendo un rendimiento sobresaliente en la pista.\" \/>\n<meta name=\"robots\" content=\"index, follow, max-snippet:-1, max-image-preview:large, max-video-preview:-1\" \/>\n<link rel=\"canonical\" href=\"https:\/\/revolutionpadelstore.com\/fr\/produit\/adidas-rx-series-light-3-4-2025-3\/\" \/>\n<meta property=\"og:locale\" content=\"fr_FR\" \/>\n<meta property=\"og:type\" content=\"article\" \/>\n<meta property=\"og:title\" content=\"ADIDAS RX SERIES LIGHT 3.4 2025 - Revolution Padel Store\" \/>\n<meta property=\"og:description\" content=\"La RX Series Light 3.4 de Adidas es una pala de p\u00e1del dise\u00f1ada con forma redonda, balance bajo y un punto dulce centrado, ideal para un juego defensivo preciso y controlado. Con un peso ligero de 345-360 gramos, destaca por su excelente manejabilidad, permitiendo movimientos \u00e1giles y un control superior en golpes desde la l\u00ednea de fondo. Este modelo combina ligereza, control y potencia, ofreciendo un rendimiento sobresaliente en la pista.\" \/>\n<meta property=\"og:url\" content=\"https:\/\/revolutionpadelstore.com\/fr\/produit\/adidas-rx-series-light-3-4-2025-3\/\" \/>\n<meta property=\"og:site_name\" content=\"Revolution Padel Store\" \/>\n<meta property=\"article:modified_time\" content=\"2026-04-08T07:39:16+00:00\" \/>\n<meta property=\"og:image\" content=\"https:\/\/revolutionpadelstore.com\/wp-content\/uploads\/2024\/12\/113691-pala-adidas-rx-series-light-3-4-ar3ca1u111500x1500-1.webp\" \/>\n\t<meta property=\"og:image:width\" content=\"1500\" \/>\n\t<meta property=\"og:image:height\" content=\"1500\" \/>\n\t<meta property=\"og:image:type\" content=\"image\/webp\" \/>\n<meta name=\"twitter:card\" content=\"summary_large_image\" \/>\n<meta name=\"twitter:label1\" content=\"Dur\u00e9e de lecture estim\u00e9e\" \/>\n\t<meta name=\"twitter:data1\" content=\"2 minutes\" \/>\n<script type=\"application\/ld+json\" class=\"yoast-schema-graph\">{\"@context\":\"https:\\\/\\\/schema.org\",\"@graph\":[{\"@type\":\"WebPage\",\"@id\":\"https:\\\/\\\/revolutionpadelstore.com\\\/fr\\\/produit\\\/adidas-rx-series-light-3-4-2025-3\\\/\",\"url\":\"https:\\\/\\\/revolutionpadelstore.com\\\/fr\\\/produit\\\/adidas-rx-series-light-3-4-2025-3\\\/\",\"name\":\"ADIDAS RX SERIES LIGHT 3.4 2025 - Revolution Padel Store\",\"isPartOf\":{\"@id\":\"https:\\\/\\\/revolutionpadelstore.com\\\/fr\\\/#website\"},\"primaryImageOfPage\":{\"@id\":\"https:\\\/\\\/revolutionpadelstore.com\\\/fr\\\/produit\\\/adidas-rx-series-light-3-4-2025-3\\\/#primaryimage\"},\"image\":{\"@id\":\"https:\\\/\\\/revolutionpadelstore.com\\\/fr\\\/produit\\\/adidas-rx-series-light-3-4-2025-3\\\/#primaryimage\"},\"thumbnailUrl\":\"https:\\\/\\\/revolutionpadelstore.com\\\/wp-content\\\/uploads\\\/2024\\\/12\\\/113691-pala-adidas-rx-series-light-3-4-ar3ca1u111500x1500-1.webp\",\"datePublished\":\"2024-12-08T10:11:00+00:00\",\"dateModified\":\"2026-04-08T07:39:16+00:00\",\"description\":\"La RX Series Light 3.4 de Adidas es una pala de p\u00e1del dise\u00f1ada con forma redonda, balance bajo y un punto dulce centrado, ideal para un juego defensivo preciso y controlado. Con un peso ligero de 345-360 gramos, destaca por su excelente manejabilidad, permitiendo movimientos \u00e1giles y un control superior en golpes desde la l\u00ednea de fondo. Este modelo combina ligereza, control y potencia, ofreciendo un rendimiento sobresaliente en la pista.\",\"breadcrumb\":{\"@id\":\"https:\\\/\\\/revolutionpadelstore.com\\\/fr\\\/produit\\\/adidas-rx-series-light-3-4-2025-3\\\/#breadcrumb\"},\"inLanguage\":\"fr-FR\",\"potentialAction\":[{\"@type\":\"ReadAction\",\"target\":[\"https:\\\/\\\/revolutionpadelstore.com\\\/fr\\\/produit\\\/adidas-rx-series-light-3-4-2025-3\\\/\"]}]},{\"@type\":\"ImageObject\",\"inLanguage\":\"fr-FR\",\"@id\":\"https:\\\/\\\/revolutionpadelstore.com\\\/fr\\\/produit\\\/adidas-rx-series-light-3-4-2025-3\\\/#primaryimage\",\"url\":\"https:\\\/\\\/revolutionpadelstore.com\\\/wp-content\\\/uploads\\\/2024\\\/12\\\/113691-pala-adidas-rx-series-light-3-4-ar3ca1u111500x1500-1.webp\",\"contentUrl\":\"https:\\\/\\\/revolutionpadelstore.com\\\/wp-content\\\/uploads\\\/2024\\\/12\\\/113691-pala-adidas-rx-series-light-3-4-ar3ca1u111500x1500-1.webp\",\"width\":1500,\"height\":1500},{\"@type\":\"BreadcrumbList\",\"@id\":\"https:\\\/\\\/revolutionpadelstore.com\\\/fr\\\/produit\\\/adidas-rx-series-light-3-4-2025-3\\\/#breadcrumb\",\"itemListElement\":[{\"@type\":\"ListItem\",\"position\":1,\"name\":\"Portada\",\"item\":\"https:\\\/\\\/revolutionpadelstore.com\\\/fr\\\/\"},{\"@type\":\"ListItem\",\"position\":2,\"name\":\"Boutique\",\"item\":\"https:\\\/\\\/revolutionpadelstore.com\\\/fr\\\/tienda\\\/\"},{\"@type\":\"ListItem\",\"position\":3,\"name\":\"ADIDAS RX SERIES LIGHT 3.4 2025\"}]},{\"@type\":\"WebSite\",\"@id\":\"https:\\\/\\\/revolutionpadelstore.com\\\/fr\\\/#website\",\"url\":\"https:\\\/\\\/revolutionpadelstore.com\\\/fr\\\/\",\"name\":\"Revolution Padel Store\",\"description\":\"\",\"publisher\":{\"@id\":\"https:\\\/\\\/revolutionpadelstore.com\\\/fr\\\/#organization\"},\"potentialAction\":[{\"@type\":\"SearchAction\",\"target\":{\"@type\":\"EntryPoint\",\"urlTemplate\":\"https:\\\/\\\/revolutionpadelstore.com\\\/fr\\\/?s={search_term_string}\"},\"query-input\":{\"@type\":\"PropertyValueSpecification\",\"valueRequired\":true,\"valueName\":\"search_term_string\"}}],\"inLanguage\":\"fr-FR\"},{\"@type\":\"Organization\",\"@id\":\"https:\\\/\\\/revolutionpadelstore.com\\\/fr\\\/#organization\",\"name\":\"Revolution Padel Store\",\"url\":\"https:\\\/\\\/revolutionpadelstore.com\\\/fr\\\/\",\"logo\":{\"@type\":\"ImageObject\",\"inLanguage\":\"fr-FR\",\"@id\":\"https:\\\/\\\/revolutionpadelstore.com\\\/fr\\\/#\\\/schema\\\/logo\\\/image\\\/\",\"url\":\"https:\\\/\\\/revolutionpadelstore.com\\\/wp-content\\\/uploads\\\/2026\\\/02\\\/revolution-padel-store.jpg\",\"contentUrl\":\"https:\\\/\\\/revolutionpadelstore.com\\\/wp-content\\\/uploads\\\/2026\\\/02\\\/revolution-padel-store.jpg\",\"width\":2000,\"height\":2000,\"caption\":\"Revolution Padel Store\"},\"image\":{\"@id\":\"https:\\\/\\\/revolutionpadelstore.com\\\/fr\\\/#\\\/schema\\\/logo\\\/image\\\/\"},\"sameAs\":[\"https:\\\/\\\/www.instagram.com\\\/revolutionpadelstore\\\/\"]}]}<\/script>\n<!-- \/ Yoast SEO plugin. -->","yoast_head_json":{"title":"ADIDAS RX SERIES LIGHT 3.4 2025 - Revolution Padel Store","description":"La RX Series Light 3.4 de Adidas es una pala de p\u00e1del dise\u00f1ada con forma redonda, balance bajo y un punto dulce centrado, ideal para un juego defensivo preciso y controlado. Con un peso ligero de 345-360 gramos, destaca por su excelente manejabilidad, permitiendo movimientos \u00e1giles y un control superior en golpes desde la l\u00ednea de fondo. Este modelo combina ligereza, control y potencia, ofreciendo un rendimiento sobresaliente en la pista.","robots":{"index":"index","follow":"follow","max-snippet":"max-snippet:-1","max-image-preview":"max-image-preview:large","max-video-preview":"max-video-preview:-1"},"canonical":"https:\/\/revolutionpadelstore.com\/fr\/produit\/adidas-rx-series-light-3-4-2025-3\/","og_locale":"fr_FR","og_type":"article","og_title":"ADIDAS RX SERIES LIGHT 3.4 2025 - Revolution Padel Store","og_description":"La RX Series Light 3.4 de Adidas es una pala de p\u00e1del dise\u00f1ada con forma redonda, balance bajo y un punto dulce centrado, ideal para un juego defensivo preciso y controlado. Con un peso ligero de 345-360 gramos, destaca por su excelente manejabilidad, permitiendo movimientos \u00e1giles y un control superior en golpes desde la l\u00ednea de fondo. Este modelo combina ligereza, control y potencia, ofreciendo un rendimiento sobresaliente en la pista.","og_url":"https:\/\/revolutionpadelstore.com\/fr\/produit\/adidas-rx-series-light-3-4-2025-3\/","og_site_name":"Revolution Padel Store","article_modified_time":"2026-04-08T07:39:16+00:00","og_image":[{"width":1500,"height":1500,"url":"https:\/\/revolutionpadelstore.com\/wp-content\/uploads\/2024\/12\/113691-pala-adidas-rx-series-light-3-4-ar3ca1u111500x1500-1.webp","type":"image\/webp"}],"twitter_card":"summary_large_image","twitter_misc":{"Dur\u00e9e de lecture estim\u00e9e":"2 minutes"},"schema":{"@context":"https:\/\/schema.org","@graph":[{"@type":"WebPage","@id":"https:\/\/revolutionpadelstore.com\/fr\/produit\/adidas-rx-series-light-3-4-2025-3\/","url":"https:\/\/revolutionpadelstore.com\/fr\/produit\/adidas-rx-series-light-3-4-2025-3\/","name":"ADIDAS RX SERIES LIGHT 3.4 2025 - Revolution Padel Store","isPartOf":{"@id":"https:\/\/revolutionpadelstore.com\/fr\/#website"},"primaryImageOfPage":{"@id":"https:\/\/revolutionpadelstore.com\/fr\/produit\/adidas-rx-series-light-3-4-2025-3\/#primaryimage"},"image":{"@id":"https:\/\/revolutionpadelstore.com\/fr\/produit\/adidas-rx-series-light-3-4-2025-3\/#primaryimage"},"thumbnailUrl":"https:\/\/revolutionpadelstore.com\/wp-content\/uploads\/2024\/12\/113691-pala-adidas-rx-series-light-3-4-ar3ca1u111500x1500-1.webp","datePublished":"2024-12-08T10:11:00+00:00","dateModified":"2026-04-08T07:39:16+00:00","description":"La RX Series Light 3.4 de Adidas es una pala de p\u00e1del dise\u00f1ada con forma redonda, balance bajo y un punto dulce centrado, ideal para un juego defensivo preciso y controlado. Con un peso ligero de 345-360 gramos, destaca por su excelente manejabilidad, permitiendo movimientos \u00e1giles y un control superior en golpes desde la l\u00ednea de fondo. Este modelo combina ligereza, control y potencia, ofreciendo un rendimiento sobresaliente en la pista.","breadcrumb":{"@id":"https:\/\/revolutionpadelstore.com\/fr\/produit\/adidas-rx-series-light-3-4-2025-3\/#breadcrumb"},"inLanguage":"fr-FR","potentialAction":[{"@type":"ReadAction","target":["https:\/\/revolutionpadelstore.com\/fr\/produit\/adidas-rx-series-light-3-4-2025-3\/"]}]},{"@type":"ImageObject","inLanguage":"fr-FR","@id":"https:\/\/revolutionpadelstore.com\/fr\/produit\/adidas-rx-series-light-3-4-2025-3\/#primaryimage","url":"https:\/\/revolutionpadelstore.com\/wp-content\/uploads\/2024\/12\/113691-pala-adidas-rx-series-light-3-4-ar3ca1u111500x1500-1.webp","contentUrl":"https:\/\/revolutionpadelstore.com\/wp-content\/uploads\/2024\/12\/113691-pala-adidas-rx-series-light-3-4-ar3ca1u111500x1500-1.webp","width":1500,"height":1500},{"@type":"BreadcrumbList","@id":"https:\/\/revolutionpadelstore.com\/fr\/produit\/adidas-rx-series-light-3-4-2025-3\/#breadcrumb","itemListElement":[{"@type":"ListItem","position":1,"name":"Portada","item":"https:\/\/revolutionpadelstore.com\/fr\/"},{"@type":"ListItem","position":2,"name":"Boutique","item":"https:\/\/revolutionpadelstore.com\/fr\/tienda\/"},{"@type":"ListItem","position":3,"name":"ADIDAS RX SERIES LIGHT 3.4 2025"}]},{"@type":"WebSite","@id":"https:\/\/revolutionpadelstore.com\/fr\/#website","url":"https:\/\/revolutionpadelstore.com\/fr\/","name":"Revolution Padel Store","description":"","publisher":{"@id":"https:\/\/revolutionpadelstore.com\/fr\/#organization"},"potentialAction":[{"@type":"SearchAction","target":{"@type":"EntryPoint","urlTemplate":"https:\/\/revolutionpadelstore.com\/fr\/?s={search_term_string}"},"query-input":{"@type":"PropertyValueSpecification","valueRequired":true,"valueName":"search_term_string"}}],"inLanguage":"fr-FR"},{"@type":"Organization","@id":"https:\/\/revolutionpadelstore.com\/fr\/#organization","name":"Revolution Padel Store","url":"https:\/\/revolutionpadelstore.com\/fr\/","logo":{"@type":"ImageObject","inLanguage":"fr-FR","@id":"https:\/\/revolutionpadelstore.com\/fr\/#\/schema\/logo\/image\/","url":"https:\/\/revolutionpadelstore.com\/wp-content\/uploads\/2026\/02\/revolution-padel-store.jpg","contentUrl":"https:\/\/revolutionpadelstore.com\/wp-content\/uploads\/2026\/02\/revolution-padel-store.jpg","width":2000,"height":2000,"caption":"Revolution Padel Store"},"image":{"@id":"https:\/\/revolutionpadelstore.com\/fr\/#\/schema\/logo\/image\/"},"sameAs":["https:\/\/www.instagram.com\/revolutionpadelstore\/"]}]}},"_links":{"self":[{"href":"https:\/\/revolutionpadelstore.com\/fr\/wp-json\/wp\/v2\/product\/153629","targetHints":{"allow":["GET"]}}],"collection":[{"href":"https:\/\/revolutionpadelstore.com\/fr\/wp-json\/wp\/v2\/product"}],"about":[{"href":"https:\/\/revolutionpadelstore.com\/fr\/wp-json\/wp\/v2\/types\/product"}],"replies":[{"embeddable":true,"href":"https:\/\/revolutionpadelstore.com\/fr\/wp-json\/wp\/v2\/comments?post=153629"}],"wp:featuredmedia":[{"embeddable":true,"href":"https:\/\/revolutionpadelstore.com\/fr\/wp-json\/wp\/v2\/media\/153540"}],"wp:attachment":[{"href":"https:\/\/revolutionpadelstore.com\/fr\/wp-json\/wp\/v2\/media?parent=153629"}],"wp:term":[{"taxonomy":"acabado","embeddable":true,"href":"https:\/\/revolutionpadelstore.com\/fr\/wp-json\/wp\/v2\/acabado?post=153629"},{"taxonomy":"balance","embeddable":true,"href":"https:\/\/revolutionpadelstore.com\/fr\/wp-json\/wp\/v2\/balance?post=153629"},{"taxonomy":"dureza","embeddable":true,"href":"https:\/\/revolutionpadelstore.com\/fr\/wp-json\/wp\/v2\/dureza?post=153629"},{"taxonomy":"forma","embeddable":true,"href":"https:\/\/revolutionpadelstore.com\/fr\/wp-json\/wp\/v2\/forma?post=153629"},{"taxonomy":"jugador","embeddable":true,"href":"https:\/\/revolutionpadelstore.com\/fr\/wp-json\/wp\/v2\/jugador?post=153629"},{"taxonomy":"marca","embeddable":true,"href":"https:\/\/revolutionpadelstore.com\/fr\/wp-json\/wp\/v2\/marca?post=153629"},{"taxonomy":"nivel-de-juego","embeddable":true,"href":"https:\/\/revolutionpadelstore.com\/fr\/wp-json\/wp\/v2\/nivel-de-juego?post=153629"},{"taxonomy":"superficie","embeddable":true,"href":"https:\/\/revolutionpadelstore.com\/fr\/wp-json\/wp\/v2\/superficie?post=153629"},{"taxonomy":"tipo-de-juego","embeddable":true,"href":"https:\/\/revolutionpadelstore.com\/fr\/wp-json\/wp\/v2\/tipo-de-juego?post=153629"},{"taxonomy":"product_brand","embeddable":true,"href":"https:\/\/revolutionpadelstore.com\/fr\/wp-json\/wp\/v2\/product_brand?post=153629"},{"taxonomy":"product_cat","embeddable":true,"href":"https:\/\/revolutionpadelstore.com\/fr\/wp-json\/wp\/v2\/product_cat?post=153629"},{"taxonomy":"product_tag","embeddable":true,"href":"https:\/\/revolutionpadelstore.com\/fr\/wp-json\/wp\/v2\/product_tag?post=153629"}],"curies":[{"name":"wp","href":"https:\/\/api.w.org\/{rel}","templated":true}]}}