{"id":153527,"date":"2024-12-08T11:01:21","date_gmt":"2024-12-08T10:01:21","guid":{"rendered":"https:\/\/revolutionpadelstore.com\/adidas-cross-it-team-2025\/"},"modified":"2026-04-08T09:39:47","modified_gmt":"2026-04-08T07:39:47","slug":"adidas-cross-it-team-2025-3","status":"publish","type":"product","link":"https:\/\/revolutionpadelstore.com\/fr\/produit\/adidas-cross-it-team-2025-3\/","title":{"rendered":"ADIDAS CROSS IT TEAM 2025"},"content":{"rendered":"<h2> <strong> adidas Cross It Team 2025: puissance extr\u00eame et performance<br \/>\nLa <strong> adidas Cross IT Team 2025 <\/strong> est la pelle parfaite pour les joueurs \u00e0 la recherche d&#8217;un \u00e9quilibre entre la puissance, le contr\u00f4le et la gestion. Con\u00e7u en forme de diamant surdimensionn\u00e9 et un \u00e9quilibre \u00e9lev\u00e9, il offre une grande surface \u00e0 succ\u00e8s, id\u00e9ale pour un jeu offensif plein de force et de pr\u00e9cision. Sa construction avec des mat\u00e9riaux de haute qualit\u00e9 et des technologies innovantes garantissent des performances plus \u00e9lev\u00e9es dans chaque coup.<\/p>\n<h2> <strong> Con\u00e7u pour les joueurs avanc\u00e9s <\/strong> <\/h2>\n<p>La <strong> Cross IT Team 2025 <\/strong> s&#8217;adresse aux joueurs de niveau avanc\u00e9 qui priorisent la puissance dans leurs coups et cherchent \u00e0 mettre en \u00e9vidence dans l&#8217;attaque. Avec un poids de 360-375 grammes, cette pelle offre une grande gestion et une maniabilit\u00e9, parfaite pour une formation intensive et des comp\u00e9titions de haut niveau.<\/p>\n<h2> <strong> Caract\u00e9ristiques cl\u00e9s et technologies avanc\u00e9es <\/strong> <\/h2>\n<p><P> <strong> -fiberge Plans: <\/strong> Fournissez une touche douce et am\u00e9liorez la gestion de chaque coup.<br \/>\n<P> <strong> -nuco eva Performance douce: <\/strong> caoutchouc basse densit\u00e9 qui garantit une sortie de balle exceptionnelle et un grand confort.<\/p>\n<p> <strong> -Power EXTRA GRIP: <\/strong> \u00e9tend la poign\u00e9e pour augmenter la puissance en g\u00e9n\u00e9rant une plus grande inertie dans les coups.<br \/>\n<P style=\"padding-left: 40px\"> <strong> -Dynamique d&#8217;air: <\/strong> Provision de trous qui r\u00e9duit la r\u00e9sistance \u00e0 l&#8217;air, am\u00e9liorant la maniabilit\u00e9.<\/p>\n<p> <strong> -reliever Spin Blade Decal: <\/strong> texture dans les plans qui augmentent le contr\u00f4le et permet de g\u00e9n\u00e9rer un plus grand effet sur la balle.<br \/>\n<P> <strong> -Samante Oversize Diamond: <\/strong> fournit un \u00e9quilibre \u00e9lev\u00e9 pour maximiser la puissance des coups offensifs.<\/p>\n<h2> <strong> Disponible au Revolution Padel Store <\/strong> <\/h2>\n<p>Faites passer votre jeu au niveau sup\u00e9rieur avec la <strong> adidas Cross IT Team 2025 <\/strong>, la pelle id\u00e9ale pour les joueurs avanc\u00e9s \u00e0 la recherche d&#8217;une puissance et d&#8217;une pr\u00e9cision extr\u00eames dans chaque coup. Avec sa conception innovante et son \u00e9tat de technologies -art, il sera votre meilleur alli\u00e9 de ma\u00eetriser la piste. Obtenez avec elle maintenant!<\/p>\n<h2><strong>Adidas Cross It Team 2025: potencia y rendimiento extremo<\/strong><\/p>\n","protected":false},"excerpt":{"rendered":"<p>La <strong> adidas Cross IT Team <\/strong> est une pelle avec <strong> forme de diamant oversize <\/strong> et d&#8217;excellentes performances de piste. Id\u00e9al pour les joueurs avanc\u00e9s qui cherchent \u00e0 se d\u00e9marquer dans l&#8217;attaque et \u00e0 maximiser leur jeu offensif.<strong>Adidas Cross It Team<\/strong><\/p>\n","protected":false},"featured_media":153486,"comment_status":"open","ping_status":"closed","template":"","meta":{"_acf_changed":false,"_joinchat":[]},"acabado":[1092],"balance":[1137],"dureza":[1157],"forma":[1172],"jugador":[1192,1202],"marca":[1232],"nivel-de-juego":[1337],"superficie":[1362],"tipo-de-juego":[1377],"product_brand":[],"product_cat":[302],"product_tag":[],"class_list":{"0":"post-153527","1":"product","2":"type-product","3":"status-publish","4":"has-post-thumbnail","6":"acabado-soulager-la-3d","7":"balance-eleve","8":"dureza-media-fr","9":"forma-diamant","10":"jugador-homme","11":"jugador-polivalente-fr","12":"marca-adidas-fr","13":"superficie-rugosa-fr","14":"tipo-de-juego-puissance","15":"product_cat-palas-de-padel-fr","17":"first","18":"instock","19":"sale","20":"taxable","21":"shipping-taxable","22":"purchasable","23":"product-type-simple"},"acf":[],"yoast_head":"<!-- This site is optimized with the Yoast SEO plugin v27.4 - https:\/\/yoast.com\/product\/yoast-seo-wordpress\/ -->\n<title>ADIDAS CROSS IT TEAM 2025 - Revolution Padel Store<\/title>\n<meta name=\"description\" content=\"La Adidas Cross It Team 2025 es la pala perfecta para los jugadores que buscan un equilibrio entre potencia, control y manejabilidad. Dise\u00f1ada con forma de diamante oversize y un balance alto, ofrece una gran superficie de golpeo, ideal para un juego ofensivo lleno de fuerza y precisi\u00f3n. Su construcci\u00f3n con materiales de alta calidad y tecnolog\u00edas innovadoras garantiza un rendimiento superior en cada golpe.\" \/>\n<meta name=\"robots\" content=\"index, follow, max-snippet:-1, max-image-preview:large, max-video-preview:-1\" \/>\n<link rel=\"canonical\" href=\"https:\/\/revolutionpadelstore.com\/fr\/produit\/adidas-cross-it-team-2025-3\/\" \/>\n<meta property=\"og:locale\" content=\"fr_FR\" \/>\n<meta property=\"og:type\" content=\"article\" \/>\n<meta property=\"og:title\" content=\"ADIDAS CROSS IT TEAM 2025 - Revolution Padel Store\" \/>\n<meta property=\"og:description\" content=\"La Adidas Cross It Team 2025 es la pala perfecta para los jugadores que buscan un equilibrio entre potencia, control y manejabilidad. Dise\u00f1ada con forma de diamante oversize y un balance alto, ofrece una gran superficie de golpeo, ideal para un juego ofensivo lleno de fuerza y precisi\u00f3n. Su construcci\u00f3n con materiales de alta calidad y tecnolog\u00edas innovadoras garantiza un rendimiento superior en cada golpe.\" \/>\n<meta property=\"og:url\" content=\"https:\/\/revolutionpadelstore.com\/fr\/produit\/adidas-cross-it-team-2025-3\/\" \/>\n<meta property=\"og:site_name\" content=\"Revolution Padel Store\" \/>\n<meta property=\"article:modified_time\" content=\"2026-04-08T07:39:47+00:00\" \/>\n<meta property=\"og:image\" content=\"https:\/\/revolutionpadelstore.com\/wp-content\/uploads\/2024\/12\/113681-pala-adidas-cross-lt-team-ar2aa1u231500x1500-1.webp\" \/>\n\t<meta property=\"og:image:width\" content=\"1500\" \/>\n\t<meta property=\"og:image:height\" content=\"1500\" \/>\n\t<meta property=\"og:image:type\" content=\"image\/webp\" \/>\n<meta name=\"twitter:card\" content=\"summary_large_image\" \/>\n<meta name=\"twitter:label1\" content=\"Dur\u00e9e de lecture estim\u00e9e\" \/>\n\t<meta name=\"twitter:data1\" content=\"2 minutes\" \/>\n<script type=\"application\/ld+json\" class=\"yoast-schema-graph\">{\"@context\":\"https:\\\/\\\/schema.org\",\"@graph\":[{\"@type\":\"WebPage\",\"@id\":\"https:\\\/\\\/revolutionpadelstore.com\\\/fr\\\/produit\\\/adidas-cross-it-team-2025-3\\\/\",\"url\":\"https:\\\/\\\/revolutionpadelstore.com\\\/fr\\\/produit\\\/adidas-cross-it-team-2025-3\\\/\",\"name\":\"ADIDAS CROSS IT TEAM 2025 - Revolution Padel Store\",\"isPartOf\":{\"@id\":\"https:\\\/\\\/revolutionpadelstore.com\\\/fr\\\/#website\"},\"primaryImageOfPage\":{\"@id\":\"https:\\\/\\\/revolutionpadelstore.com\\\/fr\\\/produit\\\/adidas-cross-it-team-2025-3\\\/#primaryimage\"},\"image\":{\"@id\":\"https:\\\/\\\/revolutionpadelstore.com\\\/fr\\\/produit\\\/adidas-cross-it-team-2025-3\\\/#primaryimage\"},\"thumbnailUrl\":\"https:\\\/\\\/revolutionpadelstore.com\\\/wp-content\\\/uploads\\\/2024\\\/12\\\/113681-pala-adidas-cross-lt-team-ar2aa1u231500x1500-1.webp\",\"datePublished\":\"2024-12-08T10:01:21+00:00\",\"dateModified\":\"2026-04-08T07:39:47+00:00\",\"description\":\"La Adidas Cross It Team 2025 es la pala perfecta para los jugadores que buscan un equilibrio entre potencia, control y manejabilidad. Dise\u00f1ada con forma de diamante oversize y un balance alto, ofrece una gran superficie de golpeo, ideal para un juego ofensivo lleno de fuerza y precisi\u00f3n. Su construcci\u00f3n con materiales de alta calidad y tecnolog\u00edas innovadoras garantiza un rendimiento superior en cada golpe.\",\"breadcrumb\":{\"@id\":\"https:\\\/\\\/revolutionpadelstore.com\\\/fr\\\/produit\\\/adidas-cross-it-team-2025-3\\\/#breadcrumb\"},\"inLanguage\":\"fr-FR\",\"potentialAction\":[{\"@type\":\"ReadAction\",\"target\":[\"https:\\\/\\\/revolutionpadelstore.com\\\/fr\\\/produit\\\/adidas-cross-it-team-2025-3\\\/\"]}]},{\"@type\":\"ImageObject\",\"inLanguage\":\"fr-FR\",\"@id\":\"https:\\\/\\\/revolutionpadelstore.com\\\/fr\\\/produit\\\/adidas-cross-it-team-2025-3\\\/#primaryimage\",\"url\":\"https:\\\/\\\/revolutionpadelstore.com\\\/wp-content\\\/uploads\\\/2024\\\/12\\\/113681-pala-adidas-cross-lt-team-ar2aa1u231500x1500-1.webp\",\"contentUrl\":\"https:\\\/\\\/revolutionpadelstore.com\\\/wp-content\\\/uploads\\\/2024\\\/12\\\/113681-pala-adidas-cross-lt-team-ar2aa1u231500x1500-1.webp\",\"width\":1500,\"height\":1500},{\"@type\":\"BreadcrumbList\",\"@id\":\"https:\\\/\\\/revolutionpadelstore.com\\\/fr\\\/produit\\\/adidas-cross-it-team-2025-3\\\/#breadcrumb\",\"itemListElement\":[{\"@type\":\"ListItem\",\"position\":1,\"name\":\"Portada\",\"item\":\"https:\\\/\\\/revolutionpadelstore.com\\\/fr\\\/\"},{\"@type\":\"ListItem\",\"position\":2,\"name\":\"Boutique\",\"item\":\"https:\\\/\\\/revolutionpadelstore.com\\\/fr\\\/tienda\\\/\"},{\"@type\":\"ListItem\",\"position\":3,\"name\":\"ADIDAS CROSS IT TEAM 2025\"}]},{\"@type\":\"WebSite\",\"@id\":\"https:\\\/\\\/revolutionpadelstore.com\\\/fr\\\/#website\",\"url\":\"https:\\\/\\\/revolutionpadelstore.com\\\/fr\\\/\",\"name\":\"Revolution Padel Store\",\"description\":\"\",\"publisher\":{\"@id\":\"https:\\\/\\\/revolutionpadelstore.com\\\/fr\\\/#organization\"},\"potentialAction\":[{\"@type\":\"SearchAction\",\"target\":{\"@type\":\"EntryPoint\",\"urlTemplate\":\"https:\\\/\\\/revolutionpadelstore.com\\\/fr\\\/?s={search_term_string}\"},\"query-input\":{\"@type\":\"PropertyValueSpecification\",\"valueRequired\":true,\"valueName\":\"search_term_string\"}}],\"inLanguage\":\"fr-FR\"},{\"@type\":\"Organization\",\"@id\":\"https:\\\/\\\/revolutionpadelstore.com\\\/fr\\\/#organization\",\"name\":\"Revolution Padel Store\",\"url\":\"https:\\\/\\\/revolutionpadelstore.com\\\/fr\\\/\",\"logo\":{\"@type\":\"ImageObject\",\"inLanguage\":\"fr-FR\",\"@id\":\"https:\\\/\\\/revolutionpadelstore.com\\\/fr\\\/#\\\/schema\\\/logo\\\/image\\\/\",\"url\":\"https:\\\/\\\/revolutionpadelstore.com\\\/wp-content\\\/uploads\\\/2026\\\/02\\\/revolution-padel-store.jpg\",\"contentUrl\":\"https:\\\/\\\/revolutionpadelstore.com\\\/wp-content\\\/uploads\\\/2026\\\/02\\\/revolution-padel-store.jpg\",\"width\":2000,\"height\":2000,\"caption\":\"Revolution Padel Store\"},\"image\":{\"@id\":\"https:\\\/\\\/revolutionpadelstore.com\\\/fr\\\/#\\\/schema\\\/logo\\\/image\\\/\"},\"sameAs\":[\"https:\\\/\\\/www.instagram.com\\\/revolutionpadelstore\\\/\"]}]}<\/script>\n<!-- \/ Yoast SEO plugin. -->","yoast_head_json":{"title":"ADIDAS CROSS IT TEAM 2025 - Revolution Padel Store","description":"La Adidas Cross It Team 2025 es la pala perfecta para los jugadores que buscan un equilibrio entre potencia, control y manejabilidad. Dise\u00f1ada con forma de diamante oversize y un balance alto, ofrece una gran superficie de golpeo, ideal para un juego ofensivo lleno de fuerza y precisi\u00f3n. Su construcci\u00f3n con materiales de alta calidad y tecnolog\u00edas innovadoras garantiza un rendimiento superior en cada golpe.","robots":{"index":"index","follow":"follow","max-snippet":"max-snippet:-1","max-image-preview":"max-image-preview:large","max-video-preview":"max-video-preview:-1"},"canonical":"https:\/\/revolutionpadelstore.com\/fr\/produit\/adidas-cross-it-team-2025-3\/","og_locale":"fr_FR","og_type":"article","og_title":"ADIDAS CROSS IT TEAM 2025 - Revolution Padel Store","og_description":"La Adidas Cross It Team 2025 es la pala perfecta para los jugadores que buscan un equilibrio entre potencia, control y manejabilidad. Dise\u00f1ada con forma de diamante oversize y un balance alto, ofrece una gran superficie de golpeo, ideal para un juego ofensivo lleno de fuerza y precisi\u00f3n. Su construcci\u00f3n con materiales de alta calidad y tecnolog\u00edas innovadoras garantiza un rendimiento superior en cada golpe.","og_url":"https:\/\/revolutionpadelstore.com\/fr\/produit\/adidas-cross-it-team-2025-3\/","og_site_name":"Revolution Padel Store","article_modified_time":"2026-04-08T07:39:47+00:00","og_image":[{"width":1500,"height":1500,"url":"https:\/\/revolutionpadelstore.com\/wp-content\/uploads\/2024\/12\/113681-pala-adidas-cross-lt-team-ar2aa1u231500x1500-1.webp","type":"image\/webp"}],"twitter_card":"summary_large_image","twitter_misc":{"Dur\u00e9e de lecture estim\u00e9e":"2 minutes"},"schema":{"@context":"https:\/\/schema.org","@graph":[{"@type":"WebPage","@id":"https:\/\/revolutionpadelstore.com\/fr\/produit\/adidas-cross-it-team-2025-3\/","url":"https:\/\/revolutionpadelstore.com\/fr\/produit\/adidas-cross-it-team-2025-3\/","name":"ADIDAS CROSS IT TEAM 2025 - Revolution Padel Store","isPartOf":{"@id":"https:\/\/revolutionpadelstore.com\/fr\/#website"},"primaryImageOfPage":{"@id":"https:\/\/revolutionpadelstore.com\/fr\/produit\/adidas-cross-it-team-2025-3\/#primaryimage"},"image":{"@id":"https:\/\/revolutionpadelstore.com\/fr\/produit\/adidas-cross-it-team-2025-3\/#primaryimage"},"thumbnailUrl":"https:\/\/revolutionpadelstore.com\/wp-content\/uploads\/2024\/12\/113681-pala-adidas-cross-lt-team-ar2aa1u231500x1500-1.webp","datePublished":"2024-12-08T10:01:21+00:00","dateModified":"2026-04-08T07:39:47+00:00","description":"La Adidas Cross It Team 2025 es la pala perfecta para los jugadores que buscan un equilibrio entre potencia, control y manejabilidad. Dise\u00f1ada con forma de diamante oversize y un balance alto, ofrece una gran superficie de golpeo, ideal para un juego ofensivo lleno de fuerza y precisi\u00f3n. Su construcci\u00f3n con materiales de alta calidad y tecnolog\u00edas innovadoras garantiza un rendimiento superior en cada golpe.","breadcrumb":{"@id":"https:\/\/revolutionpadelstore.com\/fr\/produit\/adidas-cross-it-team-2025-3\/#breadcrumb"},"inLanguage":"fr-FR","potentialAction":[{"@type":"ReadAction","target":["https:\/\/revolutionpadelstore.com\/fr\/produit\/adidas-cross-it-team-2025-3\/"]}]},{"@type":"ImageObject","inLanguage":"fr-FR","@id":"https:\/\/revolutionpadelstore.com\/fr\/produit\/adidas-cross-it-team-2025-3\/#primaryimage","url":"https:\/\/revolutionpadelstore.com\/wp-content\/uploads\/2024\/12\/113681-pala-adidas-cross-lt-team-ar2aa1u231500x1500-1.webp","contentUrl":"https:\/\/revolutionpadelstore.com\/wp-content\/uploads\/2024\/12\/113681-pala-adidas-cross-lt-team-ar2aa1u231500x1500-1.webp","width":1500,"height":1500},{"@type":"BreadcrumbList","@id":"https:\/\/revolutionpadelstore.com\/fr\/produit\/adidas-cross-it-team-2025-3\/#breadcrumb","itemListElement":[{"@type":"ListItem","position":1,"name":"Portada","item":"https:\/\/revolutionpadelstore.com\/fr\/"},{"@type":"ListItem","position":2,"name":"Boutique","item":"https:\/\/revolutionpadelstore.com\/fr\/tienda\/"},{"@type":"ListItem","position":3,"name":"ADIDAS CROSS IT TEAM 2025"}]},{"@type":"WebSite","@id":"https:\/\/revolutionpadelstore.com\/fr\/#website","url":"https:\/\/revolutionpadelstore.com\/fr\/","name":"Revolution Padel Store","description":"","publisher":{"@id":"https:\/\/revolutionpadelstore.com\/fr\/#organization"},"potentialAction":[{"@type":"SearchAction","target":{"@type":"EntryPoint","urlTemplate":"https:\/\/revolutionpadelstore.com\/fr\/?s={search_term_string}"},"query-input":{"@type":"PropertyValueSpecification","valueRequired":true,"valueName":"search_term_string"}}],"inLanguage":"fr-FR"},{"@type":"Organization","@id":"https:\/\/revolutionpadelstore.com\/fr\/#organization","name":"Revolution Padel Store","url":"https:\/\/revolutionpadelstore.com\/fr\/","logo":{"@type":"ImageObject","inLanguage":"fr-FR","@id":"https:\/\/revolutionpadelstore.com\/fr\/#\/schema\/logo\/image\/","url":"https:\/\/revolutionpadelstore.com\/wp-content\/uploads\/2026\/02\/revolution-padel-store.jpg","contentUrl":"https:\/\/revolutionpadelstore.com\/wp-content\/uploads\/2026\/02\/revolution-padel-store.jpg","width":2000,"height":2000,"caption":"Revolution Padel Store"},"image":{"@id":"https:\/\/revolutionpadelstore.com\/fr\/#\/schema\/logo\/image\/"},"sameAs":["https:\/\/www.instagram.com\/revolutionpadelstore\/"]}]}},"_links":{"self":[{"href":"https:\/\/revolutionpadelstore.com\/fr\/wp-json\/wp\/v2\/product\/153527","targetHints":{"allow":["GET"]}}],"collection":[{"href":"https:\/\/revolutionpadelstore.com\/fr\/wp-json\/wp\/v2\/product"}],"about":[{"href":"https:\/\/revolutionpadelstore.com\/fr\/wp-json\/wp\/v2\/types\/product"}],"replies":[{"embeddable":true,"href":"https:\/\/revolutionpadelstore.com\/fr\/wp-json\/wp\/v2\/comments?post=153527"}],"wp:featuredmedia":[{"embeddable":true,"href":"https:\/\/revolutionpadelstore.com\/fr\/wp-json\/wp\/v2\/media\/153486"}],"wp:attachment":[{"href":"https:\/\/revolutionpadelstore.com\/fr\/wp-json\/wp\/v2\/media?parent=153527"}],"wp:term":[{"taxonomy":"acabado","embeddable":true,"href":"https:\/\/revolutionpadelstore.com\/fr\/wp-json\/wp\/v2\/acabado?post=153527"},{"taxonomy":"balance","embeddable":true,"href":"https:\/\/revolutionpadelstore.com\/fr\/wp-json\/wp\/v2\/balance?post=153527"},{"taxonomy":"dureza","embeddable":true,"href":"https:\/\/revolutionpadelstore.com\/fr\/wp-json\/wp\/v2\/dureza?post=153527"},{"taxonomy":"forma","embeddable":true,"href":"https:\/\/revolutionpadelstore.com\/fr\/wp-json\/wp\/v2\/forma?post=153527"},{"taxonomy":"jugador","embeddable":true,"href":"https:\/\/revolutionpadelstore.com\/fr\/wp-json\/wp\/v2\/jugador?post=153527"},{"taxonomy":"marca","embeddable":true,"href":"https:\/\/revolutionpadelstore.com\/fr\/wp-json\/wp\/v2\/marca?post=153527"},{"taxonomy":"nivel-de-juego","embeddable":true,"href":"https:\/\/revolutionpadelstore.com\/fr\/wp-json\/wp\/v2\/nivel-de-juego?post=153527"},{"taxonomy":"superficie","embeddable":true,"href":"https:\/\/revolutionpadelstore.com\/fr\/wp-json\/wp\/v2\/superficie?post=153527"},{"taxonomy":"tipo-de-juego","embeddable":true,"href":"https:\/\/revolutionpadelstore.com\/fr\/wp-json\/wp\/v2\/tipo-de-juego?post=153527"},{"taxonomy":"product_brand","embeddable":true,"href":"https:\/\/revolutionpadelstore.com\/fr\/wp-json\/wp\/v2\/product_brand?post=153527"},{"taxonomy":"product_cat","embeddable":true,"href":"https:\/\/revolutionpadelstore.com\/fr\/wp-json\/wp\/v2\/product_cat?post=153527"},{"taxonomy":"product_tag","embeddable":true,"href":"https:\/\/revolutionpadelstore.com\/fr\/wp-json\/wp\/v2\/product_tag?post=153527"}],"curies":[{"name":"wp","href":"https:\/\/api.w.org\/{rel}","templated":true}]}}