{"id":153416,"date":"2024-12-08T10:40:57","date_gmt":"2024-12-08T09:40:57","guid":{"rendered":"https:\/\/revolutionpadelstore.com\/adidas-adipower-carbon-light-2025\/"},"modified":"2026-04-08T09:40:47","modified_gmt":"2026-04-08T07:40:47","slug":"adidas-adipower-carbon-light-2025-3","status":"publish","type":"product","link":"https:\/\/revolutionpadelstore.com\/fr\/produit\/adidas-adipower-carbon-light-2025-3\/","title":{"rendered":"ADIDAS ADIPOWER CARBON LIGHT 2025"},"content":{"rendered":"<h2> <strong> adidas Adipower Carbon Light 2025: Light and High Performance Paddle Phel<br \/>\nLe <strong> adidas Adiper Carbon Light 2025 <\/strong> est une pelle \u00e0 palette avec un format rond, id\u00e9al pour ceux qui appr\u00e9cient la l\u00e9g\u00e8ret\u00e9 sans renoncer \u00e0 un jeu pr\u00e9cis et puissant. Ce mod\u00e8le int\u00e8gre Adidas Advanced Technologies, offrant un \u00e9quilibre parfait entre le contr\u00f4le et la puissance. Sa conception dans les tons noirs, argent\u00e9s et blancs lui donne un air moderne et sophistiqu\u00e9, tandis que sa construction en carbone 18K garantit une durabilit\u00e9 exceptionnelle.<\/p>\n<h2> <strong> Con\u00e7u pour les joueurs avanc\u00e9s <\/strong> <\/h2>\n<p>Con\u00e7u sp\u00e9cifiquement pour les joueurs exp\u00e9riment\u00e9s, cette pelle offre un poids r\u00e9duit (345-360 g), ce qui facilite une plus grande maniabilit\u00e9 et vitesse dans les mouvements. C&#8217;est un outil id\u00e9al pour ceux qui recherchent la pr\u00e9cision des coups d\u00e9fensifs, avec la possibilit\u00e9 d&#8217;imprimer la puissance lorsque le jeu l&#8217;exige. Parfait pour une formation intensive et des comp\u00e9titions de haut niveau.<\/p>\n<h2> <strong> Sp\u00e9cifications et technologies cl\u00e9s <\/strong> <\/h2>\n<p style=\"padding-left: 40px\"> <strong> -format: <\/strong> rond, optimis\u00e9 pour un contr\u00f4le sup\u00e9rieur.<\/p>\n<p> <strong> -Peso: <\/strong> entre 345-360 g, id\u00e9al pour les mouvements rapides et confortables.<\/p>\n<p> <strong> -Superficie: <\/strong> fabriqu\u00e9 avec du carbone 18K, qui offre une rigidit\u00e9 et une r\u00e9sistance exceptionnelles.<br \/>\n<P> <strong> -NuCole: <\/strong> Performance douce EVA, con\u00e7ue pour une plus grande sortie de balle et un confort dans l&#8217;impact.<\/p>\n<p> <strong> -Dual Exosquelette: <\/strong> renforce \u00e0 la fois le noyau et le cadre, offrant une plus grande stabilit\u00e9.<br \/>\n<P> <strong> -Power Rossed Ridge: <\/strong> Renforcements de carbone qui augmentent la rigidit\u00e9 des coups offensifs.<br \/>\n<P> <strong> -Spin Blade Moule: <\/strong> texture 3D qui permet d&#8217;appliquer des effets avec une plus grande pr\u00e9cision.<\/p>\n<p> <strong> -Smart trous Courbe: <\/strong> Disposition strat\u00e9gique des trous pour optimiser les effets et le contr\u00f4le.<\/p>\n<h2> <strong> Disponible au Revolution Padel Store <\/strong> <\/h2>\n<p>Le <strong> adidas Adiper Carbon Light 2025 <\/strong> est le choix id\u00e9al pour les joueurs avanc\u00e9s \u00e0 la recherche d&#8217;une pelle l\u00e9g\u00e8re et \u00e9l\u00e9gante et avec les meilleurs avantages technologiques. Maximisez votre agilit\u00e9 et votre pr\u00e9cision sur la piste avec ce mod\u00e8le de derni\u00e8re g\u00e9n\u00e9ration.<\/p>\n<h2><strong>Adidas Adipower Carbon Light 2025: pala de p\u00e1del ligera y de alto rendimiento<\/strong><\/p>\n","protected":false},"excerpt":{"rendered":"<p>Le <strong> adidas Adiper Carbon Light 2025 <\/strong> se distingue par son \u00e9quilibre parfait entre la l\u00e9g\u00e8ret\u00e9, le contr\u00f4le et la puissance, gr\u00e2ce \u00e0 sa technologie innovante. Il est sp\u00e9cialement con\u00e7u pour les joueurs avanc\u00e9s qui priorisent la pr\u00e9cision et le confort dans chaque mouvement \u00e0 l&#8217;int\u00e9rieur de la piste.<strong>Adidas Adipower Carbon Light 2025<\/strong><\/p>\n","protected":false},"featured_media":153369,"comment_status":"open","ping_status":"closed","template":"","meta":{"_acf_changed":false,"_joinchat":[]},"acabado":[1092],"balance":[1147],"dureza":[1157],"forma":[1182],"jugador":[1197],"marca":[1232],"nivel-de-juego":[1337],"superficie":[1362],"tipo-de-juego":[1372],"product_brand":[],"product_cat":[302],"product_tag":[],"class_list":{"0":"post-153416","1":"product","2":"type-product","3":"status-publish","4":"has-post-thumbnail","6":"acabado-soulager-la-3d","7":"balance-faible","8":"dureza-media-fr","9":"forma-rond","10":"jugador-mujer-fr","11":"marca-adidas-fr","12":"superficie-rugosa-fr","13":"tipo-de-juego-control-fr","14":"product_cat-palas-de-padel-fr","16":"first","17":"instock","18":"sale","19":"taxable","20":"shipping-taxable","21":"purchasable","22":"product-type-simple"},"acf":[],"yoast_head":"<!-- This site is optimized with the Yoast SEO plugin v27.4 - https:\/\/yoast.com\/product\/yoast-seo-wordpress\/ -->\n<title>ADIDAS ADIPOWER CARBON LIGHT 2025 - Revolution Padel Store<\/title>\n<meta name=\"description\" content=\"La Adidas Adipower Carbon Light 2025 es una pala de p\u00e1del con formato redondo, ideal para quienes valoran la ligereza sin renunciar a un juego preciso y potente. Este modelo integra tecnolog\u00edas avanzadas de Adidas, proporcionando un equilibrio perfecto entre control y potencia. Su dise\u00f1o en tonos negro, plata y blanco le aporta un aire moderno y sofisticado, mientras que su construcci\u00f3n con carbono 18K garantiza una durabilidad excepcional.\" \/>\n<meta name=\"robots\" content=\"index, follow, max-snippet:-1, max-image-preview:large, max-video-preview:-1\" \/>\n<link rel=\"canonical\" href=\"https:\/\/revolutionpadelstore.com\/fr\/produit\/adidas-adipower-carbon-light-2025-3\/\" \/>\n<meta property=\"og:locale\" content=\"fr_FR\" \/>\n<meta property=\"og:type\" content=\"article\" \/>\n<meta property=\"og:title\" content=\"ADIDAS ADIPOWER CARBON LIGHT 2025 - Revolution Padel Store\" \/>\n<meta property=\"og:description\" content=\"La Adidas Adipower Carbon Light 2025 es una pala de p\u00e1del con formato redondo, ideal para quienes valoran la ligereza sin renunciar a un juego preciso y potente. Este modelo integra tecnolog\u00edas avanzadas de Adidas, proporcionando un equilibrio perfecto entre control y potencia. Su dise\u00f1o en tonos negro, plata y blanco le aporta un aire moderno y sofisticado, mientras que su construcci\u00f3n con carbono 18K garantiza una durabilidad excepcional.\" \/>\n<meta property=\"og:url\" content=\"https:\/\/revolutionpadelstore.com\/fr\/produit\/adidas-adipower-carbon-light-2025-3\/\" \/>\n<meta property=\"og:site_name\" content=\"Revolution Padel Store\" \/>\n<meta property=\"article:modified_time\" content=\"2026-04-08T07:40:47+00:00\" \/>\n<meta property=\"og:image\" content=\"https:\/\/revolutionpadelstore.com\/wp-content\/uploads\/2024\/12\/113674-pala-adidas-adipower-carbon-light-ar1ca4u681500x1500-1.webp\" \/>\n\t<meta property=\"og:image:width\" content=\"1500\" \/>\n\t<meta property=\"og:image:height\" content=\"1500\" \/>\n\t<meta property=\"og:image:type\" content=\"image\/webp\" \/>\n<meta name=\"twitter:card\" content=\"summary_large_image\" \/>\n<meta name=\"twitter:label1\" content=\"Dur\u00e9e de lecture estim\u00e9e\" \/>\n\t<meta name=\"twitter:data1\" content=\"2 minutes\" \/>\n<script type=\"application\/ld+json\" class=\"yoast-schema-graph\">{\"@context\":\"https:\\\/\\\/schema.org\",\"@graph\":[{\"@type\":\"WebPage\",\"@id\":\"https:\\\/\\\/revolutionpadelstore.com\\\/fr\\\/produit\\\/adidas-adipower-carbon-light-2025-3\\\/\",\"url\":\"https:\\\/\\\/revolutionpadelstore.com\\\/fr\\\/produit\\\/adidas-adipower-carbon-light-2025-3\\\/\",\"name\":\"ADIDAS ADIPOWER CARBON LIGHT 2025 - Revolution Padel Store\",\"isPartOf\":{\"@id\":\"https:\\\/\\\/revolutionpadelstore.com\\\/fr\\\/#website\"},\"primaryImageOfPage\":{\"@id\":\"https:\\\/\\\/revolutionpadelstore.com\\\/fr\\\/produit\\\/adidas-adipower-carbon-light-2025-3\\\/#primaryimage\"},\"image\":{\"@id\":\"https:\\\/\\\/revolutionpadelstore.com\\\/fr\\\/produit\\\/adidas-adipower-carbon-light-2025-3\\\/#primaryimage\"},\"thumbnailUrl\":\"https:\\\/\\\/revolutionpadelstore.com\\\/wp-content\\\/uploads\\\/2024\\\/12\\\/113674-pala-adidas-adipower-carbon-light-ar1ca4u681500x1500-1.webp\",\"datePublished\":\"2024-12-08T09:40:57+00:00\",\"dateModified\":\"2026-04-08T07:40:47+00:00\",\"description\":\"La Adidas Adipower Carbon Light 2025 es una pala de p\u00e1del con formato redondo, ideal para quienes valoran la ligereza sin renunciar a un juego preciso y potente. Este modelo integra tecnolog\u00edas avanzadas de Adidas, proporcionando un equilibrio perfecto entre control y potencia. Su dise\u00f1o en tonos negro, plata y blanco le aporta un aire moderno y sofisticado, mientras que su construcci\u00f3n con carbono 18K garantiza una durabilidad excepcional.\",\"breadcrumb\":{\"@id\":\"https:\\\/\\\/revolutionpadelstore.com\\\/fr\\\/produit\\\/adidas-adipower-carbon-light-2025-3\\\/#breadcrumb\"},\"inLanguage\":\"fr-FR\",\"potentialAction\":[{\"@type\":\"ReadAction\",\"target\":[\"https:\\\/\\\/revolutionpadelstore.com\\\/fr\\\/produit\\\/adidas-adipower-carbon-light-2025-3\\\/\"]}]},{\"@type\":\"ImageObject\",\"inLanguage\":\"fr-FR\",\"@id\":\"https:\\\/\\\/revolutionpadelstore.com\\\/fr\\\/produit\\\/adidas-adipower-carbon-light-2025-3\\\/#primaryimage\",\"url\":\"https:\\\/\\\/revolutionpadelstore.com\\\/wp-content\\\/uploads\\\/2024\\\/12\\\/113674-pala-adidas-adipower-carbon-light-ar1ca4u681500x1500-1.webp\",\"contentUrl\":\"https:\\\/\\\/revolutionpadelstore.com\\\/wp-content\\\/uploads\\\/2024\\\/12\\\/113674-pala-adidas-adipower-carbon-light-ar1ca4u681500x1500-1.webp\",\"width\":1500,\"height\":1500},{\"@type\":\"BreadcrumbList\",\"@id\":\"https:\\\/\\\/revolutionpadelstore.com\\\/fr\\\/produit\\\/adidas-adipower-carbon-light-2025-3\\\/#breadcrumb\",\"itemListElement\":[{\"@type\":\"ListItem\",\"position\":1,\"name\":\"Portada\",\"item\":\"https:\\\/\\\/revolutionpadelstore.com\\\/fr\\\/\"},{\"@type\":\"ListItem\",\"position\":2,\"name\":\"Boutique\",\"item\":\"https:\\\/\\\/revolutionpadelstore.com\\\/fr\\\/tienda\\\/\"},{\"@type\":\"ListItem\",\"position\":3,\"name\":\"ADIDAS ADIPOWER CARBON LIGHT 2025\"}]},{\"@type\":\"WebSite\",\"@id\":\"https:\\\/\\\/revolutionpadelstore.com\\\/fr\\\/#website\",\"url\":\"https:\\\/\\\/revolutionpadelstore.com\\\/fr\\\/\",\"name\":\"Revolution Padel Store\",\"description\":\"\",\"publisher\":{\"@id\":\"https:\\\/\\\/revolutionpadelstore.com\\\/fr\\\/#organization\"},\"potentialAction\":[{\"@type\":\"SearchAction\",\"target\":{\"@type\":\"EntryPoint\",\"urlTemplate\":\"https:\\\/\\\/revolutionpadelstore.com\\\/fr\\\/?s={search_term_string}\"},\"query-input\":{\"@type\":\"PropertyValueSpecification\",\"valueRequired\":true,\"valueName\":\"search_term_string\"}}],\"inLanguage\":\"fr-FR\"},{\"@type\":\"Organization\",\"@id\":\"https:\\\/\\\/revolutionpadelstore.com\\\/fr\\\/#organization\",\"name\":\"Revolution Padel Store\",\"url\":\"https:\\\/\\\/revolutionpadelstore.com\\\/fr\\\/\",\"logo\":{\"@type\":\"ImageObject\",\"inLanguage\":\"fr-FR\",\"@id\":\"https:\\\/\\\/revolutionpadelstore.com\\\/fr\\\/#\\\/schema\\\/logo\\\/image\\\/\",\"url\":\"https:\\\/\\\/revolutionpadelstore.com\\\/wp-content\\\/uploads\\\/2026\\\/02\\\/revolution-padel-store.jpg\",\"contentUrl\":\"https:\\\/\\\/revolutionpadelstore.com\\\/wp-content\\\/uploads\\\/2026\\\/02\\\/revolution-padel-store.jpg\",\"width\":2000,\"height\":2000,\"caption\":\"Revolution Padel Store\"},\"image\":{\"@id\":\"https:\\\/\\\/revolutionpadelstore.com\\\/fr\\\/#\\\/schema\\\/logo\\\/image\\\/\"},\"sameAs\":[\"https:\\\/\\\/www.instagram.com\\\/revolutionpadelstore\\\/\"]}]}<\/script>\n<!-- \/ Yoast SEO plugin. -->","yoast_head_json":{"title":"ADIDAS ADIPOWER CARBON LIGHT 2025 - Revolution Padel Store","description":"La Adidas Adipower Carbon Light 2025 es una pala de p\u00e1del con formato redondo, ideal para quienes valoran la ligereza sin renunciar a un juego preciso y potente. Este modelo integra tecnolog\u00edas avanzadas de Adidas, proporcionando un equilibrio perfecto entre control y potencia. Su dise\u00f1o en tonos negro, plata y blanco le aporta un aire moderno y sofisticado, mientras que su construcci\u00f3n con carbono 18K garantiza una durabilidad excepcional.","robots":{"index":"index","follow":"follow","max-snippet":"max-snippet:-1","max-image-preview":"max-image-preview:large","max-video-preview":"max-video-preview:-1"},"canonical":"https:\/\/revolutionpadelstore.com\/fr\/produit\/adidas-adipower-carbon-light-2025-3\/","og_locale":"fr_FR","og_type":"article","og_title":"ADIDAS ADIPOWER CARBON LIGHT 2025 - Revolution Padel Store","og_description":"La Adidas Adipower Carbon Light 2025 es una pala de p\u00e1del con formato redondo, ideal para quienes valoran la ligereza sin renunciar a un juego preciso y potente. Este modelo integra tecnolog\u00edas avanzadas de Adidas, proporcionando un equilibrio perfecto entre control y potencia. Su dise\u00f1o en tonos negro, plata y blanco le aporta un aire moderno y sofisticado, mientras que su construcci\u00f3n con carbono 18K garantiza una durabilidad excepcional.","og_url":"https:\/\/revolutionpadelstore.com\/fr\/produit\/adidas-adipower-carbon-light-2025-3\/","og_site_name":"Revolution Padel Store","article_modified_time":"2026-04-08T07:40:47+00:00","og_image":[{"width":1500,"height":1500,"url":"https:\/\/revolutionpadelstore.com\/wp-content\/uploads\/2024\/12\/113674-pala-adidas-adipower-carbon-light-ar1ca4u681500x1500-1.webp","type":"image\/webp"}],"twitter_card":"summary_large_image","twitter_misc":{"Dur\u00e9e de lecture estim\u00e9e":"2 minutes"},"schema":{"@context":"https:\/\/schema.org","@graph":[{"@type":"WebPage","@id":"https:\/\/revolutionpadelstore.com\/fr\/produit\/adidas-adipower-carbon-light-2025-3\/","url":"https:\/\/revolutionpadelstore.com\/fr\/produit\/adidas-adipower-carbon-light-2025-3\/","name":"ADIDAS ADIPOWER CARBON LIGHT 2025 - Revolution Padel Store","isPartOf":{"@id":"https:\/\/revolutionpadelstore.com\/fr\/#website"},"primaryImageOfPage":{"@id":"https:\/\/revolutionpadelstore.com\/fr\/produit\/adidas-adipower-carbon-light-2025-3\/#primaryimage"},"image":{"@id":"https:\/\/revolutionpadelstore.com\/fr\/produit\/adidas-adipower-carbon-light-2025-3\/#primaryimage"},"thumbnailUrl":"https:\/\/revolutionpadelstore.com\/wp-content\/uploads\/2024\/12\/113674-pala-adidas-adipower-carbon-light-ar1ca4u681500x1500-1.webp","datePublished":"2024-12-08T09:40:57+00:00","dateModified":"2026-04-08T07:40:47+00:00","description":"La Adidas Adipower Carbon Light 2025 es una pala de p\u00e1del con formato redondo, ideal para quienes valoran la ligereza sin renunciar a un juego preciso y potente. Este modelo integra tecnolog\u00edas avanzadas de Adidas, proporcionando un equilibrio perfecto entre control y potencia. Su dise\u00f1o en tonos negro, plata y blanco le aporta un aire moderno y sofisticado, mientras que su construcci\u00f3n con carbono 18K garantiza una durabilidad excepcional.","breadcrumb":{"@id":"https:\/\/revolutionpadelstore.com\/fr\/produit\/adidas-adipower-carbon-light-2025-3\/#breadcrumb"},"inLanguage":"fr-FR","potentialAction":[{"@type":"ReadAction","target":["https:\/\/revolutionpadelstore.com\/fr\/produit\/adidas-adipower-carbon-light-2025-3\/"]}]},{"@type":"ImageObject","inLanguage":"fr-FR","@id":"https:\/\/revolutionpadelstore.com\/fr\/produit\/adidas-adipower-carbon-light-2025-3\/#primaryimage","url":"https:\/\/revolutionpadelstore.com\/wp-content\/uploads\/2024\/12\/113674-pala-adidas-adipower-carbon-light-ar1ca4u681500x1500-1.webp","contentUrl":"https:\/\/revolutionpadelstore.com\/wp-content\/uploads\/2024\/12\/113674-pala-adidas-adipower-carbon-light-ar1ca4u681500x1500-1.webp","width":1500,"height":1500},{"@type":"BreadcrumbList","@id":"https:\/\/revolutionpadelstore.com\/fr\/produit\/adidas-adipower-carbon-light-2025-3\/#breadcrumb","itemListElement":[{"@type":"ListItem","position":1,"name":"Portada","item":"https:\/\/revolutionpadelstore.com\/fr\/"},{"@type":"ListItem","position":2,"name":"Boutique","item":"https:\/\/revolutionpadelstore.com\/fr\/tienda\/"},{"@type":"ListItem","position":3,"name":"ADIDAS ADIPOWER CARBON LIGHT 2025"}]},{"@type":"WebSite","@id":"https:\/\/revolutionpadelstore.com\/fr\/#website","url":"https:\/\/revolutionpadelstore.com\/fr\/","name":"Revolution Padel Store","description":"","publisher":{"@id":"https:\/\/revolutionpadelstore.com\/fr\/#organization"},"potentialAction":[{"@type":"SearchAction","target":{"@type":"EntryPoint","urlTemplate":"https:\/\/revolutionpadelstore.com\/fr\/?s={search_term_string}"},"query-input":{"@type":"PropertyValueSpecification","valueRequired":true,"valueName":"search_term_string"}}],"inLanguage":"fr-FR"},{"@type":"Organization","@id":"https:\/\/revolutionpadelstore.com\/fr\/#organization","name":"Revolution Padel Store","url":"https:\/\/revolutionpadelstore.com\/fr\/","logo":{"@type":"ImageObject","inLanguage":"fr-FR","@id":"https:\/\/revolutionpadelstore.com\/fr\/#\/schema\/logo\/image\/","url":"https:\/\/revolutionpadelstore.com\/wp-content\/uploads\/2026\/02\/revolution-padel-store.jpg","contentUrl":"https:\/\/revolutionpadelstore.com\/wp-content\/uploads\/2026\/02\/revolution-padel-store.jpg","width":2000,"height":2000,"caption":"Revolution Padel Store"},"image":{"@id":"https:\/\/revolutionpadelstore.com\/fr\/#\/schema\/logo\/image\/"},"sameAs":["https:\/\/www.instagram.com\/revolutionpadelstore\/"]}]}},"_links":{"self":[{"href":"https:\/\/revolutionpadelstore.com\/fr\/wp-json\/wp\/v2\/product\/153416","targetHints":{"allow":["GET"]}}],"collection":[{"href":"https:\/\/revolutionpadelstore.com\/fr\/wp-json\/wp\/v2\/product"}],"about":[{"href":"https:\/\/revolutionpadelstore.com\/fr\/wp-json\/wp\/v2\/types\/product"}],"replies":[{"embeddable":true,"href":"https:\/\/revolutionpadelstore.com\/fr\/wp-json\/wp\/v2\/comments?post=153416"}],"wp:featuredmedia":[{"embeddable":true,"href":"https:\/\/revolutionpadelstore.com\/fr\/wp-json\/wp\/v2\/media\/153369"}],"wp:attachment":[{"href":"https:\/\/revolutionpadelstore.com\/fr\/wp-json\/wp\/v2\/media?parent=153416"}],"wp:term":[{"taxonomy":"acabado","embeddable":true,"href":"https:\/\/revolutionpadelstore.com\/fr\/wp-json\/wp\/v2\/acabado?post=153416"},{"taxonomy":"balance","embeddable":true,"href":"https:\/\/revolutionpadelstore.com\/fr\/wp-json\/wp\/v2\/balance?post=153416"},{"taxonomy":"dureza","embeddable":true,"href":"https:\/\/revolutionpadelstore.com\/fr\/wp-json\/wp\/v2\/dureza?post=153416"},{"taxonomy":"forma","embeddable":true,"href":"https:\/\/revolutionpadelstore.com\/fr\/wp-json\/wp\/v2\/forma?post=153416"},{"taxonomy":"jugador","embeddable":true,"href":"https:\/\/revolutionpadelstore.com\/fr\/wp-json\/wp\/v2\/jugador?post=153416"},{"taxonomy":"marca","embeddable":true,"href":"https:\/\/revolutionpadelstore.com\/fr\/wp-json\/wp\/v2\/marca?post=153416"},{"taxonomy":"nivel-de-juego","embeddable":true,"href":"https:\/\/revolutionpadelstore.com\/fr\/wp-json\/wp\/v2\/nivel-de-juego?post=153416"},{"taxonomy":"superficie","embeddable":true,"href":"https:\/\/revolutionpadelstore.com\/fr\/wp-json\/wp\/v2\/superficie?post=153416"},{"taxonomy":"tipo-de-juego","embeddable":true,"href":"https:\/\/revolutionpadelstore.com\/fr\/wp-json\/wp\/v2\/tipo-de-juego?post=153416"},{"taxonomy":"product_brand","embeddable":true,"href":"https:\/\/revolutionpadelstore.com\/fr\/wp-json\/wp\/v2\/product_brand?post=153416"},{"taxonomy":"product_cat","embeddable":true,"href":"https:\/\/revolutionpadelstore.com\/fr\/wp-json\/wp\/v2\/product_cat?post=153416"},{"taxonomy":"product_tag","embeddable":true,"href":"https:\/\/revolutionpadelstore.com\/fr\/wp-json\/wp\/v2\/product_tag?post=153416"}],"curies":[{"name":"wp","href":"https:\/\/api.w.org\/{rel}","templated":true}]}}