{"id":153210,"date":"2024-12-07T00:35:46","date_gmt":"2024-12-06T23:35:46","guid":{"rendered":"https:\/\/revolutionpadelstore.com\/adidas-cross-it-team-light-2025\/"},"modified":"2026-04-08T09:43:16","modified_gmt":"2026-04-08T07:43:16","slug":"adidas-cross-it-team-light-2025","status":"publish","type":"product","link":"https:\/\/revolutionpadelstore.com\/fr\/produit\/adidas-cross-it-team-light-2025\/","title":{"rendered":"ADIDAS CROSS IT TEAM LIGHT 2025"},"content":{"rendered":"<h2> adidas croiser la lumi\u00e8re de l&#8217;\u00e9quipe, la pr\u00e9cision et le contr\u00f4le dans chaque ports<br \/>\nLe <strong> Cross IT Team Light <\/strong> adidas est une pelle \u00e0 palette qui appartient \u00e0 la gamme Cross It, mettant en \u00e9vidence son poids r\u00e9duit et une combinaison de mat\u00e9riaux premium et de technologies avanc\u00e9es qui optimisent chaque coup. Son format rond incline l&#8217;\u00e9quilibre vers la poign\u00e9e, favorisant le contr\u00f4le dans les mouvements d\u00e9fensifs et rapides.<\/p>\n<h2> Croix It Team Light Phel pour les joueurs avanc\u00e9s <\/h2>\n<p>Con\u00e7u pour les joueurs ax\u00e9s sur la d\u00e9fense qui recherchent l&#8217;\u00e9quilibre parfait entre la l\u00e9g\u00e8ret\u00e9, la puissance et le contr\u00f4le, les <strong> adidas Cross It Team Light <\/strong> sont id\u00e9aux pour les joueurs avanc\u00e9s ou professionnels \u00e0 la recherche d&#8217;une pelle l\u00e9g\u00e8re avec une performance de maniabilit\u00e9, puissance et contr\u00f4le.<\/p>\n<h2> Charge et technologies de l&#8217;\u00e9quipe Cross IT Light of adidas <\/h2>\n<p> <strong> -fiberge en fibre de verre<br \/>\n<P> <strong> -Superficie avec le relief d\u00e9caloucine de la lame de spin <\/strong>: am\u00e9liore les sensations et permet un effet d&#8217;impression sur le ballon.<br \/>\n<P style=\"padding-left: 40px\"> <strong> -va infirmi\u00e8re de performance douce<\/p>\n<p style=\"padding-left: 40px\"> <strong> -ar le plus longtemps avec une poign\u00e9e suppl\u00e9mentaire de puissance <\/strong>: assure plus de puissance et de pr\u00e9cision dans les coups.<br \/>\n<P> <strong> -Disposition des trous sous forme de treize <\/strong>: obtenez une plus grande durabilit\u00e9, rigidit\u00e9 et performance.<\/p>\n<p> <strong> -Dynamique Air Flow <\/strong>: r\u00e9duit de mani\u00e8re optimale la r\u00e9sistance \u00e0 l&#8217;air et am\u00e9liore la maniabilit\u00e9.<\/p>\n<p><H2> Disponible dans Revolution Padel Store <\/h2>\n<p>D\u00e9j\u00e0 disponible dans Revolution Padel Store, la pelle <strong> adidas Cross It Team Light <\/strong> pour les joueurs de paddle avanc\u00e9s ou professionnels vous aidera \u00e0 contr\u00f4ler avec pr\u00e9cision les coups d\u00e9fensifs du bas de la piste.<\/p>\n<h2>Adidas Cross It Team Light, precisi\u00f3n y control en cada golpe<\/h2>\n","protected":false},"excerpt":{"rendered":"<p>Adidas it Team Light Adidas Phel, avec une forme ronde et un \u00e9quilibre \u00e0 faible \u00e9quilibre pour les joueurs de paddle avanc\u00e9s qui cherchent \u00e0 prendre le contr\u00f4le et la gestion des coups d\u00e9fensifs.<\/p>\n","protected":false},"featured_media":153106,"comment_status":"open","ping_status":"closed","template":"","meta":{"_acf_changed":false,"_joinchat":[]},"acabado":[1092],"balance":[],"dureza":[1152],"forma":[1182],"jugador":[1192,1202],"marca":[1232],"nivel-de-juego":[1337,1342],"superficie":[1362],"tipo-de-juego":[1372],"product_brand":[],"product_cat":[302],"product_tag":[],"class_list":{"0":"post-153210","1":"product","2":"type-product","3":"status-publish","4":"has-post-thumbnail","6":"acabado-soulager-la-3d","7":"dureza-blanda-fr","8":"forma-rond","9":"jugador-homme","10":"jugador-polivalente-fr","11":"marca-adidas-fr","12":"superficie-rugosa-fr","13":"tipo-de-juego-control-fr","14":"product_cat-palas-de-padel-fr","16":"first","17":"instock","18":"sale","19":"taxable","20":"shipping-taxable","21":"purchasable","22":"product-type-simple"},"acf":[],"yoast_head":"<!-- This site is optimized with the Yoast SEO plugin v27.4 - https:\/\/yoast.com\/product\/yoast-seo-wordpress\/ -->\n<title>ADIDAS CROSS IT TEAM LIGHT 2025 - Revolution Padel Store<\/title>\n<meta name=\"description\" content=\"La Cross It Team Light de Adidas es una pala de p\u00e1del que pertenece a la gama Cross It, destacando por su peso reducido y una combinaci\u00f3n de materiales premium y tecnolog\u00edas avanzadas que optimizan cada golpe. Su formato redondo inclina el balance hacia la empu\u00f1adura, favoreciendo el control en movimientos defensivos y r\u00e1pidos.\" \/>\n<meta name=\"robots\" content=\"index, follow, max-snippet:-1, max-image-preview:large, max-video-preview:-1\" \/>\n<link rel=\"canonical\" href=\"https:\/\/revolutionpadelstore.com\/fr\/produit\/adidas-cross-it-team-light-2025\/\" \/>\n<meta property=\"og:locale\" content=\"fr_FR\" \/>\n<meta property=\"og:type\" content=\"article\" \/>\n<meta property=\"og:title\" content=\"ADIDAS CROSS IT TEAM LIGHT 2025 - Revolution Padel Store\" \/>\n<meta property=\"og:description\" content=\"La Cross It Team Light de Adidas es una pala de p\u00e1del que pertenece a la gama Cross It, destacando por su peso reducido y una combinaci\u00f3n de materiales premium y tecnolog\u00edas avanzadas que optimizan cada golpe. Su formato redondo inclina el balance hacia la empu\u00f1adura, favoreciendo el control en movimientos defensivos y r\u00e1pidos.\" \/>\n<meta property=\"og:url\" content=\"https:\/\/revolutionpadelstore.com\/fr\/produit\/adidas-cross-it-team-light-2025\/\" \/>\n<meta property=\"og:site_name\" content=\"Revolution Padel Store\" \/>\n<meta property=\"article:modified_time\" content=\"2026-04-08T07:43:16+00:00\" \/>\n<meta property=\"og:image\" content=\"https:\/\/revolutionpadelstore.com\/wp-content\/uploads\/2024\/12\/113682-pala-adidas-cross-lt-team-light-ar2ca1u111500x1500-1.webp\" \/>\n\t<meta property=\"og:image:width\" content=\"1500\" \/>\n\t<meta property=\"og:image:height\" content=\"1500\" \/>\n\t<meta property=\"og:image:type\" content=\"image\/webp\" \/>\n<meta name=\"twitter:card\" content=\"summary_large_image\" \/>\n<meta name=\"twitter:label1\" content=\"Dur\u00e9e de lecture estim\u00e9e\" \/>\n\t<meta name=\"twitter:data1\" content=\"2 minutes\" \/>\n<script type=\"application\/ld+json\" class=\"yoast-schema-graph\">{\"@context\":\"https:\\\/\\\/schema.org\",\"@graph\":[{\"@type\":\"WebPage\",\"@id\":\"https:\\\/\\\/revolutionpadelstore.com\\\/fr\\\/produit\\\/adidas-cross-it-team-light-2025\\\/\",\"url\":\"https:\\\/\\\/revolutionpadelstore.com\\\/fr\\\/produit\\\/adidas-cross-it-team-light-2025\\\/\",\"name\":\"ADIDAS CROSS IT TEAM LIGHT 2025 - Revolution Padel Store\",\"isPartOf\":{\"@id\":\"https:\\\/\\\/revolutionpadelstore.com\\\/fr\\\/#website\"},\"primaryImageOfPage\":{\"@id\":\"https:\\\/\\\/revolutionpadelstore.com\\\/fr\\\/produit\\\/adidas-cross-it-team-light-2025\\\/#primaryimage\"},\"image\":{\"@id\":\"https:\\\/\\\/revolutionpadelstore.com\\\/fr\\\/produit\\\/adidas-cross-it-team-light-2025\\\/#primaryimage\"},\"thumbnailUrl\":\"https:\\\/\\\/revolutionpadelstore.com\\\/wp-content\\\/uploads\\\/2024\\\/12\\\/113682-pala-adidas-cross-lt-team-light-ar2ca1u111500x1500-1.webp\",\"datePublished\":\"2024-12-06T23:35:46+00:00\",\"dateModified\":\"2026-04-08T07:43:16+00:00\",\"description\":\"La Cross It Team Light de Adidas es una pala de p\u00e1del que pertenece a la gama Cross It, destacando por su peso reducido y una combinaci\u00f3n de materiales premium y tecnolog\u00edas avanzadas que optimizan cada golpe. Su formato redondo inclina el balance hacia la empu\u00f1adura, favoreciendo el control en movimientos defensivos y r\u00e1pidos.\",\"breadcrumb\":{\"@id\":\"https:\\\/\\\/revolutionpadelstore.com\\\/fr\\\/produit\\\/adidas-cross-it-team-light-2025\\\/#breadcrumb\"},\"inLanguage\":\"fr-FR\",\"potentialAction\":[{\"@type\":\"ReadAction\",\"target\":[\"https:\\\/\\\/revolutionpadelstore.com\\\/fr\\\/produit\\\/adidas-cross-it-team-light-2025\\\/\"]}]},{\"@type\":\"ImageObject\",\"inLanguage\":\"fr-FR\",\"@id\":\"https:\\\/\\\/revolutionpadelstore.com\\\/fr\\\/produit\\\/adidas-cross-it-team-light-2025\\\/#primaryimage\",\"url\":\"https:\\\/\\\/revolutionpadelstore.com\\\/wp-content\\\/uploads\\\/2024\\\/12\\\/113682-pala-adidas-cross-lt-team-light-ar2ca1u111500x1500-1.webp\",\"contentUrl\":\"https:\\\/\\\/revolutionpadelstore.com\\\/wp-content\\\/uploads\\\/2024\\\/12\\\/113682-pala-adidas-cross-lt-team-light-ar2ca1u111500x1500-1.webp\",\"width\":1500,\"height\":1500},{\"@type\":\"BreadcrumbList\",\"@id\":\"https:\\\/\\\/revolutionpadelstore.com\\\/fr\\\/produit\\\/adidas-cross-it-team-light-2025\\\/#breadcrumb\",\"itemListElement\":[{\"@type\":\"ListItem\",\"position\":1,\"name\":\"Portada\",\"item\":\"https:\\\/\\\/revolutionpadelstore.com\\\/fr\\\/\"},{\"@type\":\"ListItem\",\"position\":2,\"name\":\"Boutique\",\"item\":\"https:\\\/\\\/revolutionpadelstore.com\\\/fr\\\/tienda\\\/\"},{\"@type\":\"ListItem\",\"position\":3,\"name\":\"ADIDAS CROSS IT TEAM LIGHT 2025\"}]},{\"@type\":\"WebSite\",\"@id\":\"https:\\\/\\\/revolutionpadelstore.com\\\/fr\\\/#website\",\"url\":\"https:\\\/\\\/revolutionpadelstore.com\\\/fr\\\/\",\"name\":\"Revolution Padel Store\",\"description\":\"\",\"publisher\":{\"@id\":\"https:\\\/\\\/revolutionpadelstore.com\\\/fr\\\/#organization\"},\"potentialAction\":[{\"@type\":\"SearchAction\",\"target\":{\"@type\":\"EntryPoint\",\"urlTemplate\":\"https:\\\/\\\/revolutionpadelstore.com\\\/fr\\\/?s={search_term_string}\"},\"query-input\":{\"@type\":\"PropertyValueSpecification\",\"valueRequired\":true,\"valueName\":\"search_term_string\"}}],\"inLanguage\":\"fr-FR\"},{\"@type\":\"Organization\",\"@id\":\"https:\\\/\\\/revolutionpadelstore.com\\\/fr\\\/#organization\",\"name\":\"Revolution Padel Store\",\"url\":\"https:\\\/\\\/revolutionpadelstore.com\\\/fr\\\/\",\"logo\":{\"@type\":\"ImageObject\",\"inLanguage\":\"fr-FR\",\"@id\":\"https:\\\/\\\/revolutionpadelstore.com\\\/fr\\\/#\\\/schema\\\/logo\\\/image\\\/\",\"url\":\"https:\\\/\\\/revolutionpadelstore.com\\\/wp-content\\\/uploads\\\/2026\\\/02\\\/revolution-padel-store.jpg\",\"contentUrl\":\"https:\\\/\\\/revolutionpadelstore.com\\\/wp-content\\\/uploads\\\/2026\\\/02\\\/revolution-padel-store.jpg\",\"width\":2000,\"height\":2000,\"caption\":\"Revolution Padel Store\"},\"image\":{\"@id\":\"https:\\\/\\\/revolutionpadelstore.com\\\/fr\\\/#\\\/schema\\\/logo\\\/image\\\/\"},\"sameAs\":[\"https:\\\/\\\/www.instagram.com\\\/revolutionpadelstore\\\/\"]}]}<\/script>\n<!-- \/ Yoast SEO plugin. -->","yoast_head_json":{"title":"ADIDAS CROSS IT TEAM LIGHT 2025 - Revolution Padel Store","description":"La Cross It Team Light de Adidas es una pala de p\u00e1del que pertenece a la gama Cross It, destacando por su peso reducido y una combinaci\u00f3n de materiales premium y tecnolog\u00edas avanzadas que optimizan cada golpe. Su formato redondo inclina el balance hacia la empu\u00f1adura, favoreciendo el control en movimientos defensivos y r\u00e1pidos.","robots":{"index":"index","follow":"follow","max-snippet":"max-snippet:-1","max-image-preview":"max-image-preview:large","max-video-preview":"max-video-preview:-1"},"canonical":"https:\/\/revolutionpadelstore.com\/fr\/produit\/adidas-cross-it-team-light-2025\/","og_locale":"fr_FR","og_type":"article","og_title":"ADIDAS CROSS IT TEAM LIGHT 2025 - Revolution Padel Store","og_description":"La Cross It Team Light de Adidas es una pala de p\u00e1del que pertenece a la gama Cross It, destacando por su peso reducido y una combinaci\u00f3n de materiales premium y tecnolog\u00edas avanzadas que optimizan cada golpe. Su formato redondo inclina el balance hacia la empu\u00f1adura, favoreciendo el control en movimientos defensivos y r\u00e1pidos.","og_url":"https:\/\/revolutionpadelstore.com\/fr\/produit\/adidas-cross-it-team-light-2025\/","og_site_name":"Revolution Padel Store","article_modified_time":"2026-04-08T07:43:16+00:00","og_image":[{"width":1500,"height":1500,"url":"https:\/\/revolutionpadelstore.com\/wp-content\/uploads\/2024\/12\/113682-pala-adidas-cross-lt-team-light-ar2ca1u111500x1500-1.webp","type":"image\/webp"}],"twitter_card":"summary_large_image","twitter_misc":{"Dur\u00e9e de lecture estim\u00e9e":"2 minutes"},"schema":{"@context":"https:\/\/schema.org","@graph":[{"@type":"WebPage","@id":"https:\/\/revolutionpadelstore.com\/fr\/produit\/adidas-cross-it-team-light-2025\/","url":"https:\/\/revolutionpadelstore.com\/fr\/produit\/adidas-cross-it-team-light-2025\/","name":"ADIDAS CROSS IT TEAM LIGHT 2025 - Revolution Padel Store","isPartOf":{"@id":"https:\/\/revolutionpadelstore.com\/fr\/#website"},"primaryImageOfPage":{"@id":"https:\/\/revolutionpadelstore.com\/fr\/produit\/adidas-cross-it-team-light-2025\/#primaryimage"},"image":{"@id":"https:\/\/revolutionpadelstore.com\/fr\/produit\/adidas-cross-it-team-light-2025\/#primaryimage"},"thumbnailUrl":"https:\/\/revolutionpadelstore.com\/wp-content\/uploads\/2024\/12\/113682-pala-adidas-cross-lt-team-light-ar2ca1u111500x1500-1.webp","datePublished":"2024-12-06T23:35:46+00:00","dateModified":"2026-04-08T07:43:16+00:00","description":"La Cross It Team Light de Adidas es una pala de p\u00e1del que pertenece a la gama Cross It, destacando por su peso reducido y una combinaci\u00f3n de materiales premium y tecnolog\u00edas avanzadas que optimizan cada golpe. Su formato redondo inclina el balance hacia la empu\u00f1adura, favoreciendo el control en movimientos defensivos y r\u00e1pidos.","breadcrumb":{"@id":"https:\/\/revolutionpadelstore.com\/fr\/produit\/adidas-cross-it-team-light-2025\/#breadcrumb"},"inLanguage":"fr-FR","potentialAction":[{"@type":"ReadAction","target":["https:\/\/revolutionpadelstore.com\/fr\/produit\/adidas-cross-it-team-light-2025\/"]}]},{"@type":"ImageObject","inLanguage":"fr-FR","@id":"https:\/\/revolutionpadelstore.com\/fr\/produit\/adidas-cross-it-team-light-2025\/#primaryimage","url":"https:\/\/revolutionpadelstore.com\/wp-content\/uploads\/2024\/12\/113682-pala-adidas-cross-lt-team-light-ar2ca1u111500x1500-1.webp","contentUrl":"https:\/\/revolutionpadelstore.com\/wp-content\/uploads\/2024\/12\/113682-pala-adidas-cross-lt-team-light-ar2ca1u111500x1500-1.webp","width":1500,"height":1500},{"@type":"BreadcrumbList","@id":"https:\/\/revolutionpadelstore.com\/fr\/produit\/adidas-cross-it-team-light-2025\/#breadcrumb","itemListElement":[{"@type":"ListItem","position":1,"name":"Portada","item":"https:\/\/revolutionpadelstore.com\/fr\/"},{"@type":"ListItem","position":2,"name":"Boutique","item":"https:\/\/revolutionpadelstore.com\/fr\/tienda\/"},{"@type":"ListItem","position":3,"name":"ADIDAS CROSS IT TEAM LIGHT 2025"}]},{"@type":"WebSite","@id":"https:\/\/revolutionpadelstore.com\/fr\/#website","url":"https:\/\/revolutionpadelstore.com\/fr\/","name":"Revolution Padel Store","description":"","publisher":{"@id":"https:\/\/revolutionpadelstore.com\/fr\/#organization"},"potentialAction":[{"@type":"SearchAction","target":{"@type":"EntryPoint","urlTemplate":"https:\/\/revolutionpadelstore.com\/fr\/?s={search_term_string}"},"query-input":{"@type":"PropertyValueSpecification","valueRequired":true,"valueName":"search_term_string"}}],"inLanguage":"fr-FR"},{"@type":"Organization","@id":"https:\/\/revolutionpadelstore.com\/fr\/#organization","name":"Revolution Padel Store","url":"https:\/\/revolutionpadelstore.com\/fr\/","logo":{"@type":"ImageObject","inLanguage":"fr-FR","@id":"https:\/\/revolutionpadelstore.com\/fr\/#\/schema\/logo\/image\/","url":"https:\/\/revolutionpadelstore.com\/wp-content\/uploads\/2026\/02\/revolution-padel-store.jpg","contentUrl":"https:\/\/revolutionpadelstore.com\/wp-content\/uploads\/2026\/02\/revolution-padel-store.jpg","width":2000,"height":2000,"caption":"Revolution Padel Store"},"image":{"@id":"https:\/\/revolutionpadelstore.com\/fr\/#\/schema\/logo\/image\/"},"sameAs":["https:\/\/www.instagram.com\/revolutionpadelstore\/"]}]}},"_links":{"self":[{"href":"https:\/\/revolutionpadelstore.com\/fr\/wp-json\/wp\/v2\/product\/153210","targetHints":{"allow":["GET"]}}],"collection":[{"href":"https:\/\/revolutionpadelstore.com\/fr\/wp-json\/wp\/v2\/product"}],"about":[{"href":"https:\/\/revolutionpadelstore.com\/fr\/wp-json\/wp\/v2\/types\/product"}],"replies":[{"embeddable":true,"href":"https:\/\/revolutionpadelstore.com\/fr\/wp-json\/wp\/v2\/comments?post=153210"}],"wp:featuredmedia":[{"embeddable":true,"href":"https:\/\/revolutionpadelstore.com\/fr\/wp-json\/wp\/v2\/media\/153106"}],"wp:attachment":[{"href":"https:\/\/revolutionpadelstore.com\/fr\/wp-json\/wp\/v2\/media?parent=153210"}],"wp:term":[{"taxonomy":"acabado","embeddable":true,"href":"https:\/\/revolutionpadelstore.com\/fr\/wp-json\/wp\/v2\/acabado?post=153210"},{"taxonomy":"balance","embeddable":true,"href":"https:\/\/revolutionpadelstore.com\/fr\/wp-json\/wp\/v2\/balance?post=153210"},{"taxonomy":"dureza","embeddable":true,"href":"https:\/\/revolutionpadelstore.com\/fr\/wp-json\/wp\/v2\/dureza?post=153210"},{"taxonomy":"forma","embeddable":true,"href":"https:\/\/revolutionpadelstore.com\/fr\/wp-json\/wp\/v2\/forma?post=153210"},{"taxonomy":"jugador","embeddable":true,"href":"https:\/\/revolutionpadelstore.com\/fr\/wp-json\/wp\/v2\/jugador?post=153210"},{"taxonomy":"marca","embeddable":true,"href":"https:\/\/revolutionpadelstore.com\/fr\/wp-json\/wp\/v2\/marca?post=153210"},{"taxonomy":"nivel-de-juego","embeddable":true,"href":"https:\/\/revolutionpadelstore.com\/fr\/wp-json\/wp\/v2\/nivel-de-juego?post=153210"},{"taxonomy":"superficie","embeddable":true,"href":"https:\/\/revolutionpadelstore.com\/fr\/wp-json\/wp\/v2\/superficie?post=153210"},{"taxonomy":"tipo-de-juego","embeddable":true,"href":"https:\/\/revolutionpadelstore.com\/fr\/wp-json\/wp\/v2\/tipo-de-juego?post=153210"},{"taxonomy":"product_brand","embeddable":true,"href":"https:\/\/revolutionpadelstore.com\/fr\/wp-json\/wp\/v2\/product_brand?post=153210"},{"taxonomy":"product_cat","embeddable":true,"href":"https:\/\/revolutionpadelstore.com\/fr\/wp-json\/wp\/v2\/product_cat?post=153210"},{"taxonomy":"product_tag","embeddable":true,"href":"https:\/\/revolutionpadelstore.com\/fr\/wp-json\/wp\/v2\/product_tag?post=153210"}],"curies":[{"name":"wp","href":"https:\/\/api.w.org\/{rel}","templated":true}]}}