{"id":153202,"date":"2024-12-07T00:59:23","date_gmt":"2024-12-06T23:59:23","guid":{"rendered":"https:\/\/revolutionpadelstore.com\/153152\/"},"modified":"2026-04-10T02:00:30","modified_gmt":"2026-04-10T00:00:30","slug":"adidas-cross-it-light-3-4-2025-3","status":"publish","type":"product","link":"https:\/\/revolutionpadelstore.com\/fr\/produit\/adidas-cross-it-light-3-4-2025-3\/","title":{"rendered":"ADIDAS CROSS IT LIGHT 3.4 2025"},"content":{"rendered":"<h2> <strong> adidas le croiser Light 3.4: La r\u00e9volution sur la piste <\/strong> <\/h2>\n<p>Les <strong> adidas le croisent Light 3.4 <\/strong>, la pelle officielle de <strong> Marta Ortega <\/strong>, est une v\u00e9ritable r\u00e9volution dans la conception et la technologie. Avec un poids l\u00e9ger de <strong> 345-360 grammes <\/strong>, cette pelle offre une poign\u00e9e qui am\u00e9liore consid\u00e9rablement la manipulation sans compromettre les performances.<\/p>\n<h2> <strong> Conception et contr\u00f4le sup\u00e9rieurs <\/strong> <\/h2>\n<p>Avec un format rond, le poids s&#8217;\u00e9quilibre pr\u00e8s de la poign\u00e9e, offrant un contr\u00f4le sup\u00e9rieur dans les coups d\u00e9fensifs et les mouvements agiles. La soci\u00e9t\u00e9 exclusive de Marta Ortega garantit non seulement des performances, mais aussi un style et une qualit\u00e9 uniques sur la piste.<\/p>\n<h2> <strong> pour les joueurs avanc\u00e9s <\/strong> <\/h2>\n<p>Con\u00e7u pour les joueurs de haut niveau qui recherchent l&#8217;agilit\u00e9 dans leurs mouvements, les <strong> adidas croisent It Light 3.4 <\/strong> est parfait pour les jeux d\u00e9fensifs. Id\u00e9al pour ceux qui recherchent une r\u00e9ponse solide \u00e0 chaque impact.<\/p>\n<h2> <strong> Caract\u00e9ristiques et technologies <\/strong> <\/h2>\n<p> <strong> -RUBBER ENERGIE Caoutchouc <\/strong>: densit\u00e9 interm\u00e9diaire pour une incroyable prise de balle.<\/p>\n<p> <strong> -24K Plans de carbone aluminis\u00e9s <\/strong>: grande puissance avec une touche douce.<\/p>\n<p> <strong> -Dynamique Air Flow <\/strong>: Open Holes Syst\u00e8me dans le c\u0153ur qui r\u00e9duit la r\u00e9sistance \u00e0 l&#8217;air pour gagner de la vitesse.<br \/>\n<P style=\"padding-left: 40px\"> <strong> -Disposition des trous onze 13 <\/strong>: plus grande rigidit\u00e9 et coh\u00e9rence.<\/p>\n<p> <strong> -Power Extra Grip <\/strong>: allonge la poign\u00e9e am\u00e9liorant l&#8217;inertie et la puissance dans les coups.<\/p>\n<p> <strong> -reliever 3D Spin Blade Moule <\/strong>: optimise l&#8217;effet et am\u00e9liore les sensations de contact.<\/p>\n<h2> <strong> Passez votre jeu au niveau suivant <\/strong> <\/h2>\n<p>Achetez les <strong> adidas le croiser Light 3.4 <\/strong> dans notre p\u0101del et am\u00e9liorez votre niveau avec la pelle officielle de Martita Ortega. Con\u00e7u pour les joueurs professionnels \u00e0 la recherche d&#8217;un mod\u00e8le polyvalent qui s&#8217;adapte \u00e0 toute situation de jeu.<\/p>\n<h2><strong>Adidas Cross It Light 3.4: La Revoluci\u00f3n en la Pista<\/strong><\/p>\n","protected":false},"excerpt":{"rendered":"<p>La pelle ronde et les adidas l\u00e9gers le croisent 3,4 pour les femmes, Marta Ortega Officer. \u00c9nergie douce dans le noyau et plans de carbone rugueux 24K aluminis\u00e9s.<\/p>\n","protected":false},"featured_media":153155,"comment_status":"open","ping_status":"closed","template":"","meta":{"_acf_changed":false,"_joinchat":[]},"acabado":[1092],"balance":[1147],"dureza":[1157],"forma":[1182],"jugador":[1197],"marca":[1232],"nivel-de-juego":[1337,1347],"superficie":[1362],"tipo-de-juego":[1372],"product_brand":[],"product_cat":[302],"product_tag":[],"class_list":{"0":"post-153202","1":"product","2":"type-product","3":"status-publish","4":"has-post-thumbnail","6":"acabado-soulager-la-3d","7":"balance-faible","8":"dureza-media-fr","9":"forma-rond","10":"jugador-mujer-fr","11":"marca-adidas-fr","12":"superficie-rugosa-fr","13":"tipo-de-juego-control-fr","14":"product_cat-palas-de-padel-fr","16":"first","17":"instock","18":"sale","19":"taxable","20":"shipping-taxable","21":"purchasable","22":"product-type-simple"},"acf":[],"yoast_head":"<!-- This site is optimized with the Yoast SEO plugin v27.4 - https:\/\/yoast.com\/product\/yoast-seo-wordpress\/ -->\n<title>ADIDAS CROSS IT LIGHT 3.4 2025 - Revolution Padel Store<\/title>\n<meta name=\"description\" content=\"Con un formato redondo, su dise\u00f1o equilibra el peso cerca del grip, ofreciendo control superior en golpes defensivos y movimientos \u00e1giles. Con la firma exclusiva de la jugadora, esta pala Adidas para mujer no solo garantiza rendimiento, sino tambi\u00e9n estilo y calidad inigualables en la pista.\" \/>\n<meta name=\"robots\" content=\"index, follow, max-snippet:-1, max-image-preview:large, max-video-preview:-1\" \/>\n<link rel=\"canonical\" href=\"https:\/\/revolutionpadelstore.com\/fr\/produit\/adidas-cross-it-light-3-4-2025-3\/\" \/>\n<meta property=\"og:locale\" content=\"fr_FR\" \/>\n<meta property=\"og:type\" content=\"article\" \/>\n<meta property=\"og:title\" content=\"ADIDAS CROSS IT LIGHT 3.4 2025 - Revolution Padel Store\" \/>\n<meta property=\"og:description\" content=\"Con un formato redondo, su dise\u00f1o equilibra el peso cerca del grip, ofreciendo control superior en golpes defensivos y movimientos \u00e1giles. Con la firma exclusiva de la jugadora, esta pala Adidas para mujer no solo garantiza rendimiento, sino tambi\u00e9n estilo y calidad inigualables en la pista.\" \/>\n<meta property=\"og:url\" content=\"https:\/\/revolutionpadelstore.com\/fr\/produit\/adidas-cross-it-light-3-4-2025-3\/\" \/>\n<meta property=\"og:site_name\" content=\"Revolution Padel Store\" \/>\n<meta property=\"article:modified_time\" content=\"2026-04-10T00:00:30+00:00\" \/>\n<meta property=\"og:image\" content=\"https:\/\/revolutionpadelstore.com\/wp-content\/uploads\/2024\/12\/113680-pala-adidas-cross-lt-light-3-4-ar1ca6u111500x1500-1.webp\" \/>\n\t<meta property=\"og:image:width\" content=\"1500\" \/>\n\t<meta property=\"og:image:height\" content=\"1500\" \/>\n\t<meta property=\"og:image:type\" content=\"image\/webp\" \/>\n<meta name=\"twitter:card\" content=\"summary_large_image\" \/>\n<meta name=\"twitter:label1\" content=\"Dur\u00e9e de lecture estim\u00e9e\" \/>\n\t<meta name=\"twitter:data1\" content=\"2 minutes\" \/>\n<script type=\"application\/ld+json\" class=\"yoast-schema-graph\">{\"@context\":\"https:\\\/\\\/schema.org\",\"@graph\":[{\"@type\":\"WebPage\",\"@id\":\"https:\\\/\\\/revolutionpadelstore.com\\\/fr\\\/produit\\\/adidas-cross-it-light-3-4-2025-3\\\/\",\"url\":\"https:\\\/\\\/revolutionpadelstore.com\\\/fr\\\/produit\\\/adidas-cross-it-light-3-4-2025-3\\\/\",\"name\":\"ADIDAS CROSS IT LIGHT 3.4 2025 - Revolution Padel Store\",\"isPartOf\":{\"@id\":\"https:\\\/\\\/revolutionpadelstore.com\\\/fr\\\/#website\"},\"primaryImageOfPage\":{\"@id\":\"https:\\\/\\\/revolutionpadelstore.com\\\/fr\\\/produit\\\/adidas-cross-it-light-3-4-2025-3\\\/#primaryimage\"},\"image\":{\"@id\":\"https:\\\/\\\/revolutionpadelstore.com\\\/fr\\\/produit\\\/adidas-cross-it-light-3-4-2025-3\\\/#primaryimage\"},\"thumbnailUrl\":\"https:\\\/\\\/revolutionpadelstore.com\\\/wp-content\\\/uploads\\\/2024\\\/12\\\/113680-pala-adidas-cross-lt-light-3-4-ar1ca6u111500x1500-1.webp\",\"datePublished\":\"2024-12-06T23:59:23+00:00\",\"dateModified\":\"2026-04-10T00:00:30+00:00\",\"description\":\"Con un formato redondo, su dise\u00f1o equilibra el peso cerca del grip, ofreciendo control superior en golpes defensivos y movimientos \u00e1giles. Con la firma exclusiva de la jugadora, esta pala Adidas para mujer no solo garantiza rendimiento, sino tambi\u00e9n estilo y calidad inigualables en la pista.\",\"breadcrumb\":{\"@id\":\"https:\\\/\\\/revolutionpadelstore.com\\\/fr\\\/produit\\\/adidas-cross-it-light-3-4-2025-3\\\/#breadcrumb\"},\"inLanguage\":\"fr-FR\",\"potentialAction\":[{\"@type\":\"ReadAction\",\"target\":[\"https:\\\/\\\/revolutionpadelstore.com\\\/fr\\\/produit\\\/adidas-cross-it-light-3-4-2025-3\\\/\"]}]},{\"@type\":\"ImageObject\",\"inLanguage\":\"fr-FR\",\"@id\":\"https:\\\/\\\/revolutionpadelstore.com\\\/fr\\\/produit\\\/adidas-cross-it-light-3-4-2025-3\\\/#primaryimage\",\"url\":\"https:\\\/\\\/revolutionpadelstore.com\\\/wp-content\\\/uploads\\\/2024\\\/12\\\/113680-pala-adidas-cross-lt-light-3-4-ar1ca6u111500x1500-1.webp\",\"contentUrl\":\"https:\\\/\\\/revolutionpadelstore.com\\\/wp-content\\\/uploads\\\/2024\\\/12\\\/113680-pala-adidas-cross-lt-light-3-4-ar1ca6u111500x1500-1.webp\",\"width\":1500,\"height\":1500},{\"@type\":\"BreadcrumbList\",\"@id\":\"https:\\\/\\\/revolutionpadelstore.com\\\/fr\\\/produit\\\/adidas-cross-it-light-3-4-2025-3\\\/#breadcrumb\",\"itemListElement\":[{\"@type\":\"ListItem\",\"position\":1,\"name\":\"Portada\",\"item\":\"https:\\\/\\\/revolutionpadelstore.com\\\/fr\\\/\"},{\"@type\":\"ListItem\",\"position\":2,\"name\":\"Boutique\",\"item\":\"https:\\\/\\\/revolutionpadelstore.com\\\/fr\\\/tienda\\\/\"},{\"@type\":\"ListItem\",\"position\":3,\"name\":\"ADIDAS CROSS IT LIGHT 3.4 2025\"}]},{\"@type\":\"WebSite\",\"@id\":\"https:\\\/\\\/revolutionpadelstore.com\\\/fr\\\/#website\",\"url\":\"https:\\\/\\\/revolutionpadelstore.com\\\/fr\\\/\",\"name\":\"Revolution Padel Store\",\"description\":\"\",\"publisher\":{\"@id\":\"https:\\\/\\\/revolutionpadelstore.com\\\/fr\\\/#organization\"},\"potentialAction\":[{\"@type\":\"SearchAction\",\"target\":{\"@type\":\"EntryPoint\",\"urlTemplate\":\"https:\\\/\\\/revolutionpadelstore.com\\\/fr\\\/?s={search_term_string}\"},\"query-input\":{\"@type\":\"PropertyValueSpecification\",\"valueRequired\":true,\"valueName\":\"search_term_string\"}}],\"inLanguage\":\"fr-FR\"},{\"@type\":\"Organization\",\"@id\":\"https:\\\/\\\/revolutionpadelstore.com\\\/fr\\\/#organization\",\"name\":\"Revolution Padel Store\",\"url\":\"https:\\\/\\\/revolutionpadelstore.com\\\/fr\\\/\",\"logo\":{\"@type\":\"ImageObject\",\"inLanguage\":\"fr-FR\",\"@id\":\"https:\\\/\\\/revolutionpadelstore.com\\\/fr\\\/#\\\/schema\\\/logo\\\/image\\\/\",\"url\":\"https:\\\/\\\/revolutionpadelstore.com\\\/wp-content\\\/uploads\\\/2026\\\/02\\\/revolution-padel-store.jpg\",\"contentUrl\":\"https:\\\/\\\/revolutionpadelstore.com\\\/wp-content\\\/uploads\\\/2026\\\/02\\\/revolution-padel-store.jpg\",\"width\":2000,\"height\":2000,\"caption\":\"Revolution Padel Store\"},\"image\":{\"@id\":\"https:\\\/\\\/revolutionpadelstore.com\\\/fr\\\/#\\\/schema\\\/logo\\\/image\\\/\"},\"sameAs\":[\"https:\\\/\\\/www.instagram.com\\\/revolutionpadelstore\\\/\"]}]}<\/script>\n<!-- \/ Yoast SEO plugin. -->","yoast_head_json":{"title":"ADIDAS CROSS IT LIGHT 3.4 2025 - Revolution Padel Store","description":"Con un formato redondo, su dise\u00f1o equilibra el peso cerca del grip, ofreciendo control superior en golpes defensivos y movimientos \u00e1giles. Con la firma exclusiva de la jugadora, esta pala Adidas para mujer no solo garantiza rendimiento, sino tambi\u00e9n estilo y calidad inigualables en la pista.","robots":{"index":"index","follow":"follow","max-snippet":"max-snippet:-1","max-image-preview":"max-image-preview:large","max-video-preview":"max-video-preview:-1"},"canonical":"https:\/\/revolutionpadelstore.com\/fr\/produit\/adidas-cross-it-light-3-4-2025-3\/","og_locale":"fr_FR","og_type":"article","og_title":"ADIDAS CROSS IT LIGHT 3.4 2025 - Revolution Padel Store","og_description":"Con un formato redondo, su dise\u00f1o equilibra el peso cerca del grip, ofreciendo control superior en golpes defensivos y movimientos \u00e1giles. Con la firma exclusiva de la jugadora, esta pala Adidas para mujer no solo garantiza rendimiento, sino tambi\u00e9n estilo y calidad inigualables en la pista.","og_url":"https:\/\/revolutionpadelstore.com\/fr\/produit\/adidas-cross-it-light-3-4-2025-3\/","og_site_name":"Revolution Padel Store","article_modified_time":"2026-04-10T00:00:30+00:00","og_image":[{"width":1500,"height":1500,"url":"https:\/\/revolutionpadelstore.com\/wp-content\/uploads\/2024\/12\/113680-pala-adidas-cross-lt-light-3-4-ar1ca6u111500x1500-1.webp","type":"image\/webp"}],"twitter_card":"summary_large_image","twitter_misc":{"Dur\u00e9e de lecture estim\u00e9e":"2 minutes"},"schema":{"@context":"https:\/\/schema.org","@graph":[{"@type":"WebPage","@id":"https:\/\/revolutionpadelstore.com\/fr\/produit\/adidas-cross-it-light-3-4-2025-3\/","url":"https:\/\/revolutionpadelstore.com\/fr\/produit\/adidas-cross-it-light-3-4-2025-3\/","name":"ADIDAS CROSS IT LIGHT 3.4 2025 - Revolution Padel Store","isPartOf":{"@id":"https:\/\/revolutionpadelstore.com\/fr\/#website"},"primaryImageOfPage":{"@id":"https:\/\/revolutionpadelstore.com\/fr\/produit\/adidas-cross-it-light-3-4-2025-3\/#primaryimage"},"image":{"@id":"https:\/\/revolutionpadelstore.com\/fr\/produit\/adidas-cross-it-light-3-4-2025-3\/#primaryimage"},"thumbnailUrl":"https:\/\/revolutionpadelstore.com\/wp-content\/uploads\/2024\/12\/113680-pala-adidas-cross-lt-light-3-4-ar1ca6u111500x1500-1.webp","datePublished":"2024-12-06T23:59:23+00:00","dateModified":"2026-04-10T00:00:30+00:00","description":"Con un formato redondo, su dise\u00f1o equilibra el peso cerca del grip, ofreciendo control superior en golpes defensivos y movimientos \u00e1giles. Con la firma exclusiva de la jugadora, esta pala Adidas para mujer no solo garantiza rendimiento, sino tambi\u00e9n estilo y calidad inigualables en la pista.","breadcrumb":{"@id":"https:\/\/revolutionpadelstore.com\/fr\/produit\/adidas-cross-it-light-3-4-2025-3\/#breadcrumb"},"inLanguage":"fr-FR","potentialAction":[{"@type":"ReadAction","target":["https:\/\/revolutionpadelstore.com\/fr\/produit\/adidas-cross-it-light-3-4-2025-3\/"]}]},{"@type":"ImageObject","inLanguage":"fr-FR","@id":"https:\/\/revolutionpadelstore.com\/fr\/produit\/adidas-cross-it-light-3-4-2025-3\/#primaryimage","url":"https:\/\/revolutionpadelstore.com\/wp-content\/uploads\/2024\/12\/113680-pala-adidas-cross-lt-light-3-4-ar1ca6u111500x1500-1.webp","contentUrl":"https:\/\/revolutionpadelstore.com\/wp-content\/uploads\/2024\/12\/113680-pala-adidas-cross-lt-light-3-4-ar1ca6u111500x1500-1.webp","width":1500,"height":1500},{"@type":"BreadcrumbList","@id":"https:\/\/revolutionpadelstore.com\/fr\/produit\/adidas-cross-it-light-3-4-2025-3\/#breadcrumb","itemListElement":[{"@type":"ListItem","position":1,"name":"Portada","item":"https:\/\/revolutionpadelstore.com\/fr\/"},{"@type":"ListItem","position":2,"name":"Boutique","item":"https:\/\/revolutionpadelstore.com\/fr\/tienda\/"},{"@type":"ListItem","position":3,"name":"ADIDAS CROSS IT LIGHT 3.4 2025"}]},{"@type":"WebSite","@id":"https:\/\/revolutionpadelstore.com\/fr\/#website","url":"https:\/\/revolutionpadelstore.com\/fr\/","name":"Revolution Padel Store","description":"","publisher":{"@id":"https:\/\/revolutionpadelstore.com\/fr\/#organization"},"potentialAction":[{"@type":"SearchAction","target":{"@type":"EntryPoint","urlTemplate":"https:\/\/revolutionpadelstore.com\/fr\/?s={search_term_string}"},"query-input":{"@type":"PropertyValueSpecification","valueRequired":true,"valueName":"search_term_string"}}],"inLanguage":"fr-FR"},{"@type":"Organization","@id":"https:\/\/revolutionpadelstore.com\/fr\/#organization","name":"Revolution Padel Store","url":"https:\/\/revolutionpadelstore.com\/fr\/","logo":{"@type":"ImageObject","inLanguage":"fr-FR","@id":"https:\/\/revolutionpadelstore.com\/fr\/#\/schema\/logo\/image\/","url":"https:\/\/revolutionpadelstore.com\/wp-content\/uploads\/2026\/02\/revolution-padel-store.jpg","contentUrl":"https:\/\/revolutionpadelstore.com\/wp-content\/uploads\/2026\/02\/revolution-padel-store.jpg","width":2000,"height":2000,"caption":"Revolution Padel Store"},"image":{"@id":"https:\/\/revolutionpadelstore.com\/fr\/#\/schema\/logo\/image\/"},"sameAs":["https:\/\/www.instagram.com\/revolutionpadelstore\/"]}]}},"_links":{"self":[{"href":"https:\/\/revolutionpadelstore.com\/fr\/wp-json\/wp\/v2\/product\/153202","targetHints":{"allow":["GET"]}}],"collection":[{"href":"https:\/\/revolutionpadelstore.com\/fr\/wp-json\/wp\/v2\/product"}],"about":[{"href":"https:\/\/revolutionpadelstore.com\/fr\/wp-json\/wp\/v2\/types\/product"}],"replies":[{"embeddable":true,"href":"https:\/\/revolutionpadelstore.com\/fr\/wp-json\/wp\/v2\/comments?post=153202"}],"wp:featuredmedia":[{"embeddable":true,"href":"https:\/\/revolutionpadelstore.com\/fr\/wp-json\/wp\/v2\/media\/153155"}],"wp:attachment":[{"href":"https:\/\/revolutionpadelstore.com\/fr\/wp-json\/wp\/v2\/media?parent=153202"}],"wp:term":[{"taxonomy":"acabado","embeddable":true,"href":"https:\/\/revolutionpadelstore.com\/fr\/wp-json\/wp\/v2\/acabado?post=153202"},{"taxonomy":"balance","embeddable":true,"href":"https:\/\/revolutionpadelstore.com\/fr\/wp-json\/wp\/v2\/balance?post=153202"},{"taxonomy":"dureza","embeddable":true,"href":"https:\/\/revolutionpadelstore.com\/fr\/wp-json\/wp\/v2\/dureza?post=153202"},{"taxonomy":"forma","embeddable":true,"href":"https:\/\/revolutionpadelstore.com\/fr\/wp-json\/wp\/v2\/forma?post=153202"},{"taxonomy":"jugador","embeddable":true,"href":"https:\/\/revolutionpadelstore.com\/fr\/wp-json\/wp\/v2\/jugador?post=153202"},{"taxonomy":"marca","embeddable":true,"href":"https:\/\/revolutionpadelstore.com\/fr\/wp-json\/wp\/v2\/marca?post=153202"},{"taxonomy":"nivel-de-juego","embeddable":true,"href":"https:\/\/revolutionpadelstore.com\/fr\/wp-json\/wp\/v2\/nivel-de-juego?post=153202"},{"taxonomy":"superficie","embeddable":true,"href":"https:\/\/revolutionpadelstore.com\/fr\/wp-json\/wp\/v2\/superficie?post=153202"},{"taxonomy":"tipo-de-juego","embeddable":true,"href":"https:\/\/revolutionpadelstore.com\/fr\/wp-json\/wp\/v2\/tipo-de-juego?post=153202"},{"taxonomy":"product_brand","embeddable":true,"href":"https:\/\/revolutionpadelstore.com\/fr\/wp-json\/wp\/v2\/product_brand?post=153202"},{"taxonomy":"product_cat","embeddable":true,"href":"https:\/\/revolutionpadelstore.com\/fr\/wp-json\/wp\/v2\/product_cat?post=153202"},{"taxonomy":"product_tag","embeddable":true,"href":"https:\/\/revolutionpadelstore.com\/fr\/wp-json\/wp\/v2\/product_tag?post=153202"}],"curies":[{"name":"wp","href":"https:\/\/api.w.org\/{rel}","templated":true}]}}