{"id":15190,"date":"2024-04-22T15:24:00","date_gmt":"2024-04-22T13:24:00","guid":{"rendered":"https:\/\/revolutionpadelstore.com\/zapatillas-bullpadel-gemma-triay-elite-24v-blanco\/"},"modified":"2026-04-08T12:19:58","modified_gmt":"2026-04-08T10:19:58","slug":"zapatillas-bullpadel-gemma-triay-elite-24v-blanco-3","status":"publish","type":"product","link":"https:\/\/revolutionpadelstore.com\/fr\/produit\/zapatillas-bullpadel-gemma-triay-elite-24v-blanco-3\/","title":{"rendered":"Zapatillas Bullpadel Gemma Triay Elite 24V Blanco"},"content":{"rendered":"<p>Chez Revolution Padel Store, vous trouverez les chaussures parfaites pour vos parties de padel. Notre produit phare, les chaussures Bullpadel Gemma Triay Elite 24V blanches, sont con\u00e7ues avec la technologie la plus avanc\u00e9e et un design hybride innovant qui garantira des performances exceptionnelles sur le terrain.<\/p>\n<p> Ces chaussures ont \u00e9t\u00e9 cr\u00e9\u00e9es en pensant \u00e0 la joueuse professionnelle Gemma Triay, leur qualit\u00e9 et leur confort sont donc garantis. Gr\u00e2ce \u00e0 son patin hybride, vous pourrez vous adapter \u00e0 tout type de terrain et de niveau de jeu, tandis que les tendeurs lat\u00e9raux vous apporteront un r\u00e9glage suppl\u00e9mentaire pour un meilleur contr\u00f4le dans chaque mouvement.<\/p>\n<p> Mais ce n&#8217;est pas tout, leur bout en caoutchouc inject\u00e9 sans couture prot\u00e9gera votre pied et la zone des orteils, tandis que le rembourrage en lycra au talon les rendra id\u00e9ales pour les pieds les plus d\u00e9licats. De plus, sa technologie BPS SYSTEM, avec stabilisateur arri\u00e8re, pr\u00e9vient les entorses en maintenant le pied sur les supports lat\u00e9raux.<\/p>\n<p> Chez Revolution Padel Store, nous nous soucions de votre confort, c&#8217;est pourquoi nous avons incorpor\u00e9 la technologie HEEL COMFORT dans ces chaussures. Sa construction avec un tissu plus doux et un rembourrage au talon vous offriront un confort suppl\u00e9mentaire, particuli\u00e8rement adapt\u00e9 aux talons d\u00e9licats. Et gr\u00e2ce \u00e0 la technologie THERMO SEALED, sans coutures, les chaussures seront plus l\u00e9g\u00e8res, plus souples et plus r\u00e9sistantes.<\/p>\n<p> De plus, les chaussures Bullpadel Gemma Triay Elite 24V blanches disposent de TENSEURS LAT\u00c9RAUX, des tendeurs suppl\u00e9mentaires sur les lacets qui vous offriront un ajustement renforc\u00e9 pour de meilleures performances sur le terrain. Et gr\u00e2ce \u00e0 la technologie SOLE SHIELD, avec une plus grande hauteur de semelle sur les c\u00f4t\u00e9s et la pointe, vous serez prot\u00e9g\u00e9 des frottements contre les murs.<\/p>\n<p> Mais ce n&#8217;est pas tout, la technologie THOUGHTOE, avec une pi\u00e8ce de renfort en caoutchouc au niveau de la pointe, vous offrira de hautes performances.<\/p>\n","protected":false},"excerpt":{"rendered":"<p>D\u00e9couvrez les chaussures Bullpadel Gemma Triay Elite 24V Blanches, con\u00e7ues pour s&#8217;adapter \u00e0 n&#8217;importe quel terrain et niveau de jeu. Avec des technologies innovantes et un design hybride pour une meilleure adh\u00e9rence et flexibilit\u00e9. Disponible au Revolution Padel Store.<\/p>\n","protected":false},"featured_media":39864,"comment_status":"closed","ping_status":"closed","template":"","meta":{"_acf_changed":false,"_joinchat":[]},"acabado":[],"balance":[],"dureza":[],"forma":[],"jugador":[1197],"marca":[1257],"nivel-de-juego":[1342,1347],"superficie":[],"tipo-de-juego":[],"product_brand":[],"product_cat":[456],"product_tag":[],"class_list":{"0":"post-15190","1":"product","2":"type-product","3":"status-publish","4":"has-post-thumbnail","6":"jugador-mujer-fr","7":"marca-bullpadel-fr","8":"product_cat-sneakers-pour-femme","10":"first","11":"outofstock","12":"taxable","13":"shipping-taxable","14":"purchasable","15":"product-type-variable"},"acf":[],"yoast_head":"<!-- This site is optimized with the Yoast SEO plugin v27.4 - https:\/\/yoast.com\/product\/yoast-seo-wordpress\/ -->\n<title>Zapatillas Bullpadel Gemma Triay Elite 24V Blanco - Revolution Padel Store<\/title>\n<meta name=\"description\" content=\"Descubre las zapatillas Bullpadel Gemma Triay Elite 24V Blanco, dise\u00f1adas para adaptarse a cualquier pista y nivel de juego. Con tecnolog\u00edas innovadoras y un dise\u00f1o h\u00edbrido para mayor agarre y flexibilidad. Disponible en Revolution Padel Store.\" \/>\n<meta name=\"robots\" content=\"index, follow, max-snippet:-1, max-image-preview:large, max-video-preview:-1\" \/>\n<link rel=\"canonical\" href=\"https:\/\/revolutionpadelstore.com\/fr\/produit\/zapatillas-bullpadel-gemma-triay-elite-24v-blanco-3\/\" \/>\n<meta property=\"og:locale\" content=\"fr_FR\" \/>\n<meta property=\"og:type\" content=\"article\" \/>\n<meta property=\"og:title\" content=\"Zapatillas Bullpadel Gemma Triay Elite 24V Blanco - Revolution Padel Store\" \/>\n<meta property=\"og:description\" content=\"Descubre las zapatillas Bullpadel Gemma Triay Elite 24V Blanco, dise\u00f1adas para adaptarse a cualquier pista y nivel de juego. Con tecnolog\u00edas innovadoras y un dise\u00f1o h\u00edbrido para mayor agarre y flexibilidad. Disponible en Revolution Padel Store.\" \/>\n<meta property=\"og:url\" content=\"https:\/\/revolutionpadelstore.com\/fr\/produit\/zapatillas-bullpadel-gemma-triay-elite-24v-blanco-3\/\" \/>\n<meta property=\"og:site_name\" content=\"Revolution Padel Store\" \/>\n<meta property=\"article:modified_time\" content=\"2026-04-08T10:19:58+00:00\" \/>\n<meta property=\"og:image\" content=\"https:\/\/revolutionpadelstore.com\/wp-content\/uploads\/2024\/04\/18390-0-4.jpg\" \/>\n\t<meta property=\"og:image:width\" content=\"800\" \/>\n\t<meta property=\"og:image:height\" content=\"800\" \/>\n\t<meta property=\"og:image:type\" content=\"image\/png\" \/>\n<meta name=\"twitter:card\" content=\"summary_large_image\" \/>\n<meta name=\"twitter:label1\" content=\"Dur\u00e9e de lecture estim\u00e9e\" \/>\n\t<meta name=\"twitter:data1\" content=\"2 minutes\" \/>\n<script type=\"application\/ld+json\" class=\"yoast-schema-graph\">{\"@context\":\"https:\\\/\\\/schema.org\",\"@graph\":[{\"@type\":\"WebPage\",\"@id\":\"https:\\\/\\\/revolutionpadelstore.com\\\/fr\\\/produit\\\/zapatillas-bullpadel-gemma-triay-elite-24v-blanco-3\\\/\",\"url\":\"https:\\\/\\\/revolutionpadelstore.com\\\/fr\\\/produit\\\/zapatillas-bullpadel-gemma-triay-elite-24v-blanco-3\\\/\",\"name\":\"Zapatillas Bullpadel Gemma Triay Elite 24V Blanco - Revolution Padel Store\",\"isPartOf\":{\"@id\":\"https:\\\/\\\/revolutionpadelstore.com\\\/fr\\\/#website\"},\"primaryImageOfPage\":{\"@id\":\"https:\\\/\\\/revolutionpadelstore.com\\\/fr\\\/produit\\\/zapatillas-bullpadel-gemma-triay-elite-24v-blanco-3\\\/#primaryimage\"},\"image\":{\"@id\":\"https:\\\/\\\/revolutionpadelstore.com\\\/fr\\\/produit\\\/zapatillas-bullpadel-gemma-triay-elite-24v-blanco-3\\\/#primaryimage\"},\"thumbnailUrl\":\"https:\\\/\\\/revolutionpadelstore.com\\\/wp-content\\\/uploads\\\/2024\\\/04\\\/18390-0-4.jpg\",\"datePublished\":\"2024-04-22T13:24:00+00:00\",\"dateModified\":\"2026-04-08T10:19:58+00:00\",\"description\":\"Descubre las zapatillas Bullpadel Gemma Triay Elite 24V Blanco, dise\u00f1adas para adaptarse a cualquier pista y nivel de juego. Con tecnolog\u00edas innovadoras y un dise\u00f1o h\u00edbrido para mayor agarre y flexibilidad. Disponible en Revolution Padel Store.\",\"breadcrumb\":{\"@id\":\"https:\\\/\\\/revolutionpadelstore.com\\\/fr\\\/produit\\\/zapatillas-bullpadel-gemma-triay-elite-24v-blanco-3\\\/#breadcrumb\"},\"inLanguage\":\"fr-FR\",\"potentialAction\":[{\"@type\":\"ReadAction\",\"target\":[\"https:\\\/\\\/revolutionpadelstore.com\\\/fr\\\/produit\\\/zapatillas-bullpadel-gemma-triay-elite-24v-blanco-3\\\/\"]}]},{\"@type\":\"ImageObject\",\"inLanguage\":\"fr-FR\",\"@id\":\"https:\\\/\\\/revolutionpadelstore.com\\\/fr\\\/produit\\\/zapatillas-bullpadel-gemma-triay-elite-24v-blanco-3\\\/#primaryimage\",\"url\":\"https:\\\/\\\/revolutionpadelstore.com\\\/wp-content\\\/uploads\\\/2024\\\/04\\\/18390-0-4.jpg\",\"contentUrl\":\"https:\\\/\\\/revolutionpadelstore.com\\\/wp-content\\\/uploads\\\/2024\\\/04\\\/18390-0-4.jpg\",\"width\":800,\"height\":800},{\"@type\":\"BreadcrumbList\",\"@id\":\"https:\\\/\\\/revolutionpadelstore.com\\\/fr\\\/produit\\\/zapatillas-bullpadel-gemma-triay-elite-24v-blanco-3\\\/#breadcrumb\",\"itemListElement\":[{\"@type\":\"ListItem\",\"position\":1,\"name\":\"Portada\",\"item\":\"https:\\\/\\\/revolutionpadelstore.com\\\/fr\\\/\"},{\"@type\":\"ListItem\",\"position\":2,\"name\":\"Boutique\",\"item\":\"https:\\\/\\\/revolutionpadelstore.com\\\/fr\\\/tienda\\\/\"},{\"@type\":\"ListItem\",\"position\":3,\"name\":\"Zapatillas Bullpadel Gemma Triay Elite 24V Blanco\"}]},{\"@type\":\"WebSite\",\"@id\":\"https:\\\/\\\/revolutionpadelstore.com\\\/fr\\\/#website\",\"url\":\"https:\\\/\\\/revolutionpadelstore.com\\\/fr\\\/\",\"name\":\"Revolution Padel Store\",\"description\":\"\",\"publisher\":{\"@id\":\"https:\\\/\\\/revolutionpadelstore.com\\\/fr\\\/#organization\"},\"potentialAction\":[{\"@type\":\"SearchAction\",\"target\":{\"@type\":\"EntryPoint\",\"urlTemplate\":\"https:\\\/\\\/revolutionpadelstore.com\\\/fr\\\/?s={search_term_string}\"},\"query-input\":{\"@type\":\"PropertyValueSpecification\",\"valueRequired\":true,\"valueName\":\"search_term_string\"}}],\"inLanguage\":\"fr-FR\"},{\"@type\":\"Organization\",\"@id\":\"https:\\\/\\\/revolutionpadelstore.com\\\/fr\\\/#organization\",\"name\":\"Revolution Padel Store\",\"url\":\"https:\\\/\\\/revolutionpadelstore.com\\\/fr\\\/\",\"logo\":{\"@type\":\"ImageObject\",\"inLanguage\":\"fr-FR\",\"@id\":\"https:\\\/\\\/revolutionpadelstore.com\\\/fr\\\/#\\\/schema\\\/logo\\\/image\\\/\",\"url\":\"https:\\\/\\\/revolutionpadelstore.com\\\/wp-content\\\/uploads\\\/2026\\\/02\\\/revolution-padel-store.jpg\",\"contentUrl\":\"https:\\\/\\\/revolutionpadelstore.com\\\/wp-content\\\/uploads\\\/2026\\\/02\\\/revolution-padel-store.jpg\",\"width\":2000,\"height\":2000,\"caption\":\"Revolution Padel Store\"},\"image\":{\"@id\":\"https:\\\/\\\/revolutionpadelstore.com\\\/fr\\\/#\\\/schema\\\/logo\\\/image\\\/\"},\"sameAs\":[\"https:\\\/\\\/www.instagram.com\\\/revolutionpadelstore\\\/\"]}]}<\/script>\n<!-- \/ Yoast SEO plugin. -->","yoast_head_json":{"title":"Zapatillas Bullpadel Gemma Triay Elite 24V Blanco - Revolution Padel Store","description":"Descubre las zapatillas Bullpadel Gemma Triay Elite 24V Blanco, dise\u00f1adas para adaptarse a cualquier pista y nivel de juego. Con tecnolog\u00edas innovadoras y un dise\u00f1o h\u00edbrido para mayor agarre y flexibilidad. Disponible en Revolution Padel Store.","robots":{"index":"index","follow":"follow","max-snippet":"max-snippet:-1","max-image-preview":"max-image-preview:large","max-video-preview":"max-video-preview:-1"},"canonical":"https:\/\/revolutionpadelstore.com\/fr\/produit\/zapatillas-bullpadel-gemma-triay-elite-24v-blanco-3\/","og_locale":"fr_FR","og_type":"article","og_title":"Zapatillas Bullpadel Gemma Triay Elite 24V Blanco - Revolution Padel Store","og_description":"Descubre las zapatillas Bullpadel Gemma Triay Elite 24V Blanco, dise\u00f1adas para adaptarse a cualquier pista y nivel de juego. Con tecnolog\u00edas innovadoras y un dise\u00f1o h\u00edbrido para mayor agarre y flexibilidad. Disponible en Revolution Padel Store.","og_url":"https:\/\/revolutionpadelstore.com\/fr\/produit\/zapatillas-bullpadel-gemma-triay-elite-24v-blanco-3\/","og_site_name":"Revolution Padel Store","article_modified_time":"2026-04-08T10:19:58+00:00","og_image":[{"width":800,"height":800,"url":"https:\/\/revolutionpadelstore.com\/wp-content\/uploads\/2024\/04\/18390-0-4.jpg","type":"image\/png"}],"twitter_card":"summary_large_image","twitter_misc":{"Dur\u00e9e de lecture estim\u00e9e":"2 minutes"},"schema":{"@context":"https:\/\/schema.org","@graph":[{"@type":"WebPage","@id":"https:\/\/revolutionpadelstore.com\/fr\/produit\/zapatillas-bullpadel-gemma-triay-elite-24v-blanco-3\/","url":"https:\/\/revolutionpadelstore.com\/fr\/produit\/zapatillas-bullpadel-gemma-triay-elite-24v-blanco-3\/","name":"Zapatillas Bullpadel Gemma Triay Elite 24V Blanco - Revolution Padel Store","isPartOf":{"@id":"https:\/\/revolutionpadelstore.com\/fr\/#website"},"primaryImageOfPage":{"@id":"https:\/\/revolutionpadelstore.com\/fr\/produit\/zapatillas-bullpadel-gemma-triay-elite-24v-blanco-3\/#primaryimage"},"image":{"@id":"https:\/\/revolutionpadelstore.com\/fr\/produit\/zapatillas-bullpadel-gemma-triay-elite-24v-blanco-3\/#primaryimage"},"thumbnailUrl":"https:\/\/revolutionpadelstore.com\/wp-content\/uploads\/2024\/04\/18390-0-4.jpg","datePublished":"2024-04-22T13:24:00+00:00","dateModified":"2026-04-08T10:19:58+00:00","description":"Descubre las zapatillas Bullpadel Gemma Triay Elite 24V Blanco, dise\u00f1adas para adaptarse a cualquier pista y nivel de juego. Con tecnolog\u00edas innovadoras y un dise\u00f1o h\u00edbrido para mayor agarre y flexibilidad. Disponible en Revolution Padel Store.","breadcrumb":{"@id":"https:\/\/revolutionpadelstore.com\/fr\/produit\/zapatillas-bullpadel-gemma-triay-elite-24v-blanco-3\/#breadcrumb"},"inLanguage":"fr-FR","potentialAction":[{"@type":"ReadAction","target":["https:\/\/revolutionpadelstore.com\/fr\/produit\/zapatillas-bullpadel-gemma-triay-elite-24v-blanco-3\/"]}]},{"@type":"ImageObject","inLanguage":"fr-FR","@id":"https:\/\/revolutionpadelstore.com\/fr\/produit\/zapatillas-bullpadel-gemma-triay-elite-24v-blanco-3\/#primaryimage","url":"https:\/\/revolutionpadelstore.com\/wp-content\/uploads\/2024\/04\/18390-0-4.jpg","contentUrl":"https:\/\/revolutionpadelstore.com\/wp-content\/uploads\/2024\/04\/18390-0-4.jpg","width":800,"height":800},{"@type":"BreadcrumbList","@id":"https:\/\/revolutionpadelstore.com\/fr\/produit\/zapatillas-bullpadel-gemma-triay-elite-24v-blanco-3\/#breadcrumb","itemListElement":[{"@type":"ListItem","position":1,"name":"Portada","item":"https:\/\/revolutionpadelstore.com\/fr\/"},{"@type":"ListItem","position":2,"name":"Boutique","item":"https:\/\/revolutionpadelstore.com\/fr\/tienda\/"},{"@type":"ListItem","position":3,"name":"Zapatillas Bullpadel Gemma Triay Elite 24V Blanco"}]},{"@type":"WebSite","@id":"https:\/\/revolutionpadelstore.com\/fr\/#website","url":"https:\/\/revolutionpadelstore.com\/fr\/","name":"Revolution Padel Store","description":"","publisher":{"@id":"https:\/\/revolutionpadelstore.com\/fr\/#organization"},"potentialAction":[{"@type":"SearchAction","target":{"@type":"EntryPoint","urlTemplate":"https:\/\/revolutionpadelstore.com\/fr\/?s={search_term_string}"},"query-input":{"@type":"PropertyValueSpecification","valueRequired":true,"valueName":"search_term_string"}}],"inLanguage":"fr-FR"},{"@type":"Organization","@id":"https:\/\/revolutionpadelstore.com\/fr\/#organization","name":"Revolution Padel Store","url":"https:\/\/revolutionpadelstore.com\/fr\/","logo":{"@type":"ImageObject","inLanguage":"fr-FR","@id":"https:\/\/revolutionpadelstore.com\/fr\/#\/schema\/logo\/image\/","url":"https:\/\/revolutionpadelstore.com\/wp-content\/uploads\/2026\/02\/revolution-padel-store.jpg","contentUrl":"https:\/\/revolutionpadelstore.com\/wp-content\/uploads\/2026\/02\/revolution-padel-store.jpg","width":2000,"height":2000,"caption":"Revolution Padel Store"},"image":{"@id":"https:\/\/revolutionpadelstore.com\/fr\/#\/schema\/logo\/image\/"},"sameAs":["https:\/\/www.instagram.com\/revolutionpadelstore\/"]}]}},"_links":{"self":[{"href":"https:\/\/revolutionpadelstore.com\/fr\/wp-json\/wp\/v2\/product\/15190","targetHints":{"allow":["GET"]}}],"collection":[{"href":"https:\/\/revolutionpadelstore.com\/fr\/wp-json\/wp\/v2\/product"}],"about":[{"href":"https:\/\/revolutionpadelstore.com\/fr\/wp-json\/wp\/v2\/types\/product"}],"replies":[{"embeddable":true,"href":"https:\/\/revolutionpadelstore.com\/fr\/wp-json\/wp\/v2\/comments?post=15190"}],"wp:featuredmedia":[{"embeddable":true,"href":"https:\/\/revolutionpadelstore.com\/fr\/wp-json\/wp\/v2\/media\/39864"}],"wp:attachment":[{"href":"https:\/\/revolutionpadelstore.com\/fr\/wp-json\/wp\/v2\/media?parent=15190"}],"wp:term":[{"taxonomy":"acabado","embeddable":true,"href":"https:\/\/revolutionpadelstore.com\/fr\/wp-json\/wp\/v2\/acabado?post=15190"},{"taxonomy":"balance","embeddable":true,"href":"https:\/\/revolutionpadelstore.com\/fr\/wp-json\/wp\/v2\/balance?post=15190"},{"taxonomy":"dureza","embeddable":true,"href":"https:\/\/revolutionpadelstore.com\/fr\/wp-json\/wp\/v2\/dureza?post=15190"},{"taxonomy":"forma","embeddable":true,"href":"https:\/\/revolutionpadelstore.com\/fr\/wp-json\/wp\/v2\/forma?post=15190"},{"taxonomy":"jugador","embeddable":true,"href":"https:\/\/revolutionpadelstore.com\/fr\/wp-json\/wp\/v2\/jugador?post=15190"},{"taxonomy":"marca","embeddable":true,"href":"https:\/\/revolutionpadelstore.com\/fr\/wp-json\/wp\/v2\/marca?post=15190"},{"taxonomy":"nivel-de-juego","embeddable":true,"href":"https:\/\/revolutionpadelstore.com\/fr\/wp-json\/wp\/v2\/nivel-de-juego?post=15190"},{"taxonomy":"superficie","embeddable":true,"href":"https:\/\/revolutionpadelstore.com\/fr\/wp-json\/wp\/v2\/superficie?post=15190"},{"taxonomy":"tipo-de-juego","embeddable":true,"href":"https:\/\/revolutionpadelstore.com\/fr\/wp-json\/wp\/v2\/tipo-de-juego?post=15190"},{"taxonomy":"product_brand","embeddable":true,"href":"https:\/\/revolutionpadelstore.com\/fr\/wp-json\/wp\/v2\/product_brand?post=15190"},{"taxonomy":"product_cat","embeddable":true,"href":"https:\/\/revolutionpadelstore.com\/fr\/wp-json\/wp\/v2\/product_cat?post=15190"},{"taxonomy":"product_tag","embeddable":true,"href":"https:\/\/revolutionpadelstore.com\/fr\/wp-json\/wp\/v2\/product_tag?post=15190"}],"curies":[{"name":"wp","href":"https:\/\/api.w.org\/{rel}","templated":true}]}}