{"id":142779,"date":"2024-11-27T08:36:21","date_gmt":"2024-11-27T07:36:21","guid":{"rendered":"https:\/\/revolutionpadelstore.com\/par-munequeras-adidas-s-negro\/"},"modified":"2026-04-08T10:00:35","modified_gmt":"2026-04-08T08:00:35","slug":"par-munequeras-adidas-s-negro-3","status":"publish","type":"product","link":"https:\/\/revolutionpadelstore.com\/fr\/produit\/par-munequeras-adidas-s-negro-3\/","title":{"rendered":"PAR MU\u00d1EQUERAS ADIDAS S NEGRO"},"content":{"rendered":"<h2> tor<br \/>\nCes <strong> boursiers adidas S <\/strong> en noir sont l&#8217;accessoire parfait pour tout athl\u00e8te \u00e0 la recherche de confort et de performance \u00e9lev\u00e9e, que ce soit, femme, femme ou enfant.<\/p>\n<p>Gr\u00e2ce \u00e0 sa conception courte et \u00e0 son mat\u00e9riau absorbant, ces poup\u00e9es vous permettent de garder la sueur sous contr\u00f4le, am\u00e9liorant votre concentration tout au long du jeu.<\/p>\n<p>Fabriqu\u00e9s avec du coton et du polyester et du coton recycl\u00e9, ils offrent de la douceur et de l&#8217;\u00e9lasticit\u00e9, s&#8217;adaptant parfaitement \u00e0 votre poignet. Le logo de broderie adidas donne une touche d&#8217;\u00e9l\u00e9gance. Ces poup\u00e9es, officiers de <strong> Ale Gal\u00e1n <\/strong>, combinent le style et les fonctionnalit\u00e9s dans une conception de haute qualit\u00e9.<\/p>\n<h2>Par Mu\u00f1equeras Adidas S\u00a0Negro<\/h2>\n","protected":false},"excerpt":{"rendered":"<p>Les officiers de la bi\u00e8re Gal\u00e1n, cette paire de poup\u00e9es adidas en noir garantissent une absorption exceptionnelle de la transpiration gr\u00e2ce \u00e0 ses tissus doux et l\u00e9gers de polyester et de coton \u00e9lastiques.<\/p>\n","protected":false},"featured_media":129560,"comment_status":"open","ping_status":"closed","template":"","meta":{"_acf_changed":false,"_joinchat":[]},"acabado":[],"balance":[],"dureza":[],"forma":[],"jugador":[],"marca":[1232],"nivel-de-juego":[],"superficie":[],"tipo-de-juego":[],"product_brand":[],"product_cat":[561],"product_tag":[],"class_list":{"0":"post-142779","1":"product","2":"type-product","3":"status-publish","4":"has-post-thumbnail","6":"marca-adidas-fr","7":"product_cat-accessoires","9":"first","10":"instock","11":"sale","12":"taxable","13":"shipping-taxable","14":"purchasable","15":"product-type-simple"},"acf":[],"yoast_head":"<!-- This site is optimized with the Yoast SEO plugin v27.4 - https:\/\/yoast.com\/product\/yoast-seo-wordpress\/ -->\n<title>PAR MU\u00d1EQUERAS ADIDAS S NEGRO - Revolution Padel Store<\/title>\n<meta name=\"description\" content=\"Oficiales de Ale Gal\u00e1n, este Par de Mu\u00f1equeras Adidas S en color negro garantizan una absorci\u00f3n excepcional del sudor gracias a su tejido suave y ligero de poli\u00e9ster el\u00e1stico y algod\u00f3n.\" \/>\n<meta name=\"robots\" content=\"index, follow, max-snippet:-1, max-image-preview:large, max-video-preview:-1\" \/>\n<link rel=\"canonical\" href=\"https:\/\/revolutionpadelstore.com\/fr\/produit\/par-munequeras-adidas-s-negro-3\/\" \/>\n<meta property=\"og:locale\" content=\"fr_FR\" \/>\n<meta property=\"og:type\" content=\"article\" \/>\n<meta property=\"og:title\" content=\"PAR MU\u00d1EQUERAS ADIDAS S NEGRO - Revolution Padel Store\" \/>\n<meta property=\"og:description\" content=\"Oficiales de Ale Gal\u00e1n, este Par de Mu\u00f1equeras Adidas S en color negro garantizan una absorci\u00f3n excepcional del sudor gracias a su tejido suave y ligero de poli\u00e9ster el\u00e1stico y algod\u00f3n.\" \/>\n<meta property=\"og:url\" content=\"https:\/\/revolutionpadelstore.com\/fr\/produit\/par-munequeras-adidas-s-negro-3\/\" \/>\n<meta property=\"og:site_name\" content=\"Revolution Padel Store\" \/>\n<meta property=\"article:modified_time\" content=\"2026-04-08T08:00:35+00:00\" \/>\n<meta property=\"og:image\" content=\"https:\/\/revolutionpadelstore.com\/wp-content\/uploads\/2024\/11\/32348_par_munequera_adidas_s_aa4wc0s42_1500x1500_1_4315.webp\" \/>\n\t<meta property=\"og:image:width\" content=\"1500\" \/>\n\t<meta property=\"og:image:height\" content=\"1500\" \/>\n\t<meta property=\"og:image:type\" content=\"image\/webp\" \/>\n<meta name=\"twitter:card\" content=\"summary_large_image\" \/>\n<meta name=\"twitter:label1\" content=\"Dur\u00e9e de lecture estim\u00e9e\" \/>\n\t<meta name=\"twitter:data1\" content=\"1 minute\" \/>\n<script type=\"application\/ld+json\" class=\"yoast-schema-graph\">{\"@context\":\"https:\\\/\\\/schema.org\",\"@graph\":[{\"@type\":\"WebPage\",\"@id\":\"https:\\\/\\\/revolutionpadelstore.com\\\/fr\\\/produit\\\/par-munequeras-adidas-s-negro-3\\\/\",\"url\":\"https:\\\/\\\/revolutionpadelstore.com\\\/fr\\\/produit\\\/par-munequeras-adidas-s-negro-3\\\/\",\"name\":\"PAR MU\u00d1EQUERAS ADIDAS S NEGRO - Revolution Padel Store\",\"isPartOf\":{\"@id\":\"https:\\\/\\\/revolutionpadelstore.com\\\/fr\\\/#website\"},\"primaryImageOfPage\":{\"@id\":\"https:\\\/\\\/revolutionpadelstore.com\\\/fr\\\/produit\\\/par-munequeras-adidas-s-negro-3\\\/#primaryimage\"},\"image\":{\"@id\":\"https:\\\/\\\/revolutionpadelstore.com\\\/fr\\\/produit\\\/par-munequeras-adidas-s-negro-3\\\/#primaryimage\"},\"thumbnailUrl\":\"https:\\\/\\\/revolutionpadelstore.com\\\/wp-content\\\/uploads\\\/2024\\\/11\\\/32348_par_munequera_adidas_s_aa4wc0s42_1500x1500_1_4315.webp\",\"datePublished\":\"2024-11-27T07:36:21+00:00\",\"dateModified\":\"2026-04-08T08:00:35+00:00\",\"description\":\"Oficiales de Ale Gal\u00e1n, este Par de Mu\u00f1equeras Adidas S en color negro garantizan una absorci\u00f3n excepcional del sudor gracias a su tejido suave y ligero de poli\u00e9ster el\u00e1stico y algod\u00f3n.\",\"breadcrumb\":{\"@id\":\"https:\\\/\\\/revolutionpadelstore.com\\\/fr\\\/produit\\\/par-munequeras-adidas-s-negro-3\\\/#breadcrumb\"},\"inLanguage\":\"fr-FR\",\"potentialAction\":[{\"@type\":\"ReadAction\",\"target\":[\"https:\\\/\\\/revolutionpadelstore.com\\\/fr\\\/produit\\\/par-munequeras-adidas-s-negro-3\\\/\"]}]},{\"@type\":\"ImageObject\",\"inLanguage\":\"fr-FR\",\"@id\":\"https:\\\/\\\/revolutionpadelstore.com\\\/fr\\\/produit\\\/par-munequeras-adidas-s-negro-3\\\/#primaryimage\",\"url\":\"https:\\\/\\\/revolutionpadelstore.com\\\/wp-content\\\/uploads\\\/2024\\\/11\\\/32348_par_munequera_adidas_s_aa4wc0s42_1500x1500_1_4315.webp\",\"contentUrl\":\"https:\\\/\\\/revolutionpadelstore.com\\\/wp-content\\\/uploads\\\/2024\\\/11\\\/32348_par_munequera_adidas_s_aa4wc0s42_1500x1500_1_4315.webp\",\"width\":1500,\"height\":1500},{\"@type\":\"BreadcrumbList\",\"@id\":\"https:\\\/\\\/revolutionpadelstore.com\\\/fr\\\/produit\\\/par-munequeras-adidas-s-negro-3\\\/#breadcrumb\",\"itemListElement\":[{\"@type\":\"ListItem\",\"position\":1,\"name\":\"Portada\",\"item\":\"https:\\\/\\\/revolutionpadelstore.com\\\/fr\\\/\"},{\"@type\":\"ListItem\",\"position\":2,\"name\":\"Boutique\",\"item\":\"https:\\\/\\\/revolutionpadelstore.com\\\/fr\\\/tienda\\\/\"},{\"@type\":\"ListItem\",\"position\":3,\"name\":\"PAR MU\u00d1EQUERAS ADIDAS S NEGRO\"}]},{\"@type\":\"WebSite\",\"@id\":\"https:\\\/\\\/revolutionpadelstore.com\\\/fr\\\/#website\",\"url\":\"https:\\\/\\\/revolutionpadelstore.com\\\/fr\\\/\",\"name\":\"Revolution Padel Store\",\"description\":\"\",\"publisher\":{\"@id\":\"https:\\\/\\\/revolutionpadelstore.com\\\/fr\\\/#organization\"},\"potentialAction\":[{\"@type\":\"SearchAction\",\"target\":{\"@type\":\"EntryPoint\",\"urlTemplate\":\"https:\\\/\\\/revolutionpadelstore.com\\\/fr\\\/?s={search_term_string}\"},\"query-input\":{\"@type\":\"PropertyValueSpecification\",\"valueRequired\":true,\"valueName\":\"search_term_string\"}}],\"inLanguage\":\"fr-FR\"},{\"@type\":\"Organization\",\"@id\":\"https:\\\/\\\/revolutionpadelstore.com\\\/fr\\\/#organization\",\"name\":\"Revolution Padel Store\",\"url\":\"https:\\\/\\\/revolutionpadelstore.com\\\/fr\\\/\",\"logo\":{\"@type\":\"ImageObject\",\"inLanguage\":\"fr-FR\",\"@id\":\"https:\\\/\\\/revolutionpadelstore.com\\\/fr\\\/#\\\/schema\\\/logo\\\/image\\\/\",\"url\":\"https:\\\/\\\/revolutionpadelstore.com\\\/wp-content\\\/uploads\\\/2026\\\/02\\\/revolution-padel-store.jpg\",\"contentUrl\":\"https:\\\/\\\/revolutionpadelstore.com\\\/wp-content\\\/uploads\\\/2026\\\/02\\\/revolution-padel-store.jpg\",\"width\":2000,\"height\":2000,\"caption\":\"Revolution Padel Store\"},\"image\":{\"@id\":\"https:\\\/\\\/revolutionpadelstore.com\\\/fr\\\/#\\\/schema\\\/logo\\\/image\\\/\"},\"sameAs\":[\"https:\\\/\\\/www.instagram.com\\\/revolutionpadelstore\\\/\"]}]}<\/script>\n<!-- \/ Yoast SEO plugin. -->","yoast_head_json":{"title":"PAR MU\u00d1EQUERAS ADIDAS S NEGRO - Revolution Padel Store","description":"Oficiales de Ale Gal\u00e1n, este Par de Mu\u00f1equeras Adidas S en color negro garantizan una absorci\u00f3n excepcional del sudor gracias a su tejido suave y ligero de poli\u00e9ster el\u00e1stico y algod\u00f3n.","robots":{"index":"index","follow":"follow","max-snippet":"max-snippet:-1","max-image-preview":"max-image-preview:large","max-video-preview":"max-video-preview:-1"},"canonical":"https:\/\/revolutionpadelstore.com\/fr\/produit\/par-munequeras-adidas-s-negro-3\/","og_locale":"fr_FR","og_type":"article","og_title":"PAR MU\u00d1EQUERAS ADIDAS S NEGRO - Revolution Padel Store","og_description":"Oficiales de Ale Gal\u00e1n, este Par de Mu\u00f1equeras Adidas S en color negro garantizan una absorci\u00f3n excepcional del sudor gracias a su tejido suave y ligero de poli\u00e9ster el\u00e1stico y algod\u00f3n.","og_url":"https:\/\/revolutionpadelstore.com\/fr\/produit\/par-munequeras-adidas-s-negro-3\/","og_site_name":"Revolution Padel Store","article_modified_time":"2026-04-08T08:00:35+00:00","og_image":[{"width":1500,"height":1500,"url":"https:\/\/revolutionpadelstore.com\/wp-content\/uploads\/2024\/11\/32348_par_munequera_adidas_s_aa4wc0s42_1500x1500_1_4315.webp","type":"image\/webp"}],"twitter_card":"summary_large_image","twitter_misc":{"Dur\u00e9e de lecture estim\u00e9e":"1 minute"},"schema":{"@context":"https:\/\/schema.org","@graph":[{"@type":"WebPage","@id":"https:\/\/revolutionpadelstore.com\/fr\/produit\/par-munequeras-adidas-s-negro-3\/","url":"https:\/\/revolutionpadelstore.com\/fr\/produit\/par-munequeras-adidas-s-negro-3\/","name":"PAR MU\u00d1EQUERAS ADIDAS S NEGRO - Revolution Padel Store","isPartOf":{"@id":"https:\/\/revolutionpadelstore.com\/fr\/#website"},"primaryImageOfPage":{"@id":"https:\/\/revolutionpadelstore.com\/fr\/produit\/par-munequeras-adidas-s-negro-3\/#primaryimage"},"image":{"@id":"https:\/\/revolutionpadelstore.com\/fr\/produit\/par-munequeras-adidas-s-negro-3\/#primaryimage"},"thumbnailUrl":"https:\/\/revolutionpadelstore.com\/wp-content\/uploads\/2024\/11\/32348_par_munequera_adidas_s_aa4wc0s42_1500x1500_1_4315.webp","datePublished":"2024-11-27T07:36:21+00:00","dateModified":"2026-04-08T08:00:35+00:00","description":"Oficiales de Ale Gal\u00e1n, este Par de Mu\u00f1equeras Adidas S en color negro garantizan una absorci\u00f3n excepcional del sudor gracias a su tejido suave y ligero de poli\u00e9ster el\u00e1stico y algod\u00f3n.","breadcrumb":{"@id":"https:\/\/revolutionpadelstore.com\/fr\/produit\/par-munequeras-adidas-s-negro-3\/#breadcrumb"},"inLanguage":"fr-FR","potentialAction":[{"@type":"ReadAction","target":["https:\/\/revolutionpadelstore.com\/fr\/produit\/par-munequeras-adidas-s-negro-3\/"]}]},{"@type":"ImageObject","inLanguage":"fr-FR","@id":"https:\/\/revolutionpadelstore.com\/fr\/produit\/par-munequeras-adidas-s-negro-3\/#primaryimage","url":"https:\/\/revolutionpadelstore.com\/wp-content\/uploads\/2024\/11\/32348_par_munequera_adidas_s_aa4wc0s42_1500x1500_1_4315.webp","contentUrl":"https:\/\/revolutionpadelstore.com\/wp-content\/uploads\/2024\/11\/32348_par_munequera_adidas_s_aa4wc0s42_1500x1500_1_4315.webp","width":1500,"height":1500},{"@type":"BreadcrumbList","@id":"https:\/\/revolutionpadelstore.com\/fr\/produit\/par-munequeras-adidas-s-negro-3\/#breadcrumb","itemListElement":[{"@type":"ListItem","position":1,"name":"Portada","item":"https:\/\/revolutionpadelstore.com\/fr\/"},{"@type":"ListItem","position":2,"name":"Boutique","item":"https:\/\/revolutionpadelstore.com\/fr\/tienda\/"},{"@type":"ListItem","position":3,"name":"PAR MU\u00d1EQUERAS ADIDAS S NEGRO"}]},{"@type":"WebSite","@id":"https:\/\/revolutionpadelstore.com\/fr\/#website","url":"https:\/\/revolutionpadelstore.com\/fr\/","name":"Revolution Padel Store","description":"","publisher":{"@id":"https:\/\/revolutionpadelstore.com\/fr\/#organization"},"potentialAction":[{"@type":"SearchAction","target":{"@type":"EntryPoint","urlTemplate":"https:\/\/revolutionpadelstore.com\/fr\/?s={search_term_string}"},"query-input":{"@type":"PropertyValueSpecification","valueRequired":true,"valueName":"search_term_string"}}],"inLanguage":"fr-FR"},{"@type":"Organization","@id":"https:\/\/revolutionpadelstore.com\/fr\/#organization","name":"Revolution Padel Store","url":"https:\/\/revolutionpadelstore.com\/fr\/","logo":{"@type":"ImageObject","inLanguage":"fr-FR","@id":"https:\/\/revolutionpadelstore.com\/fr\/#\/schema\/logo\/image\/","url":"https:\/\/revolutionpadelstore.com\/wp-content\/uploads\/2026\/02\/revolution-padel-store.jpg","contentUrl":"https:\/\/revolutionpadelstore.com\/wp-content\/uploads\/2026\/02\/revolution-padel-store.jpg","width":2000,"height":2000,"caption":"Revolution Padel Store"},"image":{"@id":"https:\/\/revolutionpadelstore.com\/fr\/#\/schema\/logo\/image\/"},"sameAs":["https:\/\/www.instagram.com\/revolutionpadelstore\/"]}]}},"_links":{"self":[{"href":"https:\/\/revolutionpadelstore.com\/fr\/wp-json\/wp\/v2\/product\/142779","targetHints":{"allow":["GET"]}}],"collection":[{"href":"https:\/\/revolutionpadelstore.com\/fr\/wp-json\/wp\/v2\/product"}],"about":[{"href":"https:\/\/revolutionpadelstore.com\/fr\/wp-json\/wp\/v2\/types\/product"}],"replies":[{"embeddable":true,"href":"https:\/\/revolutionpadelstore.com\/fr\/wp-json\/wp\/v2\/comments?post=142779"}],"wp:featuredmedia":[{"embeddable":true,"href":"https:\/\/revolutionpadelstore.com\/fr\/wp-json\/wp\/v2\/media\/129560"}],"wp:attachment":[{"href":"https:\/\/revolutionpadelstore.com\/fr\/wp-json\/wp\/v2\/media?parent=142779"}],"wp:term":[{"taxonomy":"acabado","embeddable":true,"href":"https:\/\/revolutionpadelstore.com\/fr\/wp-json\/wp\/v2\/acabado?post=142779"},{"taxonomy":"balance","embeddable":true,"href":"https:\/\/revolutionpadelstore.com\/fr\/wp-json\/wp\/v2\/balance?post=142779"},{"taxonomy":"dureza","embeddable":true,"href":"https:\/\/revolutionpadelstore.com\/fr\/wp-json\/wp\/v2\/dureza?post=142779"},{"taxonomy":"forma","embeddable":true,"href":"https:\/\/revolutionpadelstore.com\/fr\/wp-json\/wp\/v2\/forma?post=142779"},{"taxonomy":"jugador","embeddable":true,"href":"https:\/\/revolutionpadelstore.com\/fr\/wp-json\/wp\/v2\/jugador?post=142779"},{"taxonomy":"marca","embeddable":true,"href":"https:\/\/revolutionpadelstore.com\/fr\/wp-json\/wp\/v2\/marca?post=142779"},{"taxonomy":"nivel-de-juego","embeddable":true,"href":"https:\/\/revolutionpadelstore.com\/fr\/wp-json\/wp\/v2\/nivel-de-juego?post=142779"},{"taxonomy":"superficie","embeddable":true,"href":"https:\/\/revolutionpadelstore.com\/fr\/wp-json\/wp\/v2\/superficie?post=142779"},{"taxonomy":"tipo-de-juego","embeddable":true,"href":"https:\/\/revolutionpadelstore.com\/fr\/wp-json\/wp\/v2\/tipo-de-juego?post=142779"},{"taxonomy":"product_brand","embeddable":true,"href":"https:\/\/revolutionpadelstore.com\/fr\/wp-json\/wp\/v2\/product_brand?post=142779"},{"taxonomy":"product_cat","embeddable":true,"href":"https:\/\/revolutionpadelstore.com\/fr\/wp-json\/wp\/v2\/product_cat?post=142779"},{"taxonomy":"product_tag","embeddable":true,"href":"https:\/\/revolutionpadelstore.com\/fr\/wp-json\/wp\/v2\/product_tag?post=142779"}],"curies":[{"name":"wp","href":"https:\/\/api.w.org\/{rel}","templated":true}]}}