{"id":142574,"date":"2024-11-28T20:57:52","date_gmt":"2024-11-28T19:57:52","guid":{"rendered":"https:\/\/revolutionpadelstore.com\/mochila-harlem-padel-aero\/"},"modified":"2026-04-08T09:54:41","modified_gmt":"2026-04-08T07:54:41","slug":"mochila-harlem-padel-aero-3","status":"publish","type":"product","link":"https:\/\/revolutionpadelstore.com\/fr\/produit\/mochila-harlem-padel-aero-3\/","title":{"rendered":"MOCHILA HARLEM PADEL AERO"},"content":{"rendered":"<p><H2> HARLEM PADEL AERO<br \/>\nPrenez soin de votre mat\u00e9riau le plus pr\u00e9cieux transportant votre pelle prot\u00e9g\u00e9e dans un compartiment thermostatique <strong> <\/strong> et en toute s\u00e9curit\u00e9 avec un mat\u00e9riau de haute qualit\u00e9 en fibre de carbone similaire<\/p>\n<p>Cabine centrale avec <strong> capacit\u00e9 maximale <\/strong> pour prendre tout ce dont vous avez besoin aux tournois les plus exigeants, tels que votre serviette, vos v\u00eatements, vos bateaux \u00e0 balle, les accessoires et tout ce dont vous avez besoin pour rivaliser.<\/p>\n<p>Il a \u00e9galement une chaussure <strong> ventil\u00e9e.<\/p>\n<p>Il a des poches lat\u00e9rales pour pouvoir transporter votre smartphone ou vos lunettes s\u00e9par\u00e9ment, tout ce qui peut les endommager comme des cl\u00e9s et des pi\u00e8ces en plus de tout ce dont vous avez besoin pour stocker.<\/p>\n<p>La conception ergonomique a \u00e9t\u00e9 d\u00e9velopp\u00e9e par CAD3D pour vous assurer que vous pouvez transporter toute cette charge confortablement comme s&#8217;il s&#8217;agissait d&#8217;un sac \u00e0 dos standard. Rien n&#8217;est plus \u00e9loign\u00e9 de la r\u00e9alit\u00e9. Le r\u00e9sultat, un corps rembourr\u00e9 triple.<\/p>\n<h2>MOCHILA HARLEM PADEL AERO<\/h2>\n","protected":false},"excerpt":{"rendered":"<p>Prenez soin de votre mat\u00e9riau le plus pr\u00e9cieux transportant votre pelle prot\u00e9g\u00e9e dans un compartiment thermostatique <strong> <\/strong> et en toute s\u00e9curit\u00e9 avec un mat\u00e9riau de haute qualit\u00e9 en fibre de carbone similaire<strong>compartimento termoest\u00e1tico<\/strong><\/p>\n","protected":false},"featured_media":130074,"comment_status":"open","ping_status":"closed","template":"","meta":{"_acf_changed":false,"_joinchat":[]},"acabado":[],"balance":[],"dureza":[],"forma":[],"jugador":[],"marca":[1237],"nivel-de-juego":[],"superficie":[],"tipo-de-juego":[],"product_brand":[],"product_cat":[320],"product_tag":[],"class_list":{"0":"post-142574","1":"product","2":"type-product","3":"status-publish","4":"has-post-thumbnail","6":"marca-harlem-padel-fr","7":"product_cat-sacs","9":"first","10":"outofstock","11":"sale","12":"taxable","13":"shipping-taxable","14":"purchasable","15":"product-type-simple"},"acf":[],"yoast_head":"<!-- This site is optimized with the Yoast SEO plugin v27.4 - https:\/\/yoast.com\/product\/yoast-seo-wordpress\/ -->\n<title>MOCHILA HARLEM PADEL AERO - Revolution Padel Store<\/title>\n<meta name=\"description\" content=\"Cuida tu material mas preciado llevando tu pala protegida en un\u00a0compartimento termoest\u00e1tico\u00a0y segura con material de alta calidad simil fibra de carbonoHabit\u00e1culo central con\u00a0m\u00e1xima capacidad\u00a0para llevar todo lo necesario a los torneos mas exigentes, como pueden ser tu toalla, ropa, botes de bolas, accesorios y todo lo que necesites para competir.\" \/>\n<meta name=\"robots\" content=\"index, follow, max-snippet:-1, max-image-preview:large, max-video-preview:-1\" \/>\n<link rel=\"canonical\" href=\"https:\/\/revolutionpadelstore.com\/fr\/produit\/mochila-harlem-padel-aero-3\/\" \/>\n<meta property=\"og:locale\" content=\"fr_FR\" \/>\n<meta property=\"og:type\" content=\"article\" \/>\n<meta property=\"og:title\" content=\"MOCHILA HARLEM PADEL AERO - Revolution Padel Store\" \/>\n<meta property=\"og:description\" content=\"Cuida tu material mas preciado llevando tu pala protegida en un\u00a0compartimento termoest\u00e1tico\u00a0y segura con material de alta calidad simil fibra de carbonoHabit\u00e1culo central con\u00a0m\u00e1xima capacidad\u00a0para llevar todo lo necesario a los torneos mas exigentes, como pueden ser tu toalla, ropa, botes de bolas, accesorios y todo lo que necesites para competir.\" \/>\n<meta property=\"og:url\" content=\"https:\/\/revolutionpadelstore.com\/fr\/produit\/mochila-harlem-padel-aero-3\/\" \/>\n<meta property=\"og:site_name\" content=\"Revolution Padel Store\" \/>\n<meta property=\"article:modified_time\" content=\"2026-04-08T07:54:41+00:00\" \/>\n<meta property=\"og:image\" content=\"https:\/\/revolutionpadelstore.com\/wp-content\/uploads\/2024\/11\/179E-1.png\" \/>\n\t<meta property=\"og:image:width\" content=\"1500\" \/>\n\t<meta property=\"og:image:height\" content=\"1500\" \/>\n\t<meta property=\"og:image:type\" content=\"image\/png\" \/>\n<meta name=\"twitter:card\" content=\"summary_large_image\" \/>\n<meta name=\"twitter:label1\" content=\"Dur\u00e9e de lecture estim\u00e9e\" \/>\n\t<meta name=\"twitter:data1\" content=\"1 minute\" \/>\n<script type=\"application\/ld+json\" class=\"yoast-schema-graph\">{\"@context\":\"https:\\\/\\\/schema.org\",\"@graph\":[{\"@type\":\"WebPage\",\"@id\":\"https:\\\/\\\/revolutionpadelstore.com\\\/fr\\\/produit\\\/mochila-harlem-padel-aero-3\\\/\",\"url\":\"https:\\\/\\\/revolutionpadelstore.com\\\/fr\\\/produit\\\/mochila-harlem-padel-aero-3\\\/\",\"name\":\"MOCHILA HARLEM PADEL AERO - Revolution Padel Store\",\"isPartOf\":{\"@id\":\"https:\\\/\\\/revolutionpadelstore.com\\\/fr\\\/#website\"},\"primaryImageOfPage\":{\"@id\":\"https:\\\/\\\/revolutionpadelstore.com\\\/fr\\\/produit\\\/mochila-harlem-padel-aero-3\\\/#primaryimage\"},\"image\":{\"@id\":\"https:\\\/\\\/revolutionpadelstore.com\\\/fr\\\/produit\\\/mochila-harlem-padel-aero-3\\\/#primaryimage\"},\"thumbnailUrl\":\"https:\\\/\\\/revolutionpadelstore.com\\\/wp-content\\\/uploads\\\/2024\\\/11\\\/179E-1.png\",\"datePublished\":\"2024-11-28T19:57:52+00:00\",\"dateModified\":\"2026-04-08T07:54:41+00:00\",\"description\":\"Cuida tu material mas preciado llevando tu pala protegida en un\u00a0compartimento termoest\u00e1tico\u00a0y segura con material de alta calidad simil fibra de carbonoHabit\u00e1culo central con\u00a0m\u00e1xima capacidad\u00a0para llevar todo lo necesario a los torneos mas exigentes, como pueden ser tu toalla, ropa, botes de bolas, accesorios y todo lo que necesites para competir.\",\"breadcrumb\":{\"@id\":\"https:\\\/\\\/revolutionpadelstore.com\\\/fr\\\/produit\\\/mochila-harlem-padel-aero-3\\\/#breadcrumb\"},\"inLanguage\":\"fr-FR\",\"potentialAction\":[{\"@type\":\"ReadAction\",\"target\":[\"https:\\\/\\\/revolutionpadelstore.com\\\/fr\\\/produit\\\/mochila-harlem-padel-aero-3\\\/\"]}]},{\"@type\":\"ImageObject\",\"inLanguage\":\"fr-FR\",\"@id\":\"https:\\\/\\\/revolutionpadelstore.com\\\/fr\\\/produit\\\/mochila-harlem-padel-aero-3\\\/#primaryimage\",\"url\":\"https:\\\/\\\/revolutionpadelstore.com\\\/wp-content\\\/uploads\\\/2024\\\/11\\\/179E-1.png\",\"contentUrl\":\"https:\\\/\\\/revolutionpadelstore.com\\\/wp-content\\\/uploads\\\/2024\\\/11\\\/179E-1.png\",\"width\":1500,\"height\":1500},{\"@type\":\"BreadcrumbList\",\"@id\":\"https:\\\/\\\/revolutionpadelstore.com\\\/fr\\\/produit\\\/mochila-harlem-padel-aero-3\\\/#breadcrumb\",\"itemListElement\":[{\"@type\":\"ListItem\",\"position\":1,\"name\":\"Portada\",\"item\":\"https:\\\/\\\/revolutionpadelstore.com\\\/fr\\\/\"},{\"@type\":\"ListItem\",\"position\":2,\"name\":\"Boutique\",\"item\":\"https:\\\/\\\/revolutionpadelstore.com\\\/fr\\\/tienda\\\/\"},{\"@type\":\"ListItem\",\"position\":3,\"name\":\"MOCHILA HARLEM PADEL AERO\"}]},{\"@type\":\"WebSite\",\"@id\":\"https:\\\/\\\/revolutionpadelstore.com\\\/fr\\\/#website\",\"url\":\"https:\\\/\\\/revolutionpadelstore.com\\\/fr\\\/\",\"name\":\"Revolution Padel Store\",\"description\":\"\",\"publisher\":{\"@id\":\"https:\\\/\\\/revolutionpadelstore.com\\\/fr\\\/#organization\"},\"potentialAction\":[{\"@type\":\"SearchAction\",\"target\":{\"@type\":\"EntryPoint\",\"urlTemplate\":\"https:\\\/\\\/revolutionpadelstore.com\\\/fr\\\/?s={search_term_string}\"},\"query-input\":{\"@type\":\"PropertyValueSpecification\",\"valueRequired\":true,\"valueName\":\"search_term_string\"}}],\"inLanguage\":\"fr-FR\"},{\"@type\":\"Organization\",\"@id\":\"https:\\\/\\\/revolutionpadelstore.com\\\/fr\\\/#organization\",\"name\":\"Revolution Padel Store\",\"url\":\"https:\\\/\\\/revolutionpadelstore.com\\\/fr\\\/\",\"logo\":{\"@type\":\"ImageObject\",\"inLanguage\":\"fr-FR\",\"@id\":\"https:\\\/\\\/revolutionpadelstore.com\\\/fr\\\/#\\\/schema\\\/logo\\\/image\\\/\",\"url\":\"https:\\\/\\\/revolutionpadelstore.com\\\/wp-content\\\/uploads\\\/2026\\\/02\\\/revolution-padel-store.jpg\",\"contentUrl\":\"https:\\\/\\\/revolutionpadelstore.com\\\/wp-content\\\/uploads\\\/2026\\\/02\\\/revolution-padel-store.jpg\",\"width\":2000,\"height\":2000,\"caption\":\"Revolution Padel Store\"},\"image\":{\"@id\":\"https:\\\/\\\/revolutionpadelstore.com\\\/fr\\\/#\\\/schema\\\/logo\\\/image\\\/\"},\"sameAs\":[\"https:\\\/\\\/www.instagram.com\\\/revolutionpadelstore\\\/\"]}]}<\/script>\n<!-- \/ Yoast SEO plugin. -->","yoast_head_json":{"title":"MOCHILA HARLEM PADEL AERO - Revolution Padel Store","description":"Cuida tu material mas preciado llevando tu pala protegida en un\u00a0compartimento termoest\u00e1tico\u00a0y segura con material de alta calidad simil fibra de carbonoHabit\u00e1culo central con\u00a0m\u00e1xima capacidad\u00a0para llevar todo lo necesario a los torneos mas exigentes, como pueden ser tu toalla, ropa, botes de bolas, accesorios y todo lo que necesites para competir.","robots":{"index":"index","follow":"follow","max-snippet":"max-snippet:-1","max-image-preview":"max-image-preview:large","max-video-preview":"max-video-preview:-1"},"canonical":"https:\/\/revolutionpadelstore.com\/fr\/produit\/mochila-harlem-padel-aero-3\/","og_locale":"fr_FR","og_type":"article","og_title":"MOCHILA HARLEM PADEL AERO - Revolution Padel Store","og_description":"Cuida tu material mas preciado llevando tu pala protegida en un\u00a0compartimento termoest\u00e1tico\u00a0y segura con material de alta calidad simil fibra de carbonoHabit\u00e1culo central con\u00a0m\u00e1xima capacidad\u00a0para llevar todo lo necesario a los torneos mas exigentes, como pueden ser tu toalla, ropa, botes de bolas, accesorios y todo lo que necesites para competir.","og_url":"https:\/\/revolutionpadelstore.com\/fr\/produit\/mochila-harlem-padel-aero-3\/","og_site_name":"Revolution Padel Store","article_modified_time":"2026-04-08T07:54:41+00:00","og_image":[{"width":1500,"height":1500,"url":"https:\/\/revolutionpadelstore.com\/wp-content\/uploads\/2024\/11\/179E-1.png","type":"image\/png"}],"twitter_card":"summary_large_image","twitter_misc":{"Dur\u00e9e de lecture estim\u00e9e":"1 minute"},"schema":{"@context":"https:\/\/schema.org","@graph":[{"@type":"WebPage","@id":"https:\/\/revolutionpadelstore.com\/fr\/produit\/mochila-harlem-padel-aero-3\/","url":"https:\/\/revolutionpadelstore.com\/fr\/produit\/mochila-harlem-padel-aero-3\/","name":"MOCHILA HARLEM PADEL AERO - Revolution Padel Store","isPartOf":{"@id":"https:\/\/revolutionpadelstore.com\/fr\/#website"},"primaryImageOfPage":{"@id":"https:\/\/revolutionpadelstore.com\/fr\/produit\/mochila-harlem-padel-aero-3\/#primaryimage"},"image":{"@id":"https:\/\/revolutionpadelstore.com\/fr\/produit\/mochila-harlem-padel-aero-3\/#primaryimage"},"thumbnailUrl":"https:\/\/revolutionpadelstore.com\/wp-content\/uploads\/2024\/11\/179E-1.png","datePublished":"2024-11-28T19:57:52+00:00","dateModified":"2026-04-08T07:54:41+00:00","description":"Cuida tu material mas preciado llevando tu pala protegida en un\u00a0compartimento termoest\u00e1tico\u00a0y segura con material de alta calidad simil fibra de carbonoHabit\u00e1culo central con\u00a0m\u00e1xima capacidad\u00a0para llevar todo lo necesario a los torneos mas exigentes, como pueden ser tu toalla, ropa, botes de bolas, accesorios y todo lo que necesites para competir.","breadcrumb":{"@id":"https:\/\/revolutionpadelstore.com\/fr\/produit\/mochila-harlem-padel-aero-3\/#breadcrumb"},"inLanguage":"fr-FR","potentialAction":[{"@type":"ReadAction","target":["https:\/\/revolutionpadelstore.com\/fr\/produit\/mochila-harlem-padel-aero-3\/"]}]},{"@type":"ImageObject","inLanguage":"fr-FR","@id":"https:\/\/revolutionpadelstore.com\/fr\/produit\/mochila-harlem-padel-aero-3\/#primaryimage","url":"https:\/\/revolutionpadelstore.com\/wp-content\/uploads\/2024\/11\/179E-1.png","contentUrl":"https:\/\/revolutionpadelstore.com\/wp-content\/uploads\/2024\/11\/179E-1.png","width":1500,"height":1500},{"@type":"BreadcrumbList","@id":"https:\/\/revolutionpadelstore.com\/fr\/produit\/mochila-harlem-padel-aero-3\/#breadcrumb","itemListElement":[{"@type":"ListItem","position":1,"name":"Portada","item":"https:\/\/revolutionpadelstore.com\/fr\/"},{"@type":"ListItem","position":2,"name":"Boutique","item":"https:\/\/revolutionpadelstore.com\/fr\/tienda\/"},{"@type":"ListItem","position":3,"name":"MOCHILA HARLEM PADEL AERO"}]},{"@type":"WebSite","@id":"https:\/\/revolutionpadelstore.com\/fr\/#website","url":"https:\/\/revolutionpadelstore.com\/fr\/","name":"Revolution Padel Store","description":"","publisher":{"@id":"https:\/\/revolutionpadelstore.com\/fr\/#organization"},"potentialAction":[{"@type":"SearchAction","target":{"@type":"EntryPoint","urlTemplate":"https:\/\/revolutionpadelstore.com\/fr\/?s={search_term_string}"},"query-input":{"@type":"PropertyValueSpecification","valueRequired":true,"valueName":"search_term_string"}}],"inLanguage":"fr-FR"},{"@type":"Organization","@id":"https:\/\/revolutionpadelstore.com\/fr\/#organization","name":"Revolution Padel Store","url":"https:\/\/revolutionpadelstore.com\/fr\/","logo":{"@type":"ImageObject","inLanguage":"fr-FR","@id":"https:\/\/revolutionpadelstore.com\/fr\/#\/schema\/logo\/image\/","url":"https:\/\/revolutionpadelstore.com\/wp-content\/uploads\/2026\/02\/revolution-padel-store.jpg","contentUrl":"https:\/\/revolutionpadelstore.com\/wp-content\/uploads\/2026\/02\/revolution-padel-store.jpg","width":2000,"height":2000,"caption":"Revolution Padel Store"},"image":{"@id":"https:\/\/revolutionpadelstore.com\/fr\/#\/schema\/logo\/image\/"},"sameAs":["https:\/\/www.instagram.com\/revolutionpadelstore\/"]}]}},"_links":{"self":[{"href":"https:\/\/revolutionpadelstore.com\/fr\/wp-json\/wp\/v2\/product\/142574","targetHints":{"allow":["GET"]}}],"collection":[{"href":"https:\/\/revolutionpadelstore.com\/fr\/wp-json\/wp\/v2\/product"}],"about":[{"href":"https:\/\/revolutionpadelstore.com\/fr\/wp-json\/wp\/v2\/types\/product"}],"replies":[{"embeddable":true,"href":"https:\/\/revolutionpadelstore.com\/fr\/wp-json\/wp\/v2\/comments?post=142574"}],"wp:featuredmedia":[{"embeddable":true,"href":"https:\/\/revolutionpadelstore.com\/fr\/wp-json\/wp\/v2\/media\/130074"}],"wp:attachment":[{"href":"https:\/\/revolutionpadelstore.com\/fr\/wp-json\/wp\/v2\/media?parent=142574"}],"wp:term":[{"taxonomy":"acabado","embeddable":true,"href":"https:\/\/revolutionpadelstore.com\/fr\/wp-json\/wp\/v2\/acabado?post=142574"},{"taxonomy":"balance","embeddable":true,"href":"https:\/\/revolutionpadelstore.com\/fr\/wp-json\/wp\/v2\/balance?post=142574"},{"taxonomy":"dureza","embeddable":true,"href":"https:\/\/revolutionpadelstore.com\/fr\/wp-json\/wp\/v2\/dureza?post=142574"},{"taxonomy":"forma","embeddable":true,"href":"https:\/\/revolutionpadelstore.com\/fr\/wp-json\/wp\/v2\/forma?post=142574"},{"taxonomy":"jugador","embeddable":true,"href":"https:\/\/revolutionpadelstore.com\/fr\/wp-json\/wp\/v2\/jugador?post=142574"},{"taxonomy":"marca","embeddable":true,"href":"https:\/\/revolutionpadelstore.com\/fr\/wp-json\/wp\/v2\/marca?post=142574"},{"taxonomy":"nivel-de-juego","embeddable":true,"href":"https:\/\/revolutionpadelstore.com\/fr\/wp-json\/wp\/v2\/nivel-de-juego?post=142574"},{"taxonomy":"superficie","embeddable":true,"href":"https:\/\/revolutionpadelstore.com\/fr\/wp-json\/wp\/v2\/superficie?post=142574"},{"taxonomy":"tipo-de-juego","embeddable":true,"href":"https:\/\/revolutionpadelstore.com\/fr\/wp-json\/wp\/v2\/tipo-de-juego?post=142574"},{"taxonomy":"product_brand","embeddable":true,"href":"https:\/\/revolutionpadelstore.com\/fr\/wp-json\/wp\/v2\/product_brand?post=142574"},{"taxonomy":"product_cat","embeddable":true,"href":"https:\/\/revolutionpadelstore.com\/fr\/wp-json\/wp\/v2\/product_cat?post=142574"},{"taxonomy":"product_tag","embeddable":true,"href":"https:\/\/revolutionpadelstore.com\/fr\/wp-json\/wp\/v2\/product_tag?post=142574"}],"curies":[{"name":"wp","href":"https:\/\/api.w.org\/{rel}","templated":true}]}}