{"id":142564,"date":"2024-11-30T10:51:30","date_gmt":"2024-11-30T09:51:30","guid":{"rendered":"https:\/\/revolutionpadelstore.com\/?post_type=product&#038;p=142564"},"modified":"2026-04-14T02:00:17","modified_gmt":"2026-04-14T00:00:17","slug":"bullpadel-k2-power-25-3","status":"publish","type":"product","link":"https:\/\/revolutionpadelstore.com\/fr\/produit\/bullpadel-k2-power-25-3\/","title":{"rendered":"BULLPADEL K2 POWER 25"},"content":{"rendered":"<p><H2> Bullpadel K2 Power 2025: Ma\u00eetrisez la piste avec puissance et technologie avanc\u00e9e <\/h2>\n<h2> une pelle haute performance pour les joueurs exigeants <\/h2>\n<p>Le <strong> Bullpadel K2 Power 2025 <\/strong> est con\u00e7u pour ceux qui cherchent \u00e0 faire passer leur jeu au niveau sup\u00e9rieur. Avec son <strong> forme de diamant <\/strong> et <strong> bancal \u00e9lev\u00e9 <\/strong>, cette pelle se d\u00e9marque d&#8217;offrir une puissance impressionnante dans chaque coup, id\u00e9al pour dominer les situations offensives et gagner des points d\u00e9cisifs. Int\u00e9grant le syst\u00e8me innovant Streinforce, il offre une rigidit\u00e9 optimale dans le cadre tout en r\u00e9duisant le poids, assurant un \u00e9quilibre parfait entre la puissance et le contr\u00f4le.<\/p>\n<p>Son design dans <strong> tons bleu et vert <\/strong> combine le style moderne avec des performances in\u00e9gal\u00e9es, faisant de cette pelle une option exceptionnelle sur le march\u00e9.<\/p>\n<h2> qui est-il dirig\u00e9?<br \/>\nParfait pour les joueurs de niveau <\/strong> moyens et avanc\u00e9s <\/strong>, la puissance de 2025 K2 est id\u00e9ale pour ceux qui cherchent \u00e0 maximiser le pouvoir sans sacrifier le contr\u00f4le. Sa construction permet de g\u00e9rer la lame avec pr\u00e9cision m\u00eame dans des situations de demande maximale, d&#8217;\u00eatre un outil essentiel pour perfectionner les techniques avanc\u00e9es et am\u00e9liorer les performances sur la piste.<\/p>\n<h2> <strong> Caract\u00e9ristiques techniques et technologies pro\u00e9minentes <\/strong> <\/h2>\n<p style=\"padding-left: 40px\"> <strong> -forma <\/strong>: diamant.<\/p>\n<p style=\"padding-left: 40px\"> <strong> -Balance <\/strong>: haut.<br \/>\n<P> <strong> -Peso <\/strong>: 360-370 Gr.<\/p>\n<p> <strong> -Perfil <\/strong>: 38 mm.<br \/>\n<P> <strong> -PLANS <\/strong>: fabriqu\u00e9 en fibre de verre <strong> polyglasse <\/strong>, offrant une plus grande flexibilit\u00e9.<\/p>\n<p style=\"padding-left: 40px\"> <strong>-nombrat interne<br \/>\n<P> <strong> -Marco <\/strong>: Construction <strong> Carbontube <\/strong> en fibre de carbone \u00e0 100%.<\/p>\n<p> <strong> -streinforce Syst\u00e8me <\/strong>: am\u00e9liore la rigidit\u00e9 du cadre et r\u00e9duit le poids.<br \/>\n<P> <strong> -Protector Sticker <\/strong>: Protection d&#8217;impact avanc\u00e9e.<\/p>\n<h2> Avantages cl\u00e9s <\/h2>\n<p> <strong> -expiration <\/strong>: con\u00e7u pour effectuer des coups avec une grande force.<\/p>\n<p> <strong> -pr\u00e9cise Contr\u00f4le <\/strong>: Malgr\u00e9 son \u00e9quilibre \u00e9lev\u00e9, garantit la manipulation agile.<br \/>\n<P> <strong> -SELLEMENTS \u00c9DUCATIONS <\/strong>: Mat\u00e9riaux de haute qualit\u00e9 pour une plus grande r\u00e9sistance.<\/p>\n<p style=\"padding-left: 40px\"> <strong> -confort dans chaque coup<\/p>\n<h2> Portez votre jeu au niveau suivant <\/h2>\n<p>Le <strong> bullpadel K2 Power 2025 <\/strong> combine la conception, la technologie et la puissance dans une pelle qui vous aidera non seulement \u00e0 ma\u00eetriser chaque point, mais aussi \u00e0 mettre en \u00e9vidence la piste de style. Parfait pour les joueurs \u00e0 la recherche de performances maximales sans engagements.<\/p>\n<p>Adqu\u00e9rela maintenant dans notre boutique en ligne <a href=\"https:\/\/www.revolutionpadelstore.com\/\"> www.revolutionpadelstore.com <\/a>, probablement au meilleur prix de march\u00e9!<\/p>\n<h4> <\/h4>\n<h2>Bullpadel K2 Power 2025: Domina la pista con potencia y tecnolog\u00eda avanzada<\/h2>\n","protected":false},"excerpt":{"rendered":"<p>Le Bullpadel K2 Power 2025 est une pelle qui se d\u00e9marque de son \u00e9quilibre entre la puissance, le contr\u00f4le et la technologie Vanguard, compl\u00e9t\u00e9e par une conception actuelle. Il est parfait pour les joueurs interm\u00e9diaires et avanc\u00e9s qui veulent faire passer leur jeu au niveau sup\u00e9rieur.<\/p>\n","protected":false},"featured_media":155157,"comment_status":"open","ping_status":"closed","template":"","meta":{"_acf_changed":false,"_joinchat":[]},"acabado":[1082],"balance":[1137],"dureza":[1152],"forma":[1172],"jugador":[1192,1202],"marca":[1257],"nivel-de-juego":[1337,1342],"superficie":[1357],"tipo-de-juego":[1377],"product_brand":[],"product_cat":[302],"product_tag":[],"class_list":{"0":"post-142564","1":"product","2":"type-product","3":"status-publish","4":"has-post-thumbnail","6":"acabado-luminosite","7":"balance-eleve","8":"dureza-blanda-fr","9":"forma-diamant","10":"jugador-homme","11":"jugador-polivalente-fr","12":"marca-bullpadel-fr","13":"superficie-lise","14":"tipo-de-juego-puissance","15":"product_cat-palas-de-padel-fr","17":"first","18":"instock","19":"sale","20":"taxable","21":"shipping-taxable","22":"purchasable","23":"product-type-simple"},"acf":[],"yoast_head":"<!-- This site is optimized with the Yoast SEO plugin v27.4 - https:\/\/yoast.com\/product\/yoast-seo-wordpress\/ -->\n<title>BULLPADEL K2 POWER 25 - Revolution Padel Store<\/title>\n<meta name=\"description\" content=\"Descubre la Bullpadel K2 Power 2025, una pala dise\u00f1ada para jugadores avanzados que buscan potencia y control en la pista. Disponible en Revolution Padel Store al mejor precio.\" \/>\n<meta name=\"robots\" content=\"index, follow, max-snippet:-1, max-image-preview:large, max-video-preview:-1\" \/>\n<link rel=\"canonical\" href=\"https:\/\/revolutionpadelstore.com\/fr\/produit\/bullpadel-k2-power-25-3\/\" \/>\n<meta property=\"og:locale\" content=\"fr_FR\" \/>\n<meta property=\"og:type\" content=\"article\" \/>\n<meta property=\"og:title\" content=\"BULLPADEL K2 POWER 25 - Revolution Padel Store\" \/>\n<meta property=\"og:description\" content=\"Descubre la Bullpadel K2 Power 2025, una pala dise\u00f1ada para jugadores avanzados que buscan potencia y control en la pista. Disponible en Revolution Padel Store al mejor precio.\" \/>\n<meta property=\"og:url\" content=\"https:\/\/revolutionpadelstore.com\/fr\/produit\/bullpadel-k2-power-25-3\/\" \/>\n<meta property=\"og:site_name\" content=\"Revolution Padel Store\" \/>\n<meta property=\"article:modified_time\" content=\"2026-04-14T00:00:17+00:00\" \/>\n<meta property=\"og:image\" content=\"https:\/\/revolutionpadelstore.com\/wp-content\/uploads\/2024\/11\/113767-pala-bullpadel-k2-power-25-448131-1500x1500-1.webp\" \/>\n\t<meta property=\"og:image:width\" content=\"1500\" \/>\n\t<meta property=\"og:image:height\" content=\"1500\" \/>\n\t<meta property=\"og:image:type\" content=\"image\/webp\" \/>\n<meta name=\"twitter:card\" content=\"summary_large_image\" \/>\n<meta name=\"twitter:label1\" content=\"Dur\u00e9e de lecture estim\u00e9e\" \/>\n\t<meta name=\"twitter:data1\" content=\"2 minutes\" \/>\n<script type=\"application\/ld+json\" class=\"yoast-schema-graph\">{\"@context\":\"https:\\\/\\\/schema.org\",\"@graph\":[{\"@type\":\"WebPage\",\"@id\":\"https:\\\/\\\/revolutionpadelstore.com\\\/fr\\\/produit\\\/bullpadel-k2-power-25-3\\\/\",\"url\":\"https:\\\/\\\/revolutionpadelstore.com\\\/fr\\\/produit\\\/bullpadel-k2-power-25-3\\\/\",\"name\":\"BULLPADEL K2 POWER 25 - Revolution Padel Store\",\"isPartOf\":{\"@id\":\"https:\\\/\\\/revolutionpadelstore.com\\\/fr\\\/#website\"},\"primaryImageOfPage\":{\"@id\":\"https:\\\/\\\/revolutionpadelstore.com\\\/fr\\\/produit\\\/bullpadel-k2-power-25-3\\\/#primaryimage\"},\"image\":{\"@id\":\"https:\\\/\\\/revolutionpadelstore.com\\\/fr\\\/produit\\\/bullpadel-k2-power-25-3\\\/#primaryimage\"},\"thumbnailUrl\":\"https:\\\/\\\/revolutionpadelstore.com\\\/wp-content\\\/uploads\\\/2024\\\/11\\\/113767-pala-bullpadel-k2-power-25-448131-1500x1500-1.webp\",\"datePublished\":\"2024-11-30T09:51:30+00:00\",\"dateModified\":\"2026-04-14T00:00:17+00:00\",\"description\":\"Descubre la Bullpadel K2 Power 2025, una pala dise\u00f1ada para jugadores avanzados que buscan potencia y control en la pista. Disponible en Revolution Padel Store al mejor precio.\",\"breadcrumb\":{\"@id\":\"https:\\\/\\\/revolutionpadelstore.com\\\/fr\\\/produit\\\/bullpadel-k2-power-25-3\\\/#breadcrumb\"},\"inLanguage\":\"fr-FR\",\"potentialAction\":[{\"@type\":\"ReadAction\",\"target\":[\"https:\\\/\\\/revolutionpadelstore.com\\\/fr\\\/produit\\\/bullpadel-k2-power-25-3\\\/\"]}]},{\"@type\":\"ImageObject\",\"inLanguage\":\"fr-FR\",\"@id\":\"https:\\\/\\\/revolutionpadelstore.com\\\/fr\\\/produit\\\/bullpadel-k2-power-25-3\\\/#primaryimage\",\"url\":\"https:\\\/\\\/revolutionpadelstore.com\\\/wp-content\\\/uploads\\\/2024\\\/11\\\/113767-pala-bullpadel-k2-power-25-448131-1500x1500-1.webp\",\"contentUrl\":\"https:\\\/\\\/revolutionpadelstore.com\\\/wp-content\\\/uploads\\\/2024\\\/11\\\/113767-pala-bullpadel-k2-power-25-448131-1500x1500-1.webp\",\"width\":1500,\"height\":1500},{\"@type\":\"BreadcrumbList\",\"@id\":\"https:\\\/\\\/revolutionpadelstore.com\\\/fr\\\/produit\\\/bullpadel-k2-power-25-3\\\/#breadcrumb\",\"itemListElement\":[{\"@type\":\"ListItem\",\"position\":1,\"name\":\"Portada\",\"item\":\"https:\\\/\\\/revolutionpadelstore.com\\\/fr\\\/\"},{\"@type\":\"ListItem\",\"position\":2,\"name\":\"Boutique\",\"item\":\"https:\\\/\\\/revolutionpadelstore.com\\\/fr\\\/tienda\\\/\"},{\"@type\":\"ListItem\",\"position\":3,\"name\":\"BULLPADEL K2 POWER 25\"}]},{\"@type\":\"WebSite\",\"@id\":\"https:\\\/\\\/revolutionpadelstore.com\\\/fr\\\/#website\",\"url\":\"https:\\\/\\\/revolutionpadelstore.com\\\/fr\\\/\",\"name\":\"Revolution Padel Store\",\"description\":\"\",\"publisher\":{\"@id\":\"https:\\\/\\\/revolutionpadelstore.com\\\/fr\\\/#organization\"},\"potentialAction\":[{\"@type\":\"SearchAction\",\"target\":{\"@type\":\"EntryPoint\",\"urlTemplate\":\"https:\\\/\\\/revolutionpadelstore.com\\\/fr\\\/?s={search_term_string}\"},\"query-input\":{\"@type\":\"PropertyValueSpecification\",\"valueRequired\":true,\"valueName\":\"search_term_string\"}}],\"inLanguage\":\"fr-FR\"},{\"@type\":\"Organization\",\"@id\":\"https:\\\/\\\/revolutionpadelstore.com\\\/fr\\\/#organization\",\"name\":\"Revolution Padel Store\",\"url\":\"https:\\\/\\\/revolutionpadelstore.com\\\/fr\\\/\",\"logo\":{\"@type\":\"ImageObject\",\"inLanguage\":\"fr-FR\",\"@id\":\"https:\\\/\\\/revolutionpadelstore.com\\\/fr\\\/#\\\/schema\\\/logo\\\/image\\\/\",\"url\":\"https:\\\/\\\/revolutionpadelstore.com\\\/wp-content\\\/uploads\\\/2026\\\/02\\\/revolution-padel-store.jpg\",\"contentUrl\":\"https:\\\/\\\/revolutionpadelstore.com\\\/wp-content\\\/uploads\\\/2026\\\/02\\\/revolution-padel-store.jpg\",\"width\":2000,\"height\":2000,\"caption\":\"Revolution Padel Store\"},\"image\":{\"@id\":\"https:\\\/\\\/revolutionpadelstore.com\\\/fr\\\/#\\\/schema\\\/logo\\\/image\\\/\"},\"sameAs\":[\"https:\\\/\\\/www.instagram.com\\\/revolutionpadelstore\\\/\"]}]}<\/script>\n<!-- \/ Yoast SEO plugin. -->","yoast_head_json":{"title":"BULLPADEL K2 POWER 25 - Revolution Padel Store","description":"Descubre la Bullpadel K2 Power 2025, una pala dise\u00f1ada para jugadores avanzados que buscan potencia y control en la pista. Disponible en Revolution Padel Store al mejor precio.","robots":{"index":"index","follow":"follow","max-snippet":"max-snippet:-1","max-image-preview":"max-image-preview:large","max-video-preview":"max-video-preview:-1"},"canonical":"https:\/\/revolutionpadelstore.com\/fr\/produit\/bullpadel-k2-power-25-3\/","og_locale":"fr_FR","og_type":"article","og_title":"BULLPADEL K2 POWER 25 - Revolution Padel Store","og_description":"Descubre la Bullpadel K2 Power 2025, una pala dise\u00f1ada para jugadores avanzados que buscan potencia y control en la pista. Disponible en Revolution Padel Store al mejor precio.","og_url":"https:\/\/revolutionpadelstore.com\/fr\/produit\/bullpadel-k2-power-25-3\/","og_site_name":"Revolution Padel Store","article_modified_time":"2026-04-14T00:00:17+00:00","og_image":[{"width":1500,"height":1500,"url":"https:\/\/revolutionpadelstore.com\/wp-content\/uploads\/2024\/11\/113767-pala-bullpadel-k2-power-25-448131-1500x1500-1.webp","type":"image\/webp"}],"twitter_card":"summary_large_image","twitter_misc":{"Dur\u00e9e de lecture estim\u00e9e":"2 minutes"},"schema":{"@context":"https:\/\/schema.org","@graph":[{"@type":"WebPage","@id":"https:\/\/revolutionpadelstore.com\/fr\/produit\/bullpadel-k2-power-25-3\/","url":"https:\/\/revolutionpadelstore.com\/fr\/produit\/bullpadel-k2-power-25-3\/","name":"BULLPADEL K2 POWER 25 - Revolution Padel Store","isPartOf":{"@id":"https:\/\/revolutionpadelstore.com\/fr\/#website"},"primaryImageOfPage":{"@id":"https:\/\/revolutionpadelstore.com\/fr\/produit\/bullpadel-k2-power-25-3\/#primaryimage"},"image":{"@id":"https:\/\/revolutionpadelstore.com\/fr\/produit\/bullpadel-k2-power-25-3\/#primaryimage"},"thumbnailUrl":"https:\/\/revolutionpadelstore.com\/wp-content\/uploads\/2024\/11\/113767-pala-bullpadel-k2-power-25-448131-1500x1500-1.webp","datePublished":"2024-11-30T09:51:30+00:00","dateModified":"2026-04-14T00:00:17+00:00","description":"Descubre la Bullpadel K2 Power 2025, una pala dise\u00f1ada para jugadores avanzados que buscan potencia y control en la pista. Disponible en Revolution Padel Store al mejor precio.","breadcrumb":{"@id":"https:\/\/revolutionpadelstore.com\/fr\/produit\/bullpadel-k2-power-25-3\/#breadcrumb"},"inLanguage":"fr-FR","potentialAction":[{"@type":"ReadAction","target":["https:\/\/revolutionpadelstore.com\/fr\/produit\/bullpadel-k2-power-25-3\/"]}]},{"@type":"ImageObject","inLanguage":"fr-FR","@id":"https:\/\/revolutionpadelstore.com\/fr\/produit\/bullpadel-k2-power-25-3\/#primaryimage","url":"https:\/\/revolutionpadelstore.com\/wp-content\/uploads\/2024\/11\/113767-pala-bullpadel-k2-power-25-448131-1500x1500-1.webp","contentUrl":"https:\/\/revolutionpadelstore.com\/wp-content\/uploads\/2024\/11\/113767-pala-bullpadel-k2-power-25-448131-1500x1500-1.webp","width":1500,"height":1500},{"@type":"BreadcrumbList","@id":"https:\/\/revolutionpadelstore.com\/fr\/produit\/bullpadel-k2-power-25-3\/#breadcrumb","itemListElement":[{"@type":"ListItem","position":1,"name":"Portada","item":"https:\/\/revolutionpadelstore.com\/fr\/"},{"@type":"ListItem","position":2,"name":"Boutique","item":"https:\/\/revolutionpadelstore.com\/fr\/tienda\/"},{"@type":"ListItem","position":3,"name":"BULLPADEL K2 POWER 25"}]},{"@type":"WebSite","@id":"https:\/\/revolutionpadelstore.com\/fr\/#website","url":"https:\/\/revolutionpadelstore.com\/fr\/","name":"Revolution Padel Store","description":"","publisher":{"@id":"https:\/\/revolutionpadelstore.com\/fr\/#organization"},"potentialAction":[{"@type":"SearchAction","target":{"@type":"EntryPoint","urlTemplate":"https:\/\/revolutionpadelstore.com\/fr\/?s={search_term_string}"},"query-input":{"@type":"PropertyValueSpecification","valueRequired":true,"valueName":"search_term_string"}}],"inLanguage":"fr-FR"},{"@type":"Organization","@id":"https:\/\/revolutionpadelstore.com\/fr\/#organization","name":"Revolution Padel Store","url":"https:\/\/revolutionpadelstore.com\/fr\/","logo":{"@type":"ImageObject","inLanguage":"fr-FR","@id":"https:\/\/revolutionpadelstore.com\/fr\/#\/schema\/logo\/image\/","url":"https:\/\/revolutionpadelstore.com\/wp-content\/uploads\/2026\/02\/revolution-padel-store.jpg","contentUrl":"https:\/\/revolutionpadelstore.com\/wp-content\/uploads\/2026\/02\/revolution-padel-store.jpg","width":2000,"height":2000,"caption":"Revolution Padel Store"},"image":{"@id":"https:\/\/revolutionpadelstore.com\/fr\/#\/schema\/logo\/image\/"},"sameAs":["https:\/\/www.instagram.com\/revolutionpadelstore\/"]}]}},"_links":{"self":[{"href":"https:\/\/revolutionpadelstore.com\/fr\/wp-json\/wp\/v2\/product\/142564","targetHints":{"allow":["GET"]}}],"collection":[{"href":"https:\/\/revolutionpadelstore.com\/fr\/wp-json\/wp\/v2\/product"}],"about":[{"href":"https:\/\/revolutionpadelstore.com\/fr\/wp-json\/wp\/v2\/types\/product"}],"replies":[{"embeddable":true,"href":"https:\/\/revolutionpadelstore.com\/fr\/wp-json\/wp\/v2\/comments?post=142564"}],"wp:featuredmedia":[{"embeddable":true,"href":"https:\/\/revolutionpadelstore.com\/fr\/wp-json\/wp\/v2\/media\/155157"}],"wp:attachment":[{"href":"https:\/\/revolutionpadelstore.com\/fr\/wp-json\/wp\/v2\/media?parent=142564"}],"wp:term":[{"taxonomy":"acabado","embeddable":true,"href":"https:\/\/revolutionpadelstore.com\/fr\/wp-json\/wp\/v2\/acabado?post=142564"},{"taxonomy":"balance","embeddable":true,"href":"https:\/\/revolutionpadelstore.com\/fr\/wp-json\/wp\/v2\/balance?post=142564"},{"taxonomy":"dureza","embeddable":true,"href":"https:\/\/revolutionpadelstore.com\/fr\/wp-json\/wp\/v2\/dureza?post=142564"},{"taxonomy":"forma","embeddable":true,"href":"https:\/\/revolutionpadelstore.com\/fr\/wp-json\/wp\/v2\/forma?post=142564"},{"taxonomy":"jugador","embeddable":true,"href":"https:\/\/revolutionpadelstore.com\/fr\/wp-json\/wp\/v2\/jugador?post=142564"},{"taxonomy":"marca","embeddable":true,"href":"https:\/\/revolutionpadelstore.com\/fr\/wp-json\/wp\/v2\/marca?post=142564"},{"taxonomy":"nivel-de-juego","embeddable":true,"href":"https:\/\/revolutionpadelstore.com\/fr\/wp-json\/wp\/v2\/nivel-de-juego?post=142564"},{"taxonomy":"superficie","embeddable":true,"href":"https:\/\/revolutionpadelstore.com\/fr\/wp-json\/wp\/v2\/superficie?post=142564"},{"taxonomy":"tipo-de-juego","embeddable":true,"href":"https:\/\/revolutionpadelstore.com\/fr\/wp-json\/wp\/v2\/tipo-de-juego?post=142564"},{"taxonomy":"product_brand","embeddable":true,"href":"https:\/\/revolutionpadelstore.com\/fr\/wp-json\/wp\/v2\/product_brand?post=142564"},{"taxonomy":"product_cat","embeddable":true,"href":"https:\/\/revolutionpadelstore.com\/fr\/wp-json\/wp\/v2\/product_cat?post=142564"},{"taxonomy":"product_tag","embeddable":true,"href":"https:\/\/revolutionpadelstore.com\/fr\/wp-json\/wp\/v2\/product_tag?post=142564"}],"curies":[{"name":"wp","href":"https:\/\/api.w.org\/{rel}","templated":true}]}}