{"id":142554,"date":"2024-11-30T10:56:12","date_gmt":"2024-11-30T09:56:12","guid":{"rendered":"https:\/\/revolutionpadelstore.com\/?post_type=product&#038;p=142554"},"modified":"2026-04-08T09:52:33","modified_gmt":"2026-04-08T07:52:33","slug":"bullpadel-ionic-light-25-3","status":"publish","type":"product","link":"https:\/\/revolutionpadelstore.com\/fr\/produit\/bullpadel-ionic-light-25-3\/","title":{"rendered":"BULLPADEL IONIC LIGHT 25"},"content":{"rendered":"<h2> <strong> l\u00e9g\u00e8re et pr\u00e9cision: ma\u00eetriser la piste avec la lumi\u00e8re de Bullpadel ion 2025 <\/strong> <\/h2>\n<p>Le <strong> Bullpadel Ion Light 2025 <\/strong> est le choix parfait pour les joueurs qui cherchent \u00e0 combiner la l\u00e9g\u00e8ret\u00e9, la puissance et le contr\u00f4le dans chaque coup. Con\u00e7ue avec une forme hybride <strong> tu\u00e9e <\/strong> et un \u00e9quilibre moyen, cette pelle garantit des performances optimales \u00e0 la fois en d\u00e9fense et en attaque, ce qui rend chaque \u00e9change plus efficace.<\/p>\n<p>Avec un poids de <strong> 350-360 grammes <\/strong>, il se d\u00e9marque d&#8217;\u00eatre l&#8217;un des plus l\u00e9gers de la collection de bullpadel, id\u00e9al pour ceux qui donnent la priorit\u00e9 \u00e0 la gestion pendant les longues journ\u00e9es de jeu. Ses technologies avanc\u00e9es telles que <strong> xforce <\/strong> et la surface rugueuse <strong> grain 3D <\/strong> augmentent la pr\u00e9cision et l&#8217;effet sur les coups, vous permettant de vous d\u00e9marquer dans chaque jeu.<\/p>\n<h2> <strong> Caract\u00e9ristiques techniques pro\u00e9minentes <\/strong> <\/h2>\n<p style=\"padding-left: 40px\"> <strong> -form: <\/strong> type de type d\u00e9chirure.<\/p>\n<p> <strong> -Peso: <\/strong> 350-360 grammes.<\/p>\n<p> <strong> -Perfil: <\/strong> 38 mm.<\/p>\n<p> <strong> -Balance: <\/strong> m\u00e9dium.<br \/>\n<P> <strong> -PLANS: <\/strong> fabriqu\u00e9 dans <strong> glaphite <\/strong>, m\u00e9lange de fibre de verre et de carbone, qui fournit l&#8217;\u00e9lasticit\u00e9 et la r\u00e9activit\u00e9.<br \/>\n<P style=\"padding-left: 40px\"> <strong>-nombraire interne:<br \/>\n<P> <strong> -Marco: <\/strong> Construction en <strong> carbontube <\/strong> (100% carbone) pour une r\u00e9sistance et une durabilit\u00e9 maximales.<\/p>\n<h2> <strong> Technologies exclusives de bullpadel <\/strong> <\/h2>\n<p> <strong> -xforce: <\/strong> am\u00e9liore la stabilit\u00e9 et la puissance dans chaque coup.<br \/>\n<P> <strong> -3d Grain: <\/strong> Surface rugueuse pour plus d&#8217;effet et de contr\u00f4le de la balle.<\/p>\n<p style=\"padding-left: 40px\"> <strong> -Multiva: <\/strong> caoutchouc \u00e0 double densit\u00e9 qui adapte les performances du type d&#8217;impact.<\/p>\n<h2> <strong> pour qui \u00eates-vous con\u00e7u?<br \/>\nLe bullpadel Ionic Light 2025 est id\u00e9al pour <strong> les joueurs de niveau avanc\u00e9 <\/strong> \u00e0 la recherche d&#8217;un \u00e9quilibre entre la l\u00e9g\u00e8ret\u00e9 et les performances techniques. Parfait pour ceux qui ont besoin d&#8217;une pelle qui r\u00e9pond rapidement, la puissance et la pr\u00e9cision dans chaque situation de jeu.<\/p>\n<h2> <strong> Avantages cl\u00e9s <\/strong> <\/h2>\n<p> <strong>-Exceptionnel Brightness: <\/strong> minimise la fatigue dans les jeux longs.<br \/>\n<P> <strong> -Upper Contr\u00f4le: <\/strong> maximise la pr\u00e9cision des coups techniques.<br \/>\n<P> <strong>-technologie innovante: <\/strong> mat\u00e9riaux premium qui garantissent des performances durables.<\/p>\n<h2> <strong> Achetez maintenant et am\u00e9liorez votre jeu <\/strong> <\/h2>\n<p>Ne manquez pas l&#8217;occasion de faire passer votre performance au niveau sup\u00e9rieur avec le <strong> Bullpadel Ion Light 2025 <\/strong>. D\u00e9couvrez la l\u00e9g\u00e8ret\u00e9, la pr\u00e9cision et la puissance dans chaque coup. Faites-en partie de votre \u00e9quipe aujourd&#8217;hui et dominez la piste comme jamais auparavant!<\/p>\n<p>Disponible dans notre boutique en ligne <a href=\"https:\/\/www.revolutionpadelstore.com\/\"> www.revolutionpadelstore.com <\/a>, probablement au meilleur prix du march\u00e9.<\/p>\n<h2><strong>Ligereza y precisi\u00f3n: domina la pista con la Bullpadel Ionic Light 2025<\/strong><\/p>\n","protected":false},"excerpt":{"rendered":"<p>Le bullpadel Ionic Light 2025 est une pelle l\u00e9g\u00e8re avec une conception hybride et un \u00e9quilibre interm\u00e9diaire, id\u00e9al pour les joueurs exp\u00e9riment\u00e9s qui veulent une combinaison de contr\u00f4le, de puissance et de confort dans leur jeu.<\/p>\n","protected":false},"featured_media":155106,"comment_status":"open","ping_status":"closed","template":"","meta":{"_acf_changed":false,"_joinchat":[]},"acabado":[1092],"balance":[1142],"dureza":[1157],"forma":[1177],"jugador":[1192,1202],"marca":[1257],"nivel-de-juego":[1337,1342],"superficie":[1362],"tipo-de-juego":[1387],"product_brand":[],"product_cat":[302],"product_tag":[],"class_list":{"0":"post-142554","1":"product","2":"type-product","3":"status-publish","4":"has-post-thumbnail","6":"acabado-soulager-la-3d","7":"balance-moyen","8":"dureza-media-fr","9":"forma-hybride","10":"jugador-homme","11":"jugador-polivalente-fr","12":"marca-bullpadel-fr","13":"superficie-rugosa-fr","14":"tipo-de-juego-polivalente-fr","15":"product_cat-palas-de-padel-fr","17":"first","18":"instock","19":"sale","20":"taxable","21":"shipping-taxable","22":"purchasable","23":"product-type-simple"},"acf":[],"yoast_head":"<!-- This site is optimized with the Yoast SEO plugin v27.4 - https:\/\/yoast.com\/product\/yoast-seo-wordpress\/ -->\n<title>BULLPADEL IONIC LIGHT 25 - Revolution Padel Store<\/title>\n<meta name=\"description\" content=\"Descubre la Bullpadel Ionic Light 2025, una pala ligera y precisa, dise\u00f1ada para jugadoras avanzadas. Potencia, control y tecnolog\u00eda de vanguardia. \u00a1Compra online en Revolution Padel Store\" \/>\n<meta name=\"robots\" content=\"index, follow, max-snippet:-1, max-image-preview:large, max-video-preview:-1\" \/>\n<link rel=\"canonical\" href=\"https:\/\/revolutionpadelstore.com\/fr\/produit\/bullpadel-ionic-light-25-3\/\" \/>\n<meta property=\"og:locale\" content=\"fr_FR\" \/>\n<meta property=\"og:type\" content=\"article\" \/>\n<meta property=\"og:title\" content=\"BULLPADEL IONIC LIGHT 25 - Revolution Padel Store\" \/>\n<meta property=\"og:description\" content=\"Descubre la Bullpadel Ionic Light 2025, una pala ligera y precisa, dise\u00f1ada para jugadoras avanzadas. Potencia, control y tecnolog\u00eda de vanguardia. \u00a1Compra online en Revolution Padel Store\" \/>\n<meta property=\"og:url\" content=\"https:\/\/revolutionpadelstore.com\/fr\/produit\/bullpadel-ionic-light-25-3\/\" \/>\n<meta property=\"og:site_name\" content=\"Revolution Padel Store\" \/>\n<meta property=\"article:modified_time\" content=\"2026-04-08T07:52:33+00:00\" \/>\n<meta property=\"og:image\" content=\"https:\/\/revolutionpadelstore.com\/wp-content\/uploads\/2024\/11\/113765-pala-bullpadel-ionic-light-25-448130-mujer-1500x1500-1.webp\" \/>\n\t<meta property=\"og:image:width\" content=\"1500\" \/>\n\t<meta property=\"og:image:height\" content=\"1500\" \/>\n\t<meta property=\"og:image:type\" content=\"image\/webp\" \/>\n<meta name=\"twitter:card\" content=\"summary_large_image\" \/>\n<meta name=\"twitter:label1\" content=\"Dur\u00e9e de lecture estim\u00e9e\" \/>\n\t<meta name=\"twitter:data1\" content=\"2 minutes\" \/>\n<script type=\"application\/ld+json\" class=\"yoast-schema-graph\">{\"@context\":\"https:\\\/\\\/schema.org\",\"@graph\":[{\"@type\":\"WebPage\",\"@id\":\"https:\\\/\\\/revolutionpadelstore.com\\\/fr\\\/produit\\\/bullpadel-ionic-light-25-3\\\/\",\"url\":\"https:\\\/\\\/revolutionpadelstore.com\\\/fr\\\/produit\\\/bullpadel-ionic-light-25-3\\\/\",\"name\":\"BULLPADEL IONIC LIGHT 25 - Revolution Padel Store\",\"isPartOf\":{\"@id\":\"https:\\\/\\\/revolutionpadelstore.com\\\/fr\\\/#website\"},\"primaryImageOfPage\":{\"@id\":\"https:\\\/\\\/revolutionpadelstore.com\\\/fr\\\/produit\\\/bullpadel-ionic-light-25-3\\\/#primaryimage\"},\"image\":{\"@id\":\"https:\\\/\\\/revolutionpadelstore.com\\\/fr\\\/produit\\\/bullpadel-ionic-light-25-3\\\/#primaryimage\"},\"thumbnailUrl\":\"https:\\\/\\\/revolutionpadelstore.com\\\/wp-content\\\/uploads\\\/2024\\\/11\\\/113765-pala-bullpadel-ionic-light-25-448130-mujer-1500x1500-1.webp\",\"datePublished\":\"2024-11-30T09:56:12+00:00\",\"dateModified\":\"2026-04-08T07:52:33+00:00\",\"description\":\"Descubre la Bullpadel Ionic Light 2025, una pala ligera y precisa, dise\u00f1ada para jugadoras avanzadas. Potencia, control y tecnolog\u00eda de vanguardia. \u00a1Compra online en Revolution Padel Store\",\"breadcrumb\":{\"@id\":\"https:\\\/\\\/revolutionpadelstore.com\\\/fr\\\/produit\\\/bullpadel-ionic-light-25-3\\\/#breadcrumb\"},\"inLanguage\":\"fr-FR\",\"potentialAction\":[{\"@type\":\"ReadAction\",\"target\":[\"https:\\\/\\\/revolutionpadelstore.com\\\/fr\\\/produit\\\/bullpadel-ionic-light-25-3\\\/\"]}]},{\"@type\":\"ImageObject\",\"inLanguage\":\"fr-FR\",\"@id\":\"https:\\\/\\\/revolutionpadelstore.com\\\/fr\\\/produit\\\/bullpadel-ionic-light-25-3\\\/#primaryimage\",\"url\":\"https:\\\/\\\/revolutionpadelstore.com\\\/wp-content\\\/uploads\\\/2024\\\/11\\\/113765-pala-bullpadel-ionic-light-25-448130-mujer-1500x1500-1.webp\",\"contentUrl\":\"https:\\\/\\\/revolutionpadelstore.com\\\/wp-content\\\/uploads\\\/2024\\\/11\\\/113765-pala-bullpadel-ionic-light-25-448130-mujer-1500x1500-1.webp\",\"width\":1500,\"height\":1500},{\"@type\":\"BreadcrumbList\",\"@id\":\"https:\\\/\\\/revolutionpadelstore.com\\\/fr\\\/produit\\\/bullpadel-ionic-light-25-3\\\/#breadcrumb\",\"itemListElement\":[{\"@type\":\"ListItem\",\"position\":1,\"name\":\"Portada\",\"item\":\"https:\\\/\\\/revolutionpadelstore.com\\\/fr\\\/\"},{\"@type\":\"ListItem\",\"position\":2,\"name\":\"Boutique\",\"item\":\"https:\\\/\\\/revolutionpadelstore.com\\\/fr\\\/tienda\\\/\"},{\"@type\":\"ListItem\",\"position\":3,\"name\":\"BULLPADEL IONIC LIGHT 25\"}]},{\"@type\":\"WebSite\",\"@id\":\"https:\\\/\\\/revolutionpadelstore.com\\\/fr\\\/#website\",\"url\":\"https:\\\/\\\/revolutionpadelstore.com\\\/fr\\\/\",\"name\":\"Revolution Padel Store\",\"description\":\"\",\"publisher\":{\"@id\":\"https:\\\/\\\/revolutionpadelstore.com\\\/fr\\\/#organization\"},\"potentialAction\":[{\"@type\":\"SearchAction\",\"target\":{\"@type\":\"EntryPoint\",\"urlTemplate\":\"https:\\\/\\\/revolutionpadelstore.com\\\/fr\\\/?s={search_term_string}\"},\"query-input\":{\"@type\":\"PropertyValueSpecification\",\"valueRequired\":true,\"valueName\":\"search_term_string\"}}],\"inLanguage\":\"fr-FR\"},{\"@type\":\"Organization\",\"@id\":\"https:\\\/\\\/revolutionpadelstore.com\\\/fr\\\/#organization\",\"name\":\"Revolution Padel Store\",\"url\":\"https:\\\/\\\/revolutionpadelstore.com\\\/fr\\\/\",\"logo\":{\"@type\":\"ImageObject\",\"inLanguage\":\"fr-FR\",\"@id\":\"https:\\\/\\\/revolutionpadelstore.com\\\/fr\\\/#\\\/schema\\\/logo\\\/image\\\/\",\"url\":\"https:\\\/\\\/revolutionpadelstore.com\\\/wp-content\\\/uploads\\\/2026\\\/02\\\/revolution-padel-store.jpg\",\"contentUrl\":\"https:\\\/\\\/revolutionpadelstore.com\\\/wp-content\\\/uploads\\\/2026\\\/02\\\/revolution-padel-store.jpg\",\"width\":2000,\"height\":2000,\"caption\":\"Revolution Padel Store\"},\"image\":{\"@id\":\"https:\\\/\\\/revolutionpadelstore.com\\\/fr\\\/#\\\/schema\\\/logo\\\/image\\\/\"},\"sameAs\":[\"https:\\\/\\\/www.instagram.com\\\/revolutionpadelstore\\\/\"]}]}<\/script>\n<!-- \/ Yoast SEO plugin. -->","yoast_head_json":{"title":"BULLPADEL IONIC LIGHT 25 - Revolution Padel Store","description":"Descubre la Bullpadel Ionic Light 2025, una pala ligera y precisa, dise\u00f1ada para jugadoras avanzadas. Potencia, control y tecnolog\u00eda de vanguardia. \u00a1Compra online en Revolution Padel Store","robots":{"index":"index","follow":"follow","max-snippet":"max-snippet:-1","max-image-preview":"max-image-preview:large","max-video-preview":"max-video-preview:-1"},"canonical":"https:\/\/revolutionpadelstore.com\/fr\/produit\/bullpadel-ionic-light-25-3\/","og_locale":"fr_FR","og_type":"article","og_title":"BULLPADEL IONIC LIGHT 25 - Revolution Padel Store","og_description":"Descubre la Bullpadel Ionic Light 2025, una pala ligera y precisa, dise\u00f1ada para jugadoras avanzadas. Potencia, control y tecnolog\u00eda de vanguardia. \u00a1Compra online en Revolution Padel Store","og_url":"https:\/\/revolutionpadelstore.com\/fr\/produit\/bullpadel-ionic-light-25-3\/","og_site_name":"Revolution Padel Store","article_modified_time":"2026-04-08T07:52:33+00:00","og_image":[{"width":1500,"height":1500,"url":"https:\/\/revolutionpadelstore.com\/wp-content\/uploads\/2024\/11\/113765-pala-bullpadel-ionic-light-25-448130-mujer-1500x1500-1.webp","type":"image\/webp"}],"twitter_card":"summary_large_image","twitter_misc":{"Dur\u00e9e de lecture estim\u00e9e":"2 minutes"},"schema":{"@context":"https:\/\/schema.org","@graph":[{"@type":"WebPage","@id":"https:\/\/revolutionpadelstore.com\/fr\/produit\/bullpadel-ionic-light-25-3\/","url":"https:\/\/revolutionpadelstore.com\/fr\/produit\/bullpadel-ionic-light-25-3\/","name":"BULLPADEL IONIC LIGHT 25 - Revolution Padel Store","isPartOf":{"@id":"https:\/\/revolutionpadelstore.com\/fr\/#website"},"primaryImageOfPage":{"@id":"https:\/\/revolutionpadelstore.com\/fr\/produit\/bullpadel-ionic-light-25-3\/#primaryimage"},"image":{"@id":"https:\/\/revolutionpadelstore.com\/fr\/produit\/bullpadel-ionic-light-25-3\/#primaryimage"},"thumbnailUrl":"https:\/\/revolutionpadelstore.com\/wp-content\/uploads\/2024\/11\/113765-pala-bullpadel-ionic-light-25-448130-mujer-1500x1500-1.webp","datePublished":"2024-11-30T09:56:12+00:00","dateModified":"2026-04-08T07:52:33+00:00","description":"Descubre la Bullpadel Ionic Light 2025, una pala ligera y precisa, dise\u00f1ada para jugadoras avanzadas. Potencia, control y tecnolog\u00eda de vanguardia. \u00a1Compra online en Revolution Padel Store","breadcrumb":{"@id":"https:\/\/revolutionpadelstore.com\/fr\/produit\/bullpadel-ionic-light-25-3\/#breadcrumb"},"inLanguage":"fr-FR","potentialAction":[{"@type":"ReadAction","target":["https:\/\/revolutionpadelstore.com\/fr\/produit\/bullpadel-ionic-light-25-3\/"]}]},{"@type":"ImageObject","inLanguage":"fr-FR","@id":"https:\/\/revolutionpadelstore.com\/fr\/produit\/bullpadel-ionic-light-25-3\/#primaryimage","url":"https:\/\/revolutionpadelstore.com\/wp-content\/uploads\/2024\/11\/113765-pala-bullpadel-ionic-light-25-448130-mujer-1500x1500-1.webp","contentUrl":"https:\/\/revolutionpadelstore.com\/wp-content\/uploads\/2024\/11\/113765-pala-bullpadel-ionic-light-25-448130-mujer-1500x1500-1.webp","width":1500,"height":1500},{"@type":"BreadcrumbList","@id":"https:\/\/revolutionpadelstore.com\/fr\/produit\/bullpadel-ionic-light-25-3\/#breadcrumb","itemListElement":[{"@type":"ListItem","position":1,"name":"Portada","item":"https:\/\/revolutionpadelstore.com\/fr\/"},{"@type":"ListItem","position":2,"name":"Boutique","item":"https:\/\/revolutionpadelstore.com\/fr\/tienda\/"},{"@type":"ListItem","position":3,"name":"BULLPADEL IONIC LIGHT 25"}]},{"@type":"WebSite","@id":"https:\/\/revolutionpadelstore.com\/fr\/#website","url":"https:\/\/revolutionpadelstore.com\/fr\/","name":"Revolution Padel Store","description":"","publisher":{"@id":"https:\/\/revolutionpadelstore.com\/fr\/#organization"},"potentialAction":[{"@type":"SearchAction","target":{"@type":"EntryPoint","urlTemplate":"https:\/\/revolutionpadelstore.com\/fr\/?s={search_term_string}"},"query-input":{"@type":"PropertyValueSpecification","valueRequired":true,"valueName":"search_term_string"}}],"inLanguage":"fr-FR"},{"@type":"Organization","@id":"https:\/\/revolutionpadelstore.com\/fr\/#organization","name":"Revolution Padel Store","url":"https:\/\/revolutionpadelstore.com\/fr\/","logo":{"@type":"ImageObject","inLanguage":"fr-FR","@id":"https:\/\/revolutionpadelstore.com\/fr\/#\/schema\/logo\/image\/","url":"https:\/\/revolutionpadelstore.com\/wp-content\/uploads\/2026\/02\/revolution-padel-store.jpg","contentUrl":"https:\/\/revolutionpadelstore.com\/wp-content\/uploads\/2026\/02\/revolution-padel-store.jpg","width":2000,"height":2000,"caption":"Revolution Padel Store"},"image":{"@id":"https:\/\/revolutionpadelstore.com\/fr\/#\/schema\/logo\/image\/"},"sameAs":["https:\/\/www.instagram.com\/revolutionpadelstore\/"]}]}},"_links":{"self":[{"href":"https:\/\/revolutionpadelstore.com\/fr\/wp-json\/wp\/v2\/product\/142554","targetHints":{"allow":["GET"]}}],"collection":[{"href":"https:\/\/revolutionpadelstore.com\/fr\/wp-json\/wp\/v2\/product"}],"about":[{"href":"https:\/\/revolutionpadelstore.com\/fr\/wp-json\/wp\/v2\/types\/product"}],"replies":[{"embeddable":true,"href":"https:\/\/revolutionpadelstore.com\/fr\/wp-json\/wp\/v2\/comments?post=142554"}],"wp:featuredmedia":[{"embeddable":true,"href":"https:\/\/revolutionpadelstore.com\/fr\/wp-json\/wp\/v2\/media\/155106"}],"wp:attachment":[{"href":"https:\/\/revolutionpadelstore.com\/fr\/wp-json\/wp\/v2\/media?parent=142554"}],"wp:term":[{"taxonomy":"acabado","embeddable":true,"href":"https:\/\/revolutionpadelstore.com\/fr\/wp-json\/wp\/v2\/acabado?post=142554"},{"taxonomy":"balance","embeddable":true,"href":"https:\/\/revolutionpadelstore.com\/fr\/wp-json\/wp\/v2\/balance?post=142554"},{"taxonomy":"dureza","embeddable":true,"href":"https:\/\/revolutionpadelstore.com\/fr\/wp-json\/wp\/v2\/dureza?post=142554"},{"taxonomy":"forma","embeddable":true,"href":"https:\/\/revolutionpadelstore.com\/fr\/wp-json\/wp\/v2\/forma?post=142554"},{"taxonomy":"jugador","embeddable":true,"href":"https:\/\/revolutionpadelstore.com\/fr\/wp-json\/wp\/v2\/jugador?post=142554"},{"taxonomy":"marca","embeddable":true,"href":"https:\/\/revolutionpadelstore.com\/fr\/wp-json\/wp\/v2\/marca?post=142554"},{"taxonomy":"nivel-de-juego","embeddable":true,"href":"https:\/\/revolutionpadelstore.com\/fr\/wp-json\/wp\/v2\/nivel-de-juego?post=142554"},{"taxonomy":"superficie","embeddable":true,"href":"https:\/\/revolutionpadelstore.com\/fr\/wp-json\/wp\/v2\/superficie?post=142554"},{"taxonomy":"tipo-de-juego","embeddable":true,"href":"https:\/\/revolutionpadelstore.com\/fr\/wp-json\/wp\/v2\/tipo-de-juego?post=142554"},{"taxonomy":"product_brand","embeddable":true,"href":"https:\/\/revolutionpadelstore.com\/fr\/wp-json\/wp\/v2\/product_brand?post=142554"},{"taxonomy":"product_cat","embeddable":true,"href":"https:\/\/revolutionpadelstore.com\/fr\/wp-json\/wp\/v2\/product_cat?post=142554"},{"taxonomy":"product_tag","embeddable":true,"href":"https:\/\/revolutionpadelstore.com\/fr\/wp-json\/wp\/v2\/product_tag?post=142554"}],"curies":[{"name":"wp","href":"https:\/\/api.w.org\/{rel}","templated":true}]}}