{"id":142549,"date":"2024-11-30T10:56:17","date_gmt":"2024-11-30T09:56:17","guid":{"rendered":"https:\/\/revolutionpadelstore.com\/?post_type=product&#038;p=142549"},"modified":"2026-04-08T09:52:00","modified_gmt":"2026-04-08T07:52:00","slug":"bullpadel-indiga-pwr-25","status":"publish","type":"product","link":"https:\/\/revolutionpadelstore.com\/fr\/produit\/bullpadel-indiga-pwr-25\/","title":{"rendered":"BULLPADEL INDIGA PWR 25"},"content":{"rendered":"<h2> Bullpadel Indiga Power 2025: Power and Comfort for Beginners <\/h2>\n<p>Le <strong> Bullpadel Indiga Power 2025 <\/strong> se distingue comme une option l\u00e9g\u00e8re, g\u00e9rable et confortable con\u00e7ue pour les joueurs amateurs qui cherchent \u00e0 am\u00e9liorer leurs performances. Avec son grand diamant et son \u00e9quilibre, cette pelle garantit une puissance extraordinaire en coups offensive, sans sacrifier le contr\u00f4le ni la l\u00e9g\u00e8ret\u00e9. Son poids de 360-370 grammes en fait un choix polyvalent pour apprendre les joueurs.<\/p>\n<h2> <strong> Caract\u00e9ristiques techniques de la puissance de Bullpadel Indiga 2025 <\/strong> <\/h2>\n<p><P style=\"padding-left: 40px\"> <strong> -form: <\/strong> diamant.<br \/>\n<P> <strong> -Peso: <\/strong> 360-370 grammes.<\/p>\n<p> <strong> -Balance: <\/strong> haut, id\u00e9al pour les jeux agressifs.<\/p>\n<p> <strong> -Planes: <\/strong> fabriqu\u00e9 en fibre de verre polyglasse, offrant une touche douce et un coup efficace.<\/p>\n<p> <strong> -well: <\/strong> EVA Soft Rubber pour maximiser la puissance et le retour d&#8217;\u00e9nergie contr\u00f4l\u00e9es.<\/p>\n<p> <strong> -marco: <\/strong> tube de carbone 100% fibre de carbone bidirectionnelle, offrant une r\u00e9sistance et une durabilit\u00e9 exceptionnelles.<br \/>\n<P> <strong> -grip Zone Technology: <\/strong> am\u00e9liore la qualit\u00e9 de l&#8217;adh\u00e9rence, favorisant les coups pr\u00e9cis et confortables.<\/p>\n<h2> <strong> Pourquoi choisir le Bullpadel Indiga Power 2025?<br \/>\n<P> <strong> -Crenage -gonomique: <\/strong> con\u00e7u pour les joueurs d\u00e9butants, combine la gestion et le confort.<\/p>\n<p> <strong> -La Garantie Power: <\/strong> Sa structure \u00e9lev\u00e9e et son \u00e9quilibre am\u00e9liorent les coups offensifs.<br \/>\n<P> <strong>-Quality Materials: <\/strong> comprend la fibre de verre et le caoutchouc EVA doux, parfaite pour des performances optimales.<br \/>\n<P> <strong> -Deal pour l&#8217;apprentissage: <\/strong> Gr\u00e2ce \u00e0 leur technologie de poign\u00e9e, les joueurs peuvent am\u00e9liorer leur technique avec un plus grand contr\u00f4le.<\/p>\n<h2> <strong> Profitez des meilleures performances de vos jeux <\/strong> <\/h2>\n<p>Le <strong> Bullpadel Indiga Power 2025 <\/strong> est la pelle parfaite pour se d\u00e9marquer sur le r\u00e9seau et faire des jeux offensifs avec une puissance pr\u00e9cise. Con\u00e7u pour ceux qui commencent dans le monde de la pagaie, il combine des technologies de pointe et des mat\u00e9riaux de haute qualit\u00e9, permettant un jeu plus agressif et contr\u00f4l\u00e9.<\/p>\n<p><strong> d\u00e9j\u00e0 disponible dans notre boutique en ligne <a href=\"http:\/\/www.revolutionpadelstore.com\/\"> www.revolutionpadelstore.com <\/a>, probablement au meilleur prix de march\u00e9.<\/p>\n<h2>\u00a0Bullpadel Indiga Power 2025: Potencia y comodidad para principiantes<\/h2>\n","protected":false},"excerpt":{"rendered":"<p>Le Bullpadel Indiga Power 2025 est une pelle en diamant avec un \u00e9quilibre \u00e9lev\u00e9, id\u00e9al pour les joueurs amateurs qui priorisent un jeu offensif. Il est \u00e9quip\u00e9 de faces polyglasse, d&#8217;un noyau en caoutchouc EVA doux et d&#8217;un cadre renforc\u00e9 pour une plus grande r\u00e9sistance.<\/p>\n","protected":false},"featured_media":155071,"comment_status":"open","ping_status":"closed","template":"","meta":{"_acf_changed":false,"_joinchat":[]},"acabado":[1087],"balance":[1137],"dureza":[1152],"forma":[1172],"jugador":[1192,1202],"marca":[1257],"nivel-de-juego":[1352],"superficie":[1357],"tipo-de-juego":[1377],"product_brand":[],"product_cat":[302],"product_tag":[],"class_list":{"0":"post-142549","1":"product","2":"type-product","3":"status-publish","4":"has-post-thumbnail","6":"acabado-mon-pote","7":"balance-eleve","8":"dureza-blanda-fr","9":"forma-diamant","10":"jugador-homme","11":"jugador-polivalente-fr","12":"marca-bullpadel-fr","13":"superficie-lise","14":"tipo-de-juego-puissance","15":"product_cat-palas-de-padel-fr","17":"first","18":"outofstock","19":"sale","20":"taxable","21":"shipping-taxable","22":"purchasable","23":"product-type-simple"},"acf":[],"yoast_head":"<!-- This site is optimized with the Yoast SEO plugin v27.4 - https:\/\/yoast.com\/product\/yoast-seo-wordpress\/ -->\n<title>BULLPADEL INDIGA PWR 25 - Revolution Padel Store<\/title>\n<meta name=\"description\" content=\"Descubre la pala Bullpadel Indiga Power 2025, ideal para principiantes que buscan potencia y control. Con balance alto y n\u00facleo EVA Soft, mejora tu juego. \u00a1C\u00f3mprala al mejor precio en Revolution Padel Store!\" \/>\n<meta name=\"robots\" content=\"index, follow, max-snippet:-1, max-image-preview:large, max-video-preview:-1\" \/>\n<link rel=\"canonical\" href=\"https:\/\/revolutionpadelstore.com\/fr\/produit\/bullpadel-indiga-pwr-25\/\" \/>\n<meta property=\"og:locale\" content=\"fr_FR\" \/>\n<meta property=\"og:type\" content=\"article\" \/>\n<meta property=\"og:title\" content=\"BULLPADEL INDIGA PWR 25 - Revolution Padel Store\" \/>\n<meta property=\"og:description\" content=\"Descubre la pala Bullpadel Indiga Power 2025, ideal para principiantes que buscan potencia y control. Con balance alto y n\u00facleo EVA Soft, mejora tu juego. \u00a1C\u00f3mprala al mejor precio en Revolution Padel Store!\" \/>\n<meta property=\"og:url\" content=\"https:\/\/revolutionpadelstore.com\/fr\/produit\/bullpadel-indiga-pwr-25\/\" \/>\n<meta property=\"og:site_name\" content=\"Revolution Padel Store\" \/>\n<meta property=\"article:modified_time\" content=\"2026-04-08T07:52:00+00:00\" \/>\n<meta property=\"og:image\" content=\"https:\/\/revolutionpadelstore.com\/wp-content\/uploads\/2024\/11\/113762-pala-bullpadel-indiga-power-25-448134-1500x1500-1.webp\" \/>\n\t<meta property=\"og:image:width\" content=\"1500\" \/>\n\t<meta property=\"og:image:height\" content=\"1500\" \/>\n\t<meta property=\"og:image:type\" content=\"image\/webp\" \/>\n<meta name=\"twitter:card\" content=\"summary_large_image\" \/>\n<meta name=\"twitter:label1\" content=\"Dur\u00e9e de lecture estim\u00e9e\" \/>\n\t<meta name=\"twitter:data1\" content=\"2 minutes\" \/>\n<script type=\"application\/ld+json\" class=\"yoast-schema-graph\">{\"@context\":\"https:\\\/\\\/schema.org\",\"@graph\":[{\"@type\":\"WebPage\",\"@id\":\"https:\\\/\\\/revolutionpadelstore.com\\\/fr\\\/produit\\\/bullpadel-indiga-pwr-25\\\/\",\"url\":\"https:\\\/\\\/revolutionpadelstore.com\\\/fr\\\/produit\\\/bullpadel-indiga-pwr-25\\\/\",\"name\":\"BULLPADEL INDIGA PWR 25 - Revolution Padel Store\",\"isPartOf\":{\"@id\":\"https:\\\/\\\/revolutionpadelstore.com\\\/fr\\\/#website\"},\"primaryImageOfPage\":{\"@id\":\"https:\\\/\\\/revolutionpadelstore.com\\\/fr\\\/produit\\\/bullpadel-indiga-pwr-25\\\/#primaryimage\"},\"image\":{\"@id\":\"https:\\\/\\\/revolutionpadelstore.com\\\/fr\\\/produit\\\/bullpadel-indiga-pwr-25\\\/#primaryimage\"},\"thumbnailUrl\":\"https:\\\/\\\/revolutionpadelstore.com\\\/wp-content\\\/uploads\\\/2024\\\/11\\\/113762-pala-bullpadel-indiga-power-25-448134-1500x1500-1.webp\",\"datePublished\":\"2024-11-30T09:56:17+00:00\",\"dateModified\":\"2026-04-08T07:52:00+00:00\",\"description\":\"Descubre la pala Bullpadel Indiga Power 2025, ideal para principiantes que buscan potencia y control. Con balance alto y n\u00facleo EVA Soft, mejora tu juego. \u00a1C\u00f3mprala al mejor precio en Revolution Padel Store!\",\"breadcrumb\":{\"@id\":\"https:\\\/\\\/revolutionpadelstore.com\\\/fr\\\/produit\\\/bullpadel-indiga-pwr-25\\\/#breadcrumb\"},\"inLanguage\":\"fr-FR\",\"potentialAction\":[{\"@type\":\"ReadAction\",\"target\":[\"https:\\\/\\\/revolutionpadelstore.com\\\/fr\\\/produit\\\/bullpadel-indiga-pwr-25\\\/\"]}]},{\"@type\":\"ImageObject\",\"inLanguage\":\"fr-FR\",\"@id\":\"https:\\\/\\\/revolutionpadelstore.com\\\/fr\\\/produit\\\/bullpadel-indiga-pwr-25\\\/#primaryimage\",\"url\":\"https:\\\/\\\/revolutionpadelstore.com\\\/wp-content\\\/uploads\\\/2024\\\/11\\\/113762-pala-bullpadel-indiga-power-25-448134-1500x1500-1.webp\",\"contentUrl\":\"https:\\\/\\\/revolutionpadelstore.com\\\/wp-content\\\/uploads\\\/2024\\\/11\\\/113762-pala-bullpadel-indiga-power-25-448134-1500x1500-1.webp\",\"width\":1500,\"height\":1500},{\"@type\":\"BreadcrumbList\",\"@id\":\"https:\\\/\\\/revolutionpadelstore.com\\\/fr\\\/produit\\\/bullpadel-indiga-pwr-25\\\/#breadcrumb\",\"itemListElement\":[{\"@type\":\"ListItem\",\"position\":1,\"name\":\"Portada\",\"item\":\"https:\\\/\\\/revolutionpadelstore.com\\\/fr\\\/\"},{\"@type\":\"ListItem\",\"position\":2,\"name\":\"Boutique\",\"item\":\"https:\\\/\\\/revolutionpadelstore.com\\\/fr\\\/tienda\\\/\"},{\"@type\":\"ListItem\",\"position\":3,\"name\":\"BULLPADEL INDIGA PWR 25\"}]},{\"@type\":\"WebSite\",\"@id\":\"https:\\\/\\\/revolutionpadelstore.com\\\/fr\\\/#website\",\"url\":\"https:\\\/\\\/revolutionpadelstore.com\\\/fr\\\/\",\"name\":\"Revolution Padel Store\",\"description\":\"\",\"publisher\":{\"@id\":\"https:\\\/\\\/revolutionpadelstore.com\\\/fr\\\/#organization\"},\"potentialAction\":[{\"@type\":\"SearchAction\",\"target\":{\"@type\":\"EntryPoint\",\"urlTemplate\":\"https:\\\/\\\/revolutionpadelstore.com\\\/fr\\\/?s={search_term_string}\"},\"query-input\":{\"@type\":\"PropertyValueSpecification\",\"valueRequired\":true,\"valueName\":\"search_term_string\"}}],\"inLanguage\":\"fr-FR\"},{\"@type\":\"Organization\",\"@id\":\"https:\\\/\\\/revolutionpadelstore.com\\\/fr\\\/#organization\",\"name\":\"Revolution Padel Store\",\"url\":\"https:\\\/\\\/revolutionpadelstore.com\\\/fr\\\/\",\"logo\":{\"@type\":\"ImageObject\",\"inLanguage\":\"fr-FR\",\"@id\":\"https:\\\/\\\/revolutionpadelstore.com\\\/fr\\\/#\\\/schema\\\/logo\\\/image\\\/\",\"url\":\"https:\\\/\\\/revolutionpadelstore.com\\\/wp-content\\\/uploads\\\/2026\\\/02\\\/revolution-padel-store.jpg\",\"contentUrl\":\"https:\\\/\\\/revolutionpadelstore.com\\\/wp-content\\\/uploads\\\/2026\\\/02\\\/revolution-padel-store.jpg\",\"width\":2000,\"height\":2000,\"caption\":\"Revolution Padel Store\"},\"image\":{\"@id\":\"https:\\\/\\\/revolutionpadelstore.com\\\/fr\\\/#\\\/schema\\\/logo\\\/image\\\/\"},\"sameAs\":[\"https:\\\/\\\/www.instagram.com\\\/revolutionpadelstore\\\/\"]}]}<\/script>\n<!-- \/ Yoast SEO plugin. -->","yoast_head_json":{"title":"BULLPADEL INDIGA PWR 25 - Revolution Padel Store","description":"Descubre la pala Bullpadel Indiga Power 2025, ideal para principiantes que buscan potencia y control. Con balance alto y n\u00facleo EVA Soft, mejora tu juego. \u00a1C\u00f3mprala al mejor precio en Revolution Padel Store!","robots":{"index":"index","follow":"follow","max-snippet":"max-snippet:-1","max-image-preview":"max-image-preview:large","max-video-preview":"max-video-preview:-1"},"canonical":"https:\/\/revolutionpadelstore.com\/fr\/produit\/bullpadel-indiga-pwr-25\/","og_locale":"fr_FR","og_type":"article","og_title":"BULLPADEL INDIGA PWR 25 - Revolution Padel Store","og_description":"Descubre la pala Bullpadel Indiga Power 2025, ideal para principiantes que buscan potencia y control. Con balance alto y n\u00facleo EVA Soft, mejora tu juego. \u00a1C\u00f3mprala al mejor precio en Revolution Padel Store!","og_url":"https:\/\/revolutionpadelstore.com\/fr\/produit\/bullpadel-indiga-pwr-25\/","og_site_name":"Revolution Padel Store","article_modified_time":"2026-04-08T07:52:00+00:00","og_image":[{"width":1500,"height":1500,"url":"https:\/\/revolutionpadelstore.com\/wp-content\/uploads\/2024\/11\/113762-pala-bullpadel-indiga-power-25-448134-1500x1500-1.webp","type":"image\/webp"}],"twitter_card":"summary_large_image","twitter_misc":{"Dur\u00e9e de lecture estim\u00e9e":"2 minutes"},"schema":{"@context":"https:\/\/schema.org","@graph":[{"@type":"WebPage","@id":"https:\/\/revolutionpadelstore.com\/fr\/produit\/bullpadel-indiga-pwr-25\/","url":"https:\/\/revolutionpadelstore.com\/fr\/produit\/bullpadel-indiga-pwr-25\/","name":"BULLPADEL INDIGA PWR 25 - Revolution Padel Store","isPartOf":{"@id":"https:\/\/revolutionpadelstore.com\/fr\/#website"},"primaryImageOfPage":{"@id":"https:\/\/revolutionpadelstore.com\/fr\/produit\/bullpadel-indiga-pwr-25\/#primaryimage"},"image":{"@id":"https:\/\/revolutionpadelstore.com\/fr\/produit\/bullpadel-indiga-pwr-25\/#primaryimage"},"thumbnailUrl":"https:\/\/revolutionpadelstore.com\/wp-content\/uploads\/2024\/11\/113762-pala-bullpadel-indiga-power-25-448134-1500x1500-1.webp","datePublished":"2024-11-30T09:56:17+00:00","dateModified":"2026-04-08T07:52:00+00:00","description":"Descubre la pala Bullpadel Indiga Power 2025, ideal para principiantes que buscan potencia y control. Con balance alto y n\u00facleo EVA Soft, mejora tu juego. \u00a1C\u00f3mprala al mejor precio en Revolution Padel Store!","breadcrumb":{"@id":"https:\/\/revolutionpadelstore.com\/fr\/produit\/bullpadel-indiga-pwr-25\/#breadcrumb"},"inLanguage":"fr-FR","potentialAction":[{"@type":"ReadAction","target":["https:\/\/revolutionpadelstore.com\/fr\/produit\/bullpadel-indiga-pwr-25\/"]}]},{"@type":"ImageObject","inLanguage":"fr-FR","@id":"https:\/\/revolutionpadelstore.com\/fr\/produit\/bullpadel-indiga-pwr-25\/#primaryimage","url":"https:\/\/revolutionpadelstore.com\/wp-content\/uploads\/2024\/11\/113762-pala-bullpadel-indiga-power-25-448134-1500x1500-1.webp","contentUrl":"https:\/\/revolutionpadelstore.com\/wp-content\/uploads\/2024\/11\/113762-pala-bullpadel-indiga-power-25-448134-1500x1500-1.webp","width":1500,"height":1500},{"@type":"BreadcrumbList","@id":"https:\/\/revolutionpadelstore.com\/fr\/produit\/bullpadel-indiga-pwr-25\/#breadcrumb","itemListElement":[{"@type":"ListItem","position":1,"name":"Portada","item":"https:\/\/revolutionpadelstore.com\/fr\/"},{"@type":"ListItem","position":2,"name":"Boutique","item":"https:\/\/revolutionpadelstore.com\/fr\/tienda\/"},{"@type":"ListItem","position":3,"name":"BULLPADEL INDIGA PWR 25"}]},{"@type":"WebSite","@id":"https:\/\/revolutionpadelstore.com\/fr\/#website","url":"https:\/\/revolutionpadelstore.com\/fr\/","name":"Revolution Padel Store","description":"","publisher":{"@id":"https:\/\/revolutionpadelstore.com\/fr\/#organization"},"potentialAction":[{"@type":"SearchAction","target":{"@type":"EntryPoint","urlTemplate":"https:\/\/revolutionpadelstore.com\/fr\/?s={search_term_string}"},"query-input":{"@type":"PropertyValueSpecification","valueRequired":true,"valueName":"search_term_string"}}],"inLanguage":"fr-FR"},{"@type":"Organization","@id":"https:\/\/revolutionpadelstore.com\/fr\/#organization","name":"Revolution Padel Store","url":"https:\/\/revolutionpadelstore.com\/fr\/","logo":{"@type":"ImageObject","inLanguage":"fr-FR","@id":"https:\/\/revolutionpadelstore.com\/fr\/#\/schema\/logo\/image\/","url":"https:\/\/revolutionpadelstore.com\/wp-content\/uploads\/2026\/02\/revolution-padel-store.jpg","contentUrl":"https:\/\/revolutionpadelstore.com\/wp-content\/uploads\/2026\/02\/revolution-padel-store.jpg","width":2000,"height":2000,"caption":"Revolution Padel Store"},"image":{"@id":"https:\/\/revolutionpadelstore.com\/fr\/#\/schema\/logo\/image\/"},"sameAs":["https:\/\/www.instagram.com\/revolutionpadelstore\/"]}]}},"_links":{"self":[{"href":"https:\/\/revolutionpadelstore.com\/fr\/wp-json\/wp\/v2\/product\/142549","targetHints":{"allow":["GET"]}}],"collection":[{"href":"https:\/\/revolutionpadelstore.com\/fr\/wp-json\/wp\/v2\/product"}],"about":[{"href":"https:\/\/revolutionpadelstore.com\/fr\/wp-json\/wp\/v2\/types\/product"}],"replies":[{"embeddable":true,"href":"https:\/\/revolutionpadelstore.com\/fr\/wp-json\/wp\/v2\/comments?post=142549"}],"wp:featuredmedia":[{"embeddable":true,"href":"https:\/\/revolutionpadelstore.com\/fr\/wp-json\/wp\/v2\/media\/155071"}],"wp:attachment":[{"href":"https:\/\/revolutionpadelstore.com\/fr\/wp-json\/wp\/v2\/media?parent=142549"}],"wp:term":[{"taxonomy":"acabado","embeddable":true,"href":"https:\/\/revolutionpadelstore.com\/fr\/wp-json\/wp\/v2\/acabado?post=142549"},{"taxonomy":"balance","embeddable":true,"href":"https:\/\/revolutionpadelstore.com\/fr\/wp-json\/wp\/v2\/balance?post=142549"},{"taxonomy":"dureza","embeddable":true,"href":"https:\/\/revolutionpadelstore.com\/fr\/wp-json\/wp\/v2\/dureza?post=142549"},{"taxonomy":"forma","embeddable":true,"href":"https:\/\/revolutionpadelstore.com\/fr\/wp-json\/wp\/v2\/forma?post=142549"},{"taxonomy":"jugador","embeddable":true,"href":"https:\/\/revolutionpadelstore.com\/fr\/wp-json\/wp\/v2\/jugador?post=142549"},{"taxonomy":"marca","embeddable":true,"href":"https:\/\/revolutionpadelstore.com\/fr\/wp-json\/wp\/v2\/marca?post=142549"},{"taxonomy":"nivel-de-juego","embeddable":true,"href":"https:\/\/revolutionpadelstore.com\/fr\/wp-json\/wp\/v2\/nivel-de-juego?post=142549"},{"taxonomy":"superficie","embeddable":true,"href":"https:\/\/revolutionpadelstore.com\/fr\/wp-json\/wp\/v2\/superficie?post=142549"},{"taxonomy":"tipo-de-juego","embeddable":true,"href":"https:\/\/revolutionpadelstore.com\/fr\/wp-json\/wp\/v2\/tipo-de-juego?post=142549"},{"taxonomy":"product_brand","embeddable":true,"href":"https:\/\/revolutionpadelstore.com\/fr\/wp-json\/wp\/v2\/product_brand?post=142549"},{"taxonomy":"product_cat","embeddable":true,"href":"https:\/\/revolutionpadelstore.com\/fr\/wp-json\/wp\/v2\/product_cat?post=142549"},{"taxonomy":"product_tag","embeddable":true,"href":"https:\/\/revolutionpadelstore.com\/fr\/wp-json\/wp\/v2\/product_tag?post=142549"}],"curies":[{"name":"wp","href":"https:\/\/api.w.org\/{rel}","templated":true}]}}