{"id":142544,"date":"2024-11-30T10:56:23","date_gmt":"2024-11-30T09:56:23","guid":{"rendered":"https:\/\/revolutionpadelstore.com\/?post_type=product&#038;p=142544"},"modified":"2026-04-08T09:51:29","modified_gmt":"2026-04-08T07:51:29","slug":"bullpadel-indiga-ctr-25-3","status":"publish","type":"product","link":"https:\/\/revolutionpadelstore.com\/fr\/produit\/bullpadel-indiga-ctr-25-3\/","title":{"rendered":"BULLPADEL INDIGA CTR 25"},"content":{"rendered":"<h2> <strong> Bullpadel Indiga Control 2025. <\/strong> <strong> Contr\u00f4le et pr\u00e9cision maximum dans chaque coup<br \/>\nLe <strong> Bullpadel Indiga Control 2025 <\/strong> est la pelle id\u00e9ale pour les joueurs qui priorisent la pr\u00e9cision et la gestion du jeu. Con\u00e7u avec une forme ronde et un basse balance, cette pelle offre un contr\u00f4le exceptionnel pour les coups les plus techniques. Son poids l\u00e9ger, entre 360 \u200b\u200bet 370 grammes, garantit une maniabilit\u00e9 optimale et parfaite \u00e0 d\u00e9fendre et \u00e0 attaquer avec confiance.<\/p>\n<h2> <strong> Con\u00e7u pour les joueurs amateurs <\/strong> <\/h2>\n<p>Si vous commencez dans la pagaie ou jouez de temps en temps, le <strong> Control 2025 <\/strong> sera votre meilleur compagnon. Son design confortable et \u00e9quilibr\u00e9 facilite l&#8217;am\u00e9lioration de la technique et l&#8217;acquisition de pr\u00e9cision \u00e0 chaque point. Gr\u00e2ce \u00e0 <strong> Grip Zone Technology <\/strong>, vous aurez une position optimale pour pr\u00e9parer vos coups avec plus d&#8217;efficacit\u00e9 et de confort.<\/p>\n<h2> <strong> Caract\u00e9ristiques principales <\/strong> <\/h2>\n<p><P style=\"padding-left: 40px\"> <strong> -Soft Eva Rubber Numb<br \/>\n<P> <strong> -polyglass: <\/strong> offrir une flexibilit\u00e9 et une touche douce, am\u00e9liorant la prise de balle en coups lents.<\/p>\n<p> <strong> -adirectional Carbone Car: <\/strong> Construction de carbone \u00e0 100% pour un \u00e9quilibre parfait entre le contr\u00f4le et la puissance.<br \/>\n<P> <strong> -Tecnology Grip Zone: <\/strong> am\u00e9liore la position et le contr\u00f4le d&#8217;attente pendant le coup d&#8217;\u00c9tat.<\/p>\n<h2> <strong> votre alli\u00e9 pour progresser dans le tennis \u00e0 pagaie<br \/>\nAvec sa conception ronde et ses caract\u00e9ristiques de gestion exceptionnelles, cette pelle est id\u00e9ale pour les joueurs d\u00e9butants qui cherchent \u00e0 d\u00e9velopper une technique solide. Profitez d&#8217;un jeu plus confortable et pr\u00e9cis pendant que vous avancez rapidement dans le sport.<\/p>\n<h2> <strong> Achetez maintenant au meilleur prix <\/strong> <\/h2>\n<p>Le <strong> Bullpadel Indiga Control 2025 <\/strong> est disponible dans notre boutique en ligne, <a href=\"https:\/\/www.revolutionpadelstore.com\/\"> www.revolutionpadelstore.com <\/a>, probablement au mieux au mieux au mieux au mieux au mieux au mieux au mieux au mieux au mieux au mieux au mieux au mieux au mieux au mieux au mieux au mieux au mieux au mieux au mieux au mieux au mieux au mieux au mieux au mieux au mieux au mieux au mieux au mieux au mieux au mieux au mieux au mieux au mieux au mieux au mieux au mieux au mieux au mieux au mieux au mieux au mieux au mieux au mieux au mieux au mieux au mieux au mieux au mieux au mieux au mieux au mieux au mieux au mieux au mieux au meilleur au mieux au meilleur au mieux au meilleur au mieux au meilleur au mieux au meilleur au mieux au meilleur au mieux au meilleur au mieux au mieux au mieux au mieux au mieux au mieux au meilleur au mieux au meilleur au mieux au meilleur au mieux au meilleur au mieux au meilleur au mieux au meilleur au mieux au meilleur au mieux au mieux au meilleur prix du march\u00e9. N&#8217;attendez plus pour am\u00e9liorer votre jeu!<\/p>\n<h4> <\/h4>\n<h2><strong>Bullpadel Indiga Control 2025. <\/strong><\/p>\n","protected":false},"excerpt":{"rendered":"<p>Bilan rond, avec un poids de 360 \u200b\u200b\u00e0 370 grammes, Contr\u00f4le de l&#8217;indiga du mod\u00e8le de bullpadel 2025. Id\u00e9al pour les joueurs amateurs de Padel \u00e0 la recherche d&#8217;une plus grande pr\u00e9cision et contr\u00f4le. Fabriqu\u00e9 avec des avions polyglasse.<\/p>\n","protected":false},"featured_media":155046,"comment_status":"open","ping_status":"closed","template":"","meta":{"_acf_changed":false,"_joinchat":[]},"acabado":[1082],"balance":[1147],"dureza":[1152],"forma":[1182],"jugador":[1192,1202],"marca":[1257],"nivel-de-juego":[1352],"superficie":[1357],"tipo-de-juego":[1372],"product_brand":[],"product_cat":[302],"product_tag":[],"class_list":{"0":"post-142544","1":"product","2":"type-product","3":"status-publish","4":"has-post-thumbnail","6":"acabado-luminosite","7":"balance-faible","8":"dureza-blanda-fr","9":"forma-rond","10":"jugador-homme","11":"jugador-polivalente-fr","12":"marca-bullpadel-fr","13":"superficie-lise","14":"tipo-de-juego-control-fr","15":"product_cat-palas-de-padel-fr","17":"first","18":"outofstock","19":"sale","20":"taxable","21":"shipping-taxable","22":"purchasable","23":"product-type-simple"},"acf":[],"yoast_head":"<!-- This site is optimized with the Yoast SEO plugin v27.4 - https:\/\/yoast.com\/product\/yoast-seo-wordpress\/ -->\n<title>BULLPADEL INDIGA CTR 25 - Revolution Padel Store<\/title>\n<meta name=\"description\" content=\"Descubre la Bullpadel Indiga Control 2025, la pala perfecta para jugadores principiantes que buscan control y precisi\u00f3n. Compra ahora en Revolution Padel Store al mejor precio.\" \/>\n<meta name=\"robots\" content=\"index, follow, max-snippet:-1, max-image-preview:large, max-video-preview:-1\" \/>\n<link rel=\"canonical\" href=\"https:\/\/revolutionpadelstore.com\/fr\/produit\/bullpadel-indiga-ctr-25-3\/\" \/>\n<meta property=\"og:locale\" content=\"fr_FR\" \/>\n<meta property=\"og:type\" content=\"article\" \/>\n<meta property=\"og:title\" content=\"BULLPADEL INDIGA CTR 25 - Revolution Padel Store\" \/>\n<meta property=\"og:description\" content=\"Descubre la Bullpadel Indiga Control 2025, la pala perfecta para jugadores principiantes que buscan control y precisi\u00f3n. Compra ahora en Revolution Padel Store al mejor precio.\" \/>\n<meta property=\"og:url\" content=\"https:\/\/revolutionpadelstore.com\/fr\/produit\/bullpadel-indiga-ctr-25-3\/\" \/>\n<meta property=\"og:site_name\" content=\"Revolution Padel Store\" \/>\n<meta property=\"article:modified_time\" content=\"2026-04-08T07:51:29+00:00\" \/>\n<meta property=\"og:image\" content=\"https:\/\/revolutionpadelstore.com\/wp-content\/uploads\/2024\/11\/113760-pala-bullpadel-indiga-control-25-448135-1500x1500-1.webp\" \/>\n\t<meta property=\"og:image:width\" content=\"1500\" \/>\n\t<meta property=\"og:image:height\" content=\"1500\" \/>\n\t<meta property=\"og:image:type\" content=\"image\/webp\" \/>\n<meta name=\"twitter:card\" content=\"summary_large_image\" \/>\n<meta name=\"twitter:label1\" content=\"Dur\u00e9e de lecture estim\u00e9e\" \/>\n\t<meta name=\"twitter:data1\" content=\"2 minutes\" \/>\n<script type=\"application\/ld+json\" class=\"yoast-schema-graph\">{\"@context\":\"https:\\\/\\\/schema.org\",\"@graph\":[{\"@type\":\"WebPage\",\"@id\":\"https:\\\/\\\/revolutionpadelstore.com\\\/fr\\\/produit\\\/bullpadel-indiga-ctr-25-3\\\/\",\"url\":\"https:\\\/\\\/revolutionpadelstore.com\\\/fr\\\/produit\\\/bullpadel-indiga-ctr-25-3\\\/\",\"name\":\"BULLPADEL INDIGA CTR 25 - Revolution Padel Store\",\"isPartOf\":{\"@id\":\"https:\\\/\\\/revolutionpadelstore.com\\\/fr\\\/#website\"},\"primaryImageOfPage\":{\"@id\":\"https:\\\/\\\/revolutionpadelstore.com\\\/fr\\\/produit\\\/bullpadel-indiga-ctr-25-3\\\/#primaryimage\"},\"image\":{\"@id\":\"https:\\\/\\\/revolutionpadelstore.com\\\/fr\\\/produit\\\/bullpadel-indiga-ctr-25-3\\\/#primaryimage\"},\"thumbnailUrl\":\"https:\\\/\\\/revolutionpadelstore.com\\\/wp-content\\\/uploads\\\/2024\\\/11\\\/113760-pala-bullpadel-indiga-control-25-448135-1500x1500-1.webp\",\"datePublished\":\"2024-11-30T09:56:23+00:00\",\"dateModified\":\"2026-04-08T07:51:29+00:00\",\"description\":\"Descubre la Bullpadel Indiga Control 2025, la pala perfecta para jugadores principiantes que buscan control y precisi\u00f3n. Compra ahora en Revolution Padel Store al mejor precio.\",\"breadcrumb\":{\"@id\":\"https:\\\/\\\/revolutionpadelstore.com\\\/fr\\\/produit\\\/bullpadel-indiga-ctr-25-3\\\/#breadcrumb\"},\"inLanguage\":\"fr-FR\",\"potentialAction\":[{\"@type\":\"ReadAction\",\"target\":[\"https:\\\/\\\/revolutionpadelstore.com\\\/fr\\\/produit\\\/bullpadel-indiga-ctr-25-3\\\/\"]}]},{\"@type\":\"ImageObject\",\"inLanguage\":\"fr-FR\",\"@id\":\"https:\\\/\\\/revolutionpadelstore.com\\\/fr\\\/produit\\\/bullpadel-indiga-ctr-25-3\\\/#primaryimage\",\"url\":\"https:\\\/\\\/revolutionpadelstore.com\\\/wp-content\\\/uploads\\\/2024\\\/11\\\/113760-pala-bullpadel-indiga-control-25-448135-1500x1500-1.webp\",\"contentUrl\":\"https:\\\/\\\/revolutionpadelstore.com\\\/wp-content\\\/uploads\\\/2024\\\/11\\\/113760-pala-bullpadel-indiga-control-25-448135-1500x1500-1.webp\",\"width\":1500,\"height\":1500},{\"@type\":\"BreadcrumbList\",\"@id\":\"https:\\\/\\\/revolutionpadelstore.com\\\/fr\\\/produit\\\/bullpadel-indiga-ctr-25-3\\\/#breadcrumb\",\"itemListElement\":[{\"@type\":\"ListItem\",\"position\":1,\"name\":\"Portada\",\"item\":\"https:\\\/\\\/revolutionpadelstore.com\\\/fr\\\/\"},{\"@type\":\"ListItem\",\"position\":2,\"name\":\"Boutique\",\"item\":\"https:\\\/\\\/revolutionpadelstore.com\\\/fr\\\/tienda\\\/\"},{\"@type\":\"ListItem\",\"position\":3,\"name\":\"BULLPADEL INDIGA CTR 25\"}]},{\"@type\":\"WebSite\",\"@id\":\"https:\\\/\\\/revolutionpadelstore.com\\\/fr\\\/#website\",\"url\":\"https:\\\/\\\/revolutionpadelstore.com\\\/fr\\\/\",\"name\":\"Revolution Padel Store\",\"description\":\"\",\"publisher\":{\"@id\":\"https:\\\/\\\/revolutionpadelstore.com\\\/fr\\\/#organization\"},\"potentialAction\":[{\"@type\":\"SearchAction\",\"target\":{\"@type\":\"EntryPoint\",\"urlTemplate\":\"https:\\\/\\\/revolutionpadelstore.com\\\/fr\\\/?s={search_term_string}\"},\"query-input\":{\"@type\":\"PropertyValueSpecification\",\"valueRequired\":true,\"valueName\":\"search_term_string\"}}],\"inLanguage\":\"fr-FR\"},{\"@type\":\"Organization\",\"@id\":\"https:\\\/\\\/revolutionpadelstore.com\\\/fr\\\/#organization\",\"name\":\"Revolution Padel Store\",\"url\":\"https:\\\/\\\/revolutionpadelstore.com\\\/fr\\\/\",\"logo\":{\"@type\":\"ImageObject\",\"inLanguage\":\"fr-FR\",\"@id\":\"https:\\\/\\\/revolutionpadelstore.com\\\/fr\\\/#\\\/schema\\\/logo\\\/image\\\/\",\"url\":\"https:\\\/\\\/revolutionpadelstore.com\\\/wp-content\\\/uploads\\\/2026\\\/02\\\/revolution-padel-store.jpg\",\"contentUrl\":\"https:\\\/\\\/revolutionpadelstore.com\\\/wp-content\\\/uploads\\\/2026\\\/02\\\/revolution-padel-store.jpg\",\"width\":2000,\"height\":2000,\"caption\":\"Revolution Padel Store\"},\"image\":{\"@id\":\"https:\\\/\\\/revolutionpadelstore.com\\\/fr\\\/#\\\/schema\\\/logo\\\/image\\\/\"},\"sameAs\":[\"https:\\\/\\\/www.instagram.com\\\/revolutionpadelstore\\\/\"]}]}<\/script>\n<!-- \/ Yoast SEO plugin. -->","yoast_head_json":{"title":"BULLPADEL INDIGA CTR 25 - Revolution Padel Store","description":"Descubre la Bullpadel Indiga Control 2025, la pala perfecta para jugadores principiantes que buscan control y precisi\u00f3n. Compra ahora en Revolution Padel Store al mejor precio.","robots":{"index":"index","follow":"follow","max-snippet":"max-snippet:-1","max-image-preview":"max-image-preview:large","max-video-preview":"max-video-preview:-1"},"canonical":"https:\/\/revolutionpadelstore.com\/fr\/produit\/bullpadel-indiga-ctr-25-3\/","og_locale":"fr_FR","og_type":"article","og_title":"BULLPADEL INDIGA CTR 25 - Revolution Padel Store","og_description":"Descubre la Bullpadel Indiga Control 2025, la pala perfecta para jugadores principiantes que buscan control y precisi\u00f3n. Compra ahora en Revolution Padel Store al mejor precio.","og_url":"https:\/\/revolutionpadelstore.com\/fr\/produit\/bullpadel-indiga-ctr-25-3\/","og_site_name":"Revolution Padel Store","article_modified_time":"2026-04-08T07:51:29+00:00","og_image":[{"width":1500,"height":1500,"url":"https:\/\/revolutionpadelstore.com\/wp-content\/uploads\/2024\/11\/113760-pala-bullpadel-indiga-control-25-448135-1500x1500-1.webp","type":"image\/webp"}],"twitter_card":"summary_large_image","twitter_misc":{"Dur\u00e9e de lecture estim\u00e9e":"2 minutes"},"schema":{"@context":"https:\/\/schema.org","@graph":[{"@type":"WebPage","@id":"https:\/\/revolutionpadelstore.com\/fr\/produit\/bullpadel-indiga-ctr-25-3\/","url":"https:\/\/revolutionpadelstore.com\/fr\/produit\/bullpadel-indiga-ctr-25-3\/","name":"BULLPADEL INDIGA CTR 25 - Revolution Padel Store","isPartOf":{"@id":"https:\/\/revolutionpadelstore.com\/fr\/#website"},"primaryImageOfPage":{"@id":"https:\/\/revolutionpadelstore.com\/fr\/produit\/bullpadel-indiga-ctr-25-3\/#primaryimage"},"image":{"@id":"https:\/\/revolutionpadelstore.com\/fr\/produit\/bullpadel-indiga-ctr-25-3\/#primaryimage"},"thumbnailUrl":"https:\/\/revolutionpadelstore.com\/wp-content\/uploads\/2024\/11\/113760-pala-bullpadel-indiga-control-25-448135-1500x1500-1.webp","datePublished":"2024-11-30T09:56:23+00:00","dateModified":"2026-04-08T07:51:29+00:00","description":"Descubre la Bullpadel Indiga Control 2025, la pala perfecta para jugadores principiantes que buscan control y precisi\u00f3n. Compra ahora en Revolution Padel Store al mejor precio.","breadcrumb":{"@id":"https:\/\/revolutionpadelstore.com\/fr\/produit\/bullpadel-indiga-ctr-25-3\/#breadcrumb"},"inLanguage":"fr-FR","potentialAction":[{"@type":"ReadAction","target":["https:\/\/revolutionpadelstore.com\/fr\/produit\/bullpadel-indiga-ctr-25-3\/"]}]},{"@type":"ImageObject","inLanguage":"fr-FR","@id":"https:\/\/revolutionpadelstore.com\/fr\/produit\/bullpadel-indiga-ctr-25-3\/#primaryimage","url":"https:\/\/revolutionpadelstore.com\/wp-content\/uploads\/2024\/11\/113760-pala-bullpadel-indiga-control-25-448135-1500x1500-1.webp","contentUrl":"https:\/\/revolutionpadelstore.com\/wp-content\/uploads\/2024\/11\/113760-pala-bullpadel-indiga-control-25-448135-1500x1500-1.webp","width":1500,"height":1500},{"@type":"BreadcrumbList","@id":"https:\/\/revolutionpadelstore.com\/fr\/produit\/bullpadel-indiga-ctr-25-3\/#breadcrumb","itemListElement":[{"@type":"ListItem","position":1,"name":"Portada","item":"https:\/\/revolutionpadelstore.com\/fr\/"},{"@type":"ListItem","position":2,"name":"Boutique","item":"https:\/\/revolutionpadelstore.com\/fr\/tienda\/"},{"@type":"ListItem","position":3,"name":"BULLPADEL INDIGA CTR 25"}]},{"@type":"WebSite","@id":"https:\/\/revolutionpadelstore.com\/fr\/#website","url":"https:\/\/revolutionpadelstore.com\/fr\/","name":"Revolution Padel Store","description":"","publisher":{"@id":"https:\/\/revolutionpadelstore.com\/fr\/#organization"},"potentialAction":[{"@type":"SearchAction","target":{"@type":"EntryPoint","urlTemplate":"https:\/\/revolutionpadelstore.com\/fr\/?s={search_term_string}"},"query-input":{"@type":"PropertyValueSpecification","valueRequired":true,"valueName":"search_term_string"}}],"inLanguage":"fr-FR"},{"@type":"Organization","@id":"https:\/\/revolutionpadelstore.com\/fr\/#organization","name":"Revolution Padel Store","url":"https:\/\/revolutionpadelstore.com\/fr\/","logo":{"@type":"ImageObject","inLanguage":"fr-FR","@id":"https:\/\/revolutionpadelstore.com\/fr\/#\/schema\/logo\/image\/","url":"https:\/\/revolutionpadelstore.com\/wp-content\/uploads\/2026\/02\/revolution-padel-store.jpg","contentUrl":"https:\/\/revolutionpadelstore.com\/wp-content\/uploads\/2026\/02\/revolution-padel-store.jpg","width":2000,"height":2000,"caption":"Revolution Padel Store"},"image":{"@id":"https:\/\/revolutionpadelstore.com\/fr\/#\/schema\/logo\/image\/"},"sameAs":["https:\/\/www.instagram.com\/revolutionpadelstore\/"]}]}},"_links":{"self":[{"href":"https:\/\/revolutionpadelstore.com\/fr\/wp-json\/wp\/v2\/product\/142544","targetHints":{"allow":["GET"]}}],"collection":[{"href":"https:\/\/revolutionpadelstore.com\/fr\/wp-json\/wp\/v2\/product"}],"about":[{"href":"https:\/\/revolutionpadelstore.com\/fr\/wp-json\/wp\/v2\/types\/product"}],"replies":[{"embeddable":true,"href":"https:\/\/revolutionpadelstore.com\/fr\/wp-json\/wp\/v2\/comments?post=142544"}],"wp:featuredmedia":[{"embeddable":true,"href":"https:\/\/revolutionpadelstore.com\/fr\/wp-json\/wp\/v2\/media\/155046"}],"wp:attachment":[{"href":"https:\/\/revolutionpadelstore.com\/fr\/wp-json\/wp\/v2\/media?parent=142544"}],"wp:term":[{"taxonomy":"acabado","embeddable":true,"href":"https:\/\/revolutionpadelstore.com\/fr\/wp-json\/wp\/v2\/acabado?post=142544"},{"taxonomy":"balance","embeddable":true,"href":"https:\/\/revolutionpadelstore.com\/fr\/wp-json\/wp\/v2\/balance?post=142544"},{"taxonomy":"dureza","embeddable":true,"href":"https:\/\/revolutionpadelstore.com\/fr\/wp-json\/wp\/v2\/dureza?post=142544"},{"taxonomy":"forma","embeddable":true,"href":"https:\/\/revolutionpadelstore.com\/fr\/wp-json\/wp\/v2\/forma?post=142544"},{"taxonomy":"jugador","embeddable":true,"href":"https:\/\/revolutionpadelstore.com\/fr\/wp-json\/wp\/v2\/jugador?post=142544"},{"taxonomy":"marca","embeddable":true,"href":"https:\/\/revolutionpadelstore.com\/fr\/wp-json\/wp\/v2\/marca?post=142544"},{"taxonomy":"nivel-de-juego","embeddable":true,"href":"https:\/\/revolutionpadelstore.com\/fr\/wp-json\/wp\/v2\/nivel-de-juego?post=142544"},{"taxonomy":"superficie","embeddable":true,"href":"https:\/\/revolutionpadelstore.com\/fr\/wp-json\/wp\/v2\/superficie?post=142544"},{"taxonomy":"tipo-de-juego","embeddable":true,"href":"https:\/\/revolutionpadelstore.com\/fr\/wp-json\/wp\/v2\/tipo-de-juego?post=142544"},{"taxonomy":"product_brand","embeddable":true,"href":"https:\/\/revolutionpadelstore.com\/fr\/wp-json\/wp\/v2\/product_brand?post=142544"},{"taxonomy":"product_cat","embeddable":true,"href":"https:\/\/revolutionpadelstore.com\/fr\/wp-json\/wp\/v2\/product_cat?post=142544"},{"taxonomy":"product_tag","embeddable":true,"href":"https:\/\/revolutionpadelstore.com\/fr\/wp-json\/wp\/v2\/product_tag?post=142544"}],"curies":[{"name":"wp","href":"https:\/\/api.w.org\/{rel}","templated":true}]}}