{"id":142539,"date":"2024-11-30T10:56:32","date_gmt":"2024-11-30T09:56:32","guid":{"rendered":"https:\/\/revolutionpadelstore.com\/?post_type=product&#038;p=142539"},"modified":"2026-04-08T09:50:56","modified_gmt":"2026-04-08T07:50:56","slug":"bullpadel-indiga-w-25-3","status":"publish","type":"product","link":"https:\/\/revolutionpadelstore.com\/fr\/produit\/bullpadel-indiga-w-25-3\/","title":{"rendered":"BULLPADEL INDIGA W 25"},"content":{"rendered":"<h2> <strong> Bullpadel Indiga W 2025 Femme <\/strong> Contr\u00f4le pr\u00e9cis et l\u00e9g\u00e8ret\u00e9 unique <\/h2>\n<p>Le <strong> paddle pelle bullpadel indiga w 2025 <\/strong> est le choix parfait pour les joueurs \u00e0 la recherche de contr\u00f4le et de maniabilit\u00e9 dans chaque coup. Con\u00e7u avec une forme ronde et un basse balance, son poids ultra-l\u00e9ger de <strong> 350-360 grammes <\/strong> garantit une manipulation simple et confortable, id\u00e9ale pour des d\u00e9fenses pr\u00e9cises et des coups contr\u00f4l\u00e9s de la ligne de fond. Son design vide moderne avec des d\u00e9tails bleus ajoute une touche d&#8217;\u00e9l\u00e9gance \u00e0 ses excellentes performances.<\/p>\n<h2> con\u00e7u pour les joueurs amateurs et occasionnels <\/h2>\n<p>Si vous pratiquez le tennis de pagaie ou si vous commencez dans le sport, cette pelle vous permettra d&#8217;am\u00e9liorer votre technique d\u00e9fensive <\/strong> et augmentera votre pr\u00e9cision dans chaque jeu. Sa l\u00e9g\u00e8ret\u00e9 facilite le maintien de vos bras pr\u00e8s du corps en position d&#8217;attente, optimisant la r\u00e9action et l&#8217;ex\u00e9cution de vos coups.<\/p>\n<h2> <strong> Caract\u00e9ristiques techniques et technologies avanc\u00e9es <\/strong> <\/h2>\n<p> <strong> -colyglass Fiberglass Fibres <\/strong>: Ils fournissent un coup d&#8217;uniforme et doux pour plus de confort.<\/p>\n<p> <strong> -eva Nucleus en caoutchouc souple <\/strong>: retour d&#8217;une \u00e9nergie optimis\u00e9e qui am\u00e9liore le contr\u00f4le dans chaque coup.<\/p>\n<p> <strong> Cadre de fibre de carbone dans le terrain <\/strong>: assure une r\u00e9sistance et une durabilit\u00e9 sup\u00e9rieures.<\/p>\n<p> <strong> -grip Zone <\/strong>: am\u00e9liore la position d&#8217;attente et la pr\u00e9paration du coup d&#8217;\u00c9tat.<\/p>\n<h2> Avantages en suspens <\/h2>\n<p><P> <strong> -Maximhe Precision and Control <\/strong>: Con\u00e7u pour les joueurs qui hi\u00e9rarchisent la d\u00e9fense et les coups pr\u00e9cis.<\/p>\n<p> <strong> -xception de luminosit\u00e9 <\/strong>: r\u00e9duit la fatigue lors des correspondances prolong\u00e9es.<br \/>\n<P style=\"padding-left: 40px\"> <strong> -Undurabilit\u00e9 garantie <\/strong>: mat\u00e9riaux de haute qualit\u00e9 qui \u00e9tendent la dur\u00e9e de vie utile de la lame.<\/p>\n<h2> Achetez le Bullpadel Indiga W 2025 dans Revolution Padel Store <\/H2><br \/>\nD\u00e9couvrez le contr\u00f4le et le confort dont vous avez besoin pour faire passer votre jeu au niveau sup\u00e9rieur avec le <strong> Bullpadel Indiga W 2025 Woman <\/strong>. Parfait pour les joueurs \u00e0 la recherche d&#8217;une pelle g\u00e9rable et r\u00e9sistante. Passez votre commande aujourd&#8217;hui dans notre boutique en ligne <strong> <a href=\"http:\/\/www.revolutionpadelstore.com\/\"> www.revolutionpadelstore.com <\/a> <\/strong>, probablement au meilleur prix du march\u00e9.<\/p>\n<h4> <\/h4>\n","protected":false},"excerpt":{"rendered":"<p>Contr\u00f4lez chaque jeu avec pr\u00e9cision \u00e0 l&#8217;aide de l&#8217;indiga bullpadel W 2025, con\u00e7u pour les joueurs de paddle de niveau amateur. Il a une forme ronde, un basse \u00e9quilibre et un poids l\u00e9ger qui varie entre 350 et 360 grammes, offrant une maniabilit\u00e9 et un confort.<\/p>\n","protected":false},"featured_media":155020,"comment_status":"open","ping_status":"closed","template":"","meta":{"_acf_changed":false,"_joinchat":[]},"acabado":[],"balance":[1147],"dureza":[1152],"forma":[1182],"jugador":[1197],"marca":[1257],"nivel-de-juego":[1352],"superficie":[1357],"tipo-de-juego":[1372],"product_brand":[],"product_cat":[302],"product_tag":[],"class_list":{"0":"post-142539","1":"product","2":"type-product","3":"status-publish","4":"has-post-thumbnail","6":"balance-faible","7":"dureza-blanda-fr","8":"forma-rond","9":"jugador-mujer-fr","10":"marca-bullpadel-fr","11":"superficie-lise","12":"tipo-de-juego-control-fr","13":"product_cat-palas-de-padel-fr","15":"first","16":"outofstock","17":"sale","18":"taxable","19":"shipping-taxable","20":"purchasable","21":"product-type-simple"},"acf":[],"yoast_head":"<!-- This site is optimized with the Yoast SEO plugin v27.4 - https:\/\/yoast.com\/product\/yoast-seo-wordpress\/ -->\n<title>BULLPADEL INDIGA W 25 - Revolution Padel Store<\/title>\n<meta name=\"description\" content=\"Consigue la pala Bullpadel Indiga W 2025 Mujer, ligera y de control preciso, en Revolution Padel Store. Ideal para jugadoras amateur. \u00a1Haz tu pedido al mejor precio!\" \/>\n<meta name=\"robots\" content=\"index, follow, max-snippet:-1, max-image-preview:large, max-video-preview:-1\" \/>\n<link rel=\"canonical\" href=\"https:\/\/revolutionpadelstore.com\/fr\/produit\/bullpadel-indiga-w-25-3\/\" \/>\n<meta property=\"og:locale\" content=\"fr_FR\" \/>\n<meta property=\"og:type\" content=\"article\" \/>\n<meta property=\"og:title\" content=\"BULLPADEL INDIGA W 25 - Revolution Padel Store\" \/>\n<meta property=\"og:description\" content=\"Consigue la pala Bullpadel Indiga W 2025 Mujer, ligera y de control preciso, en Revolution Padel Store. Ideal para jugadoras amateur. \u00a1Haz tu pedido al mejor precio!\" \/>\n<meta property=\"og:url\" content=\"https:\/\/revolutionpadelstore.com\/fr\/produit\/bullpadel-indiga-w-25-3\/\" \/>\n<meta property=\"og:site_name\" content=\"Revolution Padel Store\" \/>\n<meta property=\"article:modified_time\" content=\"2026-04-08T07:50:56+00:00\" \/>\n<meta property=\"og:image\" content=\"https:\/\/revolutionpadelstore.com\/wp-content\/uploads\/2024\/11\/113763-pala-bullpadel-indiga-w-25-448136-mujer1500x1500-1.webp\" \/>\n\t<meta property=\"og:image:width\" content=\"1500\" \/>\n\t<meta property=\"og:image:height\" content=\"1500\" \/>\n\t<meta property=\"og:image:type\" content=\"image\/webp\" \/>\n<meta name=\"twitter:card\" content=\"summary_large_image\" \/>\n<meta name=\"twitter:label1\" content=\"Dur\u00e9e de lecture estim\u00e9e\" \/>\n\t<meta name=\"twitter:data1\" content=\"2 minutes\" \/>\n<script type=\"application\/ld+json\" class=\"yoast-schema-graph\">{\"@context\":\"https:\\\/\\\/schema.org\",\"@graph\":[{\"@type\":\"WebPage\",\"@id\":\"https:\\\/\\\/revolutionpadelstore.com\\\/fr\\\/produit\\\/bullpadel-indiga-w-25-3\\\/\",\"url\":\"https:\\\/\\\/revolutionpadelstore.com\\\/fr\\\/produit\\\/bullpadel-indiga-w-25-3\\\/\",\"name\":\"BULLPADEL INDIGA W 25 - Revolution Padel Store\",\"isPartOf\":{\"@id\":\"https:\\\/\\\/revolutionpadelstore.com\\\/fr\\\/#website\"},\"primaryImageOfPage\":{\"@id\":\"https:\\\/\\\/revolutionpadelstore.com\\\/fr\\\/produit\\\/bullpadel-indiga-w-25-3\\\/#primaryimage\"},\"image\":{\"@id\":\"https:\\\/\\\/revolutionpadelstore.com\\\/fr\\\/produit\\\/bullpadel-indiga-w-25-3\\\/#primaryimage\"},\"thumbnailUrl\":\"https:\\\/\\\/revolutionpadelstore.com\\\/wp-content\\\/uploads\\\/2024\\\/11\\\/113763-pala-bullpadel-indiga-w-25-448136-mujer1500x1500-1.webp\",\"datePublished\":\"2024-11-30T09:56:32+00:00\",\"dateModified\":\"2026-04-08T07:50:56+00:00\",\"description\":\"Consigue la pala Bullpadel Indiga W 2025 Mujer, ligera y de control preciso, en Revolution Padel Store. Ideal para jugadoras amateur. \u00a1Haz tu pedido al mejor precio!\",\"breadcrumb\":{\"@id\":\"https:\\\/\\\/revolutionpadelstore.com\\\/fr\\\/produit\\\/bullpadel-indiga-w-25-3\\\/#breadcrumb\"},\"inLanguage\":\"fr-FR\",\"potentialAction\":[{\"@type\":\"ReadAction\",\"target\":[\"https:\\\/\\\/revolutionpadelstore.com\\\/fr\\\/produit\\\/bullpadel-indiga-w-25-3\\\/\"]}]},{\"@type\":\"ImageObject\",\"inLanguage\":\"fr-FR\",\"@id\":\"https:\\\/\\\/revolutionpadelstore.com\\\/fr\\\/produit\\\/bullpadel-indiga-w-25-3\\\/#primaryimage\",\"url\":\"https:\\\/\\\/revolutionpadelstore.com\\\/wp-content\\\/uploads\\\/2024\\\/11\\\/113763-pala-bullpadel-indiga-w-25-448136-mujer1500x1500-1.webp\",\"contentUrl\":\"https:\\\/\\\/revolutionpadelstore.com\\\/wp-content\\\/uploads\\\/2024\\\/11\\\/113763-pala-bullpadel-indiga-w-25-448136-mujer1500x1500-1.webp\",\"width\":1500,\"height\":1500},{\"@type\":\"BreadcrumbList\",\"@id\":\"https:\\\/\\\/revolutionpadelstore.com\\\/fr\\\/produit\\\/bullpadel-indiga-w-25-3\\\/#breadcrumb\",\"itemListElement\":[{\"@type\":\"ListItem\",\"position\":1,\"name\":\"Portada\",\"item\":\"https:\\\/\\\/revolutionpadelstore.com\\\/fr\\\/\"},{\"@type\":\"ListItem\",\"position\":2,\"name\":\"Boutique\",\"item\":\"https:\\\/\\\/revolutionpadelstore.com\\\/fr\\\/tienda\\\/\"},{\"@type\":\"ListItem\",\"position\":3,\"name\":\"BULLPADEL INDIGA W 25\"}]},{\"@type\":\"WebSite\",\"@id\":\"https:\\\/\\\/revolutionpadelstore.com\\\/fr\\\/#website\",\"url\":\"https:\\\/\\\/revolutionpadelstore.com\\\/fr\\\/\",\"name\":\"Revolution Padel Store\",\"description\":\"\",\"publisher\":{\"@id\":\"https:\\\/\\\/revolutionpadelstore.com\\\/fr\\\/#organization\"},\"potentialAction\":[{\"@type\":\"SearchAction\",\"target\":{\"@type\":\"EntryPoint\",\"urlTemplate\":\"https:\\\/\\\/revolutionpadelstore.com\\\/fr\\\/?s={search_term_string}\"},\"query-input\":{\"@type\":\"PropertyValueSpecification\",\"valueRequired\":true,\"valueName\":\"search_term_string\"}}],\"inLanguage\":\"fr-FR\"},{\"@type\":\"Organization\",\"@id\":\"https:\\\/\\\/revolutionpadelstore.com\\\/fr\\\/#organization\",\"name\":\"Revolution Padel Store\",\"url\":\"https:\\\/\\\/revolutionpadelstore.com\\\/fr\\\/\",\"logo\":{\"@type\":\"ImageObject\",\"inLanguage\":\"fr-FR\",\"@id\":\"https:\\\/\\\/revolutionpadelstore.com\\\/fr\\\/#\\\/schema\\\/logo\\\/image\\\/\",\"url\":\"https:\\\/\\\/revolutionpadelstore.com\\\/wp-content\\\/uploads\\\/2026\\\/02\\\/revolution-padel-store.jpg\",\"contentUrl\":\"https:\\\/\\\/revolutionpadelstore.com\\\/wp-content\\\/uploads\\\/2026\\\/02\\\/revolution-padel-store.jpg\",\"width\":2000,\"height\":2000,\"caption\":\"Revolution Padel Store\"},\"image\":{\"@id\":\"https:\\\/\\\/revolutionpadelstore.com\\\/fr\\\/#\\\/schema\\\/logo\\\/image\\\/\"},\"sameAs\":[\"https:\\\/\\\/www.instagram.com\\\/revolutionpadelstore\\\/\"]}]}<\/script>\n<!-- \/ Yoast SEO plugin. -->","yoast_head_json":{"title":"BULLPADEL INDIGA W 25 - Revolution Padel Store","description":"Consigue la pala Bullpadel Indiga W 2025 Mujer, ligera y de control preciso, en Revolution Padel Store. Ideal para jugadoras amateur. \u00a1Haz tu pedido al mejor precio!","robots":{"index":"index","follow":"follow","max-snippet":"max-snippet:-1","max-image-preview":"max-image-preview:large","max-video-preview":"max-video-preview:-1"},"canonical":"https:\/\/revolutionpadelstore.com\/fr\/produit\/bullpadel-indiga-w-25-3\/","og_locale":"fr_FR","og_type":"article","og_title":"BULLPADEL INDIGA W 25 - Revolution Padel Store","og_description":"Consigue la pala Bullpadel Indiga W 2025 Mujer, ligera y de control preciso, en Revolution Padel Store. Ideal para jugadoras amateur. \u00a1Haz tu pedido al mejor precio!","og_url":"https:\/\/revolutionpadelstore.com\/fr\/produit\/bullpadel-indiga-w-25-3\/","og_site_name":"Revolution Padel Store","article_modified_time":"2026-04-08T07:50:56+00:00","og_image":[{"width":1500,"height":1500,"url":"https:\/\/revolutionpadelstore.com\/wp-content\/uploads\/2024\/11\/113763-pala-bullpadel-indiga-w-25-448136-mujer1500x1500-1.webp","type":"image\/webp"}],"twitter_card":"summary_large_image","twitter_misc":{"Dur\u00e9e de lecture estim\u00e9e":"2 minutes"},"schema":{"@context":"https:\/\/schema.org","@graph":[{"@type":"WebPage","@id":"https:\/\/revolutionpadelstore.com\/fr\/produit\/bullpadel-indiga-w-25-3\/","url":"https:\/\/revolutionpadelstore.com\/fr\/produit\/bullpadel-indiga-w-25-3\/","name":"BULLPADEL INDIGA W 25 - Revolution Padel Store","isPartOf":{"@id":"https:\/\/revolutionpadelstore.com\/fr\/#website"},"primaryImageOfPage":{"@id":"https:\/\/revolutionpadelstore.com\/fr\/produit\/bullpadel-indiga-w-25-3\/#primaryimage"},"image":{"@id":"https:\/\/revolutionpadelstore.com\/fr\/produit\/bullpadel-indiga-w-25-3\/#primaryimage"},"thumbnailUrl":"https:\/\/revolutionpadelstore.com\/wp-content\/uploads\/2024\/11\/113763-pala-bullpadel-indiga-w-25-448136-mujer1500x1500-1.webp","datePublished":"2024-11-30T09:56:32+00:00","dateModified":"2026-04-08T07:50:56+00:00","description":"Consigue la pala Bullpadel Indiga W 2025 Mujer, ligera y de control preciso, en Revolution Padel Store. Ideal para jugadoras amateur. \u00a1Haz tu pedido al mejor precio!","breadcrumb":{"@id":"https:\/\/revolutionpadelstore.com\/fr\/produit\/bullpadel-indiga-w-25-3\/#breadcrumb"},"inLanguage":"fr-FR","potentialAction":[{"@type":"ReadAction","target":["https:\/\/revolutionpadelstore.com\/fr\/produit\/bullpadel-indiga-w-25-3\/"]}]},{"@type":"ImageObject","inLanguage":"fr-FR","@id":"https:\/\/revolutionpadelstore.com\/fr\/produit\/bullpadel-indiga-w-25-3\/#primaryimage","url":"https:\/\/revolutionpadelstore.com\/wp-content\/uploads\/2024\/11\/113763-pala-bullpadel-indiga-w-25-448136-mujer1500x1500-1.webp","contentUrl":"https:\/\/revolutionpadelstore.com\/wp-content\/uploads\/2024\/11\/113763-pala-bullpadel-indiga-w-25-448136-mujer1500x1500-1.webp","width":1500,"height":1500},{"@type":"BreadcrumbList","@id":"https:\/\/revolutionpadelstore.com\/fr\/produit\/bullpadel-indiga-w-25-3\/#breadcrumb","itemListElement":[{"@type":"ListItem","position":1,"name":"Portada","item":"https:\/\/revolutionpadelstore.com\/fr\/"},{"@type":"ListItem","position":2,"name":"Boutique","item":"https:\/\/revolutionpadelstore.com\/fr\/tienda\/"},{"@type":"ListItem","position":3,"name":"BULLPADEL INDIGA W 25"}]},{"@type":"WebSite","@id":"https:\/\/revolutionpadelstore.com\/fr\/#website","url":"https:\/\/revolutionpadelstore.com\/fr\/","name":"Revolution Padel Store","description":"","publisher":{"@id":"https:\/\/revolutionpadelstore.com\/fr\/#organization"},"potentialAction":[{"@type":"SearchAction","target":{"@type":"EntryPoint","urlTemplate":"https:\/\/revolutionpadelstore.com\/fr\/?s={search_term_string}"},"query-input":{"@type":"PropertyValueSpecification","valueRequired":true,"valueName":"search_term_string"}}],"inLanguage":"fr-FR"},{"@type":"Organization","@id":"https:\/\/revolutionpadelstore.com\/fr\/#organization","name":"Revolution Padel Store","url":"https:\/\/revolutionpadelstore.com\/fr\/","logo":{"@type":"ImageObject","inLanguage":"fr-FR","@id":"https:\/\/revolutionpadelstore.com\/fr\/#\/schema\/logo\/image\/","url":"https:\/\/revolutionpadelstore.com\/wp-content\/uploads\/2026\/02\/revolution-padel-store.jpg","contentUrl":"https:\/\/revolutionpadelstore.com\/wp-content\/uploads\/2026\/02\/revolution-padel-store.jpg","width":2000,"height":2000,"caption":"Revolution Padel Store"},"image":{"@id":"https:\/\/revolutionpadelstore.com\/fr\/#\/schema\/logo\/image\/"},"sameAs":["https:\/\/www.instagram.com\/revolutionpadelstore\/"]}]}},"_links":{"self":[{"href":"https:\/\/revolutionpadelstore.com\/fr\/wp-json\/wp\/v2\/product\/142539","targetHints":{"allow":["GET"]}}],"collection":[{"href":"https:\/\/revolutionpadelstore.com\/fr\/wp-json\/wp\/v2\/product"}],"about":[{"href":"https:\/\/revolutionpadelstore.com\/fr\/wp-json\/wp\/v2\/types\/product"}],"replies":[{"embeddable":true,"href":"https:\/\/revolutionpadelstore.com\/fr\/wp-json\/wp\/v2\/comments?post=142539"}],"wp:featuredmedia":[{"embeddable":true,"href":"https:\/\/revolutionpadelstore.com\/fr\/wp-json\/wp\/v2\/media\/155020"}],"wp:attachment":[{"href":"https:\/\/revolutionpadelstore.com\/fr\/wp-json\/wp\/v2\/media?parent=142539"}],"wp:term":[{"taxonomy":"acabado","embeddable":true,"href":"https:\/\/revolutionpadelstore.com\/fr\/wp-json\/wp\/v2\/acabado?post=142539"},{"taxonomy":"balance","embeddable":true,"href":"https:\/\/revolutionpadelstore.com\/fr\/wp-json\/wp\/v2\/balance?post=142539"},{"taxonomy":"dureza","embeddable":true,"href":"https:\/\/revolutionpadelstore.com\/fr\/wp-json\/wp\/v2\/dureza?post=142539"},{"taxonomy":"forma","embeddable":true,"href":"https:\/\/revolutionpadelstore.com\/fr\/wp-json\/wp\/v2\/forma?post=142539"},{"taxonomy":"jugador","embeddable":true,"href":"https:\/\/revolutionpadelstore.com\/fr\/wp-json\/wp\/v2\/jugador?post=142539"},{"taxonomy":"marca","embeddable":true,"href":"https:\/\/revolutionpadelstore.com\/fr\/wp-json\/wp\/v2\/marca?post=142539"},{"taxonomy":"nivel-de-juego","embeddable":true,"href":"https:\/\/revolutionpadelstore.com\/fr\/wp-json\/wp\/v2\/nivel-de-juego?post=142539"},{"taxonomy":"superficie","embeddable":true,"href":"https:\/\/revolutionpadelstore.com\/fr\/wp-json\/wp\/v2\/superficie?post=142539"},{"taxonomy":"tipo-de-juego","embeddable":true,"href":"https:\/\/revolutionpadelstore.com\/fr\/wp-json\/wp\/v2\/tipo-de-juego?post=142539"},{"taxonomy":"product_brand","embeddable":true,"href":"https:\/\/revolutionpadelstore.com\/fr\/wp-json\/wp\/v2\/product_brand?post=142539"},{"taxonomy":"product_cat","embeddable":true,"href":"https:\/\/revolutionpadelstore.com\/fr\/wp-json\/wp\/v2\/product_cat?post=142539"},{"taxonomy":"product_tag","embeddable":true,"href":"https:\/\/revolutionpadelstore.com\/fr\/wp-json\/wp\/v2\/product_tag?post=142539"}],"curies":[{"name":"wp","href":"https:\/\/api.w.org\/{rel}","templated":true}]}}