{"id":142534,"date":"2024-11-30T10:56:41","date_gmt":"2024-11-30T09:56:41","guid":{"rendered":"https:\/\/revolutionpadelstore.com\/?post_type=product&#038;p=142534"},"modified":"2026-04-08T09:50:29","modified_gmt":"2026-04-08T07:50:29","slug":"bullpadel-ionic-control-25-3","status":"publish","type":"product","link":"https:\/\/revolutionpadelstore.com\/fr\/produit\/bullpadel-ionic-control-25-3\/","title":{"rendered":"BULLPADEL IONIC CONTROL 25"},"content":{"rendered":"<p>&lt;En<br \/>\nLe Contr\u00f4le ionique <strong> Bullpadel 2025 <\/strong> est la pelle parfaite pour les joueurs \u00e0 la recherche d&#8217;un contr\u00f4le et d&#8217;une pr\u00e9cision maximum dans leurs coups. Son <strong> Round-Shape Design <\/strong> et <strong> \u00e9quilibrent bas <\/strong> garantit une gestion exceptionnelle, id\u00e9ale pour ceux qui priorisent la technique de votre jeu.<\/p>\n<p>Fabriqu\u00e9 avec des mat\u00e9riaux de haute qualit\u00e9 et \u00e9quip\u00e9s des technologies les plus avanc\u00e9es, cette pelle est positionn\u00e9e comme l&#8217;une des meilleures options pour les joueurs moyens ou avanc\u00e9s. Son poids de <strong> 365-375 grammes <\/strong> combine la stabilit\u00e9 et le confort, rendant chaque coup plus strat\u00e9gique et efficace.<\/p>\n<h2> <strong> Caract\u00e9ristiques cl\u00e9s du contr\u00f4le ionique 2025 <\/strong> <\/h2>\n<p><strong> -forma: <\/strong> rond, id\u00e9al pour maximiser le point doux.<\/p>\n<p><strong> -Peso: <\/strong> 365-375 grammes.<\/p>\n<p><strong> -Perfil: <\/strong> 38 mm.<\/p>\n<p><strong> -BALANCE: <\/strong> bas, pour un contr\u00f4le sup\u00e9rieur.<\/p>\n<p><strong> -Planes: <\/strong> fabriqu\u00e9 dans <strong> glaphite <\/strong>, un m\u00e9lange de fibre de verre et de carbone qui fournit l&#8217;\u00e9lasticit\u00e9 et la durabilit\u00e9.<\/p>\n<p><strong> Nucle interne: <\/strong> Technologie <strong> Multiva <\/strong> de double densit\u00e9, ce qui optimise la puissance et le contr\u00f4le en fonction de l&#8217;intensit\u00e9 du coup.<\/p>\n<p><strong> -Marco: <\/strong> Construction en <strong> carbontube <\/strong>, 100% carbone pour une rigidit\u00e9 et une r\u00e9sistance maximales.<\/p>\n<h2> <strong> technologies innovantes <\/strong> <\/h2>\n<p><strong> -xforce <\/strong>: renforcement structurel qui am\u00e9liore la stabilit\u00e9 pendant le jeu.<\/p>\n<p><strong> -3d grain <\/strong>: surface rugueuse qui am\u00e9liore les effets sur chaque coup.<\/p>\n<p><strong> -Multieva <\/strong>: Noyau \u00e0 double densit\u00e9 qui ajuste la r\u00e9ponse en fonction de la force d&#8217;impact.<\/p>\n<h2> <strong> con\u00e7u pour un jeu technique et strat\u00e9gique <\/strong> <\/h2>\n<p>Le Contr\u00f4le <strong> ionique 2025 <\/strong> est con\u00e7u pour exiger les joueurs qui cherchent \u00e0 dominer la piste. Gr\u00e2ce \u00e0 son <strong> large point sucr\u00e9 <\/strong> et \u00e0 l&#8217;\u00e9tat -Le mat\u00e9riaux -art, cette pelle est id\u00e9ale pour un style de jeu d\u00e9fensif ou pour placer des coups pr\u00e9cis n&#8217;importe o\u00f9 sur le terrain.<br \/>\n&lt;Il<br \/>\n-Perfect pour les joueurs moyens et avanc\u00e9s.<\/p>\n<p>-Premium Mat\u00e9riaux qui garantissent la durabilit\u00e9 et les performances \u00e9lev\u00e9es.<\/p>\n<p>-Teologies con\u00e7ues pour am\u00e9liorer votre pr\u00e9cision et votre contr\u00f4le.<\/p>\n<p>-Ce \u00e9l\u00e9gant et professionnel qui vous fera vous d\u00e9marquer sur la piste.<\/p>\n<h2> <strong> maintenant disponible au Revolution Padel Store <\/strong> <\/h2>\n<p>Faites passer votre contr\u00f4le au niveau sup\u00e9rieur avec le <strong> Contr\u00f4le ionique de Bullpadel 2025 <\/strong>. Obtenez cette pelle dans notre boutique en ligne <strong> <A href=\"https:\/\/chatgpt.com\/g\/g-675432e026888191b6ee6d6f2fdbb15e-optimisation-textos\/c\/www.revolutionpadelstore.com\"> www.revolutionpadelstore.com <\/a> <\/strong> . Ne restez pas sans le v\u00f4tre!<\/p>\n<h3> <\/h3>\n<h2>Domina el juego con la <strong>Bullpadel Ionic Control 2025<\/strong><\/p>\n","protected":false},"excerpt":{"rendered":"<p>Le Control Ionic 2025 de Bullpadel est une pelle de conception ronde avec un \u00e9quilibre faible, parfait pour les joueurs de niveau avanc\u00e9 qui hi\u00e9rarchisent la pr\u00e9cision, le contr\u00f4le et l&#8217;utilisation de technologies modernes dans leurs coups.<\/p>\n","protected":false},"featured_media":154934,"comment_status":"open","ping_status":"closed","template":"","meta":{"_acf_changed":false,"_joinchat":[]},"acabado":[1092],"balance":[1147],"dureza":[1157],"forma":[1182],"jugador":[1192,1202],"marca":[1257],"nivel-de-juego":[1337],"superficie":[1362],"tipo-de-juego":[1372],"product_brand":[],"product_cat":[302],"product_tag":[],"class_list":{"0":"post-142534","1":"product","2":"type-product","3":"status-publish","4":"has-post-thumbnail","6":"acabado-soulager-la-3d","7":"balance-faible","8":"dureza-media-fr","9":"forma-rond","10":"jugador-homme","11":"jugador-polivalente-fr","12":"marca-bullpadel-fr","13":"superficie-rugosa-fr","14":"tipo-de-juego-control-fr","15":"product_cat-palas-de-padel-fr","17":"first","18":"instock","19":"sale","20":"taxable","21":"shipping-taxable","22":"purchasable","23":"product-type-simple"},"acf":[],"yoast_head":"<!-- This site is optimized with the Yoast SEO plugin v27.4 - https:\/\/yoast.com\/product\/yoast-seo-wordpress\/ -->\n<title>BULLPADEL IONIC CONTROL 25 - Revolution Padel Store<\/title>\n<meta name=\"description\" content=\"Descubre la Bullpadel Ionic Control 2025, una pala de p\u00e1del con dise\u00f1o redondo, balance bajo y tecnolog\u00edas avanzadas como XForce y Multieva. Ideal para jugadores t\u00e9cnicos y avanzados. \u00a1Compra en Revolution Padel Store al mejor precio!\" \/>\n<meta name=\"robots\" content=\"index, follow, max-snippet:-1, max-image-preview:large, max-video-preview:-1\" \/>\n<link rel=\"canonical\" href=\"https:\/\/revolutionpadelstore.com\/fr\/produit\/bullpadel-ionic-control-25-3\/\" \/>\n<meta property=\"og:locale\" content=\"fr_FR\" \/>\n<meta property=\"og:type\" content=\"article\" \/>\n<meta property=\"og:title\" content=\"BULLPADEL IONIC CONTROL 25 - Revolution Padel Store\" \/>\n<meta property=\"og:description\" content=\"Descubre la Bullpadel Ionic Control 2025, una pala de p\u00e1del con dise\u00f1o redondo, balance bajo y tecnolog\u00edas avanzadas como XForce y Multieva. Ideal para jugadores t\u00e9cnicos y avanzados. \u00a1Compra en Revolution Padel Store al mejor precio!\" \/>\n<meta property=\"og:url\" content=\"https:\/\/revolutionpadelstore.com\/fr\/produit\/bullpadel-ionic-control-25-3\/\" \/>\n<meta property=\"og:site_name\" content=\"Revolution Padel Store\" \/>\n<meta property=\"article:modified_time\" content=\"2026-04-08T07:50:29+00:00\" \/>\n<meta property=\"og:image\" content=\"https:\/\/revolutionpadelstore.com\/wp-content\/uploads\/2024\/11\/113764-pala-bullpadel-ionic-control-25-448129-1500x1500-1.webp\" \/>\n\t<meta property=\"og:image:width\" content=\"1500\" \/>\n\t<meta property=\"og:image:height\" content=\"1500\" \/>\n\t<meta property=\"og:image:type\" content=\"image\/webp\" \/>\n<meta name=\"twitter:card\" content=\"summary_large_image\" \/>\n<meta name=\"twitter:label1\" content=\"Dur\u00e9e de lecture estim\u00e9e\" \/>\n\t<meta name=\"twitter:data1\" content=\"2 minutes\" \/>\n<script type=\"application\/ld+json\" class=\"yoast-schema-graph\">{\"@context\":\"https:\\\/\\\/schema.org\",\"@graph\":[{\"@type\":\"WebPage\",\"@id\":\"https:\\\/\\\/revolutionpadelstore.com\\\/fr\\\/produit\\\/bullpadel-ionic-control-25-3\\\/\",\"url\":\"https:\\\/\\\/revolutionpadelstore.com\\\/fr\\\/produit\\\/bullpadel-ionic-control-25-3\\\/\",\"name\":\"BULLPADEL IONIC CONTROL 25 - Revolution Padel Store\",\"isPartOf\":{\"@id\":\"https:\\\/\\\/revolutionpadelstore.com\\\/fr\\\/#website\"},\"primaryImageOfPage\":{\"@id\":\"https:\\\/\\\/revolutionpadelstore.com\\\/fr\\\/produit\\\/bullpadel-ionic-control-25-3\\\/#primaryimage\"},\"image\":{\"@id\":\"https:\\\/\\\/revolutionpadelstore.com\\\/fr\\\/produit\\\/bullpadel-ionic-control-25-3\\\/#primaryimage\"},\"thumbnailUrl\":\"https:\\\/\\\/revolutionpadelstore.com\\\/wp-content\\\/uploads\\\/2024\\\/11\\\/113764-pala-bullpadel-ionic-control-25-448129-1500x1500-1.webp\",\"datePublished\":\"2024-11-30T09:56:41+00:00\",\"dateModified\":\"2026-04-08T07:50:29+00:00\",\"description\":\"Descubre la Bullpadel Ionic Control 2025, una pala de p\u00e1del con dise\u00f1o redondo, balance bajo y tecnolog\u00edas avanzadas como XForce y Multieva. Ideal para jugadores t\u00e9cnicos y avanzados. \u00a1Compra en Revolution Padel Store al mejor precio!\",\"breadcrumb\":{\"@id\":\"https:\\\/\\\/revolutionpadelstore.com\\\/fr\\\/produit\\\/bullpadel-ionic-control-25-3\\\/#breadcrumb\"},\"inLanguage\":\"fr-FR\",\"potentialAction\":[{\"@type\":\"ReadAction\",\"target\":[\"https:\\\/\\\/revolutionpadelstore.com\\\/fr\\\/produit\\\/bullpadel-ionic-control-25-3\\\/\"]}]},{\"@type\":\"ImageObject\",\"inLanguage\":\"fr-FR\",\"@id\":\"https:\\\/\\\/revolutionpadelstore.com\\\/fr\\\/produit\\\/bullpadel-ionic-control-25-3\\\/#primaryimage\",\"url\":\"https:\\\/\\\/revolutionpadelstore.com\\\/wp-content\\\/uploads\\\/2024\\\/11\\\/113764-pala-bullpadel-ionic-control-25-448129-1500x1500-1.webp\",\"contentUrl\":\"https:\\\/\\\/revolutionpadelstore.com\\\/wp-content\\\/uploads\\\/2024\\\/11\\\/113764-pala-bullpadel-ionic-control-25-448129-1500x1500-1.webp\",\"width\":1500,\"height\":1500},{\"@type\":\"BreadcrumbList\",\"@id\":\"https:\\\/\\\/revolutionpadelstore.com\\\/fr\\\/produit\\\/bullpadel-ionic-control-25-3\\\/#breadcrumb\",\"itemListElement\":[{\"@type\":\"ListItem\",\"position\":1,\"name\":\"Portada\",\"item\":\"https:\\\/\\\/revolutionpadelstore.com\\\/fr\\\/\"},{\"@type\":\"ListItem\",\"position\":2,\"name\":\"Boutique\",\"item\":\"https:\\\/\\\/revolutionpadelstore.com\\\/fr\\\/tienda\\\/\"},{\"@type\":\"ListItem\",\"position\":3,\"name\":\"BULLPADEL IONIC CONTROL 25\"}]},{\"@type\":\"WebSite\",\"@id\":\"https:\\\/\\\/revolutionpadelstore.com\\\/fr\\\/#website\",\"url\":\"https:\\\/\\\/revolutionpadelstore.com\\\/fr\\\/\",\"name\":\"Revolution Padel Store\",\"description\":\"\",\"publisher\":{\"@id\":\"https:\\\/\\\/revolutionpadelstore.com\\\/fr\\\/#organization\"},\"potentialAction\":[{\"@type\":\"SearchAction\",\"target\":{\"@type\":\"EntryPoint\",\"urlTemplate\":\"https:\\\/\\\/revolutionpadelstore.com\\\/fr\\\/?s={search_term_string}\"},\"query-input\":{\"@type\":\"PropertyValueSpecification\",\"valueRequired\":true,\"valueName\":\"search_term_string\"}}],\"inLanguage\":\"fr-FR\"},{\"@type\":\"Organization\",\"@id\":\"https:\\\/\\\/revolutionpadelstore.com\\\/fr\\\/#organization\",\"name\":\"Revolution Padel Store\",\"url\":\"https:\\\/\\\/revolutionpadelstore.com\\\/fr\\\/\",\"logo\":{\"@type\":\"ImageObject\",\"inLanguage\":\"fr-FR\",\"@id\":\"https:\\\/\\\/revolutionpadelstore.com\\\/fr\\\/#\\\/schema\\\/logo\\\/image\\\/\",\"url\":\"https:\\\/\\\/revolutionpadelstore.com\\\/wp-content\\\/uploads\\\/2026\\\/02\\\/revolution-padel-store.jpg\",\"contentUrl\":\"https:\\\/\\\/revolutionpadelstore.com\\\/wp-content\\\/uploads\\\/2026\\\/02\\\/revolution-padel-store.jpg\",\"width\":2000,\"height\":2000,\"caption\":\"Revolution Padel Store\"},\"image\":{\"@id\":\"https:\\\/\\\/revolutionpadelstore.com\\\/fr\\\/#\\\/schema\\\/logo\\\/image\\\/\"},\"sameAs\":[\"https:\\\/\\\/www.instagram.com\\\/revolutionpadelstore\\\/\"]}]}<\/script>\n<!-- \/ Yoast SEO plugin. -->","yoast_head_json":{"title":"BULLPADEL IONIC CONTROL 25 - Revolution Padel Store","description":"Descubre la Bullpadel Ionic Control 2025, una pala de p\u00e1del con dise\u00f1o redondo, balance bajo y tecnolog\u00edas avanzadas como XForce y Multieva. Ideal para jugadores t\u00e9cnicos y avanzados. \u00a1Compra en Revolution Padel Store al mejor precio!","robots":{"index":"index","follow":"follow","max-snippet":"max-snippet:-1","max-image-preview":"max-image-preview:large","max-video-preview":"max-video-preview:-1"},"canonical":"https:\/\/revolutionpadelstore.com\/fr\/produit\/bullpadel-ionic-control-25-3\/","og_locale":"fr_FR","og_type":"article","og_title":"BULLPADEL IONIC CONTROL 25 - Revolution Padel Store","og_description":"Descubre la Bullpadel Ionic Control 2025, una pala de p\u00e1del con dise\u00f1o redondo, balance bajo y tecnolog\u00edas avanzadas como XForce y Multieva. Ideal para jugadores t\u00e9cnicos y avanzados. \u00a1Compra en Revolution Padel Store al mejor precio!","og_url":"https:\/\/revolutionpadelstore.com\/fr\/produit\/bullpadel-ionic-control-25-3\/","og_site_name":"Revolution Padel Store","article_modified_time":"2026-04-08T07:50:29+00:00","og_image":[{"width":1500,"height":1500,"url":"https:\/\/revolutionpadelstore.com\/wp-content\/uploads\/2024\/11\/113764-pala-bullpadel-ionic-control-25-448129-1500x1500-1.webp","type":"image\/webp"}],"twitter_card":"summary_large_image","twitter_misc":{"Dur\u00e9e de lecture estim\u00e9e":"2 minutes"},"schema":{"@context":"https:\/\/schema.org","@graph":[{"@type":"WebPage","@id":"https:\/\/revolutionpadelstore.com\/fr\/produit\/bullpadel-ionic-control-25-3\/","url":"https:\/\/revolutionpadelstore.com\/fr\/produit\/bullpadel-ionic-control-25-3\/","name":"BULLPADEL IONIC CONTROL 25 - Revolution Padel Store","isPartOf":{"@id":"https:\/\/revolutionpadelstore.com\/fr\/#website"},"primaryImageOfPage":{"@id":"https:\/\/revolutionpadelstore.com\/fr\/produit\/bullpadel-ionic-control-25-3\/#primaryimage"},"image":{"@id":"https:\/\/revolutionpadelstore.com\/fr\/produit\/bullpadel-ionic-control-25-3\/#primaryimage"},"thumbnailUrl":"https:\/\/revolutionpadelstore.com\/wp-content\/uploads\/2024\/11\/113764-pala-bullpadel-ionic-control-25-448129-1500x1500-1.webp","datePublished":"2024-11-30T09:56:41+00:00","dateModified":"2026-04-08T07:50:29+00:00","description":"Descubre la Bullpadel Ionic Control 2025, una pala de p\u00e1del con dise\u00f1o redondo, balance bajo y tecnolog\u00edas avanzadas como XForce y Multieva. Ideal para jugadores t\u00e9cnicos y avanzados. \u00a1Compra en Revolution Padel Store al mejor precio!","breadcrumb":{"@id":"https:\/\/revolutionpadelstore.com\/fr\/produit\/bullpadel-ionic-control-25-3\/#breadcrumb"},"inLanguage":"fr-FR","potentialAction":[{"@type":"ReadAction","target":["https:\/\/revolutionpadelstore.com\/fr\/produit\/bullpadel-ionic-control-25-3\/"]}]},{"@type":"ImageObject","inLanguage":"fr-FR","@id":"https:\/\/revolutionpadelstore.com\/fr\/produit\/bullpadel-ionic-control-25-3\/#primaryimage","url":"https:\/\/revolutionpadelstore.com\/wp-content\/uploads\/2024\/11\/113764-pala-bullpadel-ionic-control-25-448129-1500x1500-1.webp","contentUrl":"https:\/\/revolutionpadelstore.com\/wp-content\/uploads\/2024\/11\/113764-pala-bullpadel-ionic-control-25-448129-1500x1500-1.webp","width":1500,"height":1500},{"@type":"BreadcrumbList","@id":"https:\/\/revolutionpadelstore.com\/fr\/produit\/bullpadel-ionic-control-25-3\/#breadcrumb","itemListElement":[{"@type":"ListItem","position":1,"name":"Portada","item":"https:\/\/revolutionpadelstore.com\/fr\/"},{"@type":"ListItem","position":2,"name":"Boutique","item":"https:\/\/revolutionpadelstore.com\/fr\/tienda\/"},{"@type":"ListItem","position":3,"name":"BULLPADEL IONIC CONTROL 25"}]},{"@type":"WebSite","@id":"https:\/\/revolutionpadelstore.com\/fr\/#website","url":"https:\/\/revolutionpadelstore.com\/fr\/","name":"Revolution Padel Store","description":"","publisher":{"@id":"https:\/\/revolutionpadelstore.com\/fr\/#organization"},"potentialAction":[{"@type":"SearchAction","target":{"@type":"EntryPoint","urlTemplate":"https:\/\/revolutionpadelstore.com\/fr\/?s={search_term_string}"},"query-input":{"@type":"PropertyValueSpecification","valueRequired":true,"valueName":"search_term_string"}}],"inLanguage":"fr-FR"},{"@type":"Organization","@id":"https:\/\/revolutionpadelstore.com\/fr\/#organization","name":"Revolution Padel Store","url":"https:\/\/revolutionpadelstore.com\/fr\/","logo":{"@type":"ImageObject","inLanguage":"fr-FR","@id":"https:\/\/revolutionpadelstore.com\/fr\/#\/schema\/logo\/image\/","url":"https:\/\/revolutionpadelstore.com\/wp-content\/uploads\/2026\/02\/revolution-padel-store.jpg","contentUrl":"https:\/\/revolutionpadelstore.com\/wp-content\/uploads\/2026\/02\/revolution-padel-store.jpg","width":2000,"height":2000,"caption":"Revolution Padel Store"},"image":{"@id":"https:\/\/revolutionpadelstore.com\/fr\/#\/schema\/logo\/image\/"},"sameAs":["https:\/\/www.instagram.com\/revolutionpadelstore\/"]}]}},"_links":{"self":[{"href":"https:\/\/revolutionpadelstore.com\/fr\/wp-json\/wp\/v2\/product\/142534","targetHints":{"allow":["GET"]}}],"collection":[{"href":"https:\/\/revolutionpadelstore.com\/fr\/wp-json\/wp\/v2\/product"}],"about":[{"href":"https:\/\/revolutionpadelstore.com\/fr\/wp-json\/wp\/v2\/types\/product"}],"replies":[{"embeddable":true,"href":"https:\/\/revolutionpadelstore.com\/fr\/wp-json\/wp\/v2\/comments?post=142534"}],"wp:featuredmedia":[{"embeddable":true,"href":"https:\/\/revolutionpadelstore.com\/fr\/wp-json\/wp\/v2\/media\/154934"}],"wp:attachment":[{"href":"https:\/\/revolutionpadelstore.com\/fr\/wp-json\/wp\/v2\/media?parent=142534"}],"wp:term":[{"taxonomy":"acabado","embeddable":true,"href":"https:\/\/revolutionpadelstore.com\/fr\/wp-json\/wp\/v2\/acabado?post=142534"},{"taxonomy":"balance","embeddable":true,"href":"https:\/\/revolutionpadelstore.com\/fr\/wp-json\/wp\/v2\/balance?post=142534"},{"taxonomy":"dureza","embeddable":true,"href":"https:\/\/revolutionpadelstore.com\/fr\/wp-json\/wp\/v2\/dureza?post=142534"},{"taxonomy":"forma","embeddable":true,"href":"https:\/\/revolutionpadelstore.com\/fr\/wp-json\/wp\/v2\/forma?post=142534"},{"taxonomy":"jugador","embeddable":true,"href":"https:\/\/revolutionpadelstore.com\/fr\/wp-json\/wp\/v2\/jugador?post=142534"},{"taxonomy":"marca","embeddable":true,"href":"https:\/\/revolutionpadelstore.com\/fr\/wp-json\/wp\/v2\/marca?post=142534"},{"taxonomy":"nivel-de-juego","embeddable":true,"href":"https:\/\/revolutionpadelstore.com\/fr\/wp-json\/wp\/v2\/nivel-de-juego?post=142534"},{"taxonomy":"superficie","embeddable":true,"href":"https:\/\/revolutionpadelstore.com\/fr\/wp-json\/wp\/v2\/superficie?post=142534"},{"taxonomy":"tipo-de-juego","embeddable":true,"href":"https:\/\/revolutionpadelstore.com\/fr\/wp-json\/wp\/v2\/tipo-de-juego?post=142534"},{"taxonomy":"product_brand","embeddable":true,"href":"https:\/\/revolutionpadelstore.com\/fr\/wp-json\/wp\/v2\/product_brand?post=142534"},{"taxonomy":"product_cat","embeddable":true,"href":"https:\/\/revolutionpadelstore.com\/fr\/wp-json\/wp\/v2\/product_cat?post=142534"},{"taxonomy":"product_tag","embeddable":true,"href":"https:\/\/revolutionpadelstore.com\/fr\/wp-json\/wp\/v2\/product_tag?post=142534"}],"curies":[{"name":"wp","href":"https:\/\/api.w.org\/{rel}","templated":true}]}}