{"id":142529,"date":"2024-12-03T21:03:06","date_gmt":"2024-12-03T20:03:06","guid":{"rendered":"https:\/\/revolutionpadelstore.com\/adidas-metalbone-3-4-ale-galan\/"},"modified":"2026-04-19T02:00:23","modified_gmt":"2026-04-19T00:00:23","slug":"adidas-metalbone-3-4-ale-galan","status":"publish","type":"product","link":"https:\/\/revolutionpadelstore.com\/fr\/produit\/adidas-metalbone-3-4-ale-galan\/","title":{"rendered":"ADIDAS METALBONE 3.4 ALE GALAN"},"content":{"rendered":"<h2> Adias Metalbone 3.4 2025, officier de la Gal\u00e1n Ale <\/h2>\n<p>La <strong> adidas Metalbone 3.4 <\/strong> de la collection 2025 est une pelle en forme de diamant en forme de diamant, con\u00e7ue pour maximiser les performances des coups offensifs gr\u00e2ce \u00e0 sa puissance impressionnante. D\u00e9velopp\u00e9 en collaboration avec le joueur <strong> Ale Gal\u00e1n <\/strong>, cette pelle combine des mat\u00e9riaux de haute qualit\u00e9 et des technologies avanc\u00e9es pour offrir une exp\u00e9rience de jeu exceptionnelle.<\/p>\n<h2> Pala Metalbone 3.4 pour les joueurs avanc\u00e9s <\/h2>\n<p>Cette pelle est sp\u00e9cialement con\u00e7ue pour les joueurs de paddle avanc\u00e9s ou professionnels, offrant une puissance, une durabilit\u00e9 et une agressivit\u00e9 incroyables dans les jeux offensifs. Son \u00e9quilibre \u00e9lev\u00e9 et sa forme de diamant vous permettent de g\u00e9n\u00e9rer une grande inertie, ce qui fait les coups les plus efficaces et les plus mortels du r\u00e9seau.<\/p>\n<h2> Metalbone 3.4<br \/>\n<P style=\"padding-left: 40px\"> <strong> -va infirmi\u00e8re de performance douce<\/p>\n<p style=\"padding-left: 40px\"> <strong> -16k cages de carbone aluminis\u00e9es<\/p>\n<p> <strong> -PLAN avec un soulagement de d\u00e9calcomanie de la lame de spin <\/strong>: ils permettent d&#8217;ajouter des effets et d&#8217;am\u00e9liorer le contr\u00f4le.<\/p>\n<p> <strong> -Power Extra Grip <\/strong>: optimise l&#8217;inertie et la puissance dans chaque coup.<br \/>\n<P> <strong>-pond\u00e9rer et le syst\u00e8me d&#8217;\u00e9quilibre Metalbone <\/strong>: vous permet d&#8217;adapter et de personnaliser jusqu&#8217;\u00e0 11,2 grammes le poids et l&#8217;\u00e9quilibre de la pelle.<\/p>\n<p style=\"padding-left: 40px\"> <strong> -lo-low poly poly poly poly lise\u00f1o <\/strong>: am\u00e9liore la puissance structurelle et accorde plus de rigidit\u00e9.<\/p>\n<h2> Achetez dans Revolution Padel Store <\/h2>\n<p>Adidas Metalbone 3.4 fusionne la puissance, la pr\u00e9cision et la personnalisation, \u00e9tant id\u00e9ale pour les joueurs avanc\u00e9s \u00e0 la recherche d&#8217;une plus grande puissance dans les jeux d&#8217;attaque. Son diamant et sa forme \u00e0 haut bilan garantissent qu&#8217;aucune balle n&#8217;est perdue dans le r\u00e9seau.<\/p>\n<h2>Adias Metalbone 3.4 2025, oficial de Ale Gal\u00e1n<\/h2>\n","protected":false},"excerpt":{"rendered":"<p>Diamond Phel avec un adidas Metalbone 3.4 \u00e0 haut \u00e9quilibre, pour les joueurs offensifs de niveau avanc\u00e9 ou professionnel. Officier Ale Gal\u00e1n.<\/p>\n","protected":false},"featured_media":135501,"comment_status":"open","ping_status":"closed","template":"","meta":{"_acf_changed":false,"_joinchat":[]},"acabado":[1092],"balance":[1137],"dureza":[],"forma":[1172],"jugador":[1192,1202],"marca":[1232],"nivel-de-juego":[1337],"superficie":[1362],"tipo-de-juego":[1377],"product_brand":[],"product_cat":[302],"product_tag":[],"class_list":{"0":"post-142529","1":"product","2":"type-product","3":"status-publish","4":"has-post-thumbnail","6":"acabado-soulager-la-3d","7":"balance-eleve","8":"forma-diamant","9":"jugador-homme","10":"jugador-polivalente-fr","11":"marca-adidas-fr","12":"superficie-rugosa-fr","13":"tipo-de-juego-puissance","14":"product_cat-palas-de-padel-fr","16":"first","17":"instock","18":"sale","19":"taxable","20":"shipping-taxable","21":"purchasable","22":"product-type-simple"},"acf":[],"yoast_head":"<!-- This site is optimized with the Yoast SEO plugin v27.4 - https:\/\/yoast.com\/product\/yoast-seo-wordpress\/ -->\n<title>ADIDAS METALBONE 3.4 ALE GALAN - Revolution Padel Store<\/title>\n<meta name=\"description\" content=\"La Adidas Metalbone 3.4, de la colecci\u00f3n 2025, es una pala de p\u00e1del con forma de diamante con el balance alto, por lo que es un modelo pensado para ofrecer el mejor rendimiento en los golpes ofensivos gracias a su excepcional potencia en el ataque.\" \/>\n<meta name=\"robots\" content=\"index, follow, max-snippet:-1, max-image-preview:large, max-video-preview:-1\" \/>\n<link rel=\"canonical\" href=\"https:\/\/revolutionpadelstore.com\/fr\/produit\/adidas-metalbone-3-4-ale-galan\/\" \/>\n<meta property=\"og:locale\" content=\"fr_FR\" \/>\n<meta property=\"og:type\" content=\"article\" \/>\n<meta property=\"og:title\" content=\"ADIDAS METALBONE 3.4 ALE GALAN - Revolution Padel Store\" \/>\n<meta property=\"og:description\" content=\"La Adidas Metalbone 3.4, de la colecci\u00f3n 2025, es una pala de p\u00e1del con forma de diamante con el balance alto, por lo que es un modelo pensado para ofrecer el mejor rendimiento en los golpes ofensivos gracias a su excepcional potencia en el ataque.\" \/>\n<meta property=\"og:url\" content=\"https:\/\/revolutionpadelstore.com\/fr\/produit\/adidas-metalbone-3-4-ale-galan\/\" \/>\n<meta property=\"og:site_name\" content=\"Revolution Padel Store\" \/>\n<meta property=\"article:modified_time\" content=\"2026-04-19T00:00:23+00:00\" \/>\n<meta property=\"og:image\" content=\"https:\/\/revolutionpadelstore.com\/wp-content\/uploads\/2024\/12\/113683-pala-adidas-metalbone-3-4-ar1aa0u221500x1500-1.webp\" \/>\n\t<meta property=\"og:image:width\" content=\"1500\" \/>\n\t<meta property=\"og:image:height\" content=\"1500\" \/>\n\t<meta property=\"og:image:type\" content=\"image\/webp\" \/>\n<meta name=\"twitter:card\" content=\"summary_large_image\" \/>\n<meta name=\"twitter:label1\" content=\"Dur\u00e9e de lecture estim\u00e9e\" \/>\n\t<meta name=\"twitter:data1\" content=\"1 minute\" \/>\n<script type=\"application\/ld+json\" class=\"yoast-schema-graph\">{\"@context\":\"https:\\\/\\\/schema.org\",\"@graph\":[{\"@type\":\"WebPage\",\"@id\":\"https:\\\/\\\/revolutionpadelstore.com\\\/fr\\\/produit\\\/adidas-metalbone-3-4-ale-galan\\\/\",\"url\":\"https:\\\/\\\/revolutionpadelstore.com\\\/fr\\\/produit\\\/adidas-metalbone-3-4-ale-galan\\\/\",\"name\":\"ADIDAS METALBONE 3.4 ALE GALAN - Revolution Padel Store\",\"isPartOf\":{\"@id\":\"https:\\\/\\\/revolutionpadelstore.com\\\/fr\\\/#website\"},\"primaryImageOfPage\":{\"@id\":\"https:\\\/\\\/revolutionpadelstore.com\\\/fr\\\/produit\\\/adidas-metalbone-3-4-ale-galan\\\/#primaryimage\"},\"image\":{\"@id\":\"https:\\\/\\\/revolutionpadelstore.com\\\/fr\\\/produit\\\/adidas-metalbone-3-4-ale-galan\\\/#primaryimage\"},\"thumbnailUrl\":\"https:\\\/\\\/revolutionpadelstore.com\\\/wp-content\\\/uploads\\\/2024\\\/12\\\/113683-pala-adidas-metalbone-3-4-ar1aa0u221500x1500-1.webp\",\"datePublished\":\"2024-12-03T20:03:06+00:00\",\"dateModified\":\"2026-04-19T00:00:23+00:00\",\"description\":\"La Adidas Metalbone 3.4, de la colecci\u00f3n 2025, es una pala de p\u00e1del con forma de diamante con el balance alto, por lo que es un modelo pensado para ofrecer el mejor rendimiento en los golpes ofensivos gracias a su excepcional potencia en el ataque.\",\"breadcrumb\":{\"@id\":\"https:\\\/\\\/revolutionpadelstore.com\\\/fr\\\/produit\\\/adidas-metalbone-3-4-ale-galan\\\/#breadcrumb\"},\"inLanguage\":\"fr-FR\",\"potentialAction\":[{\"@type\":\"ReadAction\",\"target\":[\"https:\\\/\\\/revolutionpadelstore.com\\\/fr\\\/produit\\\/adidas-metalbone-3-4-ale-galan\\\/\"]}]},{\"@type\":\"ImageObject\",\"inLanguage\":\"fr-FR\",\"@id\":\"https:\\\/\\\/revolutionpadelstore.com\\\/fr\\\/produit\\\/adidas-metalbone-3-4-ale-galan\\\/#primaryimage\",\"url\":\"https:\\\/\\\/revolutionpadelstore.com\\\/wp-content\\\/uploads\\\/2024\\\/12\\\/113683-pala-adidas-metalbone-3-4-ar1aa0u221500x1500-1.webp\",\"contentUrl\":\"https:\\\/\\\/revolutionpadelstore.com\\\/wp-content\\\/uploads\\\/2024\\\/12\\\/113683-pala-adidas-metalbone-3-4-ar1aa0u221500x1500-1.webp\",\"width\":1500,\"height\":1500},{\"@type\":\"BreadcrumbList\",\"@id\":\"https:\\\/\\\/revolutionpadelstore.com\\\/fr\\\/produit\\\/adidas-metalbone-3-4-ale-galan\\\/#breadcrumb\",\"itemListElement\":[{\"@type\":\"ListItem\",\"position\":1,\"name\":\"Portada\",\"item\":\"https:\\\/\\\/revolutionpadelstore.com\\\/fr\\\/\"},{\"@type\":\"ListItem\",\"position\":2,\"name\":\"Boutique\",\"item\":\"https:\\\/\\\/revolutionpadelstore.com\\\/fr\\\/tienda\\\/\"},{\"@type\":\"ListItem\",\"position\":3,\"name\":\"ADIDAS METALBONE 3.4 ALE GALAN\"}]},{\"@type\":\"WebSite\",\"@id\":\"https:\\\/\\\/revolutionpadelstore.com\\\/fr\\\/#website\",\"url\":\"https:\\\/\\\/revolutionpadelstore.com\\\/fr\\\/\",\"name\":\"Revolution Padel Store\",\"description\":\"\",\"publisher\":{\"@id\":\"https:\\\/\\\/revolutionpadelstore.com\\\/fr\\\/#organization\"},\"potentialAction\":[{\"@type\":\"SearchAction\",\"target\":{\"@type\":\"EntryPoint\",\"urlTemplate\":\"https:\\\/\\\/revolutionpadelstore.com\\\/fr\\\/?s={search_term_string}\"},\"query-input\":{\"@type\":\"PropertyValueSpecification\",\"valueRequired\":true,\"valueName\":\"search_term_string\"}}],\"inLanguage\":\"fr-FR\"},{\"@type\":\"Organization\",\"@id\":\"https:\\\/\\\/revolutionpadelstore.com\\\/fr\\\/#organization\",\"name\":\"Revolution Padel Store\",\"url\":\"https:\\\/\\\/revolutionpadelstore.com\\\/fr\\\/\",\"logo\":{\"@type\":\"ImageObject\",\"inLanguage\":\"fr-FR\",\"@id\":\"https:\\\/\\\/revolutionpadelstore.com\\\/fr\\\/#\\\/schema\\\/logo\\\/image\\\/\",\"url\":\"https:\\\/\\\/revolutionpadelstore.com\\\/wp-content\\\/uploads\\\/2026\\\/02\\\/revolution-padel-store.jpg\",\"contentUrl\":\"https:\\\/\\\/revolutionpadelstore.com\\\/wp-content\\\/uploads\\\/2026\\\/02\\\/revolution-padel-store.jpg\",\"width\":2000,\"height\":2000,\"caption\":\"Revolution Padel Store\"},\"image\":{\"@id\":\"https:\\\/\\\/revolutionpadelstore.com\\\/fr\\\/#\\\/schema\\\/logo\\\/image\\\/\"},\"sameAs\":[\"https:\\\/\\\/www.instagram.com\\\/revolutionpadelstore\\\/\"]}]}<\/script>\n<!-- \/ Yoast SEO plugin. -->","yoast_head_json":{"title":"ADIDAS METALBONE 3.4 ALE GALAN - Revolution Padel Store","description":"La Adidas Metalbone 3.4, de la colecci\u00f3n 2025, es una pala de p\u00e1del con forma de diamante con el balance alto, por lo que es un modelo pensado para ofrecer el mejor rendimiento en los golpes ofensivos gracias a su excepcional potencia en el ataque.","robots":{"index":"index","follow":"follow","max-snippet":"max-snippet:-1","max-image-preview":"max-image-preview:large","max-video-preview":"max-video-preview:-1"},"canonical":"https:\/\/revolutionpadelstore.com\/fr\/produit\/adidas-metalbone-3-4-ale-galan\/","og_locale":"fr_FR","og_type":"article","og_title":"ADIDAS METALBONE 3.4 ALE GALAN - Revolution Padel Store","og_description":"La Adidas Metalbone 3.4, de la colecci\u00f3n 2025, es una pala de p\u00e1del con forma de diamante con el balance alto, por lo que es un modelo pensado para ofrecer el mejor rendimiento en los golpes ofensivos gracias a su excepcional potencia en el ataque.","og_url":"https:\/\/revolutionpadelstore.com\/fr\/produit\/adidas-metalbone-3-4-ale-galan\/","og_site_name":"Revolution Padel Store","article_modified_time":"2026-04-19T00:00:23+00:00","og_image":[{"width":1500,"height":1500,"url":"https:\/\/revolutionpadelstore.com\/wp-content\/uploads\/2024\/12\/113683-pala-adidas-metalbone-3-4-ar1aa0u221500x1500-1.webp","type":"image\/webp"}],"twitter_card":"summary_large_image","twitter_misc":{"Dur\u00e9e de lecture estim\u00e9e":"1 minute"},"schema":{"@context":"https:\/\/schema.org","@graph":[{"@type":"WebPage","@id":"https:\/\/revolutionpadelstore.com\/fr\/produit\/adidas-metalbone-3-4-ale-galan\/","url":"https:\/\/revolutionpadelstore.com\/fr\/produit\/adidas-metalbone-3-4-ale-galan\/","name":"ADIDAS METALBONE 3.4 ALE GALAN - Revolution Padel Store","isPartOf":{"@id":"https:\/\/revolutionpadelstore.com\/fr\/#website"},"primaryImageOfPage":{"@id":"https:\/\/revolutionpadelstore.com\/fr\/produit\/adidas-metalbone-3-4-ale-galan\/#primaryimage"},"image":{"@id":"https:\/\/revolutionpadelstore.com\/fr\/produit\/adidas-metalbone-3-4-ale-galan\/#primaryimage"},"thumbnailUrl":"https:\/\/revolutionpadelstore.com\/wp-content\/uploads\/2024\/12\/113683-pala-adidas-metalbone-3-4-ar1aa0u221500x1500-1.webp","datePublished":"2024-12-03T20:03:06+00:00","dateModified":"2026-04-19T00:00:23+00:00","description":"La Adidas Metalbone 3.4, de la colecci\u00f3n 2025, es una pala de p\u00e1del con forma de diamante con el balance alto, por lo que es un modelo pensado para ofrecer el mejor rendimiento en los golpes ofensivos gracias a su excepcional potencia en el ataque.","breadcrumb":{"@id":"https:\/\/revolutionpadelstore.com\/fr\/produit\/adidas-metalbone-3-4-ale-galan\/#breadcrumb"},"inLanguage":"fr-FR","potentialAction":[{"@type":"ReadAction","target":["https:\/\/revolutionpadelstore.com\/fr\/produit\/adidas-metalbone-3-4-ale-galan\/"]}]},{"@type":"ImageObject","inLanguage":"fr-FR","@id":"https:\/\/revolutionpadelstore.com\/fr\/produit\/adidas-metalbone-3-4-ale-galan\/#primaryimage","url":"https:\/\/revolutionpadelstore.com\/wp-content\/uploads\/2024\/12\/113683-pala-adidas-metalbone-3-4-ar1aa0u221500x1500-1.webp","contentUrl":"https:\/\/revolutionpadelstore.com\/wp-content\/uploads\/2024\/12\/113683-pala-adidas-metalbone-3-4-ar1aa0u221500x1500-1.webp","width":1500,"height":1500},{"@type":"BreadcrumbList","@id":"https:\/\/revolutionpadelstore.com\/fr\/produit\/adidas-metalbone-3-4-ale-galan\/#breadcrumb","itemListElement":[{"@type":"ListItem","position":1,"name":"Portada","item":"https:\/\/revolutionpadelstore.com\/fr\/"},{"@type":"ListItem","position":2,"name":"Boutique","item":"https:\/\/revolutionpadelstore.com\/fr\/tienda\/"},{"@type":"ListItem","position":3,"name":"ADIDAS METALBONE 3.4 ALE GALAN"}]},{"@type":"WebSite","@id":"https:\/\/revolutionpadelstore.com\/fr\/#website","url":"https:\/\/revolutionpadelstore.com\/fr\/","name":"Revolution Padel Store","description":"","publisher":{"@id":"https:\/\/revolutionpadelstore.com\/fr\/#organization"},"potentialAction":[{"@type":"SearchAction","target":{"@type":"EntryPoint","urlTemplate":"https:\/\/revolutionpadelstore.com\/fr\/?s={search_term_string}"},"query-input":{"@type":"PropertyValueSpecification","valueRequired":true,"valueName":"search_term_string"}}],"inLanguage":"fr-FR"},{"@type":"Organization","@id":"https:\/\/revolutionpadelstore.com\/fr\/#organization","name":"Revolution Padel Store","url":"https:\/\/revolutionpadelstore.com\/fr\/","logo":{"@type":"ImageObject","inLanguage":"fr-FR","@id":"https:\/\/revolutionpadelstore.com\/fr\/#\/schema\/logo\/image\/","url":"https:\/\/revolutionpadelstore.com\/wp-content\/uploads\/2026\/02\/revolution-padel-store.jpg","contentUrl":"https:\/\/revolutionpadelstore.com\/wp-content\/uploads\/2026\/02\/revolution-padel-store.jpg","width":2000,"height":2000,"caption":"Revolution Padel Store"},"image":{"@id":"https:\/\/revolutionpadelstore.com\/fr\/#\/schema\/logo\/image\/"},"sameAs":["https:\/\/www.instagram.com\/revolutionpadelstore\/"]}]}},"_links":{"self":[{"href":"https:\/\/revolutionpadelstore.com\/fr\/wp-json\/wp\/v2\/product\/142529","targetHints":{"allow":["GET"]}}],"collection":[{"href":"https:\/\/revolutionpadelstore.com\/fr\/wp-json\/wp\/v2\/product"}],"about":[{"href":"https:\/\/revolutionpadelstore.com\/fr\/wp-json\/wp\/v2\/types\/product"}],"replies":[{"embeddable":true,"href":"https:\/\/revolutionpadelstore.com\/fr\/wp-json\/wp\/v2\/comments?post=142529"}],"wp:featuredmedia":[{"embeddable":true,"href":"https:\/\/revolutionpadelstore.com\/fr\/wp-json\/wp\/v2\/media\/135501"}],"wp:attachment":[{"href":"https:\/\/revolutionpadelstore.com\/fr\/wp-json\/wp\/v2\/media?parent=142529"}],"wp:term":[{"taxonomy":"acabado","embeddable":true,"href":"https:\/\/revolutionpadelstore.com\/fr\/wp-json\/wp\/v2\/acabado?post=142529"},{"taxonomy":"balance","embeddable":true,"href":"https:\/\/revolutionpadelstore.com\/fr\/wp-json\/wp\/v2\/balance?post=142529"},{"taxonomy":"dureza","embeddable":true,"href":"https:\/\/revolutionpadelstore.com\/fr\/wp-json\/wp\/v2\/dureza?post=142529"},{"taxonomy":"forma","embeddable":true,"href":"https:\/\/revolutionpadelstore.com\/fr\/wp-json\/wp\/v2\/forma?post=142529"},{"taxonomy":"jugador","embeddable":true,"href":"https:\/\/revolutionpadelstore.com\/fr\/wp-json\/wp\/v2\/jugador?post=142529"},{"taxonomy":"marca","embeddable":true,"href":"https:\/\/revolutionpadelstore.com\/fr\/wp-json\/wp\/v2\/marca?post=142529"},{"taxonomy":"nivel-de-juego","embeddable":true,"href":"https:\/\/revolutionpadelstore.com\/fr\/wp-json\/wp\/v2\/nivel-de-juego?post=142529"},{"taxonomy":"superficie","embeddable":true,"href":"https:\/\/revolutionpadelstore.com\/fr\/wp-json\/wp\/v2\/superficie?post=142529"},{"taxonomy":"tipo-de-juego","embeddable":true,"href":"https:\/\/revolutionpadelstore.com\/fr\/wp-json\/wp\/v2\/tipo-de-juego?post=142529"},{"taxonomy":"product_brand","embeddable":true,"href":"https:\/\/revolutionpadelstore.com\/fr\/wp-json\/wp\/v2\/product_brand?post=142529"},{"taxonomy":"product_cat","embeddable":true,"href":"https:\/\/revolutionpadelstore.com\/fr\/wp-json\/wp\/v2\/product_cat?post=142529"},{"taxonomy":"product_tag","embeddable":true,"href":"https:\/\/revolutionpadelstore.com\/fr\/wp-json\/wp\/v2\/product_tag?post=142529"}],"curies":[{"name":"wp","href":"https:\/\/api.w.org\/{rel}","templated":true}]}}