{"id":142524,"date":"2024-12-03T23:47:59","date_gmt":"2024-12-03T22:47:59","guid":{"rendered":"https:\/\/revolutionpadelstore.com\/adidas-metalbone-hrd-3-4-2025\/"},"modified":"2026-04-22T02:00:15","modified_gmt":"2026-04-22T00:00:15","slug":"adidas-metalbone-hrd-3-4-2025","status":"publish","type":"product","link":"https:\/\/revolutionpadelstore.com\/fr\/produit\/adidas-metalbone-hrd-3-4-2025\/","title":{"rendered":"ADIDAS METALBONE HRD+ 3.4 2025"},"content":{"rendered":"<h2> adidas Metalbone HRD + 3.4, explosivit\u00e9 dans l&#8217;attaque <\/h2>\n<p>Le <strong> adidas Metalbone HRD + 3.4 <\/strong> de la collection 2025, d\u00e9velopp\u00e9 en collaboration avec <strong> Ale Gal\u00e1n <\/strong>, est une pelle \u00e0 palette qui se d\u00e9marque pour sa puissance et sa performance. Ce mod\u00e8le combine des mat\u00e9riaux de haute qualit\u00e9 et des technologies innovantes, id\u00e9ales pour ceux qui recherchent des coups forts et pr\u00e9cis.<\/p>\n<h2> Caract\u00e9ristiques de m\u00e9tal HRD + 3.4 <\/h2>\n<p><P> <strong> -Diamond et Host Balance Shoes <\/strong>: Il concentre le poids en haut, g\u00e9n\u00e9rant une plus grande inertie et puissance dans chaque attaque.<br \/>\n<P> <strong> -ajust\u00e9 en peso <\/strong>: entre 345 et 360 grammes, combinant la conception et la technologie pour les performances d&#8217;\u00e9lite.<\/p>\n<p> <strong> -Power Groove <\/strong>: augmente la puissance et la rigidit\u00e9 dans le profil de pelle.<\/p>\n<p> <strong> -Coration Cages de carbone 16k <\/strong>: ils assurent une touche solide et une puissance maximale.<\/p>\n<p> <strong> -goma M\u00e9moire \u00e9lev\u00e9e eva <\/strong>: haute densit\u00e9, accorde une vitesse et une puissance plus \u00e9lev\u00e9es en coups techniques.<\/p>\n<p> <strong> -Cotogonal Structure <\/strong>: r\u00e9duit la torsion et am\u00e9liore la pr\u00e9cision.<\/p>\n<p> <strong> -reliever Spin Blade Decal <\/strong>: garantit un contr\u00f4le optimal et plus d&#8217;effet sur les coups.<br \/>\n<P> <strong> -grip Power Extra Grip <\/strong>: il apporte une plus grande stabilit\u00e9 dans le coup.<\/p>\n<p> <strong> -coly poly poly poly <\/strong>: augmenter la rigidit\u00e9 structurelle.<br \/>\n<P> <strong>-pond\u00e9mie et syst\u00e8me d&#8217;\u00e9quilibre <\/strong>: permet \u00e0 11,2 grammes pour ajuster le poids et l&#8217;\u00e9quilibre de la pelle.<\/p>\n<h2> Id\u00e9al pour les joueurs avanc\u00e9s <\/h2>\n<p>Con\u00e7u pour les joueurs de paddle de niveau avanc\u00e9, Metalbone HRD + 3.4 devient un alli\u00e9 de jeux offensifs, permettant de s&#8217;adapter \u00e0 n&#8217;importe quelle situation de jeu avec une puissance et une inertie maximales.<br \/>\n<H2> Disponible dans Revolution Padel Store <\/h2>\n<p>Si vous \u00eates un joueur agressif qui aime imprimer le pouvoir et l&#8217;effet du ballon, le <strong> adidas Metalbone HRD + 3.4 <\/strong> sera votre partenaire id\u00e9al gr\u00e2ce \u00e0 sa rigidit\u00e9 et sa durabilit\u00e9.<\/p>\n<h2>Adidas Metalbone HRD+ 3.4, explosividad en el ataque<\/h2>\n","protected":false},"excerpt":{"rendered":"<p>Adidas Metalbone HRD + 3,4 pelle pour les joueurs offensifs de haut niveau \u00e0 la recherche de puissance et d&#8217;effet plus importants sur leurs coups. Rugo Carbono Rugo pr\u00e9voit 16k avec d\u00e9calcomanie \u00e0 la lame de spin.<\/p>\n","protected":false},"featured_media":135771,"comment_status":"open","ping_status":"closed","template":"","meta":{"_acf_changed":false,"_joinchat":[]},"acabado":[1092],"balance":[1137],"dureza":[1162],"forma":[1172],"jugador":[1192,1202],"marca":[1232],"nivel-de-juego":[1337],"superficie":[1362],"tipo-de-juego":[1377],"product_brand":[],"product_cat":[302],"product_tag":[],"class_list":{"0":"post-142524","1":"product","2":"type-product","3":"status-publish","4":"has-post-thumbnail","6":"acabado-soulager-la-3d","7":"balance-eleve","8":"dureza-dure","9":"forma-diamant","10":"jugador-homme","11":"jugador-polivalente-fr","12":"marca-adidas-fr","13":"superficie-rugosa-fr","14":"tipo-de-juego-puissance","15":"product_cat-palas-de-padel-fr","17":"first","18":"instock","19":"sale","20":"taxable","21":"shipping-taxable","22":"purchasable","23":"product-type-simple"},"acf":[],"yoast_head":"<!-- This site is optimized with the Yoast SEO plugin v27.4 - https:\/\/yoast.com\/product\/yoast-seo-wordpress\/ -->\n<title>ADIDAS METALBONE HRD+ 3.4 2025 - Revolution Padel Store<\/title>\n<meta name=\"description\" content=\"La Metalbone HRD+ 3.4, de la colecci\u00f3n 2025 de Adidas, ha sido dise\u00f1ada en colaboraci\u00f3n con Ale Gal\u00e1n y representa el m\u00e1ximo exponente en potencia y rendimiento. Este modelo combina materiales de alta calidad y tecnolog\u00edas innovadoras que maximizan el juego ofensivo, siendo ideal para los que buscan golpes contundentes y precisos.\" \/>\n<meta name=\"robots\" content=\"index, follow, max-snippet:-1, max-image-preview:large, max-video-preview:-1\" \/>\n<link rel=\"canonical\" href=\"https:\/\/revolutionpadelstore.com\/fr\/produit\/adidas-metalbone-hrd-3-4-2025\/\" \/>\n<meta property=\"og:locale\" content=\"fr_FR\" \/>\n<meta property=\"og:type\" content=\"article\" \/>\n<meta property=\"og:title\" content=\"ADIDAS METALBONE HRD+ 3.4 2025 - Revolution Padel Store\" \/>\n<meta property=\"og:description\" content=\"La Metalbone HRD+ 3.4, de la colecci\u00f3n 2025 de Adidas, ha sido dise\u00f1ada en colaboraci\u00f3n con Ale Gal\u00e1n y representa el m\u00e1ximo exponente en potencia y rendimiento. Este modelo combina materiales de alta calidad y tecnolog\u00edas innovadoras que maximizan el juego ofensivo, siendo ideal para los que buscan golpes contundentes y precisos.\" \/>\n<meta property=\"og:url\" content=\"https:\/\/revolutionpadelstore.com\/fr\/produit\/adidas-metalbone-hrd-3-4-2025\/\" \/>\n<meta property=\"og:site_name\" content=\"Revolution Padel Store\" \/>\n<meta property=\"article:modified_time\" content=\"2026-04-22T00:00:15+00:00\" \/>\n<meta property=\"og:image\" content=\"https:\/\/revolutionpadelstore.com\/wp-content\/uploads\/2024\/12\/113687-pala-adidas-metalbone-hrd-mas-3-4-ar1aa1u221500x1500-1.webp\" \/>\n\t<meta property=\"og:image:width\" content=\"1500\" \/>\n\t<meta property=\"og:image:height\" content=\"1500\" \/>\n\t<meta property=\"og:image:type\" content=\"image\/webp\" \/>\n<meta name=\"twitter:card\" content=\"summary_large_image\" \/>\n<meta name=\"twitter:label1\" content=\"Dur\u00e9e de lecture estim\u00e9e\" \/>\n\t<meta name=\"twitter:data1\" content=\"2 minutes\" \/>\n<script type=\"application\/ld+json\" class=\"yoast-schema-graph\">{\"@context\":\"https:\\\/\\\/schema.org\",\"@graph\":[{\"@type\":\"WebPage\",\"@id\":\"https:\\\/\\\/revolutionpadelstore.com\\\/fr\\\/produit\\\/adidas-metalbone-hrd-3-4-2025\\\/\",\"url\":\"https:\\\/\\\/revolutionpadelstore.com\\\/fr\\\/produit\\\/adidas-metalbone-hrd-3-4-2025\\\/\",\"name\":\"ADIDAS METALBONE HRD+ 3.4 2025 - Revolution Padel Store\",\"isPartOf\":{\"@id\":\"https:\\\/\\\/revolutionpadelstore.com\\\/fr\\\/#website\"},\"primaryImageOfPage\":{\"@id\":\"https:\\\/\\\/revolutionpadelstore.com\\\/fr\\\/produit\\\/adidas-metalbone-hrd-3-4-2025\\\/#primaryimage\"},\"image\":{\"@id\":\"https:\\\/\\\/revolutionpadelstore.com\\\/fr\\\/produit\\\/adidas-metalbone-hrd-3-4-2025\\\/#primaryimage\"},\"thumbnailUrl\":\"https:\\\/\\\/revolutionpadelstore.com\\\/wp-content\\\/uploads\\\/2024\\\/12\\\/113687-pala-adidas-metalbone-hrd-mas-3-4-ar1aa1u221500x1500-1.webp\",\"datePublished\":\"2024-12-03T22:47:59+00:00\",\"dateModified\":\"2026-04-22T00:00:15+00:00\",\"description\":\"La Metalbone HRD+ 3.4, de la colecci\u00f3n 2025 de Adidas, ha sido dise\u00f1ada en colaboraci\u00f3n con Ale Gal\u00e1n y representa el m\u00e1ximo exponente en potencia y rendimiento. Este modelo combina materiales de alta calidad y tecnolog\u00edas innovadoras que maximizan el juego ofensivo, siendo ideal para los que buscan golpes contundentes y precisos.\",\"breadcrumb\":{\"@id\":\"https:\\\/\\\/revolutionpadelstore.com\\\/fr\\\/produit\\\/adidas-metalbone-hrd-3-4-2025\\\/#breadcrumb\"},\"inLanguage\":\"fr-FR\",\"potentialAction\":[{\"@type\":\"ReadAction\",\"target\":[\"https:\\\/\\\/revolutionpadelstore.com\\\/fr\\\/produit\\\/adidas-metalbone-hrd-3-4-2025\\\/\"]}]},{\"@type\":\"ImageObject\",\"inLanguage\":\"fr-FR\",\"@id\":\"https:\\\/\\\/revolutionpadelstore.com\\\/fr\\\/produit\\\/adidas-metalbone-hrd-3-4-2025\\\/#primaryimage\",\"url\":\"https:\\\/\\\/revolutionpadelstore.com\\\/wp-content\\\/uploads\\\/2024\\\/12\\\/113687-pala-adidas-metalbone-hrd-mas-3-4-ar1aa1u221500x1500-1.webp\",\"contentUrl\":\"https:\\\/\\\/revolutionpadelstore.com\\\/wp-content\\\/uploads\\\/2024\\\/12\\\/113687-pala-adidas-metalbone-hrd-mas-3-4-ar1aa1u221500x1500-1.webp\",\"width\":1500,\"height\":1500},{\"@type\":\"BreadcrumbList\",\"@id\":\"https:\\\/\\\/revolutionpadelstore.com\\\/fr\\\/produit\\\/adidas-metalbone-hrd-3-4-2025\\\/#breadcrumb\",\"itemListElement\":[{\"@type\":\"ListItem\",\"position\":1,\"name\":\"Portada\",\"item\":\"https:\\\/\\\/revolutionpadelstore.com\\\/fr\\\/\"},{\"@type\":\"ListItem\",\"position\":2,\"name\":\"Boutique\",\"item\":\"https:\\\/\\\/revolutionpadelstore.com\\\/fr\\\/tienda\\\/\"},{\"@type\":\"ListItem\",\"position\":3,\"name\":\"ADIDAS METALBONE HRD+ 3.4 2025\"}]},{\"@type\":\"WebSite\",\"@id\":\"https:\\\/\\\/revolutionpadelstore.com\\\/fr\\\/#website\",\"url\":\"https:\\\/\\\/revolutionpadelstore.com\\\/fr\\\/\",\"name\":\"Revolution Padel Store\",\"description\":\"\",\"publisher\":{\"@id\":\"https:\\\/\\\/revolutionpadelstore.com\\\/fr\\\/#organization\"},\"potentialAction\":[{\"@type\":\"SearchAction\",\"target\":{\"@type\":\"EntryPoint\",\"urlTemplate\":\"https:\\\/\\\/revolutionpadelstore.com\\\/fr\\\/?s={search_term_string}\"},\"query-input\":{\"@type\":\"PropertyValueSpecification\",\"valueRequired\":true,\"valueName\":\"search_term_string\"}}],\"inLanguage\":\"fr-FR\"},{\"@type\":\"Organization\",\"@id\":\"https:\\\/\\\/revolutionpadelstore.com\\\/fr\\\/#organization\",\"name\":\"Revolution Padel Store\",\"url\":\"https:\\\/\\\/revolutionpadelstore.com\\\/fr\\\/\",\"logo\":{\"@type\":\"ImageObject\",\"inLanguage\":\"fr-FR\",\"@id\":\"https:\\\/\\\/revolutionpadelstore.com\\\/fr\\\/#\\\/schema\\\/logo\\\/image\\\/\",\"url\":\"https:\\\/\\\/revolutionpadelstore.com\\\/wp-content\\\/uploads\\\/2026\\\/02\\\/revolution-padel-store.jpg\",\"contentUrl\":\"https:\\\/\\\/revolutionpadelstore.com\\\/wp-content\\\/uploads\\\/2026\\\/02\\\/revolution-padel-store.jpg\",\"width\":2000,\"height\":2000,\"caption\":\"Revolution Padel Store\"},\"image\":{\"@id\":\"https:\\\/\\\/revolutionpadelstore.com\\\/fr\\\/#\\\/schema\\\/logo\\\/image\\\/\"},\"sameAs\":[\"https:\\\/\\\/www.instagram.com\\\/revolutionpadelstore\\\/\"]}]}<\/script>\n<!-- \/ Yoast SEO plugin. -->","yoast_head_json":{"title":"ADIDAS METALBONE HRD+ 3.4 2025 - Revolution Padel Store","description":"La Metalbone HRD+ 3.4, de la colecci\u00f3n 2025 de Adidas, ha sido dise\u00f1ada en colaboraci\u00f3n con Ale Gal\u00e1n y representa el m\u00e1ximo exponente en potencia y rendimiento. Este modelo combina materiales de alta calidad y tecnolog\u00edas innovadoras que maximizan el juego ofensivo, siendo ideal para los que buscan golpes contundentes y precisos.","robots":{"index":"index","follow":"follow","max-snippet":"max-snippet:-1","max-image-preview":"max-image-preview:large","max-video-preview":"max-video-preview:-1"},"canonical":"https:\/\/revolutionpadelstore.com\/fr\/produit\/adidas-metalbone-hrd-3-4-2025\/","og_locale":"fr_FR","og_type":"article","og_title":"ADIDAS METALBONE HRD+ 3.4 2025 - Revolution Padel Store","og_description":"La Metalbone HRD+ 3.4, de la colecci\u00f3n 2025 de Adidas, ha sido dise\u00f1ada en colaboraci\u00f3n con Ale Gal\u00e1n y representa el m\u00e1ximo exponente en potencia y rendimiento. Este modelo combina materiales de alta calidad y tecnolog\u00edas innovadoras que maximizan el juego ofensivo, siendo ideal para los que buscan golpes contundentes y precisos.","og_url":"https:\/\/revolutionpadelstore.com\/fr\/produit\/adidas-metalbone-hrd-3-4-2025\/","og_site_name":"Revolution Padel Store","article_modified_time":"2026-04-22T00:00:15+00:00","og_image":[{"width":1500,"height":1500,"url":"https:\/\/revolutionpadelstore.com\/wp-content\/uploads\/2024\/12\/113687-pala-adidas-metalbone-hrd-mas-3-4-ar1aa1u221500x1500-1.webp","type":"image\/webp"}],"twitter_card":"summary_large_image","twitter_misc":{"Dur\u00e9e de lecture estim\u00e9e":"2 minutes"},"schema":{"@context":"https:\/\/schema.org","@graph":[{"@type":"WebPage","@id":"https:\/\/revolutionpadelstore.com\/fr\/produit\/adidas-metalbone-hrd-3-4-2025\/","url":"https:\/\/revolutionpadelstore.com\/fr\/produit\/adidas-metalbone-hrd-3-4-2025\/","name":"ADIDAS METALBONE HRD+ 3.4 2025 - Revolution Padel Store","isPartOf":{"@id":"https:\/\/revolutionpadelstore.com\/fr\/#website"},"primaryImageOfPage":{"@id":"https:\/\/revolutionpadelstore.com\/fr\/produit\/adidas-metalbone-hrd-3-4-2025\/#primaryimage"},"image":{"@id":"https:\/\/revolutionpadelstore.com\/fr\/produit\/adidas-metalbone-hrd-3-4-2025\/#primaryimage"},"thumbnailUrl":"https:\/\/revolutionpadelstore.com\/wp-content\/uploads\/2024\/12\/113687-pala-adidas-metalbone-hrd-mas-3-4-ar1aa1u221500x1500-1.webp","datePublished":"2024-12-03T22:47:59+00:00","dateModified":"2026-04-22T00:00:15+00:00","description":"La Metalbone HRD+ 3.4, de la colecci\u00f3n 2025 de Adidas, ha sido dise\u00f1ada en colaboraci\u00f3n con Ale Gal\u00e1n y representa el m\u00e1ximo exponente en potencia y rendimiento. Este modelo combina materiales de alta calidad y tecnolog\u00edas innovadoras que maximizan el juego ofensivo, siendo ideal para los que buscan golpes contundentes y precisos.","breadcrumb":{"@id":"https:\/\/revolutionpadelstore.com\/fr\/produit\/adidas-metalbone-hrd-3-4-2025\/#breadcrumb"},"inLanguage":"fr-FR","potentialAction":[{"@type":"ReadAction","target":["https:\/\/revolutionpadelstore.com\/fr\/produit\/adidas-metalbone-hrd-3-4-2025\/"]}]},{"@type":"ImageObject","inLanguage":"fr-FR","@id":"https:\/\/revolutionpadelstore.com\/fr\/produit\/adidas-metalbone-hrd-3-4-2025\/#primaryimage","url":"https:\/\/revolutionpadelstore.com\/wp-content\/uploads\/2024\/12\/113687-pala-adidas-metalbone-hrd-mas-3-4-ar1aa1u221500x1500-1.webp","contentUrl":"https:\/\/revolutionpadelstore.com\/wp-content\/uploads\/2024\/12\/113687-pala-adidas-metalbone-hrd-mas-3-4-ar1aa1u221500x1500-1.webp","width":1500,"height":1500},{"@type":"BreadcrumbList","@id":"https:\/\/revolutionpadelstore.com\/fr\/produit\/adidas-metalbone-hrd-3-4-2025\/#breadcrumb","itemListElement":[{"@type":"ListItem","position":1,"name":"Portada","item":"https:\/\/revolutionpadelstore.com\/fr\/"},{"@type":"ListItem","position":2,"name":"Boutique","item":"https:\/\/revolutionpadelstore.com\/fr\/tienda\/"},{"@type":"ListItem","position":3,"name":"ADIDAS METALBONE HRD+ 3.4 2025"}]},{"@type":"WebSite","@id":"https:\/\/revolutionpadelstore.com\/fr\/#website","url":"https:\/\/revolutionpadelstore.com\/fr\/","name":"Revolution Padel Store","description":"","publisher":{"@id":"https:\/\/revolutionpadelstore.com\/fr\/#organization"},"potentialAction":[{"@type":"SearchAction","target":{"@type":"EntryPoint","urlTemplate":"https:\/\/revolutionpadelstore.com\/fr\/?s={search_term_string}"},"query-input":{"@type":"PropertyValueSpecification","valueRequired":true,"valueName":"search_term_string"}}],"inLanguage":"fr-FR"},{"@type":"Organization","@id":"https:\/\/revolutionpadelstore.com\/fr\/#organization","name":"Revolution Padel Store","url":"https:\/\/revolutionpadelstore.com\/fr\/","logo":{"@type":"ImageObject","inLanguage":"fr-FR","@id":"https:\/\/revolutionpadelstore.com\/fr\/#\/schema\/logo\/image\/","url":"https:\/\/revolutionpadelstore.com\/wp-content\/uploads\/2026\/02\/revolution-padel-store.jpg","contentUrl":"https:\/\/revolutionpadelstore.com\/wp-content\/uploads\/2026\/02\/revolution-padel-store.jpg","width":2000,"height":2000,"caption":"Revolution Padel Store"},"image":{"@id":"https:\/\/revolutionpadelstore.com\/fr\/#\/schema\/logo\/image\/"},"sameAs":["https:\/\/www.instagram.com\/revolutionpadelstore\/"]}]}},"_links":{"self":[{"href":"https:\/\/revolutionpadelstore.com\/fr\/wp-json\/wp\/v2\/product\/142524","targetHints":{"allow":["GET"]}}],"collection":[{"href":"https:\/\/revolutionpadelstore.com\/fr\/wp-json\/wp\/v2\/product"}],"about":[{"href":"https:\/\/revolutionpadelstore.com\/fr\/wp-json\/wp\/v2\/types\/product"}],"replies":[{"embeddable":true,"href":"https:\/\/revolutionpadelstore.com\/fr\/wp-json\/wp\/v2\/comments?post=142524"}],"wp:featuredmedia":[{"embeddable":true,"href":"https:\/\/revolutionpadelstore.com\/fr\/wp-json\/wp\/v2\/media\/135771"}],"wp:attachment":[{"href":"https:\/\/revolutionpadelstore.com\/fr\/wp-json\/wp\/v2\/media?parent=142524"}],"wp:term":[{"taxonomy":"acabado","embeddable":true,"href":"https:\/\/revolutionpadelstore.com\/fr\/wp-json\/wp\/v2\/acabado?post=142524"},{"taxonomy":"balance","embeddable":true,"href":"https:\/\/revolutionpadelstore.com\/fr\/wp-json\/wp\/v2\/balance?post=142524"},{"taxonomy":"dureza","embeddable":true,"href":"https:\/\/revolutionpadelstore.com\/fr\/wp-json\/wp\/v2\/dureza?post=142524"},{"taxonomy":"forma","embeddable":true,"href":"https:\/\/revolutionpadelstore.com\/fr\/wp-json\/wp\/v2\/forma?post=142524"},{"taxonomy":"jugador","embeddable":true,"href":"https:\/\/revolutionpadelstore.com\/fr\/wp-json\/wp\/v2\/jugador?post=142524"},{"taxonomy":"marca","embeddable":true,"href":"https:\/\/revolutionpadelstore.com\/fr\/wp-json\/wp\/v2\/marca?post=142524"},{"taxonomy":"nivel-de-juego","embeddable":true,"href":"https:\/\/revolutionpadelstore.com\/fr\/wp-json\/wp\/v2\/nivel-de-juego?post=142524"},{"taxonomy":"superficie","embeddable":true,"href":"https:\/\/revolutionpadelstore.com\/fr\/wp-json\/wp\/v2\/superficie?post=142524"},{"taxonomy":"tipo-de-juego","embeddable":true,"href":"https:\/\/revolutionpadelstore.com\/fr\/wp-json\/wp\/v2\/tipo-de-juego?post=142524"},{"taxonomy":"product_brand","embeddable":true,"href":"https:\/\/revolutionpadelstore.com\/fr\/wp-json\/wp\/v2\/product_brand?post=142524"},{"taxonomy":"product_cat","embeddable":true,"href":"https:\/\/revolutionpadelstore.com\/fr\/wp-json\/wp\/v2\/product_cat?post=142524"},{"taxonomy":"product_tag","embeddable":true,"href":"https:\/\/revolutionpadelstore.com\/fr\/wp-json\/wp\/v2\/product_tag?post=142524"}],"curies":[{"name":"wp","href":"https:\/\/api.w.org\/{rel}","templated":true}]}}