{"id":142519,"date":"2024-12-04T07:58:46","date_gmt":"2024-12-04T06:58:46","guid":{"rendered":"https:\/\/revolutionpadelstore.com\/adidas-metalbone-ctrl-3-4-2025\/"},"modified":"2026-04-14T02:00:27","modified_gmt":"2026-04-14T00:00:27","slug":"adidas-metalbone-ctrl-3-4-2025","status":"publish","type":"product","link":"https:\/\/revolutionpadelstore.com\/fr\/produit\/adidas-metalbone-ctrl-3-4-2025\/","title":{"rendered":"ADIDAS METALBONE CTRL 3.4 2025"},"content":{"rendered":"<p>Le <strong> adidas Metalbone Ctrl 3.4 <\/strong> de la collection 2025 a \u00e9t\u00e9 con\u00e7u avec une combinaison de technologies de haute qualit\u00e9 et de mat\u00e9riaux de haute qualit\u00e9, offrant une pr\u00e9cision et un contr\u00f4le exceptionnels dans chaque coup.<\/p>\n<p>Il a une forme ronde <strong> et un bancal <\/strong>, il s&#8217;agit donc d&#8217;un mod\u00e8le ax\u00e9 sur les jeux d\u00e9fensifs de la ligne de fond. Il a un poids modable qui varie entre 345 et 360 grammes, \u00e0 laquelle jusqu&#8217;\u00e0 11,2 grammes suppl\u00e9mentaires peuvent \u00eatre ajout\u00e9s.<\/p>\n<h2> Caract\u00e9ristiques de m\u00e9tal ctrl 3.4 <\/h2>\n<p> <strong> -redonda Formulaire et bas \u00e9quilibre <\/strong>: id\u00e9al pour les jeux d\u00e9fensifs \u00e0 partir de la ligne de fond.<\/p>\n<p style=\"padding-left: 40px\"> <strong> -modulable<br \/>\n<P style=\"padding-left: 40px\"> <strong> -idoric bas poly <\/strong>: augmenter la rigidit\u00e9 et la puissance.<\/p>\n<p> <strong> -Cotogonal Structure <\/strong>: augmente la pr\u00e9cision en r\u00e9duisant la torsion.<\/p>\n<p> <strong> -Coor Cages de carbone 16k <\/strong>: assurez-vous la solidit\u00e9 et la durabilit\u00e9.<br \/>\n<P> <strong> -ca Performance en caoutchouc Eva <\/strong>: offre un plus grand confort et une plus grande sortie de la balle.<\/p>\n<p style=\"padding-left: 40px\"> <strong>-puissance \u00e9tendue \u00e9tendue suppl\u00e9mentaire <\/strong>: augmenter l&#8217;inertie dans le coup.<\/p>\n<p> <strong> -relieve Spin Blade Decal <\/strong>: permet d&#8217;imprimer l&#8217;effet avec pr\u00e9cision et efficacit\u00e9.<br \/>\n<P> <strong> -Power Groove <\/strong>: Am\u00e9liorez la rigidit\u00e9 structurelle pour des coups plus puissants.<\/p>\n<p> <strong>-pond\u00e9rer et le syst\u00e8me d&#8217;\u00e9quilibre Metalbone <\/strong>: vous permet d&#8217;ajuster le poids et l&#8217;\u00e9quilibre.<\/p>\n<p> <strong> -Empu\u00f1ura pour une quatri\u00e8me longueur de puissance suppl\u00e9mentaire <\/strong>: offre une poign\u00e9e plus ferme.<\/p>\n<h2> Id\u00e9al pour les professionnels <\/h2>\n<p>Metalbone Ctrl 3.4 est parfait pour les joueurs professionnels ax\u00e9s sur la d\u00e9fense, qui recherchent la pr\u00e9cision et le contr\u00f4le sans abandonner le pouvoir si n\u00e9cessaire. Il est id\u00e9al pour ma\u00eetriser chaque jeu avec le contr\u00f4le, l&#8217;adaptabilit\u00e9 et la puissance.<br \/>\n<H2> Disponible dans Revolution Padel Store <\/h2>\n<p>N&#8217;y pensez pas et am\u00e9liorez vos jeux d\u00e9fensifs avec les <strong> adidas Metalbone Ctrl 3.4 <\/strong>, une pelle ronde pour les professionnels qui augmente le contr\u00f4le du coup d&#8217;\u00c9tat et facilite les ajustements rapides aux moments critiques de la f\u00eate.<strong>Adidas Metalbone CTRL 3.4<\/strong><\/p>\n","protected":false},"excerpt":{"rendered":"<p>Adidas Metalbone Ctrl 3.4, lame ronde et bas \u00e9quilibre pour une plus grande pr\u00e9cision et contr\u00f4le sur la piste. Eva Soft Performance et Rugo Carbono Rubonis\u00e9 16K.<\/p>\n","protected":false},"featured_media":135711,"comment_status":"open","ping_status":"closed","template":"","meta":{"_acf_changed":false,"_joinchat":[]},"acabado":[1092],"balance":[1147],"dureza":[1157],"forma":[1182],"jugador":[1192,1202],"marca":[1232],"nivel-de-juego":[1337,1347],"superficie":[1362],"tipo-de-juego":[1372],"product_brand":[],"product_cat":[302],"product_tag":[],"class_list":{"0":"post-142519","1":"product","2":"type-product","3":"status-publish","4":"has-post-thumbnail","6":"acabado-soulager-la-3d","7":"balance-faible","8":"dureza-media-fr","9":"forma-rond","10":"jugador-homme","11":"jugador-polivalente-fr","12":"marca-adidas-fr","13":"superficie-rugosa-fr","14":"tipo-de-juego-control-fr","15":"product_cat-palas-de-padel-fr","17":"first","18":"instock","19":"sale","20":"taxable","21":"shipping-taxable","22":"purchasable","23":"product-type-simple"},"acf":[],"yoast_head":"<!-- This site is optimized with the Yoast SEO plugin v27.4 - https:\/\/yoast.com\/product\/yoast-seo-wordpress\/ -->\n<title>ADIDAS METALBONE CTRL 3.4 2025 - Revolution Padel Store<\/title>\n<meta name=\"description\" content=\"La Metalbone CTRL 3.4 es la pala Adidas para hombre perfecta para aquellos jugadores profesionales enfocados en la defensa que buscan a\u00f1adir un extra de precisi\u00f3n y control sin tener que renunciar a una buena potencia cuando sea necesaria. Perfecta para los que quieren dominar cada juego con control, adaptabilidad y potencia.\" \/>\n<meta name=\"robots\" content=\"index, follow, max-snippet:-1, max-image-preview:large, max-video-preview:-1\" \/>\n<link rel=\"canonical\" href=\"https:\/\/revolutionpadelstore.com\/fr\/produit\/adidas-metalbone-ctrl-3-4-2025\/\" \/>\n<meta property=\"og:locale\" content=\"fr_FR\" \/>\n<meta property=\"og:type\" content=\"article\" \/>\n<meta property=\"og:title\" content=\"ADIDAS METALBONE CTRL 3.4 2025 - Revolution Padel Store\" \/>\n<meta property=\"og:description\" content=\"La Metalbone CTRL 3.4 es la pala Adidas para hombre perfecta para aquellos jugadores profesionales enfocados en la defensa que buscan a\u00f1adir un extra de precisi\u00f3n y control sin tener que renunciar a una buena potencia cuando sea necesaria. Perfecta para los que quieren dominar cada juego con control, adaptabilidad y potencia.\" \/>\n<meta property=\"og:url\" content=\"https:\/\/revolutionpadelstore.com\/fr\/produit\/adidas-metalbone-ctrl-3-4-2025\/\" \/>\n<meta property=\"og:site_name\" content=\"Revolution Padel Store\" \/>\n<meta property=\"article:modified_time\" content=\"2026-04-14T00:00:27+00:00\" \/>\n<meta property=\"og:image\" content=\"https:\/\/revolutionpadelstore.com\/wp-content\/uploads\/2024\/12\/113686-pala-adidas-metalbone-ctrl-3-4-ar1ca0u361500x1500-1.webp\" \/>\n\t<meta property=\"og:image:width\" content=\"1500\" \/>\n\t<meta property=\"og:image:height\" content=\"1500\" \/>\n\t<meta property=\"og:image:type\" content=\"image\/webp\" \/>\n<meta name=\"twitter:card\" content=\"summary_large_image\" \/>\n<meta name=\"twitter:label1\" content=\"Dur\u00e9e de lecture estim\u00e9e\" \/>\n\t<meta name=\"twitter:data1\" content=\"2 minutes\" \/>\n<script type=\"application\/ld+json\" class=\"yoast-schema-graph\">{\"@context\":\"https:\\\/\\\/schema.org\",\"@graph\":[{\"@type\":\"WebPage\",\"@id\":\"https:\\\/\\\/revolutionpadelstore.com\\\/fr\\\/produit\\\/adidas-metalbone-ctrl-3-4-2025\\\/\",\"url\":\"https:\\\/\\\/revolutionpadelstore.com\\\/fr\\\/produit\\\/adidas-metalbone-ctrl-3-4-2025\\\/\",\"name\":\"ADIDAS METALBONE CTRL 3.4 2025 - Revolution Padel Store\",\"isPartOf\":{\"@id\":\"https:\\\/\\\/revolutionpadelstore.com\\\/fr\\\/#website\"},\"primaryImageOfPage\":{\"@id\":\"https:\\\/\\\/revolutionpadelstore.com\\\/fr\\\/produit\\\/adidas-metalbone-ctrl-3-4-2025\\\/#primaryimage\"},\"image\":{\"@id\":\"https:\\\/\\\/revolutionpadelstore.com\\\/fr\\\/produit\\\/adidas-metalbone-ctrl-3-4-2025\\\/#primaryimage\"},\"thumbnailUrl\":\"https:\\\/\\\/revolutionpadelstore.com\\\/wp-content\\\/uploads\\\/2024\\\/12\\\/113686-pala-adidas-metalbone-ctrl-3-4-ar1ca0u361500x1500-1.webp\",\"datePublished\":\"2024-12-04T06:58:46+00:00\",\"dateModified\":\"2026-04-14T00:00:27+00:00\",\"description\":\"La Metalbone CTRL 3.4 es la pala Adidas para hombre perfecta para aquellos jugadores profesionales enfocados en la defensa que buscan a\u00f1adir un extra de precisi\u00f3n y control sin tener que renunciar a una buena potencia cuando sea necesaria. Perfecta para los que quieren dominar cada juego con control, adaptabilidad y potencia.\",\"breadcrumb\":{\"@id\":\"https:\\\/\\\/revolutionpadelstore.com\\\/fr\\\/produit\\\/adidas-metalbone-ctrl-3-4-2025\\\/#breadcrumb\"},\"inLanguage\":\"fr-FR\",\"potentialAction\":[{\"@type\":\"ReadAction\",\"target\":[\"https:\\\/\\\/revolutionpadelstore.com\\\/fr\\\/produit\\\/adidas-metalbone-ctrl-3-4-2025\\\/\"]}]},{\"@type\":\"ImageObject\",\"inLanguage\":\"fr-FR\",\"@id\":\"https:\\\/\\\/revolutionpadelstore.com\\\/fr\\\/produit\\\/adidas-metalbone-ctrl-3-4-2025\\\/#primaryimage\",\"url\":\"https:\\\/\\\/revolutionpadelstore.com\\\/wp-content\\\/uploads\\\/2024\\\/12\\\/113686-pala-adidas-metalbone-ctrl-3-4-ar1ca0u361500x1500-1.webp\",\"contentUrl\":\"https:\\\/\\\/revolutionpadelstore.com\\\/wp-content\\\/uploads\\\/2024\\\/12\\\/113686-pala-adidas-metalbone-ctrl-3-4-ar1ca0u361500x1500-1.webp\",\"width\":1500,\"height\":1500},{\"@type\":\"BreadcrumbList\",\"@id\":\"https:\\\/\\\/revolutionpadelstore.com\\\/fr\\\/produit\\\/adidas-metalbone-ctrl-3-4-2025\\\/#breadcrumb\",\"itemListElement\":[{\"@type\":\"ListItem\",\"position\":1,\"name\":\"Portada\",\"item\":\"https:\\\/\\\/revolutionpadelstore.com\\\/fr\\\/\"},{\"@type\":\"ListItem\",\"position\":2,\"name\":\"Boutique\",\"item\":\"https:\\\/\\\/revolutionpadelstore.com\\\/fr\\\/tienda\\\/\"},{\"@type\":\"ListItem\",\"position\":3,\"name\":\"ADIDAS METALBONE CTRL 3.4 2025\"}]},{\"@type\":\"WebSite\",\"@id\":\"https:\\\/\\\/revolutionpadelstore.com\\\/fr\\\/#website\",\"url\":\"https:\\\/\\\/revolutionpadelstore.com\\\/fr\\\/\",\"name\":\"Revolution Padel Store\",\"description\":\"\",\"publisher\":{\"@id\":\"https:\\\/\\\/revolutionpadelstore.com\\\/fr\\\/#organization\"},\"potentialAction\":[{\"@type\":\"SearchAction\",\"target\":{\"@type\":\"EntryPoint\",\"urlTemplate\":\"https:\\\/\\\/revolutionpadelstore.com\\\/fr\\\/?s={search_term_string}\"},\"query-input\":{\"@type\":\"PropertyValueSpecification\",\"valueRequired\":true,\"valueName\":\"search_term_string\"}}],\"inLanguage\":\"fr-FR\"},{\"@type\":\"Organization\",\"@id\":\"https:\\\/\\\/revolutionpadelstore.com\\\/fr\\\/#organization\",\"name\":\"Revolution Padel Store\",\"url\":\"https:\\\/\\\/revolutionpadelstore.com\\\/fr\\\/\",\"logo\":{\"@type\":\"ImageObject\",\"inLanguage\":\"fr-FR\",\"@id\":\"https:\\\/\\\/revolutionpadelstore.com\\\/fr\\\/#\\\/schema\\\/logo\\\/image\\\/\",\"url\":\"https:\\\/\\\/revolutionpadelstore.com\\\/wp-content\\\/uploads\\\/2026\\\/02\\\/revolution-padel-store.jpg\",\"contentUrl\":\"https:\\\/\\\/revolutionpadelstore.com\\\/wp-content\\\/uploads\\\/2026\\\/02\\\/revolution-padel-store.jpg\",\"width\":2000,\"height\":2000,\"caption\":\"Revolution Padel Store\"},\"image\":{\"@id\":\"https:\\\/\\\/revolutionpadelstore.com\\\/fr\\\/#\\\/schema\\\/logo\\\/image\\\/\"},\"sameAs\":[\"https:\\\/\\\/www.instagram.com\\\/revolutionpadelstore\\\/\"]}]}<\/script>\n<!-- \/ Yoast SEO plugin. -->","yoast_head_json":{"title":"ADIDAS METALBONE CTRL 3.4 2025 - Revolution Padel Store","description":"La Metalbone CTRL 3.4 es la pala Adidas para hombre perfecta para aquellos jugadores profesionales enfocados en la defensa que buscan a\u00f1adir un extra de precisi\u00f3n y control sin tener que renunciar a una buena potencia cuando sea necesaria. Perfecta para los que quieren dominar cada juego con control, adaptabilidad y potencia.","robots":{"index":"index","follow":"follow","max-snippet":"max-snippet:-1","max-image-preview":"max-image-preview:large","max-video-preview":"max-video-preview:-1"},"canonical":"https:\/\/revolutionpadelstore.com\/fr\/produit\/adidas-metalbone-ctrl-3-4-2025\/","og_locale":"fr_FR","og_type":"article","og_title":"ADIDAS METALBONE CTRL 3.4 2025 - Revolution Padel Store","og_description":"La Metalbone CTRL 3.4 es la pala Adidas para hombre perfecta para aquellos jugadores profesionales enfocados en la defensa que buscan a\u00f1adir un extra de precisi\u00f3n y control sin tener que renunciar a una buena potencia cuando sea necesaria. Perfecta para los que quieren dominar cada juego con control, adaptabilidad y potencia.","og_url":"https:\/\/revolutionpadelstore.com\/fr\/produit\/adidas-metalbone-ctrl-3-4-2025\/","og_site_name":"Revolution Padel Store","article_modified_time":"2026-04-14T00:00:27+00:00","og_image":[{"width":1500,"height":1500,"url":"https:\/\/revolutionpadelstore.com\/wp-content\/uploads\/2024\/12\/113686-pala-adidas-metalbone-ctrl-3-4-ar1ca0u361500x1500-1.webp","type":"image\/webp"}],"twitter_card":"summary_large_image","twitter_misc":{"Dur\u00e9e de lecture estim\u00e9e":"2 minutes"},"schema":{"@context":"https:\/\/schema.org","@graph":[{"@type":"WebPage","@id":"https:\/\/revolutionpadelstore.com\/fr\/produit\/adidas-metalbone-ctrl-3-4-2025\/","url":"https:\/\/revolutionpadelstore.com\/fr\/produit\/adidas-metalbone-ctrl-3-4-2025\/","name":"ADIDAS METALBONE CTRL 3.4 2025 - Revolution Padel Store","isPartOf":{"@id":"https:\/\/revolutionpadelstore.com\/fr\/#website"},"primaryImageOfPage":{"@id":"https:\/\/revolutionpadelstore.com\/fr\/produit\/adidas-metalbone-ctrl-3-4-2025\/#primaryimage"},"image":{"@id":"https:\/\/revolutionpadelstore.com\/fr\/produit\/adidas-metalbone-ctrl-3-4-2025\/#primaryimage"},"thumbnailUrl":"https:\/\/revolutionpadelstore.com\/wp-content\/uploads\/2024\/12\/113686-pala-adidas-metalbone-ctrl-3-4-ar1ca0u361500x1500-1.webp","datePublished":"2024-12-04T06:58:46+00:00","dateModified":"2026-04-14T00:00:27+00:00","description":"La Metalbone CTRL 3.4 es la pala Adidas para hombre perfecta para aquellos jugadores profesionales enfocados en la defensa que buscan a\u00f1adir un extra de precisi\u00f3n y control sin tener que renunciar a una buena potencia cuando sea necesaria. Perfecta para los que quieren dominar cada juego con control, adaptabilidad y potencia.","breadcrumb":{"@id":"https:\/\/revolutionpadelstore.com\/fr\/produit\/adidas-metalbone-ctrl-3-4-2025\/#breadcrumb"},"inLanguage":"fr-FR","potentialAction":[{"@type":"ReadAction","target":["https:\/\/revolutionpadelstore.com\/fr\/produit\/adidas-metalbone-ctrl-3-4-2025\/"]}]},{"@type":"ImageObject","inLanguage":"fr-FR","@id":"https:\/\/revolutionpadelstore.com\/fr\/produit\/adidas-metalbone-ctrl-3-4-2025\/#primaryimage","url":"https:\/\/revolutionpadelstore.com\/wp-content\/uploads\/2024\/12\/113686-pala-adidas-metalbone-ctrl-3-4-ar1ca0u361500x1500-1.webp","contentUrl":"https:\/\/revolutionpadelstore.com\/wp-content\/uploads\/2024\/12\/113686-pala-adidas-metalbone-ctrl-3-4-ar1ca0u361500x1500-1.webp","width":1500,"height":1500},{"@type":"BreadcrumbList","@id":"https:\/\/revolutionpadelstore.com\/fr\/produit\/adidas-metalbone-ctrl-3-4-2025\/#breadcrumb","itemListElement":[{"@type":"ListItem","position":1,"name":"Portada","item":"https:\/\/revolutionpadelstore.com\/fr\/"},{"@type":"ListItem","position":2,"name":"Boutique","item":"https:\/\/revolutionpadelstore.com\/fr\/tienda\/"},{"@type":"ListItem","position":3,"name":"ADIDAS METALBONE CTRL 3.4 2025"}]},{"@type":"WebSite","@id":"https:\/\/revolutionpadelstore.com\/fr\/#website","url":"https:\/\/revolutionpadelstore.com\/fr\/","name":"Revolution Padel Store","description":"","publisher":{"@id":"https:\/\/revolutionpadelstore.com\/fr\/#organization"},"potentialAction":[{"@type":"SearchAction","target":{"@type":"EntryPoint","urlTemplate":"https:\/\/revolutionpadelstore.com\/fr\/?s={search_term_string}"},"query-input":{"@type":"PropertyValueSpecification","valueRequired":true,"valueName":"search_term_string"}}],"inLanguage":"fr-FR"},{"@type":"Organization","@id":"https:\/\/revolutionpadelstore.com\/fr\/#organization","name":"Revolution Padel Store","url":"https:\/\/revolutionpadelstore.com\/fr\/","logo":{"@type":"ImageObject","inLanguage":"fr-FR","@id":"https:\/\/revolutionpadelstore.com\/fr\/#\/schema\/logo\/image\/","url":"https:\/\/revolutionpadelstore.com\/wp-content\/uploads\/2026\/02\/revolution-padel-store.jpg","contentUrl":"https:\/\/revolutionpadelstore.com\/wp-content\/uploads\/2026\/02\/revolution-padel-store.jpg","width":2000,"height":2000,"caption":"Revolution Padel Store"},"image":{"@id":"https:\/\/revolutionpadelstore.com\/fr\/#\/schema\/logo\/image\/"},"sameAs":["https:\/\/www.instagram.com\/revolutionpadelstore\/"]}]}},"_links":{"self":[{"href":"https:\/\/revolutionpadelstore.com\/fr\/wp-json\/wp\/v2\/product\/142519","targetHints":{"allow":["GET"]}}],"collection":[{"href":"https:\/\/revolutionpadelstore.com\/fr\/wp-json\/wp\/v2\/product"}],"about":[{"href":"https:\/\/revolutionpadelstore.com\/fr\/wp-json\/wp\/v2\/types\/product"}],"replies":[{"embeddable":true,"href":"https:\/\/revolutionpadelstore.com\/fr\/wp-json\/wp\/v2\/comments?post=142519"}],"wp:featuredmedia":[{"embeddable":true,"href":"https:\/\/revolutionpadelstore.com\/fr\/wp-json\/wp\/v2\/media\/135711"}],"wp:attachment":[{"href":"https:\/\/revolutionpadelstore.com\/fr\/wp-json\/wp\/v2\/media?parent=142519"}],"wp:term":[{"taxonomy":"acabado","embeddable":true,"href":"https:\/\/revolutionpadelstore.com\/fr\/wp-json\/wp\/v2\/acabado?post=142519"},{"taxonomy":"balance","embeddable":true,"href":"https:\/\/revolutionpadelstore.com\/fr\/wp-json\/wp\/v2\/balance?post=142519"},{"taxonomy":"dureza","embeddable":true,"href":"https:\/\/revolutionpadelstore.com\/fr\/wp-json\/wp\/v2\/dureza?post=142519"},{"taxonomy":"forma","embeddable":true,"href":"https:\/\/revolutionpadelstore.com\/fr\/wp-json\/wp\/v2\/forma?post=142519"},{"taxonomy":"jugador","embeddable":true,"href":"https:\/\/revolutionpadelstore.com\/fr\/wp-json\/wp\/v2\/jugador?post=142519"},{"taxonomy":"marca","embeddable":true,"href":"https:\/\/revolutionpadelstore.com\/fr\/wp-json\/wp\/v2\/marca?post=142519"},{"taxonomy":"nivel-de-juego","embeddable":true,"href":"https:\/\/revolutionpadelstore.com\/fr\/wp-json\/wp\/v2\/nivel-de-juego?post=142519"},{"taxonomy":"superficie","embeddable":true,"href":"https:\/\/revolutionpadelstore.com\/fr\/wp-json\/wp\/v2\/superficie?post=142519"},{"taxonomy":"tipo-de-juego","embeddable":true,"href":"https:\/\/revolutionpadelstore.com\/fr\/wp-json\/wp\/v2\/tipo-de-juego?post=142519"},{"taxonomy":"product_brand","embeddable":true,"href":"https:\/\/revolutionpadelstore.com\/fr\/wp-json\/wp\/v2\/product_brand?post=142519"},{"taxonomy":"product_cat","embeddable":true,"href":"https:\/\/revolutionpadelstore.com\/fr\/wp-json\/wp\/v2\/product_cat?post=142519"},{"taxonomy":"product_tag","embeddable":true,"href":"https:\/\/revolutionpadelstore.com\/fr\/wp-json\/wp\/v2\/product_tag?post=142519"}],"curies":[{"name":"wp","href":"https:\/\/api.w.org\/{rel}","templated":true}]}}