{"id":142514,"date":"2024-12-04T08:10:03","date_gmt":"2024-12-04T07:10:03","guid":{"rendered":"https:\/\/revolutionpadelstore.com\/adidas-adipower-multiweight-ctrl-3-4-2025\/"},"modified":"2026-04-08T09:48:33","modified_gmt":"2026-04-08T07:48:33","slug":"adidas-adipower-multiweight-ctrl-3-4-2025","status":"publish","type":"product","link":"https:\/\/revolutionpadelstore.com\/fr\/produit\/adidas-adipower-multiweight-ctrl-3-4-2025\/","title":{"rendered":"ADIDAS ADIPOWER MULTIWEIGHT CTRL 3.4 2025"},"content":{"rendered":"<h2> adidas adipower Multiweight Ctrl 3.4 2025, Round Format Shovel <\/H2><br \/>\nLe <strong> adidas adipower Multiweight Ctrl 3.4 2025 <\/strong> est la pelle choisie par le professionnel <strong> \u00c1lex Ruiz <\/strong>, con\u00e7u avec des technologies avanc\u00e9es pour offrir des performances et une personnalisation exceptionnelles. Gr\u00e2ce au syst\u00e8me <strong> Syst\u00e8me de poids et d&#8217;\u00e9quilibre <\/strong>, vous pouvez ajuster le poids et l&#8217;\u00e9quilibre de la pelle pour l&#8217;adapter aux besoins de chaque jeu. Sa composition en carbone 18K et sa conception \u00e9quilibr\u00e9e en font un outil id\u00e9al pour ceux qui recherchent la pr\u00e9cision, la puissance et le contr\u00f4le dans chaque coup.<\/p>\n<h2> Id\u00e9al pour les joueurs de haute performance <\/h2>\n<p>Cette pelle est con\u00e7ue pour les joueurs de haut niveau qui recherchent des performances maximales. Son format rond et ses caract\u00e9ristiques techniques le rendent parfait pour les coups d\u00e9fensifs et pour les situations d&#8217;attaque. Il est id\u00e9al pour ceux qui ont besoin de personnaliser leur \u00e9quipe en fonction des exigences du jeu, \u00e9tant particuli\u00e8rement adapt\u00e9 aux professionnels qui exigent le meilleur \u00e0 chaque point.<\/p>\n<h2> Caract\u00e9ristiques et technologies du Ctrl multi-poids ADIPOWER 3.4 2025 <\/H2><\/p>\n<p> <strong> -red Format <\/strong>: offre un plus grand contr\u00f4le et une maniabilit\u00e9.<\/p>\n<p> <strong> -Peso <\/strong>: 360-375 g (+9.1 G r\u00e9glable).<br \/>\n<P> <strong>-pond\u00e9mie et syst\u00e8me d&#8217;\u00e9quilibre <\/strong>: vous permet d&#8217;ajuster le poids et l&#8217;\u00e9quilibre pour adapter la pelle \u00e0 chaque style de jeu.<\/p>\n<p> <strong> -carbon 18K <\/strong>: offre une excellente rigidit\u00e9, puissance et durabilit\u00e9.<\/p>\n<p> <strong> -Dual Exosquelette <\/strong>: Renforcement structurel pour une plus grande stabilit\u00e9 de torsion.<\/p>\n<p> <strong> -Power Ambossics Ridge <\/strong>: Nerve de carbone qui augmente la rigidit\u00e9 du cadre.<\/p>\n<p> <strong>-Secal de la lame <\/strong>: un soulagement qui permet un effet plus important sur les coups.<br \/>\n<P style=\"padding-left: 40px\"> <strong> -Might Memory Eva <\/strong>: noyau \u00e0 haute densit\u00e9 qui augmente la puissance en coups rapides.<\/p>\n<p><H2> Disponible dans Revolution Padel Store <\/h2>\n<p>Le <strong> ADIPOWER Multiweight Ctrl 3.4 2025 <\/strong> combine la personnalisation, le contr\u00f4le et la puissance dans une conception sophistiqu\u00e9e. Si vous cherchez \u00e0 souligner comme <strong> \u00c1lex Ruiz <\/strong>, cette pelle sera votre meilleur alli\u00e9 sur la piste.<\/p>\n<h2>Adidas Adipower Multiweight Ctrl 3.4 2025, pala de formato redondo<\/h2>\n","protected":false},"excerpt":{"rendered":"<p>Adidas Adiper Multiweight Ctrl 3.4 2025 offre la personnalisation, le contr\u00f4le et la puissance des joueurs avanc\u00e9s. Inspir\u00e9 par \u00c1lex Ruiz, il combine des technologies de t\u00eate et une conception polyvalente.<\/p>\n","protected":false},"featured_media":135507,"comment_status":"open","ping_status":"closed","template":"","meta":{"_acf_changed":false,"_joinchat":[]},"acabado":[1107],"balance":[1147],"dureza":[1162],"forma":[1182],"jugador":[1192,1202],"marca":[1232],"nivel-de-juego":[1337,1347],"superficie":[1362],"tipo-de-juego":[1372],"product_brand":[],"product_cat":[302],"product_tag":[],"class_list":{"0":"post-142514","1":"product","2":"type-product","3":"status-publish","4":"has-post-thumbnail","6":"acabado-brut","7":"balance-faible","8":"dureza-dure","9":"forma-rond","10":"jugador-homme","11":"jugador-polivalente-fr","12":"marca-adidas-fr","13":"superficie-rugosa-fr","14":"tipo-de-juego-control-fr","15":"product_cat-palas-de-padel-fr","17":"first","18":"instock","19":"sale","20":"taxable","21":"shipping-taxable","22":"purchasable","23":"product-type-simple"},"acf":[],"yoast_head":"<!-- This site is optimized with the Yoast SEO plugin v27.4 - https:\/\/yoast.com\/product\/yoast-seo-wordpress\/ -->\n<title>ADIDAS ADIPOWER MULTIWEIGHT CTRL 3.4 2025 - Revolution Padel Store<\/title>\n<meta name=\"description\" content=\"La Adidas Adipower Multiweight Ctrl 3.4 2025 es la pala elegida por el jugador profesional \u00c1lex Ruiz, dise\u00f1ada con tecnolog\u00edas avanzadas para ofrecer un rendimiento y personalizaci\u00f3n excepcionales. Gracias al sistema Weight &amp; Balance System, puedes ajustar el peso y balance de la pala para adaptarla a las necesidades de cada partido. Su composici\u00f3n en carbono 18K y dise\u00f1o equilibrado la convierten en una herramienta ideal para quienes buscan precisi\u00f3n, potencia y control en cada golpe.\" \/>\n<meta name=\"robots\" content=\"index, follow, max-snippet:-1, max-image-preview:large, max-video-preview:-1\" \/>\n<link rel=\"canonical\" href=\"https:\/\/revolutionpadelstore.com\/fr\/produit\/adidas-adipower-multiweight-ctrl-3-4-2025\/\" \/>\n<meta property=\"og:locale\" content=\"fr_FR\" \/>\n<meta property=\"og:type\" content=\"article\" \/>\n<meta property=\"og:title\" content=\"ADIDAS ADIPOWER MULTIWEIGHT CTRL 3.4 2025 - Revolution Padel Store\" \/>\n<meta property=\"og:description\" content=\"La Adidas Adipower Multiweight Ctrl 3.4 2025 es la pala elegida por el jugador profesional \u00c1lex Ruiz, dise\u00f1ada con tecnolog\u00edas avanzadas para ofrecer un rendimiento y personalizaci\u00f3n excepcionales. Gracias al sistema Weight &amp; Balance System, puedes ajustar el peso y balance de la pala para adaptarla a las necesidades de cada partido. Su composici\u00f3n en carbono 18K y dise\u00f1o equilibrado la convierten en una herramienta ideal para quienes buscan precisi\u00f3n, potencia y control en cada golpe.\" \/>\n<meta property=\"og:url\" content=\"https:\/\/revolutionpadelstore.com\/fr\/produit\/adidas-adipower-multiweight-ctrl-3-4-2025\/\" \/>\n<meta property=\"og:site_name\" content=\"Revolution Padel Store\" \/>\n<meta property=\"article:modified_time\" content=\"2026-04-08T07:48:33+00:00\" \/>\n<meta property=\"og:image\" content=\"https:\/\/revolutionpadelstore.com\/wp-content\/uploads\/2024\/12\/113676-pala-adidas-adipower-multiweight-ctrl-3-4-ar1ca2u311500x1500-1.webp\" \/>\n\t<meta property=\"og:image:width\" content=\"1500\" \/>\n\t<meta property=\"og:image:height\" content=\"1500\" \/>\n\t<meta property=\"og:image:type\" content=\"image\/webp\" \/>\n<meta name=\"twitter:card\" content=\"summary_large_image\" \/>\n<meta name=\"twitter:label1\" content=\"Dur\u00e9e de lecture estim\u00e9e\" \/>\n\t<meta name=\"twitter:data1\" content=\"2 minutes\" \/>\n<script type=\"application\/ld+json\" class=\"yoast-schema-graph\">{\"@context\":\"https:\\\/\\\/schema.org\",\"@graph\":[{\"@type\":\"WebPage\",\"@id\":\"https:\\\/\\\/revolutionpadelstore.com\\\/fr\\\/produit\\\/adidas-adipower-multiweight-ctrl-3-4-2025\\\/\",\"url\":\"https:\\\/\\\/revolutionpadelstore.com\\\/fr\\\/produit\\\/adidas-adipower-multiweight-ctrl-3-4-2025\\\/\",\"name\":\"ADIDAS ADIPOWER MULTIWEIGHT CTRL 3.4 2025 - Revolution Padel Store\",\"isPartOf\":{\"@id\":\"https:\\\/\\\/revolutionpadelstore.com\\\/fr\\\/#website\"},\"primaryImageOfPage\":{\"@id\":\"https:\\\/\\\/revolutionpadelstore.com\\\/fr\\\/produit\\\/adidas-adipower-multiweight-ctrl-3-4-2025\\\/#primaryimage\"},\"image\":{\"@id\":\"https:\\\/\\\/revolutionpadelstore.com\\\/fr\\\/produit\\\/adidas-adipower-multiweight-ctrl-3-4-2025\\\/#primaryimage\"},\"thumbnailUrl\":\"https:\\\/\\\/revolutionpadelstore.com\\\/wp-content\\\/uploads\\\/2024\\\/12\\\/113676-pala-adidas-adipower-multiweight-ctrl-3-4-ar1ca2u311500x1500-1.webp\",\"datePublished\":\"2024-12-04T07:10:03+00:00\",\"dateModified\":\"2026-04-08T07:48:33+00:00\",\"description\":\"La Adidas Adipower Multiweight Ctrl 3.4 2025 es la pala elegida por el jugador profesional \u00c1lex Ruiz, dise\u00f1ada con tecnolog\u00edas avanzadas para ofrecer un rendimiento y personalizaci\u00f3n excepcionales. Gracias al sistema Weight & Balance System, puedes ajustar el peso y balance de la pala para adaptarla a las necesidades de cada partido. Su composici\u00f3n en carbono 18K y dise\u00f1o equilibrado la convierten en una herramienta ideal para quienes buscan precisi\u00f3n, potencia y control en cada golpe.\",\"breadcrumb\":{\"@id\":\"https:\\\/\\\/revolutionpadelstore.com\\\/fr\\\/produit\\\/adidas-adipower-multiweight-ctrl-3-4-2025\\\/#breadcrumb\"},\"inLanguage\":\"fr-FR\",\"potentialAction\":[{\"@type\":\"ReadAction\",\"target\":[\"https:\\\/\\\/revolutionpadelstore.com\\\/fr\\\/produit\\\/adidas-adipower-multiweight-ctrl-3-4-2025\\\/\"]}]},{\"@type\":\"ImageObject\",\"inLanguage\":\"fr-FR\",\"@id\":\"https:\\\/\\\/revolutionpadelstore.com\\\/fr\\\/produit\\\/adidas-adipower-multiweight-ctrl-3-4-2025\\\/#primaryimage\",\"url\":\"https:\\\/\\\/revolutionpadelstore.com\\\/wp-content\\\/uploads\\\/2024\\\/12\\\/113676-pala-adidas-adipower-multiweight-ctrl-3-4-ar1ca2u311500x1500-1.webp\",\"contentUrl\":\"https:\\\/\\\/revolutionpadelstore.com\\\/wp-content\\\/uploads\\\/2024\\\/12\\\/113676-pala-adidas-adipower-multiweight-ctrl-3-4-ar1ca2u311500x1500-1.webp\",\"width\":1500,\"height\":1500},{\"@type\":\"BreadcrumbList\",\"@id\":\"https:\\\/\\\/revolutionpadelstore.com\\\/fr\\\/produit\\\/adidas-adipower-multiweight-ctrl-3-4-2025\\\/#breadcrumb\",\"itemListElement\":[{\"@type\":\"ListItem\",\"position\":1,\"name\":\"Portada\",\"item\":\"https:\\\/\\\/revolutionpadelstore.com\\\/fr\\\/\"},{\"@type\":\"ListItem\",\"position\":2,\"name\":\"Boutique\",\"item\":\"https:\\\/\\\/revolutionpadelstore.com\\\/fr\\\/tienda\\\/\"},{\"@type\":\"ListItem\",\"position\":3,\"name\":\"ADIDAS ADIPOWER MULTIWEIGHT CTRL 3.4 2025\"}]},{\"@type\":\"WebSite\",\"@id\":\"https:\\\/\\\/revolutionpadelstore.com\\\/fr\\\/#website\",\"url\":\"https:\\\/\\\/revolutionpadelstore.com\\\/fr\\\/\",\"name\":\"Revolution Padel Store\",\"description\":\"\",\"publisher\":{\"@id\":\"https:\\\/\\\/revolutionpadelstore.com\\\/fr\\\/#organization\"},\"potentialAction\":[{\"@type\":\"SearchAction\",\"target\":{\"@type\":\"EntryPoint\",\"urlTemplate\":\"https:\\\/\\\/revolutionpadelstore.com\\\/fr\\\/?s={search_term_string}\"},\"query-input\":{\"@type\":\"PropertyValueSpecification\",\"valueRequired\":true,\"valueName\":\"search_term_string\"}}],\"inLanguage\":\"fr-FR\"},{\"@type\":\"Organization\",\"@id\":\"https:\\\/\\\/revolutionpadelstore.com\\\/fr\\\/#organization\",\"name\":\"Revolution Padel Store\",\"url\":\"https:\\\/\\\/revolutionpadelstore.com\\\/fr\\\/\",\"logo\":{\"@type\":\"ImageObject\",\"inLanguage\":\"fr-FR\",\"@id\":\"https:\\\/\\\/revolutionpadelstore.com\\\/fr\\\/#\\\/schema\\\/logo\\\/image\\\/\",\"url\":\"https:\\\/\\\/revolutionpadelstore.com\\\/wp-content\\\/uploads\\\/2026\\\/02\\\/revolution-padel-store.jpg\",\"contentUrl\":\"https:\\\/\\\/revolutionpadelstore.com\\\/wp-content\\\/uploads\\\/2026\\\/02\\\/revolution-padel-store.jpg\",\"width\":2000,\"height\":2000,\"caption\":\"Revolution Padel Store\"},\"image\":{\"@id\":\"https:\\\/\\\/revolutionpadelstore.com\\\/fr\\\/#\\\/schema\\\/logo\\\/image\\\/\"},\"sameAs\":[\"https:\\\/\\\/www.instagram.com\\\/revolutionpadelstore\\\/\"]}]}<\/script>\n<!-- \/ Yoast SEO plugin. -->","yoast_head_json":{"title":"ADIDAS ADIPOWER MULTIWEIGHT CTRL 3.4 2025 - Revolution Padel Store","description":"La Adidas Adipower Multiweight Ctrl 3.4 2025 es la pala elegida por el jugador profesional \u00c1lex Ruiz, dise\u00f1ada con tecnolog\u00edas avanzadas para ofrecer un rendimiento y personalizaci\u00f3n excepcionales. Gracias al sistema Weight & Balance System, puedes ajustar el peso y balance de la pala para adaptarla a las necesidades de cada partido. Su composici\u00f3n en carbono 18K y dise\u00f1o equilibrado la convierten en una herramienta ideal para quienes buscan precisi\u00f3n, potencia y control en cada golpe.","robots":{"index":"index","follow":"follow","max-snippet":"max-snippet:-1","max-image-preview":"max-image-preview:large","max-video-preview":"max-video-preview:-1"},"canonical":"https:\/\/revolutionpadelstore.com\/fr\/produit\/adidas-adipower-multiweight-ctrl-3-4-2025\/","og_locale":"fr_FR","og_type":"article","og_title":"ADIDAS ADIPOWER MULTIWEIGHT CTRL 3.4 2025 - Revolution Padel Store","og_description":"La Adidas Adipower Multiweight Ctrl 3.4 2025 es la pala elegida por el jugador profesional \u00c1lex Ruiz, dise\u00f1ada con tecnolog\u00edas avanzadas para ofrecer un rendimiento y personalizaci\u00f3n excepcionales. Gracias al sistema Weight & Balance System, puedes ajustar el peso y balance de la pala para adaptarla a las necesidades de cada partido. Su composici\u00f3n en carbono 18K y dise\u00f1o equilibrado la convierten en una herramienta ideal para quienes buscan precisi\u00f3n, potencia y control en cada golpe.","og_url":"https:\/\/revolutionpadelstore.com\/fr\/produit\/adidas-adipower-multiweight-ctrl-3-4-2025\/","og_site_name":"Revolution Padel Store","article_modified_time":"2026-04-08T07:48:33+00:00","og_image":[{"width":1500,"height":1500,"url":"https:\/\/revolutionpadelstore.com\/wp-content\/uploads\/2024\/12\/113676-pala-adidas-adipower-multiweight-ctrl-3-4-ar1ca2u311500x1500-1.webp","type":"image\/webp"}],"twitter_card":"summary_large_image","twitter_misc":{"Dur\u00e9e de lecture estim\u00e9e":"2 minutes"},"schema":{"@context":"https:\/\/schema.org","@graph":[{"@type":"WebPage","@id":"https:\/\/revolutionpadelstore.com\/fr\/produit\/adidas-adipower-multiweight-ctrl-3-4-2025\/","url":"https:\/\/revolutionpadelstore.com\/fr\/produit\/adidas-adipower-multiweight-ctrl-3-4-2025\/","name":"ADIDAS ADIPOWER MULTIWEIGHT CTRL 3.4 2025 - Revolution Padel Store","isPartOf":{"@id":"https:\/\/revolutionpadelstore.com\/fr\/#website"},"primaryImageOfPage":{"@id":"https:\/\/revolutionpadelstore.com\/fr\/produit\/adidas-adipower-multiweight-ctrl-3-4-2025\/#primaryimage"},"image":{"@id":"https:\/\/revolutionpadelstore.com\/fr\/produit\/adidas-adipower-multiweight-ctrl-3-4-2025\/#primaryimage"},"thumbnailUrl":"https:\/\/revolutionpadelstore.com\/wp-content\/uploads\/2024\/12\/113676-pala-adidas-adipower-multiweight-ctrl-3-4-ar1ca2u311500x1500-1.webp","datePublished":"2024-12-04T07:10:03+00:00","dateModified":"2026-04-08T07:48:33+00:00","description":"La Adidas Adipower Multiweight Ctrl 3.4 2025 es la pala elegida por el jugador profesional \u00c1lex Ruiz, dise\u00f1ada con tecnolog\u00edas avanzadas para ofrecer un rendimiento y personalizaci\u00f3n excepcionales. Gracias al sistema Weight & Balance System, puedes ajustar el peso y balance de la pala para adaptarla a las necesidades de cada partido. Su composici\u00f3n en carbono 18K y dise\u00f1o equilibrado la convierten en una herramienta ideal para quienes buscan precisi\u00f3n, potencia y control en cada golpe.","breadcrumb":{"@id":"https:\/\/revolutionpadelstore.com\/fr\/produit\/adidas-adipower-multiweight-ctrl-3-4-2025\/#breadcrumb"},"inLanguage":"fr-FR","potentialAction":[{"@type":"ReadAction","target":["https:\/\/revolutionpadelstore.com\/fr\/produit\/adidas-adipower-multiweight-ctrl-3-4-2025\/"]}]},{"@type":"ImageObject","inLanguage":"fr-FR","@id":"https:\/\/revolutionpadelstore.com\/fr\/produit\/adidas-adipower-multiweight-ctrl-3-4-2025\/#primaryimage","url":"https:\/\/revolutionpadelstore.com\/wp-content\/uploads\/2024\/12\/113676-pala-adidas-adipower-multiweight-ctrl-3-4-ar1ca2u311500x1500-1.webp","contentUrl":"https:\/\/revolutionpadelstore.com\/wp-content\/uploads\/2024\/12\/113676-pala-adidas-adipower-multiweight-ctrl-3-4-ar1ca2u311500x1500-1.webp","width":1500,"height":1500},{"@type":"BreadcrumbList","@id":"https:\/\/revolutionpadelstore.com\/fr\/produit\/adidas-adipower-multiweight-ctrl-3-4-2025\/#breadcrumb","itemListElement":[{"@type":"ListItem","position":1,"name":"Portada","item":"https:\/\/revolutionpadelstore.com\/fr\/"},{"@type":"ListItem","position":2,"name":"Boutique","item":"https:\/\/revolutionpadelstore.com\/fr\/tienda\/"},{"@type":"ListItem","position":3,"name":"ADIDAS ADIPOWER MULTIWEIGHT CTRL 3.4 2025"}]},{"@type":"WebSite","@id":"https:\/\/revolutionpadelstore.com\/fr\/#website","url":"https:\/\/revolutionpadelstore.com\/fr\/","name":"Revolution Padel Store","description":"","publisher":{"@id":"https:\/\/revolutionpadelstore.com\/fr\/#organization"},"potentialAction":[{"@type":"SearchAction","target":{"@type":"EntryPoint","urlTemplate":"https:\/\/revolutionpadelstore.com\/fr\/?s={search_term_string}"},"query-input":{"@type":"PropertyValueSpecification","valueRequired":true,"valueName":"search_term_string"}}],"inLanguage":"fr-FR"},{"@type":"Organization","@id":"https:\/\/revolutionpadelstore.com\/fr\/#organization","name":"Revolution Padel Store","url":"https:\/\/revolutionpadelstore.com\/fr\/","logo":{"@type":"ImageObject","inLanguage":"fr-FR","@id":"https:\/\/revolutionpadelstore.com\/fr\/#\/schema\/logo\/image\/","url":"https:\/\/revolutionpadelstore.com\/wp-content\/uploads\/2026\/02\/revolution-padel-store.jpg","contentUrl":"https:\/\/revolutionpadelstore.com\/wp-content\/uploads\/2026\/02\/revolution-padel-store.jpg","width":2000,"height":2000,"caption":"Revolution Padel Store"},"image":{"@id":"https:\/\/revolutionpadelstore.com\/fr\/#\/schema\/logo\/image\/"},"sameAs":["https:\/\/www.instagram.com\/revolutionpadelstore\/"]}]}},"_links":{"self":[{"href":"https:\/\/revolutionpadelstore.com\/fr\/wp-json\/wp\/v2\/product\/142514","targetHints":{"allow":["GET"]}}],"collection":[{"href":"https:\/\/revolutionpadelstore.com\/fr\/wp-json\/wp\/v2\/product"}],"about":[{"href":"https:\/\/revolutionpadelstore.com\/fr\/wp-json\/wp\/v2\/types\/product"}],"replies":[{"embeddable":true,"href":"https:\/\/revolutionpadelstore.com\/fr\/wp-json\/wp\/v2\/comments?post=142514"}],"wp:featuredmedia":[{"embeddable":true,"href":"https:\/\/revolutionpadelstore.com\/fr\/wp-json\/wp\/v2\/media\/135507"}],"wp:attachment":[{"href":"https:\/\/revolutionpadelstore.com\/fr\/wp-json\/wp\/v2\/media?parent=142514"}],"wp:term":[{"taxonomy":"acabado","embeddable":true,"href":"https:\/\/revolutionpadelstore.com\/fr\/wp-json\/wp\/v2\/acabado?post=142514"},{"taxonomy":"balance","embeddable":true,"href":"https:\/\/revolutionpadelstore.com\/fr\/wp-json\/wp\/v2\/balance?post=142514"},{"taxonomy":"dureza","embeddable":true,"href":"https:\/\/revolutionpadelstore.com\/fr\/wp-json\/wp\/v2\/dureza?post=142514"},{"taxonomy":"forma","embeddable":true,"href":"https:\/\/revolutionpadelstore.com\/fr\/wp-json\/wp\/v2\/forma?post=142514"},{"taxonomy":"jugador","embeddable":true,"href":"https:\/\/revolutionpadelstore.com\/fr\/wp-json\/wp\/v2\/jugador?post=142514"},{"taxonomy":"marca","embeddable":true,"href":"https:\/\/revolutionpadelstore.com\/fr\/wp-json\/wp\/v2\/marca?post=142514"},{"taxonomy":"nivel-de-juego","embeddable":true,"href":"https:\/\/revolutionpadelstore.com\/fr\/wp-json\/wp\/v2\/nivel-de-juego?post=142514"},{"taxonomy":"superficie","embeddable":true,"href":"https:\/\/revolutionpadelstore.com\/fr\/wp-json\/wp\/v2\/superficie?post=142514"},{"taxonomy":"tipo-de-juego","embeddable":true,"href":"https:\/\/revolutionpadelstore.com\/fr\/wp-json\/wp\/v2\/tipo-de-juego?post=142514"},{"taxonomy":"product_brand","embeddable":true,"href":"https:\/\/revolutionpadelstore.com\/fr\/wp-json\/wp\/v2\/product_brand?post=142514"},{"taxonomy":"product_cat","embeddable":true,"href":"https:\/\/revolutionpadelstore.com\/fr\/wp-json\/wp\/v2\/product_cat?post=142514"},{"taxonomy":"product_tag","embeddable":true,"href":"https:\/\/revolutionpadelstore.com\/fr\/wp-json\/wp\/v2\/product_tag?post=142514"}],"curies":[{"name":"wp","href":"https:\/\/api.w.org\/{rel}","templated":true}]}}