{"id":142453,"date":"2024-12-05T12:12:25","date_gmt":"2024-12-05T11:12:25","guid":{"rendered":"https:\/\/revolutionpadelstore.com\/?post_type=product&#038;p=142453"},"modified":"2026-04-27T14:00:38","modified_gmt":"2026-04-27T12:00:38","slug":"siux-pegasus-revolution-2-pro-3","status":"publish","type":"product","link":"https:\/\/revolutionpadelstore.com\/fr\/produit\/siux-pegasus-revolution-2-pro-3\/","title":{"rendered":"SIUX PEGASUS REVOLUTION 2 PRO"},"content":{"rendered":"<h2> <strong> Siux Pegasus Revolution 2: une pelle hybride haute performance <\/strong> <\/h2>\n<p>Le <strong> Siux Pegasus Revolution 2 <\/strong> est un mod\u00e8le de mod\u00e8le innovant et con\u00e7u sp\u00e9cifiquement pour les joueurs et les professionnels avanc\u00e9s qui cherchent \u00e0 maximiser leurs performances sur la piste. Sa conception se distingue pour combiner l&#8217;\u00e9l\u00e9gance avec une puissance sup\u00e9rieure.<\/p>\n<p>Cette pelle hybride a un <strong> balance moyenne <\/strong>, ce qui lui donne une grande polyvalence dans le jeu. Avec un poids comprise entre 355 et 375 grammes, il offre une excellente combinaison de pr\u00e9cision et de puissance dans chaque coup, s&#8217;adaptant parfaitement aux besoins des joueurs les plus exigeants.<\/p>\n<h2> <strong> Tactement dur moyen pour le contr\u00f4le et la puissance \u00e9quilibr\u00e9s <\/strong> <\/h2>\n<p>Le noyau de <strong> caoutchouc EVA de haute qualit\u00e9 <\/strong> garantit un m\u00e9lange id\u00e9al d&#8217;\u00e9lasticit\u00e9 et de fermet\u00e9, offrant l&#8217;\u00e9quilibre parfait entre le contr\u00f4le et la puissance. Les faces fabriqu\u00e9es avec <strong> 24k-carbone <\/strong> offrent une touche \u00e0 demi-tough qui optimise les performances dans chaque coup. Votre <strong> 12k <\/strong> tubulaire ajoute une r\u00e9sistance et une durabilit\u00e9, garantissant un niveau \u00e9lev\u00e9 de performances pendant une longue p\u00e9riode.<\/p>\n<h2> <strong> Technologie avanc\u00e9e pour de meilleures performances <\/strong> <\/h2>\n<p>Fabriqu\u00e9 avec des mat\u00e9riaux de qualit\u00e9 sup\u00e9rieure, la pelle a l&#8217;air d&#8217;une finition noire brillante avec des d\u00e9tails violet dans le cadre et le c\u0153ur, lui donnant une touche moderne et sophistiqu\u00e9e. De plus, le <strong> double poign\u00e9e PR <\/strong> assure une poign\u00e9e ferme et confortable m\u00eame dans les moments les plus intenses de la f\u00eate. D&#8217;un autre c\u00f4t\u00e9, les amortisseurs <strong> amortisseurs <\/strong> incorpor\u00e9s aident \u00e0 minimiser les vibrations, \u00e0 augmenter le confort et le contr\u00f4le.<\/p>\n<h2> <strong> une pelle pour les joueurs les plus exigeants <\/strong> <\/h2>\n<p>En bref, la <strong> Siux Pegasus Revolution 2 <\/strong> est une pelle con\u00e7ue pour ceux qui recherchent l&#8217;excellence sur la piste. Son \u00e9quilibre entre contr\u00f4le et puissance, ainsi que sa construction dans des mat\u00e9riaux premium et sa conception attrayante, en font une option exceptionnelle pour les joueurs qui aspirent \u00e0 des performances plus \u00e9lev\u00e9es dans chaque jeu.<\/p>\n<h2><strong>Siux Pegasus Revolution 2: una pala h\u00edbrida de alto rendimiento<\/strong><\/p>\n","protected":false},"excerpt":{"rendered":"<p>Siux Pegasus Revolution 2, pelle \u00e0 palette de qualit\u00e9 sup\u00e9rieure de la gamme Pro Series. Pelle hybride pour les joueurs avanc\u00e9s ou professionnels moyens avec du carbone X-carbone 24K.<\/p>\n","protected":false},"featured_media":154969,"comment_status":"open","ping_status":"closed","template":"","meta":{"_acf_changed":false,"_joinchat":[]},"acabado":[1082],"balance":[1142],"dureza":[1162],"forma":[1177],"jugador":[1192,1202],"marca":[1307],"nivel-de-juego":[1337],"superficie":[1357],"tipo-de-juego":[1387],"product_brand":[],"product_cat":[302],"product_tag":[],"class_list":{"0":"post-142453","1":"product","2":"type-product","3":"status-publish","4":"has-post-thumbnail","6":"acabado-luminosite","7":"balance-moyen","8":"dureza-dure","9":"forma-hybride","10":"jugador-homme","11":"jugador-polivalente-fr","12":"marca-siux-fr","13":"superficie-lise","14":"tipo-de-juego-polivalente-fr","15":"product_cat-palas-de-padel-fr","17":"first","18":"instock","19":"sale","20":"taxable","21":"shipping-taxable","22":"purchasable","23":"product-type-simple"},"acf":[],"yoast_head":"<!-- This site is optimized with the Yoast SEO plugin v27.5 - https:\/\/yoast.com\/product\/yoast-seo-wordpress\/ -->\n<title>SIUX PEGASUS REVOLUTION 2 PRO - Revolution Padel Store<\/title>\n<meta name=\"description\" content=\"La Siux Pegasus Revolution 2 es una pala de p\u00e1del innovadora y dise\u00f1ada espec\u00edficamente para jugadores avanzados y profesionales que buscan maximizar su desempe\u00f1o en la pista. Su dise\u00f1o destaca por combinar elegancia con una potencia superior.\" \/>\n<meta name=\"robots\" content=\"index, follow, max-snippet:-1, max-image-preview:large, max-video-preview:-1\" \/>\n<link rel=\"canonical\" href=\"https:\/\/revolutionpadelstore.com\/fr\/produit\/siux-pegasus-revolution-2-pro-3\/\" \/>\n<meta property=\"og:locale\" content=\"fr_FR\" \/>\n<meta property=\"og:type\" content=\"article\" \/>\n<meta property=\"og:title\" content=\"SIUX PEGASUS REVOLUTION 2 PRO - Revolution Padel Store\" \/>\n<meta property=\"og:description\" content=\"La Siux Pegasus Revolution 2 es una pala de p\u00e1del innovadora y dise\u00f1ada espec\u00edficamente para jugadores avanzados y profesionales que buscan maximizar su desempe\u00f1o en la pista. Su dise\u00f1o destaca por combinar elegancia con una potencia superior.\" \/>\n<meta property=\"og:url\" content=\"https:\/\/revolutionpadelstore.com\/fr\/produit\/siux-pegasus-revolution-2-pro-3\/\" \/>\n<meta property=\"og:site_name\" content=\"Revolution Padel Store\" \/>\n<meta property=\"article:modified_time\" content=\"2026-04-27T12:00:38+00:00\" \/>\n<meta property=\"og:image\" content=\"https:\/\/revolutionpadelstore.com\/wp-content\/uploads\/2024\/12\/109481_siux_pegasus_revolution_2_1500x1500_vista1_c90d.webp\" \/>\n\t<meta property=\"og:image:width\" content=\"1500\" \/>\n\t<meta property=\"og:image:height\" content=\"1500\" \/>\n\t<meta property=\"og:image:type\" content=\"image\/webp\" \/>\n<meta name=\"twitter:card\" content=\"summary_large_image\" \/>\n<meta name=\"twitter:label1\" content=\"Dur\u00e9e de lecture estim\u00e9e\" \/>\n\t<meta name=\"twitter:data1\" content=\"2 minutes\" \/>\n<script type=\"application\/ld+json\" class=\"yoast-schema-graph\">{\"@context\":\"https:\\\/\\\/schema.org\",\"@graph\":[{\"@type\":\"WebPage\",\"@id\":\"https:\\\/\\\/revolutionpadelstore.com\\\/fr\\\/produit\\\/siux-pegasus-revolution-2-pro-3\\\/\",\"url\":\"https:\\\/\\\/revolutionpadelstore.com\\\/fr\\\/produit\\\/siux-pegasus-revolution-2-pro-3\\\/\",\"name\":\"SIUX PEGASUS REVOLUTION 2 PRO - Revolution Padel Store\",\"isPartOf\":{\"@id\":\"https:\\\/\\\/revolutionpadelstore.com\\\/fr\\\/#website\"},\"primaryImageOfPage\":{\"@id\":\"https:\\\/\\\/revolutionpadelstore.com\\\/fr\\\/produit\\\/siux-pegasus-revolution-2-pro-3\\\/#primaryimage\"},\"image\":{\"@id\":\"https:\\\/\\\/revolutionpadelstore.com\\\/fr\\\/produit\\\/siux-pegasus-revolution-2-pro-3\\\/#primaryimage\"},\"thumbnailUrl\":\"https:\\\/\\\/revolutionpadelstore.com\\\/wp-content\\\/uploads\\\/2024\\\/12\\\/109481_siux_pegasus_revolution_2_1500x1500_vista1_c90d.webp\",\"datePublished\":\"2024-12-05T11:12:25+00:00\",\"dateModified\":\"2026-04-27T12:00:38+00:00\",\"description\":\"La Siux Pegasus Revolution 2 es una pala de p\u00e1del innovadora y dise\u00f1ada espec\u00edficamente para jugadores avanzados y profesionales que buscan maximizar su desempe\u00f1o en la pista. Su dise\u00f1o destaca por combinar elegancia con una potencia superior.\",\"breadcrumb\":{\"@id\":\"https:\\\/\\\/revolutionpadelstore.com\\\/fr\\\/produit\\\/siux-pegasus-revolution-2-pro-3\\\/#breadcrumb\"},\"inLanguage\":\"fr-FR\",\"potentialAction\":[{\"@type\":\"ReadAction\",\"target\":[\"https:\\\/\\\/revolutionpadelstore.com\\\/fr\\\/produit\\\/siux-pegasus-revolution-2-pro-3\\\/\"]}]},{\"@type\":\"ImageObject\",\"inLanguage\":\"fr-FR\",\"@id\":\"https:\\\/\\\/revolutionpadelstore.com\\\/fr\\\/produit\\\/siux-pegasus-revolution-2-pro-3\\\/#primaryimage\",\"url\":\"https:\\\/\\\/revolutionpadelstore.com\\\/wp-content\\\/uploads\\\/2024\\\/12\\\/109481_siux_pegasus_revolution_2_1500x1500_vista1_c90d.webp\",\"contentUrl\":\"https:\\\/\\\/revolutionpadelstore.com\\\/wp-content\\\/uploads\\\/2024\\\/12\\\/109481_siux_pegasus_revolution_2_1500x1500_vista1_c90d.webp\",\"width\":1500,\"height\":1500},{\"@type\":\"BreadcrumbList\",\"@id\":\"https:\\\/\\\/revolutionpadelstore.com\\\/fr\\\/produit\\\/siux-pegasus-revolution-2-pro-3\\\/#breadcrumb\",\"itemListElement\":[{\"@type\":\"ListItem\",\"position\":1,\"name\":\"Portada\",\"item\":\"https:\\\/\\\/revolutionpadelstore.com\\\/fr\\\/\"},{\"@type\":\"ListItem\",\"position\":2,\"name\":\"Boutique\",\"item\":\"https:\\\/\\\/revolutionpadelstore.com\\\/fr\\\/tienda\\\/\"},{\"@type\":\"ListItem\",\"position\":3,\"name\":\"SIUX PEGASUS REVOLUTION 2 PRO\"}]},{\"@type\":\"WebSite\",\"@id\":\"https:\\\/\\\/revolutionpadelstore.com\\\/fr\\\/#website\",\"url\":\"https:\\\/\\\/revolutionpadelstore.com\\\/fr\\\/\",\"name\":\"Revolution Padel Store\",\"description\":\"\",\"publisher\":{\"@id\":\"https:\\\/\\\/revolutionpadelstore.com\\\/fr\\\/#organization\"},\"potentialAction\":[{\"@type\":\"SearchAction\",\"target\":{\"@type\":\"EntryPoint\",\"urlTemplate\":\"https:\\\/\\\/revolutionpadelstore.com\\\/fr\\\/?s={search_term_string}\"},\"query-input\":{\"@type\":\"PropertyValueSpecification\",\"valueRequired\":true,\"valueName\":\"search_term_string\"}}],\"inLanguage\":\"fr-FR\"},{\"@type\":\"Organization\",\"@id\":\"https:\\\/\\\/revolutionpadelstore.com\\\/fr\\\/#organization\",\"name\":\"Revolution Padel Store\",\"url\":\"https:\\\/\\\/revolutionpadelstore.com\\\/fr\\\/\",\"logo\":{\"@type\":\"ImageObject\",\"inLanguage\":\"fr-FR\",\"@id\":\"https:\\\/\\\/revolutionpadelstore.com\\\/fr\\\/#\\\/schema\\\/logo\\\/image\\\/\",\"url\":\"https:\\\/\\\/revolutionpadelstore.com\\\/wp-content\\\/uploads\\\/2026\\\/02\\\/revolution-padel-store.jpg\",\"contentUrl\":\"https:\\\/\\\/revolutionpadelstore.com\\\/wp-content\\\/uploads\\\/2026\\\/02\\\/revolution-padel-store.jpg\",\"width\":2000,\"height\":2000,\"caption\":\"Revolution Padel Store\"},\"image\":{\"@id\":\"https:\\\/\\\/revolutionpadelstore.com\\\/fr\\\/#\\\/schema\\\/logo\\\/image\\\/\"},\"sameAs\":[\"https:\\\/\\\/www.instagram.com\\\/revolutionpadelstore\\\/\"]}]}<\/script>\n<!-- \/ Yoast SEO plugin. -->","yoast_head_json":{"title":"SIUX PEGASUS REVOLUTION 2 PRO - Revolution Padel Store","description":"La Siux Pegasus Revolution 2 es una pala de p\u00e1del innovadora y dise\u00f1ada espec\u00edficamente para jugadores avanzados y profesionales que buscan maximizar su desempe\u00f1o en la pista. Su dise\u00f1o destaca por combinar elegancia con una potencia superior.","robots":{"index":"index","follow":"follow","max-snippet":"max-snippet:-1","max-image-preview":"max-image-preview:large","max-video-preview":"max-video-preview:-1"},"canonical":"https:\/\/revolutionpadelstore.com\/fr\/produit\/siux-pegasus-revolution-2-pro-3\/","og_locale":"fr_FR","og_type":"article","og_title":"SIUX PEGASUS REVOLUTION 2 PRO - Revolution Padel Store","og_description":"La Siux Pegasus Revolution 2 es una pala de p\u00e1del innovadora y dise\u00f1ada espec\u00edficamente para jugadores avanzados y profesionales que buscan maximizar su desempe\u00f1o en la pista. Su dise\u00f1o destaca por combinar elegancia con una potencia superior.","og_url":"https:\/\/revolutionpadelstore.com\/fr\/produit\/siux-pegasus-revolution-2-pro-3\/","og_site_name":"Revolution Padel Store","article_modified_time":"2026-04-27T12:00:38+00:00","og_image":[{"width":1500,"height":1500,"url":"https:\/\/revolutionpadelstore.com\/wp-content\/uploads\/2024\/12\/109481_siux_pegasus_revolution_2_1500x1500_vista1_c90d.webp","type":"image\/webp"}],"twitter_card":"summary_large_image","twitter_misc":{"Dur\u00e9e de lecture estim\u00e9e":"2 minutes"},"schema":{"@context":"https:\/\/schema.org","@graph":[{"@type":"WebPage","@id":"https:\/\/revolutionpadelstore.com\/fr\/produit\/siux-pegasus-revolution-2-pro-3\/","url":"https:\/\/revolutionpadelstore.com\/fr\/produit\/siux-pegasus-revolution-2-pro-3\/","name":"SIUX PEGASUS REVOLUTION 2 PRO - Revolution Padel Store","isPartOf":{"@id":"https:\/\/revolutionpadelstore.com\/fr\/#website"},"primaryImageOfPage":{"@id":"https:\/\/revolutionpadelstore.com\/fr\/produit\/siux-pegasus-revolution-2-pro-3\/#primaryimage"},"image":{"@id":"https:\/\/revolutionpadelstore.com\/fr\/produit\/siux-pegasus-revolution-2-pro-3\/#primaryimage"},"thumbnailUrl":"https:\/\/revolutionpadelstore.com\/wp-content\/uploads\/2024\/12\/109481_siux_pegasus_revolution_2_1500x1500_vista1_c90d.webp","datePublished":"2024-12-05T11:12:25+00:00","dateModified":"2026-04-27T12:00:38+00:00","description":"La Siux Pegasus Revolution 2 es una pala de p\u00e1del innovadora y dise\u00f1ada espec\u00edficamente para jugadores avanzados y profesionales que buscan maximizar su desempe\u00f1o en la pista. Su dise\u00f1o destaca por combinar elegancia con una potencia superior.","breadcrumb":{"@id":"https:\/\/revolutionpadelstore.com\/fr\/produit\/siux-pegasus-revolution-2-pro-3\/#breadcrumb"},"inLanguage":"fr-FR","potentialAction":[{"@type":"ReadAction","target":["https:\/\/revolutionpadelstore.com\/fr\/produit\/siux-pegasus-revolution-2-pro-3\/"]}]},{"@type":"ImageObject","inLanguage":"fr-FR","@id":"https:\/\/revolutionpadelstore.com\/fr\/produit\/siux-pegasus-revolution-2-pro-3\/#primaryimage","url":"https:\/\/revolutionpadelstore.com\/wp-content\/uploads\/2024\/12\/109481_siux_pegasus_revolution_2_1500x1500_vista1_c90d.webp","contentUrl":"https:\/\/revolutionpadelstore.com\/wp-content\/uploads\/2024\/12\/109481_siux_pegasus_revolution_2_1500x1500_vista1_c90d.webp","width":1500,"height":1500},{"@type":"BreadcrumbList","@id":"https:\/\/revolutionpadelstore.com\/fr\/produit\/siux-pegasus-revolution-2-pro-3\/#breadcrumb","itemListElement":[{"@type":"ListItem","position":1,"name":"Portada","item":"https:\/\/revolutionpadelstore.com\/fr\/"},{"@type":"ListItem","position":2,"name":"Boutique","item":"https:\/\/revolutionpadelstore.com\/fr\/tienda\/"},{"@type":"ListItem","position":3,"name":"SIUX PEGASUS REVOLUTION 2 PRO"}]},{"@type":"WebSite","@id":"https:\/\/revolutionpadelstore.com\/fr\/#website","url":"https:\/\/revolutionpadelstore.com\/fr\/","name":"Revolution Padel Store","description":"","publisher":{"@id":"https:\/\/revolutionpadelstore.com\/fr\/#organization"},"potentialAction":[{"@type":"SearchAction","target":{"@type":"EntryPoint","urlTemplate":"https:\/\/revolutionpadelstore.com\/fr\/?s={search_term_string}"},"query-input":{"@type":"PropertyValueSpecification","valueRequired":true,"valueName":"search_term_string"}}],"inLanguage":"fr-FR"},{"@type":"Organization","@id":"https:\/\/revolutionpadelstore.com\/fr\/#organization","name":"Revolution Padel Store","url":"https:\/\/revolutionpadelstore.com\/fr\/","logo":{"@type":"ImageObject","inLanguage":"fr-FR","@id":"https:\/\/revolutionpadelstore.com\/fr\/#\/schema\/logo\/image\/","url":"https:\/\/revolutionpadelstore.com\/wp-content\/uploads\/2026\/02\/revolution-padel-store.jpg","contentUrl":"https:\/\/revolutionpadelstore.com\/wp-content\/uploads\/2026\/02\/revolution-padel-store.jpg","width":2000,"height":2000,"caption":"Revolution Padel Store"},"image":{"@id":"https:\/\/revolutionpadelstore.com\/fr\/#\/schema\/logo\/image\/"},"sameAs":["https:\/\/www.instagram.com\/revolutionpadelstore\/"]}]}},"_links":{"self":[{"href":"https:\/\/revolutionpadelstore.com\/fr\/wp-json\/wp\/v2\/product\/142453","targetHints":{"allow":["GET"]}}],"collection":[{"href":"https:\/\/revolutionpadelstore.com\/fr\/wp-json\/wp\/v2\/product"}],"about":[{"href":"https:\/\/revolutionpadelstore.com\/fr\/wp-json\/wp\/v2\/types\/product"}],"replies":[{"embeddable":true,"href":"https:\/\/revolutionpadelstore.com\/fr\/wp-json\/wp\/v2\/comments?post=142453"}],"wp:featuredmedia":[{"embeddable":true,"href":"https:\/\/revolutionpadelstore.com\/fr\/wp-json\/wp\/v2\/media\/154969"}],"wp:attachment":[{"href":"https:\/\/revolutionpadelstore.com\/fr\/wp-json\/wp\/v2\/media?parent=142453"}],"wp:term":[{"taxonomy":"acabado","embeddable":true,"href":"https:\/\/revolutionpadelstore.com\/fr\/wp-json\/wp\/v2\/acabado?post=142453"},{"taxonomy":"balance","embeddable":true,"href":"https:\/\/revolutionpadelstore.com\/fr\/wp-json\/wp\/v2\/balance?post=142453"},{"taxonomy":"dureza","embeddable":true,"href":"https:\/\/revolutionpadelstore.com\/fr\/wp-json\/wp\/v2\/dureza?post=142453"},{"taxonomy":"forma","embeddable":true,"href":"https:\/\/revolutionpadelstore.com\/fr\/wp-json\/wp\/v2\/forma?post=142453"},{"taxonomy":"jugador","embeddable":true,"href":"https:\/\/revolutionpadelstore.com\/fr\/wp-json\/wp\/v2\/jugador?post=142453"},{"taxonomy":"marca","embeddable":true,"href":"https:\/\/revolutionpadelstore.com\/fr\/wp-json\/wp\/v2\/marca?post=142453"},{"taxonomy":"nivel-de-juego","embeddable":true,"href":"https:\/\/revolutionpadelstore.com\/fr\/wp-json\/wp\/v2\/nivel-de-juego?post=142453"},{"taxonomy":"superficie","embeddable":true,"href":"https:\/\/revolutionpadelstore.com\/fr\/wp-json\/wp\/v2\/superficie?post=142453"},{"taxonomy":"tipo-de-juego","embeddable":true,"href":"https:\/\/revolutionpadelstore.com\/fr\/wp-json\/wp\/v2\/tipo-de-juego?post=142453"},{"taxonomy":"product_brand","embeddable":true,"href":"https:\/\/revolutionpadelstore.com\/fr\/wp-json\/wp\/v2\/product_brand?post=142453"},{"taxonomy":"product_cat","embeddable":true,"href":"https:\/\/revolutionpadelstore.com\/fr\/wp-json\/wp\/v2\/product_cat?post=142453"},{"taxonomy":"product_tag","embeddable":true,"href":"https:\/\/revolutionpadelstore.com\/fr\/wp-json\/wp\/v2\/product_tag?post=142453"}],"curies":[{"name":"wp","href":"https:\/\/api.w.org\/{rel}","templated":true}]}}