{"id":142295,"date":"2024-12-04T23:01:58","date_gmt":"2024-12-04T22:01:58","guid":{"rendered":"https:\/\/revolutionpadelstore.com\/joma-spin-men-2402-blanco-amarillo\/"},"modified":"2026-04-01T06:29:06","modified_gmt":"2026-04-01T04:29:06","slug":"joma-spin-men-2402-blanco-amarillo-3","status":"publish","type":"product","link":"https:\/\/revolutionpadelstore.com\/fr\/produit\/joma-spin-men-2402-blanco-amarillo-3\/","title":{"rendered":"JOMA SPIN MEN 2402 BLANCO AMARILLO"},"content":{"rendered":"<p>Explorez le <strong> Joma Spin Men 2402 White Yellow 2024 <\/strong>, m\u00e9ticuleusement con\u00e7u avec la collaboration de joueurs de paddle professionnels pour vous offrir des chaussures de niveau professionnel. Parfait pour l&#8217;entra\u00eenement des m\u00e9dias et de la comp\u00e9tition, ces chaussures sont le choix id\u00e9al pour les joueurs de poids moyen-\u00e9lev\u00e9 \u00e0 la recherche d&#8217;une combinaison sans pr\u00e9c\u00e9dent de performances et de confort.<\/p>\n<p>Avec un dernier dernier, les chaussures offrent un ajustement exceptionnel, tandis que la partie sup\u00e9rieure, un m\u00e9lange de mat\u00e9riaux l\u00e9gers et respirants avec la technologie VTS, garantit la fra\u00eecheur et le confort tout au long du jeu. La technologie innovante FlexShield et le syst\u00e8me d&#8217;amortissement \u00e0 double pulseur complet complet sont joints pour assurer la stabilit\u00e9, la protection et une r\u00e9ponse dynamique \u00e0 chaque \u00e9tape.<br \/>\n<H3 class=\"Zonadepadel\"> Caract\u00e9ristiques du Joma Spin Men 2402 Chaussures jaunes blanches <\/H3><\/p>\n<ul>\n<li> La technologie VTS pour une respirabilit\u00e9 optimale, en gardant le pied frais et sec.\n<li> Protection Flexshield pour une combinaison parfaite de l\u00e9g\u00e8ret\u00e9, de r\u00e9glage et de stabilit\u00e9.\n<li> Double amortissement d&#8217;impulsion, avec un phylon dense pour la stabilit\u00e9 et la balle r\u00e9active pour une r\u00e9ponse agile.\n<li> Compteur exo pour une protection sup\u00e9rieure contre les impacts externes.\n<li> Semelle de papa en caoutchouc, con\u00e7ue pour r\u00e9sister \u00e0 l&#8217;abrasion et \u00e0 la durabilit\u00e9 de la garantie.\n<li> Il appartient \u00e0 la collection de chaussures Padel Joma 2024. <\/li>\n<\/ul>\n<h3> <span class=\"zonadepadel\"> Qui est-il dirig\u00e9?<br \/>\nLes chaussures Joma Spin Men 2402 sont destin\u00e9es aux joueurs de pagaie moyenne \u00e0 \u00e9lev\u00e9e, en particulier ceux de poids moyen qui appr\u00e9cient le confort et les performances. Avec un dernier dernier, ils sont parfaits pour ceux qui recherchent un ajustement et un soutien plus \u00e9lev\u00e9s pour des s\u00e9ances de jeu intenses.<\/p>\n<h3> <span class=\"zonadepadel\"> Pourquoi aimerez-vous?<br \/>\nVous allez adorer ces chaussures pour leur design innovant qui ne compromet pas le confort pour la performance. La combinaison de technologies telles que VTS et Full Dual Pulsor vous offrira une exp\u00e9rience de jeu in\u00e9gal\u00e9e, vous permettant de vous d\u00e9placer avec libert\u00e9 et s\u00e9curit\u00e9 sur la piste.<strong>zapatillas Joma Spin Men 2402 white yellow 2024<\/strong><\/p>\n","protected":false},"excerpt":{"rendered":"<p>Soulevez votre jeu avec les chaussures Joma Spin Men 2402 en blanc et jaune. Conception innovante, confort et durabilit\u00e9 pour la pagaie<\/p>\n","protected":false},"featured_media":142242,"comment_status":"open","ping_status":"closed","template":"","meta":{"_acf_changed":false,"_joinchat":[]},"acabado":[],"balance":[],"dureza":[],"forma":[],"jugador":[1192],"marca":[1227],"nivel-de-juego":[],"superficie":[],"tipo-de-juego":[],"product_brand":[],"product_cat":[830],"product_tag":[],"class_list":{"0":"post-142295","1":"product","2":"type-product","3":"status-publish","4":"has-post-thumbnail","6":"jugador-homme","7":"marca-joma-fr","8":"product_cat-baskets","10":"first","11":"outofstock","12":"sale","13":"taxable","14":"shipping-taxable","15":"purchasable","16":"product-type-variable"},"acf":[],"yoast_head":"<!-- This site is optimized with the Yoast SEO plugin v27.3 - https:\/\/yoast.com\/product\/yoast-seo-wordpress\/ -->\n<title>JOMA SPIN MEN 2402 BLANCO AMARILLO - Revolution Padel Store<\/title>\n<meta name=\"description\" content=\"Explora las\u00a0zapatillas Joma Spin Men 2402 white yellow 2024, dise\u00f1adas meticulosamente con la colaboraci\u00f3n de jugadores profesionales de p\u00e1del para ofrecerte un calzado de nivel profesional. Perfectas para entrenamientos medios y competiciones, estas zapatillas son la elecci\u00f3n ideal para jugadores de peso medio-alto que buscan una combinaci\u00f3n sin precedentes de rendimiento y comodidad.\" \/>\n<meta name=\"robots\" content=\"index, follow, max-snippet:-1, max-image-preview:large, max-video-preview:-1\" \/>\n<link rel=\"canonical\" href=\"https:\/\/revolutionpadelstore.com\/fr\/produit\/joma-spin-men-2402-blanco-amarillo-3\/\" \/>\n<meta property=\"og:locale\" content=\"fr_FR\" \/>\n<meta property=\"og:type\" content=\"article\" \/>\n<meta property=\"og:title\" content=\"JOMA SPIN MEN 2402 BLANCO AMARILLO - Revolution Padel Store\" \/>\n<meta property=\"og:description\" content=\"Explora las\u00a0zapatillas Joma Spin Men 2402 white yellow 2024, dise\u00f1adas meticulosamente con la colaboraci\u00f3n de jugadores profesionales de p\u00e1del para ofrecerte un calzado de nivel profesional. Perfectas para entrenamientos medios y competiciones, estas zapatillas son la elecci\u00f3n ideal para jugadores de peso medio-alto que buscan una combinaci\u00f3n sin precedentes de rendimiento y comodidad.\" \/>\n<meta property=\"og:url\" content=\"https:\/\/revolutionpadelstore.com\/fr\/produit\/joma-spin-men-2402-blanco-amarillo-3\/\" \/>\n<meta property=\"og:site_name\" content=\"Revolution Padel Store\" \/>\n<meta property=\"article:modified_time\" content=\"2026-04-01T04:29:06+00:00\" \/>\n<meta property=\"og:image\" content=\"https:\/\/revolutionpadelstore.com\/wp-content\/uploads\/2024\/12\/56.png\" \/>\n\t<meta property=\"og:image:width\" content=\"1500\" \/>\n\t<meta property=\"og:image:height\" content=\"1500\" \/>\n\t<meta property=\"og:image:type\" content=\"image\/png\" \/>\n<meta name=\"twitter:card\" content=\"summary_large_image\" \/>\n<meta name=\"twitter:label1\" content=\"Dur\u00e9e de lecture estim\u00e9e\" \/>\n\t<meta name=\"twitter:data1\" content=\"2 minutes\" \/>\n<script type=\"application\/ld+json\" class=\"yoast-schema-graph\">{\"@context\":\"https:\\\/\\\/schema.org\",\"@graph\":[{\"@type\":\"WebPage\",\"@id\":\"https:\\\/\\\/revolutionpadelstore.com\\\/fr\\\/produit\\\/joma-spin-men-2402-blanco-amarillo-3\\\/\",\"url\":\"https:\\\/\\\/revolutionpadelstore.com\\\/fr\\\/produit\\\/joma-spin-men-2402-blanco-amarillo-3\\\/\",\"name\":\"JOMA SPIN MEN 2402 BLANCO AMARILLO - Revolution Padel Store\",\"isPartOf\":{\"@id\":\"https:\\\/\\\/revolutionpadelstore.com\\\/fr\\\/#website\"},\"primaryImageOfPage\":{\"@id\":\"https:\\\/\\\/revolutionpadelstore.com\\\/fr\\\/produit\\\/joma-spin-men-2402-blanco-amarillo-3\\\/#primaryimage\"},\"image\":{\"@id\":\"https:\\\/\\\/revolutionpadelstore.com\\\/fr\\\/produit\\\/joma-spin-men-2402-blanco-amarillo-3\\\/#primaryimage\"},\"thumbnailUrl\":\"https:\\\/\\\/revolutionpadelstore.com\\\/wp-content\\\/uploads\\\/2024\\\/12\\\/56.png\",\"datePublished\":\"2024-12-04T22:01:58+00:00\",\"dateModified\":\"2026-04-01T04:29:06+00:00\",\"description\":\"Explora las\u00a0zapatillas Joma Spin Men 2402 white yellow 2024, dise\u00f1adas meticulosamente con la colaboraci\u00f3n de jugadores profesionales de p\u00e1del para ofrecerte un calzado de nivel profesional. Perfectas para entrenamientos medios y competiciones, estas zapatillas son la elecci\u00f3n ideal para jugadores de peso medio-alto que buscan una combinaci\u00f3n sin precedentes de rendimiento y comodidad.\",\"breadcrumb\":{\"@id\":\"https:\\\/\\\/revolutionpadelstore.com\\\/fr\\\/produit\\\/joma-spin-men-2402-blanco-amarillo-3\\\/#breadcrumb\"},\"inLanguage\":\"fr-FR\",\"potentialAction\":[{\"@type\":\"ReadAction\",\"target\":[\"https:\\\/\\\/revolutionpadelstore.com\\\/fr\\\/produit\\\/joma-spin-men-2402-blanco-amarillo-3\\\/\"]}]},{\"@type\":\"ImageObject\",\"inLanguage\":\"fr-FR\",\"@id\":\"https:\\\/\\\/revolutionpadelstore.com\\\/fr\\\/produit\\\/joma-spin-men-2402-blanco-amarillo-3\\\/#primaryimage\",\"url\":\"https:\\\/\\\/revolutionpadelstore.com\\\/wp-content\\\/uploads\\\/2024\\\/12\\\/56.png\",\"contentUrl\":\"https:\\\/\\\/revolutionpadelstore.com\\\/wp-content\\\/uploads\\\/2024\\\/12\\\/56.png\",\"width\":1500,\"height\":1500},{\"@type\":\"BreadcrumbList\",\"@id\":\"https:\\\/\\\/revolutionpadelstore.com\\\/fr\\\/produit\\\/joma-spin-men-2402-blanco-amarillo-3\\\/#breadcrumb\",\"itemListElement\":[{\"@type\":\"ListItem\",\"position\":1,\"name\":\"Portada\",\"item\":\"https:\\\/\\\/revolutionpadelstore.com\\\/fr\\\/\"},{\"@type\":\"ListItem\",\"position\":2,\"name\":\"Boutique\",\"item\":\"https:\\\/\\\/revolutionpadelstore.com\\\/fr\\\/tienda\\\/\"},{\"@type\":\"ListItem\",\"position\":3,\"name\":\"JOMA SPIN MEN 2402 BLANCO AMARILLO\"}]},{\"@type\":\"WebSite\",\"@id\":\"https:\\\/\\\/revolutionpadelstore.com\\\/fr\\\/#website\",\"url\":\"https:\\\/\\\/revolutionpadelstore.com\\\/fr\\\/\",\"name\":\"Revolution Padel Store\",\"description\":\"\",\"publisher\":{\"@id\":\"https:\\\/\\\/revolutionpadelstore.com\\\/fr\\\/#organization\"},\"potentialAction\":[{\"@type\":\"SearchAction\",\"target\":{\"@type\":\"EntryPoint\",\"urlTemplate\":\"https:\\\/\\\/revolutionpadelstore.com\\\/fr\\\/?s={search_term_string}\"},\"query-input\":{\"@type\":\"PropertyValueSpecification\",\"valueRequired\":true,\"valueName\":\"search_term_string\"}}],\"inLanguage\":\"fr-FR\"},{\"@type\":\"Organization\",\"@id\":\"https:\\\/\\\/revolutionpadelstore.com\\\/fr\\\/#organization\",\"name\":\"Revolution Padel Store\",\"url\":\"https:\\\/\\\/revolutionpadelstore.com\\\/fr\\\/\",\"logo\":{\"@type\":\"ImageObject\",\"inLanguage\":\"fr-FR\",\"@id\":\"https:\\\/\\\/revolutionpadelstore.com\\\/fr\\\/#\\\/schema\\\/logo\\\/image\\\/\",\"url\":\"https:\\\/\\\/revolutionpadelstore.com\\\/wp-content\\\/uploads\\\/2026\\\/02\\\/revolution-padel-store.jpg\",\"contentUrl\":\"https:\\\/\\\/revolutionpadelstore.com\\\/wp-content\\\/uploads\\\/2026\\\/02\\\/revolution-padel-store.jpg\",\"width\":2000,\"height\":2000,\"caption\":\"Revolution Padel Store\"},\"image\":{\"@id\":\"https:\\\/\\\/revolutionpadelstore.com\\\/fr\\\/#\\\/schema\\\/logo\\\/image\\\/\"},\"sameAs\":[\"https:\\\/\\\/www.instagram.com\\\/revolutionpadelstore\\\/\"]}]}<\/script>\n<!-- \/ Yoast SEO plugin. -->","yoast_head_json":{"title":"JOMA SPIN MEN 2402 BLANCO AMARILLO - Revolution Padel Store","description":"Explora las\u00a0zapatillas Joma Spin Men 2402 white yellow 2024, dise\u00f1adas meticulosamente con la colaboraci\u00f3n de jugadores profesionales de p\u00e1del para ofrecerte un calzado de nivel profesional. Perfectas para entrenamientos medios y competiciones, estas zapatillas son la elecci\u00f3n ideal para jugadores de peso medio-alto que buscan una combinaci\u00f3n sin precedentes de rendimiento y comodidad.","robots":{"index":"index","follow":"follow","max-snippet":"max-snippet:-1","max-image-preview":"max-image-preview:large","max-video-preview":"max-video-preview:-1"},"canonical":"https:\/\/revolutionpadelstore.com\/fr\/produit\/joma-spin-men-2402-blanco-amarillo-3\/","og_locale":"fr_FR","og_type":"article","og_title":"JOMA SPIN MEN 2402 BLANCO AMARILLO - Revolution Padel Store","og_description":"Explora las\u00a0zapatillas Joma Spin Men 2402 white yellow 2024, dise\u00f1adas meticulosamente con la colaboraci\u00f3n de jugadores profesionales de p\u00e1del para ofrecerte un calzado de nivel profesional. Perfectas para entrenamientos medios y competiciones, estas zapatillas son la elecci\u00f3n ideal para jugadores de peso medio-alto que buscan una combinaci\u00f3n sin precedentes de rendimiento y comodidad.","og_url":"https:\/\/revolutionpadelstore.com\/fr\/produit\/joma-spin-men-2402-blanco-amarillo-3\/","og_site_name":"Revolution Padel Store","article_modified_time":"2026-04-01T04:29:06+00:00","og_image":[{"width":1500,"height":1500,"url":"https:\/\/revolutionpadelstore.com\/wp-content\/uploads\/2024\/12\/56.png","type":"image\/png"}],"twitter_card":"summary_large_image","twitter_misc":{"Dur\u00e9e de lecture estim\u00e9e":"2 minutes"},"schema":{"@context":"https:\/\/schema.org","@graph":[{"@type":"WebPage","@id":"https:\/\/revolutionpadelstore.com\/fr\/produit\/joma-spin-men-2402-blanco-amarillo-3\/","url":"https:\/\/revolutionpadelstore.com\/fr\/produit\/joma-spin-men-2402-blanco-amarillo-3\/","name":"JOMA SPIN MEN 2402 BLANCO AMARILLO - Revolution Padel Store","isPartOf":{"@id":"https:\/\/revolutionpadelstore.com\/fr\/#website"},"primaryImageOfPage":{"@id":"https:\/\/revolutionpadelstore.com\/fr\/produit\/joma-spin-men-2402-blanco-amarillo-3\/#primaryimage"},"image":{"@id":"https:\/\/revolutionpadelstore.com\/fr\/produit\/joma-spin-men-2402-blanco-amarillo-3\/#primaryimage"},"thumbnailUrl":"https:\/\/revolutionpadelstore.com\/wp-content\/uploads\/2024\/12\/56.png","datePublished":"2024-12-04T22:01:58+00:00","dateModified":"2026-04-01T04:29:06+00:00","description":"Explora las\u00a0zapatillas Joma Spin Men 2402 white yellow 2024, dise\u00f1adas meticulosamente con la colaboraci\u00f3n de jugadores profesionales de p\u00e1del para ofrecerte un calzado de nivel profesional. Perfectas para entrenamientos medios y competiciones, estas zapatillas son la elecci\u00f3n ideal para jugadores de peso medio-alto que buscan una combinaci\u00f3n sin precedentes de rendimiento y comodidad.","breadcrumb":{"@id":"https:\/\/revolutionpadelstore.com\/fr\/produit\/joma-spin-men-2402-blanco-amarillo-3\/#breadcrumb"},"inLanguage":"fr-FR","potentialAction":[{"@type":"ReadAction","target":["https:\/\/revolutionpadelstore.com\/fr\/produit\/joma-spin-men-2402-blanco-amarillo-3\/"]}]},{"@type":"ImageObject","inLanguage":"fr-FR","@id":"https:\/\/revolutionpadelstore.com\/fr\/produit\/joma-spin-men-2402-blanco-amarillo-3\/#primaryimage","url":"https:\/\/revolutionpadelstore.com\/wp-content\/uploads\/2024\/12\/56.png","contentUrl":"https:\/\/revolutionpadelstore.com\/wp-content\/uploads\/2024\/12\/56.png","width":1500,"height":1500},{"@type":"BreadcrumbList","@id":"https:\/\/revolutionpadelstore.com\/fr\/produit\/joma-spin-men-2402-blanco-amarillo-3\/#breadcrumb","itemListElement":[{"@type":"ListItem","position":1,"name":"Portada","item":"https:\/\/revolutionpadelstore.com\/fr\/"},{"@type":"ListItem","position":2,"name":"Boutique","item":"https:\/\/revolutionpadelstore.com\/fr\/tienda\/"},{"@type":"ListItem","position":3,"name":"JOMA SPIN MEN 2402 BLANCO AMARILLO"}]},{"@type":"WebSite","@id":"https:\/\/revolutionpadelstore.com\/fr\/#website","url":"https:\/\/revolutionpadelstore.com\/fr\/","name":"Revolution Padel Store","description":"","publisher":{"@id":"https:\/\/revolutionpadelstore.com\/fr\/#organization"},"potentialAction":[{"@type":"SearchAction","target":{"@type":"EntryPoint","urlTemplate":"https:\/\/revolutionpadelstore.com\/fr\/?s={search_term_string}"},"query-input":{"@type":"PropertyValueSpecification","valueRequired":true,"valueName":"search_term_string"}}],"inLanguage":"fr-FR"},{"@type":"Organization","@id":"https:\/\/revolutionpadelstore.com\/fr\/#organization","name":"Revolution Padel Store","url":"https:\/\/revolutionpadelstore.com\/fr\/","logo":{"@type":"ImageObject","inLanguage":"fr-FR","@id":"https:\/\/revolutionpadelstore.com\/fr\/#\/schema\/logo\/image\/","url":"https:\/\/revolutionpadelstore.com\/wp-content\/uploads\/2026\/02\/revolution-padel-store.jpg","contentUrl":"https:\/\/revolutionpadelstore.com\/wp-content\/uploads\/2026\/02\/revolution-padel-store.jpg","width":2000,"height":2000,"caption":"Revolution Padel Store"},"image":{"@id":"https:\/\/revolutionpadelstore.com\/fr\/#\/schema\/logo\/image\/"},"sameAs":["https:\/\/www.instagram.com\/revolutionpadelstore\/"]}]}},"_links":{"self":[{"href":"https:\/\/revolutionpadelstore.com\/fr\/wp-json\/wp\/v2\/product\/142295","targetHints":{"allow":["GET"]}}],"collection":[{"href":"https:\/\/revolutionpadelstore.com\/fr\/wp-json\/wp\/v2\/product"}],"about":[{"href":"https:\/\/revolutionpadelstore.com\/fr\/wp-json\/wp\/v2\/types\/product"}],"replies":[{"embeddable":true,"href":"https:\/\/revolutionpadelstore.com\/fr\/wp-json\/wp\/v2\/comments?post=142295"}],"wp:featuredmedia":[{"embeddable":true,"href":"https:\/\/revolutionpadelstore.com\/fr\/wp-json\/wp\/v2\/media\/142242"}],"wp:attachment":[{"href":"https:\/\/revolutionpadelstore.com\/fr\/wp-json\/wp\/v2\/media?parent=142295"}],"wp:term":[{"taxonomy":"acabado","embeddable":true,"href":"https:\/\/revolutionpadelstore.com\/fr\/wp-json\/wp\/v2\/acabado?post=142295"},{"taxonomy":"balance","embeddable":true,"href":"https:\/\/revolutionpadelstore.com\/fr\/wp-json\/wp\/v2\/balance?post=142295"},{"taxonomy":"dureza","embeddable":true,"href":"https:\/\/revolutionpadelstore.com\/fr\/wp-json\/wp\/v2\/dureza?post=142295"},{"taxonomy":"forma","embeddable":true,"href":"https:\/\/revolutionpadelstore.com\/fr\/wp-json\/wp\/v2\/forma?post=142295"},{"taxonomy":"jugador","embeddable":true,"href":"https:\/\/revolutionpadelstore.com\/fr\/wp-json\/wp\/v2\/jugador?post=142295"},{"taxonomy":"marca","embeddable":true,"href":"https:\/\/revolutionpadelstore.com\/fr\/wp-json\/wp\/v2\/marca?post=142295"},{"taxonomy":"nivel-de-juego","embeddable":true,"href":"https:\/\/revolutionpadelstore.com\/fr\/wp-json\/wp\/v2\/nivel-de-juego?post=142295"},{"taxonomy":"superficie","embeddable":true,"href":"https:\/\/revolutionpadelstore.com\/fr\/wp-json\/wp\/v2\/superficie?post=142295"},{"taxonomy":"tipo-de-juego","embeddable":true,"href":"https:\/\/revolutionpadelstore.com\/fr\/wp-json\/wp\/v2\/tipo-de-juego?post=142295"},{"taxonomy":"product_brand","embeddable":true,"href":"https:\/\/revolutionpadelstore.com\/fr\/wp-json\/wp\/v2\/product_brand?post=142295"},{"taxonomy":"product_cat","embeddable":true,"href":"https:\/\/revolutionpadelstore.com\/fr\/wp-json\/wp\/v2\/product_cat?post=142295"},{"taxonomy":"product_tag","embeddable":true,"href":"https:\/\/revolutionpadelstore.com\/fr\/wp-json\/wp\/v2\/product_tag?post=142295"}],"curies":[{"name":"wp","href":"https:\/\/api.w.org\/{rel}","templated":true}]}}