{"id":142261,"date":"2024-12-04T22:44:37","date_gmt":"2024-12-04T21:44:37","guid":{"rendered":"https:\/\/revolutionpadelstore.com\/joma-master-1000-lady-24-clay-mujer-blanco\/"},"modified":"2026-04-01T06:30:30","modified_gmt":"2026-04-01T04:30:30","slug":"joma-master-1000-lady-24-clay-mujer-blanco-3","status":"publish","type":"product","link":"https:\/\/revolutionpadelstore.com\/fr\/produit\/joma-master-1000-lady-24-clay-mujer-blanco-3\/","title":{"rendered":"JOMA MASTER 1000 LADY 24 CLAY MUJER BLANCO"},"content":{"rendered":"<p>Chaussures de tennis en fouet et pagaie. Mod\u00e8le de femme recommand\u00e9 pour une formation \u00e0 basse fr\u00e9quence (2-3 jours par semaine). Ces chaussures offrent une tr\u00e8s bonne amorti, une protection et un confort.<\/p>\n<p>La coupe de ces chaussures \u00e0 pagaie est con\u00e7ue pour fournir la meilleure ventilation, ajustement et confort. Il se compose principalement de mat\u00e9riau synth\u00e9tique PU flexible et r\u00e9sistant avec les perforations du syst\u00e8me VTS situ\u00e9 dans les zones strat\u00e9giques pour permettre la ventilation de la transpiration. Une partie de la cheville et de la langue en nylon rembourr\u00e9es pour s&#8217;am\u00e9liorer dans le r\u00e9glage et le support, en plus de la coronera ajust\u00e9e parfaite.<\/p>\n<p>La semelle interm\u00e9diaire est construite avec un phylon l\u00e9ger et flexible qui absorbe les impacts, avec une plus grande hauteur sur le c\u00f4t\u00e9 appliquant la technologie de protection<\/p>\n<p>La semelle en caoutchouc de la durabilit\u00e9 des pointes ou de l&#8217;argile est con\u00e7ue pour jouer sur des terres fouett\u00e9es ou sur le tennis \u00e0 pagaie. Il fournit la poign\u00e9e n\u00e9cessaire sur les surfaces glissantes car elle expulse le sable de la semelle. Il a une excellente traction lorsque vous commencez \u00e0 bouger, vous arr\u00eatez ou changez de direction. Vous pouvez glisser sur la piste sans difficult\u00e9s.<\/p>\n","protected":false},"excerpt":{"rendered":"<p>Chaussures de tennis en fouet et pagaie. Mod\u00e8le de femme recommand\u00e9 pour une formation \u00e0 basse fr\u00e9quence (2-3 jours par semaine). Ces chaussures offrent une tr\u00e8s bonne amorti, une protection et un confort.<\/p>\n","protected":false},"featured_media":142248,"comment_status":"open","ping_status":"closed","template":"","meta":{"_acf_changed":false,"_joinchat":[]},"acabado":[],"balance":[],"dureza":[],"forma":[],"jugador":[1197],"marca":[1227],"nivel-de-juego":[],"superficie":[],"tipo-de-juego":[],"product_brand":[],"product_cat":[830],"product_tag":[],"class_list":{"0":"post-142261","1":"product","2":"type-product","3":"status-publish","4":"has-post-thumbnail","6":"jugador-mujer-fr","7":"marca-joma-fr","8":"product_cat-baskets","10":"first","11":"outofstock","12":"sale","13":"taxable","14":"shipping-taxable","15":"purchasable","16":"product-type-variable"},"acf":[],"yoast_head":"<!-- This site is optimized with the Yoast SEO plugin v27.3 - https:\/\/yoast.com\/product\/yoast-seo-wordpress\/ -->\n<title>JOMA MASTER 1000 LADY 24 CLAY MUJER BLANCO - Revolution Padel Store<\/title>\n<meta name=\"description\" content=\"Zapatillas de tenis en tierra batida y p\u00e1del. Modelo de mujer recomendado para entrenamientos de baja frecuencia (2-3 d\u00edas por semana). Estas zapatillas aportan muy buena amortiguaci\u00f3n, protecci\u00f3n y comodidad.\" \/>\n<meta name=\"robots\" content=\"index, follow, max-snippet:-1, max-image-preview:large, max-video-preview:-1\" \/>\n<link rel=\"canonical\" href=\"https:\/\/revolutionpadelstore.com\/fr\/produit\/joma-master-1000-lady-24-clay-mujer-blanco-3\/\" \/>\n<meta property=\"og:locale\" content=\"fr_FR\" \/>\n<meta property=\"og:type\" content=\"article\" \/>\n<meta property=\"og:title\" content=\"JOMA MASTER 1000 LADY 24 CLAY MUJER BLANCO - Revolution Padel Store\" \/>\n<meta property=\"og:description\" content=\"Zapatillas de tenis en tierra batida y p\u00e1del. Modelo de mujer recomendado para entrenamientos de baja frecuencia (2-3 d\u00edas por semana). Estas zapatillas aportan muy buena amortiguaci\u00f3n, protecci\u00f3n y comodidad.\" \/>\n<meta property=\"og:url\" content=\"https:\/\/revolutionpadelstore.com\/fr\/produit\/joma-master-1000-lady-24-clay-mujer-blanco-3\/\" \/>\n<meta property=\"og:site_name\" content=\"Revolution Padel Store\" \/>\n<meta property=\"article:modified_time\" content=\"2026-04-01T04:30:30+00:00\" \/>\n<meta property=\"og:image\" content=\"https:\/\/revolutionpadelstore.com\/wp-content\/uploads\/2024\/12\/57.png\" \/>\n\t<meta property=\"og:image:width\" content=\"1500\" \/>\n\t<meta property=\"og:image:height\" content=\"1500\" \/>\n\t<meta property=\"og:image:type\" content=\"image\/png\" \/>\n<meta name=\"twitter:card\" content=\"summary_large_image\" \/>\n<meta name=\"twitter:label1\" content=\"Dur\u00e9e de lecture estim\u00e9e\" \/>\n\t<meta name=\"twitter:data1\" content=\"1 minute\" \/>\n<script type=\"application\/ld+json\" class=\"yoast-schema-graph\">{\"@context\":\"https:\\\/\\\/schema.org\",\"@graph\":[{\"@type\":\"WebPage\",\"@id\":\"https:\\\/\\\/revolutionpadelstore.com\\\/fr\\\/produit\\\/joma-master-1000-lady-24-clay-mujer-blanco-3\\\/\",\"url\":\"https:\\\/\\\/revolutionpadelstore.com\\\/fr\\\/produit\\\/joma-master-1000-lady-24-clay-mujer-blanco-3\\\/\",\"name\":\"JOMA MASTER 1000 LADY 24 CLAY MUJER BLANCO - Revolution Padel Store\",\"isPartOf\":{\"@id\":\"https:\\\/\\\/revolutionpadelstore.com\\\/fr\\\/#website\"},\"primaryImageOfPage\":{\"@id\":\"https:\\\/\\\/revolutionpadelstore.com\\\/fr\\\/produit\\\/joma-master-1000-lady-24-clay-mujer-blanco-3\\\/#primaryimage\"},\"image\":{\"@id\":\"https:\\\/\\\/revolutionpadelstore.com\\\/fr\\\/produit\\\/joma-master-1000-lady-24-clay-mujer-blanco-3\\\/#primaryimage\"},\"thumbnailUrl\":\"https:\\\/\\\/revolutionpadelstore.com\\\/wp-content\\\/uploads\\\/2024\\\/12\\\/57.png\",\"datePublished\":\"2024-12-04T21:44:37+00:00\",\"dateModified\":\"2026-04-01T04:30:30+00:00\",\"description\":\"Zapatillas de tenis en tierra batida y p\u00e1del. Modelo de mujer recomendado para entrenamientos de baja frecuencia (2-3 d\u00edas por semana). Estas zapatillas aportan muy buena amortiguaci\u00f3n, protecci\u00f3n y comodidad.\",\"breadcrumb\":{\"@id\":\"https:\\\/\\\/revolutionpadelstore.com\\\/fr\\\/produit\\\/joma-master-1000-lady-24-clay-mujer-blanco-3\\\/#breadcrumb\"},\"inLanguage\":\"fr-FR\",\"potentialAction\":[{\"@type\":\"ReadAction\",\"target\":[\"https:\\\/\\\/revolutionpadelstore.com\\\/fr\\\/produit\\\/joma-master-1000-lady-24-clay-mujer-blanco-3\\\/\"]}]},{\"@type\":\"ImageObject\",\"inLanguage\":\"fr-FR\",\"@id\":\"https:\\\/\\\/revolutionpadelstore.com\\\/fr\\\/produit\\\/joma-master-1000-lady-24-clay-mujer-blanco-3\\\/#primaryimage\",\"url\":\"https:\\\/\\\/revolutionpadelstore.com\\\/wp-content\\\/uploads\\\/2024\\\/12\\\/57.png\",\"contentUrl\":\"https:\\\/\\\/revolutionpadelstore.com\\\/wp-content\\\/uploads\\\/2024\\\/12\\\/57.png\",\"width\":1500,\"height\":1500},{\"@type\":\"BreadcrumbList\",\"@id\":\"https:\\\/\\\/revolutionpadelstore.com\\\/fr\\\/produit\\\/joma-master-1000-lady-24-clay-mujer-blanco-3\\\/#breadcrumb\",\"itemListElement\":[{\"@type\":\"ListItem\",\"position\":1,\"name\":\"Portada\",\"item\":\"https:\\\/\\\/revolutionpadelstore.com\\\/fr\\\/\"},{\"@type\":\"ListItem\",\"position\":2,\"name\":\"Boutique\",\"item\":\"https:\\\/\\\/revolutionpadelstore.com\\\/fr\\\/tienda\\\/\"},{\"@type\":\"ListItem\",\"position\":3,\"name\":\"JOMA MASTER 1000 LADY 24 CLAY MUJER BLANCO\"}]},{\"@type\":\"WebSite\",\"@id\":\"https:\\\/\\\/revolutionpadelstore.com\\\/fr\\\/#website\",\"url\":\"https:\\\/\\\/revolutionpadelstore.com\\\/fr\\\/\",\"name\":\"Revolution Padel Store\",\"description\":\"\",\"publisher\":{\"@id\":\"https:\\\/\\\/revolutionpadelstore.com\\\/fr\\\/#organization\"},\"potentialAction\":[{\"@type\":\"SearchAction\",\"target\":{\"@type\":\"EntryPoint\",\"urlTemplate\":\"https:\\\/\\\/revolutionpadelstore.com\\\/fr\\\/?s={search_term_string}\"},\"query-input\":{\"@type\":\"PropertyValueSpecification\",\"valueRequired\":true,\"valueName\":\"search_term_string\"}}],\"inLanguage\":\"fr-FR\"},{\"@type\":\"Organization\",\"@id\":\"https:\\\/\\\/revolutionpadelstore.com\\\/fr\\\/#organization\",\"name\":\"Revolution Padel Store\",\"url\":\"https:\\\/\\\/revolutionpadelstore.com\\\/fr\\\/\",\"logo\":{\"@type\":\"ImageObject\",\"inLanguage\":\"fr-FR\",\"@id\":\"https:\\\/\\\/revolutionpadelstore.com\\\/fr\\\/#\\\/schema\\\/logo\\\/image\\\/\",\"url\":\"https:\\\/\\\/revolutionpadelstore.com\\\/wp-content\\\/uploads\\\/2026\\\/02\\\/revolution-padel-store.jpg\",\"contentUrl\":\"https:\\\/\\\/revolutionpadelstore.com\\\/wp-content\\\/uploads\\\/2026\\\/02\\\/revolution-padel-store.jpg\",\"width\":2000,\"height\":2000,\"caption\":\"Revolution Padel Store\"},\"image\":{\"@id\":\"https:\\\/\\\/revolutionpadelstore.com\\\/fr\\\/#\\\/schema\\\/logo\\\/image\\\/\"},\"sameAs\":[\"https:\\\/\\\/www.instagram.com\\\/revolutionpadelstore\\\/\"]}]}<\/script>\n<!-- \/ Yoast SEO plugin. -->","yoast_head_json":{"title":"JOMA MASTER 1000 LADY 24 CLAY MUJER BLANCO - Revolution Padel Store","description":"Zapatillas de tenis en tierra batida y p\u00e1del. Modelo de mujer recomendado para entrenamientos de baja frecuencia (2-3 d\u00edas por semana). Estas zapatillas aportan muy buena amortiguaci\u00f3n, protecci\u00f3n y comodidad.","robots":{"index":"index","follow":"follow","max-snippet":"max-snippet:-1","max-image-preview":"max-image-preview:large","max-video-preview":"max-video-preview:-1"},"canonical":"https:\/\/revolutionpadelstore.com\/fr\/produit\/joma-master-1000-lady-24-clay-mujer-blanco-3\/","og_locale":"fr_FR","og_type":"article","og_title":"JOMA MASTER 1000 LADY 24 CLAY MUJER BLANCO - Revolution Padel Store","og_description":"Zapatillas de tenis en tierra batida y p\u00e1del. Modelo de mujer recomendado para entrenamientos de baja frecuencia (2-3 d\u00edas por semana). Estas zapatillas aportan muy buena amortiguaci\u00f3n, protecci\u00f3n y comodidad.","og_url":"https:\/\/revolutionpadelstore.com\/fr\/produit\/joma-master-1000-lady-24-clay-mujer-blanco-3\/","og_site_name":"Revolution Padel Store","article_modified_time":"2026-04-01T04:30:30+00:00","og_image":[{"width":1500,"height":1500,"url":"https:\/\/revolutionpadelstore.com\/wp-content\/uploads\/2024\/12\/57.png","type":"image\/png"}],"twitter_card":"summary_large_image","twitter_misc":{"Dur\u00e9e de lecture estim\u00e9e":"1 minute"},"schema":{"@context":"https:\/\/schema.org","@graph":[{"@type":"WebPage","@id":"https:\/\/revolutionpadelstore.com\/fr\/produit\/joma-master-1000-lady-24-clay-mujer-blanco-3\/","url":"https:\/\/revolutionpadelstore.com\/fr\/produit\/joma-master-1000-lady-24-clay-mujer-blanco-3\/","name":"JOMA MASTER 1000 LADY 24 CLAY MUJER BLANCO - Revolution Padel Store","isPartOf":{"@id":"https:\/\/revolutionpadelstore.com\/fr\/#website"},"primaryImageOfPage":{"@id":"https:\/\/revolutionpadelstore.com\/fr\/produit\/joma-master-1000-lady-24-clay-mujer-blanco-3\/#primaryimage"},"image":{"@id":"https:\/\/revolutionpadelstore.com\/fr\/produit\/joma-master-1000-lady-24-clay-mujer-blanco-3\/#primaryimage"},"thumbnailUrl":"https:\/\/revolutionpadelstore.com\/wp-content\/uploads\/2024\/12\/57.png","datePublished":"2024-12-04T21:44:37+00:00","dateModified":"2026-04-01T04:30:30+00:00","description":"Zapatillas de tenis en tierra batida y p\u00e1del. Modelo de mujer recomendado para entrenamientos de baja frecuencia (2-3 d\u00edas por semana). Estas zapatillas aportan muy buena amortiguaci\u00f3n, protecci\u00f3n y comodidad.","breadcrumb":{"@id":"https:\/\/revolutionpadelstore.com\/fr\/produit\/joma-master-1000-lady-24-clay-mujer-blanco-3\/#breadcrumb"},"inLanguage":"fr-FR","potentialAction":[{"@type":"ReadAction","target":["https:\/\/revolutionpadelstore.com\/fr\/produit\/joma-master-1000-lady-24-clay-mujer-blanco-3\/"]}]},{"@type":"ImageObject","inLanguage":"fr-FR","@id":"https:\/\/revolutionpadelstore.com\/fr\/produit\/joma-master-1000-lady-24-clay-mujer-blanco-3\/#primaryimage","url":"https:\/\/revolutionpadelstore.com\/wp-content\/uploads\/2024\/12\/57.png","contentUrl":"https:\/\/revolutionpadelstore.com\/wp-content\/uploads\/2024\/12\/57.png","width":1500,"height":1500},{"@type":"BreadcrumbList","@id":"https:\/\/revolutionpadelstore.com\/fr\/produit\/joma-master-1000-lady-24-clay-mujer-blanco-3\/#breadcrumb","itemListElement":[{"@type":"ListItem","position":1,"name":"Portada","item":"https:\/\/revolutionpadelstore.com\/fr\/"},{"@type":"ListItem","position":2,"name":"Boutique","item":"https:\/\/revolutionpadelstore.com\/fr\/tienda\/"},{"@type":"ListItem","position":3,"name":"JOMA MASTER 1000 LADY 24 CLAY MUJER BLANCO"}]},{"@type":"WebSite","@id":"https:\/\/revolutionpadelstore.com\/fr\/#website","url":"https:\/\/revolutionpadelstore.com\/fr\/","name":"Revolution Padel Store","description":"","publisher":{"@id":"https:\/\/revolutionpadelstore.com\/fr\/#organization"},"potentialAction":[{"@type":"SearchAction","target":{"@type":"EntryPoint","urlTemplate":"https:\/\/revolutionpadelstore.com\/fr\/?s={search_term_string}"},"query-input":{"@type":"PropertyValueSpecification","valueRequired":true,"valueName":"search_term_string"}}],"inLanguage":"fr-FR"},{"@type":"Organization","@id":"https:\/\/revolutionpadelstore.com\/fr\/#organization","name":"Revolution Padel Store","url":"https:\/\/revolutionpadelstore.com\/fr\/","logo":{"@type":"ImageObject","inLanguage":"fr-FR","@id":"https:\/\/revolutionpadelstore.com\/fr\/#\/schema\/logo\/image\/","url":"https:\/\/revolutionpadelstore.com\/wp-content\/uploads\/2026\/02\/revolution-padel-store.jpg","contentUrl":"https:\/\/revolutionpadelstore.com\/wp-content\/uploads\/2026\/02\/revolution-padel-store.jpg","width":2000,"height":2000,"caption":"Revolution Padel Store"},"image":{"@id":"https:\/\/revolutionpadelstore.com\/fr\/#\/schema\/logo\/image\/"},"sameAs":["https:\/\/www.instagram.com\/revolutionpadelstore\/"]}]}},"_links":{"self":[{"href":"https:\/\/revolutionpadelstore.com\/fr\/wp-json\/wp\/v2\/product\/142261","targetHints":{"allow":["GET"]}}],"collection":[{"href":"https:\/\/revolutionpadelstore.com\/fr\/wp-json\/wp\/v2\/product"}],"about":[{"href":"https:\/\/revolutionpadelstore.com\/fr\/wp-json\/wp\/v2\/types\/product"}],"replies":[{"embeddable":true,"href":"https:\/\/revolutionpadelstore.com\/fr\/wp-json\/wp\/v2\/comments?post=142261"}],"wp:featuredmedia":[{"embeddable":true,"href":"https:\/\/revolutionpadelstore.com\/fr\/wp-json\/wp\/v2\/media\/142248"}],"wp:attachment":[{"href":"https:\/\/revolutionpadelstore.com\/fr\/wp-json\/wp\/v2\/media?parent=142261"}],"wp:term":[{"taxonomy":"acabado","embeddable":true,"href":"https:\/\/revolutionpadelstore.com\/fr\/wp-json\/wp\/v2\/acabado?post=142261"},{"taxonomy":"balance","embeddable":true,"href":"https:\/\/revolutionpadelstore.com\/fr\/wp-json\/wp\/v2\/balance?post=142261"},{"taxonomy":"dureza","embeddable":true,"href":"https:\/\/revolutionpadelstore.com\/fr\/wp-json\/wp\/v2\/dureza?post=142261"},{"taxonomy":"forma","embeddable":true,"href":"https:\/\/revolutionpadelstore.com\/fr\/wp-json\/wp\/v2\/forma?post=142261"},{"taxonomy":"jugador","embeddable":true,"href":"https:\/\/revolutionpadelstore.com\/fr\/wp-json\/wp\/v2\/jugador?post=142261"},{"taxonomy":"marca","embeddable":true,"href":"https:\/\/revolutionpadelstore.com\/fr\/wp-json\/wp\/v2\/marca?post=142261"},{"taxonomy":"nivel-de-juego","embeddable":true,"href":"https:\/\/revolutionpadelstore.com\/fr\/wp-json\/wp\/v2\/nivel-de-juego?post=142261"},{"taxonomy":"superficie","embeddable":true,"href":"https:\/\/revolutionpadelstore.com\/fr\/wp-json\/wp\/v2\/superficie?post=142261"},{"taxonomy":"tipo-de-juego","embeddable":true,"href":"https:\/\/revolutionpadelstore.com\/fr\/wp-json\/wp\/v2\/tipo-de-juego?post=142261"},{"taxonomy":"product_brand","embeddable":true,"href":"https:\/\/revolutionpadelstore.com\/fr\/wp-json\/wp\/v2\/product_brand?post=142261"},{"taxonomy":"product_cat","embeddable":true,"href":"https:\/\/revolutionpadelstore.com\/fr\/wp-json\/wp\/v2\/product_cat?post=142261"},{"taxonomy":"product_tag","embeddable":true,"href":"https:\/\/revolutionpadelstore.com\/fr\/wp-json\/wp\/v2\/product_tag?post=142261"}],"curies":[{"name":"wp","href":"https:\/\/api.w.org\/{rel}","templated":true}]}}