{"id":14150,"date":"2024-04-22T15:24:25","date_gmt":"2024-04-22T13:24:25","guid":{"rendered":"https:\/\/revolutionpadelstore.com\/zapatillas-wilson-hurakn-team-cobalto-lila-blanco-mujer\/"},"modified":"2026-04-08T12:02:13","modified_gmt":"2026-04-08T10:02:13","slug":"zapatillas-wilson-hurakn-team-cobalto-lila-blanco-mujer-3","status":"publish","type":"product","link":"https:\/\/revolutionpadelstore.com\/fr\/produit\/zapatillas-wilson-hurakn-team-cobalto-lila-blanco-mujer-3\/","title":{"rendered":"Zapatillas Wilson Hurakn Team Cobalto Lila Blanco Mujer"},"content":{"rendered":"<p>Chez Revolution Padel Store, votre magasin de confiance pour tout ce qui touche au monde du padel, vous trouverez les incroyables chaussures Wilson Hurakn Team Cobalt Lilac White pour femmes. Ces chaussures sont l&#8217;option id\u00e9ale pour les joueurs de padel qui recherchent des chaussures fiables et confortables qui leur permettent de se d\u00e9placer avec conviction sur le terrain.<\/p>\n<p> Fabriqu\u00e9es avec une semelle Duralast, ces chaussures offrent une r\u00e9sistance maximale \u00e0 l&#8217;abrasion et une excellente traction sur toutes les surfaces. Gr\u00e2ce \u00e0 son drop talon-pointe de 12 mm et \u00e0 sa mati\u00e8re EVA R-DST+ dans la semelle interm\u00e9diaire, vous b\u00e9n\u00e9ficierez d&#8217;une combinaison parfaite d&#8217;amorti et de rebond \u00e0 chaque mouvement.<\/p>\n<p> Le design lumineux et dynamique de l&#8217;\u00e9quipe Hurakn vous permettra non seulement de vous d\u00e9marquer sur le terrain, mais vous offrira \u00e9galement un look m\u00e9morable. De plus, sa technologie DF3 vous offre des sensations de terrain complet et un amorti suppl\u00e9mentaire pour plus de confort lors de vos matchs.<\/p>\n<p> Avec un soutien suppl\u00e9mentaire au niveau du m\u00e9dio-pied et un Midfoot Support dans la partie sup\u00e9rieure, ces chaussures vous offrent une stabilit\u00e9 exceptionnelle dans les mouvements lat\u00e9raux. Et gr\u00e2ce \u00e0 la construction de la semelle int\u00e9rieure OrthoLite d\u00e9coup\u00e9e, vous b\u00e9n\u00e9ficierez d&#8217;un excellent m\u00e9lange de soutien et de confort \u00e0 chaque pas.<\/p>\n<p> Quelle que soit la surface sur laquelle vous jouez, les chaussures Wilson Hurakn Team sont con\u00e7ues pour offrir des performances maximales sur les courts de padel. Sa haute densit\u00e9 extr\u00eamement r\u00e9sistante et sa mousse dans la semelle interm\u00e9diaire garantissent une r\u00e9sistance \u00e0 l&#8217;abrasion et une traction exceptionnelles.<\/p>\n<p> En bref, les chaussures Wilson Hurakn Team Cobalt Lilac White pour femmes sont le choix parfait pour les joueuses de padel r\u00e9cr\u00e9atives \u00e0 la recherche de performances confortables et d&#8217;un design spectaculaire. Obtenez-les maintenant sur Revolution Padel Store et faites passer votre jeu au niveau sup\u00e9rieur !<\/p>\n","protected":false},"excerpt":{"rendered":"<p>Achetez les chaussures Wilson Hurakn Team Cobalto Lilac White pour femmes dans Revolution Padel Store pour des performances fiables et confortables sur le terrain de padel.<\/p>\n","protected":false},"featured_media":6804,"comment_status":"closed","ping_status":"open","template":"","meta":{"_acf_changed":false,"_joinchat":[]},"acabado":[],"balance":[],"dureza":[],"forma":[],"jugador":[1197],"marca":[1267],"nivel-de-juego":[1337,1342,1347],"superficie":[],"tipo-de-juego":[],"product_brand":[],"product_cat":[456],"product_tag":[],"class_list":{"0":"post-14150","1":"product","2":"type-product","3":"status-publish","4":"has-post-thumbnail","6":"jugador-mujer-fr","7":"marca-wilson-fr","8":"product_cat-sneakers-pour-femme","10":"first","11":"outofstock","12":"sale","13":"taxable","14":"shipping-taxable","15":"purchasable","16":"product-type-variable"},"acf":[],"yoast_head":"<!-- This site is optimized with the Yoast SEO plugin v27.4 - https:\/\/yoast.com\/product\/yoast-seo-wordpress\/ -->\n<title>Zapatillas Wilson Hurakn Team Cobalto Lila Blanco Mujer - Revolution Padel Store<\/title>\n<meta name=\"description\" content=\"Compra las zapatillas Wilson Hurakn Team Cobalto Lila Blanco Mujer en Revolution Padel Store para un rendimiento fiable y c\u00f3modo en la pista de p\u00e1del.\" \/>\n<meta name=\"robots\" content=\"index, follow, max-snippet:-1, max-image-preview:large, max-video-preview:-1\" \/>\n<link rel=\"canonical\" href=\"https:\/\/revolutionpadelstore.com\/fr\/produit\/zapatillas-wilson-hurakn-team-cobalto-lila-blanco-mujer-3\/\" \/>\n<meta property=\"og:locale\" content=\"fr_FR\" \/>\n<meta property=\"og:type\" content=\"article\" \/>\n<meta property=\"og:title\" content=\"Zapatillas Wilson Hurakn Team Cobalto Lila Blanco Mujer - Revolution Padel Store\" \/>\n<meta property=\"og:description\" content=\"Compra las zapatillas Wilson Hurakn Team Cobalto Lila Blanco Mujer en Revolution Padel Store para un rendimiento fiable y c\u00f3modo en la pista de p\u00e1del.\" \/>\n<meta property=\"og:url\" content=\"https:\/\/revolutionpadelstore.com\/fr\/produit\/zapatillas-wilson-hurakn-team-cobalto-lila-blanco-mujer-3\/\" \/>\n<meta property=\"og:site_name\" content=\"Revolution Padel Store\" \/>\n<meta property=\"article:modified_time\" content=\"2026-04-08T10:02:13+00:00\" \/>\n<meta property=\"og:image\" content=\"https:\/\/revolutionpadelstore.com\/wp-content\/uploads\/2024\/04\/16913-0-4.jpg\" \/>\n\t<meta property=\"og:image:width\" content=\"800\" \/>\n\t<meta property=\"og:image:height\" content=\"800\" \/>\n\t<meta property=\"og:image:type\" content=\"image\/png\" \/>\n<meta name=\"twitter:card\" content=\"summary_large_image\" \/>\n<meta name=\"twitter:label1\" content=\"Dur\u00e9e de lecture estim\u00e9e\" \/>\n\t<meta name=\"twitter:data1\" content=\"2 minutes\" \/>\n<script type=\"application\/ld+json\" class=\"yoast-schema-graph\">{\"@context\":\"https:\\\/\\\/schema.org\",\"@graph\":[{\"@type\":\"WebPage\",\"@id\":\"https:\\\/\\\/revolutionpadelstore.com\\\/fr\\\/produit\\\/zapatillas-wilson-hurakn-team-cobalto-lila-blanco-mujer-3\\\/\",\"url\":\"https:\\\/\\\/revolutionpadelstore.com\\\/fr\\\/produit\\\/zapatillas-wilson-hurakn-team-cobalto-lila-blanco-mujer-3\\\/\",\"name\":\"Zapatillas Wilson Hurakn Team Cobalto Lila Blanco Mujer - Revolution Padel Store\",\"isPartOf\":{\"@id\":\"https:\\\/\\\/revolutionpadelstore.com\\\/fr\\\/#website\"},\"primaryImageOfPage\":{\"@id\":\"https:\\\/\\\/revolutionpadelstore.com\\\/fr\\\/produit\\\/zapatillas-wilson-hurakn-team-cobalto-lila-blanco-mujer-3\\\/#primaryimage\"},\"image\":{\"@id\":\"https:\\\/\\\/revolutionpadelstore.com\\\/fr\\\/produit\\\/zapatillas-wilson-hurakn-team-cobalto-lila-blanco-mujer-3\\\/#primaryimage\"},\"thumbnailUrl\":\"https:\\\/\\\/revolutionpadelstore.com\\\/wp-content\\\/uploads\\\/2024\\\/04\\\/16913-0-4.jpg\",\"datePublished\":\"2024-04-22T13:24:25+00:00\",\"dateModified\":\"2026-04-08T10:02:13+00:00\",\"description\":\"Compra las zapatillas Wilson Hurakn Team Cobalto Lila Blanco Mujer en Revolution Padel Store para un rendimiento fiable y c\u00f3modo en la pista de p\u00e1del.\",\"breadcrumb\":{\"@id\":\"https:\\\/\\\/revolutionpadelstore.com\\\/fr\\\/produit\\\/zapatillas-wilson-hurakn-team-cobalto-lila-blanco-mujer-3\\\/#breadcrumb\"},\"inLanguage\":\"fr-FR\",\"potentialAction\":[{\"@type\":\"ReadAction\",\"target\":[\"https:\\\/\\\/revolutionpadelstore.com\\\/fr\\\/produit\\\/zapatillas-wilson-hurakn-team-cobalto-lila-blanco-mujer-3\\\/\"]}]},{\"@type\":\"ImageObject\",\"inLanguage\":\"fr-FR\",\"@id\":\"https:\\\/\\\/revolutionpadelstore.com\\\/fr\\\/produit\\\/zapatillas-wilson-hurakn-team-cobalto-lila-blanco-mujer-3\\\/#primaryimage\",\"url\":\"https:\\\/\\\/revolutionpadelstore.com\\\/wp-content\\\/uploads\\\/2024\\\/04\\\/16913-0-4.jpg\",\"contentUrl\":\"https:\\\/\\\/revolutionpadelstore.com\\\/wp-content\\\/uploads\\\/2024\\\/04\\\/16913-0-4.jpg\",\"width\":800,\"height\":800},{\"@type\":\"BreadcrumbList\",\"@id\":\"https:\\\/\\\/revolutionpadelstore.com\\\/fr\\\/produit\\\/zapatillas-wilson-hurakn-team-cobalto-lila-blanco-mujer-3\\\/#breadcrumb\",\"itemListElement\":[{\"@type\":\"ListItem\",\"position\":1,\"name\":\"Portada\",\"item\":\"https:\\\/\\\/revolutionpadelstore.com\\\/fr\\\/\"},{\"@type\":\"ListItem\",\"position\":2,\"name\":\"Boutique\",\"item\":\"https:\\\/\\\/revolutionpadelstore.com\\\/fr\\\/tienda\\\/\"},{\"@type\":\"ListItem\",\"position\":3,\"name\":\"Zapatillas Wilson Hurakn Team Cobalto Lila Blanco Mujer\"}]},{\"@type\":\"WebSite\",\"@id\":\"https:\\\/\\\/revolutionpadelstore.com\\\/fr\\\/#website\",\"url\":\"https:\\\/\\\/revolutionpadelstore.com\\\/fr\\\/\",\"name\":\"Revolution Padel Store\",\"description\":\"\",\"publisher\":{\"@id\":\"https:\\\/\\\/revolutionpadelstore.com\\\/fr\\\/#organization\"},\"potentialAction\":[{\"@type\":\"SearchAction\",\"target\":{\"@type\":\"EntryPoint\",\"urlTemplate\":\"https:\\\/\\\/revolutionpadelstore.com\\\/fr\\\/?s={search_term_string}\"},\"query-input\":{\"@type\":\"PropertyValueSpecification\",\"valueRequired\":true,\"valueName\":\"search_term_string\"}}],\"inLanguage\":\"fr-FR\"},{\"@type\":\"Organization\",\"@id\":\"https:\\\/\\\/revolutionpadelstore.com\\\/fr\\\/#organization\",\"name\":\"Revolution Padel Store\",\"url\":\"https:\\\/\\\/revolutionpadelstore.com\\\/fr\\\/\",\"logo\":{\"@type\":\"ImageObject\",\"inLanguage\":\"fr-FR\",\"@id\":\"https:\\\/\\\/revolutionpadelstore.com\\\/fr\\\/#\\\/schema\\\/logo\\\/image\\\/\",\"url\":\"https:\\\/\\\/revolutionpadelstore.com\\\/wp-content\\\/uploads\\\/2026\\\/02\\\/revolution-padel-store.jpg\",\"contentUrl\":\"https:\\\/\\\/revolutionpadelstore.com\\\/wp-content\\\/uploads\\\/2026\\\/02\\\/revolution-padel-store.jpg\",\"width\":2000,\"height\":2000,\"caption\":\"Revolution Padel Store\"},\"image\":{\"@id\":\"https:\\\/\\\/revolutionpadelstore.com\\\/fr\\\/#\\\/schema\\\/logo\\\/image\\\/\"},\"sameAs\":[\"https:\\\/\\\/www.instagram.com\\\/revolutionpadelstore\\\/\"]}]}<\/script>\n<!-- \/ Yoast SEO plugin. -->","yoast_head_json":{"title":"Zapatillas Wilson Hurakn Team Cobalto Lila Blanco Mujer - Revolution Padel Store","description":"Compra las zapatillas Wilson Hurakn Team Cobalto Lila Blanco Mujer en Revolution Padel Store para un rendimiento fiable y c\u00f3modo en la pista de p\u00e1del.","robots":{"index":"index","follow":"follow","max-snippet":"max-snippet:-1","max-image-preview":"max-image-preview:large","max-video-preview":"max-video-preview:-1"},"canonical":"https:\/\/revolutionpadelstore.com\/fr\/produit\/zapatillas-wilson-hurakn-team-cobalto-lila-blanco-mujer-3\/","og_locale":"fr_FR","og_type":"article","og_title":"Zapatillas Wilson Hurakn Team Cobalto Lila Blanco Mujer - Revolution Padel Store","og_description":"Compra las zapatillas Wilson Hurakn Team Cobalto Lila Blanco Mujer en Revolution Padel Store para un rendimiento fiable y c\u00f3modo en la pista de p\u00e1del.","og_url":"https:\/\/revolutionpadelstore.com\/fr\/produit\/zapatillas-wilson-hurakn-team-cobalto-lila-blanco-mujer-3\/","og_site_name":"Revolution Padel Store","article_modified_time":"2026-04-08T10:02:13+00:00","og_image":[{"width":800,"height":800,"url":"https:\/\/revolutionpadelstore.com\/wp-content\/uploads\/2024\/04\/16913-0-4.jpg","type":"image\/png"}],"twitter_card":"summary_large_image","twitter_misc":{"Dur\u00e9e de lecture estim\u00e9e":"2 minutes"},"schema":{"@context":"https:\/\/schema.org","@graph":[{"@type":"WebPage","@id":"https:\/\/revolutionpadelstore.com\/fr\/produit\/zapatillas-wilson-hurakn-team-cobalto-lila-blanco-mujer-3\/","url":"https:\/\/revolutionpadelstore.com\/fr\/produit\/zapatillas-wilson-hurakn-team-cobalto-lila-blanco-mujer-3\/","name":"Zapatillas Wilson Hurakn Team Cobalto Lila Blanco Mujer - Revolution Padel Store","isPartOf":{"@id":"https:\/\/revolutionpadelstore.com\/fr\/#website"},"primaryImageOfPage":{"@id":"https:\/\/revolutionpadelstore.com\/fr\/produit\/zapatillas-wilson-hurakn-team-cobalto-lila-blanco-mujer-3\/#primaryimage"},"image":{"@id":"https:\/\/revolutionpadelstore.com\/fr\/produit\/zapatillas-wilson-hurakn-team-cobalto-lila-blanco-mujer-3\/#primaryimage"},"thumbnailUrl":"https:\/\/revolutionpadelstore.com\/wp-content\/uploads\/2024\/04\/16913-0-4.jpg","datePublished":"2024-04-22T13:24:25+00:00","dateModified":"2026-04-08T10:02:13+00:00","description":"Compra las zapatillas Wilson Hurakn Team Cobalto Lila Blanco Mujer en Revolution Padel Store para un rendimiento fiable y c\u00f3modo en la pista de p\u00e1del.","breadcrumb":{"@id":"https:\/\/revolutionpadelstore.com\/fr\/produit\/zapatillas-wilson-hurakn-team-cobalto-lila-blanco-mujer-3\/#breadcrumb"},"inLanguage":"fr-FR","potentialAction":[{"@type":"ReadAction","target":["https:\/\/revolutionpadelstore.com\/fr\/produit\/zapatillas-wilson-hurakn-team-cobalto-lila-blanco-mujer-3\/"]}]},{"@type":"ImageObject","inLanguage":"fr-FR","@id":"https:\/\/revolutionpadelstore.com\/fr\/produit\/zapatillas-wilson-hurakn-team-cobalto-lila-blanco-mujer-3\/#primaryimage","url":"https:\/\/revolutionpadelstore.com\/wp-content\/uploads\/2024\/04\/16913-0-4.jpg","contentUrl":"https:\/\/revolutionpadelstore.com\/wp-content\/uploads\/2024\/04\/16913-0-4.jpg","width":800,"height":800},{"@type":"BreadcrumbList","@id":"https:\/\/revolutionpadelstore.com\/fr\/produit\/zapatillas-wilson-hurakn-team-cobalto-lila-blanco-mujer-3\/#breadcrumb","itemListElement":[{"@type":"ListItem","position":1,"name":"Portada","item":"https:\/\/revolutionpadelstore.com\/fr\/"},{"@type":"ListItem","position":2,"name":"Boutique","item":"https:\/\/revolutionpadelstore.com\/fr\/tienda\/"},{"@type":"ListItem","position":3,"name":"Zapatillas Wilson Hurakn Team Cobalto Lila Blanco Mujer"}]},{"@type":"WebSite","@id":"https:\/\/revolutionpadelstore.com\/fr\/#website","url":"https:\/\/revolutionpadelstore.com\/fr\/","name":"Revolution Padel Store","description":"","publisher":{"@id":"https:\/\/revolutionpadelstore.com\/fr\/#organization"},"potentialAction":[{"@type":"SearchAction","target":{"@type":"EntryPoint","urlTemplate":"https:\/\/revolutionpadelstore.com\/fr\/?s={search_term_string}"},"query-input":{"@type":"PropertyValueSpecification","valueRequired":true,"valueName":"search_term_string"}}],"inLanguage":"fr-FR"},{"@type":"Organization","@id":"https:\/\/revolutionpadelstore.com\/fr\/#organization","name":"Revolution Padel Store","url":"https:\/\/revolutionpadelstore.com\/fr\/","logo":{"@type":"ImageObject","inLanguage":"fr-FR","@id":"https:\/\/revolutionpadelstore.com\/fr\/#\/schema\/logo\/image\/","url":"https:\/\/revolutionpadelstore.com\/wp-content\/uploads\/2026\/02\/revolution-padel-store.jpg","contentUrl":"https:\/\/revolutionpadelstore.com\/wp-content\/uploads\/2026\/02\/revolution-padel-store.jpg","width":2000,"height":2000,"caption":"Revolution Padel Store"},"image":{"@id":"https:\/\/revolutionpadelstore.com\/fr\/#\/schema\/logo\/image\/"},"sameAs":["https:\/\/www.instagram.com\/revolutionpadelstore\/"]}]}},"_links":{"self":[{"href":"https:\/\/revolutionpadelstore.com\/fr\/wp-json\/wp\/v2\/product\/14150","targetHints":{"allow":["GET"]}}],"collection":[{"href":"https:\/\/revolutionpadelstore.com\/fr\/wp-json\/wp\/v2\/product"}],"about":[{"href":"https:\/\/revolutionpadelstore.com\/fr\/wp-json\/wp\/v2\/types\/product"}],"replies":[{"embeddable":true,"href":"https:\/\/revolutionpadelstore.com\/fr\/wp-json\/wp\/v2\/comments?post=14150"}],"wp:featuredmedia":[{"embeddable":true,"href":"https:\/\/revolutionpadelstore.com\/fr\/wp-json\/wp\/v2\/media\/6804"}],"wp:attachment":[{"href":"https:\/\/revolutionpadelstore.com\/fr\/wp-json\/wp\/v2\/media?parent=14150"}],"wp:term":[{"taxonomy":"acabado","embeddable":true,"href":"https:\/\/revolutionpadelstore.com\/fr\/wp-json\/wp\/v2\/acabado?post=14150"},{"taxonomy":"balance","embeddable":true,"href":"https:\/\/revolutionpadelstore.com\/fr\/wp-json\/wp\/v2\/balance?post=14150"},{"taxonomy":"dureza","embeddable":true,"href":"https:\/\/revolutionpadelstore.com\/fr\/wp-json\/wp\/v2\/dureza?post=14150"},{"taxonomy":"forma","embeddable":true,"href":"https:\/\/revolutionpadelstore.com\/fr\/wp-json\/wp\/v2\/forma?post=14150"},{"taxonomy":"jugador","embeddable":true,"href":"https:\/\/revolutionpadelstore.com\/fr\/wp-json\/wp\/v2\/jugador?post=14150"},{"taxonomy":"marca","embeddable":true,"href":"https:\/\/revolutionpadelstore.com\/fr\/wp-json\/wp\/v2\/marca?post=14150"},{"taxonomy":"nivel-de-juego","embeddable":true,"href":"https:\/\/revolutionpadelstore.com\/fr\/wp-json\/wp\/v2\/nivel-de-juego?post=14150"},{"taxonomy":"superficie","embeddable":true,"href":"https:\/\/revolutionpadelstore.com\/fr\/wp-json\/wp\/v2\/superficie?post=14150"},{"taxonomy":"tipo-de-juego","embeddable":true,"href":"https:\/\/revolutionpadelstore.com\/fr\/wp-json\/wp\/v2\/tipo-de-juego?post=14150"},{"taxonomy":"product_brand","embeddable":true,"href":"https:\/\/revolutionpadelstore.com\/fr\/wp-json\/wp\/v2\/product_brand?post=14150"},{"taxonomy":"product_cat","embeddable":true,"href":"https:\/\/revolutionpadelstore.com\/fr\/wp-json\/wp\/v2\/product_cat?post=14150"},{"taxonomy":"product_tag","embeddable":true,"href":"https:\/\/revolutionpadelstore.com\/fr\/wp-json\/wp\/v2\/product_tag?post=14150"}],"curies":[{"name":"wp","href":"https:\/\/api.w.org\/{rel}","templated":true}]}}