{"id":14049,"date":"2024-04-22T15:24:29","date_gmt":"2024-04-22T13:24:29","guid":{"rendered":"https:\/\/revolutionpadelstore.com\/siux-spyder-lite-ctrl-3-hard-2\/"},"modified":"2026-04-08T12:01:44","modified_gmt":"2026-04-08T10:01:44","slug":"siux-spyder-lite-ctrl-3-hard-3","status":"publish","type":"product","link":"https:\/\/revolutionpadelstore.com\/fr\/produit\/siux-spyder-lite-ctrl-3-hard-3\/","title":{"rendered":"SIUX SPYDER LITE CTRL 3 HARD"},"content":{"rendered":"<p>Chez Revolution Padel Store, nous vous pr\u00e9sentons la raquette parfaite pour les joueurs \u00e0 la recherche d&#8217;un contr\u00f4le exceptionnel \u00e0 chaque coup : la Siux Spyder Lite Ctrl 3 Hard 2024. Cette raquette ronde fait partie de la prestigieuse gamme Lite Series de la c\u00e9l\u00e8bre marque Siux. , et est con\u00e7u pour offrir des performances exceptionnelles sur le terrain.<\/p>\n<p>Avec une forme ronde et un \u00e9quilibre bas, le Siux Spyder Lite Ctrl 3 Hard 2024 offre une sensation de maniabilit\u00e9 exceptionnelle, vous permettant d&#8217;avoir un contr\u00f4le pr\u00e9cis sur la direction et la puissance de vos tirs. C&#8217;est le choix parfait pour les joueurs qui pr\u00e9f\u00e8rent un jeu ax\u00e9 sur le contr\u00f4le et le placement de la balle.<\/p>\n<p>Mais elle ne se distingue pas seulement par son contr\u00f4le, cette raquette offre \u00e9galement durabilit\u00e9 et r\u00e9sistance gr\u00e2ce \u00e0 ses faces en carbone 12K et son boyau 3K. De plus, sa gomme Hard EVA \u00e0 l&#8217;int\u00e9rieur procure un toucher tr\u00e8s dur, ce qui vous permettra d&#8217;ajouter plus facilement du spin \u00e0 vos coups.<\/p>\n<p>Le design du Siux Spyder Lite Ctrl 3 Hard 2024 est \u00e9galement impressionnant. Avec une \u00e9l\u00e9gante finition noire et un cadre vert, cette raquette attire non seulement l&#8217;attention, mais offre \u00e9galement une durabilit\u00e9 et une protection suppl\u00e9mentaire. De plus, sa poign\u00e9e gaufr\u00e9e Dual Pro Grip assure une prise ferme et confortable, indispensable pour des performances optimales sur le court.<\/p>\n<p>Et pour am\u00e9liorer encore votre exp\u00e9rience de jeu, la raquette est dot\u00e9e d&#8217;amortisseurs Shockout sur les matrices pour r\u00e9duire les vibrations et minimiser la fatigue des bras. En r\u00e9sum\u00e9, la Siux Spyder Lite Ctrl 3 Hard 2024 est une raquette haut de gamme qui allie contr\u00f4le, puissance et durabilit\u00e9 dans un design \u00e9l\u00e9gant. N&#8217;attendez plus et obtenez-le au Revolution Padel Store.<\/p>\n","protected":false},"excerpt":{"rendered":"<p>D\u00e9couvrez la raquette de padel Siux Spyder Lite Ctrl 3 Hard 2024 chez Revolution Padel Store, avec contr\u00f4le, puissance et durabilit\u00e9 dans un design \u00e9l\u00e9gant.<\/p>\n","protected":false},"featured_media":266419,"comment_status":"closed","ping_status":"closed","template":"","meta":{"_acf_changed":false,"_joinchat":[]},"acabado":[],"balance":[],"dureza":[],"forma":[],"jugador":[1192,1202],"marca":[1307],"nivel-de-juego":[],"superficie":[],"tipo-de-juego":[],"product_brand":[],"product_cat":[302],"product_tag":[],"class_list":{"0":"post-14049","1":"product","2":"type-product","3":"status-publish","4":"has-post-thumbnail","6":"jugador-homme","7":"jugador-polivalente-fr","8":"marca-siux-fr","9":"product_cat-palas-de-padel-fr","11":"first","12":"instock","13":"sale","14":"taxable","15":"shipping-taxable","16":"purchasable","17":"product-type-simple"},"acf":[],"yoast_head":"<!-- This site is optimized with the Yoast SEO plugin v27.3 - https:\/\/yoast.com\/product\/yoast-seo-wordpress\/ -->\n<title>SIUX SPYDER LITE CTRL 3 HARD - Revolution Padel Store<\/title>\n<meta name=\"description\" content=\"Descubre la pala de p\u00e1del Siux Spyder Lite Ctrl 3 Hard 2024 en Revolution Padel Store, con control, potencia y durabilidad en un dise\u00f1o elegante.\" \/>\n<meta name=\"robots\" content=\"index, follow, max-snippet:-1, max-image-preview:large, max-video-preview:-1\" \/>\n<link rel=\"canonical\" href=\"https:\/\/revolutionpadelstore.com\/fr\/produit\/siux-spyder-lite-ctrl-3-hard-3\/\" \/>\n<meta property=\"og:locale\" content=\"fr_FR\" \/>\n<meta property=\"og:type\" content=\"article\" \/>\n<meta property=\"og:title\" content=\"SIUX SPYDER LITE CTRL 3 HARD - Revolution Padel Store\" \/>\n<meta property=\"og:description\" content=\"Descubre la pala de p\u00e1del Siux Spyder Lite Ctrl 3 Hard 2024 en Revolution Padel Store, con control, potencia y durabilidad en un dise\u00f1o elegante.\" \/>\n<meta property=\"og:url\" content=\"https:\/\/revolutionpadelstore.com\/fr\/produit\/siux-spyder-lite-ctrl-3-hard-3\/\" \/>\n<meta property=\"og:site_name\" content=\"Revolution Padel Store\" \/>\n<meta property=\"article:modified_time\" content=\"2026-04-08T10:01:44+00:00\" \/>\n<meta property=\"og:image\" content=\"https:\/\/revolutionpadelstore.com\/wp-content\/uploads\/2024\/04\/109483-spyder-revolution-3-ctrl-lite-grip-regular-1500x1500-1.webp\" \/>\n\t<meta property=\"og:image:width\" content=\"1500\" \/>\n\t<meta property=\"og:image:height\" content=\"1500\" \/>\n\t<meta property=\"og:image:type\" content=\"image\/webp\" \/>\n<meta name=\"twitter:card\" content=\"summary_large_image\" \/>\n<meta name=\"twitter:label1\" content=\"Dur\u00e9e de lecture estim\u00e9e\" \/>\n\t<meta name=\"twitter:data1\" content=\"2 minutes\" \/>\n<script type=\"application\/ld+json\" class=\"yoast-schema-graph\">{\"@context\":\"https:\\\/\\\/schema.org\",\"@graph\":[{\"@type\":\"WebPage\",\"@id\":\"https:\\\/\\\/revolutionpadelstore.com\\\/fr\\\/produit\\\/siux-spyder-lite-ctrl-3-hard-3\\\/\",\"url\":\"https:\\\/\\\/revolutionpadelstore.com\\\/fr\\\/produit\\\/siux-spyder-lite-ctrl-3-hard-3\\\/\",\"name\":\"SIUX SPYDER LITE CTRL 3 HARD - Revolution Padel Store\",\"isPartOf\":{\"@id\":\"https:\\\/\\\/revolutionpadelstore.com\\\/fr\\\/#website\"},\"primaryImageOfPage\":{\"@id\":\"https:\\\/\\\/revolutionpadelstore.com\\\/fr\\\/produit\\\/siux-spyder-lite-ctrl-3-hard-3\\\/#primaryimage\"},\"image\":{\"@id\":\"https:\\\/\\\/revolutionpadelstore.com\\\/fr\\\/produit\\\/siux-spyder-lite-ctrl-3-hard-3\\\/#primaryimage\"},\"thumbnailUrl\":\"https:\\\/\\\/revolutionpadelstore.com\\\/wp-content\\\/uploads\\\/2024\\\/04\\\/109483-spyder-revolution-3-ctrl-lite-grip-regular-1500x1500-1.webp\",\"datePublished\":\"2024-04-22T13:24:29+00:00\",\"dateModified\":\"2026-04-08T10:01:44+00:00\",\"description\":\"Descubre la pala de p\u00e1del Siux Spyder Lite Ctrl 3 Hard 2024 en Revolution Padel Store, con control, potencia y durabilidad en un dise\u00f1o elegante.\",\"breadcrumb\":{\"@id\":\"https:\\\/\\\/revolutionpadelstore.com\\\/fr\\\/produit\\\/siux-spyder-lite-ctrl-3-hard-3\\\/#breadcrumb\"},\"inLanguage\":\"fr-FR\",\"potentialAction\":[{\"@type\":\"ReadAction\",\"target\":[\"https:\\\/\\\/revolutionpadelstore.com\\\/fr\\\/produit\\\/siux-spyder-lite-ctrl-3-hard-3\\\/\"]}]},{\"@type\":\"ImageObject\",\"inLanguage\":\"fr-FR\",\"@id\":\"https:\\\/\\\/revolutionpadelstore.com\\\/fr\\\/produit\\\/siux-spyder-lite-ctrl-3-hard-3\\\/#primaryimage\",\"url\":\"https:\\\/\\\/revolutionpadelstore.com\\\/wp-content\\\/uploads\\\/2024\\\/04\\\/109483-spyder-revolution-3-ctrl-lite-grip-regular-1500x1500-1.webp\",\"contentUrl\":\"https:\\\/\\\/revolutionpadelstore.com\\\/wp-content\\\/uploads\\\/2024\\\/04\\\/109483-spyder-revolution-3-ctrl-lite-grip-regular-1500x1500-1.webp\",\"width\":1500,\"height\":1500},{\"@type\":\"BreadcrumbList\",\"@id\":\"https:\\\/\\\/revolutionpadelstore.com\\\/fr\\\/produit\\\/siux-spyder-lite-ctrl-3-hard-3\\\/#breadcrumb\",\"itemListElement\":[{\"@type\":\"ListItem\",\"position\":1,\"name\":\"Portada\",\"item\":\"https:\\\/\\\/revolutionpadelstore.com\\\/fr\\\/\"},{\"@type\":\"ListItem\",\"position\":2,\"name\":\"Boutique\",\"item\":\"https:\\\/\\\/revolutionpadelstore.com\\\/fr\\\/tienda\\\/\"},{\"@type\":\"ListItem\",\"position\":3,\"name\":\"SIUX SPYDER LITE CTRL 3 HARD\"}]},{\"@type\":\"WebSite\",\"@id\":\"https:\\\/\\\/revolutionpadelstore.com\\\/fr\\\/#website\",\"url\":\"https:\\\/\\\/revolutionpadelstore.com\\\/fr\\\/\",\"name\":\"Revolution Padel Store\",\"description\":\"\",\"publisher\":{\"@id\":\"https:\\\/\\\/revolutionpadelstore.com\\\/fr\\\/#organization\"},\"potentialAction\":[{\"@type\":\"SearchAction\",\"target\":{\"@type\":\"EntryPoint\",\"urlTemplate\":\"https:\\\/\\\/revolutionpadelstore.com\\\/fr\\\/?s={search_term_string}\"},\"query-input\":{\"@type\":\"PropertyValueSpecification\",\"valueRequired\":true,\"valueName\":\"search_term_string\"}}],\"inLanguage\":\"fr-FR\"},{\"@type\":\"Organization\",\"@id\":\"https:\\\/\\\/revolutionpadelstore.com\\\/fr\\\/#organization\",\"name\":\"Revolution Padel Store\",\"url\":\"https:\\\/\\\/revolutionpadelstore.com\\\/fr\\\/\",\"logo\":{\"@type\":\"ImageObject\",\"inLanguage\":\"fr-FR\",\"@id\":\"https:\\\/\\\/revolutionpadelstore.com\\\/fr\\\/#\\\/schema\\\/logo\\\/image\\\/\",\"url\":\"https:\\\/\\\/revolutionpadelstore.com\\\/wp-content\\\/uploads\\\/2026\\\/02\\\/revolution-padel-store.jpg\",\"contentUrl\":\"https:\\\/\\\/revolutionpadelstore.com\\\/wp-content\\\/uploads\\\/2026\\\/02\\\/revolution-padel-store.jpg\",\"width\":2000,\"height\":2000,\"caption\":\"Revolution Padel Store\"},\"image\":{\"@id\":\"https:\\\/\\\/revolutionpadelstore.com\\\/fr\\\/#\\\/schema\\\/logo\\\/image\\\/\"},\"sameAs\":[\"https:\\\/\\\/www.instagram.com\\\/revolutionpadelstore\\\/\"]}]}<\/script>\n<!-- \/ Yoast SEO plugin. -->","yoast_head_json":{"title":"SIUX SPYDER LITE CTRL 3 HARD - Revolution Padel Store","description":"Descubre la pala de p\u00e1del Siux Spyder Lite Ctrl 3 Hard 2024 en Revolution Padel Store, con control, potencia y durabilidad en un dise\u00f1o elegante.","robots":{"index":"index","follow":"follow","max-snippet":"max-snippet:-1","max-image-preview":"max-image-preview:large","max-video-preview":"max-video-preview:-1"},"canonical":"https:\/\/revolutionpadelstore.com\/fr\/produit\/siux-spyder-lite-ctrl-3-hard-3\/","og_locale":"fr_FR","og_type":"article","og_title":"SIUX SPYDER LITE CTRL 3 HARD - Revolution Padel Store","og_description":"Descubre la pala de p\u00e1del Siux Spyder Lite Ctrl 3 Hard 2024 en Revolution Padel Store, con control, potencia y durabilidad en un dise\u00f1o elegante.","og_url":"https:\/\/revolutionpadelstore.com\/fr\/produit\/siux-spyder-lite-ctrl-3-hard-3\/","og_site_name":"Revolution Padel Store","article_modified_time":"2026-04-08T10:01:44+00:00","og_image":[{"width":1500,"height":1500,"url":"https:\/\/revolutionpadelstore.com\/wp-content\/uploads\/2024\/04\/109483-spyder-revolution-3-ctrl-lite-grip-regular-1500x1500-1.webp","type":"image\/webp"}],"twitter_card":"summary_large_image","twitter_misc":{"Dur\u00e9e de lecture estim\u00e9e":"2 minutes"},"schema":{"@context":"https:\/\/schema.org","@graph":[{"@type":"WebPage","@id":"https:\/\/revolutionpadelstore.com\/fr\/produit\/siux-spyder-lite-ctrl-3-hard-3\/","url":"https:\/\/revolutionpadelstore.com\/fr\/produit\/siux-spyder-lite-ctrl-3-hard-3\/","name":"SIUX SPYDER LITE CTRL 3 HARD - Revolution Padel Store","isPartOf":{"@id":"https:\/\/revolutionpadelstore.com\/fr\/#website"},"primaryImageOfPage":{"@id":"https:\/\/revolutionpadelstore.com\/fr\/produit\/siux-spyder-lite-ctrl-3-hard-3\/#primaryimage"},"image":{"@id":"https:\/\/revolutionpadelstore.com\/fr\/produit\/siux-spyder-lite-ctrl-3-hard-3\/#primaryimage"},"thumbnailUrl":"https:\/\/revolutionpadelstore.com\/wp-content\/uploads\/2024\/04\/109483-spyder-revolution-3-ctrl-lite-grip-regular-1500x1500-1.webp","datePublished":"2024-04-22T13:24:29+00:00","dateModified":"2026-04-08T10:01:44+00:00","description":"Descubre la pala de p\u00e1del Siux Spyder Lite Ctrl 3 Hard 2024 en Revolution Padel Store, con control, potencia y durabilidad en un dise\u00f1o elegante.","breadcrumb":{"@id":"https:\/\/revolutionpadelstore.com\/fr\/produit\/siux-spyder-lite-ctrl-3-hard-3\/#breadcrumb"},"inLanguage":"fr-FR","potentialAction":[{"@type":"ReadAction","target":["https:\/\/revolutionpadelstore.com\/fr\/produit\/siux-spyder-lite-ctrl-3-hard-3\/"]}]},{"@type":"ImageObject","inLanguage":"fr-FR","@id":"https:\/\/revolutionpadelstore.com\/fr\/produit\/siux-spyder-lite-ctrl-3-hard-3\/#primaryimage","url":"https:\/\/revolutionpadelstore.com\/wp-content\/uploads\/2024\/04\/109483-spyder-revolution-3-ctrl-lite-grip-regular-1500x1500-1.webp","contentUrl":"https:\/\/revolutionpadelstore.com\/wp-content\/uploads\/2024\/04\/109483-spyder-revolution-3-ctrl-lite-grip-regular-1500x1500-1.webp","width":1500,"height":1500},{"@type":"BreadcrumbList","@id":"https:\/\/revolutionpadelstore.com\/fr\/produit\/siux-spyder-lite-ctrl-3-hard-3\/#breadcrumb","itemListElement":[{"@type":"ListItem","position":1,"name":"Portada","item":"https:\/\/revolutionpadelstore.com\/fr\/"},{"@type":"ListItem","position":2,"name":"Boutique","item":"https:\/\/revolutionpadelstore.com\/fr\/tienda\/"},{"@type":"ListItem","position":3,"name":"SIUX SPYDER LITE CTRL 3 HARD"}]},{"@type":"WebSite","@id":"https:\/\/revolutionpadelstore.com\/fr\/#website","url":"https:\/\/revolutionpadelstore.com\/fr\/","name":"Revolution Padel Store","description":"","publisher":{"@id":"https:\/\/revolutionpadelstore.com\/fr\/#organization"},"potentialAction":[{"@type":"SearchAction","target":{"@type":"EntryPoint","urlTemplate":"https:\/\/revolutionpadelstore.com\/fr\/?s={search_term_string}"},"query-input":{"@type":"PropertyValueSpecification","valueRequired":true,"valueName":"search_term_string"}}],"inLanguage":"fr-FR"},{"@type":"Organization","@id":"https:\/\/revolutionpadelstore.com\/fr\/#organization","name":"Revolution Padel Store","url":"https:\/\/revolutionpadelstore.com\/fr\/","logo":{"@type":"ImageObject","inLanguage":"fr-FR","@id":"https:\/\/revolutionpadelstore.com\/fr\/#\/schema\/logo\/image\/","url":"https:\/\/revolutionpadelstore.com\/wp-content\/uploads\/2026\/02\/revolution-padel-store.jpg","contentUrl":"https:\/\/revolutionpadelstore.com\/wp-content\/uploads\/2026\/02\/revolution-padel-store.jpg","width":2000,"height":2000,"caption":"Revolution Padel Store"},"image":{"@id":"https:\/\/revolutionpadelstore.com\/fr\/#\/schema\/logo\/image\/"},"sameAs":["https:\/\/www.instagram.com\/revolutionpadelstore\/"]}]}},"_links":{"self":[{"href":"https:\/\/revolutionpadelstore.com\/fr\/wp-json\/wp\/v2\/product\/14049","targetHints":{"allow":["GET"]}}],"collection":[{"href":"https:\/\/revolutionpadelstore.com\/fr\/wp-json\/wp\/v2\/product"}],"about":[{"href":"https:\/\/revolutionpadelstore.com\/fr\/wp-json\/wp\/v2\/types\/product"}],"replies":[{"embeddable":true,"href":"https:\/\/revolutionpadelstore.com\/fr\/wp-json\/wp\/v2\/comments?post=14049"}],"wp:featuredmedia":[{"embeddable":true,"href":"https:\/\/revolutionpadelstore.com\/fr\/wp-json\/wp\/v2\/media\/266419"}],"wp:attachment":[{"href":"https:\/\/revolutionpadelstore.com\/fr\/wp-json\/wp\/v2\/media?parent=14049"}],"wp:term":[{"taxonomy":"acabado","embeddable":true,"href":"https:\/\/revolutionpadelstore.com\/fr\/wp-json\/wp\/v2\/acabado?post=14049"},{"taxonomy":"balance","embeddable":true,"href":"https:\/\/revolutionpadelstore.com\/fr\/wp-json\/wp\/v2\/balance?post=14049"},{"taxonomy":"dureza","embeddable":true,"href":"https:\/\/revolutionpadelstore.com\/fr\/wp-json\/wp\/v2\/dureza?post=14049"},{"taxonomy":"forma","embeddable":true,"href":"https:\/\/revolutionpadelstore.com\/fr\/wp-json\/wp\/v2\/forma?post=14049"},{"taxonomy":"jugador","embeddable":true,"href":"https:\/\/revolutionpadelstore.com\/fr\/wp-json\/wp\/v2\/jugador?post=14049"},{"taxonomy":"marca","embeddable":true,"href":"https:\/\/revolutionpadelstore.com\/fr\/wp-json\/wp\/v2\/marca?post=14049"},{"taxonomy":"nivel-de-juego","embeddable":true,"href":"https:\/\/revolutionpadelstore.com\/fr\/wp-json\/wp\/v2\/nivel-de-juego?post=14049"},{"taxonomy":"superficie","embeddable":true,"href":"https:\/\/revolutionpadelstore.com\/fr\/wp-json\/wp\/v2\/superficie?post=14049"},{"taxonomy":"tipo-de-juego","embeddable":true,"href":"https:\/\/revolutionpadelstore.com\/fr\/wp-json\/wp\/v2\/tipo-de-juego?post=14049"},{"taxonomy":"product_brand","embeddable":true,"href":"https:\/\/revolutionpadelstore.com\/fr\/wp-json\/wp\/v2\/product_brand?post=14049"},{"taxonomy":"product_cat","embeddable":true,"href":"https:\/\/revolutionpadelstore.com\/fr\/wp-json\/wp\/v2\/product_cat?post=14049"},{"taxonomy":"product_tag","embeddable":true,"href":"https:\/\/revolutionpadelstore.com\/fr\/wp-json\/wp\/v2\/product_tag?post=14049"}],"curies":[{"name":"wp","href":"https:\/\/api.w.org\/{rel}","templated":true}]}}