{"id":13994,"date":"2024-04-22T15:24:39","date_gmt":"2024-04-22T13:24:39","guid":{"rendered":"https:\/\/revolutionpadelstore.com\/rs-prime-edition-2-0-mujer\/"},"modified":"2026-04-08T11:57:24","modified_gmt":"2026-04-08T09:57:24","slug":"rs-prime-edition-2-0-mujer-3","status":"publish","type":"product","link":"https:\/\/revolutionpadelstore.com\/fr\/produit\/rs-prime-edition-2-0-mujer-3\/","title":{"rendered":"RS PRIME EDITION 2.0 MUJER"},"content":{"rendered":"<p>Si vous recherchez une raquette de padel de haute qualit\u00e9 et au design exclusif, vous ne pouvez pas manquer la <strong>raquette de padel RS Prime Edition 2.0 pour femme chez Revolution Padel Store<\/strong>. Cette raquette de padel a \u00e9t\u00e9 con\u00e7ue avec les meilleurs mat\u00e9riaux et technologies pour offrir un jeu optimal tant en d\u00e9fense qu&#8217;en attaque. De plus, son design \u00e9l\u00e9gant en fait une pi\u00e8ce unique sur le court.<\/p>\n<p> La <strong>raquette de padel RS Prime Edition 2.0 91017 pour femme<\/strong> est particuli\u00e8rement recommand\u00e9e aux joueuses ayant des comp\u00e9tences interm\u00e9diaires-avanc\u00e9es qui cherchent \u00e0 am\u00e9liorer leur jeu. Gr\u00e2ce \u00e0 sa forme en goutte et son \u00e9quilibre moyen, cette raquette offre une grande polyvalence en intensit\u00e9 et en contr\u00f4le.<\/p>\n<p> Concernant son design, cette raquette se d\u00e9marque par sa modernit\u00e9 et sa f\u00e9minit\u00e9. Avec un fond blanc sur le manche et un dessin sombre sur le reste de la surface, cette raquette pr\u00e9sente des d\u00e9tails et des inscriptions en rose p\u00e2le, dont le logo de la marque.<\/p>\n<p> Mais non seulement son design est exceptionnel, mais il poss\u00e8de \u00e9galement des caract\u00e9ristiques techniques de haut niveau. Son cadre en carbone et ses avions en carbone 3K garantissent solidit\u00e9 et durabilit\u00e9, tandis que son noyau en caoutchouc Soft EVA offre une prise en main confortable et de meilleurs sorties de balle. De plus, sa finition sabl\u00e9e et ses perforations circulaires permettent un meilleur contr\u00f4le des effets de la balle.<\/p>\n<p> N&#8217;attendez plus et procurez-vous d\u00e8s maintenant la <strong>raquette de padel RS Prime Edition 2.0 pour femme chez Revolution Padel Store<\/strong>, le magasin sp\u00e9cialis\u00e9 dans les articles de sport de padel. Faites l&#8217;envie de vos rivaux sur le terrain avec cette incroyable raquette de padel !<\/p>\n","protected":false},"excerpt":{"rendered":"<p>D\u00e9couvrez la raquette de padel RS Prime Edition 2.0 pour femme chez Revolution Padel Store. Design \u00e9l\u00e9gant et fonctionnalit\u00e9s avanc\u00e9es.<\/p>\n","protected":false},"featured_media":7005,"comment_status":"closed","ping_status":"open","template":"","meta":{"_acf_changed":false,"_joinchat":[]},"acabado":[],"balance":[],"dureza":[],"forma":[],"jugador":[1197],"marca":[1312],"nivel-de-juego":[],"superficie":[],"tipo-de-juego":[],"product_brand":[],"product_cat":[302],"product_tag":[],"class_list":{"0":"post-13994","1":"product","2":"type-product","3":"status-publish","4":"has-post-thumbnail","6":"jugador-mujer-fr","7":"marca-rs-padel-fr","8":"product_cat-palas-de-padel-fr","10":"first","11":"instock","12":"sale","13":"taxable","14":"shipping-taxable","15":"purchasable","16":"product-type-simple"},"acf":[],"yoast_head":"<!-- This site is optimized with the Yoast SEO plugin v27.4 - https:\/\/yoast.com\/product\/yoast-seo-wordpress\/ -->\n<title>RS PRIME EDITION 2.0 MUJER - Revolution Padel Store<\/title>\n<meta name=\"description\" content=\"Descubre la pala de p\u00e1del RS Prime Edition 2.0 para mujer en Revolution Padel Store. Dise\u00f1o elegante y caracter\u00edsticas avanzadas.\" \/>\n<meta name=\"robots\" content=\"index, follow, max-snippet:-1, max-image-preview:large, max-video-preview:-1\" \/>\n<link rel=\"canonical\" href=\"https:\/\/revolutionpadelstore.com\/fr\/produit\/rs-prime-edition-2-0-mujer-3\/\" \/>\n<meta property=\"og:locale\" content=\"fr_FR\" \/>\n<meta property=\"og:type\" content=\"article\" \/>\n<meta property=\"og:title\" content=\"RS PRIME EDITION 2.0 MUJER - Revolution Padel Store\" \/>\n<meta property=\"og:description\" content=\"Descubre la pala de p\u00e1del RS Prime Edition 2.0 para mujer en Revolution Padel Store. Dise\u00f1o elegante y caracter\u00edsticas avanzadas.\" \/>\n<meta property=\"og:url\" content=\"https:\/\/revolutionpadelstore.com\/fr\/produit\/rs-prime-edition-2-0-mujer-3\/\" \/>\n<meta property=\"og:site_name\" content=\"Revolution Padel Store\" \/>\n<meta property=\"article:modified_time\" content=\"2026-04-08T09:57:24+00:00\" \/>\n<meta property=\"og:image\" content=\"https:\/\/revolutionpadelstore.com\/wp-content\/uploads\/2024\/04\/28434-P-2-4.jpg\" \/>\n\t<meta property=\"og:image:width\" content=\"1000\" \/>\n\t<meta property=\"og:image:height\" content=\"1000\" \/>\n\t<meta property=\"og:image:type\" content=\"image\/png\" \/>\n<meta name=\"twitter:card\" content=\"summary_large_image\" \/>\n<meta name=\"twitter:label1\" content=\"Dur\u00e9e de lecture estim\u00e9e\" \/>\n\t<meta name=\"twitter:data1\" content=\"1 minute\" \/>\n<script type=\"application\/ld+json\" class=\"yoast-schema-graph\">{\"@context\":\"https:\\\/\\\/schema.org\",\"@graph\":[{\"@type\":\"WebPage\",\"@id\":\"https:\\\/\\\/revolutionpadelstore.com\\\/fr\\\/produit\\\/rs-prime-edition-2-0-mujer-3\\\/\",\"url\":\"https:\\\/\\\/revolutionpadelstore.com\\\/fr\\\/produit\\\/rs-prime-edition-2-0-mujer-3\\\/\",\"name\":\"RS PRIME EDITION 2.0 MUJER - Revolution Padel Store\",\"isPartOf\":{\"@id\":\"https:\\\/\\\/revolutionpadelstore.com\\\/fr\\\/#website\"},\"primaryImageOfPage\":{\"@id\":\"https:\\\/\\\/revolutionpadelstore.com\\\/fr\\\/produit\\\/rs-prime-edition-2-0-mujer-3\\\/#primaryimage\"},\"image\":{\"@id\":\"https:\\\/\\\/revolutionpadelstore.com\\\/fr\\\/produit\\\/rs-prime-edition-2-0-mujer-3\\\/#primaryimage\"},\"thumbnailUrl\":\"https:\\\/\\\/revolutionpadelstore.com\\\/wp-content\\\/uploads\\\/2024\\\/04\\\/28434-P-2-4.jpg\",\"datePublished\":\"2024-04-22T13:24:39+00:00\",\"dateModified\":\"2026-04-08T09:57:24+00:00\",\"description\":\"Descubre la pala de p\u00e1del RS Prime Edition 2.0 para mujer en Revolution Padel Store. Dise\u00f1o elegante y caracter\u00edsticas avanzadas.\",\"breadcrumb\":{\"@id\":\"https:\\\/\\\/revolutionpadelstore.com\\\/fr\\\/produit\\\/rs-prime-edition-2-0-mujer-3\\\/#breadcrumb\"},\"inLanguage\":\"fr-FR\",\"potentialAction\":[{\"@type\":\"ReadAction\",\"target\":[\"https:\\\/\\\/revolutionpadelstore.com\\\/fr\\\/produit\\\/rs-prime-edition-2-0-mujer-3\\\/\"]}]},{\"@type\":\"ImageObject\",\"inLanguage\":\"fr-FR\",\"@id\":\"https:\\\/\\\/revolutionpadelstore.com\\\/fr\\\/produit\\\/rs-prime-edition-2-0-mujer-3\\\/#primaryimage\",\"url\":\"https:\\\/\\\/revolutionpadelstore.com\\\/wp-content\\\/uploads\\\/2024\\\/04\\\/28434-P-2-4.jpg\",\"contentUrl\":\"https:\\\/\\\/revolutionpadelstore.com\\\/wp-content\\\/uploads\\\/2024\\\/04\\\/28434-P-2-4.jpg\",\"width\":1000,\"height\":1000},{\"@type\":\"BreadcrumbList\",\"@id\":\"https:\\\/\\\/revolutionpadelstore.com\\\/fr\\\/produit\\\/rs-prime-edition-2-0-mujer-3\\\/#breadcrumb\",\"itemListElement\":[{\"@type\":\"ListItem\",\"position\":1,\"name\":\"Portada\",\"item\":\"https:\\\/\\\/revolutionpadelstore.com\\\/fr\\\/\"},{\"@type\":\"ListItem\",\"position\":2,\"name\":\"Boutique\",\"item\":\"https:\\\/\\\/revolutionpadelstore.com\\\/fr\\\/tienda\\\/\"},{\"@type\":\"ListItem\",\"position\":3,\"name\":\"RS PRIME EDITION 2.0 MUJER\"}]},{\"@type\":\"WebSite\",\"@id\":\"https:\\\/\\\/revolutionpadelstore.com\\\/fr\\\/#website\",\"url\":\"https:\\\/\\\/revolutionpadelstore.com\\\/fr\\\/\",\"name\":\"Revolution Padel Store\",\"description\":\"\",\"publisher\":{\"@id\":\"https:\\\/\\\/revolutionpadelstore.com\\\/fr\\\/#organization\"},\"potentialAction\":[{\"@type\":\"SearchAction\",\"target\":{\"@type\":\"EntryPoint\",\"urlTemplate\":\"https:\\\/\\\/revolutionpadelstore.com\\\/fr\\\/?s={search_term_string}\"},\"query-input\":{\"@type\":\"PropertyValueSpecification\",\"valueRequired\":true,\"valueName\":\"search_term_string\"}}],\"inLanguage\":\"fr-FR\"},{\"@type\":\"Organization\",\"@id\":\"https:\\\/\\\/revolutionpadelstore.com\\\/fr\\\/#organization\",\"name\":\"Revolution Padel Store\",\"url\":\"https:\\\/\\\/revolutionpadelstore.com\\\/fr\\\/\",\"logo\":{\"@type\":\"ImageObject\",\"inLanguage\":\"fr-FR\",\"@id\":\"https:\\\/\\\/revolutionpadelstore.com\\\/fr\\\/#\\\/schema\\\/logo\\\/image\\\/\",\"url\":\"https:\\\/\\\/revolutionpadelstore.com\\\/wp-content\\\/uploads\\\/2026\\\/02\\\/revolution-padel-store.jpg\",\"contentUrl\":\"https:\\\/\\\/revolutionpadelstore.com\\\/wp-content\\\/uploads\\\/2026\\\/02\\\/revolution-padel-store.jpg\",\"width\":2000,\"height\":2000,\"caption\":\"Revolution Padel Store\"},\"image\":{\"@id\":\"https:\\\/\\\/revolutionpadelstore.com\\\/fr\\\/#\\\/schema\\\/logo\\\/image\\\/\"},\"sameAs\":[\"https:\\\/\\\/www.instagram.com\\\/revolutionpadelstore\\\/\"]}]}<\/script>\n<!-- \/ Yoast SEO plugin. -->","yoast_head_json":{"title":"RS PRIME EDITION 2.0 MUJER - Revolution Padel Store","description":"Descubre la pala de p\u00e1del RS Prime Edition 2.0 para mujer en Revolution Padel Store. Dise\u00f1o elegante y caracter\u00edsticas avanzadas.","robots":{"index":"index","follow":"follow","max-snippet":"max-snippet:-1","max-image-preview":"max-image-preview:large","max-video-preview":"max-video-preview:-1"},"canonical":"https:\/\/revolutionpadelstore.com\/fr\/produit\/rs-prime-edition-2-0-mujer-3\/","og_locale":"fr_FR","og_type":"article","og_title":"RS PRIME EDITION 2.0 MUJER - Revolution Padel Store","og_description":"Descubre la pala de p\u00e1del RS Prime Edition 2.0 para mujer en Revolution Padel Store. Dise\u00f1o elegante y caracter\u00edsticas avanzadas.","og_url":"https:\/\/revolutionpadelstore.com\/fr\/produit\/rs-prime-edition-2-0-mujer-3\/","og_site_name":"Revolution Padel Store","article_modified_time":"2026-04-08T09:57:24+00:00","og_image":[{"width":1000,"height":1000,"url":"https:\/\/revolutionpadelstore.com\/wp-content\/uploads\/2024\/04\/28434-P-2-4.jpg","type":"image\/png"}],"twitter_card":"summary_large_image","twitter_misc":{"Dur\u00e9e de lecture estim\u00e9e":"1 minute"},"schema":{"@context":"https:\/\/schema.org","@graph":[{"@type":"WebPage","@id":"https:\/\/revolutionpadelstore.com\/fr\/produit\/rs-prime-edition-2-0-mujer-3\/","url":"https:\/\/revolutionpadelstore.com\/fr\/produit\/rs-prime-edition-2-0-mujer-3\/","name":"RS PRIME EDITION 2.0 MUJER - Revolution Padel Store","isPartOf":{"@id":"https:\/\/revolutionpadelstore.com\/fr\/#website"},"primaryImageOfPage":{"@id":"https:\/\/revolutionpadelstore.com\/fr\/produit\/rs-prime-edition-2-0-mujer-3\/#primaryimage"},"image":{"@id":"https:\/\/revolutionpadelstore.com\/fr\/produit\/rs-prime-edition-2-0-mujer-3\/#primaryimage"},"thumbnailUrl":"https:\/\/revolutionpadelstore.com\/wp-content\/uploads\/2024\/04\/28434-P-2-4.jpg","datePublished":"2024-04-22T13:24:39+00:00","dateModified":"2026-04-08T09:57:24+00:00","description":"Descubre la pala de p\u00e1del RS Prime Edition 2.0 para mujer en Revolution Padel Store. Dise\u00f1o elegante y caracter\u00edsticas avanzadas.","breadcrumb":{"@id":"https:\/\/revolutionpadelstore.com\/fr\/produit\/rs-prime-edition-2-0-mujer-3\/#breadcrumb"},"inLanguage":"fr-FR","potentialAction":[{"@type":"ReadAction","target":["https:\/\/revolutionpadelstore.com\/fr\/produit\/rs-prime-edition-2-0-mujer-3\/"]}]},{"@type":"ImageObject","inLanguage":"fr-FR","@id":"https:\/\/revolutionpadelstore.com\/fr\/produit\/rs-prime-edition-2-0-mujer-3\/#primaryimage","url":"https:\/\/revolutionpadelstore.com\/wp-content\/uploads\/2024\/04\/28434-P-2-4.jpg","contentUrl":"https:\/\/revolutionpadelstore.com\/wp-content\/uploads\/2024\/04\/28434-P-2-4.jpg","width":1000,"height":1000},{"@type":"BreadcrumbList","@id":"https:\/\/revolutionpadelstore.com\/fr\/produit\/rs-prime-edition-2-0-mujer-3\/#breadcrumb","itemListElement":[{"@type":"ListItem","position":1,"name":"Portada","item":"https:\/\/revolutionpadelstore.com\/fr\/"},{"@type":"ListItem","position":2,"name":"Boutique","item":"https:\/\/revolutionpadelstore.com\/fr\/tienda\/"},{"@type":"ListItem","position":3,"name":"RS PRIME EDITION 2.0 MUJER"}]},{"@type":"WebSite","@id":"https:\/\/revolutionpadelstore.com\/fr\/#website","url":"https:\/\/revolutionpadelstore.com\/fr\/","name":"Revolution Padel Store","description":"","publisher":{"@id":"https:\/\/revolutionpadelstore.com\/fr\/#organization"},"potentialAction":[{"@type":"SearchAction","target":{"@type":"EntryPoint","urlTemplate":"https:\/\/revolutionpadelstore.com\/fr\/?s={search_term_string}"},"query-input":{"@type":"PropertyValueSpecification","valueRequired":true,"valueName":"search_term_string"}}],"inLanguage":"fr-FR"},{"@type":"Organization","@id":"https:\/\/revolutionpadelstore.com\/fr\/#organization","name":"Revolution Padel Store","url":"https:\/\/revolutionpadelstore.com\/fr\/","logo":{"@type":"ImageObject","inLanguage":"fr-FR","@id":"https:\/\/revolutionpadelstore.com\/fr\/#\/schema\/logo\/image\/","url":"https:\/\/revolutionpadelstore.com\/wp-content\/uploads\/2026\/02\/revolution-padel-store.jpg","contentUrl":"https:\/\/revolutionpadelstore.com\/wp-content\/uploads\/2026\/02\/revolution-padel-store.jpg","width":2000,"height":2000,"caption":"Revolution Padel Store"},"image":{"@id":"https:\/\/revolutionpadelstore.com\/fr\/#\/schema\/logo\/image\/"},"sameAs":["https:\/\/www.instagram.com\/revolutionpadelstore\/"]}]}},"_links":{"self":[{"href":"https:\/\/revolutionpadelstore.com\/fr\/wp-json\/wp\/v2\/product\/13994","targetHints":{"allow":["GET"]}}],"collection":[{"href":"https:\/\/revolutionpadelstore.com\/fr\/wp-json\/wp\/v2\/product"}],"about":[{"href":"https:\/\/revolutionpadelstore.com\/fr\/wp-json\/wp\/v2\/types\/product"}],"replies":[{"embeddable":true,"href":"https:\/\/revolutionpadelstore.com\/fr\/wp-json\/wp\/v2\/comments?post=13994"}],"wp:featuredmedia":[{"embeddable":true,"href":"https:\/\/revolutionpadelstore.com\/fr\/wp-json\/wp\/v2\/media\/7005"}],"wp:attachment":[{"href":"https:\/\/revolutionpadelstore.com\/fr\/wp-json\/wp\/v2\/media?parent=13994"}],"wp:term":[{"taxonomy":"acabado","embeddable":true,"href":"https:\/\/revolutionpadelstore.com\/fr\/wp-json\/wp\/v2\/acabado?post=13994"},{"taxonomy":"balance","embeddable":true,"href":"https:\/\/revolutionpadelstore.com\/fr\/wp-json\/wp\/v2\/balance?post=13994"},{"taxonomy":"dureza","embeddable":true,"href":"https:\/\/revolutionpadelstore.com\/fr\/wp-json\/wp\/v2\/dureza?post=13994"},{"taxonomy":"forma","embeddable":true,"href":"https:\/\/revolutionpadelstore.com\/fr\/wp-json\/wp\/v2\/forma?post=13994"},{"taxonomy":"jugador","embeddable":true,"href":"https:\/\/revolutionpadelstore.com\/fr\/wp-json\/wp\/v2\/jugador?post=13994"},{"taxonomy":"marca","embeddable":true,"href":"https:\/\/revolutionpadelstore.com\/fr\/wp-json\/wp\/v2\/marca?post=13994"},{"taxonomy":"nivel-de-juego","embeddable":true,"href":"https:\/\/revolutionpadelstore.com\/fr\/wp-json\/wp\/v2\/nivel-de-juego?post=13994"},{"taxonomy":"superficie","embeddable":true,"href":"https:\/\/revolutionpadelstore.com\/fr\/wp-json\/wp\/v2\/superficie?post=13994"},{"taxonomy":"tipo-de-juego","embeddable":true,"href":"https:\/\/revolutionpadelstore.com\/fr\/wp-json\/wp\/v2\/tipo-de-juego?post=13994"},{"taxonomy":"product_brand","embeddable":true,"href":"https:\/\/revolutionpadelstore.com\/fr\/wp-json\/wp\/v2\/product_brand?post=13994"},{"taxonomy":"product_cat","embeddable":true,"href":"https:\/\/revolutionpadelstore.com\/fr\/wp-json\/wp\/v2\/product_cat?post=13994"},{"taxonomy":"product_tag","embeddable":true,"href":"https:\/\/revolutionpadelstore.com\/fr\/wp-json\/wp\/v2\/product_tag?post=13994"}],"curies":[{"name":"wp","href":"https:\/\/api.w.org\/{rel}","templated":true}]}}