{"id":13959,"date":"2024-04-22T15:24:45","date_gmt":"2024-04-22T13:24:45","guid":{"rendered":"https:\/\/revolutionpadelstore.com\/siux-black-carbon-revolution-3k\/"},"modified":"2026-04-08T11:55:42","modified_gmt":"2026-04-08T09:55:42","slug":"siux-black-carbon-revolution-3k-3","status":"publish","type":"product","link":"https:\/\/revolutionpadelstore.com\/fr\/produit\/siux-black-carbon-revolution-3k-3\/","title":{"rendered":"SIUX BLACK CARBON REVOLUTION 3K"},"content":{"rendered":"<p>D\u00e9couvrez la raquette de padel parfaite pour les joueurs avanc\u00e9s dans Revolution Padel Store : Siux Black Carbon Revolution 3K. Cette incroyable raquette pr\u00e9sente un design noir \u00e9l\u00e9gant et des d\u00e9tails blancs et jaunes qui la rendent unique dans son style. Chez Revolution Padel Store, vous trouverez la meilleure s\u00e9lection de raquettes de padel de haute qualit\u00e9, et la Siux Black Carbon Revolution 3K ne fait pas exception.<\/p>\n<p> La raquette Siux Black Carbon Revolution 3K est le choix parfait pour les joueurs de niveau avanc\u00e9 ou interm\u00e9diaire \u00e0 la recherche d&#8217;une raquette qui leur offre confort, performances et une excellente maniabilit\u00e9 sur le terrain. Sa forme ronde et son large sweet spot vous permettront d&#8217;avoir une meilleure d\u00e9fense et un \u00e9quilibre parfait entre force et contr\u00f4le.<\/p>\n<p> De plus, sa gomme EVA souple EHR vous procurera des sensations in\u00e9gal\u00e9es et un grand confort \u00e0 chaque frappe. Sa structure en fusion de carbone et de fibre de verre le rend r\u00e9sistant et durable, id\u00e9al pour r\u00e9sister aux coups les plus intenses.<\/p>\n<p> La raquette Siux Black Carbon Revolution 3K poss\u00e8de \u00e9galement des caract\u00e9ristiques uniques, comme sa surface rugueuse qui vous permettra d&#8217;avoir une meilleure adh\u00e9rence sur la balle, son poids l\u00e9ger de 355 g qui vous offrira une plus grande adaptabilit\u00e9 et sa technologie graph\u00e8ne qui lui conf\u00e8re un plus de force \u00e0 tes coups.<\/p>\n<p> Chez Revolution Padel Store, nous avons \u00e0 c\u0153ur de vous offrir le meilleur, c&#8217;est pourquoi le Siux Black Carbon Revolution 3K int\u00e8gre \u00e9galement quatre anti-vibrations Shockout qui am\u00e9lioreront votre confort \u00e0 chaque impact et vous offriront une plus grande stabilit\u00e9 sur le terrain.<\/p>\n<p> N&#8217;attendez plus et venez au Revolution Padel Store pour d\u00e9couvrir la raquette de padel parfaite pour vous : Siux Black Carbon Revolution 3K. Vous ne regretterez pas de l&#8217;avoir essay\u00e9 lors de vos entra\u00eenements et comp\u00e9titions !<\/p>\n","protected":false},"excerpt":{"rendered":"<p>et propose un large choix de raquettes de padel<\/p>\n<p> &#8220;D\u00e9couvrez la raquette Siux Black Carbon Revolution 3K dans Revolution Padel Store. Id\u00e9ale pour les joueurs avanc\u00e9s ou interm\u00e9diaires, avec un design \u00e9l\u00e9gant et des fonctionnalit\u00e9s performantes.<\/p>\n","protected":false},"featured_media":161223,"comment_status":"closed","ping_status":"closed","template":"","meta":{"_acf_changed":false,"_joinchat":[]},"acabado":[],"balance":[],"dureza":[],"forma":[],"jugador":[1192,1202],"marca":[1307],"nivel-de-juego":[],"superficie":[],"tipo-de-juego":[],"product_brand":[],"product_cat":[302],"product_tag":[],"class_list":{"0":"post-13959","1":"product","2":"type-product","3":"status-publish","4":"has-post-thumbnail","6":"jugador-homme","7":"jugador-polivalente-fr","8":"marca-siux-fr","9":"product_cat-palas-de-padel-fr","11":"first","12":"instock","13":"sale","14":"taxable","15":"shipping-taxable","16":"purchasable","17":"product-type-simple"},"acf":[],"yoast_head":"<!-- This site is optimized with the Yoast SEO plugin v27.4 - https:\/\/yoast.com\/product\/yoast-seo-wordpress\/ -->\n<title>SIUX BLACK CARBON REVOLUTION 3K - Revolution Padel Store<\/title>\n<meta name=\"description\" content=\"y cuenta con una amplia selecci\u00f3n de palas de p\u00e1del &quot;Descubre la pala Siux Black Carbon Revolution 3K en Revolution Padel Store. Ideal para jugadores avanzados o intermedios, con dise\u00f1o elegante y caracter\u00edsticas de alto rendimiento.\" \/>\n<meta name=\"robots\" content=\"index, follow, max-snippet:-1, max-image-preview:large, max-video-preview:-1\" \/>\n<link rel=\"canonical\" href=\"https:\/\/revolutionpadelstore.com\/fr\/produit\/siux-black-carbon-revolution-3k-3\/\" \/>\n<meta property=\"og:locale\" content=\"fr_FR\" \/>\n<meta property=\"og:type\" content=\"article\" \/>\n<meta property=\"og:title\" content=\"SIUX BLACK CARBON REVOLUTION 3K - Revolution Padel Store\" \/>\n<meta property=\"og:description\" content=\"y cuenta con una amplia selecci\u00f3n de palas de p\u00e1del &quot;Descubre la pala Siux Black Carbon Revolution 3K en Revolution Padel Store. Ideal para jugadores avanzados o intermedios, con dise\u00f1o elegante y caracter\u00edsticas de alto rendimiento.\" \/>\n<meta property=\"og:url\" content=\"https:\/\/revolutionpadelstore.com\/fr\/produit\/siux-black-carbon-revolution-3k-3\/\" \/>\n<meta property=\"og:site_name\" content=\"Revolution Padel Store\" \/>\n<meta property=\"article:modified_time\" content=\"2026-04-08T09:55:42+00:00\" \/>\n<meta property=\"og:image\" content=\"https:\/\/revolutionpadelstore.com\/wp-content\/uploads\/2024\/04\/24395-P-0-4.png\" \/>\n\t<meta property=\"og:image:width\" content=\"1500\" \/>\n\t<meta property=\"og:image:height\" content=\"1500\" \/>\n\t<meta property=\"og:image:type\" content=\"image\/png\" \/>\n<meta name=\"twitter:card\" content=\"summary_large_image\" \/>\n<meta name=\"twitter:label1\" content=\"Dur\u00e9e de lecture estim\u00e9e\" \/>\n\t<meta name=\"twitter:data1\" content=\"2 minutes\" \/>\n<script type=\"application\/ld+json\" class=\"yoast-schema-graph\">{\"@context\":\"https:\\\/\\\/schema.org\",\"@graph\":[{\"@type\":\"WebPage\",\"@id\":\"https:\\\/\\\/revolutionpadelstore.com\\\/fr\\\/produit\\\/siux-black-carbon-revolution-3k-3\\\/\",\"url\":\"https:\\\/\\\/revolutionpadelstore.com\\\/fr\\\/produit\\\/siux-black-carbon-revolution-3k-3\\\/\",\"name\":\"SIUX BLACK CARBON REVOLUTION 3K - Revolution Padel Store\",\"isPartOf\":{\"@id\":\"https:\\\/\\\/revolutionpadelstore.com\\\/fr\\\/#website\"},\"primaryImageOfPage\":{\"@id\":\"https:\\\/\\\/revolutionpadelstore.com\\\/fr\\\/produit\\\/siux-black-carbon-revolution-3k-3\\\/#primaryimage\"},\"image\":{\"@id\":\"https:\\\/\\\/revolutionpadelstore.com\\\/fr\\\/produit\\\/siux-black-carbon-revolution-3k-3\\\/#primaryimage\"},\"thumbnailUrl\":\"https:\\\/\\\/revolutionpadelstore.com\\\/wp-content\\\/uploads\\\/2024\\\/04\\\/24395-P-0-4.png\",\"datePublished\":\"2024-04-22T13:24:45+00:00\",\"dateModified\":\"2026-04-08T09:55:42+00:00\",\"description\":\"y cuenta con una amplia selecci\u00f3n de palas de p\u00e1del \\\"Descubre la pala Siux Black Carbon Revolution 3K en Revolution Padel Store. Ideal para jugadores avanzados o intermedios, con dise\u00f1o elegante y caracter\u00edsticas de alto rendimiento.\",\"breadcrumb\":{\"@id\":\"https:\\\/\\\/revolutionpadelstore.com\\\/fr\\\/produit\\\/siux-black-carbon-revolution-3k-3\\\/#breadcrumb\"},\"inLanguage\":\"fr-FR\",\"potentialAction\":[{\"@type\":\"ReadAction\",\"target\":[\"https:\\\/\\\/revolutionpadelstore.com\\\/fr\\\/produit\\\/siux-black-carbon-revolution-3k-3\\\/\"]}]},{\"@type\":\"ImageObject\",\"inLanguage\":\"fr-FR\",\"@id\":\"https:\\\/\\\/revolutionpadelstore.com\\\/fr\\\/produit\\\/siux-black-carbon-revolution-3k-3\\\/#primaryimage\",\"url\":\"https:\\\/\\\/revolutionpadelstore.com\\\/wp-content\\\/uploads\\\/2024\\\/04\\\/24395-P-0-4.png\",\"contentUrl\":\"https:\\\/\\\/revolutionpadelstore.com\\\/wp-content\\\/uploads\\\/2024\\\/04\\\/24395-P-0-4.png\",\"width\":1500,\"height\":1500},{\"@type\":\"BreadcrumbList\",\"@id\":\"https:\\\/\\\/revolutionpadelstore.com\\\/fr\\\/produit\\\/siux-black-carbon-revolution-3k-3\\\/#breadcrumb\",\"itemListElement\":[{\"@type\":\"ListItem\",\"position\":1,\"name\":\"Portada\",\"item\":\"https:\\\/\\\/revolutionpadelstore.com\\\/fr\\\/\"},{\"@type\":\"ListItem\",\"position\":2,\"name\":\"Boutique\",\"item\":\"https:\\\/\\\/revolutionpadelstore.com\\\/fr\\\/tienda\\\/\"},{\"@type\":\"ListItem\",\"position\":3,\"name\":\"SIUX BLACK CARBON REVOLUTION 3K\"}]},{\"@type\":\"WebSite\",\"@id\":\"https:\\\/\\\/revolutionpadelstore.com\\\/fr\\\/#website\",\"url\":\"https:\\\/\\\/revolutionpadelstore.com\\\/fr\\\/\",\"name\":\"Revolution Padel Store\",\"description\":\"\",\"publisher\":{\"@id\":\"https:\\\/\\\/revolutionpadelstore.com\\\/fr\\\/#organization\"},\"potentialAction\":[{\"@type\":\"SearchAction\",\"target\":{\"@type\":\"EntryPoint\",\"urlTemplate\":\"https:\\\/\\\/revolutionpadelstore.com\\\/fr\\\/?s={search_term_string}\"},\"query-input\":{\"@type\":\"PropertyValueSpecification\",\"valueRequired\":true,\"valueName\":\"search_term_string\"}}],\"inLanguage\":\"fr-FR\"},{\"@type\":\"Organization\",\"@id\":\"https:\\\/\\\/revolutionpadelstore.com\\\/fr\\\/#organization\",\"name\":\"Revolution Padel Store\",\"url\":\"https:\\\/\\\/revolutionpadelstore.com\\\/fr\\\/\",\"logo\":{\"@type\":\"ImageObject\",\"inLanguage\":\"fr-FR\",\"@id\":\"https:\\\/\\\/revolutionpadelstore.com\\\/fr\\\/#\\\/schema\\\/logo\\\/image\\\/\",\"url\":\"https:\\\/\\\/revolutionpadelstore.com\\\/wp-content\\\/uploads\\\/2026\\\/02\\\/revolution-padel-store.jpg\",\"contentUrl\":\"https:\\\/\\\/revolutionpadelstore.com\\\/wp-content\\\/uploads\\\/2026\\\/02\\\/revolution-padel-store.jpg\",\"width\":2000,\"height\":2000,\"caption\":\"Revolution Padel Store\"},\"image\":{\"@id\":\"https:\\\/\\\/revolutionpadelstore.com\\\/fr\\\/#\\\/schema\\\/logo\\\/image\\\/\"},\"sameAs\":[\"https:\\\/\\\/www.instagram.com\\\/revolutionpadelstore\\\/\"]}]}<\/script>\n<!-- \/ Yoast SEO plugin. -->","yoast_head_json":{"title":"SIUX BLACK CARBON REVOLUTION 3K - Revolution Padel Store","description":"y cuenta con una amplia selecci\u00f3n de palas de p\u00e1del \"Descubre la pala Siux Black Carbon Revolution 3K en Revolution Padel Store. Ideal para jugadores avanzados o intermedios, con dise\u00f1o elegante y caracter\u00edsticas de alto rendimiento.","robots":{"index":"index","follow":"follow","max-snippet":"max-snippet:-1","max-image-preview":"max-image-preview:large","max-video-preview":"max-video-preview:-1"},"canonical":"https:\/\/revolutionpadelstore.com\/fr\/produit\/siux-black-carbon-revolution-3k-3\/","og_locale":"fr_FR","og_type":"article","og_title":"SIUX BLACK CARBON REVOLUTION 3K - Revolution Padel Store","og_description":"y cuenta con una amplia selecci\u00f3n de palas de p\u00e1del \"Descubre la pala Siux Black Carbon Revolution 3K en Revolution Padel Store. Ideal para jugadores avanzados o intermedios, con dise\u00f1o elegante y caracter\u00edsticas de alto rendimiento.","og_url":"https:\/\/revolutionpadelstore.com\/fr\/produit\/siux-black-carbon-revolution-3k-3\/","og_site_name":"Revolution Padel Store","article_modified_time":"2026-04-08T09:55:42+00:00","og_image":[{"width":1500,"height":1500,"url":"https:\/\/revolutionpadelstore.com\/wp-content\/uploads\/2024\/04\/24395-P-0-4.png","type":"image\/png"}],"twitter_card":"summary_large_image","twitter_misc":{"Dur\u00e9e de lecture estim\u00e9e":"2 minutes"},"schema":{"@context":"https:\/\/schema.org","@graph":[{"@type":"WebPage","@id":"https:\/\/revolutionpadelstore.com\/fr\/produit\/siux-black-carbon-revolution-3k-3\/","url":"https:\/\/revolutionpadelstore.com\/fr\/produit\/siux-black-carbon-revolution-3k-3\/","name":"SIUX BLACK CARBON REVOLUTION 3K - Revolution Padel Store","isPartOf":{"@id":"https:\/\/revolutionpadelstore.com\/fr\/#website"},"primaryImageOfPage":{"@id":"https:\/\/revolutionpadelstore.com\/fr\/produit\/siux-black-carbon-revolution-3k-3\/#primaryimage"},"image":{"@id":"https:\/\/revolutionpadelstore.com\/fr\/produit\/siux-black-carbon-revolution-3k-3\/#primaryimage"},"thumbnailUrl":"https:\/\/revolutionpadelstore.com\/wp-content\/uploads\/2024\/04\/24395-P-0-4.png","datePublished":"2024-04-22T13:24:45+00:00","dateModified":"2026-04-08T09:55:42+00:00","description":"y cuenta con una amplia selecci\u00f3n de palas de p\u00e1del \"Descubre la pala Siux Black Carbon Revolution 3K en Revolution Padel Store. Ideal para jugadores avanzados o intermedios, con dise\u00f1o elegante y caracter\u00edsticas de alto rendimiento.","breadcrumb":{"@id":"https:\/\/revolutionpadelstore.com\/fr\/produit\/siux-black-carbon-revolution-3k-3\/#breadcrumb"},"inLanguage":"fr-FR","potentialAction":[{"@type":"ReadAction","target":["https:\/\/revolutionpadelstore.com\/fr\/produit\/siux-black-carbon-revolution-3k-3\/"]}]},{"@type":"ImageObject","inLanguage":"fr-FR","@id":"https:\/\/revolutionpadelstore.com\/fr\/produit\/siux-black-carbon-revolution-3k-3\/#primaryimage","url":"https:\/\/revolutionpadelstore.com\/wp-content\/uploads\/2024\/04\/24395-P-0-4.png","contentUrl":"https:\/\/revolutionpadelstore.com\/wp-content\/uploads\/2024\/04\/24395-P-0-4.png","width":1500,"height":1500},{"@type":"BreadcrumbList","@id":"https:\/\/revolutionpadelstore.com\/fr\/produit\/siux-black-carbon-revolution-3k-3\/#breadcrumb","itemListElement":[{"@type":"ListItem","position":1,"name":"Portada","item":"https:\/\/revolutionpadelstore.com\/fr\/"},{"@type":"ListItem","position":2,"name":"Boutique","item":"https:\/\/revolutionpadelstore.com\/fr\/tienda\/"},{"@type":"ListItem","position":3,"name":"SIUX BLACK CARBON REVOLUTION 3K"}]},{"@type":"WebSite","@id":"https:\/\/revolutionpadelstore.com\/fr\/#website","url":"https:\/\/revolutionpadelstore.com\/fr\/","name":"Revolution Padel Store","description":"","publisher":{"@id":"https:\/\/revolutionpadelstore.com\/fr\/#organization"},"potentialAction":[{"@type":"SearchAction","target":{"@type":"EntryPoint","urlTemplate":"https:\/\/revolutionpadelstore.com\/fr\/?s={search_term_string}"},"query-input":{"@type":"PropertyValueSpecification","valueRequired":true,"valueName":"search_term_string"}}],"inLanguage":"fr-FR"},{"@type":"Organization","@id":"https:\/\/revolutionpadelstore.com\/fr\/#organization","name":"Revolution Padel Store","url":"https:\/\/revolutionpadelstore.com\/fr\/","logo":{"@type":"ImageObject","inLanguage":"fr-FR","@id":"https:\/\/revolutionpadelstore.com\/fr\/#\/schema\/logo\/image\/","url":"https:\/\/revolutionpadelstore.com\/wp-content\/uploads\/2026\/02\/revolution-padel-store.jpg","contentUrl":"https:\/\/revolutionpadelstore.com\/wp-content\/uploads\/2026\/02\/revolution-padel-store.jpg","width":2000,"height":2000,"caption":"Revolution Padel Store"},"image":{"@id":"https:\/\/revolutionpadelstore.com\/fr\/#\/schema\/logo\/image\/"},"sameAs":["https:\/\/www.instagram.com\/revolutionpadelstore\/"]}]}},"_links":{"self":[{"href":"https:\/\/revolutionpadelstore.com\/fr\/wp-json\/wp\/v2\/product\/13959","targetHints":{"allow":["GET"]}}],"collection":[{"href":"https:\/\/revolutionpadelstore.com\/fr\/wp-json\/wp\/v2\/product"}],"about":[{"href":"https:\/\/revolutionpadelstore.com\/fr\/wp-json\/wp\/v2\/types\/product"}],"replies":[{"embeddable":true,"href":"https:\/\/revolutionpadelstore.com\/fr\/wp-json\/wp\/v2\/comments?post=13959"}],"wp:featuredmedia":[{"embeddable":true,"href":"https:\/\/revolutionpadelstore.com\/fr\/wp-json\/wp\/v2\/media\/161223"}],"wp:attachment":[{"href":"https:\/\/revolutionpadelstore.com\/fr\/wp-json\/wp\/v2\/media?parent=13959"}],"wp:term":[{"taxonomy":"acabado","embeddable":true,"href":"https:\/\/revolutionpadelstore.com\/fr\/wp-json\/wp\/v2\/acabado?post=13959"},{"taxonomy":"balance","embeddable":true,"href":"https:\/\/revolutionpadelstore.com\/fr\/wp-json\/wp\/v2\/balance?post=13959"},{"taxonomy":"dureza","embeddable":true,"href":"https:\/\/revolutionpadelstore.com\/fr\/wp-json\/wp\/v2\/dureza?post=13959"},{"taxonomy":"forma","embeddable":true,"href":"https:\/\/revolutionpadelstore.com\/fr\/wp-json\/wp\/v2\/forma?post=13959"},{"taxonomy":"jugador","embeddable":true,"href":"https:\/\/revolutionpadelstore.com\/fr\/wp-json\/wp\/v2\/jugador?post=13959"},{"taxonomy":"marca","embeddable":true,"href":"https:\/\/revolutionpadelstore.com\/fr\/wp-json\/wp\/v2\/marca?post=13959"},{"taxonomy":"nivel-de-juego","embeddable":true,"href":"https:\/\/revolutionpadelstore.com\/fr\/wp-json\/wp\/v2\/nivel-de-juego?post=13959"},{"taxonomy":"superficie","embeddable":true,"href":"https:\/\/revolutionpadelstore.com\/fr\/wp-json\/wp\/v2\/superficie?post=13959"},{"taxonomy":"tipo-de-juego","embeddable":true,"href":"https:\/\/revolutionpadelstore.com\/fr\/wp-json\/wp\/v2\/tipo-de-juego?post=13959"},{"taxonomy":"product_brand","embeddable":true,"href":"https:\/\/revolutionpadelstore.com\/fr\/wp-json\/wp\/v2\/product_brand?post=13959"},{"taxonomy":"product_cat","embeddable":true,"href":"https:\/\/revolutionpadelstore.com\/fr\/wp-json\/wp\/v2\/product_cat?post=13959"},{"taxonomy":"product_tag","embeddable":true,"href":"https:\/\/revolutionpadelstore.com\/fr\/wp-json\/wp\/v2\/product_tag?post=13959"}],"curies":[{"name":"wp","href":"https:\/\/api.w.org\/{rel}","templated":true}]}}