{"id":13814,"date":"2024-04-22T15:25:14","date_gmt":"2024-04-22T13:25:14","guid":{"rendered":"https:\/\/revolutionpadelstore.com\/starvie-metheora-2024\/"},"modified":"2026-04-08T11:44:33","modified_gmt":"2026-04-08T09:44:33","slug":"starvie-metheora-2024-3","status":"publish","type":"product","link":"https:\/\/revolutionpadelstore.com\/fr\/produit\/starvie-metheora-2024-3\/","title":{"rendered":"STARVIE METHEORA 2024"},"content":{"rendered":"<p>Achetez la raquette de padel Starvie Metheora 2024 chez Revolution Padel Store. Si vous \u00eates un joueur avanc\u00e9 et recherchez une raquette qui vous offre contr\u00f4le et polyvalence, ne cherchez pas plus loin. Revolution Padel Store vous pr\u00e9sente la Starvie Metheora 2024, une raquette au format rond au toucher doux et d&#8217;un poids id\u00e9al de 350-385 grammes. Fabriqu\u00e9e \u00e0 100% en Espagne, cette raquette garantit qualit\u00e9 et performance \u00e0 chaque jeu.<\/p>\n<p> Le Starvie Metheora 2024 est parfait pour ceux qui ma\u00eetrisent la technique de contr\u00f4le mais qui recherchent de nouvelles sensations dans leur jeu. Son format rond vous permet un contr\u00f4le pr\u00e9cis \u00e0 chaque coup, tandis que les mat\u00e9riaux et technologies utilis\u00e9s lui conf\u00e8rent une touche de jeu polyvalente. D\u00e9couvrez la polyvalence et la polyvalence d&#8217;une lame ronde avec le Starvie Metheora 2024.<\/p>\n<p> Cette raquette dispose de mat\u00e9riaux de haute qualit\u00e9 et de technologies avanc\u00e9es qui am\u00e9lioreront vos performances et vos sensations de jeu. Son noyau en caoutchouc EVA Soft 30 et sa composition en carbone 3K conf\u00e8rent une plus grande vitesse \u00e0 la balle et une plus grande r\u00e9sistance et durabilit\u00e9 \u00e0 la raquette. De plus, sa finition rugueuse sur les faces, gr\u00e2ce \u00e0 la technologie Full Plane Effect, vous permettra de frapper avec pr\u00e9cision et effet \u00e0 chaque jeu.<\/p>\n<p> Mais ce n&#8217;est pas tout, la Starvie Metheora 2024 dispose \u00e9galement de la technologie Noeme Inside, qui int\u00e8gre un grip anti-choc sur le manche de la raquette pour absorber les vibrations et vous offrir un plus grand confort \u00e0 chaque frappe. Tout cela dans un design moderne et \u00e9l\u00e9gant en noir et bleu.<\/p>\n<p> N&#8217;attendez plus et achetez la raquette de padel Starvie Metheora 2024 chez Revolution Padel Store. D\u00e9couvrez ses performances et son design haut de gamme et faites passer votre jeu au niveau sup\u00e9rieur. Vous ne le regretterez pas !<\/p>\n","protected":false},"excerpt":{"rendered":"<p>D\u00e9couvrez la polyvalence de la raquette ronde STARVIE METHEORA 2024 chez Revolution Padel Store. Con\u00e7u pour les joueurs avanc\u00e9s avec des technologies de haute qualit\u00e9 et des mat\u00e9riaux durables.<\/p>\n","protected":false},"featured_media":7279,"comment_status":"closed","ping_status":"open","template":"","meta":{"_acf_changed":false,"_joinchat":[]},"acabado":[],"balance":[],"dureza":[],"forma":[],"jugador":[1192,1202],"marca":[1292],"nivel-de-juego":[],"superficie":[],"tipo-de-juego":[],"product_brand":[],"product_cat":[302],"product_tag":[],"class_list":{"0":"post-13814","1":"product","2":"type-product","3":"status-publish","4":"has-post-thumbnail","6":"jugador-homme","7":"jugador-polivalente-fr","8":"marca-starvie-fr","9":"product_cat-palas-de-padel-fr","11":"first","12":"instock","13":"sale","14":"taxable","15":"shipping-taxable","16":"purchasable","17":"product-type-simple"},"acf":[],"yoast_head":"<!-- This site is optimized with the Yoast SEO plugin v27.4 - https:\/\/yoast.com\/product\/yoast-seo-wordpress\/ -->\n<title>STARVIE METHEORA 2024 - Revolution Padel Store<\/title>\n<meta name=\"description\" content=\"Descubre la versatilidad de la pala redonda STARVIE METHEORA 2024 en Revolution Padel Store. Dise\u00f1ada para jugadores avanzados con tecnolog\u00edas de alta calidad y materiales duraderos.\" \/>\n<meta name=\"robots\" content=\"index, follow, max-snippet:-1, max-image-preview:large, max-video-preview:-1\" \/>\n<link rel=\"canonical\" href=\"https:\/\/revolutionpadelstore.com\/fr\/produit\/starvie-metheora-2024-3\/\" \/>\n<meta property=\"og:locale\" content=\"fr_FR\" \/>\n<meta property=\"og:type\" content=\"article\" \/>\n<meta property=\"og:title\" content=\"STARVIE METHEORA 2024 - Revolution Padel Store\" \/>\n<meta property=\"og:description\" content=\"Descubre la versatilidad de la pala redonda STARVIE METHEORA 2024 en Revolution Padel Store. Dise\u00f1ada para jugadores avanzados con tecnolog\u00edas de alta calidad y materiales duraderos.\" \/>\n<meta property=\"og:url\" content=\"https:\/\/revolutionpadelstore.com\/fr\/produit\/starvie-metheora-2024-3\/\" \/>\n<meta property=\"og:site_name\" content=\"Revolution Padel Store\" \/>\n<meta property=\"article:modified_time\" content=\"2026-04-08T09:44:33+00:00\" \/>\n<meta property=\"og:image\" content=\"https:\/\/revolutionpadelstore.com\/wp-content\/uploads\/2024\/04\/112019-P-0-4.jpg\" \/>\n\t<meta property=\"og:image:width\" content=\"1500\" \/>\n\t<meta property=\"og:image:height\" content=\"1500\" \/>\n\t<meta property=\"og:image:type\" content=\"image\/png\" \/>\n<meta name=\"twitter:card\" content=\"summary_large_image\" \/>\n<meta name=\"twitter:label1\" content=\"Dur\u00e9e de lecture estim\u00e9e\" \/>\n\t<meta name=\"twitter:data1\" content=\"2 minutes\" \/>\n<script type=\"application\/ld+json\" class=\"yoast-schema-graph\">{\"@context\":\"https:\\\/\\\/schema.org\",\"@graph\":[{\"@type\":\"WebPage\",\"@id\":\"https:\\\/\\\/revolutionpadelstore.com\\\/fr\\\/produit\\\/starvie-metheora-2024-3\\\/\",\"url\":\"https:\\\/\\\/revolutionpadelstore.com\\\/fr\\\/produit\\\/starvie-metheora-2024-3\\\/\",\"name\":\"STARVIE METHEORA 2024 - Revolution Padel Store\",\"isPartOf\":{\"@id\":\"https:\\\/\\\/revolutionpadelstore.com\\\/fr\\\/#website\"},\"primaryImageOfPage\":{\"@id\":\"https:\\\/\\\/revolutionpadelstore.com\\\/fr\\\/produit\\\/starvie-metheora-2024-3\\\/#primaryimage\"},\"image\":{\"@id\":\"https:\\\/\\\/revolutionpadelstore.com\\\/fr\\\/produit\\\/starvie-metheora-2024-3\\\/#primaryimage\"},\"thumbnailUrl\":\"https:\\\/\\\/revolutionpadelstore.com\\\/wp-content\\\/uploads\\\/2024\\\/04\\\/112019-P-0-4.jpg\",\"datePublished\":\"2024-04-22T13:25:14+00:00\",\"dateModified\":\"2026-04-08T09:44:33+00:00\",\"description\":\"Descubre la versatilidad de la pala redonda STARVIE METHEORA 2024 en Revolution Padel Store. Dise\u00f1ada para jugadores avanzados con tecnolog\u00edas de alta calidad y materiales duraderos.\",\"breadcrumb\":{\"@id\":\"https:\\\/\\\/revolutionpadelstore.com\\\/fr\\\/produit\\\/starvie-metheora-2024-3\\\/#breadcrumb\"},\"inLanguage\":\"fr-FR\",\"potentialAction\":[{\"@type\":\"ReadAction\",\"target\":[\"https:\\\/\\\/revolutionpadelstore.com\\\/fr\\\/produit\\\/starvie-metheora-2024-3\\\/\"]}]},{\"@type\":\"ImageObject\",\"inLanguage\":\"fr-FR\",\"@id\":\"https:\\\/\\\/revolutionpadelstore.com\\\/fr\\\/produit\\\/starvie-metheora-2024-3\\\/#primaryimage\",\"url\":\"https:\\\/\\\/revolutionpadelstore.com\\\/wp-content\\\/uploads\\\/2024\\\/04\\\/112019-P-0-4.jpg\",\"contentUrl\":\"https:\\\/\\\/revolutionpadelstore.com\\\/wp-content\\\/uploads\\\/2024\\\/04\\\/112019-P-0-4.jpg\",\"width\":1500,\"height\":1500},{\"@type\":\"BreadcrumbList\",\"@id\":\"https:\\\/\\\/revolutionpadelstore.com\\\/fr\\\/produit\\\/starvie-metheora-2024-3\\\/#breadcrumb\",\"itemListElement\":[{\"@type\":\"ListItem\",\"position\":1,\"name\":\"Portada\",\"item\":\"https:\\\/\\\/revolutionpadelstore.com\\\/fr\\\/\"},{\"@type\":\"ListItem\",\"position\":2,\"name\":\"Boutique\",\"item\":\"https:\\\/\\\/revolutionpadelstore.com\\\/fr\\\/tienda\\\/\"},{\"@type\":\"ListItem\",\"position\":3,\"name\":\"STARVIE METHEORA 2024\"}]},{\"@type\":\"WebSite\",\"@id\":\"https:\\\/\\\/revolutionpadelstore.com\\\/fr\\\/#website\",\"url\":\"https:\\\/\\\/revolutionpadelstore.com\\\/fr\\\/\",\"name\":\"Revolution Padel Store\",\"description\":\"\",\"publisher\":{\"@id\":\"https:\\\/\\\/revolutionpadelstore.com\\\/fr\\\/#organization\"},\"potentialAction\":[{\"@type\":\"SearchAction\",\"target\":{\"@type\":\"EntryPoint\",\"urlTemplate\":\"https:\\\/\\\/revolutionpadelstore.com\\\/fr\\\/?s={search_term_string}\"},\"query-input\":{\"@type\":\"PropertyValueSpecification\",\"valueRequired\":true,\"valueName\":\"search_term_string\"}}],\"inLanguage\":\"fr-FR\"},{\"@type\":\"Organization\",\"@id\":\"https:\\\/\\\/revolutionpadelstore.com\\\/fr\\\/#organization\",\"name\":\"Revolution Padel Store\",\"url\":\"https:\\\/\\\/revolutionpadelstore.com\\\/fr\\\/\",\"logo\":{\"@type\":\"ImageObject\",\"inLanguage\":\"fr-FR\",\"@id\":\"https:\\\/\\\/revolutionpadelstore.com\\\/fr\\\/#\\\/schema\\\/logo\\\/image\\\/\",\"url\":\"https:\\\/\\\/revolutionpadelstore.com\\\/wp-content\\\/uploads\\\/2026\\\/02\\\/revolution-padel-store.jpg\",\"contentUrl\":\"https:\\\/\\\/revolutionpadelstore.com\\\/wp-content\\\/uploads\\\/2026\\\/02\\\/revolution-padel-store.jpg\",\"width\":2000,\"height\":2000,\"caption\":\"Revolution Padel Store\"},\"image\":{\"@id\":\"https:\\\/\\\/revolutionpadelstore.com\\\/fr\\\/#\\\/schema\\\/logo\\\/image\\\/\"},\"sameAs\":[\"https:\\\/\\\/www.instagram.com\\\/revolutionpadelstore\\\/\"]}]}<\/script>\n<!-- \/ Yoast SEO plugin. -->","yoast_head_json":{"title":"STARVIE METHEORA 2024 - Revolution Padel Store","description":"Descubre la versatilidad de la pala redonda STARVIE METHEORA 2024 en Revolution Padel Store. Dise\u00f1ada para jugadores avanzados con tecnolog\u00edas de alta calidad y materiales duraderos.","robots":{"index":"index","follow":"follow","max-snippet":"max-snippet:-1","max-image-preview":"max-image-preview:large","max-video-preview":"max-video-preview:-1"},"canonical":"https:\/\/revolutionpadelstore.com\/fr\/produit\/starvie-metheora-2024-3\/","og_locale":"fr_FR","og_type":"article","og_title":"STARVIE METHEORA 2024 - Revolution Padel Store","og_description":"Descubre la versatilidad de la pala redonda STARVIE METHEORA 2024 en Revolution Padel Store. Dise\u00f1ada para jugadores avanzados con tecnolog\u00edas de alta calidad y materiales duraderos.","og_url":"https:\/\/revolutionpadelstore.com\/fr\/produit\/starvie-metheora-2024-3\/","og_site_name":"Revolution Padel Store","article_modified_time":"2026-04-08T09:44:33+00:00","og_image":[{"width":1500,"height":1500,"url":"https:\/\/revolutionpadelstore.com\/wp-content\/uploads\/2024\/04\/112019-P-0-4.jpg","type":"image\/png"}],"twitter_card":"summary_large_image","twitter_misc":{"Dur\u00e9e de lecture estim\u00e9e":"2 minutes"},"schema":{"@context":"https:\/\/schema.org","@graph":[{"@type":"WebPage","@id":"https:\/\/revolutionpadelstore.com\/fr\/produit\/starvie-metheora-2024-3\/","url":"https:\/\/revolutionpadelstore.com\/fr\/produit\/starvie-metheora-2024-3\/","name":"STARVIE METHEORA 2024 - Revolution Padel Store","isPartOf":{"@id":"https:\/\/revolutionpadelstore.com\/fr\/#website"},"primaryImageOfPage":{"@id":"https:\/\/revolutionpadelstore.com\/fr\/produit\/starvie-metheora-2024-3\/#primaryimage"},"image":{"@id":"https:\/\/revolutionpadelstore.com\/fr\/produit\/starvie-metheora-2024-3\/#primaryimage"},"thumbnailUrl":"https:\/\/revolutionpadelstore.com\/wp-content\/uploads\/2024\/04\/112019-P-0-4.jpg","datePublished":"2024-04-22T13:25:14+00:00","dateModified":"2026-04-08T09:44:33+00:00","description":"Descubre la versatilidad de la pala redonda STARVIE METHEORA 2024 en Revolution Padel Store. Dise\u00f1ada para jugadores avanzados con tecnolog\u00edas de alta calidad y materiales duraderos.","breadcrumb":{"@id":"https:\/\/revolutionpadelstore.com\/fr\/produit\/starvie-metheora-2024-3\/#breadcrumb"},"inLanguage":"fr-FR","potentialAction":[{"@type":"ReadAction","target":["https:\/\/revolutionpadelstore.com\/fr\/produit\/starvie-metheora-2024-3\/"]}]},{"@type":"ImageObject","inLanguage":"fr-FR","@id":"https:\/\/revolutionpadelstore.com\/fr\/produit\/starvie-metheora-2024-3\/#primaryimage","url":"https:\/\/revolutionpadelstore.com\/wp-content\/uploads\/2024\/04\/112019-P-0-4.jpg","contentUrl":"https:\/\/revolutionpadelstore.com\/wp-content\/uploads\/2024\/04\/112019-P-0-4.jpg","width":1500,"height":1500},{"@type":"BreadcrumbList","@id":"https:\/\/revolutionpadelstore.com\/fr\/produit\/starvie-metheora-2024-3\/#breadcrumb","itemListElement":[{"@type":"ListItem","position":1,"name":"Portada","item":"https:\/\/revolutionpadelstore.com\/fr\/"},{"@type":"ListItem","position":2,"name":"Boutique","item":"https:\/\/revolutionpadelstore.com\/fr\/tienda\/"},{"@type":"ListItem","position":3,"name":"STARVIE METHEORA 2024"}]},{"@type":"WebSite","@id":"https:\/\/revolutionpadelstore.com\/fr\/#website","url":"https:\/\/revolutionpadelstore.com\/fr\/","name":"Revolution Padel Store","description":"","publisher":{"@id":"https:\/\/revolutionpadelstore.com\/fr\/#organization"},"potentialAction":[{"@type":"SearchAction","target":{"@type":"EntryPoint","urlTemplate":"https:\/\/revolutionpadelstore.com\/fr\/?s={search_term_string}"},"query-input":{"@type":"PropertyValueSpecification","valueRequired":true,"valueName":"search_term_string"}}],"inLanguage":"fr-FR"},{"@type":"Organization","@id":"https:\/\/revolutionpadelstore.com\/fr\/#organization","name":"Revolution Padel Store","url":"https:\/\/revolutionpadelstore.com\/fr\/","logo":{"@type":"ImageObject","inLanguage":"fr-FR","@id":"https:\/\/revolutionpadelstore.com\/fr\/#\/schema\/logo\/image\/","url":"https:\/\/revolutionpadelstore.com\/wp-content\/uploads\/2026\/02\/revolution-padel-store.jpg","contentUrl":"https:\/\/revolutionpadelstore.com\/wp-content\/uploads\/2026\/02\/revolution-padel-store.jpg","width":2000,"height":2000,"caption":"Revolution Padel Store"},"image":{"@id":"https:\/\/revolutionpadelstore.com\/fr\/#\/schema\/logo\/image\/"},"sameAs":["https:\/\/www.instagram.com\/revolutionpadelstore\/"]}]}},"_links":{"self":[{"href":"https:\/\/revolutionpadelstore.com\/fr\/wp-json\/wp\/v2\/product\/13814","targetHints":{"allow":["GET"]}}],"collection":[{"href":"https:\/\/revolutionpadelstore.com\/fr\/wp-json\/wp\/v2\/product"}],"about":[{"href":"https:\/\/revolutionpadelstore.com\/fr\/wp-json\/wp\/v2\/types\/product"}],"replies":[{"embeddable":true,"href":"https:\/\/revolutionpadelstore.com\/fr\/wp-json\/wp\/v2\/comments?post=13814"}],"wp:featuredmedia":[{"embeddable":true,"href":"https:\/\/revolutionpadelstore.com\/fr\/wp-json\/wp\/v2\/media\/7279"}],"wp:attachment":[{"href":"https:\/\/revolutionpadelstore.com\/fr\/wp-json\/wp\/v2\/media?parent=13814"}],"wp:term":[{"taxonomy":"acabado","embeddable":true,"href":"https:\/\/revolutionpadelstore.com\/fr\/wp-json\/wp\/v2\/acabado?post=13814"},{"taxonomy":"balance","embeddable":true,"href":"https:\/\/revolutionpadelstore.com\/fr\/wp-json\/wp\/v2\/balance?post=13814"},{"taxonomy":"dureza","embeddable":true,"href":"https:\/\/revolutionpadelstore.com\/fr\/wp-json\/wp\/v2\/dureza?post=13814"},{"taxonomy":"forma","embeddable":true,"href":"https:\/\/revolutionpadelstore.com\/fr\/wp-json\/wp\/v2\/forma?post=13814"},{"taxonomy":"jugador","embeddable":true,"href":"https:\/\/revolutionpadelstore.com\/fr\/wp-json\/wp\/v2\/jugador?post=13814"},{"taxonomy":"marca","embeddable":true,"href":"https:\/\/revolutionpadelstore.com\/fr\/wp-json\/wp\/v2\/marca?post=13814"},{"taxonomy":"nivel-de-juego","embeddable":true,"href":"https:\/\/revolutionpadelstore.com\/fr\/wp-json\/wp\/v2\/nivel-de-juego?post=13814"},{"taxonomy":"superficie","embeddable":true,"href":"https:\/\/revolutionpadelstore.com\/fr\/wp-json\/wp\/v2\/superficie?post=13814"},{"taxonomy":"tipo-de-juego","embeddable":true,"href":"https:\/\/revolutionpadelstore.com\/fr\/wp-json\/wp\/v2\/tipo-de-juego?post=13814"},{"taxonomy":"product_brand","embeddable":true,"href":"https:\/\/revolutionpadelstore.com\/fr\/wp-json\/wp\/v2\/product_brand?post=13814"},{"taxonomy":"product_cat","embeddable":true,"href":"https:\/\/revolutionpadelstore.com\/fr\/wp-json\/wp\/v2\/product_cat?post=13814"},{"taxonomy":"product_tag","embeddable":true,"href":"https:\/\/revolutionpadelstore.com\/fr\/wp-json\/wp\/v2\/product_tag?post=13814"}],"curies":[{"name":"wp","href":"https:\/\/api.w.org\/{rel}","templated":true}]}}