{"id":13704,"date":"2024-04-22T15:25:24","date_gmt":"2024-04-22T13:25:24","guid":{"rendered":"https:\/\/revolutionpadelstore.com\/vibor-a-yarara-elite-24k\/"},"modified":"2026-04-01T08:15:05","modified_gmt":"2026-04-01T06:15:05","slug":"vibor-a-yarara-elite-24k-3","status":"publish","type":"product","link":"https:\/\/revolutionpadelstore.com\/fr\/produit\/vibor-a-yarara-elite-24k-3\/","title":{"rendered":"VIBOR-A YARARA ELITE 24K"},"content":{"rendered":"<p>D\u00e9couvrez la polyvalence de la raquette Vibor-a Yarara Elite 24K chez Revolution Padel Store. Dans notre magasin, vous trouverez la meilleure s\u00e9lection de produits pour que vous puissiez profiter pleinement de votre sport pr\u00e9f\u00e9r\u00e9. Et parmi eux, se d\u00e9marque l&#8217;incroyable mod\u00e8le Vibor-a Yarara Elite 24K 2024, une raquette con\u00e7ue pour vous offrir une exp\u00e9rience unique \u00e0 chaque match.<\/p>\n<p> Avec son moule en diamant ou en forme de larme d&#8217;\u00e9quilibre moyen-\u00e9lev\u00e9, le Vibor-a Yarara Elite 24K offre un sweet spot optimis\u00e9 et large qui vous fournira une puissance suppl\u00e9mentaire \u00e0 chaque coup. De plus, son poids de 360-370 grammes vous permettra de vous d\u00e9placer avec agilit\u00e9 et sans restrictions sur le terrain.<\/p>\n<p> Cette raquette est id\u00e9ale pour les joueurs de niveau avanc\u00e9, car elle a \u00e9t\u00e9 m\u00e9ticuleusement con\u00e7ue pour offrir des performances exceptionnelles \u00e0 chaque jeu. Son \u00e9quilibre parfait entre puissance et contr\u00f4le vous permettra de vous d\u00e9marquer \u00e0 chaque match et sa polyvalence vous rendra inarr\u00eatable sur le terrain.<\/p>\n<p> Le Vibor-a Yarara Elite 24K est fabriqu\u00e9 avec des mat\u00e9riaux de haute qualit\u00e9, comme son noyau en caoutchouc EVA qui amortit les impacts et offre un contr\u00f4le exceptionnel. De plus, sa construction tubulaire en carbone offre r\u00e9sistance, stabilit\u00e9 et pr\u00e9cision \u00e0 chaque coup. Et nous ne pouvons pas oublier ses faces en carbone 24K, qui lui conf\u00e8rent une r\u00e9sistance et une durabilit\u00e9 \u00e9lev\u00e9es, ainsi qu&#8217;une finition brillante 3D qui vous permettra d&#8217;obtenir des effets dans vos prises de vue.<\/p>\n<p> N&#8217;attendez plus et procurez-vous d\u00e8s maintenant la raquette de padel Vibor-a Yarara Elite 24K dans Revolution Padel Store. D\u00e9marquez-vous sur le court avec ce mod\u00e8le en forme de goutte d&#8217;eau et d&#8217;\u00e9quilibre moyen, id\u00e9al pour les joueurs engag\u00e9s en qu\u00eate de polyvalence. Dominez le terrain avec le Vibor-a Yarara Elite 24K !<\/p>\n","protected":false},"excerpt":{"rendered":"<p>D\u00e9couvrez la raquette de padel Vibor-A Yarara Elite 24K chez Revolution Padel Store. \u00c9quilibre parfait entre puissance et contr\u00f4le pour les joueurs avanc\u00e9s.<\/p>\n","protected":false},"featured_media":35916,"comment_status":"closed","ping_status":"closed","template":"","meta":{"_acf_changed":false,"_joinchat":[]},"acabado":[],"balance":[],"dureza":[],"forma":[],"jugador":[1192,1202],"marca":[1252],"nivel-de-juego":[],"superficie":[],"tipo-de-juego":[],"product_brand":[],"product_cat":[302],"product_tag":[],"class_list":{"0":"post-13704","1":"product","2":"type-product","3":"status-publish","4":"has-post-thumbnail","6":"jugador-homme","7":"jugador-polivalente-fr","8":"marca-vibor-a-fr","9":"product_cat-palas-de-padel-fr","11":"first","12":"instock","13":"sale","14":"taxable","15":"shipping-taxable","16":"purchasable","17":"product-type-simple"},"acf":[],"yoast_head":"<!-- This site is optimized with the Yoast SEO plugin v27.3 - https:\/\/yoast.com\/product\/yoast-seo-wordpress\/ -->\n<title>VIBOR-A YARARA ELITE 24K - Revolution Padel Store<\/title>\n<meta name=\"description\" content=\"Descubre la pala Vibor-A Yarara Elite 24K en Revolution Padel Store. Equilibrio perfecto entre potencia y control para jugadores avanzados.\" \/>\n<meta name=\"robots\" content=\"index, follow, max-snippet:-1, max-image-preview:large, max-video-preview:-1\" \/>\n<link rel=\"canonical\" href=\"https:\/\/revolutionpadelstore.com\/fr\/produit\/vibor-a-yarara-elite-24k-3\/\" \/>\n<meta property=\"og:locale\" content=\"fr_FR\" \/>\n<meta property=\"og:type\" content=\"article\" \/>\n<meta property=\"og:title\" content=\"VIBOR-A YARARA ELITE 24K - Revolution Padel Store\" \/>\n<meta property=\"og:description\" content=\"Descubre la pala Vibor-A Yarara Elite 24K en Revolution Padel Store. Equilibrio perfecto entre potencia y control para jugadores avanzados.\" \/>\n<meta property=\"og:url\" content=\"https:\/\/revolutionpadelstore.com\/fr\/produit\/vibor-a-yarara-elite-24k-3\/\" \/>\n<meta property=\"og:site_name\" content=\"Revolution Padel Store\" \/>\n<meta property=\"article:modified_time\" content=\"2026-04-01T06:15:05+00:00\" \/>\n<meta property=\"og:image\" content=\"https:\/\/revolutionpadelstore.com\/wp-content\/uploads\/2024\/04\/111916-P-0-4.jpg\" \/>\n\t<meta property=\"og:image:width\" content=\"1000\" \/>\n\t<meta property=\"og:image:height\" content=\"1000\" \/>\n\t<meta property=\"og:image:type\" content=\"image\/png\" \/>\n<meta name=\"twitter:card\" content=\"summary_large_image\" \/>\n<meta name=\"twitter:label1\" content=\"Dur\u00e9e de lecture estim\u00e9e\" \/>\n\t<meta name=\"twitter:data1\" content=\"2 minutes\" \/>\n<script type=\"application\/ld+json\" class=\"yoast-schema-graph\">{\"@context\":\"https:\\\/\\\/schema.org\",\"@graph\":[{\"@type\":\"WebPage\",\"@id\":\"https:\\\/\\\/revolutionpadelstore.com\\\/fr\\\/produit\\\/vibor-a-yarara-elite-24k-3\\\/\",\"url\":\"https:\\\/\\\/revolutionpadelstore.com\\\/fr\\\/produit\\\/vibor-a-yarara-elite-24k-3\\\/\",\"name\":\"VIBOR-A YARARA ELITE 24K - Revolution Padel Store\",\"isPartOf\":{\"@id\":\"https:\\\/\\\/revolutionpadelstore.com\\\/fr\\\/#website\"},\"primaryImageOfPage\":{\"@id\":\"https:\\\/\\\/revolutionpadelstore.com\\\/fr\\\/produit\\\/vibor-a-yarara-elite-24k-3\\\/#primaryimage\"},\"image\":{\"@id\":\"https:\\\/\\\/revolutionpadelstore.com\\\/fr\\\/produit\\\/vibor-a-yarara-elite-24k-3\\\/#primaryimage\"},\"thumbnailUrl\":\"https:\\\/\\\/revolutionpadelstore.com\\\/wp-content\\\/uploads\\\/2024\\\/04\\\/111916-P-0-4.jpg\",\"datePublished\":\"2024-04-22T13:25:24+00:00\",\"dateModified\":\"2026-04-01T06:15:05+00:00\",\"description\":\"Descubre la pala Vibor-A Yarara Elite 24K en Revolution Padel Store. Equilibrio perfecto entre potencia y control para jugadores avanzados.\",\"breadcrumb\":{\"@id\":\"https:\\\/\\\/revolutionpadelstore.com\\\/fr\\\/produit\\\/vibor-a-yarara-elite-24k-3\\\/#breadcrumb\"},\"inLanguage\":\"fr-FR\",\"potentialAction\":[{\"@type\":\"ReadAction\",\"target\":[\"https:\\\/\\\/revolutionpadelstore.com\\\/fr\\\/produit\\\/vibor-a-yarara-elite-24k-3\\\/\"]}]},{\"@type\":\"ImageObject\",\"inLanguage\":\"fr-FR\",\"@id\":\"https:\\\/\\\/revolutionpadelstore.com\\\/fr\\\/produit\\\/vibor-a-yarara-elite-24k-3\\\/#primaryimage\",\"url\":\"https:\\\/\\\/revolutionpadelstore.com\\\/wp-content\\\/uploads\\\/2024\\\/04\\\/111916-P-0-4.jpg\",\"contentUrl\":\"https:\\\/\\\/revolutionpadelstore.com\\\/wp-content\\\/uploads\\\/2024\\\/04\\\/111916-P-0-4.jpg\",\"width\":1000,\"height\":1000},{\"@type\":\"BreadcrumbList\",\"@id\":\"https:\\\/\\\/revolutionpadelstore.com\\\/fr\\\/produit\\\/vibor-a-yarara-elite-24k-3\\\/#breadcrumb\",\"itemListElement\":[{\"@type\":\"ListItem\",\"position\":1,\"name\":\"Portada\",\"item\":\"https:\\\/\\\/revolutionpadelstore.com\\\/fr\\\/\"},{\"@type\":\"ListItem\",\"position\":2,\"name\":\"Boutique\",\"item\":\"https:\\\/\\\/revolutionpadelstore.com\\\/fr\\\/tienda\\\/\"},{\"@type\":\"ListItem\",\"position\":3,\"name\":\"VIBOR-A YARARA ELITE 24K\"}]},{\"@type\":\"WebSite\",\"@id\":\"https:\\\/\\\/revolutionpadelstore.com\\\/fr\\\/#website\",\"url\":\"https:\\\/\\\/revolutionpadelstore.com\\\/fr\\\/\",\"name\":\"Revolution Padel Store\",\"description\":\"\",\"publisher\":{\"@id\":\"https:\\\/\\\/revolutionpadelstore.com\\\/fr\\\/#organization\"},\"potentialAction\":[{\"@type\":\"SearchAction\",\"target\":{\"@type\":\"EntryPoint\",\"urlTemplate\":\"https:\\\/\\\/revolutionpadelstore.com\\\/fr\\\/?s={search_term_string}\"},\"query-input\":{\"@type\":\"PropertyValueSpecification\",\"valueRequired\":true,\"valueName\":\"search_term_string\"}}],\"inLanguage\":\"fr-FR\"},{\"@type\":\"Organization\",\"@id\":\"https:\\\/\\\/revolutionpadelstore.com\\\/fr\\\/#organization\",\"name\":\"Revolution Padel Store\",\"url\":\"https:\\\/\\\/revolutionpadelstore.com\\\/fr\\\/\",\"logo\":{\"@type\":\"ImageObject\",\"inLanguage\":\"fr-FR\",\"@id\":\"https:\\\/\\\/revolutionpadelstore.com\\\/fr\\\/#\\\/schema\\\/logo\\\/image\\\/\",\"url\":\"https:\\\/\\\/revolutionpadelstore.com\\\/wp-content\\\/uploads\\\/2026\\\/02\\\/revolution-padel-store.jpg\",\"contentUrl\":\"https:\\\/\\\/revolutionpadelstore.com\\\/wp-content\\\/uploads\\\/2026\\\/02\\\/revolution-padel-store.jpg\",\"width\":2000,\"height\":2000,\"caption\":\"Revolution Padel Store\"},\"image\":{\"@id\":\"https:\\\/\\\/revolutionpadelstore.com\\\/fr\\\/#\\\/schema\\\/logo\\\/image\\\/\"},\"sameAs\":[\"https:\\\/\\\/www.instagram.com\\\/revolutionpadelstore\\\/\"]}]}<\/script>\n<!-- \/ Yoast SEO plugin. -->","yoast_head_json":{"title":"VIBOR-A YARARA ELITE 24K - Revolution Padel Store","description":"Descubre la pala Vibor-A Yarara Elite 24K en Revolution Padel Store. Equilibrio perfecto entre potencia y control para jugadores avanzados.","robots":{"index":"index","follow":"follow","max-snippet":"max-snippet:-1","max-image-preview":"max-image-preview:large","max-video-preview":"max-video-preview:-1"},"canonical":"https:\/\/revolutionpadelstore.com\/fr\/produit\/vibor-a-yarara-elite-24k-3\/","og_locale":"fr_FR","og_type":"article","og_title":"VIBOR-A YARARA ELITE 24K - Revolution Padel Store","og_description":"Descubre la pala Vibor-A Yarara Elite 24K en Revolution Padel Store. Equilibrio perfecto entre potencia y control para jugadores avanzados.","og_url":"https:\/\/revolutionpadelstore.com\/fr\/produit\/vibor-a-yarara-elite-24k-3\/","og_site_name":"Revolution Padel Store","article_modified_time":"2026-04-01T06:15:05+00:00","og_image":[{"width":1000,"height":1000,"url":"https:\/\/revolutionpadelstore.com\/wp-content\/uploads\/2024\/04\/111916-P-0-4.jpg","type":"image\/png"}],"twitter_card":"summary_large_image","twitter_misc":{"Dur\u00e9e de lecture estim\u00e9e":"2 minutes"},"schema":{"@context":"https:\/\/schema.org","@graph":[{"@type":"WebPage","@id":"https:\/\/revolutionpadelstore.com\/fr\/produit\/vibor-a-yarara-elite-24k-3\/","url":"https:\/\/revolutionpadelstore.com\/fr\/produit\/vibor-a-yarara-elite-24k-3\/","name":"VIBOR-A YARARA ELITE 24K - Revolution Padel Store","isPartOf":{"@id":"https:\/\/revolutionpadelstore.com\/fr\/#website"},"primaryImageOfPage":{"@id":"https:\/\/revolutionpadelstore.com\/fr\/produit\/vibor-a-yarara-elite-24k-3\/#primaryimage"},"image":{"@id":"https:\/\/revolutionpadelstore.com\/fr\/produit\/vibor-a-yarara-elite-24k-3\/#primaryimage"},"thumbnailUrl":"https:\/\/revolutionpadelstore.com\/wp-content\/uploads\/2024\/04\/111916-P-0-4.jpg","datePublished":"2024-04-22T13:25:24+00:00","dateModified":"2026-04-01T06:15:05+00:00","description":"Descubre la pala Vibor-A Yarara Elite 24K en Revolution Padel Store. Equilibrio perfecto entre potencia y control para jugadores avanzados.","breadcrumb":{"@id":"https:\/\/revolutionpadelstore.com\/fr\/produit\/vibor-a-yarara-elite-24k-3\/#breadcrumb"},"inLanguage":"fr-FR","potentialAction":[{"@type":"ReadAction","target":["https:\/\/revolutionpadelstore.com\/fr\/produit\/vibor-a-yarara-elite-24k-3\/"]}]},{"@type":"ImageObject","inLanguage":"fr-FR","@id":"https:\/\/revolutionpadelstore.com\/fr\/produit\/vibor-a-yarara-elite-24k-3\/#primaryimage","url":"https:\/\/revolutionpadelstore.com\/wp-content\/uploads\/2024\/04\/111916-P-0-4.jpg","contentUrl":"https:\/\/revolutionpadelstore.com\/wp-content\/uploads\/2024\/04\/111916-P-0-4.jpg","width":1000,"height":1000},{"@type":"BreadcrumbList","@id":"https:\/\/revolutionpadelstore.com\/fr\/produit\/vibor-a-yarara-elite-24k-3\/#breadcrumb","itemListElement":[{"@type":"ListItem","position":1,"name":"Portada","item":"https:\/\/revolutionpadelstore.com\/fr\/"},{"@type":"ListItem","position":2,"name":"Boutique","item":"https:\/\/revolutionpadelstore.com\/fr\/tienda\/"},{"@type":"ListItem","position":3,"name":"VIBOR-A YARARA ELITE 24K"}]},{"@type":"WebSite","@id":"https:\/\/revolutionpadelstore.com\/fr\/#website","url":"https:\/\/revolutionpadelstore.com\/fr\/","name":"Revolution Padel Store","description":"","publisher":{"@id":"https:\/\/revolutionpadelstore.com\/fr\/#organization"},"potentialAction":[{"@type":"SearchAction","target":{"@type":"EntryPoint","urlTemplate":"https:\/\/revolutionpadelstore.com\/fr\/?s={search_term_string}"},"query-input":{"@type":"PropertyValueSpecification","valueRequired":true,"valueName":"search_term_string"}}],"inLanguage":"fr-FR"},{"@type":"Organization","@id":"https:\/\/revolutionpadelstore.com\/fr\/#organization","name":"Revolution Padel Store","url":"https:\/\/revolutionpadelstore.com\/fr\/","logo":{"@type":"ImageObject","inLanguage":"fr-FR","@id":"https:\/\/revolutionpadelstore.com\/fr\/#\/schema\/logo\/image\/","url":"https:\/\/revolutionpadelstore.com\/wp-content\/uploads\/2026\/02\/revolution-padel-store.jpg","contentUrl":"https:\/\/revolutionpadelstore.com\/wp-content\/uploads\/2026\/02\/revolution-padel-store.jpg","width":2000,"height":2000,"caption":"Revolution Padel Store"},"image":{"@id":"https:\/\/revolutionpadelstore.com\/fr\/#\/schema\/logo\/image\/"},"sameAs":["https:\/\/www.instagram.com\/revolutionpadelstore\/"]}]}},"_links":{"self":[{"href":"https:\/\/revolutionpadelstore.com\/fr\/wp-json\/wp\/v2\/product\/13704","targetHints":{"allow":["GET"]}}],"collection":[{"href":"https:\/\/revolutionpadelstore.com\/fr\/wp-json\/wp\/v2\/product"}],"about":[{"href":"https:\/\/revolutionpadelstore.com\/fr\/wp-json\/wp\/v2\/types\/product"}],"replies":[{"embeddable":true,"href":"https:\/\/revolutionpadelstore.com\/fr\/wp-json\/wp\/v2\/comments?post=13704"}],"wp:featuredmedia":[{"embeddable":true,"href":"https:\/\/revolutionpadelstore.com\/fr\/wp-json\/wp\/v2\/media\/35916"}],"wp:attachment":[{"href":"https:\/\/revolutionpadelstore.com\/fr\/wp-json\/wp\/v2\/media?parent=13704"}],"wp:term":[{"taxonomy":"acabado","embeddable":true,"href":"https:\/\/revolutionpadelstore.com\/fr\/wp-json\/wp\/v2\/acabado?post=13704"},{"taxonomy":"balance","embeddable":true,"href":"https:\/\/revolutionpadelstore.com\/fr\/wp-json\/wp\/v2\/balance?post=13704"},{"taxonomy":"dureza","embeddable":true,"href":"https:\/\/revolutionpadelstore.com\/fr\/wp-json\/wp\/v2\/dureza?post=13704"},{"taxonomy":"forma","embeddable":true,"href":"https:\/\/revolutionpadelstore.com\/fr\/wp-json\/wp\/v2\/forma?post=13704"},{"taxonomy":"jugador","embeddable":true,"href":"https:\/\/revolutionpadelstore.com\/fr\/wp-json\/wp\/v2\/jugador?post=13704"},{"taxonomy":"marca","embeddable":true,"href":"https:\/\/revolutionpadelstore.com\/fr\/wp-json\/wp\/v2\/marca?post=13704"},{"taxonomy":"nivel-de-juego","embeddable":true,"href":"https:\/\/revolutionpadelstore.com\/fr\/wp-json\/wp\/v2\/nivel-de-juego?post=13704"},{"taxonomy":"superficie","embeddable":true,"href":"https:\/\/revolutionpadelstore.com\/fr\/wp-json\/wp\/v2\/superficie?post=13704"},{"taxonomy":"tipo-de-juego","embeddable":true,"href":"https:\/\/revolutionpadelstore.com\/fr\/wp-json\/wp\/v2\/tipo-de-juego?post=13704"},{"taxonomy":"product_brand","embeddable":true,"href":"https:\/\/revolutionpadelstore.com\/fr\/wp-json\/wp\/v2\/product_brand?post=13704"},{"taxonomy":"product_cat","embeddable":true,"href":"https:\/\/revolutionpadelstore.com\/fr\/wp-json\/wp\/v2\/product_cat?post=13704"},{"taxonomy":"product_tag","embeddable":true,"href":"https:\/\/revolutionpadelstore.com\/fr\/wp-json\/wp\/v2\/product_tag?post=13704"}],"curies":[{"name":"wp","href":"https:\/\/api.w.org\/{rel}","templated":true}]}}