{"id":13654,"date":"2024-04-22T15:25:28","date_gmt":"2024-04-22T13:25:28","guid":{"rendered":"https:\/\/revolutionpadelstore.com\/vibor-a-bamboo-liquid-edition-2023\/"},"modified":"2026-04-08T11:31:38","modified_gmt":"2026-04-08T09:31:38","slug":"vibor-a-bamboo-liquid-edition-2023-3","status":"publish","type":"product","link":"https:\/\/revolutionpadelstore.com\/fr\/produit\/vibor-a-bamboo-liquid-edition-2023-3\/","title":{"rendered":"VIBOR-A BAMBOO LIQUID EDITION 2023"},"content":{"rendered":"<p>Obtenez un contr\u00f4le maximal avec la raquette Vibor-A Bamboo Liquid Edition 2023 chez Revolution Padel Store. Si vous \u00eates passionn\u00e9 de padel et recherchez une raquette qui vous offre un jeu s\u00fbr et confortable, la nouvelle Vibor-A Bamboo Liquid Edition est l&#8217;option parfaite pour vous. Avec son format rond, vous pourrez diriger la balle avec une maniabilit\u00e9 extraordinaire et son large sweet spot vous permettra de tirer la balle de mani\u00e8re optimale.<\/p>\n<p> Le Bamboo Liquid Edition 2023 de Vibor-A a un \u00e9quilibre bas qui r\u00e9partit le poids vers la poign\u00e9e, ce qui vous offrira un meilleur contr\u00f4le et r\u00e9duira le risque de blessures aux bras. De plus, son noyau en caoutchouc EVA Soft vous offre un excellent rebond et un bon lancement de balle, tandis que sa surface en carbone 12K garantit une excellente maniabilit\u00e9 et durabilit\u00e9.<\/p>\n<p> Avec un poids de 360-375 grammes, un profil de 38 MM et une finition sabl\u00e9e mate, cette raquette vous offrira une accroche exceptionnelle et vous permettra de donner plus d&#8217;effet de rotation \u00e0 la balle. Con\u00e7u pour les joueurs de niveau interm\u00e9diaire, le Vibor-A Bamboo Liquid Edition 2023 est parfait pour ceux qui recherchent un jeu ax\u00e9 sur le contr\u00f4le.<\/p>\n<p> Chez Revolution Padel Store, vous trouverez cette raquette et bien d&#8217;autres options pour am\u00e9liorer vos performances au padel. Ne manquez pas l&#8217;opportunit\u00e9 d&#8217;acqu\u00e9rir le Vibor-A Bamboo Liquid Edition 2023, un succ\u00e8s assur\u00e9 si vos objectifs au padel sont ambitieux et que vous souhaitez les atteindre dans les plus brefs d\u00e9lais. Obtenez-le et montrez votre potentiel maximum sur le terrain !<\/p>\n","protected":false},"excerpt":{"rendered":"<p>D\u00e9couvrez la raquette de padel Vibor-A Bamboo Liquid Edition 2023 chez Revolution Padel Store. Contr\u00f4le, maniabilit\u00e9 et r\u00e9sistance dans un design innovant.<\/p>\n","protected":false},"featured_media":7442,"comment_status":"closed","ping_status":"open","template":"","meta":{"_acf_changed":false,"_joinchat":[]},"acabado":[],"balance":[],"dureza":[],"forma":[],"jugador":[1192,1202],"marca":[1252],"nivel-de-juego":[],"superficie":[],"tipo-de-juego":[],"product_brand":[],"product_cat":[302],"product_tag":[],"class_list":{"0":"post-13654","1":"product","2":"type-product","3":"status-publish","4":"has-post-thumbnail","6":"jugador-homme","7":"jugador-polivalente-fr","8":"marca-vibor-a-fr","9":"product_cat-palas-de-padel-fr","11":"first","12":"instock","13":"sale","14":"taxable","15":"shipping-taxable","16":"purchasable","17":"product-type-simple"},"acf":[],"yoast_head":"<!-- This site is optimized with the Yoast SEO plugin v27.4 - https:\/\/yoast.com\/product\/yoast-seo-wordpress\/ -->\n<title>VIBOR-A BAMBOO LIQUID EDITION 2023 - Revolution Padel Store<\/title>\n<meta name=\"description\" content=\"Descubre la pala de p\u00e1del Vibor-A Bamboo Liquid Edition 2023 en Revolution Padel Store. Control, manejabilidad y resistencia en un dise\u00f1o innovador.\" \/>\n<meta name=\"robots\" content=\"index, follow, max-snippet:-1, max-image-preview:large, max-video-preview:-1\" \/>\n<link rel=\"canonical\" href=\"https:\/\/revolutionpadelstore.com\/fr\/produit\/vibor-a-bamboo-liquid-edition-2023-3\/\" \/>\n<meta property=\"og:locale\" content=\"fr_FR\" \/>\n<meta property=\"og:type\" content=\"article\" \/>\n<meta property=\"og:title\" content=\"VIBOR-A BAMBOO LIQUID EDITION 2023 - Revolution Padel Store\" \/>\n<meta property=\"og:description\" content=\"Descubre la pala de p\u00e1del Vibor-A Bamboo Liquid Edition 2023 en Revolution Padel Store. Control, manejabilidad y resistencia en un dise\u00f1o innovador.\" \/>\n<meta property=\"og:url\" content=\"https:\/\/revolutionpadelstore.com\/fr\/produit\/vibor-a-bamboo-liquid-edition-2023-3\/\" \/>\n<meta property=\"og:site_name\" content=\"Revolution Padel Store\" \/>\n<meta property=\"article:modified_time\" content=\"2026-04-08T09:31:38+00:00\" \/>\n<meta property=\"og:image\" content=\"https:\/\/revolutionpadelstore.com\/wp-content\/uploads\/2024\/04\/105292-P-0-4.jpg\" \/>\n\t<meta property=\"og:image:width\" content=\"1000\" \/>\n\t<meta property=\"og:image:height\" content=\"1000\" \/>\n\t<meta property=\"og:image:type\" content=\"image\/png\" \/>\n<meta name=\"twitter:card\" content=\"summary_large_image\" \/>\n<meta name=\"twitter:label1\" content=\"Dur\u00e9e de lecture estim\u00e9e\" \/>\n\t<meta name=\"twitter:data1\" content=\"1 minute\" \/>\n<script type=\"application\/ld+json\" class=\"yoast-schema-graph\">{\"@context\":\"https:\\\/\\\/schema.org\",\"@graph\":[{\"@type\":\"WebPage\",\"@id\":\"https:\\\/\\\/revolutionpadelstore.com\\\/fr\\\/produit\\\/vibor-a-bamboo-liquid-edition-2023-3\\\/\",\"url\":\"https:\\\/\\\/revolutionpadelstore.com\\\/fr\\\/produit\\\/vibor-a-bamboo-liquid-edition-2023-3\\\/\",\"name\":\"VIBOR-A BAMBOO LIQUID EDITION 2023 - Revolution Padel Store\",\"isPartOf\":{\"@id\":\"https:\\\/\\\/revolutionpadelstore.com\\\/fr\\\/#website\"},\"primaryImageOfPage\":{\"@id\":\"https:\\\/\\\/revolutionpadelstore.com\\\/fr\\\/produit\\\/vibor-a-bamboo-liquid-edition-2023-3\\\/#primaryimage\"},\"image\":{\"@id\":\"https:\\\/\\\/revolutionpadelstore.com\\\/fr\\\/produit\\\/vibor-a-bamboo-liquid-edition-2023-3\\\/#primaryimage\"},\"thumbnailUrl\":\"https:\\\/\\\/revolutionpadelstore.com\\\/wp-content\\\/uploads\\\/2024\\\/04\\\/105292-P-0-4.jpg\",\"datePublished\":\"2024-04-22T13:25:28+00:00\",\"dateModified\":\"2026-04-08T09:31:38+00:00\",\"description\":\"Descubre la pala de p\u00e1del Vibor-A Bamboo Liquid Edition 2023 en Revolution Padel Store. Control, manejabilidad y resistencia en un dise\u00f1o innovador.\",\"breadcrumb\":{\"@id\":\"https:\\\/\\\/revolutionpadelstore.com\\\/fr\\\/produit\\\/vibor-a-bamboo-liquid-edition-2023-3\\\/#breadcrumb\"},\"inLanguage\":\"fr-FR\",\"potentialAction\":[{\"@type\":\"ReadAction\",\"target\":[\"https:\\\/\\\/revolutionpadelstore.com\\\/fr\\\/produit\\\/vibor-a-bamboo-liquid-edition-2023-3\\\/\"]}]},{\"@type\":\"ImageObject\",\"inLanguage\":\"fr-FR\",\"@id\":\"https:\\\/\\\/revolutionpadelstore.com\\\/fr\\\/produit\\\/vibor-a-bamboo-liquid-edition-2023-3\\\/#primaryimage\",\"url\":\"https:\\\/\\\/revolutionpadelstore.com\\\/wp-content\\\/uploads\\\/2024\\\/04\\\/105292-P-0-4.jpg\",\"contentUrl\":\"https:\\\/\\\/revolutionpadelstore.com\\\/wp-content\\\/uploads\\\/2024\\\/04\\\/105292-P-0-4.jpg\",\"width\":1000,\"height\":1000},{\"@type\":\"BreadcrumbList\",\"@id\":\"https:\\\/\\\/revolutionpadelstore.com\\\/fr\\\/produit\\\/vibor-a-bamboo-liquid-edition-2023-3\\\/#breadcrumb\",\"itemListElement\":[{\"@type\":\"ListItem\",\"position\":1,\"name\":\"Portada\",\"item\":\"https:\\\/\\\/revolutionpadelstore.com\\\/fr\\\/\"},{\"@type\":\"ListItem\",\"position\":2,\"name\":\"Boutique\",\"item\":\"https:\\\/\\\/revolutionpadelstore.com\\\/fr\\\/tienda\\\/\"},{\"@type\":\"ListItem\",\"position\":3,\"name\":\"VIBOR-A BAMBOO LIQUID EDITION 2023\"}]},{\"@type\":\"WebSite\",\"@id\":\"https:\\\/\\\/revolutionpadelstore.com\\\/fr\\\/#website\",\"url\":\"https:\\\/\\\/revolutionpadelstore.com\\\/fr\\\/\",\"name\":\"Revolution Padel Store\",\"description\":\"\",\"publisher\":{\"@id\":\"https:\\\/\\\/revolutionpadelstore.com\\\/fr\\\/#organization\"},\"potentialAction\":[{\"@type\":\"SearchAction\",\"target\":{\"@type\":\"EntryPoint\",\"urlTemplate\":\"https:\\\/\\\/revolutionpadelstore.com\\\/fr\\\/?s={search_term_string}\"},\"query-input\":{\"@type\":\"PropertyValueSpecification\",\"valueRequired\":true,\"valueName\":\"search_term_string\"}}],\"inLanguage\":\"fr-FR\"},{\"@type\":\"Organization\",\"@id\":\"https:\\\/\\\/revolutionpadelstore.com\\\/fr\\\/#organization\",\"name\":\"Revolution Padel Store\",\"url\":\"https:\\\/\\\/revolutionpadelstore.com\\\/fr\\\/\",\"logo\":{\"@type\":\"ImageObject\",\"inLanguage\":\"fr-FR\",\"@id\":\"https:\\\/\\\/revolutionpadelstore.com\\\/fr\\\/#\\\/schema\\\/logo\\\/image\\\/\",\"url\":\"https:\\\/\\\/revolutionpadelstore.com\\\/wp-content\\\/uploads\\\/2026\\\/02\\\/revolution-padel-store.jpg\",\"contentUrl\":\"https:\\\/\\\/revolutionpadelstore.com\\\/wp-content\\\/uploads\\\/2026\\\/02\\\/revolution-padel-store.jpg\",\"width\":2000,\"height\":2000,\"caption\":\"Revolution Padel Store\"},\"image\":{\"@id\":\"https:\\\/\\\/revolutionpadelstore.com\\\/fr\\\/#\\\/schema\\\/logo\\\/image\\\/\"},\"sameAs\":[\"https:\\\/\\\/www.instagram.com\\\/revolutionpadelstore\\\/\"]}]}<\/script>\n<!-- \/ Yoast SEO plugin. -->","yoast_head_json":{"title":"VIBOR-A BAMBOO LIQUID EDITION 2023 - Revolution Padel Store","description":"Descubre la pala de p\u00e1del Vibor-A Bamboo Liquid Edition 2023 en Revolution Padel Store. Control, manejabilidad y resistencia en un dise\u00f1o innovador.","robots":{"index":"index","follow":"follow","max-snippet":"max-snippet:-1","max-image-preview":"max-image-preview:large","max-video-preview":"max-video-preview:-1"},"canonical":"https:\/\/revolutionpadelstore.com\/fr\/produit\/vibor-a-bamboo-liquid-edition-2023-3\/","og_locale":"fr_FR","og_type":"article","og_title":"VIBOR-A BAMBOO LIQUID EDITION 2023 - Revolution Padel Store","og_description":"Descubre la pala de p\u00e1del Vibor-A Bamboo Liquid Edition 2023 en Revolution Padel Store. Control, manejabilidad y resistencia en un dise\u00f1o innovador.","og_url":"https:\/\/revolutionpadelstore.com\/fr\/produit\/vibor-a-bamboo-liquid-edition-2023-3\/","og_site_name":"Revolution Padel Store","article_modified_time":"2026-04-08T09:31:38+00:00","og_image":[{"width":1000,"height":1000,"url":"https:\/\/revolutionpadelstore.com\/wp-content\/uploads\/2024\/04\/105292-P-0-4.jpg","type":"image\/png"}],"twitter_card":"summary_large_image","twitter_misc":{"Dur\u00e9e de lecture estim\u00e9e":"1 minute"},"schema":{"@context":"https:\/\/schema.org","@graph":[{"@type":"WebPage","@id":"https:\/\/revolutionpadelstore.com\/fr\/produit\/vibor-a-bamboo-liquid-edition-2023-3\/","url":"https:\/\/revolutionpadelstore.com\/fr\/produit\/vibor-a-bamboo-liquid-edition-2023-3\/","name":"VIBOR-A BAMBOO LIQUID EDITION 2023 - Revolution Padel Store","isPartOf":{"@id":"https:\/\/revolutionpadelstore.com\/fr\/#website"},"primaryImageOfPage":{"@id":"https:\/\/revolutionpadelstore.com\/fr\/produit\/vibor-a-bamboo-liquid-edition-2023-3\/#primaryimage"},"image":{"@id":"https:\/\/revolutionpadelstore.com\/fr\/produit\/vibor-a-bamboo-liquid-edition-2023-3\/#primaryimage"},"thumbnailUrl":"https:\/\/revolutionpadelstore.com\/wp-content\/uploads\/2024\/04\/105292-P-0-4.jpg","datePublished":"2024-04-22T13:25:28+00:00","dateModified":"2026-04-08T09:31:38+00:00","description":"Descubre la pala de p\u00e1del Vibor-A Bamboo Liquid Edition 2023 en Revolution Padel Store. Control, manejabilidad y resistencia en un dise\u00f1o innovador.","breadcrumb":{"@id":"https:\/\/revolutionpadelstore.com\/fr\/produit\/vibor-a-bamboo-liquid-edition-2023-3\/#breadcrumb"},"inLanguage":"fr-FR","potentialAction":[{"@type":"ReadAction","target":["https:\/\/revolutionpadelstore.com\/fr\/produit\/vibor-a-bamboo-liquid-edition-2023-3\/"]}]},{"@type":"ImageObject","inLanguage":"fr-FR","@id":"https:\/\/revolutionpadelstore.com\/fr\/produit\/vibor-a-bamboo-liquid-edition-2023-3\/#primaryimage","url":"https:\/\/revolutionpadelstore.com\/wp-content\/uploads\/2024\/04\/105292-P-0-4.jpg","contentUrl":"https:\/\/revolutionpadelstore.com\/wp-content\/uploads\/2024\/04\/105292-P-0-4.jpg","width":1000,"height":1000},{"@type":"BreadcrumbList","@id":"https:\/\/revolutionpadelstore.com\/fr\/produit\/vibor-a-bamboo-liquid-edition-2023-3\/#breadcrumb","itemListElement":[{"@type":"ListItem","position":1,"name":"Portada","item":"https:\/\/revolutionpadelstore.com\/fr\/"},{"@type":"ListItem","position":2,"name":"Boutique","item":"https:\/\/revolutionpadelstore.com\/fr\/tienda\/"},{"@type":"ListItem","position":3,"name":"VIBOR-A BAMBOO LIQUID EDITION 2023"}]},{"@type":"WebSite","@id":"https:\/\/revolutionpadelstore.com\/fr\/#website","url":"https:\/\/revolutionpadelstore.com\/fr\/","name":"Revolution Padel Store","description":"","publisher":{"@id":"https:\/\/revolutionpadelstore.com\/fr\/#organization"},"potentialAction":[{"@type":"SearchAction","target":{"@type":"EntryPoint","urlTemplate":"https:\/\/revolutionpadelstore.com\/fr\/?s={search_term_string}"},"query-input":{"@type":"PropertyValueSpecification","valueRequired":true,"valueName":"search_term_string"}}],"inLanguage":"fr-FR"},{"@type":"Organization","@id":"https:\/\/revolutionpadelstore.com\/fr\/#organization","name":"Revolution Padel Store","url":"https:\/\/revolutionpadelstore.com\/fr\/","logo":{"@type":"ImageObject","inLanguage":"fr-FR","@id":"https:\/\/revolutionpadelstore.com\/fr\/#\/schema\/logo\/image\/","url":"https:\/\/revolutionpadelstore.com\/wp-content\/uploads\/2026\/02\/revolution-padel-store.jpg","contentUrl":"https:\/\/revolutionpadelstore.com\/wp-content\/uploads\/2026\/02\/revolution-padel-store.jpg","width":2000,"height":2000,"caption":"Revolution Padel Store"},"image":{"@id":"https:\/\/revolutionpadelstore.com\/fr\/#\/schema\/logo\/image\/"},"sameAs":["https:\/\/www.instagram.com\/revolutionpadelstore\/"]}]}},"_links":{"self":[{"href":"https:\/\/revolutionpadelstore.com\/fr\/wp-json\/wp\/v2\/product\/13654","targetHints":{"allow":["GET"]}}],"collection":[{"href":"https:\/\/revolutionpadelstore.com\/fr\/wp-json\/wp\/v2\/product"}],"about":[{"href":"https:\/\/revolutionpadelstore.com\/fr\/wp-json\/wp\/v2\/types\/product"}],"replies":[{"embeddable":true,"href":"https:\/\/revolutionpadelstore.com\/fr\/wp-json\/wp\/v2\/comments?post=13654"}],"wp:featuredmedia":[{"embeddable":true,"href":"https:\/\/revolutionpadelstore.com\/fr\/wp-json\/wp\/v2\/media\/7442"}],"wp:attachment":[{"href":"https:\/\/revolutionpadelstore.com\/fr\/wp-json\/wp\/v2\/media?parent=13654"}],"wp:term":[{"taxonomy":"acabado","embeddable":true,"href":"https:\/\/revolutionpadelstore.com\/fr\/wp-json\/wp\/v2\/acabado?post=13654"},{"taxonomy":"balance","embeddable":true,"href":"https:\/\/revolutionpadelstore.com\/fr\/wp-json\/wp\/v2\/balance?post=13654"},{"taxonomy":"dureza","embeddable":true,"href":"https:\/\/revolutionpadelstore.com\/fr\/wp-json\/wp\/v2\/dureza?post=13654"},{"taxonomy":"forma","embeddable":true,"href":"https:\/\/revolutionpadelstore.com\/fr\/wp-json\/wp\/v2\/forma?post=13654"},{"taxonomy":"jugador","embeddable":true,"href":"https:\/\/revolutionpadelstore.com\/fr\/wp-json\/wp\/v2\/jugador?post=13654"},{"taxonomy":"marca","embeddable":true,"href":"https:\/\/revolutionpadelstore.com\/fr\/wp-json\/wp\/v2\/marca?post=13654"},{"taxonomy":"nivel-de-juego","embeddable":true,"href":"https:\/\/revolutionpadelstore.com\/fr\/wp-json\/wp\/v2\/nivel-de-juego?post=13654"},{"taxonomy":"superficie","embeddable":true,"href":"https:\/\/revolutionpadelstore.com\/fr\/wp-json\/wp\/v2\/superficie?post=13654"},{"taxonomy":"tipo-de-juego","embeddable":true,"href":"https:\/\/revolutionpadelstore.com\/fr\/wp-json\/wp\/v2\/tipo-de-juego?post=13654"},{"taxonomy":"product_brand","embeddable":true,"href":"https:\/\/revolutionpadelstore.com\/fr\/wp-json\/wp\/v2\/product_brand?post=13654"},{"taxonomy":"product_cat","embeddable":true,"href":"https:\/\/revolutionpadelstore.com\/fr\/wp-json\/wp\/v2\/product_cat?post=13654"},{"taxonomy":"product_tag","embeddable":true,"href":"https:\/\/revolutionpadelstore.com\/fr\/wp-json\/wp\/v2\/product_tag?post=13654"}],"curies":[{"name":"wp","href":"https:\/\/api.w.org\/{rel}","templated":true}]}}