{"id":13644,"date":"2024-04-22T15:25:28","date_gmt":"2024-04-22T13:25:28","guid":{"rendered":"https:\/\/revolutionpadelstore.com\/wilson-bela-lt-v2-blanco\/"},"modified":"2026-04-08T11:32:35","modified_gmt":"2026-04-08T09:32:35","slug":"wilson-bela-lt-v2-blanco-3","status":"publish","type":"product","link":"https:\/\/revolutionpadelstore.com\/fr\/produit\/wilson-bela-lt-v2-blanco-3\/","title":{"rendered":"WILSON BELA LT V2 BLANCO"},"content":{"rendered":"<p>Achetez la raquette de padel WILSON BELA LT V2 WHITE chez Revolution Padel Store et d\u00e9couvrez la puissance et la pr\u00e9cision que seule cette raquette peut vous offrir. Con\u00e7ue en collaboration avec le l\u00e9gendaire joueur Fernando Belasteguin, cette raquette tr\u00e8s \u00e9quilibr\u00e9e en forme de diamant est id\u00e9ale pour les joueurs adultes \u00e0 la recherche d&#8217;un style de jeu puissant et pr\u00e9cis.<\/p>\n<p> Avec ses trous multidimensionnels et son cadre dot\u00e9 de la technologie 3KCarbonFace, la WILSON BELA LT V2 WHITE est une raquette incassable, parfaite pour les professionnels ou ceux qui recherchent de la haute performance dans leurs matchs de padel. De plus, son syst\u00e8me SpinEffect sur les faces aux finitions lisses facilite l&#8217;ex\u00e9cution des coups lift\u00e9s, surprenant ainsi vos rivaux par votre jeu.<\/p>\n<p> Mais non seulement ses performances sont impressionnantes, mais son design l\u2019est \u00e9galement. Dot\u00e9e d&#8217;une t\u00eate blanc mat et de la l\u00e9gende &#8220;WILSON&#8221; en noir brillant, cette raquette porte la signature de Belasteguin sur le devant et le &#8220;W&#8221; embl\u00e9matique de la marque en rouge mat sur les bords. Son grip en vinyle super absorbant assure une prise ferme et sans transpiration, pour que vous puissiez vous concentrer sur votre jeu.<\/p>\n<p> N&#8217;attendez plus et achetez la raquette de padel WILSON BELA LT V2 WHITE chez Revolution Padel Store, le magasin sp\u00e9cialis\u00e9 dans les produits de padel de haute qualit\u00e9. D\u00e9couvrez pourquoi cette raquette de padel est le choix des meilleurs joueurs et am\u00e9liorez votre jeu \u00e0 chaque match. Obtenez-le maintenant et devenez un v\u00e9ritable champion sur piste !<\/p>\n","protected":false},"excerpt":{"rendered":"<p>D\u00e9couvrez la raquette de padel WILSON BELA LT V2 WHITE au design exclusif et aux fonctionnalit\u00e9s id\u00e9ales pour les joueurs puissants et pr\u00e9cis. Achetez chez Revolution Padel Store !<\/p>\n","protected":false},"featured_media":35682,"comment_status":"closed","ping_status":"closed","template":"","meta":{"_acf_changed":false,"_joinchat":[]},"acabado":[],"balance":[],"dureza":[],"forma":[],"jugador":[1197],"marca":[1267],"nivel-de-juego":[],"superficie":[],"tipo-de-juego":[],"product_brand":[],"product_cat":[302],"product_tag":[],"class_list":{"0":"post-13644","1":"product","2":"type-product","3":"status-publish","4":"has-post-thumbnail","6":"jugador-mujer-fr","7":"marca-wilson-fr","8":"product_cat-palas-de-padel-fr","10":"first","11":"outofstock","12":"sale","13":"taxable","14":"shipping-taxable","15":"purchasable","16":"product-type-simple"},"acf":[],"yoast_head":"<!-- This site is optimized with the Yoast SEO plugin v27.4 - https:\/\/yoast.com\/product\/yoast-seo-wordpress\/ -->\n<title>WILSON BELA LT V2 BLANCO - Revolution Padel Store<\/title>\n<meta name=\"description\" content=\"Descubre la pala de p\u00e1del WILSON BELA LT V2 BLANCO con dise\u00f1o exclusivo y caracter\u00edsticas ideales para jugadores potentes y precisos. \u00a1Compra en Revolution Padel Store!\" \/>\n<meta name=\"robots\" content=\"index, follow, max-snippet:-1, max-image-preview:large, max-video-preview:-1\" \/>\n<link rel=\"canonical\" href=\"https:\/\/revolutionpadelstore.com\/fr\/produit\/wilson-bela-lt-v2-blanco-3\/\" \/>\n<meta property=\"og:locale\" content=\"fr_FR\" \/>\n<meta property=\"og:type\" content=\"article\" \/>\n<meta property=\"og:title\" content=\"WILSON BELA LT V2 BLANCO - Revolution Padel Store\" \/>\n<meta property=\"og:description\" content=\"Descubre la pala de p\u00e1del WILSON BELA LT V2 BLANCO con dise\u00f1o exclusivo y caracter\u00edsticas ideales para jugadores potentes y precisos. \u00a1Compra en Revolution Padel Store!\" \/>\n<meta property=\"og:url\" content=\"https:\/\/revolutionpadelstore.com\/fr\/produit\/wilson-bela-lt-v2-blanco-3\/\" \/>\n<meta property=\"og:site_name\" content=\"Revolution Padel Store\" \/>\n<meta property=\"article:modified_time\" content=\"2026-04-08T09:32:35+00:00\" \/>\n<meta property=\"og:image\" content=\"https:\/\/revolutionpadelstore.com\/wp-content\/uploads\/2024\/04\/105137-P-0-4.jpg\" \/>\n\t<meta property=\"og:image:width\" content=\"1000\" \/>\n\t<meta property=\"og:image:height\" content=\"1000\" \/>\n\t<meta property=\"og:image:type\" content=\"image\/png\" \/>\n<meta name=\"twitter:card\" content=\"summary_large_image\" \/>\n<meta name=\"twitter:label1\" content=\"Dur\u00e9e de lecture estim\u00e9e\" \/>\n\t<meta name=\"twitter:data1\" content=\"1 minute\" \/>\n<script type=\"application\/ld+json\" class=\"yoast-schema-graph\">{\"@context\":\"https:\\\/\\\/schema.org\",\"@graph\":[{\"@type\":\"WebPage\",\"@id\":\"https:\\\/\\\/revolutionpadelstore.com\\\/fr\\\/produit\\\/wilson-bela-lt-v2-blanco-3\\\/\",\"url\":\"https:\\\/\\\/revolutionpadelstore.com\\\/fr\\\/produit\\\/wilson-bela-lt-v2-blanco-3\\\/\",\"name\":\"WILSON BELA LT V2 BLANCO - Revolution Padel Store\",\"isPartOf\":{\"@id\":\"https:\\\/\\\/revolutionpadelstore.com\\\/fr\\\/#website\"},\"primaryImageOfPage\":{\"@id\":\"https:\\\/\\\/revolutionpadelstore.com\\\/fr\\\/produit\\\/wilson-bela-lt-v2-blanco-3\\\/#primaryimage\"},\"image\":{\"@id\":\"https:\\\/\\\/revolutionpadelstore.com\\\/fr\\\/produit\\\/wilson-bela-lt-v2-blanco-3\\\/#primaryimage\"},\"thumbnailUrl\":\"https:\\\/\\\/revolutionpadelstore.com\\\/wp-content\\\/uploads\\\/2024\\\/04\\\/105137-P-0-4.jpg\",\"datePublished\":\"2024-04-22T13:25:28+00:00\",\"dateModified\":\"2026-04-08T09:32:35+00:00\",\"description\":\"Descubre la pala de p\u00e1del WILSON BELA LT V2 BLANCO con dise\u00f1o exclusivo y caracter\u00edsticas ideales para jugadores potentes y precisos. \u00a1Compra en Revolution Padel Store!\",\"breadcrumb\":{\"@id\":\"https:\\\/\\\/revolutionpadelstore.com\\\/fr\\\/produit\\\/wilson-bela-lt-v2-blanco-3\\\/#breadcrumb\"},\"inLanguage\":\"fr-FR\",\"potentialAction\":[{\"@type\":\"ReadAction\",\"target\":[\"https:\\\/\\\/revolutionpadelstore.com\\\/fr\\\/produit\\\/wilson-bela-lt-v2-blanco-3\\\/\"]}]},{\"@type\":\"ImageObject\",\"inLanguage\":\"fr-FR\",\"@id\":\"https:\\\/\\\/revolutionpadelstore.com\\\/fr\\\/produit\\\/wilson-bela-lt-v2-blanco-3\\\/#primaryimage\",\"url\":\"https:\\\/\\\/revolutionpadelstore.com\\\/wp-content\\\/uploads\\\/2024\\\/04\\\/105137-P-0-4.jpg\",\"contentUrl\":\"https:\\\/\\\/revolutionpadelstore.com\\\/wp-content\\\/uploads\\\/2024\\\/04\\\/105137-P-0-4.jpg\",\"width\":1000,\"height\":1000},{\"@type\":\"BreadcrumbList\",\"@id\":\"https:\\\/\\\/revolutionpadelstore.com\\\/fr\\\/produit\\\/wilson-bela-lt-v2-blanco-3\\\/#breadcrumb\",\"itemListElement\":[{\"@type\":\"ListItem\",\"position\":1,\"name\":\"Portada\",\"item\":\"https:\\\/\\\/revolutionpadelstore.com\\\/fr\\\/\"},{\"@type\":\"ListItem\",\"position\":2,\"name\":\"Boutique\",\"item\":\"https:\\\/\\\/revolutionpadelstore.com\\\/fr\\\/tienda\\\/\"},{\"@type\":\"ListItem\",\"position\":3,\"name\":\"WILSON BELA LT V2 BLANCO\"}]},{\"@type\":\"WebSite\",\"@id\":\"https:\\\/\\\/revolutionpadelstore.com\\\/fr\\\/#website\",\"url\":\"https:\\\/\\\/revolutionpadelstore.com\\\/fr\\\/\",\"name\":\"Revolution Padel Store\",\"description\":\"\",\"publisher\":{\"@id\":\"https:\\\/\\\/revolutionpadelstore.com\\\/fr\\\/#organization\"},\"potentialAction\":[{\"@type\":\"SearchAction\",\"target\":{\"@type\":\"EntryPoint\",\"urlTemplate\":\"https:\\\/\\\/revolutionpadelstore.com\\\/fr\\\/?s={search_term_string}\"},\"query-input\":{\"@type\":\"PropertyValueSpecification\",\"valueRequired\":true,\"valueName\":\"search_term_string\"}}],\"inLanguage\":\"fr-FR\"},{\"@type\":\"Organization\",\"@id\":\"https:\\\/\\\/revolutionpadelstore.com\\\/fr\\\/#organization\",\"name\":\"Revolution Padel Store\",\"url\":\"https:\\\/\\\/revolutionpadelstore.com\\\/fr\\\/\",\"logo\":{\"@type\":\"ImageObject\",\"inLanguage\":\"fr-FR\",\"@id\":\"https:\\\/\\\/revolutionpadelstore.com\\\/fr\\\/#\\\/schema\\\/logo\\\/image\\\/\",\"url\":\"https:\\\/\\\/revolutionpadelstore.com\\\/wp-content\\\/uploads\\\/2026\\\/02\\\/revolution-padel-store.jpg\",\"contentUrl\":\"https:\\\/\\\/revolutionpadelstore.com\\\/wp-content\\\/uploads\\\/2026\\\/02\\\/revolution-padel-store.jpg\",\"width\":2000,\"height\":2000,\"caption\":\"Revolution Padel Store\"},\"image\":{\"@id\":\"https:\\\/\\\/revolutionpadelstore.com\\\/fr\\\/#\\\/schema\\\/logo\\\/image\\\/\"},\"sameAs\":[\"https:\\\/\\\/www.instagram.com\\\/revolutionpadelstore\\\/\"]}]}<\/script>\n<!-- \/ Yoast SEO plugin. -->","yoast_head_json":{"title":"WILSON BELA LT V2 BLANCO - Revolution Padel Store","description":"Descubre la pala de p\u00e1del WILSON BELA LT V2 BLANCO con dise\u00f1o exclusivo y caracter\u00edsticas ideales para jugadores potentes y precisos. \u00a1Compra en Revolution Padel Store!","robots":{"index":"index","follow":"follow","max-snippet":"max-snippet:-1","max-image-preview":"max-image-preview:large","max-video-preview":"max-video-preview:-1"},"canonical":"https:\/\/revolutionpadelstore.com\/fr\/produit\/wilson-bela-lt-v2-blanco-3\/","og_locale":"fr_FR","og_type":"article","og_title":"WILSON BELA LT V2 BLANCO - Revolution Padel Store","og_description":"Descubre la pala de p\u00e1del WILSON BELA LT V2 BLANCO con dise\u00f1o exclusivo y caracter\u00edsticas ideales para jugadores potentes y precisos. \u00a1Compra en Revolution Padel Store!","og_url":"https:\/\/revolutionpadelstore.com\/fr\/produit\/wilson-bela-lt-v2-blanco-3\/","og_site_name":"Revolution Padel Store","article_modified_time":"2026-04-08T09:32:35+00:00","og_image":[{"width":1000,"height":1000,"url":"https:\/\/revolutionpadelstore.com\/wp-content\/uploads\/2024\/04\/105137-P-0-4.jpg","type":"image\/png"}],"twitter_card":"summary_large_image","twitter_misc":{"Dur\u00e9e de lecture estim\u00e9e":"1 minute"},"schema":{"@context":"https:\/\/schema.org","@graph":[{"@type":"WebPage","@id":"https:\/\/revolutionpadelstore.com\/fr\/produit\/wilson-bela-lt-v2-blanco-3\/","url":"https:\/\/revolutionpadelstore.com\/fr\/produit\/wilson-bela-lt-v2-blanco-3\/","name":"WILSON BELA LT V2 BLANCO - Revolution Padel Store","isPartOf":{"@id":"https:\/\/revolutionpadelstore.com\/fr\/#website"},"primaryImageOfPage":{"@id":"https:\/\/revolutionpadelstore.com\/fr\/produit\/wilson-bela-lt-v2-blanco-3\/#primaryimage"},"image":{"@id":"https:\/\/revolutionpadelstore.com\/fr\/produit\/wilson-bela-lt-v2-blanco-3\/#primaryimage"},"thumbnailUrl":"https:\/\/revolutionpadelstore.com\/wp-content\/uploads\/2024\/04\/105137-P-0-4.jpg","datePublished":"2024-04-22T13:25:28+00:00","dateModified":"2026-04-08T09:32:35+00:00","description":"Descubre la pala de p\u00e1del WILSON BELA LT V2 BLANCO con dise\u00f1o exclusivo y caracter\u00edsticas ideales para jugadores potentes y precisos. \u00a1Compra en Revolution Padel Store!","breadcrumb":{"@id":"https:\/\/revolutionpadelstore.com\/fr\/produit\/wilson-bela-lt-v2-blanco-3\/#breadcrumb"},"inLanguage":"fr-FR","potentialAction":[{"@type":"ReadAction","target":["https:\/\/revolutionpadelstore.com\/fr\/produit\/wilson-bela-lt-v2-blanco-3\/"]}]},{"@type":"ImageObject","inLanguage":"fr-FR","@id":"https:\/\/revolutionpadelstore.com\/fr\/produit\/wilson-bela-lt-v2-blanco-3\/#primaryimage","url":"https:\/\/revolutionpadelstore.com\/wp-content\/uploads\/2024\/04\/105137-P-0-4.jpg","contentUrl":"https:\/\/revolutionpadelstore.com\/wp-content\/uploads\/2024\/04\/105137-P-0-4.jpg","width":1000,"height":1000},{"@type":"BreadcrumbList","@id":"https:\/\/revolutionpadelstore.com\/fr\/produit\/wilson-bela-lt-v2-blanco-3\/#breadcrumb","itemListElement":[{"@type":"ListItem","position":1,"name":"Portada","item":"https:\/\/revolutionpadelstore.com\/fr\/"},{"@type":"ListItem","position":2,"name":"Boutique","item":"https:\/\/revolutionpadelstore.com\/fr\/tienda\/"},{"@type":"ListItem","position":3,"name":"WILSON BELA LT V2 BLANCO"}]},{"@type":"WebSite","@id":"https:\/\/revolutionpadelstore.com\/fr\/#website","url":"https:\/\/revolutionpadelstore.com\/fr\/","name":"Revolution Padel Store","description":"","publisher":{"@id":"https:\/\/revolutionpadelstore.com\/fr\/#organization"},"potentialAction":[{"@type":"SearchAction","target":{"@type":"EntryPoint","urlTemplate":"https:\/\/revolutionpadelstore.com\/fr\/?s={search_term_string}"},"query-input":{"@type":"PropertyValueSpecification","valueRequired":true,"valueName":"search_term_string"}}],"inLanguage":"fr-FR"},{"@type":"Organization","@id":"https:\/\/revolutionpadelstore.com\/fr\/#organization","name":"Revolution Padel Store","url":"https:\/\/revolutionpadelstore.com\/fr\/","logo":{"@type":"ImageObject","inLanguage":"fr-FR","@id":"https:\/\/revolutionpadelstore.com\/fr\/#\/schema\/logo\/image\/","url":"https:\/\/revolutionpadelstore.com\/wp-content\/uploads\/2026\/02\/revolution-padel-store.jpg","contentUrl":"https:\/\/revolutionpadelstore.com\/wp-content\/uploads\/2026\/02\/revolution-padel-store.jpg","width":2000,"height":2000,"caption":"Revolution Padel Store"},"image":{"@id":"https:\/\/revolutionpadelstore.com\/fr\/#\/schema\/logo\/image\/"},"sameAs":["https:\/\/www.instagram.com\/revolutionpadelstore\/"]}]}},"_links":{"self":[{"href":"https:\/\/revolutionpadelstore.com\/fr\/wp-json\/wp\/v2\/product\/13644","targetHints":{"allow":["GET"]}}],"collection":[{"href":"https:\/\/revolutionpadelstore.com\/fr\/wp-json\/wp\/v2\/product"}],"about":[{"href":"https:\/\/revolutionpadelstore.com\/fr\/wp-json\/wp\/v2\/types\/product"}],"replies":[{"embeddable":true,"href":"https:\/\/revolutionpadelstore.com\/fr\/wp-json\/wp\/v2\/comments?post=13644"}],"wp:featuredmedia":[{"embeddable":true,"href":"https:\/\/revolutionpadelstore.com\/fr\/wp-json\/wp\/v2\/media\/35682"}],"wp:attachment":[{"href":"https:\/\/revolutionpadelstore.com\/fr\/wp-json\/wp\/v2\/media?parent=13644"}],"wp:term":[{"taxonomy":"acabado","embeddable":true,"href":"https:\/\/revolutionpadelstore.com\/fr\/wp-json\/wp\/v2\/acabado?post=13644"},{"taxonomy":"balance","embeddable":true,"href":"https:\/\/revolutionpadelstore.com\/fr\/wp-json\/wp\/v2\/balance?post=13644"},{"taxonomy":"dureza","embeddable":true,"href":"https:\/\/revolutionpadelstore.com\/fr\/wp-json\/wp\/v2\/dureza?post=13644"},{"taxonomy":"forma","embeddable":true,"href":"https:\/\/revolutionpadelstore.com\/fr\/wp-json\/wp\/v2\/forma?post=13644"},{"taxonomy":"jugador","embeddable":true,"href":"https:\/\/revolutionpadelstore.com\/fr\/wp-json\/wp\/v2\/jugador?post=13644"},{"taxonomy":"marca","embeddable":true,"href":"https:\/\/revolutionpadelstore.com\/fr\/wp-json\/wp\/v2\/marca?post=13644"},{"taxonomy":"nivel-de-juego","embeddable":true,"href":"https:\/\/revolutionpadelstore.com\/fr\/wp-json\/wp\/v2\/nivel-de-juego?post=13644"},{"taxonomy":"superficie","embeddable":true,"href":"https:\/\/revolutionpadelstore.com\/fr\/wp-json\/wp\/v2\/superficie?post=13644"},{"taxonomy":"tipo-de-juego","embeddable":true,"href":"https:\/\/revolutionpadelstore.com\/fr\/wp-json\/wp\/v2\/tipo-de-juego?post=13644"},{"taxonomy":"product_brand","embeddable":true,"href":"https:\/\/revolutionpadelstore.com\/fr\/wp-json\/wp\/v2\/product_brand?post=13644"},{"taxonomy":"product_cat","embeddable":true,"href":"https:\/\/revolutionpadelstore.com\/fr\/wp-json\/wp\/v2\/product_cat?post=13644"},{"taxonomy":"product_tag","embeddable":true,"href":"https:\/\/revolutionpadelstore.com\/fr\/wp-json\/wp\/v2\/product_tag?post=13644"}],"curies":[{"name":"wp","href":"https:\/\/api.w.org\/{rel}","templated":true}]}}