{"id":130017,"date":"2024-11-28T20:45:56","date_gmt":"2024-11-28T19:45:56","guid":{"rendered":"https:\/\/revolutionpadelstore.com\/asics-gel-resolution-9-clay-rosa-mujer\/"},"modified":"2026-04-08T09:55:08","modified_gmt":"2026-04-08T07:55:08","slug":"asics-gel-resolution-9-clay-rosa-mujer-3","status":"publish","type":"product","link":"https:\/\/revolutionpadelstore.com\/fr\/produit\/asics-gel-resolution-9-clay-rosa-mujer-3\/","title":{"rendered":"ASICS GEL RESOLUTION 9 CLAY ROSA MUJER"},"content":{"rendered":"<h2> Asics Gel-Resolution 9 Clay Woman Ros<br \/>\nLes baskets en gel argile Asics 9 sont con\u00e7ues pour les femmes actives \u00e0 la recherche d&#8217;un soutien confortable, l\u00e9ger et excellent, de stabilit\u00e9 et d&#8217;amortissement. Ce mod\u00e8le est con\u00e7u pour offrir des transitions douces, rapides et stables, permettant de couvrir facilement la piste enti\u00e8re.<\/p>\n<p>La semelle, compl\u00e8te et avec un motif de pointes, am\u00e9liore l&#8217;adh\u00e9rence et \u00e9vite l&#8217;accumulation de sable, ce qui optimise la traction. Il est id\u00e9al pour les pistes de palettes battues et pagay\u00e9es, et est en caoutchouc Ahaplus, un mat\u00e9riau durable qui augmente la r\u00e9sistance \u00e0 l&#8217;usure et maintient la l\u00e9g\u00e8ret\u00e9.<\/p>\n<p>Parmi les technologies de la r\u00e9solution 9, l&#8217;argile des ASIC est:<\/p>\n<p> <strong> -dynawrap <\/strong>, qui fournit un soutien ferme et confortable dans les d\u00e9placements lat\u00e9raux, am\u00e9liorant la stabilit\u00e9.<br \/>\n<P> <strong> -dynfit <\/strong> en haut, ce qui garantit un ajustement parfait au pied.<\/p>\n<p> <strong> -pguard <\/strong> sur l&#8217;orteil, qui renforce les zones vuln\u00e9rables et augmente la durabilit\u00e9 en r\u00e9sistant \u00e0 l&#8217;usure due \u00e0 l&#8217;abrasion.<\/p>\n<p> <strong> -Dynawall <\/strong>, ce qui am\u00e9liore la stabilit\u00e9 des mouvements lat\u00e9raux et facilite les d\u00e9placements rapides du bas de la piste.<\/p>\n<p style=\"padding-left: 40px\"> <strong> -Le gel p&gt;<\/p>\n","protected":false},"excerpt":{"rendered":"<p>Chaussures PADEL POUR FEMMES AVEC SUPE SOLE FAGEMENT D&#8217;AHARPLUS DE R\u00c9SBILLES pour une plus grande r\u00e9sistance \u00e0 l&#8217;usure et agilit\u00e9 des mouvements. Les transitions absorb\u00e9es par choc et mous.<\/p>\n","protected":false},"featured_media":129981,"comment_status":"open","ping_status":"closed","template":"","meta":{"_acf_changed":false,"_joinchat":[]},"acabado":[],"balance":[],"dureza":[],"forma":[],"jugador":[1197],"marca":[1327],"nivel-de-juego":[],"superficie":[],"tipo-de-juego":[],"product_brand":[],"product_cat":[830],"product_tag":[],"class_list":{"0":"post-130017","1":"product","2":"type-product","3":"status-publish","4":"has-post-thumbnail","6":"jugador-mujer-fr","7":"marca-asics-fr","8":"product_cat-baskets","10":"first","11":"outofstock","12":"sale","13":"taxable","14":"shipping-taxable","15":"purchasable","16":"product-type-variable"},"acf":[],"yoast_head":"<!-- This site is optimized with the Yoast SEO plugin v27.4 - https:\/\/yoast.com\/product\/yoast-seo-wordpress\/ -->\n<title>ASICS GEL RESOLUTION 9 CLAY ROSA MUJER - Revolution Padel Store<\/title>\n<meta name=\"description\" content=\"Las zapatillas Gel Resolution 9 Clay de Asics est\u00e1n dise\u00f1adas para mujeres activas que buscan un calzado c\u00f3modo, ligero y con excelente sujeci\u00f3n, estabilidad y amortiguaci\u00f3n. Este modelo est\u00e1 pensado para ofrecer transiciones suaves, r\u00e1pidas y estables, permitiendo cubrir toda la pista con facilidad.\" \/>\n<meta name=\"robots\" content=\"index, follow, max-snippet:-1, max-image-preview:large, max-video-preview:-1\" \/>\n<link rel=\"canonical\" href=\"https:\/\/revolutionpadelstore.com\/fr\/produit\/asics-gel-resolution-9-clay-rosa-mujer-3\/\" \/>\n<meta property=\"og:locale\" content=\"fr_FR\" \/>\n<meta property=\"og:type\" content=\"article\" \/>\n<meta property=\"og:title\" content=\"ASICS GEL RESOLUTION 9 CLAY ROSA MUJER - Revolution Padel Store\" \/>\n<meta property=\"og:description\" content=\"Las zapatillas Gel Resolution 9 Clay de Asics est\u00e1n dise\u00f1adas para mujeres activas que buscan un calzado c\u00f3modo, ligero y con excelente sujeci\u00f3n, estabilidad y amortiguaci\u00f3n. Este modelo est\u00e1 pensado para ofrecer transiciones suaves, r\u00e1pidas y estables, permitiendo cubrir toda la pista con facilidad.\" \/>\n<meta property=\"og:url\" content=\"https:\/\/revolutionpadelstore.com\/fr\/produit\/asics-gel-resolution-9-clay-rosa-mujer-3\/\" \/>\n<meta property=\"og:site_name\" content=\"Revolution Padel Store\" \/>\n<meta property=\"article:modified_time\" content=\"2026-04-08T07:55:08+00:00\" \/>\n<meta property=\"og:image\" content=\"https:\/\/revolutionpadelstore.com\/wp-content\/uploads\/2024\/11\/112831_zapatillas_asics_gel_resolution_9_clay_1042a224_701_mujer_1500x1500_1_ff29.webp\" \/>\n\t<meta property=\"og:image:width\" content=\"1500\" \/>\n\t<meta property=\"og:image:height\" content=\"1500\" \/>\n\t<meta property=\"og:image:type\" content=\"image\/webp\" \/>\n<meta name=\"twitter:card\" content=\"summary_large_image\" \/>\n<meta name=\"twitter:label1\" content=\"Dur\u00e9e de lecture estim\u00e9e\" \/>\n\t<meta name=\"twitter:data1\" content=\"2 minutes\" \/>\n<script type=\"application\/ld+json\" class=\"yoast-schema-graph\">{\"@context\":\"https:\\\/\\\/schema.org\",\"@graph\":[{\"@type\":\"WebPage\",\"@id\":\"https:\\\/\\\/revolutionpadelstore.com\\\/fr\\\/produit\\\/asics-gel-resolution-9-clay-rosa-mujer-3\\\/\",\"url\":\"https:\\\/\\\/revolutionpadelstore.com\\\/fr\\\/produit\\\/asics-gel-resolution-9-clay-rosa-mujer-3\\\/\",\"name\":\"ASICS GEL RESOLUTION 9 CLAY ROSA MUJER - Revolution Padel Store\",\"isPartOf\":{\"@id\":\"https:\\\/\\\/revolutionpadelstore.com\\\/fr\\\/#website\"},\"primaryImageOfPage\":{\"@id\":\"https:\\\/\\\/revolutionpadelstore.com\\\/fr\\\/produit\\\/asics-gel-resolution-9-clay-rosa-mujer-3\\\/#primaryimage\"},\"image\":{\"@id\":\"https:\\\/\\\/revolutionpadelstore.com\\\/fr\\\/produit\\\/asics-gel-resolution-9-clay-rosa-mujer-3\\\/#primaryimage\"},\"thumbnailUrl\":\"https:\\\/\\\/revolutionpadelstore.com\\\/wp-content\\\/uploads\\\/2024\\\/11\\\/112831_zapatillas_asics_gel_resolution_9_clay_1042a224_701_mujer_1500x1500_1_ff29.webp\",\"datePublished\":\"2024-11-28T19:45:56+00:00\",\"dateModified\":\"2026-04-08T07:55:08+00:00\",\"description\":\"Las zapatillas Gel Resolution 9 Clay de Asics est\u00e1n dise\u00f1adas para mujeres activas que buscan un calzado c\u00f3modo, ligero y con excelente sujeci\u00f3n, estabilidad y amortiguaci\u00f3n. Este modelo est\u00e1 pensado para ofrecer transiciones suaves, r\u00e1pidas y estables, permitiendo cubrir toda la pista con facilidad.\",\"breadcrumb\":{\"@id\":\"https:\\\/\\\/revolutionpadelstore.com\\\/fr\\\/produit\\\/asics-gel-resolution-9-clay-rosa-mujer-3\\\/#breadcrumb\"},\"inLanguage\":\"fr-FR\",\"potentialAction\":[{\"@type\":\"ReadAction\",\"target\":[\"https:\\\/\\\/revolutionpadelstore.com\\\/fr\\\/produit\\\/asics-gel-resolution-9-clay-rosa-mujer-3\\\/\"]}]},{\"@type\":\"ImageObject\",\"inLanguage\":\"fr-FR\",\"@id\":\"https:\\\/\\\/revolutionpadelstore.com\\\/fr\\\/produit\\\/asics-gel-resolution-9-clay-rosa-mujer-3\\\/#primaryimage\",\"url\":\"https:\\\/\\\/revolutionpadelstore.com\\\/wp-content\\\/uploads\\\/2024\\\/11\\\/112831_zapatillas_asics_gel_resolution_9_clay_1042a224_701_mujer_1500x1500_1_ff29.webp\",\"contentUrl\":\"https:\\\/\\\/revolutionpadelstore.com\\\/wp-content\\\/uploads\\\/2024\\\/11\\\/112831_zapatillas_asics_gel_resolution_9_clay_1042a224_701_mujer_1500x1500_1_ff29.webp\",\"width\":1500,\"height\":1500},{\"@type\":\"BreadcrumbList\",\"@id\":\"https:\\\/\\\/revolutionpadelstore.com\\\/fr\\\/produit\\\/asics-gel-resolution-9-clay-rosa-mujer-3\\\/#breadcrumb\",\"itemListElement\":[{\"@type\":\"ListItem\",\"position\":1,\"name\":\"Portada\",\"item\":\"https:\\\/\\\/revolutionpadelstore.com\\\/fr\\\/\"},{\"@type\":\"ListItem\",\"position\":2,\"name\":\"Boutique\",\"item\":\"https:\\\/\\\/revolutionpadelstore.com\\\/fr\\\/tienda\\\/\"},{\"@type\":\"ListItem\",\"position\":3,\"name\":\"ASICS GEL RESOLUTION 9 CLAY ROSA MUJER\"}]},{\"@type\":\"WebSite\",\"@id\":\"https:\\\/\\\/revolutionpadelstore.com\\\/fr\\\/#website\",\"url\":\"https:\\\/\\\/revolutionpadelstore.com\\\/fr\\\/\",\"name\":\"Revolution Padel Store\",\"description\":\"\",\"publisher\":{\"@id\":\"https:\\\/\\\/revolutionpadelstore.com\\\/fr\\\/#organization\"},\"potentialAction\":[{\"@type\":\"SearchAction\",\"target\":{\"@type\":\"EntryPoint\",\"urlTemplate\":\"https:\\\/\\\/revolutionpadelstore.com\\\/fr\\\/?s={search_term_string}\"},\"query-input\":{\"@type\":\"PropertyValueSpecification\",\"valueRequired\":true,\"valueName\":\"search_term_string\"}}],\"inLanguage\":\"fr-FR\"},{\"@type\":\"Organization\",\"@id\":\"https:\\\/\\\/revolutionpadelstore.com\\\/fr\\\/#organization\",\"name\":\"Revolution Padel Store\",\"url\":\"https:\\\/\\\/revolutionpadelstore.com\\\/fr\\\/\",\"logo\":{\"@type\":\"ImageObject\",\"inLanguage\":\"fr-FR\",\"@id\":\"https:\\\/\\\/revolutionpadelstore.com\\\/fr\\\/#\\\/schema\\\/logo\\\/image\\\/\",\"url\":\"https:\\\/\\\/revolutionpadelstore.com\\\/wp-content\\\/uploads\\\/2026\\\/02\\\/revolution-padel-store.jpg\",\"contentUrl\":\"https:\\\/\\\/revolutionpadelstore.com\\\/wp-content\\\/uploads\\\/2026\\\/02\\\/revolution-padel-store.jpg\",\"width\":2000,\"height\":2000,\"caption\":\"Revolution Padel Store\"},\"image\":{\"@id\":\"https:\\\/\\\/revolutionpadelstore.com\\\/fr\\\/#\\\/schema\\\/logo\\\/image\\\/\"},\"sameAs\":[\"https:\\\/\\\/www.instagram.com\\\/revolutionpadelstore\\\/\"]}]}<\/script>\n<!-- \/ Yoast SEO plugin. -->","yoast_head_json":{"title":"ASICS GEL RESOLUTION 9 CLAY ROSA MUJER - Revolution Padel Store","description":"Las zapatillas Gel Resolution 9 Clay de Asics est\u00e1n dise\u00f1adas para mujeres activas que buscan un calzado c\u00f3modo, ligero y con excelente sujeci\u00f3n, estabilidad y amortiguaci\u00f3n. Este modelo est\u00e1 pensado para ofrecer transiciones suaves, r\u00e1pidas y estables, permitiendo cubrir toda la pista con facilidad.","robots":{"index":"index","follow":"follow","max-snippet":"max-snippet:-1","max-image-preview":"max-image-preview:large","max-video-preview":"max-video-preview:-1"},"canonical":"https:\/\/revolutionpadelstore.com\/fr\/produit\/asics-gel-resolution-9-clay-rosa-mujer-3\/","og_locale":"fr_FR","og_type":"article","og_title":"ASICS GEL RESOLUTION 9 CLAY ROSA MUJER - Revolution Padel Store","og_description":"Las zapatillas Gel Resolution 9 Clay de Asics est\u00e1n dise\u00f1adas para mujeres activas que buscan un calzado c\u00f3modo, ligero y con excelente sujeci\u00f3n, estabilidad y amortiguaci\u00f3n. Este modelo est\u00e1 pensado para ofrecer transiciones suaves, r\u00e1pidas y estables, permitiendo cubrir toda la pista con facilidad.","og_url":"https:\/\/revolutionpadelstore.com\/fr\/produit\/asics-gel-resolution-9-clay-rosa-mujer-3\/","og_site_name":"Revolution Padel Store","article_modified_time":"2026-04-08T07:55:08+00:00","og_image":[{"width":1500,"height":1500,"url":"https:\/\/revolutionpadelstore.com\/wp-content\/uploads\/2024\/11\/112831_zapatillas_asics_gel_resolution_9_clay_1042a224_701_mujer_1500x1500_1_ff29.webp","type":"image\/webp"}],"twitter_card":"summary_large_image","twitter_misc":{"Dur\u00e9e de lecture estim\u00e9e":"2 minutes"},"schema":{"@context":"https:\/\/schema.org","@graph":[{"@type":"WebPage","@id":"https:\/\/revolutionpadelstore.com\/fr\/produit\/asics-gel-resolution-9-clay-rosa-mujer-3\/","url":"https:\/\/revolutionpadelstore.com\/fr\/produit\/asics-gel-resolution-9-clay-rosa-mujer-3\/","name":"ASICS GEL RESOLUTION 9 CLAY ROSA MUJER - Revolution Padel Store","isPartOf":{"@id":"https:\/\/revolutionpadelstore.com\/fr\/#website"},"primaryImageOfPage":{"@id":"https:\/\/revolutionpadelstore.com\/fr\/produit\/asics-gel-resolution-9-clay-rosa-mujer-3\/#primaryimage"},"image":{"@id":"https:\/\/revolutionpadelstore.com\/fr\/produit\/asics-gel-resolution-9-clay-rosa-mujer-3\/#primaryimage"},"thumbnailUrl":"https:\/\/revolutionpadelstore.com\/wp-content\/uploads\/2024\/11\/112831_zapatillas_asics_gel_resolution_9_clay_1042a224_701_mujer_1500x1500_1_ff29.webp","datePublished":"2024-11-28T19:45:56+00:00","dateModified":"2026-04-08T07:55:08+00:00","description":"Las zapatillas Gel Resolution 9 Clay de Asics est\u00e1n dise\u00f1adas para mujeres activas que buscan un calzado c\u00f3modo, ligero y con excelente sujeci\u00f3n, estabilidad y amortiguaci\u00f3n. Este modelo est\u00e1 pensado para ofrecer transiciones suaves, r\u00e1pidas y estables, permitiendo cubrir toda la pista con facilidad.","breadcrumb":{"@id":"https:\/\/revolutionpadelstore.com\/fr\/produit\/asics-gel-resolution-9-clay-rosa-mujer-3\/#breadcrumb"},"inLanguage":"fr-FR","potentialAction":[{"@type":"ReadAction","target":["https:\/\/revolutionpadelstore.com\/fr\/produit\/asics-gel-resolution-9-clay-rosa-mujer-3\/"]}]},{"@type":"ImageObject","inLanguage":"fr-FR","@id":"https:\/\/revolutionpadelstore.com\/fr\/produit\/asics-gel-resolution-9-clay-rosa-mujer-3\/#primaryimage","url":"https:\/\/revolutionpadelstore.com\/wp-content\/uploads\/2024\/11\/112831_zapatillas_asics_gel_resolution_9_clay_1042a224_701_mujer_1500x1500_1_ff29.webp","contentUrl":"https:\/\/revolutionpadelstore.com\/wp-content\/uploads\/2024\/11\/112831_zapatillas_asics_gel_resolution_9_clay_1042a224_701_mujer_1500x1500_1_ff29.webp","width":1500,"height":1500},{"@type":"BreadcrumbList","@id":"https:\/\/revolutionpadelstore.com\/fr\/produit\/asics-gel-resolution-9-clay-rosa-mujer-3\/#breadcrumb","itemListElement":[{"@type":"ListItem","position":1,"name":"Portada","item":"https:\/\/revolutionpadelstore.com\/fr\/"},{"@type":"ListItem","position":2,"name":"Boutique","item":"https:\/\/revolutionpadelstore.com\/fr\/tienda\/"},{"@type":"ListItem","position":3,"name":"ASICS GEL RESOLUTION 9 CLAY ROSA MUJER"}]},{"@type":"WebSite","@id":"https:\/\/revolutionpadelstore.com\/fr\/#website","url":"https:\/\/revolutionpadelstore.com\/fr\/","name":"Revolution Padel Store","description":"","publisher":{"@id":"https:\/\/revolutionpadelstore.com\/fr\/#organization"},"potentialAction":[{"@type":"SearchAction","target":{"@type":"EntryPoint","urlTemplate":"https:\/\/revolutionpadelstore.com\/fr\/?s={search_term_string}"},"query-input":{"@type":"PropertyValueSpecification","valueRequired":true,"valueName":"search_term_string"}}],"inLanguage":"fr-FR"},{"@type":"Organization","@id":"https:\/\/revolutionpadelstore.com\/fr\/#organization","name":"Revolution Padel Store","url":"https:\/\/revolutionpadelstore.com\/fr\/","logo":{"@type":"ImageObject","inLanguage":"fr-FR","@id":"https:\/\/revolutionpadelstore.com\/fr\/#\/schema\/logo\/image\/","url":"https:\/\/revolutionpadelstore.com\/wp-content\/uploads\/2026\/02\/revolution-padel-store.jpg","contentUrl":"https:\/\/revolutionpadelstore.com\/wp-content\/uploads\/2026\/02\/revolution-padel-store.jpg","width":2000,"height":2000,"caption":"Revolution Padel Store"},"image":{"@id":"https:\/\/revolutionpadelstore.com\/fr\/#\/schema\/logo\/image\/"},"sameAs":["https:\/\/www.instagram.com\/revolutionpadelstore\/"]}]}},"_links":{"self":[{"href":"https:\/\/revolutionpadelstore.com\/fr\/wp-json\/wp\/v2\/product\/130017","targetHints":{"allow":["GET"]}}],"collection":[{"href":"https:\/\/revolutionpadelstore.com\/fr\/wp-json\/wp\/v2\/product"}],"about":[{"href":"https:\/\/revolutionpadelstore.com\/fr\/wp-json\/wp\/v2\/types\/product"}],"replies":[{"embeddable":true,"href":"https:\/\/revolutionpadelstore.com\/fr\/wp-json\/wp\/v2\/comments?post=130017"}],"wp:featuredmedia":[{"embeddable":true,"href":"https:\/\/revolutionpadelstore.com\/fr\/wp-json\/wp\/v2\/media\/129981"}],"wp:attachment":[{"href":"https:\/\/revolutionpadelstore.com\/fr\/wp-json\/wp\/v2\/media?parent=130017"}],"wp:term":[{"taxonomy":"acabado","embeddable":true,"href":"https:\/\/revolutionpadelstore.com\/fr\/wp-json\/wp\/v2\/acabado?post=130017"},{"taxonomy":"balance","embeddable":true,"href":"https:\/\/revolutionpadelstore.com\/fr\/wp-json\/wp\/v2\/balance?post=130017"},{"taxonomy":"dureza","embeddable":true,"href":"https:\/\/revolutionpadelstore.com\/fr\/wp-json\/wp\/v2\/dureza?post=130017"},{"taxonomy":"forma","embeddable":true,"href":"https:\/\/revolutionpadelstore.com\/fr\/wp-json\/wp\/v2\/forma?post=130017"},{"taxonomy":"jugador","embeddable":true,"href":"https:\/\/revolutionpadelstore.com\/fr\/wp-json\/wp\/v2\/jugador?post=130017"},{"taxonomy":"marca","embeddable":true,"href":"https:\/\/revolutionpadelstore.com\/fr\/wp-json\/wp\/v2\/marca?post=130017"},{"taxonomy":"nivel-de-juego","embeddable":true,"href":"https:\/\/revolutionpadelstore.com\/fr\/wp-json\/wp\/v2\/nivel-de-juego?post=130017"},{"taxonomy":"superficie","embeddable":true,"href":"https:\/\/revolutionpadelstore.com\/fr\/wp-json\/wp\/v2\/superficie?post=130017"},{"taxonomy":"tipo-de-juego","embeddable":true,"href":"https:\/\/revolutionpadelstore.com\/fr\/wp-json\/wp\/v2\/tipo-de-juego?post=130017"},{"taxonomy":"product_brand","embeddable":true,"href":"https:\/\/revolutionpadelstore.com\/fr\/wp-json\/wp\/v2\/product_brand?post=130017"},{"taxonomy":"product_cat","embeddable":true,"href":"https:\/\/revolutionpadelstore.com\/fr\/wp-json\/wp\/v2\/product_cat?post=130017"},{"taxonomy":"product_tag","embeddable":true,"href":"https:\/\/revolutionpadelstore.com\/fr\/wp-json\/wp\/v2\/product_tag?post=130017"}],"curies":[{"name":"wp","href":"https:\/\/api.w.org\/{rel}","templated":true}]}}