{"id":129939,"date":"2024-11-28T20:38:45","date_gmt":"2024-11-28T19:38:45","guid":{"rendered":"https:\/\/revolutionpadelstore.com\/asics-gel-resolution-9-padel\/"},"modified":"2026-04-08T09:56:43","modified_gmt":"2026-04-08T07:56:43","slug":"asics-gel-resolution-9-padel-1","status":"publish","type":"product","link":"https:\/\/revolutionpadelstore.com\/fr\/produit\/asics-gel-resolution-9-padel-1\/","title":{"rendered":"ASICS GEL RESOLUTION 9 PADEL"},"content":{"rendered":"<h2> ASICS Gel-Resolution 9 Femme Padel, bonne adh\u00e9rence et polyvalence <\/h2>\n<p>Les baskets Gel Resolution 9 Padel Asics Padel \u00e0 Malva sont sp\u00e9cialement con\u00e7ues pour les athl\u00e8tes f\u00e9minines \u00e0 la recherche d&#8217;une agilit\u00e9, d&#8217;une libert\u00e9 de mouvement et d&#8217;un excellent amorti dans chaque jeu. Ils sont id\u00e9aux pour les joueurs qui pr\u00e9f\u00e8rent contr\u00f4ler le jeu du bas de la piste, offrant une grande stabilit\u00e9 et un confort.<\/p>\n<p>La semelle a une conception de f\u00eate qui offre une grande stabilit\u00e9 dans les atterrissages et est fabriqu\u00e9e avec du caoutchouc Aharplus, un mat\u00e9riau tr\u00e8s tra\u00eenant, ce qui augmente la durabilit\u00e9 des chaussures. Son motif mixte assure une prise parfaite sur diff\u00e9rentes surfaces, tandis que les points de rotation favorisent des virages plus doux, stables et s\u00fbrs.<\/p>\n<p>Gr\u00e2ce aux technologies avanc\u00e9es, Gel Resolution 9 Padel offre des performances exceptionnelles dans tous les types de surfaces. La technologie Dynawall dans la semelle interm\u00e9diaire am\u00e9liore la stabilit\u00e9 des mouvements lat\u00e9raux, ce qui vous permet de couvrir facilement les deux c\u00f4t\u00e9s de la piste. De plus, la technologie Dynawrap renforce les \u0153illets, fournissant un plus grand soutien dans les transitions rapides, tandis que le Pguard am\u00e9liore la durabilit\u00e9 de l&#8217;orteil et du talon. La partie sup\u00e9rieure et flexible gr\u00e2ce \u00e0 Dynafit et la technologie du gel dans la semelle interm\u00e9diaire, assure une absorption d&#8217;impact exceptionnelle et des pas plus doux et confortables.<\/p>\n<h2>Asics Gel-Resolution 9 Padel Mujer, buen agarre y versatilidad<\/h2>\n","protected":false},"excerpt":{"rendered":"<p>Padel Chaussures pour femmes Asics Gel R\u00e9solution 9 Padel Malva avec une semelle mixte et des points de rotation pour les virages doux et stables. Am\u00e9lioration de la traction sur diverses surfaces.<\/p>\n","protected":false},"featured_media":129903,"comment_status":"open","ping_status":"closed","template":"","meta":{"_acf_changed":false,"_joinchat":[]},"acabado":[],"balance":[],"dureza":[],"forma":[],"jugador":[1197],"marca":[1327],"nivel-de-juego":[],"superficie":[],"tipo-de-juego":[],"product_brand":[],"product_cat":[830],"product_tag":[],"class_list":{"0":"post-129939","1":"product","2":"type-product","3":"status-publish","4":"has-post-thumbnail","6":"jugador-mujer-fr","7":"marca-asics-fr","8":"product_cat-baskets","10":"first","11":"outofstock","12":"sale","13":"taxable","14":"shipping-taxable","15":"purchasable","16":"product-type-variable"},"acf":[],"yoast_head":"<!-- This site is optimized with the Yoast SEO plugin v27.4 - https:\/\/yoast.com\/product\/yoast-seo-wordpress\/ -->\n<title>ASICS GEL RESOLUTION 9 PADEL - Revolution Padel Store<\/title>\n<meta name=\"description\" content=\"Las zapatillas de p\u00e1del Gel Resolution 9 Padel de Asics en color malva est\u00e1n dise\u00f1adas especialmente para mujeres deportistas que buscan agilidad, libertad de movimiento y una excelente amortiguaci\u00f3n en cada jugada. Son ideales para jugadoras que prefieren controlar el juego desde el fondo de la pista, ofreciendo una gran estabilidad y confort.\" \/>\n<meta name=\"robots\" content=\"index, follow, max-snippet:-1, max-image-preview:large, max-video-preview:-1\" \/>\n<link rel=\"canonical\" href=\"https:\/\/revolutionpadelstore.com\/fr\/produit\/asics-gel-resolution-9-padel-1\/\" \/>\n<meta property=\"og:locale\" content=\"fr_FR\" \/>\n<meta property=\"og:type\" content=\"article\" \/>\n<meta property=\"og:title\" content=\"ASICS GEL RESOLUTION 9 PADEL - Revolution Padel Store\" \/>\n<meta property=\"og:description\" content=\"Las zapatillas de p\u00e1del Gel Resolution 9 Padel de Asics en color malva est\u00e1n dise\u00f1adas especialmente para mujeres deportistas que buscan agilidad, libertad de movimiento y una excelente amortiguaci\u00f3n en cada jugada. Son ideales para jugadoras que prefieren controlar el juego desde el fondo de la pista, ofreciendo una gran estabilidad y confort.\" \/>\n<meta property=\"og:url\" content=\"https:\/\/revolutionpadelstore.com\/fr\/produit\/asics-gel-resolution-9-padel-1\/\" \/>\n<meta property=\"og:site_name\" content=\"Revolution Padel Store\" \/>\n<meta property=\"article:modified_time\" content=\"2026-04-08T07:56:43+00:00\" \/>\n<meta property=\"og:image\" content=\"https:\/\/revolutionpadelstore.com\/wp-content\/uploads\/2024\/11\/112836_zapatillas_asics_gel_resolution_9_padel_1042a245_500_mujer_1500x1500_1_7688.webp\" \/>\n\t<meta property=\"og:image:width\" content=\"1500\" \/>\n\t<meta property=\"og:image:height\" content=\"1500\" \/>\n\t<meta property=\"og:image:type\" content=\"image\/webp\" \/>\n<meta name=\"twitter:card\" content=\"summary_large_image\" \/>\n<meta name=\"twitter:label1\" content=\"Dur\u00e9e de lecture estim\u00e9e\" \/>\n\t<meta name=\"twitter:data1\" content=\"1 minute\" \/>\n<script type=\"application\/ld+json\" class=\"yoast-schema-graph\">{\"@context\":\"https:\\\/\\\/schema.org\",\"@graph\":[{\"@type\":\"WebPage\",\"@id\":\"https:\\\/\\\/revolutionpadelstore.com\\\/fr\\\/produit\\\/asics-gel-resolution-9-padel-1\\\/\",\"url\":\"https:\\\/\\\/revolutionpadelstore.com\\\/fr\\\/produit\\\/asics-gel-resolution-9-padel-1\\\/\",\"name\":\"ASICS GEL RESOLUTION 9 PADEL - Revolution Padel Store\",\"isPartOf\":{\"@id\":\"https:\\\/\\\/revolutionpadelstore.com\\\/fr\\\/#website\"},\"primaryImageOfPage\":{\"@id\":\"https:\\\/\\\/revolutionpadelstore.com\\\/fr\\\/produit\\\/asics-gel-resolution-9-padel-1\\\/#primaryimage\"},\"image\":{\"@id\":\"https:\\\/\\\/revolutionpadelstore.com\\\/fr\\\/produit\\\/asics-gel-resolution-9-padel-1\\\/#primaryimage\"},\"thumbnailUrl\":\"https:\\\/\\\/revolutionpadelstore.com\\\/wp-content\\\/uploads\\\/2024\\\/11\\\/112836_zapatillas_asics_gel_resolution_9_padel_1042a245_500_mujer_1500x1500_1_7688.webp\",\"datePublished\":\"2024-11-28T19:38:45+00:00\",\"dateModified\":\"2026-04-08T07:56:43+00:00\",\"description\":\"Las zapatillas de p\u00e1del Gel Resolution 9 Padel de Asics en color malva est\u00e1n dise\u00f1adas especialmente para mujeres deportistas que buscan agilidad, libertad de movimiento y una excelente amortiguaci\u00f3n en cada jugada. Son ideales para jugadoras que prefieren controlar el juego desde el fondo de la pista, ofreciendo una gran estabilidad y confort.\",\"breadcrumb\":{\"@id\":\"https:\\\/\\\/revolutionpadelstore.com\\\/fr\\\/produit\\\/asics-gel-resolution-9-padel-1\\\/#breadcrumb\"},\"inLanguage\":\"fr-FR\",\"potentialAction\":[{\"@type\":\"ReadAction\",\"target\":[\"https:\\\/\\\/revolutionpadelstore.com\\\/fr\\\/produit\\\/asics-gel-resolution-9-padel-1\\\/\"]}]},{\"@type\":\"ImageObject\",\"inLanguage\":\"fr-FR\",\"@id\":\"https:\\\/\\\/revolutionpadelstore.com\\\/fr\\\/produit\\\/asics-gel-resolution-9-padel-1\\\/#primaryimage\",\"url\":\"https:\\\/\\\/revolutionpadelstore.com\\\/wp-content\\\/uploads\\\/2024\\\/11\\\/112836_zapatillas_asics_gel_resolution_9_padel_1042a245_500_mujer_1500x1500_1_7688.webp\",\"contentUrl\":\"https:\\\/\\\/revolutionpadelstore.com\\\/wp-content\\\/uploads\\\/2024\\\/11\\\/112836_zapatillas_asics_gel_resolution_9_padel_1042a245_500_mujer_1500x1500_1_7688.webp\",\"width\":1500,\"height\":1500},{\"@type\":\"BreadcrumbList\",\"@id\":\"https:\\\/\\\/revolutionpadelstore.com\\\/fr\\\/produit\\\/asics-gel-resolution-9-padel-1\\\/#breadcrumb\",\"itemListElement\":[{\"@type\":\"ListItem\",\"position\":1,\"name\":\"Portada\",\"item\":\"https:\\\/\\\/revolutionpadelstore.com\\\/fr\\\/\"},{\"@type\":\"ListItem\",\"position\":2,\"name\":\"Boutique\",\"item\":\"https:\\\/\\\/revolutionpadelstore.com\\\/fr\\\/tienda\\\/\"},{\"@type\":\"ListItem\",\"position\":3,\"name\":\"ASICS GEL RESOLUTION 9 PADEL\"}]},{\"@type\":\"WebSite\",\"@id\":\"https:\\\/\\\/revolutionpadelstore.com\\\/fr\\\/#website\",\"url\":\"https:\\\/\\\/revolutionpadelstore.com\\\/fr\\\/\",\"name\":\"Revolution Padel Store\",\"description\":\"\",\"publisher\":{\"@id\":\"https:\\\/\\\/revolutionpadelstore.com\\\/fr\\\/#organization\"},\"potentialAction\":[{\"@type\":\"SearchAction\",\"target\":{\"@type\":\"EntryPoint\",\"urlTemplate\":\"https:\\\/\\\/revolutionpadelstore.com\\\/fr\\\/?s={search_term_string}\"},\"query-input\":{\"@type\":\"PropertyValueSpecification\",\"valueRequired\":true,\"valueName\":\"search_term_string\"}}],\"inLanguage\":\"fr-FR\"},{\"@type\":\"Organization\",\"@id\":\"https:\\\/\\\/revolutionpadelstore.com\\\/fr\\\/#organization\",\"name\":\"Revolution Padel Store\",\"url\":\"https:\\\/\\\/revolutionpadelstore.com\\\/fr\\\/\",\"logo\":{\"@type\":\"ImageObject\",\"inLanguage\":\"fr-FR\",\"@id\":\"https:\\\/\\\/revolutionpadelstore.com\\\/fr\\\/#\\\/schema\\\/logo\\\/image\\\/\",\"url\":\"https:\\\/\\\/revolutionpadelstore.com\\\/wp-content\\\/uploads\\\/2026\\\/02\\\/revolution-padel-store.jpg\",\"contentUrl\":\"https:\\\/\\\/revolutionpadelstore.com\\\/wp-content\\\/uploads\\\/2026\\\/02\\\/revolution-padel-store.jpg\",\"width\":2000,\"height\":2000,\"caption\":\"Revolution Padel Store\"},\"image\":{\"@id\":\"https:\\\/\\\/revolutionpadelstore.com\\\/fr\\\/#\\\/schema\\\/logo\\\/image\\\/\"},\"sameAs\":[\"https:\\\/\\\/www.instagram.com\\\/revolutionpadelstore\\\/\"]}]}<\/script>\n<!-- \/ Yoast SEO plugin. -->","yoast_head_json":{"title":"ASICS GEL RESOLUTION 9 PADEL - Revolution Padel Store","description":"Las zapatillas de p\u00e1del Gel Resolution 9 Padel de Asics en color malva est\u00e1n dise\u00f1adas especialmente para mujeres deportistas que buscan agilidad, libertad de movimiento y una excelente amortiguaci\u00f3n en cada jugada. Son ideales para jugadoras que prefieren controlar el juego desde el fondo de la pista, ofreciendo una gran estabilidad y confort.","robots":{"index":"index","follow":"follow","max-snippet":"max-snippet:-1","max-image-preview":"max-image-preview:large","max-video-preview":"max-video-preview:-1"},"canonical":"https:\/\/revolutionpadelstore.com\/fr\/produit\/asics-gel-resolution-9-padel-1\/","og_locale":"fr_FR","og_type":"article","og_title":"ASICS GEL RESOLUTION 9 PADEL - Revolution Padel Store","og_description":"Las zapatillas de p\u00e1del Gel Resolution 9 Padel de Asics en color malva est\u00e1n dise\u00f1adas especialmente para mujeres deportistas que buscan agilidad, libertad de movimiento y una excelente amortiguaci\u00f3n en cada jugada. Son ideales para jugadoras que prefieren controlar el juego desde el fondo de la pista, ofreciendo una gran estabilidad y confort.","og_url":"https:\/\/revolutionpadelstore.com\/fr\/produit\/asics-gel-resolution-9-padel-1\/","og_site_name":"Revolution Padel Store","article_modified_time":"2026-04-08T07:56:43+00:00","og_image":[{"width":1500,"height":1500,"url":"https:\/\/revolutionpadelstore.com\/wp-content\/uploads\/2024\/11\/112836_zapatillas_asics_gel_resolution_9_padel_1042a245_500_mujer_1500x1500_1_7688.webp","type":"image\/webp"}],"twitter_card":"summary_large_image","twitter_misc":{"Dur\u00e9e de lecture estim\u00e9e":"1 minute"},"schema":{"@context":"https:\/\/schema.org","@graph":[{"@type":"WebPage","@id":"https:\/\/revolutionpadelstore.com\/fr\/produit\/asics-gel-resolution-9-padel-1\/","url":"https:\/\/revolutionpadelstore.com\/fr\/produit\/asics-gel-resolution-9-padel-1\/","name":"ASICS GEL RESOLUTION 9 PADEL - Revolution Padel Store","isPartOf":{"@id":"https:\/\/revolutionpadelstore.com\/fr\/#website"},"primaryImageOfPage":{"@id":"https:\/\/revolutionpadelstore.com\/fr\/produit\/asics-gel-resolution-9-padel-1\/#primaryimage"},"image":{"@id":"https:\/\/revolutionpadelstore.com\/fr\/produit\/asics-gel-resolution-9-padel-1\/#primaryimage"},"thumbnailUrl":"https:\/\/revolutionpadelstore.com\/wp-content\/uploads\/2024\/11\/112836_zapatillas_asics_gel_resolution_9_padel_1042a245_500_mujer_1500x1500_1_7688.webp","datePublished":"2024-11-28T19:38:45+00:00","dateModified":"2026-04-08T07:56:43+00:00","description":"Las zapatillas de p\u00e1del Gel Resolution 9 Padel de Asics en color malva est\u00e1n dise\u00f1adas especialmente para mujeres deportistas que buscan agilidad, libertad de movimiento y una excelente amortiguaci\u00f3n en cada jugada. Son ideales para jugadoras que prefieren controlar el juego desde el fondo de la pista, ofreciendo una gran estabilidad y confort.","breadcrumb":{"@id":"https:\/\/revolutionpadelstore.com\/fr\/produit\/asics-gel-resolution-9-padel-1\/#breadcrumb"},"inLanguage":"fr-FR","potentialAction":[{"@type":"ReadAction","target":["https:\/\/revolutionpadelstore.com\/fr\/produit\/asics-gel-resolution-9-padel-1\/"]}]},{"@type":"ImageObject","inLanguage":"fr-FR","@id":"https:\/\/revolutionpadelstore.com\/fr\/produit\/asics-gel-resolution-9-padel-1\/#primaryimage","url":"https:\/\/revolutionpadelstore.com\/wp-content\/uploads\/2024\/11\/112836_zapatillas_asics_gel_resolution_9_padel_1042a245_500_mujer_1500x1500_1_7688.webp","contentUrl":"https:\/\/revolutionpadelstore.com\/wp-content\/uploads\/2024\/11\/112836_zapatillas_asics_gel_resolution_9_padel_1042a245_500_mujer_1500x1500_1_7688.webp","width":1500,"height":1500},{"@type":"BreadcrumbList","@id":"https:\/\/revolutionpadelstore.com\/fr\/produit\/asics-gel-resolution-9-padel-1\/#breadcrumb","itemListElement":[{"@type":"ListItem","position":1,"name":"Portada","item":"https:\/\/revolutionpadelstore.com\/fr\/"},{"@type":"ListItem","position":2,"name":"Boutique","item":"https:\/\/revolutionpadelstore.com\/fr\/tienda\/"},{"@type":"ListItem","position":3,"name":"ASICS GEL RESOLUTION 9 PADEL"}]},{"@type":"WebSite","@id":"https:\/\/revolutionpadelstore.com\/fr\/#website","url":"https:\/\/revolutionpadelstore.com\/fr\/","name":"Revolution Padel Store","description":"","publisher":{"@id":"https:\/\/revolutionpadelstore.com\/fr\/#organization"},"potentialAction":[{"@type":"SearchAction","target":{"@type":"EntryPoint","urlTemplate":"https:\/\/revolutionpadelstore.com\/fr\/?s={search_term_string}"},"query-input":{"@type":"PropertyValueSpecification","valueRequired":true,"valueName":"search_term_string"}}],"inLanguage":"fr-FR"},{"@type":"Organization","@id":"https:\/\/revolutionpadelstore.com\/fr\/#organization","name":"Revolution Padel Store","url":"https:\/\/revolutionpadelstore.com\/fr\/","logo":{"@type":"ImageObject","inLanguage":"fr-FR","@id":"https:\/\/revolutionpadelstore.com\/fr\/#\/schema\/logo\/image\/","url":"https:\/\/revolutionpadelstore.com\/wp-content\/uploads\/2026\/02\/revolution-padel-store.jpg","contentUrl":"https:\/\/revolutionpadelstore.com\/wp-content\/uploads\/2026\/02\/revolution-padel-store.jpg","width":2000,"height":2000,"caption":"Revolution Padel Store"},"image":{"@id":"https:\/\/revolutionpadelstore.com\/fr\/#\/schema\/logo\/image\/"},"sameAs":["https:\/\/www.instagram.com\/revolutionpadelstore\/"]}]}},"_links":{"self":[{"href":"https:\/\/revolutionpadelstore.com\/fr\/wp-json\/wp\/v2\/product\/129939","targetHints":{"allow":["GET"]}}],"collection":[{"href":"https:\/\/revolutionpadelstore.com\/fr\/wp-json\/wp\/v2\/product"}],"about":[{"href":"https:\/\/revolutionpadelstore.com\/fr\/wp-json\/wp\/v2\/types\/product"}],"replies":[{"embeddable":true,"href":"https:\/\/revolutionpadelstore.com\/fr\/wp-json\/wp\/v2\/comments?post=129939"}],"wp:featuredmedia":[{"embeddable":true,"href":"https:\/\/revolutionpadelstore.com\/fr\/wp-json\/wp\/v2\/media\/129903"}],"wp:attachment":[{"href":"https:\/\/revolutionpadelstore.com\/fr\/wp-json\/wp\/v2\/media?parent=129939"}],"wp:term":[{"taxonomy":"acabado","embeddable":true,"href":"https:\/\/revolutionpadelstore.com\/fr\/wp-json\/wp\/v2\/acabado?post=129939"},{"taxonomy":"balance","embeddable":true,"href":"https:\/\/revolutionpadelstore.com\/fr\/wp-json\/wp\/v2\/balance?post=129939"},{"taxonomy":"dureza","embeddable":true,"href":"https:\/\/revolutionpadelstore.com\/fr\/wp-json\/wp\/v2\/dureza?post=129939"},{"taxonomy":"forma","embeddable":true,"href":"https:\/\/revolutionpadelstore.com\/fr\/wp-json\/wp\/v2\/forma?post=129939"},{"taxonomy":"jugador","embeddable":true,"href":"https:\/\/revolutionpadelstore.com\/fr\/wp-json\/wp\/v2\/jugador?post=129939"},{"taxonomy":"marca","embeddable":true,"href":"https:\/\/revolutionpadelstore.com\/fr\/wp-json\/wp\/v2\/marca?post=129939"},{"taxonomy":"nivel-de-juego","embeddable":true,"href":"https:\/\/revolutionpadelstore.com\/fr\/wp-json\/wp\/v2\/nivel-de-juego?post=129939"},{"taxonomy":"superficie","embeddable":true,"href":"https:\/\/revolutionpadelstore.com\/fr\/wp-json\/wp\/v2\/superficie?post=129939"},{"taxonomy":"tipo-de-juego","embeddable":true,"href":"https:\/\/revolutionpadelstore.com\/fr\/wp-json\/wp\/v2\/tipo-de-juego?post=129939"},{"taxonomy":"product_brand","embeddable":true,"href":"https:\/\/revolutionpadelstore.com\/fr\/wp-json\/wp\/v2\/product_brand?post=129939"},{"taxonomy":"product_cat","embeddable":true,"href":"https:\/\/revolutionpadelstore.com\/fr\/wp-json\/wp\/v2\/product_cat?post=129939"},{"taxonomy":"product_tag","embeddable":true,"href":"https:\/\/revolutionpadelstore.com\/fr\/wp-json\/wp\/v2\/product_tag?post=129939"}],"curies":[{"name":"wp","href":"https:\/\/api.w.org\/{rel}","templated":true}]}}