{"id":129608,"date":"2024-11-27T08:40:50","date_gmt":"2024-11-27T07:40:50","guid":{"rendered":"https:\/\/revolutionpadelstore.com\/par-munequeras-adidas-s-azul\/"},"modified":"2026-04-08T10:00:04","modified_gmt":"2026-04-08T08:00:04","slug":"par-munequeras-adidas-s-azul-3","status":"publish","type":"product","link":"https:\/\/revolutionpadelstore.com\/fr\/produit\/par-munequeras-adidas-s-azul-3\/","title":{"rendered":"PAR MU\u00d1EQUERAS ADIDAS S AZUL"},"content":{"rendered":"<h2> par adidas s bleu<br \/>\nLa paire de poup\u00e9es Adidas <strong> S <\/strong> en bleu est le compl\u00e9ment essentiel \u00e0 tout athl\u00e8te. Sa conception courte offre un ajustement confortable et ferme, <\/strong>, garantissant que la transpiration n&#8217;interf\u00e8re pas dans vos performances. Fabriqu\u00e9 avec un tissu \u00e9lastique de polyester et de coton recycl\u00e9, offrez une capacit\u00e9 \u00e9lev\u00e9e d&#8217;absorption et de l\u00e9g\u00e8ret\u00e9, vous gardant au sec \u00e0 tout moment.<\/p>\n<p>Officiers du joueur <strong> Ale Gal\u00e1n <\/strong>, ces <strong> poup\u00e9es adidas courtes <\/strong> combinent la fonctionnalit\u00e9 et le style, avec un logo argent\u00e9 brod\u00e9 sur le devant qui ajoute une touche moderne. Ils sont parfaits pour ceux qui recherchent un accessoire essentiel qui offre du confort et des performances sur la piste.<\/p>\n<h2>Par Mu\u00f1equeras Adidas S Azul<\/h2>\n","protected":false},"excerpt":{"rendered":"<p>Con\u00e7us pour s&#8217;adapter aux besoins de tout type de joueur, les bracelets Blue Adidas garment des sensations agr\u00e9ables tout au long du jeu. Ajustement \u00e9lastique<\/p>\n","protected":false},"featured_media":129585,"comment_status":"open","ping_status":"closed","template":"","meta":{"_acf_changed":false,"_joinchat":[]},"acabado":[],"balance":[],"dureza":[],"forma":[],"jugador":[],"marca":[1232],"nivel-de-juego":[],"superficie":[],"tipo-de-juego":[],"product_brand":[],"product_cat":[561],"product_tag":[],"class_list":{"0":"post-129608","1":"product","2":"type-product","3":"status-publish","4":"has-post-thumbnail","6":"marca-adidas-fr","7":"product_cat-accessoires","9":"first","10":"instock","11":"sale","12":"taxable","13":"shipping-taxable","14":"purchasable","15":"product-type-simple"},"acf":[],"yoast_head":"<!-- This site is optimized with the Yoast SEO plugin v27.4 - https:\/\/yoast.com\/product\/yoast-seo-wordpress\/ -->\n<title>PAR MU\u00d1EQUERAS ADIDAS S AZUL - Revolution Padel Store<\/title>\n<meta name=\"description\" content=\"El par de\u00a0Mu\u00f1equeras Adidas S\u00a0en azul es\u00a0el complemento imprescindible para cualquier deportista. Su dise\u00f1o corto proporciona un\u00a0ajuste c\u00f3modo y firme,\u00a0asegurando que el sudor no interfiera en tu rendimiento. Confeccionadas con tejido el\u00e1stico de poli\u00e9ster reciclado y algod\u00f3n, brindan una alta capacidad de absorci\u00f3n y ligereza, manteni\u00e9ndote seco\u00a0en todo momento.\" \/>\n<meta name=\"robots\" content=\"index, follow, max-snippet:-1, max-image-preview:large, max-video-preview:-1\" \/>\n<link rel=\"canonical\" href=\"https:\/\/revolutionpadelstore.com\/fr\/produit\/par-munequeras-adidas-s-azul-3\/\" \/>\n<meta property=\"og:locale\" content=\"fr_FR\" \/>\n<meta property=\"og:type\" content=\"article\" \/>\n<meta property=\"og:title\" content=\"PAR MU\u00d1EQUERAS ADIDAS S AZUL - Revolution Padel Store\" \/>\n<meta property=\"og:description\" content=\"El par de\u00a0Mu\u00f1equeras Adidas S\u00a0en azul es\u00a0el complemento imprescindible para cualquier deportista. Su dise\u00f1o corto proporciona un\u00a0ajuste c\u00f3modo y firme,\u00a0asegurando que el sudor no interfiera en tu rendimiento. Confeccionadas con tejido el\u00e1stico de poli\u00e9ster reciclado y algod\u00f3n, brindan una alta capacidad de absorci\u00f3n y ligereza, manteni\u00e9ndote seco\u00a0en todo momento.\" \/>\n<meta property=\"og:url\" content=\"https:\/\/revolutionpadelstore.com\/fr\/produit\/par-munequeras-adidas-s-azul-3\/\" \/>\n<meta property=\"og:site_name\" content=\"Revolution Padel Store\" \/>\n<meta property=\"article:modified_time\" content=\"2026-04-08T08:00:04+00:00\" \/>\n<meta property=\"og:image\" content=\"https:\/\/revolutionpadelstore.com\/wp-content\/uploads\/2024\/11\/32350_par_munequera_adidas_s_aa4wc2s49_1500x1500_1_4257.webp\" \/>\n\t<meta property=\"og:image:width\" content=\"1500\" \/>\n\t<meta property=\"og:image:height\" content=\"1500\" \/>\n\t<meta property=\"og:image:type\" content=\"image\/webp\" \/>\n<meta name=\"twitter:card\" content=\"summary_large_image\" \/>\n<meta name=\"twitter:label1\" content=\"Dur\u00e9e de lecture estim\u00e9e\" \/>\n\t<meta name=\"twitter:data1\" content=\"1 minute\" \/>\n<script type=\"application\/ld+json\" class=\"yoast-schema-graph\">{\"@context\":\"https:\\\/\\\/schema.org\",\"@graph\":[{\"@type\":\"WebPage\",\"@id\":\"https:\\\/\\\/revolutionpadelstore.com\\\/fr\\\/produit\\\/par-munequeras-adidas-s-azul-3\\\/\",\"url\":\"https:\\\/\\\/revolutionpadelstore.com\\\/fr\\\/produit\\\/par-munequeras-adidas-s-azul-3\\\/\",\"name\":\"PAR MU\u00d1EQUERAS ADIDAS S AZUL - Revolution Padel Store\",\"isPartOf\":{\"@id\":\"https:\\\/\\\/revolutionpadelstore.com\\\/fr\\\/#website\"},\"primaryImageOfPage\":{\"@id\":\"https:\\\/\\\/revolutionpadelstore.com\\\/fr\\\/produit\\\/par-munequeras-adidas-s-azul-3\\\/#primaryimage\"},\"image\":{\"@id\":\"https:\\\/\\\/revolutionpadelstore.com\\\/fr\\\/produit\\\/par-munequeras-adidas-s-azul-3\\\/#primaryimage\"},\"thumbnailUrl\":\"https:\\\/\\\/revolutionpadelstore.com\\\/wp-content\\\/uploads\\\/2024\\\/11\\\/32350_par_munequera_adidas_s_aa4wc2s49_1500x1500_1_4257.webp\",\"datePublished\":\"2024-11-27T07:40:50+00:00\",\"dateModified\":\"2026-04-08T08:00:04+00:00\",\"description\":\"El par de\u00a0Mu\u00f1equeras Adidas S\u00a0en azul es\u00a0el complemento imprescindible para cualquier deportista. Su dise\u00f1o corto proporciona un\u00a0ajuste c\u00f3modo y firme,\u00a0asegurando que el sudor no interfiera en tu rendimiento. Confeccionadas con tejido el\u00e1stico de poli\u00e9ster reciclado y algod\u00f3n, brindan una alta capacidad de absorci\u00f3n y ligereza, manteni\u00e9ndote seco\u00a0en todo momento.\",\"breadcrumb\":{\"@id\":\"https:\\\/\\\/revolutionpadelstore.com\\\/fr\\\/produit\\\/par-munequeras-adidas-s-azul-3\\\/#breadcrumb\"},\"inLanguage\":\"fr-FR\",\"potentialAction\":[{\"@type\":\"ReadAction\",\"target\":[\"https:\\\/\\\/revolutionpadelstore.com\\\/fr\\\/produit\\\/par-munequeras-adidas-s-azul-3\\\/\"]}]},{\"@type\":\"ImageObject\",\"inLanguage\":\"fr-FR\",\"@id\":\"https:\\\/\\\/revolutionpadelstore.com\\\/fr\\\/produit\\\/par-munequeras-adidas-s-azul-3\\\/#primaryimage\",\"url\":\"https:\\\/\\\/revolutionpadelstore.com\\\/wp-content\\\/uploads\\\/2024\\\/11\\\/32350_par_munequera_adidas_s_aa4wc2s49_1500x1500_1_4257.webp\",\"contentUrl\":\"https:\\\/\\\/revolutionpadelstore.com\\\/wp-content\\\/uploads\\\/2024\\\/11\\\/32350_par_munequera_adidas_s_aa4wc2s49_1500x1500_1_4257.webp\",\"width\":1500,\"height\":1500},{\"@type\":\"BreadcrumbList\",\"@id\":\"https:\\\/\\\/revolutionpadelstore.com\\\/fr\\\/produit\\\/par-munequeras-adidas-s-azul-3\\\/#breadcrumb\",\"itemListElement\":[{\"@type\":\"ListItem\",\"position\":1,\"name\":\"Portada\",\"item\":\"https:\\\/\\\/revolutionpadelstore.com\\\/fr\\\/\"},{\"@type\":\"ListItem\",\"position\":2,\"name\":\"Boutique\",\"item\":\"https:\\\/\\\/revolutionpadelstore.com\\\/fr\\\/tienda\\\/\"},{\"@type\":\"ListItem\",\"position\":3,\"name\":\"PAR MU\u00d1EQUERAS ADIDAS S AZUL\"}]},{\"@type\":\"WebSite\",\"@id\":\"https:\\\/\\\/revolutionpadelstore.com\\\/fr\\\/#website\",\"url\":\"https:\\\/\\\/revolutionpadelstore.com\\\/fr\\\/\",\"name\":\"Revolution Padel Store\",\"description\":\"\",\"publisher\":{\"@id\":\"https:\\\/\\\/revolutionpadelstore.com\\\/fr\\\/#organization\"},\"potentialAction\":[{\"@type\":\"SearchAction\",\"target\":{\"@type\":\"EntryPoint\",\"urlTemplate\":\"https:\\\/\\\/revolutionpadelstore.com\\\/fr\\\/?s={search_term_string}\"},\"query-input\":{\"@type\":\"PropertyValueSpecification\",\"valueRequired\":true,\"valueName\":\"search_term_string\"}}],\"inLanguage\":\"fr-FR\"},{\"@type\":\"Organization\",\"@id\":\"https:\\\/\\\/revolutionpadelstore.com\\\/fr\\\/#organization\",\"name\":\"Revolution Padel Store\",\"url\":\"https:\\\/\\\/revolutionpadelstore.com\\\/fr\\\/\",\"logo\":{\"@type\":\"ImageObject\",\"inLanguage\":\"fr-FR\",\"@id\":\"https:\\\/\\\/revolutionpadelstore.com\\\/fr\\\/#\\\/schema\\\/logo\\\/image\\\/\",\"url\":\"https:\\\/\\\/revolutionpadelstore.com\\\/wp-content\\\/uploads\\\/2026\\\/02\\\/revolution-padel-store.jpg\",\"contentUrl\":\"https:\\\/\\\/revolutionpadelstore.com\\\/wp-content\\\/uploads\\\/2026\\\/02\\\/revolution-padel-store.jpg\",\"width\":2000,\"height\":2000,\"caption\":\"Revolution Padel Store\"},\"image\":{\"@id\":\"https:\\\/\\\/revolutionpadelstore.com\\\/fr\\\/#\\\/schema\\\/logo\\\/image\\\/\"},\"sameAs\":[\"https:\\\/\\\/www.instagram.com\\\/revolutionpadelstore\\\/\"]}]}<\/script>\n<!-- \/ Yoast SEO plugin. -->","yoast_head_json":{"title":"PAR MU\u00d1EQUERAS ADIDAS S AZUL - Revolution Padel Store","description":"El par de\u00a0Mu\u00f1equeras Adidas S\u00a0en azul es\u00a0el complemento imprescindible para cualquier deportista. Su dise\u00f1o corto proporciona un\u00a0ajuste c\u00f3modo y firme,\u00a0asegurando que el sudor no interfiera en tu rendimiento. Confeccionadas con tejido el\u00e1stico de poli\u00e9ster reciclado y algod\u00f3n, brindan una alta capacidad de absorci\u00f3n y ligereza, manteni\u00e9ndote seco\u00a0en todo momento.","robots":{"index":"index","follow":"follow","max-snippet":"max-snippet:-1","max-image-preview":"max-image-preview:large","max-video-preview":"max-video-preview:-1"},"canonical":"https:\/\/revolutionpadelstore.com\/fr\/produit\/par-munequeras-adidas-s-azul-3\/","og_locale":"fr_FR","og_type":"article","og_title":"PAR MU\u00d1EQUERAS ADIDAS S AZUL - Revolution Padel Store","og_description":"El par de\u00a0Mu\u00f1equeras Adidas S\u00a0en azul es\u00a0el complemento imprescindible para cualquier deportista. Su dise\u00f1o corto proporciona un\u00a0ajuste c\u00f3modo y firme,\u00a0asegurando que el sudor no interfiera en tu rendimiento. Confeccionadas con tejido el\u00e1stico de poli\u00e9ster reciclado y algod\u00f3n, brindan una alta capacidad de absorci\u00f3n y ligereza, manteni\u00e9ndote seco\u00a0en todo momento.","og_url":"https:\/\/revolutionpadelstore.com\/fr\/produit\/par-munequeras-adidas-s-azul-3\/","og_site_name":"Revolution Padel Store","article_modified_time":"2026-04-08T08:00:04+00:00","og_image":[{"width":1500,"height":1500,"url":"https:\/\/revolutionpadelstore.com\/wp-content\/uploads\/2024\/11\/32350_par_munequera_adidas_s_aa4wc2s49_1500x1500_1_4257.webp","type":"image\/webp"}],"twitter_card":"summary_large_image","twitter_misc":{"Dur\u00e9e de lecture estim\u00e9e":"1 minute"},"schema":{"@context":"https:\/\/schema.org","@graph":[{"@type":"WebPage","@id":"https:\/\/revolutionpadelstore.com\/fr\/produit\/par-munequeras-adidas-s-azul-3\/","url":"https:\/\/revolutionpadelstore.com\/fr\/produit\/par-munequeras-adidas-s-azul-3\/","name":"PAR MU\u00d1EQUERAS ADIDAS S AZUL - Revolution Padel Store","isPartOf":{"@id":"https:\/\/revolutionpadelstore.com\/fr\/#website"},"primaryImageOfPage":{"@id":"https:\/\/revolutionpadelstore.com\/fr\/produit\/par-munequeras-adidas-s-azul-3\/#primaryimage"},"image":{"@id":"https:\/\/revolutionpadelstore.com\/fr\/produit\/par-munequeras-adidas-s-azul-3\/#primaryimage"},"thumbnailUrl":"https:\/\/revolutionpadelstore.com\/wp-content\/uploads\/2024\/11\/32350_par_munequera_adidas_s_aa4wc2s49_1500x1500_1_4257.webp","datePublished":"2024-11-27T07:40:50+00:00","dateModified":"2026-04-08T08:00:04+00:00","description":"El par de\u00a0Mu\u00f1equeras Adidas S\u00a0en azul es\u00a0el complemento imprescindible para cualquier deportista. Su dise\u00f1o corto proporciona un\u00a0ajuste c\u00f3modo y firme,\u00a0asegurando que el sudor no interfiera en tu rendimiento. Confeccionadas con tejido el\u00e1stico de poli\u00e9ster reciclado y algod\u00f3n, brindan una alta capacidad de absorci\u00f3n y ligereza, manteni\u00e9ndote seco\u00a0en todo momento.","breadcrumb":{"@id":"https:\/\/revolutionpadelstore.com\/fr\/produit\/par-munequeras-adidas-s-azul-3\/#breadcrumb"},"inLanguage":"fr-FR","potentialAction":[{"@type":"ReadAction","target":["https:\/\/revolutionpadelstore.com\/fr\/produit\/par-munequeras-adidas-s-azul-3\/"]}]},{"@type":"ImageObject","inLanguage":"fr-FR","@id":"https:\/\/revolutionpadelstore.com\/fr\/produit\/par-munequeras-adidas-s-azul-3\/#primaryimage","url":"https:\/\/revolutionpadelstore.com\/wp-content\/uploads\/2024\/11\/32350_par_munequera_adidas_s_aa4wc2s49_1500x1500_1_4257.webp","contentUrl":"https:\/\/revolutionpadelstore.com\/wp-content\/uploads\/2024\/11\/32350_par_munequera_adidas_s_aa4wc2s49_1500x1500_1_4257.webp","width":1500,"height":1500},{"@type":"BreadcrumbList","@id":"https:\/\/revolutionpadelstore.com\/fr\/produit\/par-munequeras-adidas-s-azul-3\/#breadcrumb","itemListElement":[{"@type":"ListItem","position":1,"name":"Portada","item":"https:\/\/revolutionpadelstore.com\/fr\/"},{"@type":"ListItem","position":2,"name":"Boutique","item":"https:\/\/revolutionpadelstore.com\/fr\/tienda\/"},{"@type":"ListItem","position":3,"name":"PAR MU\u00d1EQUERAS ADIDAS S AZUL"}]},{"@type":"WebSite","@id":"https:\/\/revolutionpadelstore.com\/fr\/#website","url":"https:\/\/revolutionpadelstore.com\/fr\/","name":"Revolution Padel Store","description":"","publisher":{"@id":"https:\/\/revolutionpadelstore.com\/fr\/#organization"},"potentialAction":[{"@type":"SearchAction","target":{"@type":"EntryPoint","urlTemplate":"https:\/\/revolutionpadelstore.com\/fr\/?s={search_term_string}"},"query-input":{"@type":"PropertyValueSpecification","valueRequired":true,"valueName":"search_term_string"}}],"inLanguage":"fr-FR"},{"@type":"Organization","@id":"https:\/\/revolutionpadelstore.com\/fr\/#organization","name":"Revolution Padel Store","url":"https:\/\/revolutionpadelstore.com\/fr\/","logo":{"@type":"ImageObject","inLanguage":"fr-FR","@id":"https:\/\/revolutionpadelstore.com\/fr\/#\/schema\/logo\/image\/","url":"https:\/\/revolutionpadelstore.com\/wp-content\/uploads\/2026\/02\/revolution-padel-store.jpg","contentUrl":"https:\/\/revolutionpadelstore.com\/wp-content\/uploads\/2026\/02\/revolution-padel-store.jpg","width":2000,"height":2000,"caption":"Revolution Padel Store"},"image":{"@id":"https:\/\/revolutionpadelstore.com\/fr\/#\/schema\/logo\/image\/"},"sameAs":["https:\/\/www.instagram.com\/revolutionpadelstore\/"]}]}},"_links":{"self":[{"href":"https:\/\/revolutionpadelstore.com\/fr\/wp-json\/wp\/v2\/product\/129608","targetHints":{"allow":["GET"]}}],"collection":[{"href":"https:\/\/revolutionpadelstore.com\/fr\/wp-json\/wp\/v2\/product"}],"about":[{"href":"https:\/\/revolutionpadelstore.com\/fr\/wp-json\/wp\/v2\/types\/product"}],"replies":[{"embeddable":true,"href":"https:\/\/revolutionpadelstore.com\/fr\/wp-json\/wp\/v2\/comments?post=129608"}],"wp:featuredmedia":[{"embeddable":true,"href":"https:\/\/revolutionpadelstore.com\/fr\/wp-json\/wp\/v2\/media\/129585"}],"wp:attachment":[{"href":"https:\/\/revolutionpadelstore.com\/fr\/wp-json\/wp\/v2\/media?parent=129608"}],"wp:term":[{"taxonomy":"acabado","embeddable":true,"href":"https:\/\/revolutionpadelstore.com\/fr\/wp-json\/wp\/v2\/acabado?post=129608"},{"taxonomy":"balance","embeddable":true,"href":"https:\/\/revolutionpadelstore.com\/fr\/wp-json\/wp\/v2\/balance?post=129608"},{"taxonomy":"dureza","embeddable":true,"href":"https:\/\/revolutionpadelstore.com\/fr\/wp-json\/wp\/v2\/dureza?post=129608"},{"taxonomy":"forma","embeddable":true,"href":"https:\/\/revolutionpadelstore.com\/fr\/wp-json\/wp\/v2\/forma?post=129608"},{"taxonomy":"jugador","embeddable":true,"href":"https:\/\/revolutionpadelstore.com\/fr\/wp-json\/wp\/v2\/jugador?post=129608"},{"taxonomy":"marca","embeddable":true,"href":"https:\/\/revolutionpadelstore.com\/fr\/wp-json\/wp\/v2\/marca?post=129608"},{"taxonomy":"nivel-de-juego","embeddable":true,"href":"https:\/\/revolutionpadelstore.com\/fr\/wp-json\/wp\/v2\/nivel-de-juego?post=129608"},{"taxonomy":"superficie","embeddable":true,"href":"https:\/\/revolutionpadelstore.com\/fr\/wp-json\/wp\/v2\/superficie?post=129608"},{"taxonomy":"tipo-de-juego","embeddable":true,"href":"https:\/\/revolutionpadelstore.com\/fr\/wp-json\/wp\/v2\/tipo-de-juego?post=129608"},{"taxonomy":"product_brand","embeddable":true,"href":"https:\/\/revolutionpadelstore.com\/fr\/wp-json\/wp\/v2\/product_brand?post=129608"},{"taxonomy":"product_cat","embeddable":true,"href":"https:\/\/revolutionpadelstore.com\/fr\/wp-json\/wp\/v2\/product_cat?post=129608"},{"taxonomy":"product_tag","embeddable":true,"href":"https:\/\/revolutionpadelstore.com\/fr\/wp-json\/wp\/v2\/product_tag?post=129608"}],"curies":[{"name":"wp","href":"https:\/\/api.w.org\/{rel}","templated":true}]}}