{"id":129553,"date":"2024-11-27T08:31:01","date_gmt":"2024-11-27T07:31:01","guid":{"rendered":"https:\/\/revolutionpadelstore.com\/par-munequera-adidas-largas-blanco\/"},"modified":"2026-04-08T10:01:05","modified_gmt":"2026-04-08T08:01:05","slug":"par-munequera-adidas-largas-blanco-3","status":"publish","type":"product","link":"https:\/\/revolutionpadelstore.com\/fr\/produit\/par-munequera-adidas-largas-blanco-3\/","title":{"rendered":"PAR MU\u00d1EQUERA ADIDAS LARGAS BLANCO"},"content":{"rendered":"<p>Tar <\/p>\n<h2>\n<strong> Target adidas Largas Blanco <\/strong>, combinez le confort et le style. Ils sont fabriqu\u00e9s avec 74% de polyester recycl\u00e9, 23% de coton et 3% d&#8217;\u00e9lastan, qui fournit un r\u00e9glage flexible et doux <\/strong>. Le logo de broderie adidas sur le noir sur le fond blanc ajoute une touche distinctive \u00e0 cet accessoire essentiel pour toute activit\u00e9 sportive.<\/p>\n<p>Sa conception permet \u00e0 <strong> d&#8217;absorber efficacement la sueur <\/strong>, en gardant vos mains s\u00e8ches pendant l&#8217;exercice. Que ce soit pour des sports intenses ou pour un look d\u00e9contract\u00e9, ces longues poup\u00e9es adidas sont parfaites pour compl\u00e9ter votre tenue avec une touche de fonctionnalit\u00e9 et de style.<\/p>\n<h2>Par Mu\u00f1equera Adidas Largas Blanco<\/h2>\n","protected":false},"excerpt":{"rendered":"<p>Les longs bracelets d&#8217;Adidas, en polyester, coton et \u00e9lastan recycl\u00e9, offrent du confort, de l&#8217;absorption de la transpiration et un style sportif avec le logo brod\u00e9, parfait pour toute activit\u00e9 physique.<\/p>\n","protected":false},"featured_media":129530,"comment_status":"open","ping_status":"closed","template":"","meta":{"_acf_changed":false,"_joinchat":[]},"acabado":[],"balance":[],"dureza":[],"forma":[],"jugador":[],"marca":[1232],"nivel-de-juego":[],"superficie":[],"tipo-de-juego":[],"product_brand":[],"product_cat":[561],"product_tag":[],"class_list":{"0":"post-129553","1":"product","2":"type-product","3":"status-publish","4":"has-post-thumbnail","6":"marca-adidas-fr","7":"product_cat-accessoires","9":"first","10":"instock","11":"sale","12":"taxable","13":"shipping-taxable","14":"purchasable","15":"product-type-simple"},"acf":[],"yoast_head":"<!-- This site is optimized with the Yoast SEO plugin v27.4 - https:\/\/yoast.com\/product\/yoast-seo-wordpress\/ -->\n<title>PAR MU\u00d1EQUERA ADIDAS LARGAS BLANCO - Revolution Padel Store<\/title>\n<meta name=\"description\" content=\"Par Mu\u00f1equera Adidas Largas Blanco, combinan comodidad y estilo. Est\u00e1n confeccionadas con un 74% de poli\u00e9ster reciclado, 23% de algod\u00f3n y 3% de elast\u00e1n, lo que proporciona un\u00a0ajuste flexible y suave. El logotipo bordado de Adidas en color negro sobre el fondo blanco a\u00f1ade un toque distintivo a este accesorio esencial para cualquier actividad deportiva.\u00a0\" \/>\n<meta name=\"robots\" content=\"index, follow, max-snippet:-1, max-image-preview:large, max-video-preview:-1\" \/>\n<link rel=\"canonical\" href=\"https:\/\/revolutionpadelstore.com\/fr\/produit\/par-munequera-adidas-largas-blanco-3\/\" \/>\n<meta property=\"og:locale\" content=\"fr_FR\" \/>\n<meta property=\"og:type\" content=\"article\" \/>\n<meta property=\"og:title\" content=\"PAR MU\u00d1EQUERA ADIDAS LARGAS BLANCO - Revolution Padel Store\" \/>\n<meta property=\"og:description\" content=\"Par Mu\u00f1equera Adidas Largas Blanco, combinan comodidad y estilo. Est\u00e1n confeccionadas con un 74% de poli\u00e9ster reciclado, 23% de algod\u00f3n y 3% de elast\u00e1n, lo que proporciona un\u00a0ajuste flexible y suave. El logotipo bordado de Adidas en color negro sobre el fondo blanco a\u00f1ade un toque distintivo a este accesorio esencial para cualquier actividad deportiva.\u00a0\" \/>\n<meta property=\"og:url\" content=\"https:\/\/revolutionpadelstore.com\/fr\/produit\/par-munequera-adidas-largas-blanco-3\/\" \/>\n<meta property=\"og:site_name\" content=\"Revolution Padel Store\" \/>\n<meta property=\"article:modified_time\" content=\"2026-04-08T08:01:05+00:00\" \/>\n<meta property=\"og:image\" content=\"https:\/\/revolutionpadelstore.com\/wp-content\/uploads\/2024\/11\/32351_par_munequera_adidas_l_aa4wb0s48_1500x1500_1_fbce.webp\" \/>\n\t<meta property=\"og:image:width\" content=\"1500\" \/>\n\t<meta property=\"og:image:height\" content=\"1500\" \/>\n\t<meta property=\"og:image:type\" content=\"image\/webp\" \/>\n<meta name=\"twitter:card\" content=\"summary_large_image\" \/>\n<meta name=\"twitter:label1\" content=\"Dur\u00e9e de lecture estim\u00e9e\" \/>\n\t<meta name=\"twitter:data1\" content=\"1 minute\" \/>\n<script type=\"application\/ld+json\" class=\"yoast-schema-graph\">{\"@context\":\"https:\\\/\\\/schema.org\",\"@graph\":[{\"@type\":\"WebPage\",\"@id\":\"https:\\\/\\\/revolutionpadelstore.com\\\/fr\\\/produit\\\/par-munequera-adidas-largas-blanco-3\\\/\",\"url\":\"https:\\\/\\\/revolutionpadelstore.com\\\/fr\\\/produit\\\/par-munequera-adidas-largas-blanco-3\\\/\",\"name\":\"PAR MU\u00d1EQUERA ADIDAS LARGAS BLANCO - Revolution Padel Store\",\"isPartOf\":{\"@id\":\"https:\\\/\\\/revolutionpadelstore.com\\\/fr\\\/#website\"},\"primaryImageOfPage\":{\"@id\":\"https:\\\/\\\/revolutionpadelstore.com\\\/fr\\\/produit\\\/par-munequera-adidas-largas-blanco-3\\\/#primaryimage\"},\"image\":{\"@id\":\"https:\\\/\\\/revolutionpadelstore.com\\\/fr\\\/produit\\\/par-munequera-adidas-largas-blanco-3\\\/#primaryimage\"},\"thumbnailUrl\":\"https:\\\/\\\/revolutionpadelstore.com\\\/wp-content\\\/uploads\\\/2024\\\/11\\\/32351_par_munequera_adidas_l_aa4wb0s48_1500x1500_1_fbce.webp\",\"datePublished\":\"2024-11-27T07:31:01+00:00\",\"dateModified\":\"2026-04-08T08:01:05+00:00\",\"description\":\"Par Mu\u00f1equera Adidas Largas Blanco, combinan comodidad y estilo. Est\u00e1n confeccionadas con un 74% de poli\u00e9ster reciclado, 23% de algod\u00f3n y 3% de elast\u00e1n, lo que proporciona un\u00a0ajuste flexible y suave. El logotipo bordado de Adidas en color negro sobre el fondo blanco a\u00f1ade un toque distintivo a este accesorio esencial para cualquier actividad deportiva.\u00a0\",\"breadcrumb\":{\"@id\":\"https:\\\/\\\/revolutionpadelstore.com\\\/fr\\\/produit\\\/par-munequera-adidas-largas-blanco-3\\\/#breadcrumb\"},\"inLanguage\":\"fr-FR\",\"potentialAction\":[{\"@type\":\"ReadAction\",\"target\":[\"https:\\\/\\\/revolutionpadelstore.com\\\/fr\\\/produit\\\/par-munequera-adidas-largas-blanco-3\\\/\"]}]},{\"@type\":\"ImageObject\",\"inLanguage\":\"fr-FR\",\"@id\":\"https:\\\/\\\/revolutionpadelstore.com\\\/fr\\\/produit\\\/par-munequera-adidas-largas-blanco-3\\\/#primaryimage\",\"url\":\"https:\\\/\\\/revolutionpadelstore.com\\\/wp-content\\\/uploads\\\/2024\\\/11\\\/32351_par_munequera_adidas_l_aa4wb0s48_1500x1500_1_fbce.webp\",\"contentUrl\":\"https:\\\/\\\/revolutionpadelstore.com\\\/wp-content\\\/uploads\\\/2024\\\/11\\\/32351_par_munequera_adidas_l_aa4wb0s48_1500x1500_1_fbce.webp\",\"width\":1500,\"height\":1500},{\"@type\":\"BreadcrumbList\",\"@id\":\"https:\\\/\\\/revolutionpadelstore.com\\\/fr\\\/produit\\\/par-munequera-adidas-largas-blanco-3\\\/#breadcrumb\",\"itemListElement\":[{\"@type\":\"ListItem\",\"position\":1,\"name\":\"Portada\",\"item\":\"https:\\\/\\\/revolutionpadelstore.com\\\/fr\\\/\"},{\"@type\":\"ListItem\",\"position\":2,\"name\":\"Boutique\",\"item\":\"https:\\\/\\\/revolutionpadelstore.com\\\/fr\\\/tienda\\\/\"},{\"@type\":\"ListItem\",\"position\":3,\"name\":\"PAR MU\u00d1EQUERA ADIDAS LARGAS BLANCO\"}]},{\"@type\":\"WebSite\",\"@id\":\"https:\\\/\\\/revolutionpadelstore.com\\\/fr\\\/#website\",\"url\":\"https:\\\/\\\/revolutionpadelstore.com\\\/fr\\\/\",\"name\":\"Revolution Padel Store\",\"description\":\"\",\"publisher\":{\"@id\":\"https:\\\/\\\/revolutionpadelstore.com\\\/fr\\\/#organization\"},\"potentialAction\":[{\"@type\":\"SearchAction\",\"target\":{\"@type\":\"EntryPoint\",\"urlTemplate\":\"https:\\\/\\\/revolutionpadelstore.com\\\/fr\\\/?s={search_term_string}\"},\"query-input\":{\"@type\":\"PropertyValueSpecification\",\"valueRequired\":true,\"valueName\":\"search_term_string\"}}],\"inLanguage\":\"fr-FR\"},{\"@type\":\"Organization\",\"@id\":\"https:\\\/\\\/revolutionpadelstore.com\\\/fr\\\/#organization\",\"name\":\"Revolution Padel Store\",\"url\":\"https:\\\/\\\/revolutionpadelstore.com\\\/fr\\\/\",\"logo\":{\"@type\":\"ImageObject\",\"inLanguage\":\"fr-FR\",\"@id\":\"https:\\\/\\\/revolutionpadelstore.com\\\/fr\\\/#\\\/schema\\\/logo\\\/image\\\/\",\"url\":\"https:\\\/\\\/revolutionpadelstore.com\\\/wp-content\\\/uploads\\\/2026\\\/02\\\/revolution-padel-store.jpg\",\"contentUrl\":\"https:\\\/\\\/revolutionpadelstore.com\\\/wp-content\\\/uploads\\\/2026\\\/02\\\/revolution-padel-store.jpg\",\"width\":2000,\"height\":2000,\"caption\":\"Revolution Padel Store\"},\"image\":{\"@id\":\"https:\\\/\\\/revolutionpadelstore.com\\\/fr\\\/#\\\/schema\\\/logo\\\/image\\\/\"},\"sameAs\":[\"https:\\\/\\\/www.instagram.com\\\/revolutionpadelstore\\\/\"]}]}<\/script>\n<!-- \/ Yoast SEO plugin. -->","yoast_head_json":{"title":"PAR MU\u00d1EQUERA ADIDAS LARGAS BLANCO - Revolution Padel Store","description":"Par Mu\u00f1equera Adidas Largas Blanco, combinan comodidad y estilo. Est\u00e1n confeccionadas con un 74% de poli\u00e9ster reciclado, 23% de algod\u00f3n y 3% de elast\u00e1n, lo que proporciona un\u00a0ajuste flexible y suave. El logotipo bordado de Adidas en color negro sobre el fondo blanco a\u00f1ade un toque distintivo a este accesorio esencial para cualquier actividad deportiva.\u00a0","robots":{"index":"index","follow":"follow","max-snippet":"max-snippet:-1","max-image-preview":"max-image-preview:large","max-video-preview":"max-video-preview:-1"},"canonical":"https:\/\/revolutionpadelstore.com\/fr\/produit\/par-munequera-adidas-largas-blanco-3\/","og_locale":"fr_FR","og_type":"article","og_title":"PAR MU\u00d1EQUERA ADIDAS LARGAS BLANCO - Revolution Padel Store","og_description":"Par Mu\u00f1equera Adidas Largas Blanco, combinan comodidad y estilo. Est\u00e1n confeccionadas con un 74% de poli\u00e9ster reciclado, 23% de algod\u00f3n y 3% de elast\u00e1n, lo que proporciona un\u00a0ajuste flexible y suave. El logotipo bordado de Adidas en color negro sobre el fondo blanco a\u00f1ade un toque distintivo a este accesorio esencial para cualquier actividad deportiva.\u00a0","og_url":"https:\/\/revolutionpadelstore.com\/fr\/produit\/par-munequera-adidas-largas-blanco-3\/","og_site_name":"Revolution Padel Store","article_modified_time":"2026-04-08T08:01:05+00:00","og_image":[{"width":1500,"height":1500,"url":"https:\/\/revolutionpadelstore.com\/wp-content\/uploads\/2024\/11\/32351_par_munequera_adidas_l_aa4wb0s48_1500x1500_1_fbce.webp","type":"image\/webp"}],"twitter_card":"summary_large_image","twitter_misc":{"Dur\u00e9e de lecture estim\u00e9e":"1 minute"},"schema":{"@context":"https:\/\/schema.org","@graph":[{"@type":"WebPage","@id":"https:\/\/revolutionpadelstore.com\/fr\/produit\/par-munequera-adidas-largas-blanco-3\/","url":"https:\/\/revolutionpadelstore.com\/fr\/produit\/par-munequera-adidas-largas-blanco-3\/","name":"PAR MU\u00d1EQUERA ADIDAS LARGAS BLANCO - Revolution Padel Store","isPartOf":{"@id":"https:\/\/revolutionpadelstore.com\/fr\/#website"},"primaryImageOfPage":{"@id":"https:\/\/revolutionpadelstore.com\/fr\/produit\/par-munequera-adidas-largas-blanco-3\/#primaryimage"},"image":{"@id":"https:\/\/revolutionpadelstore.com\/fr\/produit\/par-munequera-adidas-largas-blanco-3\/#primaryimage"},"thumbnailUrl":"https:\/\/revolutionpadelstore.com\/wp-content\/uploads\/2024\/11\/32351_par_munequera_adidas_l_aa4wb0s48_1500x1500_1_fbce.webp","datePublished":"2024-11-27T07:31:01+00:00","dateModified":"2026-04-08T08:01:05+00:00","description":"Par Mu\u00f1equera Adidas Largas Blanco, combinan comodidad y estilo. Est\u00e1n confeccionadas con un 74% de poli\u00e9ster reciclado, 23% de algod\u00f3n y 3% de elast\u00e1n, lo que proporciona un\u00a0ajuste flexible y suave. El logotipo bordado de Adidas en color negro sobre el fondo blanco a\u00f1ade un toque distintivo a este accesorio esencial para cualquier actividad deportiva.\u00a0","breadcrumb":{"@id":"https:\/\/revolutionpadelstore.com\/fr\/produit\/par-munequera-adidas-largas-blanco-3\/#breadcrumb"},"inLanguage":"fr-FR","potentialAction":[{"@type":"ReadAction","target":["https:\/\/revolutionpadelstore.com\/fr\/produit\/par-munequera-adidas-largas-blanco-3\/"]}]},{"@type":"ImageObject","inLanguage":"fr-FR","@id":"https:\/\/revolutionpadelstore.com\/fr\/produit\/par-munequera-adidas-largas-blanco-3\/#primaryimage","url":"https:\/\/revolutionpadelstore.com\/wp-content\/uploads\/2024\/11\/32351_par_munequera_adidas_l_aa4wb0s48_1500x1500_1_fbce.webp","contentUrl":"https:\/\/revolutionpadelstore.com\/wp-content\/uploads\/2024\/11\/32351_par_munequera_adidas_l_aa4wb0s48_1500x1500_1_fbce.webp","width":1500,"height":1500},{"@type":"BreadcrumbList","@id":"https:\/\/revolutionpadelstore.com\/fr\/produit\/par-munequera-adidas-largas-blanco-3\/#breadcrumb","itemListElement":[{"@type":"ListItem","position":1,"name":"Portada","item":"https:\/\/revolutionpadelstore.com\/fr\/"},{"@type":"ListItem","position":2,"name":"Boutique","item":"https:\/\/revolutionpadelstore.com\/fr\/tienda\/"},{"@type":"ListItem","position":3,"name":"PAR MU\u00d1EQUERA ADIDAS LARGAS BLANCO"}]},{"@type":"WebSite","@id":"https:\/\/revolutionpadelstore.com\/fr\/#website","url":"https:\/\/revolutionpadelstore.com\/fr\/","name":"Revolution Padel Store","description":"","publisher":{"@id":"https:\/\/revolutionpadelstore.com\/fr\/#organization"},"potentialAction":[{"@type":"SearchAction","target":{"@type":"EntryPoint","urlTemplate":"https:\/\/revolutionpadelstore.com\/fr\/?s={search_term_string}"},"query-input":{"@type":"PropertyValueSpecification","valueRequired":true,"valueName":"search_term_string"}}],"inLanguage":"fr-FR"},{"@type":"Organization","@id":"https:\/\/revolutionpadelstore.com\/fr\/#organization","name":"Revolution Padel Store","url":"https:\/\/revolutionpadelstore.com\/fr\/","logo":{"@type":"ImageObject","inLanguage":"fr-FR","@id":"https:\/\/revolutionpadelstore.com\/fr\/#\/schema\/logo\/image\/","url":"https:\/\/revolutionpadelstore.com\/wp-content\/uploads\/2026\/02\/revolution-padel-store.jpg","contentUrl":"https:\/\/revolutionpadelstore.com\/wp-content\/uploads\/2026\/02\/revolution-padel-store.jpg","width":2000,"height":2000,"caption":"Revolution Padel Store"},"image":{"@id":"https:\/\/revolutionpadelstore.com\/fr\/#\/schema\/logo\/image\/"},"sameAs":["https:\/\/www.instagram.com\/revolutionpadelstore\/"]}]}},"_links":{"self":[{"href":"https:\/\/revolutionpadelstore.com\/fr\/wp-json\/wp\/v2\/product\/129553","targetHints":{"allow":["GET"]}}],"collection":[{"href":"https:\/\/revolutionpadelstore.com\/fr\/wp-json\/wp\/v2\/product"}],"about":[{"href":"https:\/\/revolutionpadelstore.com\/fr\/wp-json\/wp\/v2\/types\/product"}],"replies":[{"embeddable":true,"href":"https:\/\/revolutionpadelstore.com\/fr\/wp-json\/wp\/v2\/comments?post=129553"}],"wp:featuredmedia":[{"embeddable":true,"href":"https:\/\/revolutionpadelstore.com\/fr\/wp-json\/wp\/v2\/media\/129530"}],"wp:attachment":[{"href":"https:\/\/revolutionpadelstore.com\/fr\/wp-json\/wp\/v2\/media?parent=129553"}],"wp:term":[{"taxonomy":"acabado","embeddable":true,"href":"https:\/\/revolutionpadelstore.com\/fr\/wp-json\/wp\/v2\/acabado?post=129553"},{"taxonomy":"balance","embeddable":true,"href":"https:\/\/revolutionpadelstore.com\/fr\/wp-json\/wp\/v2\/balance?post=129553"},{"taxonomy":"dureza","embeddable":true,"href":"https:\/\/revolutionpadelstore.com\/fr\/wp-json\/wp\/v2\/dureza?post=129553"},{"taxonomy":"forma","embeddable":true,"href":"https:\/\/revolutionpadelstore.com\/fr\/wp-json\/wp\/v2\/forma?post=129553"},{"taxonomy":"jugador","embeddable":true,"href":"https:\/\/revolutionpadelstore.com\/fr\/wp-json\/wp\/v2\/jugador?post=129553"},{"taxonomy":"marca","embeddable":true,"href":"https:\/\/revolutionpadelstore.com\/fr\/wp-json\/wp\/v2\/marca?post=129553"},{"taxonomy":"nivel-de-juego","embeddable":true,"href":"https:\/\/revolutionpadelstore.com\/fr\/wp-json\/wp\/v2\/nivel-de-juego?post=129553"},{"taxonomy":"superficie","embeddable":true,"href":"https:\/\/revolutionpadelstore.com\/fr\/wp-json\/wp\/v2\/superficie?post=129553"},{"taxonomy":"tipo-de-juego","embeddable":true,"href":"https:\/\/revolutionpadelstore.com\/fr\/wp-json\/wp\/v2\/tipo-de-juego?post=129553"},{"taxonomy":"product_brand","embeddable":true,"href":"https:\/\/revolutionpadelstore.com\/fr\/wp-json\/wp\/v2\/product_brand?post=129553"},{"taxonomy":"product_cat","embeddable":true,"href":"https:\/\/revolutionpadelstore.com\/fr\/wp-json\/wp\/v2\/product_cat?post=129553"},{"taxonomy":"product_tag","embeddable":true,"href":"https:\/\/revolutionpadelstore.com\/fr\/wp-json\/wp\/v2\/product_tag?post=129553"}],"curies":[{"name":"wp","href":"https:\/\/api.w.org\/{rel}","templated":true}]}}