{"id":129409,"date":"2024-11-27T07:56:52","date_gmt":"2024-11-27T06:56:52","guid":{"rendered":"https:\/\/revolutionpadelstore.com\/paletero-adidas-multigame-3-3-black\/"},"modified":"2026-04-08T10:03:39","modified_gmt":"2026-04-08T08:03:39","slug":"paletero-adidas-multigame-3-3-black-3","status":"publish","type":"product","link":"https:\/\/revolutionpadelstore.com\/fr\/produit\/paletero-adidas-multigame-3-3-black-3\/","title":{"rendered":"PALETERO ADIDAS MULTIGAME 3.3 BLACK"},"content":{"rendered":"<h2> adidas Paletero Multigame 3.3 Black, Transport confortable <\/h2>\n<p>Le <strong> paletero adidas Multigame 3.3 en noir <\/strong> est l&#8217;option id\u00e9ale pour les joueurs de pagaie qui recherchent le confort maximum sur leur chemin vers la piste, car il incorpore des bretelles en filet rembourr\u00e9es <strong> et des poign\u00e9es r\u00e9glables <\/ \/ Strong >. Il comprend l&#8217;entreprise du <strong> joueur Ale Gal\u00e1n <\/strong>, qui ajoute l&#8217;exclusivit\u00e9 \u00e0 cet accessoire <strong> adidas. <\/strong><\/p>\n<p>Il est fait avec <strong> tissu 100% polyester <\/strong>, un mat\u00e9riau l\u00e9ger et durable, qui <strong> r\u00e9siste efficacement \u00e0 l&#8217;usure et repousse l&#8217;eau <\/strong>, qui prot\u00e8ge l&#8217;int\u00e9rieur du sac \u00e0 dos et augmente l&#8217;utile vie. De plus, il a des dimensions de <strong> 56 cm x 35 cm x 29 cm <\/strong> avec une capacit\u00e9 de 58 l. Son design, en noir et rouge, est puissant et audacieux.<\/p>\n<h2> transporte tout ce qui est n\u00e9cessaire <\/h2>\n<p>Quant \u00e0 la capacit\u00e9, cette <strong> adidas paletero <\/strong> vous permet des v\u00eatements. Alors que les <strong> poches lat\u00e9rales avec isolation thermique <\/strong> ont suffisamment d&#8217;espace pour deux lames dans chacune, c&#8217;est-\u00e0-dire un total de quatre pelles.<\/p>\n<p>De plus, il int\u00e8gre d&#8217;autres <strong> deux poches lat\u00e9rales \u00e9troites <\/strong> pour stocker des bateaux \u00e0 balles ou des bouteilles d&#8217;eau avec un ajustement parfait, ainsi qu&#8217;un compartiment ind\u00e9pendant <strong> pour les chaussures <\/strong>, fabriqu\u00e9s avec un panneau de maillage qui favorise la ventilation et la respirabilit\u00e9 optimales.<\/p>\n<h2>Paletero Adidas Multigame 3.3 Black, transporte c\u00f3modo<\/h2>\n","protected":false},"excerpt":{"rendered":"<p>Paletero adidas Multigame 3.3 Black, sign\u00e9 par Ale Gal\u00e1n, facilite le transport confortable de votre \u00e9quipement gr\u00e2ce \u00e0 sa grande capacit\u00e9 de stockage. 100% polyester.<\/p>\n","protected":false},"featured_media":129379,"comment_status":"open","ping_status":"closed","template":"","meta":{"_acf_changed":false,"_joinchat":[]},"acabado":[],"balance":[],"dureza":[],"forma":[],"jugador":[],"marca":[1232],"nivel-de-juego":[],"superficie":[],"tipo-de-juego":[],"product_brand":[],"product_cat":[320],"product_tag":[],"class_list":{"0":"post-129409","1":"product","2":"type-product","3":"status-publish","4":"has-post-thumbnail","6":"marca-adidas-fr","7":"product_cat-sacs","9":"first","10":"outofstock","11":"taxable","12":"shipping-taxable","13":"purchasable","14":"product-type-simple"},"acf":[],"yoast_head":"<!-- This site is optimized with the Yoast SEO plugin v27.4 - https:\/\/yoast.com\/product\/yoast-seo-wordpress\/ -->\n<title>PALETERO ADIDAS MULTIGAME 3.3 BLACK - Revolution Padel Store<\/title>\n<meta name=\"description\" content=\"El Paletero Adidas Multigame 3.3 en color negro es la opci\u00f3n ideal para aquellos jugadores de p\u00e1del que busquen el m\u00e1ximo confort en su camino a la pista, ya que incorpora correas de malla acolchadas y asas ajustables. Incluye la firma del jugador Ale Gal\u00e1n, lo que suma exclusividad a este accesorio Adidas.\" \/>\n<meta name=\"robots\" content=\"index, follow, max-snippet:-1, max-image-preview:large, max-video-preview:-1\" \/>\n<link rel=\"canonical\" href=\"https:\/\/revolutionpadelstore.com\/fr\/produit\/paletero-adidas-multigame-3-3-black-3\/\" \/>\n<meta property=\"og:locale\" content=\"fr_FR\" \/>\n<meta property=\"og:type\" content=\"article\" \/>\n<meta property=\"og:title\" content=\"PALETERO ADIDAS MULTIGAME 3.3 BLACK - Revolution Padel Store\" \/>\n<meta property=\"og:description\" content=\"El Paletero Adidas Multigame 3.3 en color negro es la opci\u00f3n ideal para aquellos jugadores de p\u00e1del que busquen el m\u00e1ximo confort en su camino a la pista, ya que incorpora correas de malla acolchadas y asas ajustables. Incluye la firma del jugador Ale Gal\u00e1n, lo que suma exclusividad a este accesorio Adidas.\" \/>\n<meta property=\"og:url\" content=\"https:\/\/revolutionpadelstore.com\/fr\/produit\/paletero-adidas-multigame-3-3-black-3\/\" \/>\n<meta property=\"og:site_name\" content=\"Revolution Padel Store\" \/>\n<meta property=\"article:modified_time\" content=\"2026-04-08T08:03:39+00:00\" \/>\n<meta property=\"og:image\" content=\"https:\/\/revolutionpadelstore.com\/wp-content\/uploads\/2024\/11\/110155_padel_webs_padel_y_grupo_paletero_adidas_racketbag_multigame_3_3_black_a_14e4.webp\" \/>\n\t<meta property=\"og:image:width\" content=\"1500\" \/>\n\t<meta property=\"og:image:height\" content=\"1500\" \/>\n\t<meta property=\"og:image:type\" content=\"image\/webp\" \/>\n<meta name=\"twitter:card\" content=\"summary_large_image\" \/>\n<meta name=\"twitter:label1\" content=\"Dur\u00e9e de lecture estim\u00e9e\" \/>\n\t<meta name=\"twitter:data1\" content=\"1 minute\" \/>\n<script type=\"application\/ld+json\" class=\"yoast-schema-graph\">{\"@context\":\"https:\\\/\\\/schema.org\",\"@graph\":[{\"@type\":\"WebPage\",\"@id\":\"https:\\\/\\\/revolutionpadelstore.com\\\/fr\\\/produit\\\/paletero-adidas-multigame-3-3-black-3\\\/\",\"url\":\"https:\\\/\\\/revolutionpadelstore.com\\\/fr\\\/produit\\\/paletero-adidas-multigame-3-3-black-3\\\/\",\"name\":\"PALETERO ADIDAS MULTIGAME 3.3 BLACK - Revolution Padel Store\",\"isPartOf\":{\"@id\":\"https:\\\/\\\/revolutionpadelstore.com\\\/fr\\\/#website\"},\"primaryImageOfPage\":{\"@id\":\"https:\\\/\\\/revolutionpadelstore.com\\\/fr\\\/produit\\\/paletero-adidas-multigame-3-3-black-3\\\/#primaryimage\"},\"image\":{\"@id\":\"https:\\\/\\\/revolutionpadelstore.com\\\/fr\\\/produit\\\/paletero-adidas-multigame-3-3-black-3\\\/#primaryimage\"},\"thumbnailUrl\":\"https:\\\/\\\/revolutionpadelstore.com\\\/wp-content\\\/uploads\\\/2024\\\/11\\\/110155_padel_webs_padel_y_grupo_paletero_adidas_racketbag_multigame_3_3_black_a_14e4.webp\",\"datePublished\":\"2024-11-27T06:56:52+00:00\",\"dateModified\":\"2026-04-08T08:03:39+00:00\",\"description\":\"El Paletero Adidas Multigame 3.3 en color negro es la opci\u00f3n ideal para aquellos jugadores de p\u00e1del que busquen el m\u00e1ximo confort en su camino a la pista, ya que incorpora correas de malla acolchadas y asas ajustables. Incluye la firma del jugador Ale Gal\u00e1n, lo que suma exclusividad a este accesorio Adidas.\",\"breadcrumb\":{\"@id\":\"https:\\\/\\\/revolutionpadelstore.com\\\/fr\\\/produit\\\/paletero-adidas-multigame-3-3-black-3\\\/#breadcrumb\"},\"inLanguage\":\"fr-FR\",\"potentialAction\":[{\"@type\":\"ReadAction\",\"target\":[\"https:\\\/\\\/revolutionpadelstore.com\\\/fr\\\/produit\\\/paletero-adidas-multigame-3-3-black-3\\\/\"]}]},{\"@type\":\"ImageObject\",\"inLanguage\":\"fr-FR\",\"@id\":\"https:\\\/\\\/revolutionpadelstore.com\\\/fr\\\/produit\\\/paletero-adidas-multigame-3-3-black-3\\\/#primaryimage\",\"url\":\"https:\\\/\\\/revolutionpadelstore.com\\\/wp-content\\\/uploads\\\/2024\\\/11\\\/110155_padel_webs_padel_y_grupo_paletero_adidas_racketbag_multigame_3_3_black_a_14e4.webp\",\"contentUrl\":\"https:\\\/\\\/revolutionpadelstore.com\\\/wp-content\\\/uploads\\\/2024\\\/11\\\/110155_padel_webs_padel_y_grupo_paletero_adidas_racketbag_multigame_3_3_black_a_14e4.webp\",\"width\":1500,\"height\":1500},{\"@type\":\"BreadcrumbList\",\"@id\":\"https:\\\/\\\/revolutionpadelstore.com\\\/fr\\\/produit\\\/paletero-adidas-multigame-3-3-black-3\\\/#breadcrumb\",\"itemListElement\":[{\"@type\":\"ListItem\",\"position\":1,\"name\":\"Portada\",\"item\":\"https:\\\/\\\/revolutionpadelstore.com\\\/fr\\\/\"},{\"@type\":\"ListItem\",\"position\":2,\"name\":\"Boutique\",\"item\":\"https:\\\/\\\/revolutionpadelstore.com\\\/fr\\\/tienda\\\/\"},{\"@type\":\"ListItem\",\"position\":3,\"name\":\"PALETERO ADIDAS MULTIGAME 3.3 BLACK\"}]},{\"@type\":\"WebSite\",\"@id\":\"https:\\\/\\\/revolutionpadelstore.com\\\/fr\\\/#website\",\"url\":\"https:\\\/\\\/revolutionpadelstore.com\\\/fr\\\/\",\"name\":\"Revolution Padel Store\",\"description\":\"\",\"publisher\":{\"@id\":\"https:\\\/\\\/revolutionpadelstore.com\\\/fr\\\/#organization\"},\"potentialAction\":[{\"@type\":\"SearchAction\",\"target\":{\"@type\":\"EntryPoint\",\"urlTemplate\":\"https:\\\/\\\/revolutionpadelstore.com\\\/fr\\\/?s={search_term_string}\"},\"query-input\":{\"@type\":\"PropertyValueSpecification\",\"valueRequired\":true,\"valueName\":\"search_term_string\"}}],\"inLanguage\":\"fr-FR\"},{\"@type\":\"Organization\",\"@id\":\"https:\\\/\\\/revolutionpadelstore.com\\\/fr\\\/#organization\",\"name\":\"Revolution Padel Store\",\"url\":\"https:\\\/\\\/revolutionpadelstore.com\\\/fr\\\/\",\"logo\":{\"@type\":\"ImageObject\",\"inLanguage\":\"fr-FR\",\"@id\":\"https:\\\/\\\/revolutionpadelstore.com\\\/fr\\\/#\\\/schema\\\/logo\\\/image\\\/\",\"url\":\"https:\\\/\\\/revolutionpadelstore.com\\\/wp-content\\\/uploads\\\/2026\\\/02\\\/revolution-padel-store.jpg\",\"contentUrl\":\"https:\\\/\\\/revolutionpadelstore.com\\\/wp-content\\\/uploads\\\/2026\\\/02\\\/revolution-padel-store.jpg\",\"width\":2000,\"height\":2000,\"caption\":\"Revolution Padel Store\"},\"image\":{\"@id\":\"https:\\\/\\\/revolutionpadelstore.com\\\/fr\\\/#\\\/schema\\\/logo\\\/image\\\/\"},\"sameAs\":[\"https:\\\/\\\/www.instagram.com\\\/revolutionpadelstore\\\/\"]}]}<\/script>\n<!-- \/ Yoast SEO plugin. -->","yoast_head_json":{"title":"PALETERO ADIDAS MULTIGAME 3.3 BLACK - Revolution Padel Store","description":"El Paletero Adidas Multigame 3.3 en color negro es la opci\u00f3n ideal para aquellos jugadores de p\u00e1del que busquen el m\u00e1ximo confort en su camino a la pista, ya que incorpora correas de malla acolchadas y asas ajustables. Incluye la firma del jugador Ale Gal\u00e1n, lo que suma exclusividad a este accesorio Adidas.","robots":{"index":"index","follow":"follow","max-snippet":"max-snippet:-1","max-image-preview":"max-image-preview:large","max-video-preview":"max-video-preview:-1"},"canonical":"https:\/\/revolutionpadelstore.com\/fr\/produit\/paletero-adidas-multigame-3-3-black-3\/","og_locale":"fr_FR","og_type":"article","og_title":"PALETERO ADIDAS MULTIGAME 3.3 BLACK - Revolution Padel Store","og_description":"El Paletero Adidas Multigame 3.3 en color negro es la opci\u00f3n ideal para aquellos jugadores de p\u00e1del que busquen el m\u00e1ximo confort en su camino a la pista, ya que incorpora correas de malla acolchadas y asas ajustables. Incluye la firma del jugador Ale Gal\u00e1n, lo que suma exclusividad a este accesorio Adidas.","og_url":"https:\/\/revolutionpadelstore.com\/fr\/produit\/paletero-adidas-multigame-3-3-black-3\/","og_site_name":"Revolution Padel Store","article_modified_time":"2026-04-08T08:03:39+00:00","og_image":[{"width":1500,"height":1500,"url":"https:\/\/revolutionpadelstore.com\/wp-content\/uploads\/2024\/11\/110155_padel_webs_padel_y_grupo_paletero_adidas_racketbag_multigame_3_3_black_a_14e4.webp","type":"image\/webp"}],"twitter_card":"summary_large_image","twitter_misc":{"Dur\u00e9e de lecture estim\u00e9e":"1 minute"},"schema":{"@context":"https:\/\/schema.org","@graph":[{"@type":"WebPage","@id":"https:\/\/revolutionpadelstore.com\/fr\/produit\/paletero-adidas-multigame-3-3-black-3\/","url":"https:\/\/revolutionpadelstore.com\/fr\/produit\/paletero-adidas-multigame-3-3-black-3\/","name":"PALETERO ADIDAS MULTIGAME 3.3 BLACK - Revolution Padel Store","isPartOf":{"@id":"https:\/\/revolutionpadelstore.com\/fr\/#website"},"primaryImageOfPage":{"@id":"https:\/\/revolutionpadelstore.com\/fr\/produit\/paletero-adidas-multigame-3-3-black-3\/#primaryimage"},"image":{"@id":"https:\/\/revolutionpadelstore.com\/fr\/produit\/paletero-adidas-multigame-3-3-black-3\/#primaryimage"},"thumbnailUrl":"https:\/\/revolutionpadelstore.com\/wp-content\/uploads\/2024\/11\/110155_padel_webs_padel_y_grupo_paletero_adidas_racketbag_multigame_3_3_black_a_14e4.webp","datePublished":"2024-11-27T06:56:52+00:00","dateModified":"2026-04-08T08:03:39+00:00","description":"El Paletero Adidas Multigame 3.3 en color negro es la opci\u00f3n ideal para aquellos jugadores de p\u00e1del que busquen el m\u00e1ximo confort en su camino a la pista, ya que incorpora correas de malla acolchadas y asas ajustables. Incluye la firma del jugador Ale Gal\u00e1n, lo que suma exclusividad a este accesorio Adidas.","breadcrumb":{"@id":"https:\/\/revolutionpadelstore.com\/fr\/produit\/paletero-adidas-multigame-3-3-black-3\/#breadcrumb"},"inLanguage":"fr-FR","potentialAction":[{"@type":"ReadAction","target":["https:\/\/revolutionpadelstore.com\/fr\/produit\/paletero-adidas-multigame-3-3-black-3\/"]}]},{"@type":"ImageObject","inLanguage":"fr-FR","@id":"https:\/\/revolutionpadelstore.com\/fr\/produit\/paletero-adidas-multigame-3-3-black-3\/#primaryimage","url":"https:\/\/revolutionpadelstore.com\/wp-content\/uploads\/2024\/11\/110155_padel_webs_padel_y_grupo_paletero_adidas_racketbag_multigame_3_3_black_a_14e4.webp","contentUrl":"https:\/\/revolutionpadelstore.com\/wp-content\/uploads\/2024\/11\/110155_padel_webs_padel_y_grupo_paletero_adidas_racketbag_multigame_3_3_black_a_14e4.webp","width":1500,"height":1500},{"@type":"BreadcrumbList","@id":"https:\/\/revolutionpadelstore.com\/fr\/produit\/paletero-adidas-multigame-3-3-black-3\/#breadcrumb","itemListElement":[{"@type":"ListItem","position":1,"name":"Portada","item":"https:\/\/revolutionpadelstore.com\/fr\/"},{"@type":"ListItem","position":2,"name":"Boutique","item":"https:\/\/revolutionpadelstore.com\/fr\/tienda\/"},{"@type":"ListItem","position":3,"name":"PALETERO ADIDAS MULTIGAME 3.3 BLACK"}]},{"@type":"WebSite","@id":"https:\/\/revolutionpadelstore.com\/fr\/#website","url":"https:\/\/revolutionpadelstore.com\/fr\/","name":"Revolution Padel Store","description":"","publisher":{"@id":"https:\/\/revolutionpadelstore.com\/fr\/#organization"},"potentialAction":[{"@type":"SearchAction","target":{"@type":"EntryPoint","urlTemplate":"https:\/\/revolutionpadelstore.com\/fr\/?s={search_term_string}"},"query-input":{"@type":"PropertyValueSpecification","valueRequired":true,"valueName":"search_term_string"}}],"inLanguage":"fr-FR"},{"@type":"Organization","@id":"https:\/\/revolutionpadelstore.com\/fr\/#organization","name":"Revolution Padel Store","url":"https:\/\/revolutionpadelstore.com\/fr\/","logo":{"@type":"ImageObject","inLanguage":"fr-FR","@id":"https:\/\/revolutionpadelstore.com\/fr\/#\/schema\/logo\/image\/","url":"https:\/\/revolutionpadelstore.com\/wp-content\/uploads\/2026\/02\/revolution-padel-store.jpg","contentUrl":"https:\/\/revolutionpadelstore.com\/wp-content\/uploads\/2026\/02\/revolution-padel-store.jpg","width":2000,"height":2000,"caption":"Revolution Padel Store"},"image":{"@id":"https:\/\/revolutionpadelstore.com\/fr\/#\/schema\/logo\/image\/"},"sameAs":["https:\/\/www.instagram.com\/revolutionpadelstore\/"]}]}},"_links":{"self":[{"href":"https:\/\/revolutionpadelstore.com\/fr\/wp-json\/wp\/v2\/product\/129409","targetHints":{"allow":["GET"]}}],"collection":[{"href":"https:\/\/revolutionpadelstore.com\/fr\/wp-json\/wp\/v2\/product"}],"about":[{"href":"https:\/\/revolutionpadelstore.com\/fr\/wp-json\/wp\/v2\/types\/product"}],"replies":[{"embeddable":true,"href":"https:\/\/revolutionpadelstore.com\/fr\/wp-json\/wp\/v2\/comments?post=129409"}],"wp:featuredmedia":[{"embeddable":true,"href":"https:\/\/revolutionpadelstore.com\/fr\/wp-json\/wp\/v2\/media\/129379"}],"wp:attachment":[{"href":"https:\/\/revolutionpadelstore.com\/fr\/wp-json\/wp\/v2\/media?parent=129409"}],"wp:term":[{"taxonomy":"acabado","embeddable":true,"href":"https:\/\/revolutionpadelstore.com\/fr\/wp-json\/wp\/v2\/acabado?post=129409"},{"taxonomy":"balance","embeddable":true,"href":"https:\/\/revolutionpadelstore.com\/fr\/wp-json\/wp\/v2\/balance?post=129409"},{"taxonomy":"dureza","embeddable":true,"href":"https:\/\/revolutionpadelstore.com\/fr\/wp-json\/wp\/v2\/dureza?post=129409"},{"taxonomy":"forma","embeddable":true,"href":"https:\/\/revolutionpadelstore.com\/fr\/wp-json\/wp\/v2\/forma?post=129409"},{"taxonomy":"jugador","embeddable":true,"href":"https:\/\/revolutionpadelstore.com\/fr\/wp-json\/wp\/v2\/jugador?post=129409"},{"taxonomy":"marca","embeddable":true,"href":"https:\/\/revolutionpadelstore.com\/fr\/wp-json\/wp\/v2\/marca?post=129409"},{"taxonomy":"nivel-de-juego","embeddable":true,"href":"https:\/\/revolutionpadelstore.com\/fr\/wp-json\/wp\/v2\/nivel-de-juego?post=129409"},{"taxonomy":"superficie","embeddable":true,"href":"https:\/\/revolutionpadelstore.com\/fr\/wp-json\/wp\/v2\/superficie?post=129409"},{"taxonomy":"tipo-de-juego","embeddable":true,"href":"https:\/\/revolutionpadelstore.com\/fr\/wp-json\/wp\/v2\/tipo-de-juego?post=129409"},{"taxonomy":"product_brand","embeddable":true,"href":"https:\/\/revolutionpadelstore.com\/fr\/wp-json\/wp\/v2\/product_brand?post=129409"},{"taxonomy":"product_cat","embeddable":true,"href":"https:\/\/revolutionpadelstore.com\/fr\/wp-json\/wp\/v2\/product_cat?post=129409"},{"taxonomy":"product_tag","embeddable":true,"href":"https:\/\/revolutionpadelstore.com\/fr\/wp-json\/wp\/v2\/product_tag?post=129409"}],"curies":[{"name":"wp","href":"https:\/\/api.w.org\/{rel}","templated":true}]}}