{"id":129366,"date":"2024-11-27T00:08:18","date_gmt":"2024-11-26T23:08:18","guid":{"rendered":"https:\/\/revolutionpadelstore.com\/paletero-bullpadel-alejandra-salazar-flow-bpp-25006-aguamarina\/"},"modified":"2026-04-08T10:04:03","modified_gmt":"2026-04-08T08:04:03","slug":"paletero-bullpadel-alejandra-salazar-flow-bpp-25006-072-aguamarina-3","status":"publish","type":"product","link":"https:\/\/revolutionpadelstore.com\/fr\/produit\/paletero-bullpadel-alejandra-salazar-flow-bpp-25006-072-aguamarina-3\/","title":{"rendered":"PALETERO BULLPADEL ALEJANDRA SALAZAR FLOW BPP-25006 072 Aguamarina"},"content":{"rendered":"<p><H2> Paletero Bullpadel Alejandra Salazar Flow BPP-25006 Aguamarina <\/H2><br \/>\nLe bullpadel Paletero Alejandra Salazar Flow BPP-25006 est le compl\u00e9ment parfait aux amateurs de pagaie \u00e0 la recherche de style, de fonctionnalit\u00e9 et de confort.<\/p>\n<p>Con\u00e7u avec la collaboration du joueur professionnel Alejandra Salazar, ce Paletero combine une conception attrayante avec des caract\u00e9ristiques techniques con\u00e7ues pour r\u00e9pondre aux besoins des joueurs les plus exigeants.<\/p>\n<h2> Caract\u00e9ristiques principales: <\/h2>\n<p><strong> Compartiment principal <\/strong>: large et facilement accessible, id\u00e9al pour transporter tout ce qui est n\u00e9cessaire pour vos matchs et votre formation. Ce compartiment est con\u00e7u pour stocker des v\u00eatements, des serviettes, des accessoires et d&#8217;autres objets personnels.<\/p>\n<p><strong> Deux compartiments thermiques <\/strong>: sp\u00e9cialement con\u00e7us pour transporter et prot\u00e9ger jusqu&#8217;\u00e0 quatre lames de pagaie, ces compartiments int\u00e8grent la technologie <strong> de protection thermique <\/strong>, qui maintient la temp\u00e9rature optimale des lames, en les prot\u00e9geant contre les changements thermiques et prolongent sa durabilit\u00e9.<\/p>\n<p><strong> Compartiment ind\u00e9pendant et ventil\u00e9 <\/strong>: un espace s\u00e9par\u00e9, parfait pour les chaussures de magasin ou les v\u00eatements d&#8217;occasion. Gr\u00e2ce \u00e0 son syst\u00e8me de ventilation, il emp\u00eache l&#8217;accumulation d&#8217;odeurs et maintient vos effets bien organis\u00e9s et frais.<\/p>\n<p><strong> poche lat\u00e9rale avec soufflet ext\u00e9rieur <\/strong>: une poche suppl\u00e9mentaire avec des soufflets pour une plus grande capacit\u00e9, id\u00e9al pour stocker de petits accessoires tels que les cl\u00e9s, le portefeuille, le t\u00e9l\u00e9phone mobile ou la poign\u00e9e de rechange, permettant un acc\u00e8s rapide aux objets les plus essentiels.<\/p>\n<h2> Conception et confort: <\/h2>\n<p><strong> Style unique <\/strong>: Ce Paletero pr\u00e9sente un design moderne et \u00e9l\u00e9gant, fid\u00e8le au style d&#8217;Alejandra Salazar, se distingue par sa combinaison attrayante de couleurs et de finitions de haute qualit\u00e9.<\/p>\n<p><strong> poign\u00e9es rembourr\u00e9es <\/strong>: Il est livr\u00e9 avec des sangles r\u00e9glables et rembourr\u00e9es qui permettent de lui \u00eatre utilis\u00e9e comme sac \u00e0 dos, offrant un confort et une facilit\u00e9 pour le transporter.<\/p>\n<p><strong> Durabilit\u00e9 <\/strong>: Fabriqu\u00e9 avec des mat\u00e9riaux r\u00e9sistants et de haute qualit\u00e9, ce Paletero est con\u00e7u pour r\u00e9sister \u00e0 l&#8217;utilisation intensive des joueurs de paddle.<\/p>\n<p>Le <strong> bullpadel paletero Alejandra Salazar Flow BPP-25006 <\/strong> se distingue non seulement de sa conception sophistiqu\u00e9e, mais aussi de sa fonctionnalit\u00e9 et de son organisation. Il est parfait pour les joueurs qui cherchent \u00e0 transporter leur \u00e9quipe en toute s\u00e9curit\u00e9 et confortablement, en maintenant toujours le style sur et en dehors de la piste. Un accessoire essentiel pour tout joueur de paddle passionn\u00e9!<\/p>\n<h2>Paletero Bullpadel Alejandra Salazar Flow BPP-25006 Aguamarina<\/h2>\n","protected":false},"excerpt":{"rendered":"<p>Paletero Bullpadel Alejandra Salazar Flow BPP-25006 Aguamarina Le bullpadel Paletero Alejandra Salazar Flow BPP-25006 est le compl\u00e9ment parfait aux amateurs de pagaie \u00e0 la recherche de style, de fonctionnalit\u00e9 et de confort. Con\u00e7u avec la collaboration du joueur professionnel Alejandra Salazar, ce Paletero combine une conception attrayante avec des caract\u00e9ristiques techniques con\u00e7ues pour r\u00e9pondre aux [&hellip;]<\/p>\n","protected":false},"featured_media":129337,"comment_status":"open","ping_status":"closed","template":"","meta":{"_acf_changed":false,"_joinchat":[]},"acabado":[],"balance":[],"dureza":[],"forma":[],"jugador":[],"marca":[1257],"nivel-de-juego":[],"superficie":[],"tipo-de-juego":[],"product_brand":[],"product_cat":[320],"product_tag":[],"class_list":{"0":"post-129366","1":"product","2":"type-product","3":"status-publish","4":"has-post-thumbnail","6":"marca-bullpadel-fr","7":"product_cat-sacs","9":"first","10":"outofstock","11":"sale","12":"taxable","13":"shipping-taxable","14":"purchasable","15":"product-type-simple"},"acf":[],"yoast_head":"<!-- This site is optimized with the Yoast SEO plugin v27.4 - https:\/\/yoast.com\/product\/yoast-seo-wordpress\/ -->\n<title>PALETERO BULLPADEL ALEJANDRA SALAZAR FLOW BPP-25006 072 Aguamarina - Revolution Padel Store<\/title>\n<meta name=\"description\" content=\"El Paletero Bullpadel Alejandra Salazar Flow BPP-25006 es el complemento perfecto para los amantes del p\u00e1del que buscan estilo, funcionalidad y comodidad.Dise\u00f1ado con la colaboraci\u00f3n de la jugadora profesional Alejandra Salazar, este paletero combina un dise\u00f1o atractivo con caracter\u00edsticas t\u00e9cnicas pensadas para satisfacer las necesidades de los jugadores mas exigentes.\" \/>\n<meta name=\"robots\" content=\"index, follow, max-snippet:-1, max-image-preview:large, max-video-preview:-1\" \/>\n<link rel=\"canonical\" href=\"https:\/\/revolutionpadelstore.com\/fr\/produit\/paletero-bullpadel-alejandra-salazar-flow-bpp-25006-072-aguamarina-3\/\" \/>\n<meta property=\"og:locale\" content=\"fr_FR\" \/>\n<meta property=\"og:type\" content=\"article\" \/>\n<meta property=\"og:title\" content=\"PALETERO BULLPADEL ALEJANDRA SALAZAR FLOW BPP-25006 072 Aguamarina - Revolution Padel Store\" \/>\n<meta property=\"og:description\" content=\"El Paletero Bullpadel Alejandra Salazar Flow BPP-25006 es el complemento perfecto para los amantes del p\u00e1del que buscan estilo, funcionalidad y comodidad.Dise\u00f1ado con la colaboraci\u00f3n de la jugadora profesional Alejandra Salazar, este paletero combina un dise\u00f1o atractivo con caracter\u00edsticas t\u00e9cnicas pensadas para satisfacer las necesidades de los jugadores mas exigentes.\" \/>\n<meta property=\"og:url\" content=\"https:\/\/revolutionpadelstore.com\/fr\/produit\/paletero-bullpadel-alejandra-salazar-flow-bpp-25006-072-aguamarina-3\/\" \/>\n<meta property=\"og:site_name\" content=\"Revolution Padel Store\" \/>\n<meta property=\"article:modified_time\" content=\"2026-04-08T08:04:03+00:00\" \/>\n<meta property=\"og:image\" content=\"https:\/\/revolutionpadelstore.com\/wp-content\/uploads\/2024\/11\/paletero-bullpadel-alejandra-salazar-flow-bpp-25006-aguamarina-1100x1100-1.webp\" \/>\n\t<meta property=\"og:image:width\" content=\"1100\" \/>\n\t<meta property=\"og:image:height\" content=\"1100\" \/>\n\t<meta property=\"og:image:type\" content=\"image\/webp\" \/>\n<meta name=\"twitter:card\" content=\"summary_large_image\" \/>\n<meta name=\"twitter:label1\" content=\"Dur\u00e9e de lecture estim\u00e9e\" \/>\n\t<meta name=\"twitter:data1\" content=\"2 minutes\" \/>\n<script type=\"application\/ld+json\" class=\"yoast-schema-graph\">{\"@context\":\"https:\\\/\\\/schema.org\",\"@graph\":[{\"@type\":\"WebPage\",\"@id\":\"https:\\\/\\\/revolutionpadelstore.com\\\/fr\\\/produit\\\/paletero-bullpadel-alejandra-salazar-flow-bpp-25006-072-aguamarina-3\\\/\",\"url\":\"https:\\\/\\\/revolutionpadelstore.com\\\/fr\\\/produit\\\/paletero-bullpadel-alejandra-salazar-flow-bpp-25006-072-aguamarina-3\\\/\",\"name\":\"PALETERO BULLPADEL ALEJANDRA SALAZAR FLOW BPP-25006 072 Aguamarina - Revolution Padel Store\",\"isPartOf\":{\"@id\":\"https:\\\/\\\/revolutionpadelstore.com\\\/fr\\\/#website\"},\"primaryImageOfPage\":{\"@id\":\"https:\\\/\\\/revolutionpadelstore.com\\\/fr\\\/produit\\\/paletero-bullpadel-alejandra-salazar-flow-bpp-25006-072-aguamarina-3\\\/#primaryimage\"},\"image\":{\"@id\":\"https:\\\/\\\/revolutionpadelstore.com\\\/fr\\\/produit\\\/paletero-bullpadel-alejandra-salazar-flow-bpp-25006-072-aguamarina-3\\\/#primaryimage\"},\"thumbnailUrl\":\"https:\\\/\\\/revolutionpadelstore.com\\\/wp-content\\\/uploads\\\/2024\\\/11\\\/paletero-bullpadel-alejandra-salazar-flow-bpp-25006-aguamarina-1100x1100-1.webp\",\"datePublished\":\"2024-11-26T23:08:18+00:00\",\"dateModified\":\"2026-04-08T08:04:03+00:00\",\"description\":\"El Paletero Bullpadel Alejandra Salazar Flow BPP-25006 es el complemento perfecto para los amantes del p\u00e1del que buscan estilo, funcionalidad y comodidad.Dise\u00f1ado con la colaboraci\u00f3n de la jugadora profesional Alejandra Salazar, este paletero combina un dise\u00f1o atractivo con caracter\u00edsticas t\u00e9cnicas pensadas para satisfacer las necesidades de los jugadores mas exigentes.\",\"breadcrumb\":{\"@id\":\"https:\\\/\\\/revolutionpadelstore.com\\\/fr\\\/produit\\\/paletero-bullpadel-alejandra-salazar-flow-bpp-25006-072-aguamarina-3\\\/#breadcrumb\"},\"inLanguage\":\"fr-FR\",\"potentialAction\":[{\"@type\":\"ReadAction\",\"target\":[\"https:\\\/\\\/revolutionpadelstore.com\\\/fr\\\/produit\\\/paletero-bullpadel-alejandra-salazar-flow-bpp-25006-072-aguamarina-3\\\/\"]}]},{\"@type\":\"ImageObject\",\"inLanguage\":\"fr-FR\",\"@id\":\"https:\\\/\\\/revolutionpadelstore.com\\\/fr\\\/produit\\\/paletero-bullpadel-alejandra-salazar-flow-bpp-25006-072-aguamarina-3\\\/#primaryimage\",\"url\":\"https:\\\/\\\/revolutionpadelstore.com\\\/wp-content\\\/uploads\\\/2024\\\/11\\\/paletero-bullpadel-alejandra-salazar-flow-bpp-25006-aguamarina-1100x1100-1.webp\",\"contentUrl\":\"https:\\\/\\\/revolutionpadelstore.com\\\/wp-content\\\/uploads\\\/2024\\\/11\\\/paletero-bullpadel-alejandra-salazar-flow-bpp-25006-aguamarina-1100x1100-1.webp\",\"width\":1100,\"height\":1100},{\"@type\":\"BreadcrumbList\",\"@id\":\"https:\\\/\\\/revolutionpadelstore.com\\\/fr\\\/produit\\\/paletero-bullpadel-alejandra-salazar-flow-bpp-25006-072-aguamarina-3\\\/#breadcrumb\",\"itemListElement\":[{\"@type\":\"ListItem\",\"position\":1,\"name\":\"Portada\",\"item\":\"https:\\\/\\\/revolutionpadelstore.com\\\/fr\\\/\"},{\"@type\":\"ListItem\",\"position\":2,\"name\":\"Boutique\",\"item\":\"https:\\\/\\\/revolutionpadelstore.com\\\/fr\\\/tienda\\\/\"},{\"@type\":\"ListItem\",\"position\":3,\"name\":\"PALETERO BULLPADEL ALEJANDRA SALAZAR FLOW BPP-25006 072 Aguamarina\"}]},{\"@type\":\"WebSite\",\"@id\":\"https:\\\/\\\/revolutionpadelstore.com\\\/fr\\\/#website\",\"url\":\"https:\\\/\\\/revolutionpadelstore.com\\\/fr\\\/\",\"name\":\"Revolution Padel Store\",\"description\":\"\",\"publisher\":{\"@id\":\"https:\\\/\\\/revolutionpadelstore.com\\\/fr\\\/#organization\"},\"potentialAction\":[{\"@type\":\"SearchAction\",\"target\":{\"@type\":\"EntryPoint\",\"urlTemplate\":\"https:\\\/\\\/revolutionpadelstore.com\\\/fr\\\/?s={search_term_string}\"},\"query-input\":{\"@type\":\"PropertyValueSpecification\",\"valueRequired\":true,\"valueName\":\"search_term_string\"}}],\"inLanguage\":\"fr-FR\"},{\"@type\":\"Organization\",\"@id\":\"https:\\\/\\\/revolutionpadelstore.com\\\/fr\\\/#organization\",\"name\":\"Revolution Padel Store\",\"url\":\"https:\\\/\\\/revolutionpadelstore.com\\\/fr\\\/\",\"logo\":{\"@type\":\"ImageObject\",\"inLanguage\":\"fr-FR\",\"@id\":\"https:\\\/\\\/revolutionpadelstore.com\\\/fr\\\/#\\\/schema\\\/logo\\\/image\\\/\",\"url\":\"https:\\\/\\\/revolutionpadelstore.com\\\/wp-content\\\/uploads\\\/2026\\\/02\\\/revolution-padel-store.jpg\",\"contentUrl\":\"https:\\\/\\\/revolutionpadelstore.com\\\/wp-content\\\/uploads\\\/2026\\\/02\\\/revolution-padel-store.jpg\",\"width\":2000,\"height\":2000,\"caption\":\"Revolution Padel Store\"},\"image\":{\"@id\":\"https:\\\/\\\/revolutionpadelstore.com\\\/fr\\\/#\\\/schema\\\/logo\\\/image\\\/\"},\"sameAs\":[\"https:\\\/\\\/www.instagram.com\\\/revolutionpadelstore\\\/\"]}]}<\/script>\n<!-- \/ Yoast SEO plugin. -->","yoast_head_json":{"title":"PALETERO BULLPADEL ALEJANDRA SALAZAR FLOW BPP-25006 072 Aguamarina - Revolution Padel Store","description":"El Paletero Bullpadel Alejandra Salazar Flow BPP-25006 es el complemento perfecto para los amantes del p\u00e1del que buscan estilo, funcionalidad y comodidad.Dise\u00f1ado con la colaboraci\u00f3n de la jugadora profesional Alejandra Salazar, este paletero combina un dise\u00f1o atractivo con caracter\u00edsticas t\u00e9cnicas pensadas para satisfacer las necesidades de los jugadores mas exigentes.","robots":{"index":"index","follow":"follow","max-snippet":"max-snippet:-1","max-image-preview":"max-image-preview:large","max-video-preview":"max-video-preview:-1"},"canonical":"https:\/\/revolutionpadelstore.com\/fr\/produit\/paletero-bullpadel-alejandra-salazar-flow-bpp-25006-072-aguamarina-3\/","og_locale":"fr_FR","og_type":"article","og_title":"PALETERO BULLPADEL ALEJANDRA SALAZAR FLOW BPP-25006 072 Aguamarina - Revolution Padel Store","og_description":"El Paletero Bullpadel Alejandra Salazar Flow BPP-25006 es el complemento perfecto para los amantes del p\u00e1del que buscan estilo, funcionalidad y comodidad.Dise\u00f1ado con la colaboraci\u00f3n de la jugadora profesional Alejandra Salazar, este paletero combina un dise\u00f1o atractivo con caracter\u00edsticas t\u00e9cnicas pensadas para satisfacer las necesidades de los jugadores mas exigentes.","og_url":"https:\/\/revolutionpadelstore.com\/fr\/produit\/paletero-bullpadel-alejandra-salazar-flow-bpp-25006-072-aguamarina-3\/","og_site_name":"Revolution Padel Store","article_modified_time":"2026-04-08T08:04:03+00:00","og_image":[{"width":1100,"height":1100,"url":"https:\/\/revolutionpadelstore.com\/wp-content\/uploads\/2024\/11\/paletero-bullpadel-alejandra-salazar-flow-bpp-25006-aguamarina-1100x1100-1.webp","type":"image\/webp"}],"twitter_card":"summary_large_image","twitter_misc":{"Dur\u00e9e de lecture estim\u00e9e":"2 minutes"},"schema":{"@context":"https:\/\/schema.org","@graph":[{"@type":"WebPage","@id":"https:\/\/revolutionpadelstore.com\/fr\/produit\/paletero-bullpadel-alejandra-salazar-flow-bpp-25006-072-aguamarina-3\/","url":"https:\/\/revolutionpadelstore.com\/fr\/produit\/paletero-bullpadel-alejandra-salazar-flow-bpp-25006-072-aguamarina-3\/","name":"PALETERO BULLPADEL ALEJANDRA SALAZAR FLOW BPP-25006 072 Aguamarina - Revolution Padel Store","isPartOf":{"@id":"https:\/\/revolutionpadelstore.com\/fr\/#website"},"primaryImageOfPage":{"@id":"https:\/\/revolutionpadelstore.com\/fr\/produit\/paletero-bullpadel-alejandra-salazar-flow-bpp-25006-072-aguamarina-3\/#primaryimage"},"image":{"@id":"https:\/\/revolutionpadelstore.com\/fr\/produit\/paletero-bullpadel-alejandra-salazar-flow-bpp-25006-072-aguamarina-3\/#primaryimage"},"thumbnailUrl":"https:\/\/revolutionpadelstore.com\/wp-content\/uploads\/2024\/11\/paletero-bullpadel-alejandra-salazar-flow-bpp-25006-aguamarina-1100x1100-1.webp","datePublished":"2024-11-26T23:08:18+00:00","dateModified":"2026-04-08T08:04:03+00:00","description":"El Paletero Bullpadel Alejandra Salazar Flow BPP-25006 es el complemento perfecto para los amantes del p\u00e1del que buscan estilo, funcionalidad y comodidad.Dise\u00f1ado con la colaboraci\u00f3n de la jugadora profesional Alejandra Salazar, este paletero combina un dise\u00f1o atractivo con caracter\u00edsticas t\u00e9cnicas pensadas para satisfacer las necesidades de los jugadores mas exigentes.","breadcrumb":{"@id":"https:\/\/revolutionpadelstore.com\/fr\/produit\/paletero-bullpadel-alejandra-salazar-flow-bpp-25006-072-aguamarina-3\/#breadcrumb"},"inLanguage":"fr-FR","potentialAction":[{"@type":"ReadAction","target":["https:\/\/revolutionpadelstore.com\/fr\/produit\/paletero-bullpadel-alejandra-salazar-flow-bpp-25006-072-aguamarina-3\/"]}]},{"@type":"ImageObject","inLanguage":"fr-FR","@id":"https:\/\/revolutionpadelstore.com\/fr\/produit\/paletero-bullpadel-alejandra-salazar-flow-bpp-25006-072-aguamarina-3\/#primaryimage","url":"https:\/\/revolutionpadelstore.com\/wp-content\/uploads\/2024\/11\/paletero-bullpadel-alejandra-salazar-flow-bpp-25006-aguamarina-1100x1100-1.webp","contentUrl":"https:\/\/revolutionpadelstore.com\/wp-content\/uploads\/2024\/11\/paletero-bullpadel-alejandra-salazar-flow-bpp-25006-aguamarina-1100x1100-1.webp","width":1100,"height":1100},{"@type":"BreadcrumbList","@id":"https:\/\/revolutionpadelstore.com\/fr\/produit\/paletero-bullpadel-alejandra-salazar-flow-bpp-25006-072-aguamarina-3\/#breadcrumb","itemListElement":[{"@type":"ListItem","position":1,"name":"Portada","item":"https:\/\/revolutionpadelstore.com\/fr\/"},{"@type":"ListItem","position":2,"name":"Boutique","item":"https:\/\/revolutionpadelstore.com\/fr\/tienda\/"},{"@type":"ListItem","position":3,"name":"PALETERO BULLPADEL ALEJANDRA SALAZAR FLOW BPP-25006 072 Aguamarina"}]},{"@type":"WebSite","@id":"https:\/\/revolutionpadelstore.com\/fr\/#website","url":"https:\/\/revolutionpadelstore.com\/fr\/","name":"Revolution Padel Store","description":"","publisher":{"@id":"https:\/\/revolutionpadelstore.com\/fr\/#organization"},"potentialAction":[{"@type":"SearchAction","target":{"@type":"EntryPoint","urlTemplate":"https:\/\/revolutionpadelstore.com\/fr\/?s={search_term_string}"},"query-input":{"@type":"PropertyValueSpecification","valueRequired":true,"valueName":"search_term_string"}}],"inLanguage":"fr-FR"},{"@type":"Organization","@id":"https:\/\/revolutionpadelstore.com\/fr\/#organization","name":"Revolution Padel Store","url":"https:\/\/revolutionpadelstore.com\/fr\/","logo":{"@type":"ImageObject","inLanguage":"fr-FR","@id":"https:\/\/revolutionpadelstore.com\/fr\/#\/schema\/logo\/image\/","url":"https:\/\/revolutionpadelstore.com\/wp-content\/uploads\/2026\/02\/revolution-padel-store.jpg","contentUrl":"https:\/\/revolutionpadelstore.com\/wp-content\/uploads\/2026\/02\/revolution-padel-store.jpg","width":2000,"height":2000,"caption":"Revolution Padel Store"},"image":{"@id":"https:\/\/revolutionpadelstore.com\/fr\/#\/schema\/logo\/image\/"},"sameAs":["https:\/\/www.instagram.com\/revolutionpadelstore\/"]}]}},"_links":{"self":[{"href":"https:\/\/revolutionpadelstore.com\/fr\/wp-json\/wp\/v2\/product\/129366","targetHints":{"allow":["GET"]}}],"collection":[{"href":"https:\/\/revolutionpadelstore.com\/fr\/wp-json\/wp\/v2\/product"}],"about":[{"href":"https:\/\/revolutionpadelstore.com\/fr\/wp-json\/wp\/v2\/types\/product"}],"replies":[{"embeddable":true,"href":"https:\/\/revolutionpadelstore.com\/fr\/wp-json\/wp\/v2\/comments?post=129366"}],"wp:featuredmedia":[{"embeddable":true,"href":"https:\/\/revolutionpadelstore.com\/fr\/wp-json\/wp\/v2\/media\/129337"}],"wp:attachment":[{"href":"https:\/\/revolutionpadelstore.com\/fr\/wp-json\/wp\/v2\/media?parent=129366"}],"wp:term":[{"taxonomy":"acabado","embeddable":true,"href":"https:\/\/revolutionpadelstore.com\/fr\/wp-json\/wp\/v2\/acabado?post=129366"},{"taxonomy":"balance","embeddable":true,"href":"https:\/\/revolutionpadelstore.com\/fr\/wp-json\/wp\/v2\/balance?post=129366"},{"taxonomy":"dureza","embeddable":true,"href":"https:\/\/revolutionpadelstore.com\/fr\/wp-json\/wp\/v2\/dureza?post=129366"},{"taxonomy":"forma","embeddable":true,"href":"https:\/\/revolutionpadelstore.com\/fr\/wp-json\/wp\/v2\/forma?post=129366"},{"taxonomy":"jugador","embeddable":true,"href":"https:\/\/revolutionpadelstore.com\/fr\/wp-json\/wp\/v2\/jugador?post=129366"},{"taxonomy":"marca","embeddable":true,"href":"https:\/\/revolutionpadelstore.com\/fr\/wp-json\/wp\/v2\/marca?post=129366"},{"taxonomy":"nivel-de-juego","embeddable":true,"href":"https:\/\/revolutionpadelstore.com\/fr\/wp-json\/wp\/v2\/nivel-de-juego?post=129366"},{"taxonomy":"superficie","embeddable":true,"href":"https:\/\/revolutionpadelstore.com\/fr\/wp-json\/wp\/v2\/superficie?post=129366"},{"taxonomy":"tipo-de-juego","embeddable":true,"href":"https:\/\/revolutionpadelstore.com\/fr\/wp-json\/wp\/v2\/tipo-de-juego?post=129366"},{"taxonomy":"product_brand","embeddable":true,"href":"https:\/\/revolutionpadelstore.com\/fr\/wp-json\/wp\/v2\/product_brand?post=129366"},{"taxonomy":"product_cat","embeddable":true,"href":"https:\/\/revolutionpadelstore.com\/fr\/wp-json\/wp\/v2\/product_cat?post=129366"},{"taxonomy":"product_tag","embeddable":true,"href":"https:\/\/revolutionpadelstore.com\/fr\/wp-json\/wp\/v2\/product_tag?post=129366"}],"curies":[{"name":"wp","href":"https:\/\/api.w.org\/{rel}","templated":true}]}}