{"id":129298,"date":"2024-11-26T23:46:49","date_gmt":"2024-11-26T22:46:49","guid":{"rendered":"https:\/\/revolutionpadelstore.com\/paletero-bullpadel-juan-tello-vertex-bpp25001-negro\/"},"modified":"2026-04-08T10:04:56","modified_gmt":"2026-04-08T08:04:56","slug":"paletero-bullpadel-juan-tello-vertex-bpp25001-negro-3","status":"publish","type":"product","link":"https:\/\/revolutionpadelstore.com\/fr\/produit\/paletero-bullpadel-juan-tello-vertex-bpp25001-negro-3\/","title":{"rendered":"PALETERO BULLPADEL JUAN TELLO VERTEX BPP25001 NEGRO"},"content":{"rendered":"<p>&lt;Il<br \/>\nLe Bullpadel Paletero Juan Tello Vertex BPP25001 est l&#039;accessoire parfait pour les joueurs de paddle \u00e0 la recherche de fonctionnalit\u00e9s, de capacit\u00e9 et d&#039;une conception attrayante.<\/p>\n<p>Con\u00e7u en collaboration avec le joueur professionnel Juan Tello, ce Paletero propose une excellente organisation pour transporter tout ce qui est n\u00e9cessaire dans chaque jeu, avec des soins particuliers dans la protection des pelles.<\/p>\n<h2> Caract\u00e9ristiques principales: <\/h2>\n<p><Div class=\"flex max-w-souppl-COLUP flex-Grow\"><br \/>\n<Div class=\"Min-H-8 Text-Message Flex W-Suppress Flee Flee-Message-auteur-Role =\"><\/p>\n<div class=\"flex w-flex-flex-col Gap-1 EMTY: Hidden First: pt- [3px]\">&gt;<\/p>\n<div class=\"Markdown continu\u00e9 W-Full Break-Words Dark: Prose-invert Dark\">\n<p><strong> Design exclusif <\/strong>: Avec un style moderne et sophistiqu\u00e9, inspir\u00e9 de Juan Tello, il pr\u00e9sente des d\u00e9tails qui refl\u00e8tent sa personnalit\u00e9 et son professionnalisme dans le monde de la pagaie.<\/p>\n<p><strong> Compartiment principal <\/strong>: large et pratique, id\u00e9al pour garder les v\u00eatements, les serviettes, les balles et autres accessoires essentiels pour le tennis \u00e0 palette.<\/p>\n<p><strong> Deux compartiments thermiques <\/strong>: Avec un rev\u00eatement sp\u00e9cial qui prot\u00e8ge jusqu&#8217;\u00e0 quatre lames de changements de temp\u00e9rature, garantissant son int\u00e9grit\u00e9 et ses performances dans n&#8217;importe quelle condition climatique.<\/p>\n<p><strong> poche lat\u00e9rale ext\u00e9rieure <\/strong>: une petite poche lat\u00e9rale facilement accessible, parfaite pour garder des objets personnels tels que les cl\u00e9s, le portefeuille, le t\u00e9l\u00e9phone mobile ou les plus petits accessoires.<\/p>\n<p><strong> poign\u00e9es r\u00e9glables et rembourr\u00e9es <\/strong>: sangles ergonomiques qui lui permettent de le transporter sous forme de sac \u00e0 dos, offrant un confort et une distribution de poids \u00e9quilibr\u00e9e.<\/p>\n<p><strong> Mat\u00e9riau r\u00e9sistant <\/strong>: Fabriqu\u00e9 avec des mat\u00e9riaux de haute qualit\u00e9 qui assurent une longue dur\u00e9e de vie et des conditions d&#8217;usure et des conditions d\u00e9favorables.<\/p>\n<p><strong> taille approximative <\/strong>: spacieux mais compact, id\u00e9al pour transporter tout n\u00e9cessaire sans \u00eatre volumineux.<\/p>\n<p>Le <strong> bullpadel paletero Juan Tello Vertex BPP25001 <\/strong> est la combinaison parfaite de style, de capacit\u00e9 et de fonctionnalit\u00e9. Avec leur conception minutieuse et leurs compartiments sp\u00e9cialis\u00e9s, il est id\u00e9al pour exiger les joueurs qui souhaitent garder leurs \u00e9quipes organis\u00e9es et prot\u00e9g\u00e9es, tout en se d\u00e9marquant sur la piste avec le soutien d&#8217;une marque de premier plan telle que Bullpadel.<\/p>\n<\/div>\n<\/div>\n<\/div>\n<\/div>\n<div class=\"MB-2 Flex Gap-3 EMTY: Hidden -Ml-2\">\n<div class=\"items-center justify-start arrond-xl p-1 flex\">\n<div class=\"flex items-center\"> <\/div>\n<\/div>\n<\/div>\n","protected":false},"excerpt":{"rendered":"<p>&lt;Il Le Bullpadel Paletero Juan Tello Vertex BPP25001 est l&#039;accessoire parfait pour les joueurs de paddle \u00e0 la recherche de fonctionnalit\u00e9s, de capacit\u00e9 et d&#039;une conception attrayante. Con\u00e7u en collaboration avec le joueur professionnel Juan Tello, ce Paletero propose une excellente organisation pour transporter tout ce qui est n\u00e9cessaire dans chaque jeu, avec des soins [&hellip;]<\/p>\n","protected":false},"featured_media":129269,"comment_status":"open","ping_status":"closed","template":"","meta":{"_acf_changed":false,"_joinchat":[]},"acabado":[],"balance":[],"dureza":[],"forma":[],"jugador":[],"marca":[1257],"nivel-de-juego":[],"superficie":[],"tipo-de-juego":[],"product_brand":[],"product_cat":[320],"product_tag":[],"class_list":{"0":"post-129298","1":"product","2":"type-product","3":"status-publish","4":"has-post-thumbnail","6":"marca-bullpadel-fr","7":"product_cat-sacs","9":"first","10":"instock","11":"sale","12":"taxable","13":"shipping-taxable","14":"purchasable","15":"product-type-simple"},"acf":[],"yoast_head":"<!-- This site is optimized with the Yoast SEO plugin v27.4 - https:\/\/yoast.com\/product\/yoast-seo-wordpress\/ -->\n<title>PALETERO BULLPADEL JUAN TELLO VERTEX BPP25001 NEGRO - Revolution Padel Store<\/title>\n<meta name=\"description\" content=\"El Paletero Bullpadel Juan Tello Vertex BPP25001 es la combinacion perfecta de estilo, capacidad y funcionalidad.Con su diseno cuidado y sus compartimentos especificos, es ideal para jugadores exigentes que buscan mantener organizados y protegidos sus equipos mientras destacan en la pista con el respaldo de una marca lider como Bullpadel.\" \/>\n<meta name=\"robots\" content=\"index, follow, max-snippet:-1, max-image-preview:large, max-video-preview:-1\" \/>\n<link rel=\"canonical\" href=\"https:\/\/revolutionpadelstore.com\/fr\/produit\/paletero-bullpadel-juan-tello-vertex-bpp25001-negro-3\/\" \/>\n<meta property=\"og:locale\" content=\"fr_FR\" \/>\n<meta property=\"og:type\" content=\"article\" \/>\n<meta property=\"og:title\" content=\"PALETERO BULLPADEL JUAN TELLO VERTEX BPP25001 NEGRO - Revolution Padel Store\" \/>\n<meta property=\"og:description\" content=\"El Paletero Bullpadel Juan Tello Vertex BPP25001 es la combinacion perfecta de estilo, capacidad y funcionalidad.Con su diseno cuidado y sus compartimentos especificos, es ideal para jugadores exigentes que buscan mantener organizados y protegidos sus equipos mientras destacan en la pista con el respaldo de una marca lider como Bullpadel.\" \/>\n<meta property=\"og:url\" content=\"https:\/\/revolutionpadelstore.com\/fr\/produit\/paletero-bullpadel-juan-tello-vertex-bpp25001-negro-3\/\" \/>\n<meta property=\"og:site_name\" content=\"Revolution Padel Store\" \/>\n<meta property=\"article:modified_time\" content=\"2026-04-08T08:04:56+00:00\" \/>\n<meta property=\"og:image\" content=\"https:\/\/revolutionpadelstore.com\/wp-content\/uploads\/2024\/11\/paletero-bullpadel-juan-tello-vertex-bpp25001-negro-1000x1000-1.webp\" \/>\n\t<meta property=\"og:image:width\" content=\"1000\" \/>\n\t<meta property=\"og:image:height\" content=\"1000\" \/>\n\t<meta property=\"og:image:type\" content=\"image\/webp\" \/>\n<meta name=\"twitter:card\" content=\"summary_large_image\" \/>\n<meta name=\"twitter:label1\" content=\"Dur\u00e9e de lecture estim\u00e9e\" \/>\n\t<meta name=\"twitter:data1\" content=\"2 minutes\" \/>\n<script type=\"application\/ld+json\" class=\"yoast-schema-graph\">{\"@context\":\"https:\\\/\\\/schema.org\",\"@graph\":[{\"@type\":\"WebPage\",\"@id\":\"https:\\\/\\\/revolutionpadelstore.com\\\/fr\\\/produit\\\/paletero-bullpadel-juan-tello-vertex-bpp25001-negro-3\\\/\",\"url\":\"https:\\\/\\\/revolutionpadelstore.com\\\/fr\\\/produit\\\/paletero-bullpadel-juan-tello-vertex-bpp25001-negro-3\\\/\",\"name\":\"PALETERO BULLPADEL JUAN TELLO VERTEX BPP25001 NEGRO - Revolution Padel Store\",\"isPartOf\":{\"@id\":\"https:\\\/\\\/revolutionpadelstore.com\\\/fr\\\/#website\"},\"primaryImageOfPage\":{\"@id\":\"https:\\\/\\\/revolutionpadelstore.com\\\/fr\\\/produit\\\/paletero-bullpadel-juan-tello-vertex-bpp25001-negro-3\\\/#primaryimage\"},\"image\":{\"@id\":\"https:\\\/\\\/revolutionpadelstore.com\\\/fr\\\/produit\\\/paletero-bullpadel-juan-tello-vertex-bpp25001-negro-3\\\/#primaryimage\"},\"thumbnailUrl\":\"https:\\\/\\\/revolutionpadelstore.com\\\/wp-content\\\/uploads\\\/2024\\\/11\\\/paletero-bullpadel-juan-tello-vertex-bpp25001-negro-1000x1000-1.webp\",\"datePublished\":\"2024-11-26T22:46:49+00:00\",\"dateModified\":\"2026-04-08T08:04:56+00:00\",\"description\":\"El Paletero Bullpadel Juan Tello Vertex BPP25001 es la combinacion perfecta de estilo, capacidad y funcionalidad.Con su diseno cuidado y sus compartimentos especificos, es ideal para jugadores exigentes que buscan mantener organizados y protegidos sus equipos mientras destacan en la pista con el respaldo de una marca lider como Bullpadel.\",\"breadcrumb\":{\"@id\":\"https:\\\/\\\/revolutionpadelstore.com\\\/fr\\\/produit\\\/paletero-bullpadel-juan-tello-vertex-bpp25001-negro-3\\\/#breadcrumb\"},\"inLanguage\":\"fr-FR\",\"potentialAction\":[{\"@type\":\"ReadAction\",\"target\":[\"https:\\\/\\\/revolutionpadelstore.com\\\/fr\\\/produit\\\/paletero-bullpadel-juan-tello-vertex-bpp25001-negro-3\\\/\"]}]},{\"@type\":\"ImageObject\",\"inLanguage\":\"fr-FR\",\"@id\":\"https:\\\/\\\/revolutionpadelstore.com\\\/fr\\\/produit\\\/paletero-bullpadel-juan-tello-vertex-bpp25001-negro-3\\\/#primaryimage\",\"url\":\"https:\\\/\\\/revolutionpadelstore.com\\\/wp-content\\\/uploads\\\/2024\\\/11\\\/paletero-bullpadel-juan-tello-vertex-bpp25001-negro-1000x1000-1.webp\",\"contentUrl\":\"https:\\\/\\\/revolutionpadelstore.com\\\/wp-content\\\/uploads\\\/2024\\\/11\\\/paletero-bullpadel-juan-tello-vertex-bpp25001-negro-1000x1000-1.webp\",\"width\":1000,\"height\":1000},{\"@type\":\"BreadcrumbList\",\"@id\":\"https:\\\/\\\/revolutionpadelstore.com\\\/fr\\\/produit\\\/paletero-bullpadel-juan-tello-vertex-bpp25001-negro-3\\\/#breadcrumb\",\"itemListElement\":[{\"@type\":\"ListItem\",\"position\":1,\"name\":\"Portada\",\"item\":\"https:\\\/\\\/revolutionpadelstore.com\\\/fr\\\/\"},{\"@type\":\"ListItem\",\"position\":2,\"name\":\"Boutique\",\"item\":\"https:\\\/\\\/revolutionpadelstore.com\\\/fr\\\/tienda\\\/\"},{\"@type\":\"ListItem\",\"position\":3,\"name\":\"PALETERO BULLPADEL JUAN TELLO VERTEX BPP25001 NEGRO\"}]},{\"@type\":\"WebSite\",\"@id\":\"https:\\\/\\\/revolutionpadelstore.com\\\/fr\\\/#website\",\"url\":\"https:\\\/\\\/revolutionpadelstore.com\\\/fr\\\/\",\"name\":\"Revolution Padel Store\",\"description\":\"\",\"publisher\":{\"@id\":\"https:\\\/\\\/revolutionpadelstore.com\\\/fr\\\/#organization\"},\"potentialAction\":[{\"@type\":\"SearchAction\",\"target\":{\"@type\":\"EntryPoint\",\"urlTemplate\":\"https:\\\/\\\/revolutionpadelstore.com\\\/fr\\\/?s={search_term_string}\"},\"query-input\":{\"@type\":\"PropertyValueSpecification\",\"valueRequired\":true,\"valueName\":\"search_term_string\"}}],\"inLanguage\":\"fr-FR\"},{\"@type\":\"Organization\",\"@id\":\"https:\\\/\\\/revolutionpadelstore.com\\\/fr\\\/#organization\",\"name\":\"Revolution Padel Store\",\"url\":\"https:\\\/\\\/revolutionpadelstore.com\\\/fr\\\/\",\"logo\":{\"@type\":\"ImageObject\",\"inLanguage\":\"fr-FR\",\"@id\":\"https:\\\/\\\/revolutionpadelstore.com\\\/fr\\\/#\\\/schema\\\/logo\\\/image\\\/\",\"url\":\"https:\\\/\\\/revolutionpadelstore.com\\\/wp-content\\\/uploads\\\/2026\\\/02\\\/revolution-padel-store.jpg\",\"contentUrl\":\"https:\\\/\\\/revolutionpadelstore.com\\\/wp-content\\\/uploads\\\/2026\\\/02\\\/revolution-padel-store.jpg\",\"width\":2000,\"height\":2000,\"caption\":\"Revolution Padel Store\"},\"image\":{\"@id\":\"https:\\\/\\\/revolutionpadelstore.com\\\/fr\\\/#\\\/schema\\\/logo\\\/image\\\/\"},\"sameAs\":[\"https:\\\/\\\/www.instagram.com\\\/revolutionpadelstore\\\/\"]}]}<\/script>\n<!-- \/ Yoast SEO plugin. -->","yoast_head_json":{"title":"PALETERO BULLPADEL JUAN TELLO VERTEX BPP25001 NEGRO - Revolution Padel Store","description":"El Paletero Bullpadel Juan Tello Vertex BPP25001 es la combinacion perfecta de estilo, capacidad y funcionalidad.Con su diseno cuidado y sus compartimentos especificos, es ideal para jugadores exigentes que buscan mantener organizados y protegidos sus equipos mientras destacan en la pista con el respaldo de una marca lider como Bullpadel.","robots":{"index":"index","follow":"follow","max-snippet":"max-snippet:-1","max-image-preview":"max-image-preview:large","max-video-preview":"max-video-preview:-1"},"canonical":"https:\/\/revolutionpadelstore.com\/fr\/produit\/paletero-bullpadel-juan-tello-vertex-bpp25001-negro-3\/","og_locale":"fr_FR","og_type":"article","og_title":"PALETERO BULLPADEL JUAN TELLO VERTEX BPP25001 NEGRO - Revolution Padel Store","og_description":"El Paletero Bullpadel Juan Tello Vertex BPP25001 es la combinacion perfecta de estilo, capacidad y funcionalidad.Con su diseno cuidado y sus compartimentos especificos, es ideal para jugadores exigentes que buscan mantener organizados y protegidos sus equipos mientras destacan en la pista con el respaldo de una marca lider como Bullpadel.","og_url":"https:\/\/revolutionpadelstore.com\/fr\/produit\/paletero-bullpadel-juan-tello-vertex-bpp25001-negro-3\/","og_site_name":"Revolution Padel Store","article_modified_time":"2026-04-08T08:04:56+00:00","og_image":[{"width":1000,"height":1000,"url":"https:\/\/revolutionpadelstore.com\/wp-content\/uploads\/2024\/11\/paletero-bullpadel-juan-tello-vertex-bpp25001-negro-1000x1000-1.webp","type":"image\/webp"}],"twitter_card":"summary_large_image","twitter_misc":{"Dur\u00e9e de lecture estim\u00e9e":"2 minutes"},"schema":{"@context":"https:\/\/schema.org","@graph":[{"@type":"WebPage","@id":"https:\/\/revolutionpadelstore.com\/fr\/produit\/paletero-bullpadel-juan-tello-vertex-bpp25001-negro-3\/","url":"https:\/\/revolutionpadelstore.com\/fr\/produit\/paletero-bullpadel-juan-tello-vertex-bpp25001-negro-3\/","name":"PALETERO BULLPADEL JUAN TELLO VERTEX BPP25001 NEGRO - Revolution Padel Store","isPartOf":{"@id":"https:\/\/revolutionpadelstore.com\/fr\/#website"},"primaryImageOfPage":{"@id":"https:\/\/revolutionpadelstore.com\/fr\/produit\/paletero-bullpadel-juan-tello-vertex-bpp25001-negro-3\/#primaryimage"},"image":{"@id":"https:\/\/revolutionpadelstore.com\/fr\/produit\/paletero-bullpadel-juan-tello-vertex-bpp25001-negro-3\/#primaryimage"},"thumbnailUrl":"https:\/\/revolutionpadelstore.com\/wp-content\/uploads\/2024\/11\/paletero-bullpadel-juan-tello-vertex-bpp25001-negro-1000x1000-1.webp","datePublished":"2024-11-26T22:46:49+00:00","dateModified":"2026-04-08T08:04:56+00:00","description":"El Paletero Bullpadel Juan Tello Vertex BPP25001 es la combinacion perfecta de estilo, capacidad y funcionalidad.Con su diseno cuidado y sus compartimentos especificos, es ideal para jugadores exigentes que buscan mantener organizados y protegidos sus equipos mientras destacan en la pista con el respaldo de una marca lider como Bullpadel.","breadcrumb":{"@id":"https:\/\/revolutionpadelstore.com\/fr\/produit\/paletero-bullpadel-juan-tello-vertex-bpp25001-negro-3\/#breadcrumb"},"inLanguage":"fr-FR","potentialAction":[{"@type":"ReadAction","target":["https:\/\/revolutionpadelstore.com\/fr\/produit\/paletero-bullpadel-juan-tello-vertex-bpp25001-negro-3\/"]}]},{"@type":"ImageObject","inLanguage":"fr-FR","@id":"https:\/\/revolutionpadelstore.com\/fr\/produit\/paletero-bullpadel-juan-tello-vertex-bpp25001-negro-3\/#primaryimage","url":"https:\/\/revolutionpadelstore.com\/wp-content\/uploads\/2024\/11\/paletero-bullpadel-juan-tello-vertex-bpp25001-negro-1000x1000-1.webp","contentUrl":"https:\/\/revolutionpadelstore.com\/wp-content\/uploads\/2024\/11\/paletero-bullpadel-juan-tello-vertex-bpp25001-negro-1000x1000-1.webp","width":1000,"height":1000},{"@type":"BreadcrumbList","@id":"https:\/\/revolutionpadelstore.com\/fr\/produit\/paletero-bullpadel-juan-tello-vertex-bpp25001-negro-3\/#breadcrumb","itemListElement":[{"@type":"ListItem","position":1,"name":"Portada","item":"https:\/\/revolutionpadelstore.com\/fr\/"},{"@type":"ListItem","position":2,"name":"Boutique","item":"https:\/\/revolutionpadelstore.com\/fr\/tienda\/"},{"@type":"ListItem","position":3,"name":"PALETERO BULLPADEL JUAN TELLO VERTEX BPP25001 NEGRO"}]},{"@type":"WebSite","@id":"https:\/\/revolutionpadelstore.com\/fr\/#website","url":"https:\/\/revolutionpadelstore.com\/fr\/","name":"Revolution Padel Store","description":"","publisher":{"@id":"https:\/\/revolutionpadelstore.com\/fr\/#organization"},"potentialAction":[{"@type":"SearchAction","target":{"@type":"EntryPoint","urlTemplate":"https:\/\/revolutionpadelstore.com\/fr\/?s={search_term_string}"},"query-input":{"@type":"PropertyValueSpecification","valueRequired":true,"valueName":"search_term_string"}}],"inLanguage":"fr-FR"},{"@type":"Organization","@id":"https:\/\/revolutionpadelstore.com\/fr\/#organization","name":"Revolution Padel Store","url":"https:\/\/revolutionpadelstore.com\/fr\/","logo":{"@type":"ImageObject","inLanguage":"fr-FR","@id":"https:\/\/revolutionpadelstore.com\/fr\/#\/schema\/logo\/image\/","url":"https:\/\/revolutionpadelstore.com\/wp-content\/uploads\/2026\/02\/revolution-padel-store.jpg","contentUrl":"https:\/\/revolutionpadelstore.com\/wp-content\/uploads\/2026\/02\/revolution-padel-store.jpg","width":2000,"height":2000,"caption":"Revolution Padel Store"},"image":{"@id":"https:\/\/revolutionpadelstore.com\/fr\/#\/schema\/logo\/image\/"},"sameAs":["https:\/\/www.instagram.com\/revolutionpadelstore\/"]}]}},"_links":{"self":[{"href":"https:\/\/revolutionpadelstore.com\/fr\/wp-json\/wp\/v2\/product\/129298","targetHints":{"allow":["GET"]}}],"collection":[{"href":"https:\/\/revolutionpadelstore.com\/fr\/wp-json\/wp\/v2\/product"}],"about":[{"href":"https:\/\/revolutionpadelstore.com\/fr\/wp-json\/wp\/v2\/types\/product"}],"replies":[{"embeddable":true,"href":"https:\/\/revolutionpadelstore.com\/fr\/wp-json\/wp\/v2\/comments?post=129298"}],"wp:featuredmedia":[{"embeddable":true,"href":"https:\/\/revolutionpadelstore.com\/fr\/wp-json\/wp\/v2\/media\/129269"}],"wp:attachment":[{"href":"https:\/\/revolutionpadelstore.com\/fr\/wp-json\/wp\/v2\/media?parent=129298"}],"wp:term":[{"taxonomy":"acabado","embeddable":true,"href":"https:\/\/revolutionpadelstore.com\/fr\/wp-json\/wp\/v2\/acabado?post=129298"},{"taxonomy":"balance","embeddable":true,"href":"https:\/\/revolutionpadelstore.com\/fr\/wp-json\/wp\/v2\/balance?post=129298"},{"taxonomy":"dureza","embeddable":true,"href":"https:\/\/revolutionpadelstore.com\/fr\/wp-json\/wp\/v2\/dureza?post=129298"},{"taxonomy":"forma","embeddable":true,"href":"https:\/\/revolutionpadelstore.com\/fr\/wp-json\/wp\/v2\/forma?post=129298"},{"taxonomy":"jugador","embeddable":true,"href":"https:\/\/revolutionpadelstore.com\/fr\/wp-json\/wp\/v2\/jugador?post=129298"},{"taxonomy":"marca","embeddable":true,"href":"https:\/\/revolutionpadelstore.com\/fr\/wp-json\/wp\/v2\/marca?post=129298"},{"taxonomy":"nivel-de-juego","embeddable":true,"href":"https:\/\/revolutionpadelstore.com\/fr\/wp-json\/wp\/v2\/nivel-de-juego?post=129298"},{"taxonomy":"superficie","embeddable":true,"href":"https:\/\/revolutionpadelstore.com\/fr\/wp-json\/wp\/v2\/superficie?post=129298"},{"taxonomy":"tipo-de-juego","embeddable":true,"href":"https:\/\/revolutionpadelstore.com\/fr\/wp-json\/wp\/v2\/tipo-de-juego?post=129298"},{"taxonomy":"product_brand","embeddable":true,"href":"https:\/\/revolutionpadelstore.com\/fr\/wp-json\/wp\/v2\/product_brand?post=129298"},{"taxonomy":"product_cat","embeddable":true,"href":"https:\/\/revolutionpadelstore.com\/fr\/wp-json\/wp\/v2\/product_cat?post=129298"},{"taxonomy":"product_tag","embeddable":true,"href":"https:\/\/revolutionpadelstore.com\/fr\/wp-json\/wp\/v2\/product_tag?post=129298"}],"curies":[{"name":"wp","href":"https:\/\/api.w.org\/{rel}","templated":true}]}}