{"id":129211,"date":"2024-11-26T13:53:26","date_gmt":"2024-11-26T12:53:26","guid":{"rendered":"https:\/\/revolutionpadelstore.com\/camiseta-head-arturo-coello-2025\/"},"modified":"2026-04-08T10:05:23","modified_gmt":"2026-04-08T08:05:23","slug":"camiseta-head-arturo-coello-2025-3","status":"publish","type":"product","link":"https:\/\/revolutionpadelstore.com\/fr\/produit\/camiseta-head-arturo-coello-2025-3\/","title":{"rendered":"CAMISETA HEAD ARTURO COELLO 2025"},"content":{"rendered":"<h2> <strong> style et performances dans le t-shirt Performance <\/strong> <\/h2>\n<p>Le t-shirt T-shirt Performance pour hommes, inspir\u00e9 du style d&#8217;Arturo Coello, fusionne la conception premium et la technologie avanc\u00e9e. Fabriqu\u00e9 en tissu 100% polyester jacquard, il comprend les logos de ses sponsors et est con\u00e7u pour rester frais pendant les matchs les plus exigeants. Sa technologie de cartographie corporelle dans les zones strat\u00e9giques et la technologie des microfibres de transfert d&#8217;humidit\u00e9 fournissent un effet rafra\u00eechissant et acc\u00e9l\u00e8rent le processus de s\u00e9chage des mat\u00e9riaux.<\/p>\n<p>Pour assurer le confort et la libert\u00e9 de mouvement, la chemise a des ouvertures lat\u00e9rales qui facilitent une gamme de mouvements sans restrictions. De plus, il pr\u00e9sente un collier en maille Jacquard, une sangle sur le cou avec le logo de la t\u00eate, des manches Ragl\u00e1n pour une plus grande flexibilit\u00e9 et le logo de triangle de la t\u00eate embl\u00e9matique.<\/p>\n<p><strong> D\u00e9tails du produit: <\/strong><\/p>\n<p> &#8211; Mat\u00e9riel: Tissue de polyester Jacquard 100% <\/p>\n<p style=\"padding-left: 40px\"> &#8211; Technologie: transfert d&#8217;humidit\u00e9 microfibra pour le s\u00e9chage rapide et la fra\u00eecheur <\/p>\n<p> &#8211; Collier: Flat Tissue Jacquard Mesh <\/p>\n<p style=\"padding-left: 40px\"> &#8211; Ventilation: technologie de cartographie corporelle dans les zones cl\u00e9s <\/p>\n<p style=\"padding-left: 40px\"> &#8211; ruban de cou: avec la marque de cap <\/p>\n<p style=\"padding-left: 40px\"> &#8211; manches: ragl\u00e1n pour plus de libert\u00e9 de mouvement <\/p>\n<p style=\"padding-left: 40px\"> &#8211; ouvertures lat\u00e9rales: pour la mobilit\u00e9 sans restriction <\/p>\n<p style=\"padding-left: 40px\"> &#8211; Sexe: homme <\/p>\n<p style=\"padding-left: 40px\"> &#8211; Couleur: blanc <\/p>\n","protected":false},"excerpt":{"rendered":"<p>style et performances dans le t-shirt Performance Le t-shirt T-shirt Performance pour hommes, inspir\u00e9 du style d&#8217;Arturo Coello, fusionne la conception premium et la technologie avanc\u00e9e. Fabriqu\u00e9 en tissu 100% polyester jacquard, il comprend les logos de ses sponsors et est con\u00e7u pour rester frais pendant les matchs les plus exigeants. Sa technologie de cartographie [&hellip;]<\/p>\n","protected":false},"featured_media":129221,"comment_status":"open","ping_status":"closed","template":"","meta":{"_acf_changed":false,"_joinchat":[]},"acabado":[],"balance":[],"dureza":[],"forma":[],"jugador":[1192],"marca":[1222],"nivel-de-juego":[],"superficie":[],"tipo-de-juego":[],"product_brand":[],"product_cat":[344],"product_tag":[],"class_list":{"0":"post-129211","1":"product","2":"type-product","3":"status-publish","4":"has-post-thumbnail","6":"jugador-homme","7":"marca-tete","8":"product_cat-ropa-fr","10":"first","11":"outofstock","12":"sale","13":"taxable","14":"shipping-taxable","15":"purchasable","16":"product-type-variable"},"acf":[],"yoast_head":"<!-- This site is optimized with the Yoast SEO plugin v27.4 - https:\/\/yoast.com\/product\/yoast-seo-wordpress\/ -->\n<title>CAMISETA HEAD ARTURO COELLO 2025 - Revolution Padel Store<\/title>\n<meta name=\"description\" content=\"La camiseta PERFORMANCE T-SHIRT para hombre, inspirada en el estilo de Arturo Coello, fusiona dise\u00f1o premium y tecnolog\u00eda avanzada. Elaborada en tejido jacquard de poli\u00e9ster 100%, incluye los logos de sus patrocinadores y est\u00e1 pensada para mantenerte fresco durante los partidos m\u00e1s exigentes. Su tecnolog\u00eda de mapeo corporal en zonas estrat\u00e9gicas y la tecnolog\u00eda Moisture Transfer Microfiber de HEAD proporcionan un efecto refrescante y aceleran el proceso de secado del material.\" \/>\n<meta name=\"robots\" content=\"index, follow, max-snippet:-1, max-image-preview:large, max-video-preview:-1\" \/>\n<link rel=\"canonical\" href=\"https:\/\/revolutionpadelstore.com\/fr\/produit\/camiseta-head-arturo-coello-2025-3\/\" \/>\n<meta property=\"og:locale\" content=\"fr_FR\" \/>\n<meta property=\"og:type\" content=\"article\" \/>\n<meta property=\"og:title\" content=\"CAMISETA HEAD ARTURO COELLO 2025 - Revolution Padel Store\" \/>\n<meta property=\"og:description\" content=\"La camiseta PERFORMANCE T-SHIRT para hombre, inspirada en el estilo de Arturo Coello, fusiona dise\u00f1o premium y tecnolog\u00eda avanzada. Elaborada en tejido jacquard de poli\u00e9ster 100%, incluye los logos de sus patrocinadores y est\u00e1 pensada para mantenerte fresco durante los partidos m\u00e1s exigentes. Su tecnolog\u00eda de mapeo corporal en zonas estrat\u00e9gicas y la tecnolog\u00eda Moisture Transfer Microfiber de HEAD proporcionan un efecto refrescante y aceleran el proceso de secado del material.\" \/>\n<meta property=\"og:url\" content=\"https:\/\/revolutionpadelstore.com\/fr\/produit\/camiseta-head-arturo-coello-2025-3\/\" \/>\n<meta property=\"og:site_name\" content=\"Revolution Padel Store\" \/>\n<meta property=\"article:modified_time\" content=\"2026-04-08T08:05:23+00:00\" \/>\n<meta property=\"og:image\" content=\"https:\/\/revolutionpadelstore.com\/wp-content\/uploads\/2024\/11\/camiseta-Coello-2025.png\" \/>\n\t<meta property=\"og:image:width\" content=\"1500\" \/>\n\t<meta property=\"og:image:height\" content=\"1500\" \/>\n\t<meta property=\"og:image:type\" content=\"image\/png\" \/>\n<meta name=\"twitter:card\" content=\"summary_large_image\" \/>\n<meta name=\"twitter:label1\" content=\"Dur\u00e9e de lecture estim\u00e9e\" \/>\n\t<meta name=\"twitter:data1\" content=\"1 minute\" \/>\n<script type=\"application\/ld+json\" class=\"yoast-schema-graph\">{\"@context\":\"https:\\\/\\\/schema.org\",\"@graph\":[{\"@type\":\"WebPage\",\"@id\":\"https:\\\/\\\/revolutionpadelstore.com\\\/fr\\\/produit\\\/camiseta-head-arturo-coello-2025-3\\\/\",\"url\":\"https:\\\/\\\/revolutionpadelstore.com\\\/fr\\\/produit\\\/camiseta-head-arturo-coello-2025-3\\\/\",\"name\":\"CAMISETA HEAD ARTURO COELLO 2025 - Revolution Padel Store\",\"isPartOf\":{\"@id\":\"https:\\\/\\\/revolutionpadelstore.com\\\/fr\\\/#website\"},\"primaryImageOfPage\":{\"@id\":\"https:\\\/\\\/revolutionpadelstore.com\\\/fr\\\/produit\\\/camiseta-head-arturo-coello-2025-3\\\/#primaryimage\"},\"image\":{\"@id\":\"https:\\\/\\\/revolutionpadelstore.com\\\/fr\\\/produit\\\/camiseta-head-arturo-coello-2025-3\\\/#primaryimage\"},\"thumbnailUrl\":\"https:\\\/\\\/revolutionpadelstore.com\\\/wp-content\\\/uploads\\\/2024\\\/11\\\/camiseta-Coello-2025.png\",\"datePublished\":\"2024-11-26T12:53:26+00:00\",\"dateModified\":\"2026-04-08T08:05:23+00:00\",\"description\":\"La camiseta PERFORMANCE T-SHIRT para hombre, inspirada en el estilo de Arturo Coello, fusiona dise\u00f1o premium y tecnolog\u00eda avanzada. Elaborada en tejido jacquard de poli\u00e9ster 100%, incluye los logos de sus patrocinadores y est\u00e1 pensada para mantenerte fresco durante los partidos m\u00e1s exigentes. Su tecnolog\u00eda de mapeo corporal en zonas estrat\u00e9gicas y la tecnolog\u00eda Moisture Transfer Microfiber de HEAD proporcionan un efecto refrescante y aceleran el proceso de secado del material.\",\"breadcrumb\":{\"@id\":\"https:\\\/\\\/revolutionpadelstore.com\\\/fr\\\/produit\\\/camiseta-head-arturo-coello-2025-3\\\/#breadcrumb\"},\"inLanguage\":\"fr-FR\",\"potentialAction\":[{\"@type\":\"ReadAction\",\"target\":[\"https:\\\/\\\/revolutionpadelstore.com\\\/fr\\\/produit\\\/camiseta-head-arturo-coello-2025-3\\\/\"]}]},{\"@type\":\"ImageObject\",\"inLanguage\":\"fr-FR\",\"@id\":\"https:\\\/\\\/revolutionpadelstore.com\\\/fr\\\/produit\\\/camiseta-head-arturo-coello-2025-3\\\/#primaryimage\",\"url\":\"https:\\\/\\\/revolutionpadelstore.com\\\/wp-content\\\/uploads\\\/2024\\\/11\\\/camiseta-Coello-2025.png\",\"contentUrl\":\"https:\\\/\\\/revolutionpadelstore.com\\\/wp-content\\\/uploads\\\/2024\\\/11\\\/camiseta-Coello-2025.png\",\"width\":1500,\"height\":1500},{\"@type\":\"BreadcrumbList\",\"@id\":\"https:\\\/\\\/revolutionpadelstore.com\\\/fr\\\/produit\\\/camiseta-head-arturo-coello-2025-3\\\/#breadcrumb\",\"itemListElement\":[{\"@type\":\"ListItem\",\"position\":1,\"name\":\"Portada\",\"item\":\"https:\\\/\\\/revolutionpadelstore.com\\\/fr\\\/\"},{\"@type\":\"ListItem\",\"position\":2,\"name\":\"Boutique\",\"item\":\"https:\\\/\\\/revolutionpadelstore.com\\\/fr\\\/tienda\\\/\"},{\"@type\":\"ListItem\",\"position\":3,\"name\":\"CAMISETA HEAD ARTURO COELLO 2025\"}]},{\"@type\":\"WebSite\",\"@id\":\"https:\\\/\\\/revolutionpadelstore.com\\\/fr\\\/#website\",\"url\":\"https:\\\/\\\/revolutionpadelstore.com\\\/fr\\\/\",\"name\":\"Revolution Padel Store\",\"description\":\"\",\"publisher\":{\"@id\":\"https:\\\/\\\/revolutionpadelstore.com\\\/fr\\\/#organization\"},\"potentialAction\":[{\"@type\":\"SearchAction\",\"target\":{\"@type\":\"EntryPoint\",\"urlTemplate\":\"https:\\\/\\\/revolutionpadelstore.com\\\/fr\\\/?s={search_term_string}\"},\"query-input\":{\"@type\":\"PropertyValueSpecification\",\"valueRequired\":true,\"valueName\":\"search_term_string\"}}],\"inLanguage\":\"fr-FR\"},{\"@type\":\"Organization\",\"@id\":\"https:\\\/\\\/revolutionpadelstore.com\\\/fr\\\/#organization\",\"name\":\"Revolution Padel Store\",\"url\":\"https:\\\/\\\/revolutionpadelstore.com\\\/fr\\\/\",\"logo\":{\"@type\":\"ImageObject\",\"inLanguage\":\"fr-FR\",\"@id\":\"https:\\\/\\\/revolutionpadelstore.com\\\/fr\\\/#\\\/schema\\\/logo\\\/image\\\/\",\"url\":\"https:\\\/\\\/revolutionpadelstore.com\\\/wp-content\\\/uploads\\\/2026\\\/02\\\/revolution-padel-store.jpg\",\"contentUrl\":\"https:\\\/\\\/revolutionpadelstore.com\\\/wp-content\\\/uploads\\\/2026\\\/02\\\/revolution-padel-store.jpg\",\"width\":2000,\"height\":2000,\"caption\":\"Revolution Padel Store\"},\"image\":{\"@id\":\"https:\\\/\\\/revolutionpadelstore.com\\\/fr\\\/#\\\/schema\\\/logo\\\/image\\\/\"},\"sameAs\":[\"https:\\\/\\\/www.instagram.com\\\/revolutionpadelstore\\\/\"]}]}<\/script>\n<!-- \/ Yoast SEO plugin. -->","yoast_head_json":{"title":"CAMISETA HEAD ARTURO COELLO 2025 - Revolution Padel Store","description":"La camiseta PERFORMANCE T-SHIRT para hombre, inspirada en el estilo de Arturo Coello, fusiona dise\u00f1o premium y tecnolog\u00eda avanzada. Elaborada en tejido jacquard de poli\u00e9ster 100%, incluye los logos de sus patrocinadores y est\u00e1 pensada para mantenerte fresco durante los partidos m\u00e1s exigentes. Su tecnolog\u00eda de mapeo corporal en zonas estrat\u00e9gicas y la tecnolog\u00eda Moisture Transfer Microfiber de HEAD proporcionan un efecto refrescante y aceleran el proceso de secado del material.","robots":{"index":"index","follow":"follow","max-snippet":"max-snippet:-1","max-image-preview":"max-image-preview:large","max-video-preview":"max-video-preview:-1"},"canonical":"https:\/\/revolutionpadelstore.com\/fr\/produit\/camiseta-head-arturo-coello-2025-3\/","og_locale":"fr_FR","og_type":"article","og_title":"CAMISETA HEAD ARTURO COELLO 2025 - Revolution Padel Store","og_description":"La camiseta PERFORMANCE T-SHIRT para hombre, inspirada en el estilo de Arturo Coello, fusiona dise\u00f1o premium y tecnolog\u00eda avanzada. Elaborada en tejido jacquard de poli\u00e9ster 100%, incluye los logos de sus patrocinadores y est\u00e1 pensada para mantenerte fresco durante los partidos m\u00e1s exigentes. Su tecnolog\u00eda de mapeo corporal en zonas estrat\u00e9gicas y la tecnolog\u00eda Moisture Transfer Microfiber de HEAD proporcionan un efecto refrescante y aceleran el proceso de secado del material.","og_url":"https:\/\/revolutionpadelstore.com\/fr\/produit\/camiseta-head-arturo-coello-2025-3\/","og_site_name":"Revolution Padel Store","article_modified_time":"2026-04-08T08:05:23+00:00","og_image":[{"width":1500,"height":1500,"url":"https:\/\/revolutionpadelstore.com\/wp-content\/uploads\/2024\/11\/camiseta-Coello-2025.png","type":"image\/png"}],"twitter_card":"summary_large_image","twitter_misc":{"Dur\u00e9e de lecture estim\u00e9e":"1 minute"},"schema":{"@context":"https:\/\/schema.org","@graph":[{"@type":"WebPage","@id":"https:\/\/revolutionpadelstore.com\/fr\/produit\/camiseta-head-arturo-coello-2025-3\/","url":"https:\/\/revolutionpadelstore.com\/fr\/produit\/camiseta-head-arturo-coello-2025-3\/","name":"CAMISETA HEAD ARTURO COELLO 2025 - Revolution Padel Store","isPartOf":{"@id":"https:\/\/revolutionpadelstore.com\/fr\/#website"},"primaryImageOfPage":{"@id":"https:\/\/revolutionpadelstore.com\/fr\/produit\/camiseta-head-arturo-coello-2025-3\/#primaryimage"},"image":{"@id":"https:\/\/revolutionpadelstore.com\/fr\/produit\/camiseta-head-arturo-coello-2025-3\/#primaryimage"},"thumbnailUrl":"https:\/\/revolutionpadelstore.com\/wp-content\/uploads\/2024\/11\/camiseta-Coello-2025.png","datePublished":"2024-11-26T12:53:26+00:00","dateModified":"2026-04-08T08:05:23+00:00","description":"La camiseta PERFORMANCE T-SHIRT para hombre, inspirada en el estilo de Arturo Coello, fusiona dise\u00f1o premium y tecnolog\u00eda avanzada. Elaborada en tejido jacquard de poli\u00e9ster 100%, incluye los logos de sus patrocinadores y est\u00e1 pensada para mantenerte fresco durante los partidos m\u00e1s exigentes. Su tecnolog\u00eda de mapeo corporal en zonas estrat\u00e9gicas y la tecnolog\u00eda Moisture Transfer Microfiber de HEAD proporcionan un efecto refrescante y aceleran el proceso de secado del material.","breadcrumb":{"@id":"https:\/\/revolutionpadelstore.com\/fr\/produit\/camiseta-head-arturo-coello-2025-3\/#breadcrumb"},"inLanguage":"fr-FR","potentialAction":[{"@type":"ReadAction","target":["https:\/\/revolutionpadelstore.com\/fr\/produit\/camiseta-head-arturo-coello-2025-3\/"]}]},{"@type":"ImageObject","inLanguage":"fr-FR","@id":"https:\/\/revolutionpadelstore.com\/fr\/produit\/camiseta-head-arturo-coello-2025-3\/#primaryimage","url":"https:\/\/revolutionpadelstore.com\/wp-content\/uploads\/2024\/11\/camiseta-Coello-2025.png","contentUrl":"https:\/\/revolutionpadelstore.com\/wp-content\/uploads\/2024\/11\/camiseta-Coello-2025.png","width":1500,"height":1500},{"@type":"BreadcrumbList","@id":"https:\/\/revolutionpadelstore.com\/fr\/produit\/camiseta-head-arturo-coello-2025-3\/#breadcrumb","itemListElement":[{"@type":"ListItem","position":1,"name":"Portada","item":"https:\/\/revolutionpadelstore.com\/fr\/"},{"@type":"ListItem","position":2,"name":"Boutique","item":"https:\/\/revolutionpadelstore.com\/fr\/tienda\/"},{"@type":"ListItem","position":3,"name":"CAMISETA HEAD ARTURO COELLO 2025"}]},{"@type":"WebSite","@id":"https:\/\/revolutionpadelstore.com\/fr\/#website","url":"https:\/\/revolutionpadelstore.com\/fr\/","name":"Revolution Padel Store","description":"","publisher":{"@id":"https:\/\/revolutionpadelstore.com\/fr\/#organization"},"potentialAction":[{"@type":"SearchAction","target":{"@type":"EntryPoint","urlTemplate":"https:\/\/revolutionpadelstore.com\/fr\/?s={search_term_string}"},"query-input":{"@type":"PropertyValueSpecification","valueRequired":true,"valueName":"search_term_string"}}],"inLanguage":"fr-FR"},{"@type":"Organization","@id":"https:\/\/revolutionpadelstore.com\/fr\/#organization","name":"Revolution Padel Store","url":"https:\/\/revolutionpadelstore.com\/fr\/","logo":{"@type":"ImageObject","inLanguage":"fr-FR","@id":"https:\/\/revolutionpadelstore.com\/fr\/#\/schema\/logo\/image\/","url":"https:\/\/revolutionpadelstore.com\/wp-content\/uploads\/2026\/02\/revolution-padel-store.jpg","contentUrl":"https:\/\/revolutionpadelstore.com\/wp-content\/uploads\/2026\/02\/revolution-padel-store.jpg","width":2000,"height":2000,"caption":"Revolution Padel Store"},"image":{"@id":"https:\/\/revolutionpadelstore.com\/fr\/#\/schema\/logo\/image\/"},"sameAs":["https:\/\/www.instagram.com\/revolutionpadelstore\/"]}]}},"_links":{"self":[{"href":"https:\/\/revolutionpadelstore.com\/fr\/wp-json\/wp\/v2\/product\/129211","targetHints":{"allow":["GET"]}}],"collection":[{"href":"https:\/\/revolutionpadelstore.com\/fr\/wp-json\/wp\/v2\/product"}],"about":[{"href":"https:\/\/revolutionpadelstore.com\/fr\/wp-json\/wp\/v2\/types\/product"}],"replies":[{"embeddable":true,"href":"https:\/\/revolutionpadelstore.com\/fr\/wp-json\/wp\/v2\/comments?post=129211"}],"wp:featuredmedia":[{"embeddable":true,"href":"https:\/\/revolutionpadelstore.com\/fr\/wp-json\/wp\/v2\/media\/129221"}],"wp:attachment":[{"href":"https:\/\/revolutionpadelstore.com\/fr\/wp-json\/wp\/v2\/media?parent=129211"}],"wp:term":[{"taxonomy":"acabado","embeddable":true,"href":"https:\/\/revolutionpadelstore.com\/fr\/wp-json\/wp\/v2\/acabado?post=129211"},{"taxonomy":"balance","embeddable":true,"href":"https:\/\/revolutionpadelstore.com\/fr\/wp-json\/wp\/v2\/balance?post=129211"},{"taxonomy":"dureza","embeddable":true,"href":"https:\/\/revolutionpadelstore.com\/fr\/wp-json\/wp\/v2\/dureza?post=129211"},{"taxonomy":"forma","embeddable":true,"href":"https:\/\/revolutionpadelstore.com\/fr\/wp-json\/wp\/v2\/forma?post=129211"},{"taxonomy":"jugador","embeddable":true,"href":"https:\/\/revolutionpadelstore.com\/fr\/wp-json\/wp\/v2\/jugador?post=129211"},{"taxonomy":"marca","embeddable":true,"href":"https:\/\/revolutionpadelstore.com\/fr\/wp-json\/wp\/v2\/marca?post=129211"},{"taxonomy":"nivel-de-juego","embeddable":true,"href":"https:\/\/revolutionpadelstore.com\/fr\/wp-json\/wp\/v2\/nivel-de-juego?post=129211"},{"taxonomy":"superficie","embeddable":true,"href":"https:\/\/revolutionpadelstore.com\/fr\/wp-json\/wp\/v2\/superficie?post=129211"},{"taxonomy":"tipo-de-juego","embeddable":true,"href":"https:\/\/revolutionpadelstore.com\/fr\/wp-json\/wp\/v2\/tipo-de-juego?post=129211"},{"taxonomy":"product_brand","embeddable":true,"href":"https:\/\/revolutionpadelstore.com\/fr\/wp-json\/wp\/v2\/product_brand?post=129211"},{"taxonomy":"product_cat","embeddable":true,"href":"https:\/\/revolutionpadelstore.com\/fr\/wp-json\/wp\/v2\/product_cat?post=129211"},{"taxonomy":"product_tag","embeddable":true,"href":"https:\/\/revolutionpadelstore.com\/fr\/wp-json\/wp\/v2\/product_tag?post=129211"}],"curies":[{"name":"wp","href":"https:\/\/api.w.org\/{rel}","templated":true}]}}