{"id":129191,"date":"2024-11-26T08:41:42","date_gmt":"2024-11-26T07:41:42","guid":{"rendered":"https:\/\/revolutionpadelstore.com\/mochila-bullpadel-bpm25022-xplo\/"},"modified":"2026-04-08T10:06:39","modified_gmt":"2026-04-08T08:06:39","slug":"mochila-bullpadel-bpm25022-xplo-005-3","status":"publish","type":"product","link":"https:\/\/revolutionpadelstore.com\/fr\/produit\/mochila-bullpadel-bpm25022-xplo-005-3\/","title":{"rendered":"MOCHILA BULLPADEL BPM25022 XPLO 005"},"content":{"rendered":"<h2> Bullpadel Black Sac \u00e0 dos noir<br \/>\nLe Bullpadel Black Black Backpack BPM-25022 est l&#8217;option id\u00e9ale pour ceux qui recherchent une protection, un confort et un style sur leur chemin vers la piste de pagaie. Con\u00e7u en pensant \u00e0 la performance de Mart\u00edn Di Nenno, ce sac \u00e0 dos offre un design moderne et pratique pour les athl\u00e8tes.<\/p>\n<p>Avec un compartiment thermos-r\u00e9frig\u00e9rant et rembourr\u00e9, il offre une excellente protection \u00e0 vos objets les plus pr\u00e9cieux, tels que la lame \u00e0 pagaie ou l&#8217;ordinateur portable, en s&#8217;assurant qu&#8217;ils sont toujours en parfait \u00e9tat. De plus, il dispose d&#8217;un compartiment principal spacieux o\u00f9 vous pouvez stocker toute votre \u00e9quipe, y compris des v\u00eatements, des serviettes et des accessoires tels que des surdireurs. Il a \u00e9galement une poche avant facilement accessible pour vos objets personnels, tels que les mobiles ou les cl\u00e9s.<\/p>\n<p>Pour un acc\u00e8s rapide et pratique pendant le jeu, le sac \u00e0 dos comprend deux poches lat\u00e9rales \u00e9lastiques, id\u00e9ales pour porter une bouteille d&#8217;eau ou un bateau \u00e0 balle. La conception comprend la signature de Mart\u00edn di Nenno, qui ajoute une touche sp\u00e9ciale d&#8217;authenticit\u00e9.<\/p>\n<p>Les sangles lat\u00e9rales permettent d&#8217;ajuster le volume du sac \u00e0 dos, offrant un plus grand confort et l&#8217;adaptabilit\u00e9 en fonction de la charge que vous portez. Avec ce mod\u00e8le, vous obtenez non seulement un sac \u00e0 dos fonctionnel, mais aussi un accessoire de style, parfait pour les amateurs de paddle qui appr\u00e9cient la qualit\u00e9 et le design. Emportez avec vous l&#8217;essence d&#8217;un champion avec ce sac \u00e0 dos con\u00e7u pour vous offrir des performances et du confort.<\/p>\n<h2>Mochila Bullpadel XPLO Negro<\/h2>\n","protected":false},"excerpt":{"rendered":"<p>Le sac \u00e0 dos noir bullpadel comprend un compartiment thermos renforc\u00e9 pour votre lame de pagaie, ainsi qu&#8217;un espace principal pour transporter tout ce dont vous avez besoin gr\u00e2ce \u00e0 ses sangles r\u00e9glables.<\/p>\n","protected":false},"featured_media":129168,"comment_status":"open","ping_status":"closed","template":"","meta":{"_acf_changed":false,"_joinchat":[]},"acabado":[],"balance":[],"dureza":[],"forma":[],"jugador":[],"marca":[1257],"nivel-de-juego":[],"superficie":[],"tipo-de-juego":[],"product_brand":[],"product_cat":[320],"product_tag":[],"class_list":{"0":"post-129191","1":"product","2":"type-product","3":"status-publish","4":"has-post-thumbnail","6":"marca-bullpadel-fr","7":"product_cat-sacs","9":"first","10":"outofstock","11":"sale","12":"taxable","13":"shipping-taxable","14":"purchasable","15":"product-type-simple"},"acf":[],"yoast_head":"<!-- This site is optimized with the Yoast SEO plugin v27.4 - https:\/\/yoast.com\/product\/yoast-seo-wordpress\/ -->\n<title>MOCHILA BULLPADEL BPM25022 XPLO 005 - Revolution Padel Store<\/title>\n<meta name=\"description\" content=\"Con un compartimento termo reforzado y acolchado, protege tus pertenencias m\u00e1s importantes con eficacia, ya sea una pala de p\u00e1del o un port\u00e1til, manteni\u00e9ndolos seguros y en perfecto estado en todo momento. Esta mochila deportiva de Bullpadel ofrece un amplio compartimento principal para llevar todo tu equipamiento, incluyendo ropa, toalla o accesorios como overgrips. Cuenta, tambi\u00e9n, con un bolsillo en la parte frontal de f\u00e1cil acceso para guardar tus objetos personales como el m\u00f3vil o las llaves.\" \/>\n<meta name=\"robots\" content=\"index, follow, max-snippet:-1, max-image-preview:large, max-video-preview:-1\" \/>\n<link rel=\"canonical\" href=\"https:\/\/revolutionpadelstore.com\/fr\/produit\/mochila-bullpadel-bpm25022-xplo-005-3\/\" \/>\n<meta property=\"og:locale\" content=\"fr_FR\" \/>\n<meta property=\"og:type\" content=\"article\" \/>\n<meta property=\"og:title\" content=\"MOCHILA BULLPADEL BPM25022 XPLO 005 - Revolution Padel Store\" \/>\n<meta property=\"og:description\" content=\"Con un compartimento termo reforzado y acolchado, protege tus pertenencias m\u00e1s importantes con eficacia, ya sea una pala de p\u00e1del o un port\u00e1til, manteni\u00e9ndolos seguros y en perfecto estado en todo momento. Esta mochila deportiva de Bullpadel ofrece un amplio compartimento principal para llevar todo tu equipamiento, incluyendo ropa, toalla o accesorios como overgrips. Cuenta, tambi\u00e9n, con un bolsillo en la parte frontal de f\u00e1cil acceso para guardar tus objetos personales como el m\u00f3vil o las llaves.\" \/>\n<meta property=\"og:url\" content=\"https:\/\/revolutionpadelstore.com\/fr\/produit\/mochila-bullpadel-bpm25022-xplo-005-3\/\" \/>\n<meta property=\"og:site_name\" content=\"Revolution Padel Store\" \/>\n<meta property=\"article:modified_time\" content=\"2026-04-08T08:06:39+00:00\" \/>\n<meta property=\"og:image\" content=\"https:\/\/revolutionpadelstore.com\/wp-content\/uploads\/2024\/11\/113792-mochila-bullpadel-bpm25022-xplo-4481681500x1500-1.webp\" \/>\n\t<meta property=\"og:image:width\" content=\"1500\" \/>\n\t<meta property=\"og:image:height\" content=\"1500\" \/>\n\t<meta property=\"og:image:type\" content=\"image\/webp\" \/>\n<meta name=\"twitter:card\" content=\"summary_large_image\" \/>\n<meta name=\"twitter:label1\" content=\"Dur\u00e9e de lecture estim\u00e9e\" \/>\n\t<meta name=\"twitter:data1\" content=\"1 minute\" \/>\n<script type=\"application\/ld+json\" class=\"yoast-schema-graph\">{\"@context\":\"https:\\\/\\\/schema.org\",\"@graph\":[{\"@type\":\"WebPage\",\"@id\":\"https:\\\/\\\/revolutionpadelstore.com\\\/fr\\\/produit\\\/mochila-bullpadel-bpm25022-xplo-005-3\\\/\",\"url\":\"https:\\\/\\\/revolutionpadelstore.com\\\/fr\\\/produit\\\/mochila-bullpadel-bpm25022-xplo-005-3\\\/\",\"name\":\"MOCHILA BULLPADEL BPM25022 XPLO 005 - Revolution Padel Store\",\"isPartOf\":{\"@id\":\"https:\\\/\\\/revolutionpadelstore.com\\\/fr\\\/#website\"},\"primaryImageOfPage\":{\"@id\":\"https:\\\/\\\/revolutionpadelstore.com\\\/fr\\\/produit\\\/mochila-bullpadel-bpm25022-xplo-005-3\\\/#primaryimage\"},\"image\":{\"@id\":\"https:\\\/\\\/revolutionpadelstore.com\\\/fr\\\/produit\\\/mochila-bullpadel-bpm25022-xplo-005-3\\\/#primaryimage\"},\"thumbnailUrl\":\"https:\\\/\\\/revolutionpadelstore.com\\\/wp-content\\\/uploads\\\/2024\\\/11\\\/113792-mochila-bullpadel-bpm25022-xplo-4481681500x1500-1.webp\",\"datePublished\":\"2024-11-26T07:41:42+00:00\",\"dateModified\":\"2026-04-08T08:06:39+00:00\",\"description\":\"Con un compartimento termo reforzado y acolchado, protege tus pertenencias m\u00e1s importantes con eficacia, ya sea una pala de p\u00e1del o un port\u00e1til, manteni\u00e9ndolos seguros y en perfecto estado en todo momento. Esta mochila deportiva de Bullpadel ofrece un amplio compartimento principal para llevar todo tu equipamiento, incluyendo ropa, toalla o accesorios como overgrips. Cuenta, tambi\u00e9n, con un bolsillo en la parte frontal de f\u00e1cil acceso para guardar tus objetos personales como el m\u00f3vil o las llaves.\",\"breadcrumb\":{\"@id\":\"https:\\\/\\\/revolutionpadelstore.com\\\/fr\\\/produit\\\/mochila-bullpadel-bpm25022-xplo-005-3\\\/#breadcrumb\"},\"inLanguage\":\"fr-FR\",\"potentialAction\":[{\"@type\":\"ReadAction\",\"target\":[\"https:\\\/\\\/revolutionpadelstore.com\\\/fr\\\/produit\\\/mochila-bullpadel-bpm25022-xplo-005-3\\\/\"]}]},{\"@type\":\"ImageObject\",\"inLanguage\":\"fr-FR\",\"@id\":\"https:\\\/\\\/revolutionpadelstore.com\\\/fr\\\/produit\\\/mochila-bullpadel-bpm25022-xplo-005-3\\\/#primaryimage\",\"url\":\"https:\\\/\\\/revolutionpadelstore.com\\\/wp-content\\\/uploads\\\/2024\\\/11\\\/113792-mochila-bullpadel-bpm25022-xplo-4481681500x1500-1.webp\",\"contentUrl\":\"https:\\\/\\\/revolutionpadelstore.com\\\/wp-content\\\/uploads\\\/2024\\\/11\\\/113792-mochila-bullpadel-bpm25022-xplo-4481681500x1500-1.webp\",\"width\":1500,\"height\":1500},{\"@type\":\"BreadcrumbList\",\"@id\":\"https:\\\/\\\/revolutionpadelstore.com\\\/fr\\\/produit\\\/mochila-bullpadel-bpm25022-xplo-005-3\\\/#breadcrumb\",\"itemListElement\":[{\"@type\":\"ListItem\",\"position\":1,\"name\":\"Portada\",\"item\":\"https:\\\/\\\/revolutionpadelstore.com\\\/fr\\\/\"},{\"@type\":\"ListItem\",\"position\":2,\"name\":\"Boutique\",\"item\":\"https:\\\/\\\/revolutionpadelstore.com\\\/fr\\\/tienda\\\/\"},{\"@type\":\"ListItem\",\"position\":3,\"name\":\"MOCHILA BULLPADEL BPM25022 XPLO 005\"}]},{\"@type\":\"WebSite\",\"@id\":\"https:\\\/\\\/revolutionpadelstore.com\\\/fr\\\/#website\",\"url\":\"https:\\\/\\\/revolutionpadelstore.com\\\/fr\\\/\",\"name\":\"Revolution Padel Store\",\"description\":\"\",\"publisher\":{\"@id\":\"https:\\\/\\\/revolutionpadelstore.com\\\/fr\\\/#organization\"},\"potentialAction\":[{\"@type\":\"SearchAction\",\"target\":{\"@type\":\"EntryPoint\",\"urlTemplate\":\"https:\\\/\\\/revolutionpadelstore.com\\\/fr\\\/?s={search_term_string}\"},\"query-input\":{\"@type\":\"PropertyValueSpecification\",\"valueRequired\":true,\"valueName\":\"search_term_string\"}}],\"inLanguage\":\"fr-FR\"},{\"@type\":\"Organization\",\"@id\":\"https:\\\/\\\/revolutionpadelstore.com\\\/fr\\\/#organization\",\"name\":\"Revolution Padel Store\",\"url\":\"https:\\\/\\\/revolutionpadelstore.com\\\/fr\\\/\",\"logo\":{\"@type\":\"ImageObject\",\"inLanguage\":\"fr-FR\",\"@id\":\"https:\\\/\\\/revolutionpadelstore.com\\\/fr\\\/#\\\/schema\\\/logo\\\/image\\\/\",\"url\":\"https:\\\/\\\/revolutionpadelstore.com\\\/wp-content\\\/uploads\\\/2026\\\/02\\\/revolution-padel-store.jpg\",\"contentUrl\":\"https:\\\/\\\/revolutionpadelstore.com\\\/wp-content\\\/uploads\\\/2026\\\/02\\\/revolution-padel-store.jpg\",\"width\":2000,\"height\":2000,\"caption\":\"Revolution Padel Store\"},\"image\":{\"@id\":\"https:\\\/\\\/revolutionpadelstore.com\\\/fr\\\/#\\\/schema\\\/logo\\\/image\\\/\"},\"sameAs\":[\"https:\\\/\\\/www.instagram.com\\\/revolutionpadelstore\\\/\"]}]}<\/script>\n<!-- \/ Yoast SEO plugin. -->","yoast_head_json":{"title":"MOCHILA BULLPADEL BPM25022 XPLO 005 - Revolution Padel Store","description":"Con un compartimento termo reforzado y acolchado, protege tus pertenencias m\u00e1s importantes con eficacia, ya sea una pala de p\u00e1del o un port\u00e1til, manteni\u00e9ndolos seguros y en perfecto estado en todo momento. Esta mochila deportiva de Bullpadel ofrece un amplio compartimento principal para llevar todo tu equipamiento, incluyendo ropa, toalla o accesorios como overgrips. Cuenta, tambi\u00e9n, con un bolsillo en la parte frontal de f\u00e1cil acceso para guardar tus objetos personales como el m\u00f3vil o las llaves.","robots":{"index":"index","follow":"follow","max-snippet":"max-snippet:-1","max-image-preview":"max-image-preview:large","max-video-preview":"max-video-preview:-1"},"canonical":"https:\/\/revolutionpadelstore.com\/fr\/produit\/mochila-bullpadel-bpm25022-xplo-005-3\/","og_locale":"fr_FR","og_type":"article","og_title":"MOCHILA BULLPADEL BPM25022 XPLO 005 - Revolution Padel Store","og_description":"Con un compartimento termo reforzado y acolchado, protege tus pertenencias m\u00e1s importantes con eficacia, ya sea una pala de p\u00e1del o un port\u00e1til, manteni\u00e9ndolos seguros y en perfecto estado en todo momento. Esta mochila deportiva de Bullpadel ofrece un amplio compartimento principal para llevar todo tu equipamiento, incluyendo ropa, toalla o accesorios como overgrips. Cuenta, tambi\u00e9n, con un bolsillo en la parte frontal de f\u00e1cil acceso para guardar tus objetos personales como el m\u00f3vil o las llaves.","og_url":"https:\/\/revolutionpadelstore.com\/fr\/produit\/mochila-bullpadel-bpm25022-xplo-005-3\/","og_site_name":"Revolution Padel Store","article_modified_time":"2026-04-08T08:06:39+00:00","og_image":[{"width":1500,"height":1500,"url":"https:\/\/revolutionpadelstore.com\/wp-content\/uploads\/2024\/11\/113792-mochila-bullpadel-bpm25022-xplo-4481681500x1500-1.webp","type":"image\/webp"}],"twitter_card":"summary_large_image","twitter_misc":{"Dur\u00e9e de lecture estim\u00e9e":"1 minute"},"schema":{"@context":"https:\/\/schema.org","@graph":[{"@type":"WebPage","@id":"https:\/\/revolutionpadelstore.com\/fr\/produit\/mochila-bullpadel-bpm25022-xplo-005-3\/","url":"https:\/\/revolutionpadelstore.com\/fr\/produit\/mochila-bullpadel-bpm25022-xplo-005-3\/","name":"MOCHILA BULLPADEL BPM25022 XPLO 005 - Revolution Padel Store","isPartOf":{"@id":"https:\/\/revolutionpadelstore.com\/fr\/#website"},"primaryImageOfPage":{"@id":"https:\/\/revolutionpadelstore.com\/fr\/produit\/mochila-bullpadel-bpm25022-xplo-005-3\/#primaryimage"},"image":{"@id":"https:\/\/revolutionpadelstore.com\/fr\/produit\/mochila-bullpadel-bpm25022-xplo-005-3\/#primaryimage"},"thumbnailUrl":"https:\/\/revolutionpadelstore.com\/wp-content\/uploads\/2024\/11\/113792-mochila-bullpadel-bpm25022-xplo-4481681500x1500-1.webp","datePublished":"2024-11-26T07:41:42+00:00","dateModified":"2026-04-08T08:06:39+00:00","description":"Con un compartimento termo reforzado y acolchado, protege tus pertenencias m\u00e1s importantes con eficacia, ya sea una pala de p\u00e1del o un port\u00e1til, manteni\u00e9ndolos seguros y en perfecto estado en todo momento. Esta mochila deportiva de Bullpadel ofrece un amplio compartimento principal para llevar todo tu equipamiento, incluyendo ropa, toalla o accesorios como overgrips. Cuenta, tambi\u00e9n, con un bolsillo en la parte frontal de f\u00e1cil acceso para guardar tus objetos personales como el m\u00f3vil o las llaves.","breadcrumb":{"@id":"https:\/\/revolutionpadelstore.com\/fr\/produit\/mochila-bullpadel-bpm25022-xplo-005-3\/#breadcrumb"},"inLanguage":"fr-FR","potentialAction":[{"@type":"ReadAction","target":["https:\/\/revolutionpadelstore.com\/fr\/produit\/mochila-bullpadel-bpm25022-xplo-005-3\/"]}]},{"@type":"ImageObject","inLanguage":"fr-FR","@id":"https:\/\/revolutionpadelstore.com\/fr\/produit\/mochila-bullpadel-bpm25022-xplo-005-3\/#primaryimage","url":"https:\/\/revolutionpadelstore.com\/wp-content\/uploads\/2024\/11\/113792-mochila-bullpadel-bpm25022-xplo-4481681500x1500-1.webp","contentUrl":"https:\/\/revolutionpadelstore.com\/wp-content\/uploads\/2024\/11\/113792-mochila-bullpadel-bpm25022-xplo-4481681500x1500-1.webp","width":1500,"height":1500},{"@type":"BreadcrumbList","@id":"https:\/\/revolutionpadelstore.com\/fr\/produit\/mochila-bullpadel-bpm25022-xplo-005-3\/#breadcrumb","itemListElement":[{"@type":"ListItem","position":1,"name":"Portada","item":"https:\/\/revolutionpadelstore.com\/fr\/"},{"@type":"ListItem","position":2,"name":"Boutique","item":"https:\/\/revolutionpadelstore.com\/fr\/tienda\/"},{"@type":"ListItem","position":3,"name":"MOCHILA BULLPADEL BPM25022 XPLO 005"}]},{"@type":"WebSite","@id":"https:\/\/revolutionpadelstore.com\/fr\/#website","url":"https:\/\/revolutionpadelstore.com\/fr\/","name":"Revolution Padel Store","description":"","publisher":{"@id":"https:\/\/revolutionpadelstore.com\/fr\/#organization"},"potentialAction":[{"@type":"SearchAction","target":{"@type":"EntryPoint","urlTemplate":"https:\/\/revolutionpadelstore.com\/fr\/?s={search_term_string}"},"query-input":{"@type":"PropertyValueSpecification","valueRequired":true,"valueName":"search_term_string"}}],"inLanguage":"fr-FR"},{"@type":"Organization","@id":"https:\/\/revolutionpadelstore.com\/fr\/#organization","name":"Revolution Padel Store","url":"https:\/\/revolutionpadelstore.com\/fr\/","logo":{"@type":"ImageObject","inLanguage":"fr-FR","@id":"https:\/\/revolutionpadelstore.com\/fr\/#\/schema\/logo\/image\/","url":"https:\/\/revolutionpadelstore.com\/wp-content\/uploads\/2026\/02\/revolution-padel-store.jpg","contentUrl":"https:\/\/revolutionpadelstore.com\/wp-content\/uploads\/2026\/02\/revolution-padel-store.jpg","width":2000,"height":2000,"caption":"Revolution Padel Store"},"image":{"@id":"https:\/\/revolutionpadelstore.com\/fr\/#\/schema\/logo\/image\/"},"sameAs":["https:\/\/www.instagram.com\/revolutionpadelstore\/"]}]}},"_links":{"self":[{"href":"https:\/\/revolutionpadelstore.com\/fr\/wp-json\/wp\/v2\/product\/129191","targetHints":{"allow":["GET"]}}],"collection":[{"href":"https:\/\/revolutionpadelstore.com\/fr\/wp-json\/wp\/v2\/product"}],"about":[{"href":"https:\/\/revolutionpadelstore.com\/fr\/wp-json\/wp\/v2\/types\/product"}],"replies":[{"embeddable":true,"href":"https:\/\/revolutionpadelstore.com\/fr\/wp-json\/wp\/v2\/comments?post=129191"}],"wp:featuredmedia":[{"embeddable":true,"href":"https:\/\/revolutionpadelstore.com\/fr\/wp-json\/wp\/v2\/media\/129168"}],"wp:attachment":[{"href":"https:\/\/revolutionpadelstore.com\/fr\/wp-json\/wp\/v2\/media?parent=129191"}],"wp:term":[{"taxonomy":"acabado","embeddable":true,"href":"https:\/\/revolutionpadelstore.com\/fr\/wp-json\/wp\/v2\/acabado?post=129191"},{"taxonomy":"balance","embeddable":true,"href":"https:\/\/revolutionpadelstore.com\/fr\/wp-json\/wp\/v2\/balance?post=129191"},{"taxonomy":"dureza","embeddable":true,"href":"https:\/\/revolutionpadelstore.com\/fr\/wp-json\/wp\/v2\/dureza?post=129191"},{"taxonomy":"forma","embeddable":true,"href":"https:\/\/revolutionpadelstore.com\/fr\/wp-json\/wp\/v2\/forma?post=129191"},{"taxonomy":"jugador","embeddable":true,"href":"https:\/\/revolutionpadelstore.com\/fr\/wp-json\/wp\/v2\/jugador?post=129191"},{"taxonomy":"marca","embeddable":true,"href":"https:\/\/revolutionpadelstore.com\/fr\/wp-json\/wp\/v2\/marca?post=129191"},{"taxonomy":"nivel-de-juego","embeddable":true,"href":"https:\/\/revolutionpadelstore.com\/fr\/wp-json\/wp\/v2\/nivel-de-juego?post=129191"},{"taxonomy":"superficie","embeddable":true,"href":"https:\/\/revolutionpadelstore.com\/fr\/wp-json\/wp\/v2\/superficie?post=129191"},{"taxonomy":"tipo-de-juego","embeddable":true,"href":"https:\/\/revolutionpadelstore.com\/fr\/wp-json\/wp\/v2\/tipo-de-juego?post=129191"},{"taxonomy":"product_brand","embeddable":true,"href":"https:\/\/revolutionpadelstore.com\/fr\/wp-json\/wp\/v2\/product_brand?post=129191"},{"taxonomy":"product_cat","embeddable":true,"href":"https:\/\/revolutionpadelstore.com\/fr\/wp-json\/wp\/v2\/product_cat?post=129191"},{"taxonomy":"product_tag","embeddable":true,"href":"https:\/\/revolutionpadelstore.com\/fr\/wp-json\/wp\/v2\/product_tag?post=129191"}],"curies":[{"name":"wp","href":"https:\/\/api.w.org\/{rel}","templated":true}]}}