{"id":129160,"date":"2024-11-26T08:22:29","date_gmt":"2024-11-26T07:22:29","guid":{"rendered":"https:\/\/revolutionpadelstore.com\/paletero-bullpadel-di-nenno-xplo-bpp25022-negro\/"},"modified":"2026-04-08T10:07:02","modified_gmt":"2026-04-08T08:07:02","slug":"paletero-bullpadel-di-nenno-xplo-bpp25022-negro-3","status":"publish","type":"product","link":"https:\/\/revolutionpadelstore.com\/fr\/produit\/paletero-bullpadel-di-nenno-xplo-bpp25022-negro-3\/","title":{"rendered":"PALETERO BULLPADEL DI NENNO XPLO BPP25022 Negro"},"content":{"rendered":"<p><H2> Paletero Bullpadel Di Nenno Xplo BPP25022 <\/H2><br \/>\nLe bullpadel di Nenno XPLO BPP2502222222222222 est l&#8217;accessoire id\u00e9al pour les joueurs \u00e0 la recherche d&#8217;un transport confortable, s\u00fbr et organis\u00e9 pour leur \u00e9quipement de pagaie.<br \/>\nAvec un design exclusif inspir\u00e9 du joueur Martin Di Nenno, ce Paletero combine les fonctionnalit\u00e9s et le style, offrant plusieurs compartiments con\u00e7us sp\u00e9cifiquement pour r\u00e9pondre \u00e0 tous les besoins du joueur.<\/p>\n<h2> Caract\u00e9ristiques principales: <\/h2>\n<p><P style=\"padding-left: 40px\"> &#8211; grand compartiment principal: espace central d&#8217;une grande capacit\u00e9 \u00e0 porter des v\u00eatements, des serviettes, des accessoires ou tout \u00e9quipement n\u00e9cessaire \u00e0 la piste.<br \/>\nSa conception large permet un acc\u00e8s et une organisation faciles.<br \/>\n-Two Compartements Thermo: Ces compartiments sont dissous avec la technologie thermique pour prot\u00e9ger jusqu&#8217;\u00e0 quatre lames contre les variations de temp\u00e9rature, garantissant que votre \u00e9quipement est conserv\u00e9 en parfait \u00e9tat m\u00eame dans des conditions extr\u00eames.<\/p>\n<p>-Cartement ind\u00e9pendant et ventil\u00e9: un espace exclusif et ventil\u00e9 pour porter des baskets ou des v\u00eatements d&#8217;occasion, id\u00e9al pour maintenir l&#8217;hygi\u00e8ne et l&#8217;organisation du reste de l&#8217;\u00e9quipement.<\/p>\n<p>-Le mat\u00e9riau r\u00e9sistant et durable: fabriqu\u00e9 avec des mat\u00e9riaux de haute qualit\u00e9, ce paletero est r\u00e9sistant \u00e0 l&#8217;usure, assurant une longue dur\u00e9e de conservation et une protection pour l&#8217;ensemble de votre \u00e9quipement.<\/p>\n<p>-Cesion ergonomique: Comprend des poign\u00e9es de type dos r\u00e9glables pour un transport confortable et des sangles renforc\u00e9es qui assurent un plus grand confort pendant l&#8217;utilisation.<\/p>\n<h2> Sp\u00e9cifications techniques: <\/h2>\n<p>Taille grande mais compacte, con\u00e7ue pour maximiser la capacit\u00e9 de stockage sans compromettre le confort.<br \/>\nCouleurs: design moderne dans des tons frappants, inspir\u00e9s du style du joueur Martin Di Nenno.<br \/>\nD\u00e9tails personnalis\u00e9s: comprend le logo et les d\u00e9tails exclusifs du mod\u00e8le XPLO, refl\u00e9tant un style professionnel et unique.<\/p>\n<h2> Id\u00e9al pour: <\/h2>\n<p>Les joueurs qui ont besoin d&#8217;une solution compl\u00e8te pour transporter leur \u00e9quipe en toute s\u00e9curit\u00e9 et organis\u00e9, soit pour l&#8217;entra\u00eenement, les tournois ou les matchs occasionnels.<br \/>\nAvec le bullpadel Paletero Di Nenno XPLO BPP25022, vous aurez tout ce dont vous avez besoin, en maintenant votre \u00e9quipement prot\u00e9g\u00e9 et en organis\u00e9 avec le style d&#8217;un professionnel.<\/p>\n<h2>Paletero Bullpadel Di Nenno Xplo BPP25022<\/h2>\n","protected":false},"excerpt":{"rendered":"<p>Paletero Bullpadel Di Nenno Xplo BPP25022 Le bullpadel di Nenno XPLO BPP2502222222222222 est l&#8217;accessoire id\u00e9al pour les joueurs \u00e0 la recherche d&#8217;un transport confortable, s\u00fbr et organis\u00e9 pour leur \u00e9quipement de pagaie. Avec un design exclusif inspir\u00e9 du joueur Martin Di Nenno, ce Paletero combine les fonctionnalit\u00e9s et le style, offrant plusieurs compartiments con\u00e7us sp\u00e9cifiquement [&hellip;]<\/p>\n","protected":false},"featured_media":129131,"comment_status":"open","ping_status":"closed","template":"","meta":{"_acf_changed":false,"_joinchat":[]},"acabado":[],"balance":[],"dureza":[],"forma":[],"jugador":[],"marca":[1257],"nivel-de-juego":[],"superficie":[],"tipo-de-juego":[],"product_brand":[],"product_cat":[320],"product_tag":[],"class_list":{"0":"post-129160","1":"product","2":"type-product","3":"status-publish","4":"has-post-thumbnail","6":"marca-bullpadel-fr","7":"product_cat-sacs","9":"first","10":"instock","11":"sale","12":"taxable","13":"shipping-taxable","14":"purchasable","15":"product-type-simple"},"acf":[],"yoast_head":"<!-- This site is optimized with the Yoast SEO plugin v27.4 - https:\/\/yoast.com\/product\/yoast-seo-wordpress\/ -->\n<title>PALETERO BULLPADEL DI NENNO XPLO BPP25022 Negro - Revolution Padel Store<\/title>\n<meta name=\"description\" content=\"l Paletero Bullpadel Di Nenno Xplo BPP25022 es el accesorio ideal para jugadores que buscan un transporte comodo, seguro y organizado para su equipamiento de padel.Con un diseno exclusivo inspirado en el jugador Martin Di Nenno, este paletero combina funcionalidad y estilo, ofreciendo multiples compartimentos disenados especificamente para cubrir todas las necesidades del jugador.\" \/>\n<meta name=\"robots\" content=\"index, follow, max-snippet:-1, max-image-preview:large, max-video-preview:-1\" \/>\n<link rel=\"canonical\" href=\"https:\/\/revolutionpadelstore.com\/fr\/produit\/paletero-bullpadel-di-nenno-xplo-bpp25022-negro-3\/\" \/>\n<meta property=\"og:locale\" content=\"fr_FR\" \/>\n<meta property=\"og:type\" content=\"article\" \/>\n<meta property=\"og:title\" content=\"PALETERO BULLPADEL DI NENNO XPLO BPP25022 Negro - Revolution Padel Store\" \/>\n<meta property=\"og:description\" content=\"l Paletero Bullpadel Di Nenno Xplo BPP25022 es el accesorio ideal para jugadores que buscan un transporte comodo, seguro y organizado para su equipamiento de padel.Con un diseno exclusivo inspirado en el jugador Martin Di Nenno, este paletero combina funcionalidad y estilo, ofreciendo multiples compartimentos disenados especificamente para cubrir todas las necesidades del jugador.\" \/>\n<meta property=\"og:url\" content=\"https:\/\/revolutionpadelstore.com\/fr\/produit\/paletero-bullpadel-di-nenno-xplo-bpp25022-negro-3\/\" \/>\n<meta property=\"og:site_name\" content=\"Revolution Padel Store\" \/>\n<meta property=\"article:modified_time\" content=\"2026-04-08T08:07:02+00:00\" \/>\n<meta property=\"og:image\" content=\"https:\/\/revolutionpadelstore.com\/wp-content\/uploads\/2024\/11\/paletero-bullpadel-di-nenno-xplo-bpp25022-negro-1100x1100-1.webp\" \/>\n\t<meta property=\"og:image:width\" content=\"1100\" \/>\n\t<meta property=\"og:image:height\" content=\"1100\" \/>\n\t<meta property=\"og:image:type\" content=\"image\/webp\" \/>\n<meta name=\"twitter:card\" content=\"summary_large_image\" \/>\n<meta name=\"twitter:label1\" content=\"Dur\u00e9e de lecture estim\u00e9e\" \/>\n\t<meta name=\"twitter:data1\" content=\"2 minutes\" \/>\n<script type=\"application\/ld+json\" class=\"yoast-schema-graph\">{\"@context\":\"https:\\\/\\\/schema.org\",\"@graph\":[{\"@type\":\"WebPage\",\"@id\":\"https:\\\/\\\/revolutionpadelstore.com\\\/fr\\\/produit\\\/paletero-bullpadel-di-nenno-xplo-bpp25022-negro-3\\\/\",\"url\":\"https:\\\/\\\/revolutionpadelstore.com\\\/fr\\\/produit\\\/paletero-bullpadel-di-nenno-xplo-bpp25022-negro-3\\\/\",\"name\":\"PALETERO BULLPADEL DI NENNO XPLO BPP25022 Negro - Revolution Padel Store\",\"isPartOf\":{\"@id\":\"https:\\\/\\\/revolutionpadelstore.com\\\/fr\\\/#website\"},\"primaryImageOfPage\":{\"@id\":\"https:\\\/\\\/revolutionpadelstore.com\\\/fr\\\/produit\\\/paletero-bullpadel-di-nenno-xplo-bpp25022-negro-3\\\/#primaryimage\"},\"image\":{\"@id\":\"https:\\\/\\\/revolutionpadelstore.com\\\/fr\\\/produit\\\/paletero-bullpadel-di-nenno-xplo-bpp25022-negro-3\\\/#primaryimage\"},\"thumbnailUrl\":\"https:\\\/\\\/revolutionpadelstore.com\\\/wp-content\\\/uploads\\\/2024\\\/11\\\/paletero-bullpadel-di-nenno-xplo-bpp25022-negro-1100x1100-1.webp\",\"datePublished\":\"2024-11-26T07:22:29+00:00\",\"dateModified\":\"2026-04-08T08:07:02+00:00\",\"description\":\"l Paletero Bullpadel Di Nenno Xplo BPP25022 es el accesorio ideal para jugadores que buscan un transporte comodo, seguro y organizado para su equipamiento de padel.Con un diseno exclusivo inspirado en el jugador Martin Di Nenno, este paletero combina funcionalidad y estilo, ofreciendo multiples compartimentos disenados especificamente para cubrir todas las necesidades del jugador.\",\"breadcrumb\":{\"@id\":\"https:\\\/\\\/revolutionpadelstore.com\\\/fr\\\/produit\\\/paletero-bullpadel-di-nenno-xplo-bpp25022-negro-3\\\/#breadcrumb\"},\"inLanguage\":\"fr-FR\",\"potentialAction\":[{\"@type\":\"ReadAction\",\"target\":[\"https:\\\/\\\/revolutionpadelstore.com\\\/fr\\\/produit\\\/paletero-bullpadel-di-nenno-xplo-bpp25022-negro-3\\\/\"]}]},{\"@type\":\"ImageObject\",\"inLanguage\":\"fr-FR\",\"@id\":\"https:\\\/\\\/revolutionpadelstore.com\\\/fr\\\/produit\\\/paletero-bullpadel-di-nenno-xplo-bpp25022-negro-3\\\/#primaryimage\",\"url\":\"https:\\\/\\\/revolutionpadelstore.com\\\/wp-content\\\/uploads\\\/2024\\\/11\\\/paletero-bullpadel-di-nenno-xplo-bpp25022-negro-1100x1100-1.webp\",\"contentUrl\":\"https:\\\/\\\/revolutionpadelstore.com\\\/wp-content\\\/uploads\\\/2024\\\/11\\\/paletero-bullpadel-di-nenno-xplo-bpp25022-negro-1100x1100-1.webp\",\"width\":1100,\"height\":1100},{\"@type\":\"BreadcrumbList\",\"@id\":\"https:\\\/\\\/revolutionpadelstore.com\\\/fr\\\/produit\\\/paletero-bullpadel-di-nenno-xplo-bpp25022-negro-3\\\/#breadcrumb\",\"itemListElement\":[{\"@type\":\"ListItem\",\"position\":1,\"name\":\"Portada\",\"item\":\"https:\\\/\\\/revolutionpadelstore.com\\\/fr\\\/\"},{\"@type\":\"ListItem\",\"position\":2,\"name\":\"Boutique\",\"item\":\"https:\\\/\\\/revolutionpadelstore.com\\\/fr\\\/tienda\\\/\"},{\"@type\":\"ListItem\",\"position\":3,\"name\":\"PALETERO BULLPADEL DI NENNO XPLO BPP25022 Negro\"}]},{\"@type\":\"WebSite\",\"@id\":\"https:\\\/\\\/revolutionpadelstore.com\\\/fr\\\/#website\",\"url\":\"https:\\\/\\\/revolutionpadelstore.com\\\/fr\\\/\",\"name\":\"Revolution Padel Store\",\"description\":\"\",\"publisher\":{\"@id\":\"https:\\\/\\\/revolutionpadelstore.com\\\/fr\\\/#organization\"},\"potentialAction\":[{\"@type\":\"SearchAction\",\"target\":{\"@type\":\"EntryPoint\",\"urlTemplate\":\"https:\\\/\\\/revolutionpadelstore.com\\\/fr\\\/?s={search_term_string}\"},\"query-input\":{\"@type\":\"PropertyValueSpecification\",\"valueRequired\":true,\"valueName\":\"search_term_string\"}}],\"inLanguage\":\"fr-FR\"},{\"@type\":\"Organization\",\"@id\":\"https:\\\/\\\/revolutionpadelstore.com\\\/fr\\\/#organization\",\"name\":\"Revolution Padel Store\",\"url\":\"https:\\\/\\\/revolutionpadelstore.com\\\/fr\\\/\",\"logo\":{\"@type\":\"ImageObject\",\"inLanguage\":\"fr-FR\",\"@id\":\"https:\\\/\\\/revolutionpadelstore.com\\\/fr\\\/#\\\/schema\\\/logo\\\/image\\\/\",\"url\":\"https:\\\/\\\/revolutionpadelstore.com\\\/wp-content\\\/uploads\\\/2026\\\/02\\\/revolution-padel-store.jpg\",\"contentUrl\":\"https:\\\/\\\/revolutionpadelstore.com\\\/wp-content\\\/uploads\\\/2026\\\/02\\\/revolution-padel-store.jpg\",\"width\":2000,\"height\":2000,\"caption\":\"Revolution Padel Store\"},\"image\":{\"@id\":\"https:\\\/\\\/revolutionpadelstore.com\\\/fr\\\/#\\\/schema\\\/logo\\\/image\\\/\"},\"sameAs\":[\"https:\\\/\\\/www.instagram.com\\\/revolutionpadelstore\\\/\"]}]}<\/script>\n<!-- \/ Yoast SEO plugin. -->","yoast_head_json":{"title":"PALETERO BULLPADEL DI NENNO XPLO BPP25022 Negro - Revolution Padel Store","description":"l Paletero Bullpadel Di Nenno Xplo BPP25022 es el accesorio ideal para jugadores que buscan un transporte comodo, seguro y organizado para su equipamiento de padel.Con un diseno exclusivo inspirado en el jugador Martin Di Nenno, este paletero combina funcionalidad y estilo, ofreciendo multiples compartimentos disenados especificamente para cubrir todas las necesidades del jugador.","robots":{"index":"index","follow":"follow","max-snippet":"max-snippet:-1","max-image-preview":"max-image-preview:large","max-video-preview":"max-video-preview:-1"},"canonical":"https:\/\/revolutionpadelstore.com\/fr\/produit\/paletero-bullpadel-di-nenno-xplo-bpp25022-negro-3\/","og_locale":"fr_FR","og_type":"article","og_title":"PALETERO BULLPADEL DI NENNO XPLO BPP25022 Negro - Revolution Padel Store","og_description":"l Paletero Bullpadel Di Nenno Xplo BPP25022 es el accesorio ideal para jugadores que buscan un transporte comodo, seguro y organizado para su equipamiento de padel.Con un diseno exclusivo inspirado en el jugador Martin Di Nenno, este paletero combina funcionalidad y estilo, ofreciendo multiples compartimentos disenados especificamente para cubrir todas las necesidades del jugador.","og_url":"https:\/\/revolutionpadelstore.com\/fr\/produit\/paletero-bullpadel-di-nenno-xplo-bpp25022-negro-3\/","og_site_name":"Revolution Padel Store","article_modified_time":"2026-04-08T08:07:02+00:00","og_image":[{"width":1100,"height":1100,"url":"https:\/\/revolutionpadelstore.com\/wp-content\/uploads\/2024\/11\/paletero-bullpadel-di-nenno-xplo-bpp25022-negro-1100x1100-1.webp","type":"image\/webp"}],"twitter_card":"summary_large_image","twitter_misc":{"Dur\u00e9e de lecture estim\u00e9e":"2 minutes"},"schema":{"@context":"https:\/\/schema.org","@graph":[{"@type":"WebPage","@id":"https:\/\/revolutionpadelstore.com\/fr\/produit\/paletero-bullpadel-di-nenno-xplo-bpp25022-negro-3\/","url":"https:\/\/revolutionpadelstore.com\/fr\/produit\/paletero-bullpadel-di-nenno-xplo-bpp25022-negro-3\/","name":"PALETERO BULLPADEL DI NENNO XPLO BPP25022 Negro - Revolution Padel Store","isPartOf":{"@id":"https:\/\/revolutionpadelstore.com\/fr\/#website"},"primaryImageOfPage":{"@id":"https:\/\/revolutionpadelstore.com\/fr\/produit\/paletero-bullpadel-di-nenno-xplo-bpp25022-negro-3\/#primaryimage"},"image":{"@id":"https:\/\/revolutionpadelstore.com\/fr\/produit\/paletero-bullpadel-di-nenno-xplo-bpp25022-negro-3\/#primaryimage"},"thumbnailUrl":"https:\/\/revolutionpadelstore.com\/wp-content\/uploads\/2024\/11\/paletero-bullpadel-di-nenno-xplo-bpp25022-negro-1100x1100-1.webp","datePublished":"2024-11-26T07:22:29+00:00","dateModified":"2026-04-08T08:07:02+00:00","description":"l Paletero Bullpadel Di Nenno Xplo BPP25022 es el accesorio ideal para jugadores que buscan un transporte comodo, seguro y organizado para su equipamiento de padel.Con un diseno exclusivo inspirado en el jugador Martin Di Nenno, este paletero combina funcionalidad y estilo, ofreciendo multiples compartimentos disenados especificamente para cubrir todas las necesidades del jugador.","breadcrumb":{"@id":"https:\/\/revolutionpadelstore.com\/fr\/produit\/paletero-bullpadel-di-nenno-xplo-bpp25022-negro-3\/#breadcrumb"},"inLanguage":"fr-FR","potentialAction":[{"@type":"ReadAction","target":["https:\/\/revolutionpadelstore.com\/fr\/produit\/paletero-bullpadel-di-nenno-xplo-bpp25022-negro-3\/"]}]},{"@type":"ImageObject","inLanguage":"fr-FR","@id":"https:\/\/revolutionpadelstore.com\/fr\/produit\/paletero-bullpadel-di-nenno-xplo-bpp25022-negro-3\/#primaryimage","url":"https:\/\/revolutionpadelstore.com\/wp-content\/uploads\/2024\/11\/paletero-bullpadel-di-nenno-xplo-bpp25022-negro-1100x1100-1.webp","contentUrl":"https:\/\/revolutionpadelstore.com\/wp-content\/uploads\/2024\/11\/paletero-bullpadel-di-nenno-xplo-bpp25022-negro-1100x1100-1.webp","width":1100,"height":1100},{"@type":"BreadcrumbList","@id":"https:\/\/revolutionpadelstore.com\/fr\/produit\/paletero-bullpadel-di-nenno-xplo-bpp25022-negro-3\/#breadcrumb","itemListElement":[{"@type":"ListItem","position":1,"name":"Portada","item":"https:\/\/revolutionpadelstore.com\/fr\/"},{"@type":"ListItem","position":2,"name":"Boutique","item":"https:\/\/revolutionpadelstore.com\/fr\/tienda\/"},{"@type":"ListItem","position":3,"name":"PALETERO BULLPADEL DI NENNO XPLO BPP25022 Negro"}]},{"@type":"WebSite","@id":"https:\/\/revolutionpadelstore.com\/fr\/#website","url":"https:\/\/revolutionpadelstore.com\/fr\/","name":"Revolution Padel Store","description":"","publisher":{"@id":"https:\/\/revolutionpadelstore.com\/fr\/#organization"},"potentialAction":[{"@type":"SearchAction","target":{"@type":"EntryPoint","urlTemplate":"https:\/\/revolutionpadelstore.com\/fr\/?s={search_term_string}"},"query-input":{"@type":"PropertyValueSpecification","valueRequired":true,"valueName":"search_term_string"}}],"inLanguage":"fr-FR"},{"@type":"Organization","@id":"https:\/\/revolutionpadelstore.com\/fr\/#organization","name":"Revolution Padel Store","url":"https:\/\/revolutionpadelstore.com\/fr\/","logo":{"@type":"ImageObject","inLanguage":"fr-FR","@id":"https:\/\/revolutionpadelstore.com\/fr\/#\/schema\/logo\/image\/","url":"https:\/\/revolutionpadelstore.com\/wp-content\/uploads\/2026\/02\/revolution-padel-store.jpg","contentUrl":"https:\/\/revolutionpadelstore.com\/wp-content\/uploads\/2026\/02\/revolution-padel-store.jpg","width":2000,"height":2000,"caption":"Revolution Padel Store"},"image":{"@id":"https:\/\/revolutionpadelstore.com\/fr\/#\/schema\/logo\/image\/"},"sameAs":["https:\/\/www.instagram.com\/revolutionpadelstore\/"]}]}},"_links":{"self":[{"href":"https:\/\/revolutionpadelstore.com\/fr\/wp-json\/wp\/v2\/product\/129160","targetHints":{"allow":["GET"]}}],"collection":[{"href":"https:\/\/revolutionpadelstore.com\/fr\/wp-json\/wp\/v2\/product"}],"about":[{"href":"https:\/\/revolutionpadelstore.com\/fr\/wp-json\/wp\/v2\/types\/product"}],"replies":[{"embeddable":true,"href":"https:\/\/revolutionpadelstore.com\/fr\/wp-json\/wp\/v2\/comments?post=129160"}],"wp:featuredmedia":[{"embeddable":true,"href":"https:\/\/revolutionpadelstore.com\/fr\/wp-json\/wp\/v2\/media\/129131"}],"wp:attachment":[{"href":"https:\/\/revolutionpadelstore.com\/fr\/wp-json\/wp\/v2\/media?parent=129160"}],"wp:term":[{"taxonomy":"acabado","embeddable":true,"href":"https:\/\/revolutionpadelstore.com\/fr\/wp-json\/wp\/v2\/acabado?post=129160"},{"taxonomy":"balance","embeddable":true,"href":"https:\/\/revolutionpadelstore.com\/fr\/wp-json\/wp\/v2\/balance?post=129160"},{"taxonomy":"dureza","embeddable":true,"href":"https:\/\/revolutionpadelstore.com\/fr\/wp-json\/wp\/v2\/dureza?post=129160"},{"taxonomy":"forma","embeddable":true,"href":"https:\/\/revolutionpadelstore.com\/fr\/wp-json\/wp\/v2\/forma?post=129160"},{"taxonomy":"jugador","embeddable":true,"href":"https:\/\/revolutionpadelstore.com\/fr\/wp-json\/wp\/v2\/jugador?post=129160"},{"taxonomy":"marca","embeddable":true,"href":"https:\/\/revolutionpadelstore.com\/fr\/wp-json\/wp\/v2\/marca?post=129160"},{"taxonomy":"nivel-de-juego","embeddable":true,"href":"https:\/\/revolutionpadelstore.com\/fr\/wp-json\/wp\/v2\/nivel-de-juego?post=129160"},{"taxonomy":"superficie","embeddable":true,"href":"https:\/\/revolutionpadelstore.com\/fr\/wp-json\/wp\/v2\/superficie?post=129160"},{"taxonomy":"tipo-de-juego","embeddable":true,"href":"https:\/\/revolutionpadelstore.com\/fr\/wp-json\/wp\/v2\/tipo-de-juego?post=129160"},{"taxonomy":"product_brand","embeddable":true,"href":"https:\/\/revolutionpadelstore.com\/fr\/wp-json\/wp\/v2\/product_brand?post=129160"},{"taxonomy":"product_cat","embeddable":true,"href":"https:\/\/revolutionpadelstore.com\/fr\/wp-json\/wp\/v2\/product_cat?post=129160"},{"taxonomy":"product_tag","embeddable":true,"href":"https:\/\/revolutionpadelstore.com\/fr\/wp-json\/wp\/v2\/product_tag?post=129160"}],"curies":[{"name":"wp","href":"https:\/\/api.w.org\/{rel}","templated":true}]}}