{"id":129087,"date":"2024-11-25T23:59:17","date_gmt":"2024-11-25T22:59:17","guid":{"rendered":"https:\/\/revolutionpadelstore.com\/mochila-bullpadel-bpm25001-hack-blanco\/"},"modified":"2026-04-13T14:00:06","modified_gmt":"2026-04-13T12:00:06","slug":"mochila-bullpadel-bpm25001-hack-blanco-3","status":"publish","type":"product","link":"https:\/\/revolutionpadelstore.com\/fr\/produit\/mochila-bullpadel-bpm25001-hack-blanco-3\/","title":{"rendered":"MOCHILA BULLPADEL BPM25001 HACK BLANCO"},"content":{"rendered":"<h2> Bullpadel BPM25001 Hack blanc de Paquito Navarro<br \/>\nLe bullpadel bpm25001 technique sac \u00e0 dos technique noir et noir est l&#8217;option id\u00e9ale pour les joueurs paddle \u00e0 la recherche d&#8217;une combinaison de fonctionnalit\u00e9s et de style. Cr\u00e9\u00e9 pour compl\u00e9ter Paquito Navarro Hack 04, il a un large compartiment principal o\u00f9 vous pouvez enregistrer tout ce dont vous avez besoin. De plus, il a un compartiment thermique renforc\u00e9 avec de l&#8217;espace pour deux lames, les prot\u00e9geant des dommages possibles et des variations de temp\u00e9rature.<\/p>\n<p>Sa conception intelligente comprend un compartiment ventil\u00e9 et s\u00e9par\u00e9, id\u00e9al pour stocker les v\u00eatements et les chaussures sans se soucier des mauvaises odeurs. Un d\u00e9tail pro\u00e9minent est une poche rembourr\u00e9e, con\u00e7ue pour transporter des ordinateurs portables ou des tablettes en toute s\u00e9curit\u00e9 et pratique. Il a \u00e9galement une poche lat\u00e9rale parfaite pour transporter le bateau \u00e0 balle.<\/p>\n<p>Le confort est garanti gr\u00e2ce \u00e0 son dos avec de la mousse, qui fournit une ventilation et un support pour le dos, particuli\u00e8rement utile pendant de longues p\u00e9riodes d&#8217;utilisation. La sangle pectorale assure un ajustement parfait, en \u00e9vitant les mouvements inconfortables pendant que vous vous d\u00e9placez.<\/p>\n<p>Avec son design en noir et blanc et le logo en bulreurs \u00e0 l&#8217;avant, ce sac \u00e0 dos a une touche moderne et \u00e9l\u00e9gante, id\u00e9ale pour ceux qui recherchent la performance sans renoncement au style. Si vous avez besoin d&#8217;un design confortable, pratique et sophistiqu\u00e9, c&#8217;est l&#8217;option id\u00e9ale pour transporter vos accessoires \u00e0 pagaie en toute confiance.<\/p>\n<h2>Mochila Bullpadel Bpm25001 Hack Blanco de Paquito Navarro<\/h2>\n","protected":false},"excerpt":{"rendered":"<p>Bullpadel BPM25001 Hack blanc avec thermos, compartiments ventil\u00e9s et rembourr\u00e9s. Design ergonomique en noir et blanc avec logo frontal. Parfait pour transporter des pelles, des v\u00eatements et des appareils avec confort et style.<\/p>\n","protected":false},"featured_media":129064,"comment_status":"open","ping_status":"closed","template":"","meta":{"_acf_changed":false,"_joinchat":[]},"acabado":[],"balance":[],"dureza":[],"forma":[],"jugador":[],"marca":[1257],"nivel-de-juego":[],"superficie":[],"tipo-de-juego":[],"product_brand":[],"product_cat":[320],"product_tag":[],"class_list":{"0":"post-129087","1":"product","2":"type-product","3":"status-publish","4":"has-post-thumbnail","6":"marca-bullpadel-fr","7":"product_cat-sacs","9":"first","10":"instock","11":"sale","12":"taxable","13":"shipping-taxable","14":"purchasable","15":"product-type-simple"},"acf":[],"yoast_head":"<!-- This site is optimized with the Yoast SEO plugin v27.4 - https:\/\/yoast.com\/product\/yoast-seo-wordpress\/ -->\n<title>MOCHILA BULLPADEL BPM25001 HACK BLANCO - Revolution Padel Store<\/title>\n<meta name=\"description\" content=\"La mochila t\u00e9cnica Bullpadel BPM25001 Hack Blanca y Negra es una excelente elecci\u00f3n para jugadores de p\u00e1del que buscan funcionalidad y estilo. Dise\u00f1ada para complementar la pala Hack 04 de Paquito Navarro, cuenta con un compartimento principal amplio donde puedes guardar todo lo que necesites. Adem\u00e1s, incluye un compartimento thermo reforzado con capacidad para dos palas, protegi\u00e9ndolas de cambios t\u00e9rmicos y posibles da\u00f1os. Su dise\u00f1o inteligente tambi\u00e9n incorpora un espacio separado y ventilado, ideal para transportar ropa y calzado sin preocuparte por los malos olores.\" \/>\n<meta name=\"robots\" content=\"index, follow, max-snippet:-1, max-image-preview:large, max-video-preview:-1\" \/>\n<link rel=\"canonical\" href=\"https:\/\/revolutionpadelstore.com\/fr\/produit\/mochila-bullpadel-bpm25001-hack-blanco-3\/\" \/>\n<meta property=\"og:locale\" content=\"fr_FR\" \/>\n<meta property=\"og:type\" content=\"article\" \/>\n<meta property=\"og:title\" content=\"MOCHILA BULLPADEL BPM25001 HACK BLANCO - Revolution Padel Store\" \/>\n<meta property=\"og:description\" content=\"La mochila t\u00e9cnica Bullpadel BPM25001 Hack Blanca y Negra es una excelente elecci\u00f3n para jugadores de p\u00e1del que buscan funcionalidad y estilo. Dise\u00f1ada para complementar la pala Hack 04 de Paquito Navarro, cuenta con un compartimento principal amplio donde puedes guardar todo lo que necesites. Adem\u00e1s, incluye un compartimento thermo reforzado con capacidad para dos palas, protegi\u00e9ndolas de cambios t\u00e9rmicos y posibles da\u00f1os. Su dise\u00f1o inteligente tambi\u00e9n incorpora un espacio separado y ventilado, ideal para transportar ropa y calzado sin preocuparte por los malos olores.\" \/>\n<meta property=\"og:url\" content=\"https:\/\/revolutionpadelstore.com\/fr\/produit\/mochila-bullpadel-bpm25001-hack-blanco-3\/\" \/>\n<meta property=\"og:site_name\" content=\"Revolution Padel Store\" \/>\n<meta property=\"article:modified_time\" content=\"2026-04-13T12:00:06+00:00\" \/>\n<meta property=\"og:image\" content=\"https:\/\/revolutionpadelstore.com\/wp-content\/uploads\/2024\/11\/113782-mochila-bullpadel-bpm25001-hack-448164-1500x1500-1.webp\" \/>\n\t<meta property=\"og:image:width\" content=\"1500\" \/>\n\t<meta property=\"og:image:height\" content=\"1500\" \/>\n\t<meta property=\"og:image:type\" content=\"image\/webp\" \/>\n<meta name=\"twitter:card\" content=\"summary_large_image\" \/>\n<meta name=\"twitter:label1\" content=\"Dur\u00e9e de lecture estim\u00e9e\" \/>\n\t<meta name=\"twitter:data1\" content=\"1 minute\" \/>\n<script type=\"application\/ld+json\" class=\"yoast-schema-graph\">{\"@context\":\"https:\\\/\\\/schema.org\",\"@graph\":[{\"@type\":\"WebPage\",\"@id\":\"https:\\\/\\\/revolutionpadelstore.com\\\/fr\\\/produit\\\/mochila-bullpadel-bpm25001-hack-blanco-3\\\/\",\"url\":\"https:\\\/\\\/revolutionpadelstore.com\\\/fr\\\/produit\\\/mochila-bullpadel-bpm25001-hack-blanco-3\\\/\",\"name\":\"MOCHILA BULLPADEL BPM25001 HACK BLANCO - Revolution Padel Store\",\"isPartOf\":{\"@id\":\"https:\\\/\\\/revolutionpadelstore.com\\\/fr\\\/#website\"},\"primaryImageOfPage\":{\"@id\":\"https:\\\/\\\/revolutionpadelstore.com\\\/fr\\\/produit\\\/mochila-bullpadel-bpm25001-hack-blanco-3\\\/#primaryimage\"},\"image\":{\"@id\":\"https:\\\/\\\/revolutionpadelstore.com\\\/fr\\\/produit\\\/mochila-bullpadel-bpm25001-hack-blanco-3\\\/#primaryimage\"},\"thumbnailUrl\":\"https:\\\/\\\/revolutionpadelstore.com\\\/wp-content\\\/uploads\\\/2024\\\/11\\\/113782-mochila-bullpadel-bpm25001-hack-448164-1500x1500-1.webp\",\"datePublished\":\"2024-11-25T22:59:17+00:00\",\"dateModified\":\"2026-04-13T12:00:06+00:00\",\"description\":\"La mochila t\u00e9cnica Bullpadel BPM25001 Hack Blanca y Negra es una excelente elecci\u00f3n para jugadores de p\u00e1del que buscan funcionalidad y estilo. Dise\u00f1ada para complementar la pala Hack 04 de Paquito Navarro, cuenta con un compartimento principal amplio donde puedes guardar todo lo que necesites. Adem\u00e1s, incluye un compartimento thermo reforzado con capacidad para dos palas, protegi\u00e9ndolas de cambios t\u00e9rmicos y posibles da\u00f1os. Su dise\u00f1o inteligente tambi\u00e9n incorpora un espacio separado y ventilado, ideal para transportar ropa y calzado sin preocuparte por los malos olores.\",\"breadcrumb\":{\"@id\":\"https:\\\/\\\/revolutionpadelstore.com\\\/fr\\\/produit\\\/mochila-bullpadel-bpm25001-hack-blanco-3\\\/#breadcrumb\"},\"inLanguage\":\"fr-FR\",\"potentialAction\":[{\"@type\":\"ReadAction\",\"target\":[\"https:\\\/\\\/revolutionpadelstore.com\\\/fr\\\/produit\\\/mochila-bullpadel-bpm25001-hack-blanco-3\\\/\"]}]},{\"@type\":\"ImageObject\",\"inLanguage\":\"fr-FR\",\"@id\":\"https:\\\/\\\/revolutionpadelstore.com\\\/fr\\\/produit\\\/mochila-bullpadel-bpm25001-hack-blanco-3\\\/#primaryimage\",\"url\":\"https:\\\/\\\/revolutionpadelstore.com\\\/wp-content\\\/uploads\\\/2024\\\/11\\\/113782-mochila-bullpadel-bpm25001-hack-448164-1500x1500-1.webp\",\"contentUrl\":\"https:\\\/\\\/revolutionpadelstore.com\\\/wp-content\\\/uploads\\\/2024\\\/11\\\/113782-mochila-bullpadel-bpm25001-hack-448164-1500x1500-1.webp\",\"width\":1500,\"height\":1500},{\"@type\":\"BreadcrumbList\",\"@id\":\"https:\\\/\\\/revolutionpadelstore.com\\\/fr\\\/produit\\\/mochila-bullpadel-bpm25001-hack-blanco-3\\\/#breadcrumb\",\"itemListElement\":[{\"@type\":\"ListItem\",\"position\":1,\"name\":\"Portada\",\"item\":\"https:\\\/\\\/revolutionpadelstore.com\\\/fr\\\/\"},{\"@type\":\"ListItem\",\"position\":2,\"name\":\"Boutique\",\"item\":\"https:\\\/\\\/revolutionpadelstore.com\\\/fr\\\/tienda\\\/\"},{\"@type\":\"ListItem\",\"position\":3,\"name\":\"MOCHILA BULLPADEL BPM25001 HACK BLANCO\"}]},{\"@type\":\"WebSite\",\"@id\":\"https:\\\/\\\/revolutionpadelstore.com\\\/fr\\\/#website\",\"url\":\"https:\\\/\\\/revolutionpadelstore.com\\\/fr\\\/\",\"name\":\"Revolution Padel Store\",\"description\":\"\",\"publisher\":{\"@id\":\"https:\\\/\\\/revolutionpadelstore.com\\\/fr\\\/#organization\"},\"potentialAction\":[{\"@type\":\"SearchAction\",\"target\":{\"@type\":\"EntryPoint\",\"urlTemplate\":\"https:\\\/\\\/revolutionpadelstore.com\\\/fr\\\/?s={search_term_string}\"},\"query-input\":{\"@type\":\"PropertyValueSpecification\",\"valueRequired\":true,\"valueName\":\"search_term_string\"}}],\"inLanguage\":\"fr-FR\"},{\"@type\":\"Organization\",\"@id\":\"https:\\\/\\\/revolutionpadelstore.com\\\/fr\\\/#organization\",\"name\":\"Revolution Padel Store\",\"url\":\"https:\\\/\\\/revolutionpadelstore.com\\\/fr\\\/\",\"logo\":{\"@type\":\"ImageObject\",\"inLanguage\":\"fr-FR\",\"@id\":\"https:\\\/\\\/revolutionpadelstore.com\\\/fr\\\/#\\\/schema\\\/logo\\\/image\\\/\",\"url\":\"https:\\\/\\\/revolutionpadelstore.com\\\/wp-content\\\/uploads\\\/2026\\\/02\\\/revolution-padel-store.jpg\",\"contentUrl\":\"https:\\\/\\\/revolutionpadelstore.com\\\/wp-content\\\/uploads\\\/2026\\\/02\\\/revolution-padel-store.jpg\",\"width\":2000,\"height\":2000,\"caption\":\"Revolution Padel Store\"},\"image\":{\"@id\":\"https:\\\/\\\/revolutionpadelstore.com\\\/fr\\\/#\\\/schema\\\/logo\\\/image\\\/\"},\"sameAs\":[\"https:\\\/\\\/www.instagram.com\\\/revolutionpadelstore\\\/\"]}]}<\/script>\n<!-- \/ Yoast SEO plugin. -->","yoast_head_json":{"title":"MOCHILA BULLPADEL BPM25001 HACK BLANCO - Revolution Padel Store","description":"La mochila t\u00e9cnica Bullpadel BPM25001 Hack Blanca y Negra es una excelente elecci\u00f3n para jugadores de p\u00e1del que buscan funcionalidad y estilo. Dise\u00f1ada para complementar la pala Hack 04 de Paquito Navarro, cuenta con un compartimento principal amplio donde puedes guardar todo lo que necesites. Adem\u00e1s, incluye un compartimento thermo reforzado con capacidad para dos palas, protegi\u00e9ndolas de cambios t\u00e9rmicos y posibles da\u00f1os. Su dise\u00f1o inteligente tambi\u00e9n incorpora un espacio separado y ventilado, ideal para transportar ropa y calzado sin preocuparte por los malos olores.","robots":{"index":"index","follow":"follow","max-snippet":"max-snippet:-1","max-image-preview":"max-image-preview:large","max-video-preview":"max-video-preview:-1"},"canonical":"https:\/\/revolutionpadelstore.com\/fr\/produit\/mochila-bullpadel-bpm25001-hack-blanco-3\/","og_locale":"fr_FR","og_type":"article","og_title":"MOCHILA BULLPADEL BPM25001 HACK BLANCO - Revolution Padel Store","og_description":"La mochila t\u00e9cnica Bullpadel BPM25001 Hack Blanca y Negra es una excelente elecci\u00f3n para jugadores de p\u00e1del que buscan funcionalidad y estilo. Dise\u00f1ada para complementar la pala Hack 04 de Paquito Navarro, cuenta con un compartimento principal amplio donde puedes guardar todo lo que necesites. Adem\u00e1s, incluye un compartimento thermo reforzado con capacidad para dos palas, protegi\u00e9ndolas de cambios t\u00e9rmicos y posibles da\u00f1os. Su dise\u00f1o inteligente tambi\u00e9n incorpora un espacio separado y ventilado, ideal para transportar ropa y calzado sin preocuparte por los malos olores.","og_url":"https:\/\/revolutionpadelstore.com\/fr\/produit\/mochila-bullpadel-bpm25001-hack-blanco-3\/","og_site_name":"Revolution Padel Store","article_modified_time":"2026-04-13T12:00:06+00:00","og_image":[{"width":1500,"height":1500,"url":"https:\/\/revolutionpadelstore.com\/wp-content\/uploads\/2024\/11\/113782-mochila-bullpadel-bpm25001-hack-448164-1500x1500-1.webp","type":"image\/webp"}],"twitter_card":"summary_large_image","twitter_misc":{"Dur\u00e9e de lecture estim\u00e9e":"1 minute"},"schema":{"@context":"https:\/\/schema.org","@graph":[{"@type":"WebPage","@id":"https:\/\/revolutionpadelstore.com\/fr\/produit\/mochila-bullpadel-bpm25001-hack-blanco-3\/","url":"https:\/\/revolutionpadelstore.com\/fr\/produit\/mochila-bullpadel-bpm25001-hack-blanco-3\/","name":"MOCHILA BULLPADEL BPM25001 HACK BLANCO - Revolution Padel Store","isPartOf":{"@id":"https:\/\/revolutionpadelstore.com\/fr\/#website"},"primaryImageOfPage":{"@id":"https:\/\/revolutionpadelstore.com\/fr\/produit\/mochila-bullpadel-bpm25001-hack-blanco-3\/#primaryimage"},"image":{"@id":"https:\/\/revolutionpadelstore.com\/fr\/produit\/mochila-bullpadel-bpm25001-hack-blanco-3\/#primaryimage"},"thumbnailUrl":"https:\/\/revolutionpadelstore.com\/wp-content\/uploads\/2024\/11\/113782-mochila-bullpadel-bpm25001-hack-448164-1500x1500-1.webp","datePublished":"2024-11-25T22:59:17+00:00","dateModified":"2026-04-13T12:00:06+00:00","description":"La mochila t\u00e9cnica Bullpadel BPM25001 Hack Blanca y Negra es una excelente elecci\u00f3n para jugadores de p\u00e1del que buscan funcionalidad y estilo. Dise\u00f1ada para complementar la pala Hack 04 de Paquito Navarro, cuenta con un compartimento principal amplio donde puedes guardar todo lo que necesites. Adem\u00e1s, incluye un compartimento thermo reforzado con capacidad para dos palas, protegi\u00e9ndolas de cambios t\u00e9rmicos y posibles da\u00f1os. Su dise\u00f1o inteligente tambi\u00e9n incorpora un espacio separado y ventilado, ideal para transportar ropa y calzado sin preocuparte por los malos olores.","breadcrumb":{"@id":"https:\/\/revolutionpadelstore.com\/fr\/produit\/mochila-bullpadel-bpm25001-hack-blanco-3\/#breadcrumb"},"inLanguage":"fr-FR","potentialAction":[{"@type":"ReadAction","target":["https:\/\/revolutionpadelstore.com\/fr\/produit\/mochila-bullpadel-bpm25001-hack-blanco-3\/"]}]},{"@type":"ImageObject","inLanguage":"fr-FR","@id":"https:\/\/revolutionpadelstore.com\/fr\/produit\/mochila-bullpadel-bpm25001-hack-blanco-3\/#primaryimage","url":"https:\/\/revolutionpadelstore.com\/wp-content\/uploads\/2024\/11\/113782-mochila-bullpadel-bpm25001-hack-448164-1500x1500-1.webp","contentUrl":"https:\/\/revolutionpadelstore.com\/wp-content\/uploads\/2024\/11\/113782-mochila-bullpadel-bpm25001-hack-448164-1500x1500-1.webp","width":1500,"height":1500},{"@type":"BreadcrumbList","@id":"https:\/\/revolutionpadelstore.com\/fr\/produit\/mochila-bullpadel-bpm25001-hack-blanco-3\/#breadcrumb","itemListElement":[{"@type":"ListItem","position":1,"name":"Portada","item":"https:\/\/revolutionpadelstore.com\/fr\/"},{"@type":"ListItem","position":2,"name":"Boutique","item":"https:\/\/revolutionpadelstore.com\/fr\/tienda\/"},{"@type":"ListItem","position":3,"name":"MOCHILA BULLPADEL BPM25001 HACK BLANCO"}]},{"@type":"WebSite","@id":"https:\/\/revolutionpadelstore.com\/fr\/#website","url":"https:\/\/revolutionpadelstore.com\/fr\/","name":"Revolution Padel Store","description":"","publisher":{"@id":"https:\/\/revolutionpadelstore.com\/fr\/#organization"},"potentialAction":[{"@type":"SearchAction","target":{"@type":"EntryPoint","urlTemplate":"https:\/\/revolutionpadelstore.com\/fr\/?s={search_term_string}"},"query-input":{"@type":"PropertyValueSpecification","valueRequired":true,"valueName":"search_term_string"}}],"inLanguage":"fr-FR"},{"@type":"Organization","@id":"https:\/\/revolutionpadelstore.com\/fr\/#organization","name":"Revolution Padel Store","url":"https:\/\/revolutionpadelstore.com\/fr\/","logo":{"@type":"ImageObject","inLanguage":"fr-FR","@id":"https:\/\/revolutionpadelstore.com\/fr\/#\/schema\/logo\/image\/","url":"https:\/\/revolutionpadelstore.com\/wp-content\/uploads\/2026\/02\/revolution-padel-store.jpg","contentUrl":"https:\/\/revolutionpadelstore.com\/wp-content\/uploads\/2026\/02\/revolution-padel-store.jpg","width":2000,"height":2000,"caption":"Revolution Padel Store"},"image":{"@id":"https:\/\/revolutionpadelstore.com\/fr\/#\/schema\/logo\/image\/"},"sameAs":["https:\/\/www.instagram.com\/revolutionpadelstore\/"]}]}},"_links":{"self":[{"href":"https:\/\/revolutionpadelstore.com\/fr\/wp-json\/wp\/v2\/product\/129087","targetHints":{"allow":["GET"]}}],"collection":[{"href":"https:\/\/revolutionpadelstore.com\/fr\/wp-json\/wp\/v2\/product"}],"about":[{"href":"https:\/\/revolutionpadelstore.com\/fr\/wp-json\/wp\/v2\/types\/product"}],"replies":[{"embeddable":true,"href":"https:\/\/revolutionpadelstore.com\/fr\/wp-json\/wp\/v2\/comments?post=129087"}],"wp:featuredmedia":[{"embeddable":true,"href":"https:\/\/revolutionpadelstore.com\/fr\/wp-json\/wp\/v2\/media\/129064"}],"wp:attachment":[{"href":"https:\/\/revolutionpadelstore.com\/fr\/wp-json\/wp\/v2\/media?parent=129087"}],"wp:term":[{"taxonomy":"acabado","embeddable":true,"href":"https:\/\/revolutionpadelstore.com\/fr\/wp-json\/wp\/v2\/acabado?post=129087"},{"taxonomy":"balance","embeddable":true,"href":"https:\/\/revolutionpadelstore.com\/fr\/wp-json\/wp\/v2\/balance?post=129087"},{"taxonomy":"dureza","embeddable":true,"href":"https:\/\/revolutionpadelstore.com\/fr\/wp-json\/wp\/v2\/dureza?post=129087"},{"taxonomy":"forma","embeddable":true,"href":"https:\/\/revolutionpadelstore.com\/fr\/wp-json\/wp\/v2\/forma?post=129087"},{"taxonomy":"jugador","embeddable":true,"href":"https:\/\/revolutionpadelstore.com\/fr\/wp-json\/wp\/v2\/jugador?post=129087"},{"taxonomy":"marca","embeddable":true,"href":"https:\/\/revolutionpadelstore.com\/fr\/wp-json\/wp\/v2\/marca?post=129087"},{"taxonomy":"nivel-de-juego","embeddable":true,"href":"https:\/\/revolutionpadelstore.com\/fr\/wp-json\/wp\/v2\/nivel-de-juego?post=129087"},{"taxonomy":"superficie","embeddable":true,"href":"https:\/\/revolutionpadelstore.com\/fr\/wp-json\/wp\/v2\/superficie?post=129087"},{"taxonomy":"tipo-de-juego","embeddable":true,"href":"https:\/\/revolutionpadelstore.com\/fr\/wp-json\/wp\/v2\/tipo-de-juego?post=129087"},{"taxonomy":"product_brand","embeddable":true,"href":"https:\/\/revolutionpadelstore.com\/fr\/wp-json\/wp\/v2\/product_brand?post=129087"},{"taxonomy":"product_cat","embeddable":true,"href":"https:\/\/revolutionpadelstore.com\/fr\/wp-json\/wp\/v2\/product_cat?post=129087"},{"taxonomy":"product_tag","embeddable":true,"href":"https:\/\/revolutionpadelstore.com\/fr\/wp-json\/wp\/v2\/product_tag?post=129087"}],"curies":[{"name":"wp","href":"https:\/\/api.w.org\/{rel}","templated":true}]}}