{"id":129026,"date":"2024-11-25T23:54:08","date_gmt":"2024-11-25T22:54:08","guid":{"rendered":"https:\/\/revolutionpadelstore.com\/?post_type=product&#038;p=129026"},"modified":"2026-04-08T10:08:12","modified_gmt":"2026-04-08T08:08:12","slug":"mochila-bullpadel-bpm25001-hack-negro-3","status":"publish","type":"product","link":"https:\/\/revolutionpadelstore.com\/fr\/produit\/mochila-bullpadel-bpm25001-hack-negro-3\/","title":{"rendered":"MOCHILA BULLPADEL BPM25001 HACK NEGRO"},"content":{"rendered":"<p>&lt;Il<br \/>\nLe bullpadel BPM25001 Black Hackpad, qui fait partie de la collection Paquito Navarro, est une option parfaite pour les joueurs \u00e0 la recherche d&#039;un accessoire technique et haute performance. Con\u00e7u pour compl\u00e9ter la pelle de Paquito Navarro, ce sac \u00e0 dos repr\u00e9sente \u00e0 la fois sa fonctionnalit\u00e9 et son esth\u00e9tique. Son compartiment principal offre un grand espace pour stocker l&#039;essentiel, tandis que leur compartiment thermique, avec une capacit\u00e9 de deux lames, les prot\u00e8ge des coups possibles et des temp\u00e9ratures extr\u00eames.<\/p>\n<p>De plus, il comprend un compartiment ventil\u00e9 id\u00e9al pour stocker les v\u00eatements et les chaussures, \u00e9vitant les mauvaises odeurs lors de la s\u00e9paration du reste de vos effets personnels. Votre poche rembourr\u00e9e est con\u00e7ue pour transporter des appareils tels que des ordinateurs portables ou des tablettes, ce qui en fait une excellente option pour ceux qui combinent le sport et la vie quotidienne. Il a \u00e9galement une poche lat\u00e9rale pratique pour le bateau \u00e0 balle.<\/p>\n<p>La conception ergonomique du sac \u00e0 dos comprend un dos avec mousse pour une plus grande ventilation et un support, en plus d&#039;une sangle pectorale pour un ajustement confortable. Avec sa finition noire et le logo Bullpadel \u00e0 l&#039;avant, ce sac \u00e0 dos a un style moderne et professionnel. C&#039;est la combinaison parfaite de praticit\u00e9 et de design pour vous accompagner \u00e0 la fois dans la formation et les comp\u00e9titions.<\/p>\n<h2>Mochila Bullpadel BPM25001 Hack Negro, colecci\u00f3n de Paquito Navarro<\/h2>\n","protected":false},"excerpt":{"rendered":"<p>Bullpadel BPM25001 hack noir, compartiments larges, ventil\u00e9 et thermos renforc\u00e9. Conception ergonomique avec logo frontal et sangle pectorale. Id\u00e9al pour la formation et les comp\u00e9titions.<\/p>\n","protected":false},"featured_media":129032,"comment_status":"open","ping_status":"closed","template":"","meta":{"_acf_changed":false,"_joinchat":[]},"acabado":[],"balance":[],"dureza":[],"forma":[],"jugador":[],"marca":[1257],"nivel-de-juego":[],"superficie":[],"tipo-de-juego":[],"product_brand":[],"product_cat":[320],"product_tag":[],"class_list":{"0":"post-129026","1":"product","2":"type-product","3":"status-publish","4":"has-post-thumbnail","6":"marca-bullpadel-fr","7":"product_cat-sacs","9":"first","10":"instock","11":"sale","12":"taxable","13":"shipping-taxable","14":"purchasable","15":"product-type-simple"},"acf":[],"yoast_head":"<!-- This site is optimized with the Yoast SEO plugin v27.4 - https:\/\/yoast.com\/product\/yoast-seo-wordpress\/ -->\n<title>MOCHILA BULLPADEL BPM25001 HACK NEGRO - Revolution Padel Store<\/title>\n<meta name=\"description\" content=\"La mochila Bullpadel BPM25001 Hack Negra es una soluci\u00f3n t\u00e9cnica ideal para jugadores exigentes que buscan el m\u00e1ximo rendimiento en sus accesorios. Dise\u00f1ada para ir a juego con la pala Hack 04 de Paquito Navarro, esta mochila es tan pr\u00e1ctica como elegante. Incluye un compartimento principal amplio para guardar todo lo necesario y un compartimento t\u00e9rmico reforzado con capacidad para dos palas. Este espacio protege tus palas de posibles da\u00f1os y de las condiciones t\u00e9rmicas extremas.\" \/>\n<meta name=\"robots\" content=\"index, follow, max-snippet:-1, max-image-preview:large, max-video-preview:-1\" \/>\n<link rel=\"canonical\" href=\"https:\/\/revolutionpadelstore.com\/fr\/produit\/mochila-bullpadel-bpm25001-hack-negro-3\/\" \/>\n<meta property=\"og:locale\" content=\"fr_FR\" \/>\n<meta property=\"og:type\" content=\"article\" \/>\n<meta property=\"og:title\" content=\"MOCHILA BULLPADEL BPM25001 HACK NEGRO - Revolution Padel Store\" \/>\n<meta property=\"og:description\" content=\"La mochila Bullpadel BPM25001 Hack Negra es una soluci\u00f3n t\u00e9cnica ideal para jugadores exigentes que buscan el m\u00e1ximo rendimiento en sus accesorios. Dise\u00f1ada para ir a juego con la pala Hack 04 de Paquito Navarro, esta mochila es tan pr\u00e1ctica como elegante. Incluye un compartimento principal amplio para guardar todo lo necesario y un compartimento t\u00e9rmico reforzado con capacidad para dos palas. Este espacio protege tus palas de posibles da\u00f1os y de las condiciones t\u00e9rmicas extremas.\" \/>\n<meta property=\"og:url\" content=\"https:\/\/revolutionpadelstore.com\/fr\/produit\/mochila-bullpadel-bpm25001-hack-negro-3\/\" \/>\n<meta property=\"og:site_name\" content=\"Revolution Padel Store\" \/>\n<meta property=\"article:modified_time\" content=\"2026-04-08T08:08:12+00:00\" \/>\n<meta property=\"og:image\" content=\"https:\/\/revolutionpadelstore.com\/wp-content\/uploads\/2024\/11\/113781-mochila-bullpadel-bpm25001-hack-448163-1500x1500-1-1.webp\" \/>\n\t<meta property=\"og:image:width\" content=\"1500\" \/>\n\t<meta property=\"og:image:height\" content=\"1500\" \/>\n\t<meta property=\"og:image:type\" content=\"image\/webp\" \/>\n<meta name=\"twitter:card\" content=\"summary_large_image\" \/>\n<meta name=\"twitter:label1\" content=\"Dur\u00e9e de lecture estim\u00e9e\" \/>\n\t<meta name=\"twitter:data1\" content=\"1 minute\" \/>\n<script type=\"application\/ld+json\" class=\"yoast-schema-graph\">{\"@context\":\"https:\\\/\\\/schema.org\",\"@graph\":[{\"@type\":\"WebPage\",\"@id\":\"https:\\\/\\\/revolutionpadelstore.com\\\/fr\\\/produit\\\/mochila-bullpadel-bpm25001-hack-negro-3\\\/\",\"url\":\"https:\\\/\\\/revolutionpadelstore.com\\\/fr\\\/produit\\\/mochila-bullpadel-bpm25001-hack-negro-3\\\/\",\"name\":\"MOCHILA BULLPADEL BPM25001 HACK NEGRO - Revolution Padel Store\",\"isPartOf\":{\"@id\":\"https:\\\/\\\/revolutionpadelstore.com\\\/fr\\\/#website\"},\"primaryImageOfPage\":{\"@id\":\"https:\\\/\\\/revolutionpadelstore.com\\\/fr\\\/produit\\\/mochila-bullpadel-bpm25001-hack-negro-3\\\/#primaryimage\"},\"image\":{\"@id\":\"https:\\\/\\\/revolutionpadelstore.com\\\/fr\\\/produit\\\/mochila-bullpadel-bpm25001-hack-negro-3\\\/#primaryimage\"},\"thumbnailUrl\":\"https:\\\/\\\/revolutionpadelstore.com\\\/wp-content\\\/uploads\\\/2024\\\/11\\\/113781-mochila-bullpadel-bpm25001-hack-448163-1500x1500-1-1.webp\",\"datePublished\":\"2024-11-25T22:54:08+00:00\",\"dateModified\":\"2026-04-08T08:08:12+00:00\",\"description\":\"La mochila Bullpadel BPM25001 Hack Negra es una soluci\u00f3n t\u00e9cnica ideal para jugadores exigentes que buscan el m\u00e1ximo rendimiento en sus accesorios. Dise\u00f1ada para ir a juego con la pala Hack 04 de Paquito Navarro, esta mochila es tan pr\u00e1ctica como elegante. Incluye un compartimento principal amplio para guardar todo lo necesario y un compartimento t\u00e9rmico reforzado con capacidad para dos palas. Este espacio protege tus palas de posibles da\u00f1os y de las condiciones t\u00e9rmicas extremas.\",\"breadcrumb\":{\"@id\":\"https:\\\/\\\/revolutionpadelstore.com\\\/fr\\\/produit\\\/mochila-bullpadel-bpm25001-hack-negro-3\\\/#breadcrumb\"},\"inLanguage\":\"fr-FR\",\"potentialAction\":[{\"@type\":\"ReadAction\",\"target\":[\"https:\\\/\\\/revolutionpadelstore.com\\\/fr\\\/produit\\\/mochila-bullpadel-bpm25001-hack-negro-3\\\/\"]}]},{\"@type\":\"ImageObject\",\"inLanguage\":\"fr-FR\",\"@id\":\"https:\\\/\\\/revolutionpadelstore.com\\\/fr\\\/produit\\\/mochila-bullpadel-bpm25001-hack-negro-3\\\/#primaryimage\",\"url\":\"https:\\\/\\\/revolutionpadelstore.com\\\/wp-content\\\/uploads\\\/2024\\\/11\\\/113781-mochila-bullpadel-bpm25001-hack-448163-1500x1500-1-1.webp\",\"contentUrl\":\"https:\\\/\\\/revolutionpadelstore.com\\\/wp-content\\\/uploads\\\/2024\\\/11\\\/113781-mochila-bullpadel-bpm25001-hack-448163-1500x1500-1-1.webp\",\"width\":1500,\"height\":1500},{\"@type\":\"BreadcrumbList\",\"@id\":\"https:\\\/\\\/revolutionpadelstore.com\\\/fr\\\/produit\\\/mochila-bullpadel-bpm25001-hack-negro-3\\\/#breadcrumb\",\"itemListElement\":[{\"@type\":\"ListItem\",\"position\":1,\"name\":\"Portada\",\"item\":\"https:\\\/\\\/revolutionpadelstore.com\\\/fr\\\/\"},{\"@type\":\"ListItem\",\"position\":2,\"name\":\"Boutique\",\"item\":\"https:\\\/\\\/revolutionpadelstore.com\\\/fr\\\/tienda\\\/\"},{\"@type\":\"ListItem\",\"position\":3,\"name\":\"MOCHILA BULLPADEL BPM25001 HACK NEGRO\"}]},{\"@type\":\"WebSite\",\"@id\":\"https:\\\/\\\/revolutionpadelstore.com\\\/fr\\\/#website\",\"url\":\"https:\\\/\\\/revolutionpadelstore.com\\\/fr\\\/\",\"name\":\"Revolution Padel Store\",\"description\":\"\",\"publisher\":{\"@id\":\"https:\\\/\\\/revolutionpadelstore.com\\\/fr\\\/#organization\"},\"potentialAction\":[{\"@type\":\"SearchAction\",\"target\":{\"@type\":\"EntryPoint\",\"urlTemplate\":\"https:\\\/\\\/revolutionpadelstore.com\\\/fr\\\/?s={search_term_string}\"},\"query-input\":{\"@type\":\"PropertyValueSpecification\",\"valueRequired\":true,\"valueName\":\"search_term_string\"}}],\"inLanguage\":\"fr-FR\"},{\"@type\":\"Organization\",\"@id\":\"https:\\\/\\\/revolutionpadelstore.com\\\/fr\\\/#organization\",\"name\":\"Revolution Padel Store\",\"url\":\"https:\\\/\\\/revolutionpadelstore.com\\\/fr\\\/\",\"logo\":{\"@type\":\"ImageObject\",\"inLanguage\":\"fr-FR\",\"@id\":\"https:\\\/\\\/revolutionpadelstore.com\\\/fr\\\/#\\\/schema\\\/logo\\\/image\\\/\",\"url\":\"https:\\\/\\\/revolutionpadelstore.com\\\/wp-content\\\/uploads\\\/2026\\\/02\\\/revolution-padel-store.jpg\",\"contentUrl\":\"https:\\\/\\\/revolutionpadelstore.com\\\/wp-content\\\/uploads\\\/2026\\\/02\\\/revolution-padel-store.jpg\",\"width\":2000,\"height\":2000,\"caption\":\"Revolution Padel Store\"},\"image\":{\"@id\":\"https:\\\/\\\/revolutionpadelstore.com\\\/fr\\\/#\\\/schema\\\/logo\\\/image\\\/\"},\"sameAs\":[\"https:\\\/\\\/www.instagram.com\\\/revolutionpadelstore\\\/\"]}]}<\/script>\n<!-- \/ Yoast SEO plugin. -->","yoast_head_json":{"title":"MOCHILA BULLPADEL BPM25001 HACK NEGRO - Revolution Padel Store","description":"La mochila Bullpadel BPM25001 Hack Negra es una soluci\u00f3n t\u00e9cnica ideal para jugadores exigentes que buscan el m\u00e1ximo rendimiento en sus accesorios. Dise\u00f1ada para ir a juego con la pala Hack 04 de Paquito Navarro, esta mochila es tan pr\u00e1ctica como elegante. Incluye un compartimento principal amplio para guardar todo lo necesario y un compartimento t\u00e9rmico reforzado con capacidad para dos palas. Este espacio protege tus palas de posibles da\u00f1os y de las condiciones t\u00e9rmicas extremas.","robots":{"index":"index","follow":"follow","max-snippet":"max-snippet:-1","max-image-preview":"max-image-preview:large","max-video-preview":"max-video-preview:-1"},"canonical":"https:\/\/revolutionpadelstore.com\/fr\/produit\/mochila-bullpadel-bpm25001-hack-negro-3\/","og_locale":"fr_FR","og_type":"article","og_title":"MOCHILA BULLPADEL BPM25001 HACK NEGRO - Revolution Padel Store","og_description":"La mochila Bullpadel BPM25001 Hack Negra es una soluci\u00f3n t\u00e9cnica ideal para jugadores exigentes que buscan el m\u00e1ximo rendimiento en sus accesorios. Dise\u00f1ada para ir a juego con la pala Hack 04 de Paquito Navarro, esta mochila es tan pr\u00e1ctica como elegante. Incluye un compartimento principal amplio para guardar todo lo necesario y un compartimento t\u00e9rmico reforzado con capacidad para dos palas. Este espacio protege tus palas de posibles da\u00f1os y de las condiciones t\u00e9rmicas extremas.","og_url":"https:\/\/revolutionpadelstore.com\/fr\/produit\/mochila-bullpadel-bpm25001-hack-negro-3\/","og_site_name":"Revolution Padel Store","article_modified_time":"2026-04-08T08:08:12+00:00","og_image":[{"width":1500,"height":1500,"url":"https:\/\/revolutionpadelstore.com\/wp-content\/uploads\/2024\/11\/113781-mochila-bullpadel-bpm25001-hack-448163-1500x1500-1-1.webp","type":"image\/webp"}],"twitter_card":"summary_large_image","twitter_misc":{"Dur\u00e9e de lecture estim\u00e9e":"1 minute"},"schema":{"@context":"https:\/\/schema.org","@graph":[{"@type":"WebPage","@id":"https:\/\/revolutionpadelstore.com\/fr\/produit\/mochila-bullpadel-bpm25001-hack-negro-3\/","url":"https:\/\/revolutionpadelstore.com\/fr\/produit\/mochila-bullpadel-bpm25001-hack-negro-3\/","name":"MOCHILA BULLPADEL BPM25001 HACK NEGRO - Revolution Padel Store","isPartOf":{"@id":"https:\/\/revolutionpadelstore.com\/fr\/#website"},"primaryImageOfPage":{"@id":"https:\/\/revolutionpadelstore.com\/fr\/produit\/mochila-bullpadel-bpm25001-hack-negro-3\/#primaryimage"},"image":{"@id":"https:\/\/revolutionpadelstore.com\/fr\/produit\/mochila-bullpadel-bpm25001-hack-negro-3\/#primaryimage"},"thumbnailUrl":"https:\/\/revolutionpadelstore.com\/wp-content\/uploads\/2024\/11\/113781-mochila-bullpadel-bpm25001-hack-448163-1500x1500-1-1.webp","datePublished":"2024-11-25T22:54:08+00:00","dateModified":"2026-04-08T08:08:12+00:00","description":"La mochila Bullpadel BPM25001 Hack Negra es una soluci\u00f3n t\u00e9cnica ideal para jugadores exigentes que buscan el m\u00e1ximo rendimiento en sus accesorios. Dise\u00f1ada para ir a juego con la pala Hack 04 de Paquito Navarro, esta mochila es tan pr\u00e1ctica como elegante. Incluye un compartimento principal amplio para guardar todo lo necesario y un compartimento t\u00e9rmico reforzado con capacidad para dos palas. Este espacio protege tus palas de posibles da\u00f1os y de las condiciones t\u00e9rmicas extremas.","breadcrumb":{"@id":"https:\/\/revolutionpadelstore.com\/fr\/produit\/mochila-bullpadel-bpm25001-hack-negro-3\/#breadcrumb"},"inLanguage":"fr-FR","potentialAction":[{"@type":"ReadAction","target":["https:\/\/revolutionpadelstore.com\/fr\/produit\/mochila-bullpadel-bpm25001-hack-negro-3\/"]}]},{"@type":"ImageObject","inLanguage":"fr-FR","@id":"https:\/\/revolutionpadelstore.com\/fr\/produit\/mochila-bullpadel-bpm25001-hack-negro-3\/#primaryimage","url":"https:\/\/revolutionpadelstore.com\/wp-content\/uploads\/2024\/11\/113781-mochila-bullpadel-bpm25001-hack-448163-1500x1500-1-1.webp","contentUrl":"https:\/\/revolutionpadelstore.com\/wp-content\/uploads\/2024\/11\/113781-mochila-bullpadel-bpm25001-hack-448163-1500x1500-1-1.webp","width":1500,"height":1500},{"@type":"BreadcrumbList","@id":"https:\/\/revolutionpadelstore.com\/fr\/produit\/mochila-bullpadel-bpm25001-hack-negro-3\/#breadcrumb","itemListElement":[{"@type":"ListItem","position":1,"name":"Portada","item":"https:\/\/revolutionpadelstore.com\/fr\/"},{"@type":"ListItem","position":2,"name":"Boutique","item":"https:\/\/revolutionpadelstore.com\/fr\/tienda\/"},{"@type":"ListItem","position":3,"name":"MOCHILA BULLPADEL BPM25001 HACK NEGRO"}]},{"@type":"WebSite","@id":"https:\/\/revolutionpadelstore.com\/fr\/#website","url":"https:\/\/revolutionpadelstore.com\/fr\/","name":"Revolution Padel Store","description":"","publisher":{"@id":"https:\/\/revolutionpadelstore.com\/fr\/#organization"},"potentialAction":[{"@type":"SearchAction","target":{"@type":"EntryPoint","urlTemplate":"https:\/\/revolutionpadelstore.com\/fr\/?s={search_term_string}"},"query-input":{"@type":"PropertyValueSpecification","valueRequired":true,"valueName":"search_term_string"}}],"inLanguage":"fr-FR"},{"@type":"Organization","@id":"https:\/\/revolutionpadelstore.com\/fr\/#organization","name":"Revolution Padel Store","url":"https:\/\/revolutionpadelstore.com\/fr\/","logo":{"@type":"ImageObject","inLanguage":"fr-FR","@id":"https:\/\/revolutionpadelstore.com\/fr\/#\/schema\/logo\/image\/","url":"https:\/\/revolutionpadelstore.com\/wp-content\/uploads\/2026\/02\/revolution-padel-store.jpg","contentUrl":"https:\/\/revolutionpadelstore.com\/wp-content\/uploads\/2026\/02\/revolution-padel-store.jpg","width":2000,"height":2000,"caption":"Revolution Padel Store"},"image":{"@id":"https:\/\/revolutionpadelstore.com\/fr\/#\/schema\/logo\/image\/"},"sameAs":["https:\/\/www.instagram.com\/revolutionpadelstore\/"]}]}},"_links":{"self":[{"href":"https:\/\/revolutionpadelstore.com\/fr\/wp-json\/wp\/v2\/product\/129026","targetHints":{"allow":["GET"]}}],"collection":[{"href":"https:\/\/revolutionpadelstore.com\/fr\/wp-json\/wp\/v2\/product"}],"about":[{"href":"https:\/\/revolutionpadelstore.com\/fr\/wp-json\/wp\/v2\/types\/product"}],"replies":[{"embeddable":true,"href":"https:\/\/revolutionpadelstore.com\/fr\/wp-json\/wp\/v2\/comments?post=129026"}],"wp:featuredmedia":[{"embeddable":true,"href":"https:\/\/revolutionpadelstore.com\/fr\/wp-json\/wp\/v2\/media\/129032"}],"wp:attachment":[{"href":"https:\/\/revolutionpadelstore.com\/fr\/wp-json\/wp\/v2\/media?parent=129026"}],"wp:term":[{"taxonomy":"acabado","embeddable":true,"href":"https:\/\/revolutionpadelstore.com\/fr\/wp-json\/wp\/v2\/acabado?post=129026"},{"taxonomy":"balance","embeddable":true,"href":"https:\/\/revolutionpadelstore.com\/fr\/wp-json\/wp\/v2\/balance?post=129026"},{"taxonomy":"dureza","embeddable":true,"href":"https:\/\/revolutionpadelstore.com\/fr\/wp-json\/wp\/v2\/dureza?post=129026"},{"taxonomy":"forma","embeddable":true,"href":"https:\/\/revolutionpadelstore.com\/fr\/wp-json\/wp\/v2\/forma?post=129026"},{"taxonomy":"jugador","embeddable":true,"href":"https:\/\/revolutionpadelstore.com\/fr\/wp-json\/wp\/v2\/jugador?post=129026"},{"taxonomy":"marca","embeddable":true,"href":"https:\/\/revolutionpadelstore.com\/fr\/wp-json\/wp\/v2\/marca?post=129026"},{"taxonomy":"nivel-de-juego","embeddable":true,"href":"https:\/\/revolutionpadelstore.com\/fr\/wp-json\/wp\/v2\/nivel-de-juego?post=129026"},{"taxonomy":"superficie","embeddable":true,"href":"https:\/\/revolutionpadelstore.com\/fr\/wp-json\/wp\/v2\/superficie?post=129026"},{"taxonomy":"tipo-de-juego","embeddable":true,"href":"https:\/\/revolutionpadelstore.com\/fr\/wp-json\/wp\/v2\/tipo-de-juego?post=129026"},{"taxonomy":"product_brand","embeddable":true,"href":"https:\/\/revolutionpadelstore.com\/fr\/wp-json\/wp\/v2\/product_brand?post=129026"},{"taxonomy":"product_cat","embeddable":true,"href":"https:\/\/revolutionpadelstore.com\/fr\/wp-json\/wp\/v2\/product_cat?post=129026"},{"taxonomy":"product_tag","embeddable":true,"href":"https:\/\/revolutionpadelstore.com\/fr\/wp-json\/wp\/v2\/product_tag?post=129026"}],"curies":[{"name":"wp","href":"https:\/\/api.w.org\/{rel}","templated":true}]}}