{"id":128988,"date":"2024-11-20T00:06:14","date_gmt":"2024-11-19T23:06:14","guid":{"rendered":"https:\/\/revolutionpadelstore.com\/mochila-nox-luxury-open-series-negro-marron\/"},"modified":"2026-04-08T10:17:25","modified_gmt":"2026-04-08T08:17:25","slug":"mochila-nox-luxury-open-series-negro-marron-3","status":"publish","type":"product","link":"https:\/\/revolutionpadelstore.com\/fr\/produit\/mochila-nox-luxury-open-series-negro-marron-3\/","title":{"rendered":"MOCHILA NOX LUXURY OPEN SERIES NEGRO MARR\u00d3N"},"content":{"rendered":"<p><H2> NOX LUXURATION BACKPACK Open S\u00e9rie Black Brown <\/H2><br \/>\nLa s\u00e9rie de sacs \u00e0 dos NOX Luxury Open dans les couleurs noir et marron se combine parfaitement et les fonctionnalit\u00e9s, con\u00e7ues pour ceux qui recherchent un accessoire polyvalent \u00e0 la fois pour le jour le jour et leurs activit\u00e9s sportives. Fabriqu\u00e9 avec des mat\u00e9riaux techniques de haute qualit\u00e9, ce sac \u00e0 dos r\u00e9duit non seulement la sensation de poids, mais garantit \u00e9galement une plus grande durabilit\u00e9 et confort dans son utilisation.<\/p>\n<p>La conception large comprend plusieurs compartiments, y compris un principal qui peut abriter une pelle ou m\u00eame un ordinateur, et un autre pour les v\u00eatements et les accessoires. De plus, il a un compartiment avant avec syst\u00e8me de ventilation, id\u00e9al pour \u00e9conomiser les chaussures et garder le reste de vos effets frais et bien organis\u00e9s.<\/p>\n<p>Les compartiments suppl\u00e9mentaires \u00e0 l&#8217;avant et au c\u00f4t\u00e9 sont parfaits pour les petits objets tels que les mobiles, les lunettes ou les cl\u00e9s. Les sangles et le dossier ont un rembourrage ergonomique, ce qui assure un ajustement confortable et un bon d\u00e9bit d&#8217;air. Avec des mesures de 500 x 330 x 200 mm et une capacit\u00e9 de 30 litres, ce sac \u00e0 dos s&#8217;adapte aux besoins de votre routine quotidienne et de votre formation, ce qui en fait une option parfaite pour ceux qui recherchent la qualit\u00e9 et le design.<\/p>\n<h2>Mochila Nox Luxury Open Series Negro Marr\u00f3n<\/h2>\n","protected":false},"excerpt":{"rendered":"<p>Le sac \u00e0 dos NOx Luxury Open Series combine l&#8217;\u00e9l\u00e9gance et les fonctionnalit\u00e9s, avec des mat\u00e9riaux techniques avanc\u00e9s, plusieurs compartiments et une conception ergonomique, id\u00e9al pour une utilisation et une formation quotidiens.<\/p>\n","protected":false},"featured_media":115977,"comment_status":"open","ping_status":"closed","template":"","meta":{"_acf_changed":false,"_joinchat":[]},"acabado":[],"balance":[],"dureza":[],"forma":[],"jugador":[],"marca":[1262],"nivel-de-juego":[],"superficie":[],"tipo-de-juego":[],"product_brand":[],"product_cat":[320],"product_tag":[],"class_list":{"0":"post-128988","1":"product","2":"type-product","3":"status-publish","4":"has-post-thumbnail","6":"marca-nox-fr","7":"product_cat-sacs","9":"first","10":"outofstock","11":"sale","12":"taxable","13":"shipping-taxable","14":"purchasable","15":"product-type-simple"},"acf":[],"yoast_head":"<!-- This site is optimized with the Yoast SEO plugin v27.4 - https:\/\/yoast.com\/product\/yoast-seo-wordpress\/ -->\n<title>MOCHILA NOX LUXURY OPEN SERIES NEGRO MARR\u00d3N - Revolution Padel Store<\/title>\n<meta name=\"description\" content=\"La Mochila Nox Luxury Open Series en colores negro y marr\u00f3n combina a la perfecci\u00f3n estilo y funcionalidad, pensada para quienes buscan un accesorio vers\u00e1til tanto para el d\u00eda a d\u00eda como para sus actividades deportivas. Fabricada con materiales t\u00e9cnicos de alta calidad, esta mochila no solo reduce la sensaci\u00f3n de peso, sino que tambi\u00e9n garantiza una mayor durabilidad y comodidad en su uso.\" \/>\n<meta name=\"robots\" content=\"index, follow, max-snippet:-1, max-image-preview:large, max-video-preview:-1\" \/>\n<link rel=\"canonical\" href=\"https:\/\/revolutionpadelstore.com\/fr\/produit\/mochila-nox-luxury-open-series-negro-marron-3\/\" \/>\n<meta property=\"og:locale\" content=\"fr_FR\" \/>\n<meta property=\"og:type\" content=\"article\" \/>\n<meta property=\"og:title\" content=\"MOCHILA NOX LUXURY OPEN SERIES NEGRO MARR\u00d3N - Revolution Padel Store\" \/>\n<meta property=\"og:description\" content=\"La Mochila Nox Luxury Open Series en colores negro y marr\u00f3n combina a la perfecci\u00f3n estilo y funcionalidad, pensada para quienes buscan un accesorio vers\u00e1til tanto para el d\u00eda a d\u00eda como para sus actividades deportivas. Fabricada con materiales t\u00e9cnicos de alta calidad, esta mochila no solo reduce la sensaci\u00f3n de peso, sino que tambi\u00e9n garantiza una mayor durabilidad y comodidad en su uso.\" \/>\n<meta property=\"og:url\" content=\"https:\/\/revolutionpadelstore.com\/fr\/produit\/mochila-nox-luxury-open-series-negro-marron-3\/\" \/>\n<meta property=\"og:site_name\" content=\"Revolution Padel Store\" \/>\n<meta property=\"article:modified_time\" content=\"2026-04-08T08:17:25+00:00\" \/>\n<meta property=\"og:image\" content=\"https:\/\/revolutionpadelstore.com\/wp-content\/uploads\/2024\/11\/113146_mochila_nox_luxury_open_series_mocopenblbr_1500x1500_1_cead.webp\" \/>\n\t<meta property=\"og:image:width\" content=\"1500\" \/>\n\t<meta property=\"og:image:height\" content=\"1500\" \/>\n\t<meta property=\"og:image:type\" content=\"image\/webp\" \/>\n<meta name=\"twitter:card\" content=\"summary_large_image\" \/>\n<meta name=\"twitter:label1\" content=\"Dur\u00e9e de lecture estim\u00e9e\" \/>\n\t<meta name=\"twitter:data1\" content=\"1 minute\" \/>\n<script type=\"application\/ld+json\" class=\"yoast-schema-graph\">{\"@context\":\"https:\\\/\\\/schema.org\",\"@graph\":[{\"@type\":\"WebPage\",\"@id\":\"https:\\\/\\\/revolutionpadelstore.com\\\/fr\\\/produit\\\/mochila-nox-luxury-open-series-negro-marron-3\\\/\",\"url\":\"https:\\\/\\\/revolutionpadelstore.com\\\/fr\\\/produit\\\/mochila-nox-luxury-open-series-negro-marron-3\\\/\",\"name\":\"MOCHILA NOX LUXURY OPEN SERIES NEGRO MARR\u00d3N - Revolution Padel Store\",\"isPartOf\":{\"@id\":\"https:\\\/\\\/revolutionpadelstore.com\\\/fr\\\/#website\"},\"primaryImageOfPage\":{\"@id\":\"https:\\\/\\\/revolutionpadelstore.com\\\/fr\\\/produit\\\/mochila-nox-luxury-open-series-negro-marron-3\\\/#primaryimage\"},\"image\":{\"@id\":\"https:\\\/\\\/revolutionpadelstore.com\\\/fr\\\/produit\\\/mochila-nox-luxury-open-series-negro-marron-3\\\/#primaryimage\"},\"thumbnailUrl\":\"https:\\\/\\\/revolutionpadelstore.com\\\/wp-content\\\/uploads\\\/2024\\\/11\\\/113146_mochila_nox_luxury_open_series_mocopenblbr_1500x1500_1_cead.webp\",\"datePublished\":\"2024-11-19T23:06:14+00:00\",\"dateModified\":\"2026-04-08T08:17:25+00:00\",\"description\":\"La Mochila Nox Luxury Open Series en colores negro y marr\u00f3n combina a la perfecci\u00f3n estilo y funcionalidad, pensada para quienes buscan un accesorio vers\u00e1til tanto para el d\u00eda a d\u00eda como para sus actividades deportivas. Fabricada con materiales t\u00e9cnicos de alta calidad, esta mochila no solo reduce la sensaci\u00f3n de peso, sino que tambi\u00e9n garantiza una mayor durabilidad y comodidad en su uso.\",\"breadcrumb\":{\"@id\":\"https:\\\/\\\/revolutionpadelstore.com\\\/fr\\\/produit\\\/mochila-nox-luxury-open-series-negro-marron-3\\\/#breadcrumb\"},\"inLanguage\":\"fr-FR\",\"potentialAction\":[{\"@type\":\"ReadAction\",\"target\":[\"https:\\\/\\\/revolutionpadelstore.com\\\/fr\\\/produit\\\/mochila-nox-luxury-open-series-negro-marron-3\\\/\"]}]},{\"@type\":\"ImageObject\",\"inLanguage\":\"fr-FR\",\"@id\":\"https:\\\/\\\/revolutionpadelstore.com\\\/fr\\\/produit\\\/mochila-nox-luxury-open-series-negro-marron-3\\\/#primaryimage\",\"url\":\"https:\\\/\\\/revolutionpadelstore.com\\\/wp-content\\\/uploads\\\/2024\\\/11\\\/113146_mochila_nox_luxury_open_series_mocopenblbr_1500x1500_1_cead.webp\",\"contentUrl\":\"https:\\\/\\\/revolutionpadelstore.com\\\/wp-content\\\/uploads\\\/2024\\\/11\\\/113146_mochila_nox_luxury_open_series_mocopenblbr_1500x1500_1_cead.webp\",\"width\":1500,\"height\":1500},{\"@type\":\"BreadcrumbList\",\"@id\":\"https:\\\/\\\/revolutionpadelstore.com\\\/fr\\\/produit\\\/mochila-nox-luxury-open-series-negro-marron-3\\\/#breadcrumb\",\"itemListElement\":[{\"@type\":\"ListItem\",\"position\":1,\"name\":\"Portada\",\"item\":\"https:\\\/\\\/revolutionpadelstore.com\\\/fr\\\/\"},{\"@type\":\"ListItem\",\"position\":2,\"name\":\"Boutique\",\"item\":\"https:\\\/\\\/revolutionpadelstore.com\\\/fr\\\/tienda\\\/\"},{\"@type\":\"ListItem\",\"position\":3,\"name\":\"MOCHILA NOX LUXURY OPEN SERIES NEGRO MARR\u00d3N\"}]},{\"@type\":\"WebSite\",\"@id\":\"https:\\\/\\\/revolutionpadelstore.com\\\/fr\\\/#website\",\"url\":\"https:\\\/\\\/revolutionpadelstore.com\\\/fr\\\/\",\"name\":\"Revolution Padel Store\",\"description\":\"\",\"publisher\":{\"@id\":\"https:\\\/\\\/revolutionpadelstore.com\\\/fr\\\/#organization\"},\"potentialAction\":[{\"@type\":\"SearchAction\",\"target\":{\"@type\":\"EntryPoint\",\"urlTemplate\":\"https:\\\/\\\/revolutionpadelstore.com\\\/fr\\\/?s={search_term_string}\"},\"query-input\":{\"@type\":\"PropertyValueSpecification\",\"valueRequired\":true,\"valueName\":\"search_term_string\"}}],\"inLanguage\":\"fr-FR\"},{\"@type\":\"Organization\",\"@id\":\"https:\\\/\\\/revolutionpadelstore.com\\\/fr\\\/#organization\",\"name\":\"Revolution Padel Store\",\"url\":\"https:\\\/\\\/revolutionpadelstore.com\\\/fr\\\/\",\"logo\":{\"@type\":\"ImageObject\",\"inLanguage\":\"fr-FR\",\"@id\":\"https:\\\/\\\/revolutionpadelstore.com\\\/fr\\\/#\\\/schema\\\/logo\\\/image\\\/\",\"url\":\"https:\\\/\\\/revolutionpadelstore.com\\\/wp-content\\\/uploads\\\/2026\\\/02\\\/revolution-padel-store.jpg\",\"contentUrl\":\"https:\\\/\\\/revolutionpadelstore.com\\\/wp-content\\\/uploads\\\/2026\\\/02\\\/revolution-padel-store.jpg\",\"width\":2000,\"height\":2000,\"caption\":\"Revolution Padel Store\"},\"image\":{\"@id\":\"https:\\\/\\\/revolutionpadelstore.com\\\/fr\\\/#\\\/schema\\\/logo\\\/image\\\/\"},\"sameAs\":[\"https:\\\/\\\/www.instagram.com\\\/revolutionpadelstore\\\/\"]}]}<\/script>\n<!-- \/ Yoast SEO plugin. -->","yoast_head_json":{"title":"MOCHILA NOX LUXURY OPEN SERIES NEGRO MARR\u00d3N - Revolution Padel Store","description":"La Mochila Nox Luxury Open Series en colores negro y marr\u00f3n combina a la perfecci\u00f3n estilo y funcionalidad, pensada para quienes buscan un accesorio vers\u00e1til tanto para el d\u00eda a d\u00eda como para sus actividades deportivas. Fabricada con materiales t\u00e9cnicos de alta calidad, esta mochila no solo reduce la sensaci\u00f3n de peso, sino que tambi\u00e9n garantiza una mayor durabilidad y comodidad en su uso.","robots":{"index":"index","follow":"follow","max-snippet":"max-snippet:-1","max-image-preview":"max-image-preview:large","max-video-preview":"max-video-preview:-1"},"canonical":"https:\/\/revolutionpadelstore.com\/fr\/produit\/mochila-nox-luxury-open-series-negro-marron-3\/","og_locale":"fr_FR","og_type":"article","og_title":"MOCHILA NOX LUXURY OPEN SERIES NEGRO MARR\u00d3N - Revolution Padel Store","og_description":"La Mochila Nox Luxury Open Series en colores negro y marr\u00f3n combina a la perfecci\u00f3n estilo y funcionalidad, pensada para quienes buscan un accesorio vers\u00e1til tanto para el d\u00eda a d\u00eda como para sus actividades deportivas. Fabricada con materiales t\u00e9cnicos de alta calidad, esta mochila no solo reduce la sensaci\u00f3n de peso, sino que tambi\u00e9n garantiza una mayor durabilidad y comodidad en su uso.","og_url":"https:\/\/revolutionpadelstore.com\/fr\/produit\/mochila-nox-luxury-open-series-negro-marron-3\/","og_site_name":"Revolution Padel Store","article_modified_time":"2026-04-08T08:17:25+00:00","og_image":[{"width":1500,"height":1500,"url":"https:\/\/revolutionpadelstore.com\/wp-content\/uploads\/2024\/11\/113146_mochila_nox_luxury_open_series_mocopenblbr_1500x1500_1_cead.webp","type":"image\/webp"}],"twitter_card":"summary_large_image","twitter_misc":{"Dur\u00e9e de lecture estim\u00e9e":"1 minute"},"schema":{"@context":"https:\/\/schema.org","@graph":[{"@type":"WebPage","@id":"https:\/\/revolutionpadelstore.com\/fr\/produit\/mochila-nox-luxury-open-series-negro-marron-3\/","url":"https:\/\/revolutionpadelstore.com\/fr\/produit\/mochila-nox-luxury-open-series-negro-marron-3\/","name":"MOCHILA NOX LUXURY OPEN SERIES NEGRO MARR\u00d3N - Revolution Padel Store","isPartOf":{"@id":"https:\/\/revolutionpadelstore.com\/fr\/#website"},"primaryImageOfPage":{"@id":"https:\/\/revolutionpadelstore.com\/fr\/produit\/mochila-nox-luxury-open-series-negro-marron-3\/#primaryimage"},"image":{"@id":"https:\/\/revolutionpadelstore.com\/fr\/produit\/mochila-nox-luxury-open-series-negro-marron-3\/#primaryimage"},"thumbnailUrl":"https:\/\/revolutionpadelstore.com\/wp-content\/uploads\/2024\/11\/113146_mochila_nox_luxury_open_series_mocopenblbr_1500x1500_1_cead.webp","datePublished":"2024-11-19T23:06:14+00:00","dateModified":"2026-04-08T08:17:25+00:00","description":"La Mochila Nox Luxury Open Series en colores negro y marr\u00f3n combina a la perfecci\u00f3n estilo y funcionalidad, pensada para quienes buscan un accesorio vers\u00e1til tanto para el d\u00eda a d\u00eda como para sus actividades deportivas. Fabricada con materiales t\u00e9cnicos de alta calidad, esta mochila no solo reduce la sensaci\u00f3n de peso, sino que tambi\u00e9n garantiza una mayor durabilidad y comodidad en su uso.","breadcrumb":{"@id":"https:\/\/revolutionpadelstore.com\/fr\/produit\/mochila-nox-luxury-open-series-negro-marron-3\/#breadcrumb"},"inLanguage":"fr-FR","potentialAction":[{"@type":"ReadAction","target":["https:\/\/revolutionpadelstore.com\/fr\/produit\/mochila-nox-luxury-open-series-negro-marron-3\/"]}]},{"@type":"ImageObject","inLanguage":"fr-FR","@id":"https:\/\/revolutionpadelstore.com\/fr\/produit\/mochila-nox-luxury-open-series-negro-marron-3\/#primaryimage","url":"https:\/\/revolutionpadelstore.com\/wp-content\/uploads\/2024\/11\/113146_mochila_nox_luxury_open_series_mocopenblbr_1500x1500_1_cead.webp","contentUrl":"https:\/\/revolutionpadelstore.com\/wp-content\/uploads\/2024\/11\/113146_mochila_nox_luxury_open_series_mocopenblbr_1500x1500_1_cead.webp","width":1500,"height":1500},{"@type":"BreadcrumbList","@id":"https:\/\/revolutionpadelstore.com\/fr\/produit\/mochila-nox-luxury-open-series-negro-marron-3\/#breadcrumb","itemListElement":[{"@type":"ListItem","position":1,"name":"Portada","item":"https:\/\/revolutionpadelstore.com\/fr\/"},{"@type":"ListItem","position":2,"name":"Boutique","item":"https:\/\/revolutionpadelstore.com\/fr\/tienda\/"},{"@type":"ListItem","position":3,"name":"MOCHILA NOX LUXURY OPEN SERIES NEGRO MARR\u00d3N"}]},{"@type":"WebSite","@id":"https:\/\/revolutionpadelstore.com\/fr\/#website","url":"https:\/\/revolutionpadelstore.com\/fr\/","name":"Revolution Padel Store","description":"","publisher":{"@id":"https:\/\/revolutionpadelstore.com\/fr\/#organization"},"potentialAction":[{"@type":"SearchAction","target":{"@type":"EntryPoint","urlTemplate":"https:\/\/revolutionpadelstore.com\/fr\/?s={search_term_string}"},"query-input":{"@type":"PropertyValueSpecification","valueRequired":true,"valueName":"search_term_string"}}],"inLanguage":"fr-FR"},{"@type":"Organization","@id":"https:\/\/revolutionpadelstore.com\/fr\/#organization","name":"Revolution Padel Store","url":"https:\/\/revolutionpadelstore.com\/fr\/","logo":{"@type":"ImageObject","inLanguage":"fr-FR","@id":"https:\/\/revolutionpadelstore.com\/fr\/#\/schema\/logo\/image\/","url":"https:\/\/revolutionpadelstore.com\/wp-content\/uploads\/2026\/02\/revolution-padel-store.jpg","contentUrl":"https:\/\/revolutionpadelstore.com\/wp-content\/uploads\/2026\/02\/revolution-padel-store.jpg","width":2000,"height":2000,"caption":"Revolution Padel Store"},"image":{"@id":"https:\/\/revolutionpadelstore.com\/fr\/#\/schema\/logo\/image\/"},"sameAs":["https:\/\/www.instagram.com\/revolutionpadelstore\/"]}]}},"_links":{"self":[{"href":"https:\/\/revolutionpadelstore.com\/fr\/wp-json\/wp\/v2\/product\/128988","targetHints":{"allow":["GET"]}}],"collection":[{"href":"https:\/\/revolutionpadelstore.com\/fr\/wp-json\/wp\/v2\/product"}],"about":[{"href":"https:\/\/revolutionpadelstore.com\/fr\/wp-json\/wp\/v2\/types\/product"}],"replies":[{"embeddable":true,"href":"https:\/\/revolutionpadelstore.com\/fr\/wp-json\/wp\/v2\/comments?post=128988"}],"wp:featuredmedia":[{"embeddable":true,"href":"https:\/\/revolutionpadelstore.com\/fr\/wp-json\/wp\/v2\/media\/115977"}],"wp:attachment":[{"href":"https:\/\/revolutionpadelstore.com\/fr\/wp-json\/wp\/v2\/media?parent=128988"}],"wp:term":[{"taxonomy":"acabado","embeddable":true,"href":"https:\/\/revolutionpadelstore.com\/fr\/wp-json\/wp\/v2\/acabado?post=128988"},{"taxonomy":"balance","embeddable":true,"href":"https:\/\/revolutionpadelstore.com\/fr\/wp-json\/wp\/v2\/balance?post=128988"},{"taxonomy":"dureza","embeddable":true,"href":"https:\/\/revolutionpadelstore.com\/fr\/wp-json\/wp\/v2\/dureza?post=128988"},{"taxonomy":"forma","embeddable":true,"href":"https:\/\/revolutionpadelstore.com\/fr\/wp-json\/wp\/v2\/forma?post=128988"},{"taxonomy":"jugador","embeddable":true,"href":"https:\/\/revolutionpadelstore.com\/fr\/wp-json\/wp\/v2\/jugador?post=128988"},{"taxonomy":"marca","embeddable":true,"href":"https:\/\/revolutionpadelstore.com\/fr\/wp-json\/wp\/v2\/marca?post=128988"},{"taxonomy":"nivel-de-juego","embeddable":true,"href":"https:\/\/revolutionpadelstore.com\/fr\/wp-json\/wp\/v2\/nivel-de-juego?post=128988"},{"taxonomy":"superficie","embeddable":true,"href":"https:\/\/revolutionpadelstore.com\/fr\/wp-json\/wp\/v2\/superficie?post=128988"},{"taxonomy":"tipo-de-juego","embeddable":true,"href":"https:\/\/revolutionpadelstore.com\/fr\/wp-json\/wp\/v2\/tipo-de-juego?post=128988"},{"taxonomy":"product_brand","embeddable":true,"href":"https:\/\/revolutionpadelstore.com\/fr\/wp-json\/wp\/v2\/product_brand?post=128988"},{"taxonomy":"product_cat","embeddable":true,"href":"https:\/\/revolutionpadelstore.com\/fr\/wp-json\/wp\/v2\/product_cat?post=128988"},{"taxonomy":"product_tag","embeddable":true,"href":"https:\/\/revolutionpadelstore.com\/fr\/wp-json\/wp\/v2\/product_tag?post=128988"}],"curies":[{"name":"wp","href":"https:\/\/api.w.org\/{rel}","templated":true}]}}