{"id":128983,"date":"2024-11-20T00:29:24","date_gmt":"2024-11-19T23:29:24","guid":{"rendered":"https:\/\/revolutionpadelstore.com\/mochila-nox-luxury-open-series-negro-rojo\/"},"modified":"2026-04-08T10:16:13","modified_gmt":"2026-04-08T08:16:13","slug":"mochila-nox-luxury-open-series-negro-rojo-3","status":"publish","type":"product","link":"https:\/\/revolutionpadelstore.com\/fr\/produit\/mochila-nox-luxury-open-series-negro-rojo-3\/","title":{"rendered":"MOCHILA NOX LUXURY OPEN SERIES NEGRO ROJO"},"content":{"rendered":"<p><H2> NOX LUXUR SECHEMENT Open S\u00e9rie Black Red <\/H2><br \/>\nLa s\u00e9rie de sacs \u00e0 dos NOx Luxury Open en noir et rouge est l&#8217;option id\u00e9ale pour ceux qui cherchent \u00e0 combiner le style et les fonctionnalit\u00e9s en un seul accessoire. Fabriqu\u00e9 avec des mat\u00e9riaux techniques de haute qualit\u00e9, ce sac \u00e0 dos ressort pour sa r\u00e9sistance et sa l\u00e9g\u00e8ret\u00e9, offrant un confort \u00e0 la fois pour une utilisation quotidienne et une formation. Sa conception a un grand espace de stockage, avec deux compartiments principaux: un parfait pour une pelle ou un ordinateur et un pour sauver vos \u00e9quipements de sport et vos accessoires.<\/p>\n<p>Comprend un compartiment avant ind\u00e9pendant avec syst\u00e8me de ventilation, con\u00e7u pour garder les chaussures fra\u00eeches et s\u00e9par\u00e9es du reste de vos effets personnels. De plus, des poches suppl\u00e9mentaires \u00e0 l&#8217;avant et \u00e0 c\u00f4t\u00e9 sont id\u00e9ales pour sauver des objets personnels tels que le mobile, les cl\u00e9s ou les bouteilles.<\/p>\n<p>Les sangles et le dossier sont con\u00e7us ergonomiquement avec le remplissage pour garantir un r\u00e9glage confortable et permettre une circulation d&#8217;air optimale. Avec des dimensions de 500 x 330 x 200 mm et une capacit\u00e9 de 30 litres, ce sac \u00e0 dos s&#8217;adapte \u00e0 tous vos besoins, en vous assurant que vous pouvez transporter tout essentiel de mani\u00e8re organis\u00e9e, avec une touche d&#8217;\u00e9l\u00e9gance et de modernit\u00e9.<\/p>\n<h2>Mochila Nox Luxury Open Series Negro Rojo<\/h2>\n","protected":false},"excerpt":{"rendered":"<p>La s\u00e9rie de sacs \u00e0 dos NOx Luxury Open en noir et rouge combine la conception moderne, les mat\u00e9riaux techniques avanc\u00e9s et les compartiments polyvalents, id\u00e9aux pour l&#8217;utilisation quotidienne et sportive.<\/p>\n","protected":false},"featured_media":116101,"comment_status":"open","ping_status":"closed","template":"","meta":{"_acf_changed":false,"_joinchat":[]},"acabado":[],"balance":[],"dureza":[],"forma":[],"jugador":[],"marca":[1262],"nivel-de-juego":[],"superficie":[],"tipo-de-juego":[],"product_brand":[],"product_cat":[320],"product_tag":[],"class_list":{"0":"post-128983","1":"product","2":"type-product","3":"status-publish","4":"has-post-thumbnail","6":"marca-nox-fr","7":"product_cat-sacs","9":"first","10":"outofstock","11":"sale","12":"taxable","13":"shipping-taxable","14":"purchasable","15":"product-type-simple"},"acf":[],"yoast_head":"<!-- This site is optimized with the Yoast SEO plugin v27.4 - https:\/\/yoast.com\/product\/yoast-seo-wordpress\/ -->\n<title>MOCHILA NOX LUXURY OPEN SERIES NEGRO ROJO - Revolution Padel Store<\/title>\n<meta name=\"description\" content=\"La Mochila Nox Luxury Open Series en negro y rojo es la elecci\u00f3n perfecta para quienes buscan estilo y funcionalidad en un solo accesorio. Confeccionada con textiles de alta tecnolog\u00eda, esta mochila se destaca por su resistencia y ligereza, lo que permite un uso c\u00f3modo tanto en el d\u00eda a d\u00eda como en entrenamientos. Su dise\u00f1o ofrece un amplio espacio con dos compartimentos principales: uno ideal para una pala o un ordenador, y otro para llevar tu equipaci\u00f3n deportiva y accesorios.\" \/>\n<meta name=\"robots\" content=\"index, follow, max-snippet:-1, max-image-preview:large, max-video-preview:-1\" \/>\n<link rel=\"canonical\" href=\"https:\/\/revolutionpadelstore.com\/fr\/produit\/mochila-nox-luxury-open-series-negro-rojo-3\/\" \/>\n<meta property=\"og:locale\" content=\"fr_FR\" \/>\n<meta property=\"og:type\" content=\"article\" \/>\n<meta property=\"og:title\" content=\"MOCHILA NOX LUXURY OPEN SERIES NEGRO ROJO - Revolution Padel Store\" \/>\n<meta property=\"og:description\" content=\"La Mochila Nox Luxury Open Series en negro y rojo es la elecci\u00f3n perfecta para quienes buscan estilo y funcionalidad en un solo accesorio. Confeccionada con textiles de alta tecnolog\u00eda, esta mochila se destaca por su resistencia y ligereza, lo que permite un uso c\u00f3modo tanto en el d\u00eda a d\u00eda como en entrenamientos. Su dise\u00f1o ofrece un amplio espacio con dos compartimentos principales: uno ideal para una pala o un ordenador, y otro para llevar tu equipaci\u00f3n deportiva y accesorios.\" \/>\n<meta property=\"og:url\" content=\"https:\/\/revolutionpadelstore.com\/fr\/produit\/mochila-nox-luxury-open-series-negro-rojo-3\/\" \/>\n<meta property=\"og:site_name\" content=\"Revolution Padel Store\" \/>\n<meta property=\"article:modified_time\" content=\"2026-04-08T08:16:13+00:00\" \/>\n<meta property=\"og:image\" content=\"https:\/\/revolutionpadelstore.com\/wp-content\/uploads\/2024\/11\/113147_mochila_nox_luxury_open_series_mocopenblre_1500x1500_1_ee47.webp\" \/>\n\t<meta property=\"og:image:width\" content=\"1500\" \/>\n\t<meta property=\"og:image:height\" content=\"1500\" \/>\n\t<meta property=\"og:image:type\" content=\"image\/webp\" \/>\n<meta name=\"twitter:card\" content=\"summary_large_image\" \/>\n<meta name=\"twitter:label1\" content=\"Dur\u00e9e de lecture estim\u00e9e\" \/>\n\t<meta name=\"twitter:data1\" content=\"1 minute\" \/>\n<script type=\"application\/ld+json\" class=\"yoast-schema-graph\">{\"@context\":\"https:\\\/\\\/schema.org\",\"@graph\":[{\"@type\":\"WebPage\",\"@id\":\"https:\\\/\\\/revolutionpadelstore.com\\\/fr\\\/produit\\\/mochila-nox-luxury-open-series-negro-rojo-3\\\/\",\"url\":\"https:\\\/\\\/revolutionpadelstore.com\\\/fr\\\/produit\\\/mochila-nox-luxury-open-series-negro-rojo-3\\\/\",\"name\":\"MOCHILA NOX LUXURY OPEN SERIES NEGRO ROJO - Revolution Padel Store\",\"isPartOf\":{\"@id\":\"https:\\\/\\\/revolutionpadelstore.com\\\/fr\\\/#website\"},\"primaryImageOfPage\":{\"@id\":\"https:\\\/\\\/revolutionpadelstore.com\\\/fr\\\/produit\\\/mochila-nox-luxury-open-series-negro-rojo-3\\\/#primaryimage\"},\"image\":{\"@id\":\"https:\\\/\\\/revolutionpadelstore.com\\\/fr\\\/produit\\\/mochila-nox-luxury-open-series-negro-rojo-3\\\/#primaryimage\"},\"thumbnailUrl\":\"https:\\\/\\\/revolutionpadelstore.com\\\/wp-content\\\/uploads\\\/2024\\\/11\\\/113147_mochila_nox_luxury_open_series_mocopenblre_1500x1500_1_ee47.webp\",\"datePublished\":\"2024-11-19T23:29:24+00:00\",\"dateModified\":\"2026-04-08T08:16:13+00:00\",\"description\":\"La Mochila Nox Luxury Open Series en negro y rojo es la elecci\u00f3n perfecta para quienes buscan estilo y funcionalidad en un solo accesorio. Confeccionada con textiles de alta tecnolog\u00eda, esta mochila se destaca por su resistencia y ligereza, lo que permite un uso c\u00f3modo tanto en el d\u00eda a d\u00eda como en entrenamientos. Su dise\u00f1o ofrece un amplio espacio con dos compartimentos principales: uno ideal para una pala o un ordenador, y otro para llevar tu equipaci\u00f3n deportiva y accesorios.\",\"breadcrumb\":{\"@id\":\"https:\\\/\\\/revolutionpadelstore.com\\\/fr\\\/produit\\\/mochila-nox-luxury-open-series-negro-rojo-3\\\/#breadcrumb\"},\"inLanguage\":\"fr-FR\",\"potentialAction\":[{\"@type\":\"ReadAction\",\"target\":[\"https:\\\/\\\/revolutionpadelstore.com\\\/fr\\\/produit\\\/mochila-nox-luxury-open-series-negro-rojo-3\\\/\"]}]},{\"@type\":\"ImageObject\",\"inLanguage\":\"fr-FR\",\"@id\":\"https:\\\/\\\/revolutionpadelstore.com\\\/fr\\\/produit\\\/mochila-nox-luxury-open-series-negro-rojo-3\\\/#primaryimage\",\"url\":\"https:\\\/\\\/revolutionpadelstore.com\\\/wp-content\\\/uploads\\\/2024\\\/11\\\/113147_mochila_nox_luxury_open_series_mocopenblre_1500x1500_1_ee47.webp\",\"contentUrl\":\"https:\\\/\\\/revolutionpadelstore.com\\\/wp-content\\\/uploads\\\/2024\\\/11\\\/113147_mochila_nox_luxury_open_series_mocopenblre_1500x1500_1_ee47.webp\",\"width\":1500,\"height\":1500},{\"@type\":\"BreadcrumbList\",\"@id\":\"https:\\\/\\\/revolutionpadelstore.com\\\/fr\\\/produit\\\/mochila-nox-luxury-open-series-negro-rojo-3\\\/#breadcrumb\",\"itemListElement\":[{\"@type\":\"ListItem\",\"position\":1,\"name\":\"Portada\",\"item\":\"https:\\\/\\\/revolutionpadelstore.com\\\/fr\\\/\"},{\"@type\":\"ListItem\",\"position\":2,\"name\":\"Boutique\",\"item\":\"https:\\\/\\\/revolutionpadelstore.com\\\/fr\\\/tienda\\\/\"},{\"@type\":\"ListItem\",\"position\":3,\"name\":\"MOCHILA NOX LUXURY OPEN SERIES NEGRO ROJO\"}]},{\"@type\":\"WebSite\",\"@id\":\"https:\\\/\\\/revolutionpadelstore.com\\\/fr\\\/#website\",\"url\":\"https:\\\/\\\/revolutionpadelstore.com\\\/fr\\\/\",\"name\":\"Revolution Padel Store\",\"description\":\"\",\"publisher\":{\"@id\":\"https:\\\/\\\/revolutionpadelstore.com\\\/fr\\\/#organization\"},\"potentialAction\":[{\"@type\":\"SearchAction\",\"target\":{\"@type\":\"EntryPoint\",\"urlTemplate\":\"https:\\\/\\\/revolutionpadelstore.com\\\/fr\\\/?s={search_term_string}\"},\"query-input\":{\"@type\":\"PropertyValueSpecification\",\"valueRequired\":true,\"valueName\":\"search_term_string\"}}],\"inLanguage\":\"fr-FR\"},{\"@type\":\"Organization\",\"@id\":\"https:\\\/\\\/revolutionpadelstore.com\\\/fr\\\/#organization\",\"name\":\"Revolution Padel Store\",\"url\":\"https:\\\/\\\/revolutionpadelstore.com\\\/fr\\\/\",\"logo\":{\"@type\":\"ImageObject\",\"inLanguage\":\"fr-FR\",\"@id\":\"https:\\\/\\\/revolutionpadelstore.com\\\/fr\\\/#\\\/schema\\\/logo\\\/image\\\/\",\"url\":\"https:\\\/\\\/revolutionpadelstore.com\\\/wp-content\\\/uploads\\\/2026\\\/02\\\/revolution-padel-store.jpg\",\"contentUrl\":\"https:\\\/\\\/revolutionpadelstore.com\\\/wp-content\\\/uploads\\\/2026\\\/02\\\/revolution-padel-store.jpg\",\"width\":2000,\"height\":2000,\"caption\":\"Revolution Padel Store\"},\"image\":{\"@id\":\"https:\\\/\\\/revolutionpadelstore.com\\\/fr\\\/#\\\/schema\\\/logo\\\/image\\\/\"},\"sameAs\":[\"https:\\\/\\\/www.instagram.com\\\/revolutionpadelstore\\\/\"]}]}<\/script>\n<!-- \/ Yoast SEO plugin. -->","yoast_head_json":{"title":"MOCHILA NOX LUXURY OPEN SERIES NEGRO ROJO - Revolution Padel Store","description":"La Mochila Nox Luxury Open Series en negro y rojo es la elecci\u00f3n perfecta para quienes buscan estilo y funcionalidad en un solo accesorio. Confeccionada con textiles de alta tecnolog\u00eda, esta mochila se destaca por su resistencia y ligereza, lo que permite un uso c\u00f3modo tanto en el d\u00eda a d\u00eda como en entrenamientos. Su dise\u00f1o ofrece un amplio espacio con dos compartimentos principales: uno ideal para una pala o un ordenador, y otro para llevar tu equipaci\u00f3n deportiva y accesorios.","robots":{"index":"index","follow":"follow","max-snippet":"max-snippet:-1","max-image-preview":"max-image-preview:large","max-video-preview":"max-video-preview:-1"},"canonical":"https:\/\/revolutionpadelstore.com\/fr\/produit\/mochila-nox-luxury-open-series-negro-rojo-3\/","og_locale":"fr_FR","og_type":"article","og_title":"MOCHILA NOX LUXURY OPEN SERIES NEGRO ROJO - Revolution Padel Store","og_description":"La Mochila Nox Luxury Open Series en negro y rojo es la elecci\u00f3n perfecta para quienes buscan estilo y funcionalidad en un solo accesorio. Confeccionada con textiles de alta tecnolog\u00eda, esta mochila se destaca por su resistencia y ligereza, lo que permite un uso c\u00f3modo tanto en el d\u00eda a d\u00eda como en entrenamientos. Su dise\u00f1o ofrece un amplio espacio con dos compartimentos principales: uno ideal para una pala o un ordenador, y otro para llevar tu equipaci\u00f3n deportiva y accesorios.","og_url":"https:\/\/revolutionpadelstore.com\/fr\/produit\/mochila-nox-luxury-open-series-negro-rojo-3\/","og_site_name":"Revolution Padel Store","article_modified_time":"2026-04-08T08:16:13+00:00","og_image":[{"width":1500,"height":1500,"url":"https:\/\/revolutionpadelstore.com\/wp-content\/uploads\/2024\/11\/113147_mochila_nox_luxury_open_series_mocopenblre_1500x1500_1_ee47.webp","type":"image\/webp"}],"twitter_card":"summary_large_image","twitter_misc":{"Dur\u00e9e de lecture estim\u00e9e":"1 minute"},"schema":{"@context":"https:\/\/schema.org","@graph":[{"@type":"WebPage","@id":"https:\/\/revolutionpadelstore.com\/fr\/produit\/mochila-nox-luxury-open-series-negro-rojo-3\/","url":"https:\/\/revolutionpadelstore.com\/fr\/produit\/mochila-nox-luxury-open-series-negro-rojo-3\/","name":"MOCHILA NOX LUXURY OPEN SERIES NEGRO ROJO - Revolution Padel Store","isPartOf":{"@id":"https:\/\/revolutionpadelstore.com\/fr\/#website"},"primaryImageOfPage":{"@id":"https:\/\/revolutionpadelstore.com\/fr\/produit\/mochila-nox-luxury-open-series-negro-rojo-3\/#primaryimage"},"image":{"@id":"https:\/\/revolutionpadelstore.com\/fr\/produit\/mochila-nox-luxury-open-series-negro-rojo-3\/#primaryimage"},"thumbnailUrl":"https:\/\/revolutionpadelstore.com\/wp-content\/uploads\/2024\/11\/113147_mochila_nox_luxury_open_series_mocopenblre_1500x1500_1_ee47.webp","datePublished":"2024-11-19T23:29:24+00:00","dateModified":"2026-04-08T08:16:13+00:00","description":"La Mochila Nox Luxury Open Series en negro y rojo es la elecci\u00f3n perfecta para quienes buscan estilo y funcionalidad en un solo accesorio. Confeccionada con textiles de alta tecnolog\u00eda, esta mochila se destaca por su resistencia y ligereza, lo que permite un uso c\u00f3modo tanto en el d\u00eda a d\u00eda como en entrenamientos. Su dise\u00f1o ofrece un amplio espacio con dos compartimentos principales: uno ideal para una pala o un ordenador, y otro para llevar tu equipaci\u00f3n deportiva y accesorios.","breadcrumb":{"@id":"https:\/\/revolutionpadelstore.com\/fr\/produit\/mochila-nox-luxury-open-series-negro-rojo-3\/#breadcrumb"},"inLanguage":"fr-FR","potentialAction":[{"@type":"ReadAction","target":["https:\/\/revolutionpadelstore.com\/fr\/produit\/mochila-nox-luxury-open-series-negro-rojo-3\/"]}]},{"@type":"ImageObject","inLanguage":"fr-FR","@id":"https:\/\/revolutionpadelstore.com\/fr\/produit\/mochila-nox-luxury-open-series-negro-rojo-3\/#primaryimage","url":"https:\/\/revolutionpadelstore.com\/wp-content\/uploads\/2024\/11\/113147_mochila_nox_luxury_open_series_mocopenblre_1500x1500_1_ee47.webp","contentUrl":"https:\/\/revolutionpadelstore.com\/wp-content\/uploads\/2024\/11\/113147_mochila_nox_luxury_open_series_mocopenblre_1500x1500_1_ee47.webp","width":1500,"height":1500},{"@type":"BreadcrumbList","@id":"https:\/\/revolutionpadelstore.com\/fr\/produit\/mochila-nox-luxury-open-series-negro-rojo-3\/#breadcrumb","itemListElement":[{"@type":"ListItem","position":1,"name":"Portada","item":"https:\/\/revolutionpadelstore.com\/fr\/"},{"@type":"ListItem","position":2,"name":"Boutique","item":"https:\/\/revolutionpadelstore.com\/fr\/tienda\/"},{"@type":"ListItem","position":3,"name":"MOCHILA NOX LUXURY OPEN SERIES NEGRO ROJO"}]},{"@type":"WebSite","@id":"https:\/\/revolutionpadelstore.com\/fr\/#website","url":"https:\/\/revolutionpadelstore.com\/fr\/","name":"Revolution Padel Store","description":"","publisher":{"@id":"https:\/\/revolutionpadelstore.com\/fr\/#organization"},"potentialAction":[{"@type":"SearchAction","target":{"@type":"EntryPoint","urlTemplate":"https:\/\/revolutionpadelstore.com\/fr\/?s={search_term_string}"},"query-input":{"@type":"PropertyValueSpecification","valueRequired":true,"valueName":"search_term_string"}}],"inLanguage":"fr-FR"},{"@type":"Organization","@id":"https:\/\/revolutionpadelstore.com\/fr\/#organization","name":"Revolution Padel Store","url":"https:\/\/revolutionpadelstore.com\/fr\/","logo":{"@type":"ImageObject","inLanguage":"fr-FR","@id":"https:\/\/revolutionpadelstore.com\/fr\/#\/schema\/logo\/image\/","url":"https:\/\/revolutionpadelstore.com\/wp-content\/uploads\/2026\/02\/revolution-padel-store.jpg","contentUrl":"https:\/\/revolutionpadelstore.com\/wp-content\/uploads\/2026\/02\/revolution-padel-store.jpg","width":2000,"height":2000,"caption":"Revolution Padel Store"},"image":{"@id":"https:\/\/revolutionpadelstore.com\/fr\/#\/schema\/logo\/image\/"},"sameAs":["https:\/\/www.instagram.com\/revolutionpadelstore\/"]}]}},"_links":{"self":[{"href":"https:\/\/revolutionpadelstore.com\/fr\/wp-json\/wp\/v2\/product\/128983","targetHints":{"allow":["GET"]}}],"collection":[{"href":"https:\/\/revolutionpadelstore.com\/fr\/wp-json\/wp\/v2\/product"}],"about":[{"href":"https:\/\/revolutionpadelstore.com\/fr\/wp-json\/wp\/v2\/types\/product"}],"replies":[{"embeddable":true,"href":"https:\/\/revolutionpadelstore.com\/fr\/wp-json\/wp\/v2\/comments?post=128983"}],"wp:featuredmedia":[{"embeddable":true,"href":"https:\/\/revolutionpadelstore.com\/fr\/wp-json\/wp\/v2\/media\/116101"}],"wp:attachment":[{"href":"https:\/\/revolutionpadelstore.com\/fr\/wp-json\/wp\/v2\/media?parent=128983"}],"wp:term":[{"taxonomy":"acabado","embeddable":true,"href":"https:\/\/revolutionpadelstore.com\/fr\/wp-json\/wp\/v2\/acabado?post=128983"},{"taxonomy":"balance","embeddable":true,"href":"https:\/\/revolutionpadelstore.com\/fr\/wp-json\/wp\/v2\/balance?post=128983"},{"taxonomy":"dureza","embeddable":true,"href":"https:\/\/revolutionpadelstore.com\/fr\/wp-json\/wp\/v2\/dureza?post=128983"},{"taxonomy":"forma","embeddable":true,"href":"https:\/\/revolutionpadelstore.com\/fr\/wp-json\/wp\/v2\/forma?post=128983"},{"taxonomy":"jugador","embeddable":true,"href":"https:\/\/revolutionpadelstore.com\/fr\/wp-json\/wp\/v2\/jugador?post=128983"},{"taxonomy":"marca","embeddable":true,"href":"https:\/\/revolutionpadelstore.com\/fr\/wp-json\/wp\/v2\/marca?post=128983"},{"taxonomy":"nivel-de-juego","embeddable":true,"href":"https:\/\/revolutionpadelstore.com\/fr\/wp-json\/wp\/v2\/nivel-de-juego?post=128983"},{"taxonomy":"superficie","embeddable":true,"href":"https:\/\/revolutionpadelstore.com\/fr\/wp-json\/wp\/v2\/superficie?post=128983"},{"taxonomy":"tipo-de-juego","embeddable":true,"href":"https:\/\/revolutionpadelstore.com\/fr\/wp-json\/wp\/v2\/tipo-de-juego?post=128983"},{"taxonomy":"product_brand","embeddable":true,"href":"https:\/\/revolutionpadelstore.com\/fr\/wp-json\/wp\/v2\/product_brand?post=128983"},{"taxonomy":"product_cat","embeddable":true,"href":"https:\/\/revolutionpadelstore.com\/fr\/wp-json\/wp\/v2\/product_cat?post=128983"},{"taxonomy":"product_tag","embeddable":true,"href":"https:\/\/revolutionpadelstore.com\/fr\/wp-json\/wp\/v2\/product_tag?post=128983"}],"curies":[{"name":"wp","href":"https:\/\/api.w.org\/{rel}","templated":true}]}}