{"id":128978,"date":"2024-11-19T19:39:46","date_gmt":"2024-11-19T18:39:46","guid":{"rendered":"https:\/\/revolutionpadelstore.com\/mochila-nox-luxury-master-series\/"},"modified":"2026-04-08T10:18:17","modified_gmt":"2026-04-08T08:18:17","slug":"mochila-nox-luxury-master-series-3","status":"publish","type":"product","link":"https:\/\/revolutionpadelstore.com\/fr\/produit\/mochila-nox-luxury-master-series-3\/","title":{"rendered":"MOCHILA NOX LUXURY MASTER SERIES"},"content":{"rendered":"<h2> sac \u00e0 dos NOX Luxury Master Series<br \/>\nD\u00e9couvrez le <strong> Nox Luxury Master Series Backpack <\/strong>, la meilleure option pour les joueurs de paddle \u00e0 la recherche d&#8217;une combinaison parfaite de style et de fonctionnalit\u00e9. Fabriqu\u00e9 avec des mat\u00e9riaux techniques de <strong> textiles de haute qualit\u00e9 et avanc\u00e9s <\/strong>, ce sac \u00e0 dos offre une durabilit\u00e9 exceptionnelle et un confort incomparable. Avec sa conception en \u00e9l\u00e9gant <strong> noir et blanc <\/strong>, il est id\u00e9al pour le quotidien et votre formation.<\/p>\n<p>Le sac \u00e0 dos NOx Luxury Master Series est non seulement r\u00e9sistant, mais est \u00e9galement incroyablement l\u00e9ger, ce qui facilite le transport sans compromettre la capacit\u00e9 de charge. Votre <strong> compartiment principal avec une surface rigide <\/strong> offre une protection maximale pour votre pelle ou votre ordinateur portable, tandis qu&#8217;un deuxi\u00e8me compartiment <strong> vous permet de stocker jusqu&#8217;\u00e0 deux pelles suppl\u00e9mentaires <\/strong>, \u00e9quipement et accessoires. De plus, il a un espace ind\u00e9pendant <strong> <\/strong> \u00e0 l&#8217;avant pour les <strong> chaussures <\/strong>, con\u00e7ues avec un syst\u00e8me d&#8217;a\u00e9ration qui conserve vos chaussures fra\u00eeches.<\/p>\n<p>L&#8217;organisation est essentielle, et ce sac \u00e0 dos ne d\u00e9\u00e7oit pas: plusieurs compartiments avant et lat\u00e9raux vous permettent de transporter vos objets personnels, tels que le mobile, les lunettes, le portefeuille, les cl\u00e9s ou la bouteille. Ses sangles et dos rembourr\u00e9s <strong> fournissent un ajustement ergonomique <\/strong>, optimisant la circulation de l&#8217;adh\u00e9rence et de l&#8217;air. Avec une capacit\u00e9 <strong> de 30 litres <\/strong> et des mesures de 500 x 330 x 200 mm, la s\u00e9rie ma\u00eetre de luxe NOx est le partenaire id\u00e9al pour \u00e9lever votre jeu et votre style.<\/p>\n<h2>Mochila Nox Luxury Master Series<\/h2>\n","protected":false},"excerpt":{"rendered":"<p><b> <span> La s\u00e9rie NOx Luxury Master combine l&#8217;\u00e9l\u00e9gance et la fonctionnalit\u00e9 avec une capacit\u00e9 de 30L, des compartiments ergonomiques et une durabilit\u00e9 sup\u00e9rieure.<b><span style=\"color: black\">La Mochila Nox Luxury Master Series combina elegancia y funcionalidad con capacidad de 30L, compartimentos ergon\u00f3micos y durabilidad superior.<\/span><\/p>\n","protected":false},"featured_media":115926,"comment_status":"open","ping_status":"closed","template":"","meta":{"_acf_changed":false,"_joinchat":[]},"acabado":[],"balance":[],"dureza":[],"forma":[],"jugador":[],"marca":[1262],"nivel-de-juego":[],"superficie":[],"tipo-de-juego":[],"product_brand":[],"product_cat":[320],"product_tag":[],"class_list":{"0":"post-128978","1":"product","2":"type-product","3":"status-publish","4":"has-post-thumbnail","6":"marca-nox-fr","7":"product_cat-sacs","9":"first","10":"outofstock","11":"sale","12":"taxable","13":"shipping-taxable","14":"purchasable","15":"product-type-simple"},"acf":[],"yoast_head":"<!-- This site is optimized with the Yoast SEO plugin v27.4 - https:\/\/yoast.com\/product\/yoast-seo-wordpress\/ -->\n<title>MOCHILA NOX LUXURY MASTER SERIES - Revolution Padel Store<\/title>\n<meta name=\"description\" content=\"Descubre la\u00a0Mochila Nox Luxury Master Series, la mejor opci\u00f3n para los jugadores de p\u00e1del que buscan una combinaci\u00f3n perfecta de estilo y funcionalidad. Fabricada con materiales t\u00e9cnicos de\u00a0alta calidad y textiles avanzados, esta mochila ofrece una durabilidad excepcional y una comodidad incomparable. Con su dise\u00f1o en elegante\u00a0color negro y blanco, es ideal tanto para el d\u00eda a d\u00eda como para tus entrenamientos.\" \/>\n<meta name=\"robots\" content=\"index, follow, max-snippet:-1, max-image-preview:large, max-video-preview:-1\" \/>\n<link rel=\"canonical\" href=\"https:\/\/revolutionpadelstore.com\/fr\/produit\/mochila-nox-luxury-master-series-3\/\" \/>\n<meta property=\"og:locale\" content=\"fr_FR\" \/>\n<meta property=\"og:type\" content=\"article\" \/>\n<meta property=\"og:title\" content=\"MOCHILA NOX LUXURY MASTER SERIES - Revolution Padel Store\" \/>\n<meta property=\"og:description\" content=\"Descubre la\u00a0Mochila Nox Luxury Master Series, la mejor opci\u00f3n para los jugadores de p\u00e1del que buscan una combinaci\u00f3n perfecta de estilo y funcionalidad. Fabricada con materiales t\u00e9cnicos de\u00a0alta calidad y textiles avanzados, esta mochila ofrece una durabilidad excepcional y una comodidad incomparable. Con su dise\u00f1o en elegante\u00a0color negro y blanco, es ideal tanto para el d\u00eda a d\u00eda como para tus entrenamientos.\" \/>\n<meta property=\"og:url\" content=\"https:\/\/revolutionpadelstore.com\/fr\/produit\/mochila-nox-luxury-master-series-3\/\" \/>\n<meta property=\"og:site_name\" content=\"Revolution Padel Store\" \/>\n<meta property=\"article:modified_time\" content=\"2026-04-08T08:18:17+00:00\" \/>\n<meta property=\"og:image\" content=\"https:\/\/revolutionpadelstore.com\/wp-content\/uploads\/2024\/11\/imagen-1-113145-d250d55b-34100-NORMAL.jpg\" \/>\n\t<meta property=\"og:image:width\" content=\"480\" \/>\n\t<meta property=\"og:image:height\" content=\"600\" \/>\n\t<meta property=\"og:image:type\" content=\"image\/jpeg\" \/>\n<meta name=\"twitter:card\" content=\"summary_large_image\" \/>\n<meta name=\"twitter:label1\" content=\"Dur\u00e9e de lecture estim\u00e9e\" \/>\n\t<meta name=\"twitter:data1\" content=\"1 minute\" \/>\n<script type=\"application\/ld+json\" class=\"yoast-schema-graph\">{\"@context\":\"https:\\\/\\\/schema.org\",\"@graph\":[{\"@type\":\"WebPage\",\"@id\":\"https:\\\/\\\/revolutionpadelstore.com\\\/fr\\\/produit\\\/mochila-nox-luxury-master-series-3\\\/\",\"url\":\"https:\\\/\\\/revolutionpadelstore.com\\\/fr\\\/produit\\\/mochila-nox-luxury-master-series-3\\\/\",\"name\":\"MOCHILA NOX LUXURY MASTER SERIES - Revolution Padel Store\",\"isPartOf\":{\"@id\":\"https:\\\/\\\/revolutionpadelstore.com\\\/fr\\\/#website\"},\"primaryImageOfPage\":{\"@id\":\"https:\\\/\\\/revolutionpadelstore.com\\\/fr\\\/produit\\\/mochila-nox-luxury-master-series-3\\\/#primaryimage\"},\"image\":{\"@id\":\"https:\\\/\\\/revolutionpadelstore.com\\\/fr\\\/produit\\\/mochila-nox-luxury-master-series-3\\\/#primaryimage\"},\"thumbnailUrl\":\"https:\\\/\\\/revolutionpadelstore.com\\\/wp-content\\\/uploads\\\/2024\\\/11\\\/imagen-1-113145-d250d55b-34100-NORMAL.jpg\",\"datePublished\":\"2024-11-19T18:39:46+00:00\",\"dateModified\":\"2026-04-08T08:18:17+00:00\",\"description\":\"Descubre la\u00a0Mochila Nox Luxury Master Series, la mejor opci\u00f3n para los jugadores de p\u00e1del que buscan una combinaci\u00f3n perfecta de estilo y funcionalidad. Fabricada con materiales t\u00e9cnicos de\u00a0alta calidad y textiles avanzados, esta mochila ofrece una durabilidad excepcional y una comodidad incomparable. Con su dise\u00f1o en elegante\u00a0color negro y blanco, es ideal tanto para el d\u00eda a d\u00eda como para tus entrenamientos.\",\"breadcrumb\":{\"@id\":\"https:\\\/\\\/revolutionpadelstore.com\\\/fr\\\/produit\\\/mochila-nox-luxury-master-series-3\\\/#breadcrumb\"},\"inLanguage\":\"fr-FR\",\"potentialAction\":[{\"@type\":\"ReadAction\",\"target\":[\"https:\\\/\\\/revolutionpadelstore.com\\\/fr\\\/produit\\\/mochila-nox-luxury-master-series-3\\\/\"]}]},{\"@type\":\"ImageObject\",\"inLanguage\":\"fr-FR\",\"@id\":\"https:\\\/\\\/revolutionpadelstore.com\\\/fr\\\/produit\\\/mochila-nox-luxury-master-series-3\\\/#primaryimage\",\"url\":\"https:\\\/\\\/revolutionpadelstore.com\\\/wp-content\\\/uploads\\\/2024\\\/11\\\/imagen-1-113145-d250d55b-34100-NORMAL.jpg\",\"contentUrl\":\"https:\\\/\\\/revolutionpadelstore.com\\\/wp-content\\\/uploads\\\/2024\\\/11\\\/imagen-1-113145-d250d55b-34100-NORMAL.jpg\",\"width\":480,\"height\":600},{\"@type\":\"BreadcrumbList\",\"@id\":\"https:\\\/\\\/revolutionpadelstore.com\\\/fr\\\/produit\\\/mochila-nox-luxury-master-series-3\\\/#breadcrumb\",\"itemListElement\":[{\"@type\":\"ListItem\",\"position\":1,\"name\":\"Portada\",\"item\":\"https:\\\/\\\/revolutionpadelstore.com\\\/fr\\\/\"},{\"@type\":\"ListItem\",\"position\":2,\"name\":\"Boutique\",\"item\":\"https:\\\/\\\/revolutionpadelstore.com\\\/fr\\\/tienda\\\/\"},{\"@type\":\"ListItem\",\"position\":3,\"name\":\"MOCHILA NOX LUXURY MASTER SERIES\"}]},{\"@type\":\"WebSite\",\"@id\":\"https:\\\/\\\/revolutionpadelstore.com\\\/fr\\\/#website\",\"url\":\"https:\\\/\\\/revolutionpadelstore.com\\\/fr\\\/\",\"name\":\"Revolution Padel Store\",\"description\":\"\",\"publisher\":{\"@id\":\"https:\\\/\\\/revolutionpadelstore.com\\\/fr\\\/#organization\"},\"potentialAction\":[{\"@type\":\"SearchAction\",\"target\":{\"@type\":\"EntryPoint\",\"urlTemplate\":\"https:\\\/\\\/revolutionpadelstore.com\\\/fr\\\/?s={search_term_string}\"},\"query-input\":{\"@type\":\"PropertyValueSpecification\",\"valueRequired\":true,\"valueName\":\"search_term_string\"}}],\"inLanguage\":\"fr-FR\"},{\"@type\":\"Organization\",\"@id\":\"https:\\\/\\\/revolutionpadelstore.com\\\/fr\\\/#organization\",\"name\":\"Revolution Padel Store\",\"url\":\"https:\\\/\\\/revolutionpadelstore.com\\\/fr\\\/\",\"logo\":{\"@type\":\"ImageObject\",\"inLanguage\":\"fr-FR\",\"@id\":\"https:\\\/\\\/revolutionpadelstore.com\\\/fr\\\/#\\\/schema\\\/logo\\\/image\\\/\",\"url\":\"https:\\\/\\\/revolutionpadelstore.com\\\/wp-content\\\/uploads\\\/2026\\\/02\\\/revolution-padel-store.jpg\",\"contentUrl\":\"https:\\\/\\\/revolutionpadelstore.com\\\/wp-content\\\/uploads\\\/2026\\\/02\\\/revolution-padel-store.jpg\",\"width\":2000,\"height\":2000,\"caption\":\"Revolution Padel Store\"},\"image\":{\"@id\":\"https:\\\/\\\/revolutionpadelstore.com\\\/fr\\\/#\\\/schema\\\/logo\\\/image\\\/\"},\"sameAs\":[\"https:\\\/\\\/www.instagram.com\\\/revolutionpadelstore\\\/\"]}]}<\/script>\n<!-- \/ Yoast SEO plugin. -->","yoast_head_json":{"title":"MOCHILA NOX LUXURY MASTER SERIES - Revolution Padel Store","description":"Descubre la\u00a0Mochila Nox Luxury Master Series, la mejor opci\u00f3n para los jugadores de p\u00e1del que buscan una combinaci\u00f3n perfecta de estilo y funcionalidad. Fabricada con materiales t\u00e9cnicos de\u00a0alta calidad y textiles avanzados, esta mochila ofrece una durabilidad excepcional y una comodidad incomparable. Con su dise\u00f1o en elegante\u00a0color negro y blanco, es ideal tanto para el d\u00eda a d\u00eda como para tus entrenamientos.","robots":{"index":"index","follow":"follow","max-snippet":"max-snippet:-1","max-image-preview":"max-image-preview:large","max-video-preview":"max-video-preview:-1"},"canonical":"https:\/\/revolutionpadelstore.com\/fr\/produit\/mochila-nox-luxury-master-series-3\/","og_locale":"fr_FR","og_type":"article","og_title":"MOCHILA NOX LUXURY MASTER SERIES - Revolution Padel Store","og_description":"Descubre la\u00a0Mochila Nox Luxury Master Series, la mejor opci\u00f3n para los jugadores de p\u00e1del que buscan una combinaci\u00f3n perfecta de estilo y funcionalidad. Fabricada con materiales t\u00e9cnicos de\u00a0alta calidad y textiles avanzados, esta mochila ofrece una durabilidad excepcional y una comodidad incomparable. Con su dise\u00f1o en elegante\u00a0color negro y blanco, es ideal tanto para el d\u00eda a d\u00eda como para tus entrenamientos.","og_url":"https:\/\/revolutionpadelstore.com\/fr\/produit\/mochila-nox-luxury-master-series-3\/","og_site_name":"Revolution Padel Store","article_modified_time":"2026-04-08T08:18:17+00:00","og_image":[{"width":480,"height":600,"url":"https:\/\/revolutionpadelstore.com\/wp-content\/uploads\/2024\/11\/imagen-1-113145-d250d55b-34100-NORMAL.jpg","type":"image\/jpeg"}],"twitter_card":"summary_large_image","twitter_misc":{"Dur\u00e9e de lecture estim\u00e9e":"1 minute"},"schema":{"@context":"https:\/\/schema.org","@graph":[{"@type":"WebPage","@id":"https:\/\/revolutionpadelstore.com\/fr\/produit\/mochila-nox-luxury-master-series-3\/","url":"https:\/\/revolutionpadelstore.com\/fr\/produit\/mochila-nox-luxury-master-series-3\/","name":"MOCHILA NOX LUXURY MASTER SERIES - Revolution Padel Store","isPartOf":{"@id":"https:\/\/revolutionpadelstore.com\/fr\/#website"},"primaryImageOfPage":{"@id":"https:\/\/revolutionpadelstore.com\/fr\/produit\/mochila-nox-luxury-master-series-3\/#primaryimage"},"image":{"@id":"https:\/\/revolutionpadelstore.com\/fr\/produit\/mochila-nox-luxury-master-series-3\/#primaryimage"},"thumbnailUrl":"https:\/\/revolutionpadelstore.com\/wp-content\/uploads\/2024\/11\/imagen-1-113145-d250d55b-34100-NORMAL.jpg","datePublished":"2024-11-19T18:39:46+00:00","dateModified":"2026-04-08T08:18:17+00:00","description":"Descubre la\u00a0Mochila Nox Luxury Master Series, la mejor opci\u00f3n para los jugadores de p\u00e1del que buscan una combinaci\u00f3n perfecta de estilo y funcionalidad. Fabricada con materiales t\u00e9cnicos de\u00a0alta calidad y textiles avanzados, esta mochila ofrece una durabilidad excepcional y una comodidad incomparable. Con su dise\u00f1o en elegante\u00a0color negro y blanco, es ideal tanto para el d\u00eda a d\u00eda como para tus entrenamientos.","breadcrumb":{"@id":"https:\/\/revolutionpadelstore.com\/fr\/produit\/mochila-nox-luxury-master-series-3\/#breadcrumb"},"inLanguage":"fr-FR","potentialAction":[{"@type":"ReadAction","target":["https:\/\/revolutionpadelstore.com\/fr\/produit\/mochila-nox-luxury-master-series-3\/"]}]},{"@type":"ImageObject","inLanguage":"fr-FR","@id":"https:\/\/revolutionpadelstore.com\/fr\/produit\/mochila-nox-luxury-master-series-3\/#primaryimage","url":"https:\/\/revolutionpadelstore.com\/wp-content\/uploads\/2024\/11\/imagen-1-113145-d250d55b-34100-NORMAL.jpg","contentUrl":"https:\/\/revolutionpadelstore.com\/wp-content\/uploads\/2024\/11\/imagen-1-113145-d250d55b-34100-NORMAL.jpg","width":480,"height":600},{"@type":"BreadcrumbList","@id":"https:\/\/revolutionpadelstore.com\/fr\/produit\/mochila-nox-luxury-master-series-3\/#breadcrumb","itemListElement":[{"@type":"ListItem","position":1,"name":"Portada","item":"https:\/\/revolutionpadelstore.com\/fr\/"},{"@type":"ListItem","position":2,"name":"Boutique","item":"https:\/\/revolutionpadelstore.com\/fr\/tienda\/"},{"@type":"ListItem","position":3,"name":"MOCHILA NOX LUXURY MASTER SERIES"}]},{"@type":"WebSite","@id":"https:\/\/revolutionpadelstore.com\/fr\/#website","url":"https:\/\/revolutionpadelstore.com\/fr\/","name":"Revolution Padel Store","description":"","publisher":{"@id":"https:\/\/revolutionpadelstore.com\/fr\/#organization"},"potentialAction":[{"@type":"SearchAction","target":{"@type":"EntryPoint","urlTemplate":"https:\/\/revolutionpadelstore.com\/fr\/?s={search_term_string}"},"query-input":{"@type":"PropertyValueSpecification","valueRequired":true,"valueName":"search_term_string"}}],"inLanguage":"fr-FR"},{"@type":"Organization","@id":"https:\/\/revolutionpadelstore.com\/fr\/#organization","name":"Revolution Padel Store","url":"https:\/\/revolutionpadelstore.com\/fr\/","logo":{"@type":"ImageObject","inLanguage":"fr-FR","@id":"https:\/\/revolutionpadelstore.com\/fr\/#\/schema\/logo\/image\/","url":"https:\/\/revolutionpadelstore.com\/wp-content\/uploads\/2026\/02\/revolution-padel-store.jpg","contentUrl":"https:\/\/revolutionpadelstore.com\/wp-content\/uploads\/2026\/02\/revolution-padel-store.jpg","width":2000,"height":2000,"caption":"Revolution Padel Store"},"image":{"@id":"https:\/\/revolutionpadelstore.com\/fr\/#\/schema\/logo\/image\/"},"sameAs":["https:\/\/www.instagram.com\/revolutionpadelstore\/"]}]}},"_links":{"self":[{"href":"https:\/\/revolutionpadelstore.com\/fr\/wp-json\/wp\/v2\/product\/128978","targetHints":{"allow":["GET"]}}],"collection":[{"href":"https:\/\/revolutionpadelstore.com\/fr\/wp-json\/wp\/v2\/product"}],"about":[{"href":"https:\/\/revolutionpadelstore.com\/fr\/wp-json\/wp\/v2\/types\/product"}],"replies":[{"embeddable":true,"href":"https:\/\/revolutionpadelstore.com\/fr\/wp-json\/wp\/v2\/comments?post=128978"}],"wp:featuredmedia":[{"embeddable":true,"href":"https:\/\/revolutionpadelstore.com\/fr\/wp-json\/wp\/v2\/media\/115926"}],"wp:attachment":[{"href":"https:\/\/revolutionpadelstore.com\/fr\/wp-json\/wp\/v2\/media?parent=128978"}],"wp:term":[{"taxonomy":"acabado","embeddable":true,"href":"https:\/\/revolutionpadelstore.com\/fr\/wp-json\/wp\/v2\/acabado?post=128978"},{"taxonomy":"balance","embeddable":true,"href":"https:\/\/revolutionpadelstore.com\/fr\/wp-json\/wp\/v2\/balance?post=128978"},{"taxonomy":"dureza","embeddable":true,"href":"https:\/\/revolutionpadelstore.com\/fr\/wp-json\/wp\/v2\/dureza?post=128978"},{"taxonomy":"forma","embeddable":true,"href":"https:\/\/revolutionpadelstore.com\/fr\/wp-json\/wp\/v2\/forma?post=128978"},{"taxonomy":"jugador","embeddable":true,"href":"https:\/\/revolutionpadelstore.com\/fr\/wp-json\/wp\/v2\/jugador?post=128978"},{"taxonomy":"marca","embeddable":true,"href":"https:\/\/revolutionpadelstore.com\/fr\/wp-json\/wp\/v2\/marca?post=128978"},{"taxonomy":"nivel-de-juego","embeddable":true,"href":"https:\/\/revolutionpadelstore.com\/fr\/wp-json\/wp\/v2\/nivel-de-juego?post=128978"},{"taxonomy":"superficie","embeddable":true,"href":"https:\/\/revolutionpadelstore.com\/fr\/wp-json\/wp\/v2\/superficie?post=128978"},{"taxonomy":"tipo-de-juego","embeddable":true,"href":"https:\/\/revolutionpadelstore.com\/fr\/wp-json\/wp\/v2\/tipo-de-juego?post=128978"},{"taxonomy":"product_brand","embeddable":true,"href":"https:\/\/revolutionpadelstore.com\/fr\/wp-json\/wp\/v2\/product_brand?post=128978"},{"taxonomy":"product_cat","embeddable":true,"href":"https:\/\/revolutionpadelstore.com\/fr\/wp-json\/wp\/v2\/product_cat?post=128978"},{"taxonomy":"product_tag","embeddable":true,"href":"https:\/\/revolutionpadelstore.com\/fr\/wp-json\/wp\/v2\/product_tag?post=128978"}],"curies":[{"name":"wp","href":"https:\/\/api.w.org\/{rel}","templated":true}]}}