{"id":128973,"date":"2024-11-21T08:29:41","date_gmt":"2024-11-21T07:29:41","guid":{"rendered":"https:\/\/revolutionpadelstore.com\/paletero-nox-at10-xxl-negro-rojo\/"},"modified":"2026-04-08T10:14:56","modified_gmt":"2026-04-08T08:14:56","slug":"paletero-nox-at10-xxl-negro-rojo-3","status":"publish","type":"product","link":"https:\/\/revolutionpadelstore.com\/fr\/produit\/paletero-nox-at10-xxl-negro-rojo-3\/","title":{"rendered":"PALETERO NOX AT10 XXL NEGRO ROJO"},"content":{"rendered":"<h2> Paletero NOX AT10 XXL, conception puissante <\/h2>\n<p>Avec le nouveau <strong> AT10 XXL Paletero de Nox <\/strong>, vous vous d\u00e9marquerez sur la piste gr\u00e2ce \u00e0 sa conception puissante et \u00e0 sa grande capacit\u00e9 de stockage, qui vous permettra de transporter tout ce dont vous avez besoin pour r\u00e9ussir sur le terrain. Ce mod\u00e8le a \u00e9t\u00e9 sp\u00e9cifiquement con\u00e7u pour le joueur <strong> agst\u00edn tapia <\/strong> en noir avec des d\u00e9tails rouges.<\/p>\n<p>Avec des mesures de <strong> 70x30x45 cm <\/strong> et une capacit\u00e9 <strong> de 90 litres <\/strong>, vous pouvez prendre toute votre \u00e9quipe confortablement et organis\u00e9 \u00e0 chaque jeu ou entra\u00eenement \u00e0 pagaie. Il a une poign\u00e9e ergonomique principale <strong> <\/strong> et une base rigide, il garantit donc un transport s\u00fbr et confortable. Il permet la possibilit\u00e9 de retirer les poign\u00e9es pour une autre forme de transport.<br \/>\n<H2> GRANDES DIAMENTS <\/H2><br \/>\nD&#8217;un autre c\u00f4t\u00e9, ce <strong> nox paletero pour hommes <\/strong> int\u00e8gre un large compartiment principal avec une ouverture lat\u00e9rale qui facilite un acc\u00e8s rapide et facile \u00e0 l&#8217;int\u00e9rieur. Il a une capacit\u00e9 \u00e0 prendre pour <strong> 5 palettes <\/strong> et d&#8217;autres \u00e9l\u00e9ments tels que des v\u00eatements ou des accessoires \u00e0 pagaie.<\/p>\n<p>De plus, il comprend une <strong> compartiment thermique <\/strong> avec <em> Bouteille d&#8217;eau de technologie thermo -chique NOx ou un bateau \u00e0 quatre balles. Sur le c\u00f4t\u00e9, nous trouvons des poches pour des objets personnels et un compartiment lat\u00e9ral avec syst\u00e8me de ventilation et un sac de v\u00eatements sale<\/p>\n<h2>Paletero Nox AT10 XXL, dise\u00f1o potente<\/h2>\n","protected":false},"excerpt":{"rendered":"<p>Paletero NOX AT10 XXL en noir et rouge pour les hommes, avec une capacit\u00e9 de 5 lames dans son compartiment principal et pour 3 lames dans son compartiment thermique avec Thermotch NOx.<\/p>\n","protected":false},"featured_media":124700,"comment_status":"open","ping_status":"closed","template":"","meta":{"_acf_changed":false,"_joinchat":[]},"acabado":[],"balance":[],"dureza":[],"forma":[],"jugador":[],"marca":[1262],"nivel-de-juego":[],"superficie":[],"tipo-de-juego":[],"product_brand":[],"product_cat":[320],"product_tag":[],"class_list":{"0":"post-128973","1":"product","2":"type-product","3":"status-publish","4":"has-post-thumbnail","6":"marca-nox-fr","7":"product_cat-sacs","9":"first","10":"outofstock","11":"sale","12":"taxable","13":"shipping-taxable","14":"purchasable","15":"product-type-simple"},"acf":[],"yoast_head":"<!-- This site is optimized with the Yoast SEO plugin v27.4 - https:\/\/yoast.com\/product\/yoast-seo-wordpress\/ -->\n<title>PALETERO NOX AT10 XXL NEGRO ROJO - Revolution Padel Store<\/title>\n<meta name=\"description\" content=\"Con el nuevo paletero AT10 XXL de Nox destacar\u00e1s en tu camino a la pista gracias a su dise\u00f1o potente y gran capacidad de almacenaje, que te permitir\u00e1 llevar todo lo necesario para triunfar en el terreno de juego. Este modelo ha sido espec\u00edficamente dise\u00f1ado para el jugador Agust\u00edn Tapia en color negro con detalles en rojo.\" \/>\n<meta name=\"robots\" content=\"index, follow, max-snippet:-1, max-image-preview:large, max-video-preview:-1\" \/>\n<link rel=\"canonical\" href=\"https:\/\/revolutionpadelstore.com\/fr\/produit\/paletero-nox-at10-xxl-negro-rojo-3\/\" \/>\n<meta property=\"og:locale\" content=\"fr_FR\" \/>\n<meta property=\"og:type\" content=\"article\" \/>\n<meta property=\"og:title\" content=\"PALETERO NOX AT10 XXL NEGRO ROJO - Revolution Padel Store\" \/>\n<meta property=\"og:description\" content=\"Con el nuevo paletero AT10 XXL de Nox destacar\u00e1s en tu camino a la pista gracias a su dise\u00f1o potente y gran capacidad de almacenaje, que te permitir\u00e1 llevar todo lo necesario para triunfar en el terreno de juego. Este modelo ha sido espec\u00edficamente dise\u00f1ado para el jugador Agust\u00edn Tapia en color negro con detalles en rojo.\" \/>\n<meta property=\"og:url\" content=\"https:\/\/revolutionpadelstore.com\/fr\/produit\/paletero-nox-at10-xxl-negro-rojo-3\/\" \/>\n<meta property=\"og:site_name\" content=\"Revolution Padel Store\" \/>\n<meta property=\"article:modified_time\" content=\"2026-04-08T08:14:56+00:00\" \/>\n<meta property=\"og:image\" content=\"https:\/\/revolutionpadelstore.com\/wp-content\/uploads\/2024\/11\/113156_paletero_nox_at10_xxl_bpat10xxl24_1500x1500_1_4665.webp\" \/>\n\t<meta property=\"og:image:width\" content=\"1500\" \/>\n\t<meta property=\"og:image:height\" content=\"1500\" \/>\n\t<meta property=\"og:image:type\" content=\"image\/webp\" \/>\n<meta name=\"twitter:card\" content=\"summary_large_image\" \/>\n<meta name=\"twitter:label1\" content=\"Dur\u00e9e de lecture estim\u00e9e\" \/>\n\t<meta name=\"twitter:data1\" content=\"1 minute\" \/>\n<script type=\"application\/ld+json\" class=\"yoast-schema-graph\">{\"@context\":\"https:\\\/\\\/schema.org\",\"@graph\":[{\"@type\":\"WebPage\",\"@id\":\"https:\\\/\\\/revolutionpadelstore.com\\\/fr\\\/produit\\\/paletero-nox-at10-xxl-negro-rojo-3\\\/\",\"url\":\"https:\\\/\\\/revolutionpadelstore.com\\\/fr\\\/produit\\\/paletero-nox-at10-xxl-negro-rojo-3\\\/\",\"name\":\"PALETERO NOX AT10 XXL NEGRO ROJO - Revolution Padel Store\",\"isPartOf\":{\"@id\":\"https:\\\/\\\/revolutionpadelstore.com\\\/fr\\\/#website\"},\"primaryImageOfPage\":{\"@id\":\"https:\\\/\\\/revolutionpadelstore.com\\\/fr\\\/produit\\\/paletero-nox-at10-xxl-negro-rojo-3\\\/#primaryimage\"},\"image\":{\"@id\":\"https:\\\/\\\/revolutionpadelstore.com\\\/fr\\\/produit\\\/paletero-nox-at10-xxl-negro-rojo-3\\\/#primaryimage\"},\"thumbnailUrl\":\"https:\\\/\\\/revolutionpadelstore.com\\\/wp-content\\\/uploads\\\/2024\\\/11\\\/113156_paletero_nox_at10_xxl_bpat10xxl24_1500x1500_1_4665.webp\",\"datePublished\":\"2024-11-21T07:29:41+00:00\",\"dateModified\":\"2026-04-08T08:14:56+00:00\",\"description\":\"Con el nuevo paletero AT10 XXL de Nox destacar\u00e1s en tu camino a la pista gracias a su dise\u00f1o potente y gran capacidad de almacenaje, que te permitir\u00e1 llevar todo lo necesario para triunfar en el terreno de juego. Este modelo ha sido espec\u00edficamente dise\u00f1ado para el jugador Agust\u00edn Tapia en color negro con detalles en rojo.\",\"breadcrumb\":{\"@id\":\"https:\\\/\\\/revolutionpadelstore.com\\\/fr\\\/produit\\\/paletero-nox-at10-xxl-negro-rojo-3\\\/#breadcrumb\"},\"inLanguage\":\"fr-FR\",\"potentialAction\":[{\"@type\":\"ReadAction\",\"target\":[\"https:\\\/\\\/revolutionpadelstore.com\\\/fr\\\/produit\\\/paletero-nox-at10-xxl-negro-rojo-3\\\/\"]}]},{\"@type\":\"ImageObject\",\"inLanguage\":\"fr-FR\",\"@id\":\"https:\\\/\\\/revolutionpadelstore.com\\\/fr\\\/produit\\\/paletero-nox-at10-xxl-negro-rojo-3\\\/#primaryimage\",\"url\":\"https:\\\/\\\/revolutionpadelstore.com\\\/wp-content\\\/uploads\\\/2024\\\/11\\\/113156_paletero_nox_at10_xxl_bpat10xxl24_1500x1500_1_4665.webp\",\"contentUrl\":\"https:\\\/\\\/revolutionpadelstore.com\\\/wp-content\\\/uploads\\\/2024\\\/11\\\/113156_paletero_nox_at10_xxl_bpat10xxl24_1500x1500_1_4665.webp\",\"width\":1500,\"height\":1500},{\"@type\":\"BreadcrumbList\",\"@id\":\"https:\\\/\\\/revolutionpadelstore.com\\\/fr\\\/produit\\\/paletero-nox-at10-xxl-negro-rojo-3\\\/#breadcrumb\",\"itemListElement\":[{\"@type\":\"ListItem\",\"position\":1,\"name\":\"Portada\",\"item\":\"https:\\\/\\\/revolutionpadelstore.com\\\/fr\\\/\"},{\"@type\":\"ListItem\",\"position\":2,\"name\":\"Boutique\",\"item\":\"https:\\\/\\\/revolutionpadelstore.com\\\/fr\\\/tienda\\\/\"},{\"@type\":\"ListItem\",\"position\":3,\"name\":\"PALETERO NOX AT10 XXL NEGRO ROJO\"}]},{\"@type\":\"WebSite\",\"@id\":\"https:\\\/\\\/revolutionpadelstore.com\\\/fr\\\/#website\",\"url\":\"https:\\\/\\\/revolutionpadelstore.com\\\/fr\\\/\",\"name\":\"Revolution Padel Store\",\"description\":\"\",\"publisher\":{\"@id\":\"https:\\\/\\\/revolutionpadelstore.com\\\/fr\\\/#organization\"},\"potentialAction\":[{\"@type\":\"SearchAction\",\"target\":{\"@type\":\"EntryPoint\",\"urlTemplate\":\"https:\\\/\\\/revolutionpadelstore.com\\\/fr\\\/?s={search_term_string}\"},\"query-input\":{\"@type\":\"PropertyValueSpecification\",\"valueRequired\":true,\"valueName\":\"search_term_string\"}}],\"inLanguage\":\"fr-FR\"},{\"@type\":\"Organization\",\"@id\":\"https:\\\/\\\/revolutionpadelstore.com\\\/fr\\\/#organization\",\"name\":\"Revolution Padel Store\",\"url\":\"https:\\\/\\\/revolutionpadelstore.com\\\/fr\\\/\",\"logo\":{\"@type\":\"ImageObject\",\"inLanguage\":\"fr-FR\",\"@id\":\"https:\\\/\\\/revolutionpadelstore.com\\\/fr\\\/#\\\/schema\\\/logo\\\/image\\\/\",\"url\":\"https:\\\/\\\/revolutionpadelstore.com\\\/wp-content\\\/uploads\\\/2026\\\/02\\\/revolution-padel-store.jpg\",\"contentUrl\":\"https:\\\/\\\/revolutionpadelstore.com\\\/wp-content\\\/uploads\\\/2026\\\/02\\\/revolution-padel-store.jpg\",\"width\":2000,\"height\":2000,\"caption\":\"Revolution Padel Store\"},\"image\":{\"@id\":\"https:\\\/\\\/revolutionpadelstore.com\\\/fr\\\/#\\\/schema\\\/logo\\\/image\\\/\"},\"sameAs\":[\"https:\\\/\\\/www.instagram.com\\\/revolutionpadelstore\\\/\"]}]}<\/script>\n<!-- \/ Yoast SEO plugin. -->","yoast_head_json":{"title":"PALETERO NOX AT10 XXL NEGRO ROJO - Revolution Padel Store","description":"Con el nuevo paletero AT10 XXL de Nox destacar\u00e1s en tu camino a la pista gracias a su dise\u00f1o potente y gran capacidad de almacenaje, que te permitir\u00e1 llevar todo lo necesario para triunfar en el terreno de juego. Este modelo ha sido espec\u00edficamente dise\u00f1ado para el jugador Agust\u00edn Tapia en color negro con detalles en rojo.","robots":{"index":"index","follow":"follow","max-snippet":"max-snippet:-1","max-image-preview":"max-image-preview:large","max-video-preview":"max-video-preview:-1"},"canonical":"https:\/\/revolutionpadelstore.com\/fr\/produit\/paletero-nox-at10-xxl-negro-rojo-3\/","og_locale":"fr_FR","og_type":"article","og_title":"PALETERO NOX AT10 XXL NEGRO ROJO - Revolution Padel Store","og_description":"Con el nuevo paletero AT10 XXL de Nox destacar\u00e1s en tu camino a la pista gracias a su dise\u00f1o potente y gran capacidad de almacenaje, que te permitir\u00e1 llevar todo lo necesario para triunfar en el terreno de juego. Este modelo ha sido espec\u00edficamente dise\u00f1ado para el jugador Agust\u00edn Tapia en color negro con detalles en rojo.","og_url":"https:\/\/revolutionpadelstore.com\/fr\/produit\/paletero-nox-at10-xxl-negro-rojo-3\/","og_site_name":"Revolution Padel Store","article_modified_time":"2026-04-08T08:14:56+00:00","og_image":[{"width":1500,"height":1500,"url":"https:\/\/revolutionpadelstore.com\/wp-content\/uploads\/2024\/11\/113156_paletero_nox_at10_xxl_bpat10xxl24_1500x1500_1_4665.webp","type":"image\/webp"}],"twitter_card":"summary_large_image","twitter_misc":{"Dur\u00e9e de lecture estim\u00e9e":"1 minute"},"schema":{"@context":"https:\/\/schema.org","@graph":[{"@type":"WebPage","@id":"https:\/\/revolutionpadelstore.com\/fr\/produit\/paletero-nox-at10-xxl-negro-rojo-3\/","url":"https:\/\/revolutionpadelstore.com\/fr\/produit\/paletero-nox-at10-xxl-negro-rojo-3\/","name":"PALETERO NOX AT10 XXL NEGRO ROJO - Revolution Padel Store","isPartOf":{"@id":"https:\/\/revolutionpadelstore.com\/fr\/#website"},"primaryImageOfPage":{"@id":"https:\/\/revolutionpadelstore.com\/fr\/produit\/paletero-nox-at10-xxl-negro-rojo-3\/#primaryimage"},"image":{"@id":"https:\/\/revolutionpadelstore.com\/fr\/produit\/paletero-nox-at10-xxl-negro-rojo-3\/#primaryimage"},"thumbnailUrl":"https:\/\/revolutionpadelstore.com\/wp-content\/uploads\/2024\/11\/113156_paletero_nox_at10_xxl_bpat10xxl24_1500x1500_1_4665.webp","datePublished":"2024-11-21T07:29:41+00:00","dateModified":"2026-04-08T08:14:56+00:00","description":"Con el nuevo paletero AT10 XXL de Nox destacar\u00e1s en tu camino a la pista gracias a su dise\u00f1o potente y gran capacidad de almacenaje, que te permitir\u00e1 llevar todo lo necesario para triunfar en el terreno de juego. Este modelo ha sido espec\u00edficamente dise\u00f1ado para el jugador Agust\u00edn Tapia en color negro con detalles en rojo.","breadcrumb":{"@id":"https:\/\/revolutionpadelstore.com\/fr\/produit\/paletero-nox-at10-xxl-negro-rojo-3\/#breadcrumb"},"inLanguage":"fr-FR","potentialAction":[{"@type":"ReadAction","target":["https:\/\/revolutionpadelstore.com\/fr\/produit\/paletero-nox-at10-xxl-negro-rojo-3\/"]}]},{"@type":"ImageObject","inLanguage":"fr-FR","@id":"https:\/\/revolutionpadelstore.com\/fr\/produit\/paletero-nox-at10-xxl-negro-rojo-3\/#primaryimage","url":"https:\/\/revolutionpadelstore.com\/wp-content\/uploads\/2024\/11\/113156_paletero_nox_at10_xxl_bpat10xxl24_1500x1500_1_4665.webp","contentUrl":"https:\/\/revolutionpadelstore.com\/wp-content\/uploads\/2024\/11\/113156_paletero_nox_at10_xxl_bpat10xxl24_1500x1500_1_4665.webp","width":1500,"height":1500},{"@type":"BreadcrumbList","@id":"https:\/\/revolutionpadelstore.com\/fr\/produit\/paletero-nox-at10-xxl-negro-rojo-3\/#breadcrumb","itemListElement":[{"@type":"ListItem","position":1,"name":"Portada","item":"https:\/\/revolutionpadelstore.com\/fr\/"},{"@type":"ListItem","position":2,"name":"Boutique","item":"https:\/\/revolutionpadelstore.com\/fr\/tienda\/"},{"@type":"ListItem","position":3,"name":"PALETERO NOX AT10 XXL NEGRO ROJO"}]},{"@type":"WebSite","@id":"https:\/\/revolutionpadelstore.com\/fr\/#website","url":"https:\/\/revolutionpadelstore.com\/fr\/","name":"Revolution Padel Store","description":"","publisher":{"@id":"https:\/\/revolutionpadelstore.com\/fr\/#organization"},"potentialAction":[{"@type":"SearchAction","target":{"@type":"EntryPoint","urlTemplate":"https:\/\/revolutionpadelstore.com\/fr\/?s={search_term_string}"},"query-input":{"@type":"PropertyValueSpecification","valueRequired":true,"valueName":"search_term_string"}}],"inLanguage":"fr-FR"},{"@type":"Organization","@id":"https:\/\/revolutionpadelstore.com\/fr\/#organization","name":"Revolution Padel Store","url":"https:\/\/revolutionpadelstore.com\/fr\/","logo":{"@type":"ImageObject","inLanguage":"fr-FR","@id":"https:\/\/revolutionpadelstore.com\/fr\/#\/schema\/logo\/image\/","url":"https:\/\/revolutionpadelstore.com\/wp-content\/uploads\/2026\/02\/revolution-padel-store.jpg","contentUrl":"https:\/\/revolutionpadelstore.com\/wp-content\/uploads\/2026\/02\/revolution-padel-store.jpg","width":2000,"height":2000,"caption":"Revolution Padel Store"},"image":{"@id":"https:\/\/revolutionpadelstore.com\/fr\/#\/schema\/logo\/image\/"},"sameAs":["https:\/\/www.instagram.com\/revolutionpadelstore\/"]}]}},"_links":{"self":[{"href":"https:\/\/revolutionpadelstore.com\/fr\/wp-json\/wp\/v2\/product\/128973","targetHints":{"allow":["GET"]}}],"collection":[{"href":"https:\/\/revolutionpadelstore.com\/fr\/wp-json\/wp\/v2\/product"}],"about":[{"href":"https:\/\/revolutionpadelstore.com\/fr\/wp-json\/wp\/v2\/types\/product"}],"replies":[{"embeddable":true,"href":"https:\/\/revolutionpadelstore.com\/fr\/wp-json\/wp\/v2\/comments?post=128973"}],"wp:featuredmedia":[{"embeddable":true,"href":"https:\/\/revolutionpadelstore.com\/fr\/wp-json\/wp\/v2\/media\/124700"}],"wp:attachment":[{"href":"https:\/\/revolutionpadelstore.com\/fr\/wp-json\/wp\/v2\/media?parent=128973"}],"wp:term":[{"taxonomy":"acabado","embeddable":true,"href":"https:\/\/revolutionpadelstore.com\/fr\/wp-json\/wp\/v2\/acabado?post=128973"},{"taxonomy":"balance","embeddable":true,"href":"https:\/\/revolutionpadelstore.com\/fr\/wp-json\/wp\/v2\/balance?post=128973"},{"taxonomy":"dureza","embeddable":true,"href":"https:\/\/revolutionpadelstore.com\/fr\/wp-json\/wp\/v2\/dureza?post=128973"},{"taxonomy":"forma","embeddable":true,"href":"https:\/\/revolutionpadelstore.com\/fr\/wp-json\/wp\/v2\/forma?post=128973"},{"taxonomy":"jugador","embeddable":true,"href":"https:\/\/revolutionpadelstore.com\/fr\/wp-json\/wp\/v2\/jugador?post=128973"},{"taxonomy":"marca","embeddable":true,"href":"https:\/\/revolutionpadelstore.com\/fr\/wp-json\/wp\/v2\/marca?post=128973"},{"taxonomy":"nivel-de-juego","embeddable":true,"href":"https:\/\/revolutionpadelstore.com\/fr\/wp-json\/wp\/v2\/nivel-de-juego?post=128973"},{"taxonomy":"superficie","embeddable":true,"href":"https:\/\/revolutionpadelstore.com\/fr\/wp-json\/wp\/v2\/superficie?post=128973"},{"taxonomy":"tipo-de-juego","embeddable":true,"href":"https:\/\/revolutionpadelstore.com\/fr\/wp-json\/wp\/v2\/tipo-de-juego?post=128973"},{"taxonomy":"product_brand","embeddable":true,"href":"https:\/\/revolutionpadelstore.com\/fr\/wp-json\/wp\/v2\/product_brand?post=128973"},{"taxonomy":"product_cat","embeddable":true,"href":"https:\/\/revolutionpadelstore.com\/fr\/wp-json\/wp\/v2\/product_cat?post=128973"},{"taxonomy":"product_tag","embeddable":true,"href":"https:\/\/revolutionpadelstore.com\/fr\/wp-json\/wp\/v2\/product_tag?post=128973"}],"curies":[{"name":"wp","href":"https:\/\/api.w.org\/{rel}","templated":true}]}}