{"id":128451,"date":"2024-11-25T01:30:23","date_gmt":"2024-11-25T00:30:23","guid":{"rendered":"https:\/\/revolutionpadelstore.com\/mochila-bullpadel-bpm25007-vertex-beige-2\/"},"modified":"2026-04-08T10:08:37","modified_gmt":"2026-04-08T08:08:37","slug":"mochila-bullpadel-bpm25007-vertex-beige-3","status":"publish","type":"product","link":"https:\/\/revolutionpadelstore.com\/fr\/produit\/mochila-bullpadel-bpm25007-vertex-beige-3\/","title":{"rendered":"MOCHILA BULLPADEL BPM25007 VERTEX BEIGE"},"content":{"rendered":"<div class=\"Product Info d\u00e9taill\u00e9\">\n<div class=\"Product Data Items mage-tabs-hisabled\" role=\"tablist\">\n<div id=\"product.info.escription.tab\" class=\"data \u00e9l\u00e9ment contenu\" role=\"tabanel\" aria-labelledby=\"tab-product.info.description.tab\" data-work=\"contenu\">\n<div class=\"Product Attribut Description\">\n<div class=\"value\">\n<H2> Bullpadel sac \u00e0 dos vertex bpm25007 beige <\/h2>\n<p>Le <strong> Bullpadel Vertex Beige Backpack <\/strong> est con\u00e7u pour vous accompagner dans chaque f\u00eate ou formation et vous offrir un confort total et un style moderne. Ce mod\u00e8le comprend un large compartiment principal o\u00f9 vous pouvez enregistrer votre \u00e9quipement de pagaie et d&#8217;autres accessoires essentiels. De plus, son compartiment <strong> Thermo Renforced <\/strong> prot\u00e8ge jusqu&#8217;\u00e0 deux lames contre les temp\u00e9ratures extr\u00eames, garantissant des performances optimales.<\/p>\n<p>Pour ceux qui recherchent l&#8217;organisation, ce bullpadel <strong> bullpadel <\/strong> offre un espace ventil\u00e9 pour les v\u00eatements et les chaussures, en gardant l&#8217;ensemble de votre \u00e9quipement propre, bien rang\u00e9 et libre de mauvaises odeurs. De plus, il a une poche rembourr\u00e9e con\u00e7ue pour transporter des tablettes portables, ou d&#8217;autres \u00e9l\u00e9ments \u00e9lectroniques, il est donc id\u00e9al pour ceux qui recherchent des performances id\u00e9ales au jour le jour et au sport.<\/p>\n<h3> Transport ergonomique et confortable <\/h3>\n<p>Le dos avec conception ergonomique comprend des pi\u00e8ces en mousse qui offrent une ventilation maximale et un confort exceptionnel pendant le transport. Votre sangle <strong> r\u00e9glable <\/strong> dans la poitrine garantit que le sac \u00e0 dos reste stable pendant le mouvement, fournissant un ajustement ferme <\/strong> <\/strong> au corps.<\/p>\n<p>Il int\u00e8gre \u00e9galement une poche sur le c\u00f4t\u00e9 con\u00e7ue pour porter un bateau \u00e0 balle ou une bouteille d&#8217;eau, afin que vous ayez toujours l&#8217;essentiel. Avec sa conception technique et pratique, le <strong> bullpadel <\/strong> <\/strong> bulls une combinaison entre la performance et l&#8217;organisation au jour le jour.<\/p>\n<\/div>\n<\/div>\n<\/div>\n<\/div>\n<\/div>\n<div class=\"cn_content cn_content_type_inline ID-3CAFE87B-C408-4A41-A07B-5CE73610C176\">\n<div class=\"cn_section id-3e602945-ad00-4fe4-8997-4a35b19fce1d\">\n<div class=\"CN_BLOCK ID-ACB030BE-85B3-48EC-BE0B-1858AF56E3E3\">\n<div class=\"cn_cell id-d207f408-5e76-4c36-937d-1faa7859db7e\">\n<div class=\"cn_element cn_html id-eaaf6066-cfe3-49a1-860a-053de7fadb29\">\n<\/div>\n<\/div>\n<\/div>\n<\/div>\n","protected":false},"excerpt":{"rendered":"<p>Avec le bullpadel BPM 25007 Backpack Beige, vous pouvez transporter tout ce dont vous avez besoin gr\u00e2ce \u00e0 son excellent stockage et sa capacit\u00e9 de transport simple et confortable.<\/p>\n","protected":false},"featured_media":124750,"comment_status":"open","ping_status":"closed","template":"","meta":{"_acf_changed":false,"_joinchat":[]},"acabado":[],"balance":[],"dureza":[],"forma":[],"jugador":[],"marca":[1257],"nivel-de-juego":[],"superficie":[],"tipo-de-juego":[],"product_brand":[],"product_cat":[320],"product_tag":[],"class_list":{"0":"post-128451","1":"product","2":"type-product","3":"status-publish","4":"has-post-thumbnail","6":"marca-bullpadel-fr","7":"product_cat-sacs","9":"first","10":"outofstock","11":"sale","12":"taxable","13":"shipping-taxable","14":"purchasable","15":"product-type-simple"},"acf":[],"yoast_head":"<!-- This site is optimized with the Yoast SEO plugin v27.4 - https:\/\/yoast.com\/product\/yoast-seo-wordpress\/ -->\n<title>MOCHILA BULLPADEL BPM25007 VERTEX BEIGE - Revolution Padel Store<\/title>\n<meta name=\"description\" content=\"La mochila Bullpadel Vertex Beige est\u00e1 pensada para acompa\u00f1arte en cada partido o entrenamiento y brindarte total comodidad y estilo moderno. Este modelo incluye un amplio compartimento principal donde puedes guardar tu equipo de p\u00e1del y otros accesorios esenciales. Adem\u00e1s, su compartimento thermo reforzado protege hasta dos palas de las temperaturas extremas, garantizando un \u00f3ptimo rendimiento.\" \/>\n<meta name=\"robots\" content=\"index, follow, max-snippet:-1, max-image-preview:large, max-video-preview:-1\" \/>\n<link rel=\"canonical\" href=\"https:\/\/revolutionpadelstore.com\/fr\/produit\/mochila-bullpadel-bpm25007-vertex-beige-3\/\" \/>\n<meta property=\"og:locale\" content=\"fr_FR\" \/>\n<meta property=\"og:type\" content=\"article\" \/>\n<meta property=\"og:title\" content=\"MOCHILA BULLPADEL BPM25007 VERTEX BEIGE - Revolution Padel Store\" \/>\n<meta property=\"og:description\" content=\"La mochila Bullpadel Vertex Beige est\u00e1 pensada para acompa\u00f1arte en cada partido o entrenamiento y brindarte total comodidad y estilo moderno. Este modelo incluye un amplio compartimento principal donde puedes guardar tu equipo de p\u00e1del y otros accesorios esenciales. Adem\u00e1s, su compartimento thermo reforzado protege hasta dos palas de las temperaturas extremas, garantizando un \u00f3ptimo rendimiento.\" \/>\n<meta property=\"og:url\" content=\"https:\/\/revolutionpadelstore.com\/fr\/produit\/mochila-bullpadel-bpm25007-vertex-beige-3\/\" \/>\n<meta property=\"og:site_name\" content=\"Revolution Padel Store\" \/>\n<meta property=\"article:modified_time\" content=\"2026-04-08T08:08:37+00:00\" \/>\n<meta property=\"og:image\" content=\"https:\/\/revolutionpadelstore.com\/wp-content\/uploads\/2024\/11\/113788-mochila-bullpadel-bpm25007-vertex-448166-1500x1500-1.webp\" \/>\n\t<meta property=\"og:image:width\" content=\"1500\" \/>\n\t<meta property=\"og:image:height\" content=\"1500\" \/>\n\t<meta property=\"og:image:type\" content=\"image\/webp\" \/>\n<meta name=\"twitter:card\" content=\"summary_large_image\" \/>\n<meta name=\"twitter:label1\" content=\"Dur\u00e9e de lecture estim\u00e9e\" \/>\n\t<meta name=\"twitter:data1\" content=\"2 minutes\" \/>\n<script type=\"application\/ld+json\" class=\"yoast-schema-graph\">{\"@context\":\"https:\\\/\\\/schema.org\",\"@graph\":[{\"@type\":\"WebPage\",\"@id\":\"https:\\\/\\\/revolutionpadelstore.com\\\/fr\\\/produit\\\/mochila-bullpadel-bpm25007-vertex-beige-3\\\/\",\"url\":\"https:\\\/\\\/revolutionpadelstore.com\\\/fr\\\/produit\\\/mochila-bullpadel-bpm25007-vertex-beige-3\\\/\",\"name\":\"MOCHILA BULLPADEL BPM25007 VERTEX BEIGE - Revolution Padel Store\",\"isPartOf\":{\"@id\":\"https:\\\/\\\/revolutionpadelstore.com\\\/fr\\\/#website\"},\"primaryImageOfPage\":{\"@id\":\"https:\\\/\\\/revolutionpadelstore.com\\\/fr\\\/produit\\\/mochila-bullpadel-bpm25007-vertex-beige-3\\\/#primaryimage\"},\"image\":{\"@id\":\"https:\\\/\\\/revolutionpadelstore.com\\\/fr\\\/produit\\\/mochila-bullpadel-bpm25007-vertex-beige-3\\\/#primaryimage\"},\"thumbnailUrl\":\"https:\\\/\\\/revolutionpadelstore.com\\\/wp-content\\\/uploads\\\/2024\\\/11\\\/113788-mochila-bullpadel-bpm25007-vertex-448166-1500x1500-1.webp\",\"datePublished\":\"2024-11-25T00:30:23+00:00\",\"dateModified\":\"2026-04-08T08:08:37+00:00\",\"description\":\"La mochila Bullpadel Vertex Beige est\u00e1 pensada para acompa\u00f1arte en cada partido o entrenamiento y brindarte total comodidad y estilo moderno. Este modelo incluye un amplio compartimento principal donde puedes guardar tu equipo de p\u00e1del y otros accesorios esenciales. Adem\u00e1s, su compartimento thermo reforzado protege hasta dos palas de las temperaturas extremas, garantizando un \u00f3ptimo rendimiento.\",\"breadcrumb\":{\"@id\":\"https:\\\/\\\/revolutionpadelstore.com\\\/fr\\\/produit\\\/mochila-bullpadel-bpm25007-vertex-beige-3\\\/#breadcrumb\"},\"inLanguage\":\"fr-FR\",\"potentialAction\":[{\"@type\":\"ReadAction\",\"target\":[\"https:\\\/\\\/revolutionpadelstore.com\\\/fr\\\/produit\\\/mochila-bullpadel-bpm25007-vertex-beige-3\\\/\"]}]},{\"@type\":\"ImageObject\",\"inLanguage\":\"fr-FR\",\"@id\":\"https:\\\/\\\/revolutionpadelstore.com\\\/fr\\\/produit\\\/mochila-bullpadel-bpm25007-vertex-beige-3\\\/#primaryimage\",\"url\":\"https:\\\/\\\/revolutionpadelstore.com\\\/wp-content\\\/uploads\\\/2024\\\/11\\\/113788-mochila-bullpadel-bpm25007-vertex-448166-1500x1500-1.webp\",\"contentUrl\":\"https:\\\/\\\/revolutionpadelstore.com\\\/wp-content\\\/uploads\\\/2024\\\/11\\\/113788-mochila-bullpadel-bpm25007-vertex-448166-1500x1500-1.webp\",\"width\":1500,\"height\":1500},{\"@type\":\"BreadcrumbList\",\"@id\":\"https:\\\/\\\/revolutionpadelstore.com\\\/fr\\\/produit\\\/mochila-bullpadel-bpm25007-vertex-beige-3\\\/#breadcrumb\",\"itemListElement\":[{\"@type\":\"ListItem\",\"position\":1,\"name\":\"Portada\",\"item\":\"https:\\\/\\\/revolutionpadelstore.com\\\/fr\\\/\"},{\"@type\":\"ListItem\",\"position\":2,\"name\":\"Boutique\",\"item\":\"https:\\\/\\\/revolutionpadelstore.com\\\/fr\\\/tienda\\\/\"},{\"@type\":\"ListItem\",\"position\":3,\"name\":\"MOCHILA BULLPADEL BPM25007 VERTEX BEIGE\"}]},{\"@type\":\"WebSite\",\"@id\":\"https:\\\/\\\/revolutionpadelstore.com\\\/fr\\\/#website\",\"url\":\"https:\\\/\\\/revolutionpadelstore.com\\\/fr\\\/\",\"name\":\"Revolution Padel Store\",\"description\":\"\",\"publisher\":{\"@id\":\"https:\\\/\\\/revolutionpadelstore.com\\\/fr\\\/#organization\"},\"potentialAction\":[{\"@type\":\"SearchAction\",\"target\":{\"@type\":\"EntryPoint\",\"urlTemplate\":\"https:\\\/\\\/revolutionpadelstore.com\\\/fr\\\/?s={search_term_string}\"},\"query-input\":{\"@type\":\"PropertyValueSpecification\",\"valueRequired\":true,\"valueName\":\"search_term_string\"}}],\"inLanguage\":\"fr-FR\"},{\"@type\":\"Organization\",\"@id\":\"https:\\\/\\\/revolutionpadelstore.com\\\/fr\\\/#organization\",\"name\":\"Revolution Padel Store\",\"url\":\"https:\\\/\\\/revolutionpadelstore.com\\\/fr\\\/\",\"logo\":{\"@type\":\"ImageObject\",\"inLanguage\":\"fr-FR\",\"@id\":\"https:\\\/\\\/revolutionpadelstore.com\\\/fr\\\/#\\\/schema\\\/logo\\\/image\\\/\",\"url\":\"https:\\\/\\\/revolutionpadelstore.com\\\/wp-content\\\/uploads\\\/2026\\\/02\\\/revolution-padel-store.jpg\",\"contentUrl\":\"https:\\\/\\\/revolutionpadelstore.com\\\/wp-content\\\/uploads\\\/2026\\\/02\\\/revolution-padel-store.jpg\",\"width\":2000,\"height\":2000,\"caption\":\"Revolution Padel Store\"},\"image\":{\"@id\":\"https:\\\/\\\/revolutionpadelstore.com\\\/fr\\\/#\\\/schema\\\/logo\\\/image\\\/\"},\"sameAs\":[\"https:\\\/\\\/www.instagram.com\\\/revolutionpadelstore\\\/\"]}]}<\/script>\n<!-- \/ Yoast SEO plugin. -->","yoast_head_json":{"title":"MOCHILA BULLPADEL BPM25007 VERTEX BEIGE - Revolution Padel Store","description":"La mochila Bullpadel Vertex Beige est\u00e1 pensada para acompa\u00f1arte en cada partido o entrenamiento y brindarte total comodidad y estilo moderno. Este modelo incluye un amplio compartimento principal donde puedes guardar tu equipo de p\u00e1del y otros accesorios esenciales. Adem\u00e1s, su compartimento thermo reforzado protege hasta dos palas de las temperaturas extremas, garantizando un \u00f3ptimo rendimiento.","robots":{"index":"index","follow":"follow","max-snippet":"max-snippet:-1","max-image-preview":"max-image-preview:large","max-video-preview":"max-video-preview:-1"},"canonical":"https:\/\/revolutionpadelstore.com\/fr\/produit\/mochila-bullpadel-bpm25007-vertex-beige-3\/","og_locale":"fr_FR","og_type":"article","og_title":"MOCHILA BULLPADEL BPM25007 VERTEX BEIGE - Revolution Padel Store","og_description":"La mochila Bullpadel Vertex Beige est\u00e1 pensada para acompa\u00f1arte en cada partido o entrenamiento y brindarte total comodidad y estilo moderno. Este modelo incluye un amplio compartimento principal donde puedes guardar tu equipo de p\u00e1del y otros accesorios esenciales. Adem\u00e1s, su compartimento thermo reforzado protege hasta dos palas de las temperaturas extremas, garantizando un \u00f3ptimo rendimiento.","og_url":"https:\/\/revolutionpadelstore.com\/fr\/produit\/mochila-bullpadel-bpm25007-vertex-beige-3\/","og_site_name":"Revolution Padel Store","article_modified_time":"2026-04-08T08:08:37+00:00","og_image":[{"width":1500,"height":1500,"url":"https:\/\/revolutionpadelstore.com\/wp-content\/uploads\/2024\/11\/113788-mochila-bullpadel-bpm25007-vertex-448166-1500x1500-1.webp","type":"image\/webp"}],"twitter_card":"summary_large_image","twitter_misc":{"Dur\u00e9e de lecture estim\u00e9e":"2 minutes"},"schema":{"@context":"https:\/\/schema.org","@graph":[{"@type":"WebPage","@id":"https:\/\/revolutionpadelstore.com\/fr\/produit\/mochila-bullpadel-bpm25007-vertex-beige-3\/","url":"https:\/\/revolutionpadelstore.com\/fr\/produit\/mochila-bullpadel-bpm25007-vertex-beige-3\/","name":"MOCHILA BULLPADEL BPM25007 VERTEX BEIGE - Revolution Padel Store","isPartOf":{"@id":"https:\/\/revolutionpadelstore.com\/fr\/#website"},"primaryImageOfPage":{"@id":"https:\/\/revolutionpadelstore.com\/fr\/produit\/mochila-bullpadel-bpm25007-vertex-beige-3\/#primaryimage"},"image":{"@id":"https:\/\/revolutionpadelstore.com\/fr\/produit\/mochila-bullpadel-bpm25007-vertex-beige-3\/#primaryimage"},"thumbnailUrl":"https:\/\/revolutionpadelstore.com\/wp-content\/uploads\/2024\/11\/113788-mochila-bullpadel-bpm25007-vertex-448166-1500x1500-1.webp","datePublished":"2024-11-25T00:30:23+00:00","dateModified":"2026-04-08T08:08:37+00:00","description":"La mochila Bullpadel Vertex Beige est\u00e1 pensada para acompa\u00f1arte en cada partido o entrenamiento y brindarte total comodidad y estilo moderno. Este modelo incluye un amplio compartimento principal donde puedes guardar tu equipo de p\u00e1del y otros accesorios esenciales. Adem\u00e1s, su compartimento thermo reforzado protege hasta dos palas de las temperaturas extremas, garantizando un \u00f3ptimo rendimiento.","breadcrumb":{"@id":"https:\/\/revolutionpadelstore.com\/fr\/produit\/mochila-bullpadel-bpm25007-vertex-beige-3\/#breadcrumb"},"inLanguage":"fr-FR","potentialAction":[{"@type":"ReadAction","target":["https:\/\/revolutionpadelstore.com\/fr\/produit\/mochila-bullpadel-bpm25007-vertex-beige-3\/"]}]},{"@type":"ImageObject","inLanguage":"fr-FR","@id":"https:\/\/revolutionpadelstore.com\/fr\/produit\/mochila-bullpadel-bpm25007-vertex-beige-3\/#primaryimage","url":"https:\/\/revolutionpadelstore.com\/wp-content\/uploads\/2024\/11\/113788-mochila-bullpadel-bpm25007-vertex-448166-1500x1500-1.webp","contentUrl":"https:\/\/revolutionpadelstore.com\/wp-content\/uploads\/2024\/11\/113788-mochila-bullpadel-bpm25007-vertex-448166-1500x1500-1.webp","width":1500,"height":1500},{"@type":"BreadcrumbList","@id":"https:\/\/revolutionpadelstore.com\/fr\/produit\/mochila-bullpadel-bpm25007-vertex-beige-3\/#breadcrumb","itemListElement":[{"@type":"ListItem","position":1,"name":"Portada","item":"https:\/\/revolutionpadelstore.com\/fr\/"},{"@type":"ListItem","position":2,"name":"Boutique","item":"https:\/\/revolutionpadelstore.com\/fr\/tienda\/"},{"@type":"ListItem","position":3,"name":"MOCHILA BULLPADEL BPM25007 VERTEX BEIGE"}]},{"@type":"WebSite","@id":"https:\/\/revolutionpadelstore.com\/fr\/#website","url":"https:\/\/revolutionpadelstore.com\/fr\/","name":"Revolution Padel Store","description":"","publisher":{"@id":"https:\/\/revolutionpadelstore.com\/fr\/#organization"},"potentialAction":[{"@type":"SearchAction","target":{"@type":"EntryPoint","urlTemplate":"https:\/\/revolutionpadelstore.com\/fr\/?s={search_term_string}"},"query-input":{"@type":"PropertyValueSpecification","valueRequired":true,"valueName":"search_term_string"}}],"inLanguage":"fr-FR"},{"@type":"Organization","@id":"https:\/\/revolutionpadelstore.com\/fr\/#organization","name":"Revolution Padel Store","url":"https:\/\/revolutionpadelstore.com\/fr\/","logo":{"@type":"ImageObject","inLanguage":"fr-FR","@id":"https:\/\/revolutionpadelstore.com\/fr\/#\/schema\/logo\/image\/","url":"https:\/\/revolutionpadelstore.com\/wp-content\/uploads\/2026\/02\/revolution-padel-store.jpg","contentUrl":"https:\/\/revolutionpadelstore.com\/wp-content\/uploads\/2026\/02\/revolution-padel-store.jpg","width":2000,"height":2000,"caption":"Revolution Padel Store"},"image":{"@id":"https:\/\/revolutionpadelstore.com\/fr\/#\/schema\/logo\/image\/"},"sameAs":["https:\/\/www.instagram.com\/revolutionpadelstore\/"]}]}},"_links":{"self":[{"href":"https:\/\/revolutionpadelstore.com\/fr\/wp-json\/wp\/v2\/product\/128451","targetHints":{"allow":["GET"]}}],"collection":[{"href":"https:\/\/revolutionpadelstore.com\/fr\/wp-json\/wp\/v2\/product"}],"about":[{"href":"https:\/\/revolutionpadelstore.com\/fr\/wp-json\/wp\/v2\/types\/product"}],"replies":[{"embeddable":true,"href":"https:\/\/revolutionpadelstore.com\/fr\/wp-json\/wp\/v2\/comments?post=128451"}],"wp:featuredmedia":[{"embeddable":true,"href":"https:\/\/revolutionpadelstore.com\/fr\/wp-json\/wp\/v2\/media\/124750"}],"wp:attachment":[{"href":"https:\/\/revolutionpadelstore.com\/fr\/wp-json\/wp\/v2\/media?parent=128451"}],"wp:term":[{"taxonomy":"acabado","embeddable":true,"href":"https:\/\/revolutionpadelstore.com\/fr\/wp-json\/wp\/v2\/acabado?post=128451"},{"taxonomy":"balance","embeddable":true,"href":"https:\/\/revolutionpadelstore.com\/fr\/wp-json\/wp\/v2\/balance?post=128451"},{"taxonomy":"dureza","embeddable":true,"href":"https:\/\/revolutionpadelstore.com\/fr\/wp-json\/wp\/v2\/dureza?post=128451"},{"taxonomy":"forma","embeddable":true,"href":"https:\/\/revolutionpadelstore.com\/fr\/wp-json\/wp\/v2\/forma?post=128451"},{"taxonomy":"jugador","embeddable":true,"href":"https:\/\/revolutionpadelstore.com\/fr\/wp-json\/wp\/v2\/jugador?post=128451"},{"taxonomy":"marca","embeddable":true,"href":"https:\/\/revolutionpadelstore.com\/fr\/wp-json\/wp\/v2\/marca?post=128451"},{"taxonomy":"nivel-de-juego","embeddable":true,"href":"https:\/\/revolutionpadelstore.com\/fr\/wp-json\/wp\/v2\/nivel-de-juego?post=128451"},{"taxonomy":"superficie","embeddable":true,"href":"https:\/\/revolutionpadelstore.com\/fr\/wp-json\/wp\/v2\/superficie?post=128451"},{"taxonomy":"tipo-de-juego","embeddable":true,"href":"https:\/\/revolutionpadelstore.com\/fr\/wp-json\/wp\/v2\/tipo-de-juego?post=128451"},{"taxonomy":"product_brand","embeddable":true,"href":"https:\/\/revolutionpadelstore.com\/fr\/wp-json\/wp\/v2\/product_brand?post=128451"},{"taxonomy":"product_cat","embeddable":true,"href":"https:\/\/revolutionpadelstore.com\/fr\/wp-json\/wp\/v2\/product_cat?post=128451"},{"taxonomy":"product_tag","embeddable":true,"href":"https:\/\/revolutionpadelstore.com\/fr\/wp-json\/wp\/v2\/product_tag?post=128451"}],"curies":[{"name":"wp","href":"https:\/\/api.w.org\/{rel}","templated":true}]}}